{"id":510168,"date":"2024-01-19T16:43:31","date_gmt":"2024-01-19T16:43:31","guid":{"rendered":"https:\/\/droix.eu\/product\/ayn-odin-2-ekrana-aizsargs\/"},"modified":"2026-01-20T05:43:13","modified_gmt":"2026-01-20T05:43:13","slug":"ayn-odin-2-ekrana-aizsargs","status":"publish","type":"product","link":"https:\/\/droix.eu\/lv\/product\/ayn-odin-2-ekrana-aizsargs\/","title":{"rendered":"AYN Odin 2 ekr\u0101na aizsargs"},"content":{"rendered":"<h2><strong>Iepaz\u012bstin\u0101m ar AYN Odin 2 ekr\u0101na aizsargu: Aizsardz\u012bba j\u016bsu ier\u012bcei<\/strong><\/h2>\n<p>Uzlabojiet savas ier\u012bces aizsardz\u012bbu ar AYN Odin 2 ekr\u0101na aizsargu. \u0160\u012b ekr\u0101na aizsargpl\u0113ve ir izstr\u0101d\u0101ta, lai atbilstu m\u016bsdienu dz\u012bvesveida pras\u012bb\u0101m, un t\u0101 nodro\u0161ina perfektu iztur\u012bbas un funkcionalit\u0101tes apvienojumu.<\/p>\n<h2><strong>Galven\u0101s funkcijas:<\/strong><\/h2>\n<h2><strong>Augst\u0101k\u0101s kvalit\u0101tes materi\u0101li:<\/strong><\/h2>\n<p>AYN Odin 2 ekr\u0101na aizsargpl\u0101ksne ir izgatavota no augstas kvalit\u0101tes materi\u0101liem, lai iztur\u0113tu ikdienas nodilumu.<\/p>\n<h2><strong>Prec\u012bzs fit:<\/strong><\/h2>\n<p>AYN Odin 2 ekr\u0101na aizsargpl\u0101ksne ir \u012bpa\u0161i piel\u0101gota AYN Odin 2 ekr\u0101na aizsargpl\u0101ksnei un nodro\u0161ina nevainojamu piegulumu.<\/p>\n","protected":false},"excerpt":{"rendered":"<ul>\n<li><strong>Ofici\u0101l\u0101<\/strong> AYN Odin 2 ekr\u0101na aizsardz\u012bba<\/li>\n<li>Iztur\u012bga <strong> caursp\u012bd\u012bga<\/strong> aizsardz\u012bba<\/li>\n<li>Ide\u0101li piem\u0113rots AYN Odin 2<\/li>\n<\/ul>\n[droix_global_accordions]\n[cg_accordion title=\"Komplekt\u0101 ietilpst\"]<\/p>\n<ul>\n<li>1x AYN Odin 2 ekr\u0101na aizsargs<\/li>\n<\/ul>\n<p>[\/cg_accordion]\n","protected":false},"featured_media":456594,"template":"","meta":{"_acf_changed":false},"product_brand":[],"product_cat":[10083,10596],"product_tag":[],"woo-feed-brand":[],"key-features":[],"class_list":{"0":"post-510168","1":"product","2":"type-product","3":"status-publish","4":"has-post-thumbnail","6":"product_cat-aksesuari","7":"product_cat-spelu-aksesuari","8":"product_shipping_class-low-end","9":"pa_accessory-type-screen-protector","10":"pa_brands-ayn-lv","12":"first","13":"instock","14":"taxable","15":"shipping-taxable","16":"purchasable","17":"product-type-simple"},"acf":[],"aioseo_notices":[],"aioseo_head":"\n\t\t<!-- All in One SEO Pro 4.9.5.2 - aioseo.com -->\n\t<meta name=\"description\" content=\"Ofici\u0101l\u0101 AYN Odin 2 ekr\u0101na aizsardz\u012bba Iztur\u012bga caursp\u012bd\u012bga aizsardz\u012bba Ide\u0101li piem\u0113rots AYN Odin 2 Komplekt\u0101 ietilpst 1x AYN Odin 2 ekr\u0101na aizsargs\" \/>\n\t<meta name=\"robots\" content=\"max-image-preview:large\" \/>\n\t<link rel=\"canonical\" href=\"https:\/\/droix.eu\/lv\/product\/ayn-odin-2-ekrana-aizsargs\/\" \/>\n\t<meta name=\"generator\" content=\"All in One SEO Pro (AIOSEO) 4.9.5.2\" \/>\n\t\t<meta property=\"og:locale\" content=\"lv_LV\" \/>\n\t\t<meta property=\"og:site_name\" content=\"DROIX EU - Get the latest Mini PCs, Ultrabook, PC Gaming Handhelds and more!\" \/>\n\t\t<meta property=\"og:type\" content=\"article\" \/>\n\t\t<meta property=\"og:title\" content=\"AYN Odin 2 ekr\u0101na aizsargs - DROIX EU\" \/>\n\t\t<meta property=\"og:description\" content=\"Ofici\u0101l\u0101 AYN Odin 2 ekr\u0101na aizsardz\u012bba Iztur\u012bga caursp\u012bd\u012bga aizsardz\u012bba Ide\u0101li piem\u0113rots AYN Odin 2 Komplekt\u0101 ietilpst 1x AYN Odin 2 ekr\u0101na aizsargs\" \/>\n\t\t<meta property=\"og:url\" content=\"https:\/\/droix.eu\/lv\/product\/ayn-odin-2-ekrana-aizsargs\/\" \/>\n\t\t<meta property=\"og:image\" content=\"https:\/\/droix.eu\/wp-content\/uploads\/2024\/06\/droix-v2-light-logo.png\" \/>\n\t\t<meta property=\"og:image:secure_url\" content=\"https:\/\/droix.eu\/wp-content\/uploads\/2024\/06\/droix-v2-light-logo.png\" \/>\n\t\t<meta property=\"og:image:width\" content=\"380\" \/>\n\t\t<meta property=\"og:image:height\" content=\"118\" \/>\n\t\t<meta property=\"article:published_time\" content=\"2024-01-19T16:43:31+00:00\" \/>\n\t\t<meta property=\"article:modified_time\" content=\"2026-01-20T05:43:13+00:00\" \/>\n\t\t<meta property=\"article:publisher\" content=\"https:\/\/www.facebook.com\/DroiX.Store\" \/>\n\t\t<meta name=\"twitter:card\" content=\"summary_large_image\" \/>\n\t\t<meta name=\"twitter:site\" content=\"@DroiX_Store\" \/>\n\t\t<meta name=\"twitter:title\" content=\"AYN Odin 2 ekr\u0101na aizsargs - DROIX EU\" \/>\n\t\t<meta name=\"twitter:description\" content=\"Ofici\u0101l\u0101 AYN Odin 2 ekr\u0101na aizsardz\u012bba Iztur\u012bga caursp\u012bd\u012bga aizsardz\u012bba Ide\u0101li piem\u0113rots AYN Odin 2 Komplekt\u0101 ietilpst 1x AYN Odin 2 ekr\u0101na aizsargs\" \/>\n\t\t<meta name=\"twitter:image\" content=\"https:\/\/droix.eu\/wp-content\/uploads\/2024\/06\/droix-v2-light-logo.png\" \/>\n\t\t<script type=\"application\/ld+json\" class=\"aioseo-schema\">\n\t\t\t{\"@context\":\"https:\\\/\\\/schema.org\",\"@graph\":[{\"@type\":\"BreadcrumbList\",\"@id\":\"https:\\\/\\\/droix.eu\\\/lv\\\/product\\\/ayn-odin-2-ekrana-aizsargs\\\/#breadcrumblist\",\"itemListElement\":[{\"@type\":\"ListItem\",\"@id\":\"https:\\\/\\\/droix.eu\\\/lv\\\/#listItem\",\"position\":1,\"name\":\"Home\",\"item\":\"https:\\\/\\\/droix.eu\\\/lv\\\/\",\"nextItem\":{\"@type\":\"ListItem\",\"@id\":\"https:\\\/\\\/droix.eu\\\/lv\\\/product-category\\\/aksesuari\\\/#listItem\",\"name\":\"Aksesu\\u0101ri\"}},{\"@type\":\"ListItem\",\"@id\":\"https:\\\/\\\/droix.eu\\\/lv\\\/product-category\\\/aksesuari\\\/#listItem\",\"position\":2,\"name\":\"Aksesu\\u0101ri\",\"item\":\"https:\\\/\\\/droix.eu\\\/lv\\\/product-category\\\/aksesuari\\\/\",\"nextItem\":{\"@type\":\"ListItem\",\"@id\":\"https:\\\/\\\/droix.eu\\\/lv\\\/product-category\\\/aksesuari\\\/spelu-aksesuari\\\/#listItem\",\"name\":\"Sp\\u0113\\u013cu aksesu\\u0101ri\"},\"previousItem\":{\"@type\":\"ListItem\",\"@id\":\"https:\\\/\\\/droix.eu\\\/lv\\\/#listItem\",\"name\":\"Home\"}},{\"@type\":\"ListItem\",\"@id\":\"https:\\\/\\\/droix.eu\\\/lv\\\/product-category\\\/aksesuari\\\/spelu-aksesuari\\\/#listItem\",\"position\":3,\"name\":\"Sp\\u0113\\u013cu aksesu\\u0101ri\",\"item\":\"https:\\\/\\\/droix.eu\\\/lv\\\/product-category\\\/aksesuari\\\/spelu-aksesuari\\\/\",\"nextItem\":{\"@type\":\"ListItem\",\"@id\":\"https:\\\/\\\/droix.eu\\\/lv\\\/product\\\/ayn-odin-2-ekrana-aizsargs\\\/#listItem\",\"name\":\"AYN Odin 2 ekr\\u0101na aizsargs\"},\"previousItem\":{\"@type\":\"ListItem\",\"@id\":\"https:\\\/\\\/droix.eu\\\/lv\\\/product-category\\\/aksesuari\\\/#listItem\",\"name\":\"Aksesu\\u0101ri\"}},{\"@type\":\"ListItem\",\"@id\":\"https:\\\/\\\/droix.eu\\\/lv\\\/product\\\/ayn-odin-2-ekrana-aizsargs\\\/#listItem\",\"position\":4,\"name\":\"AYN Odin 2 ekr\\u0101na aizsargs\",\"previousItem\":{\"@type\":\"ListItem\",\"@id\":\"https:\\\/\\\/droix.eu\\\/lv\\\/product-category\\\/aksesuari\\\/spelu-aksesuari\\\/#listItem\",\"name\":\"Sp\\u0113\\u013cu aksesu\\u0101ri\"}}]},{\"@type\":\"Organization\",\"@id\":\"https:\\\/\\\/droix.eu\\\/lv\\\/#organization\",\"name\":\"DroiX \\u2013 Trusted EU Tech Retailer with 12+ Years Experience\",\"description\":\"DroiX is a leading European technology retailer with over 12 years of experience, offering quality mini PCs, handheld gaming consoles, and tech accessories. We provide hassle-free EU delivery with all taxes included, ensuring a smooth and reliable shopping experience for our customers across Europe.\",\"url\":\"https:\\\/\\\/droix.eu\\\/lv\\\/\",\"logo\":{\"@type\":\"ImageObject\",\"url\":\"https:\\\/\\\/droix.eu\\\/wp-content\\\/uploads\\\/2024\\\/06\\\/droix-v2-light-logo.png\",\"@id\":\"https:\\\/\\\/droix.eu\\\/lv\\\/product\\\/ayn-odin-2-ekrana-aizsargs\\\/#organizationLogo\",\"width\":380,\"height\":118},\"image\":{\"@id\":\"https:\\\/\\\/droix.eu\\\/lv\\\/product\\\/ayn-odin-2-ekrana-aizsargs\\\/#organizationLogo\"},\"sameAs\":[\"https:\\\/\\\/www.facebook.com\\\/DroiX.Store\",\"https:\\\/\\\/twitter.com\\\/DroiX_Store\",\"https:\\\/\\\/www.instagram.com\\\/droix.store\\\/\",\"https:\\\/\\\/www.tiktok.com\\\/@droix.store\",\"https:\\\/\\\/www.youtube.com\\\/c\\\/DroiX_Store\",\"https:\\\/\\\/uk.linkedin.com\\\/company\\\/droix\"]},{\"@type\":\"Product\",\"@id\":\"https:\\\/\\\/droix.eu\\\/lv\\\/product\\\/ayn-odin-2-ekrana-aizsargs\\\/#wooCommerceProduct\",\"name\":\"AYN Odin 2 ekr\\u0101na aizsargs\",\"description\":\"Ofici\\u0101l\\u0101 AYN Odin 2 ekr\\u0101na aizsardz\\u012bba\\n \\tIztur\\u012bga  caursp\\u012bd\\u012bga aizsardz\\u012bba\\n \\tIde\\u0101li piem\\u0113rots AYN Odin 2\",\"url\":\"https:\\\/\\\/droix.eu\\\/lv\\\/product\\\/ayn-odin-2-ekrana-aizsargs\\\/\",\"sku\":\"AYN-ODIN-2-SCREEN-PROTECTOR\",\"gtin\":\"5060763677845\",\"image\":{\"@type\":\"ImageObject\",\"url\":\"https:\\\/\\\/droix.eu\\\/wp-content\\\/uploads\\\/2024\\\/01\\\/AYN-ODIN-2-SCREEN-PROTECTOR-DONE-01.png\",\"@id\":\"https:\\\/\\\/droix.eu\\\/lv\\\/product\\\/ayn-odin-2-ekrana-aizsargs\\\/#productImage\",\"width\":1500,\"height\":1500,\"caption\":\"AYN Odin 2 ekr\\u0101na aizsargs\"},\"offers\":{\"@type\":\"Offer\",\"url\":\"https:\\\/\\\/droix.eu\\\/lv\\\/product\\\/ayn-odin-2-ekrana-aizsargs\\\/#wooCommerceOffer\",\"price\":3.63,\"priceCurrency\":\"EUR\",\"category\":\"Aksesu\\u0101ri\",\"availability\":\"https:\\\/\\\/schema.org\\\/InStock\",\"priceSpecification\":{\"@type\":\"PriceSpecification\",\"price\":3.63,\"priceCurrency\":\"EUR\",\"valueAddedTaxIncluded\":\"true\"},\"seller\":{\"@type\":\"Organization\",\"@id\":\"https:\\\/\\\/droix.eu\\\/lv\\\/#organization\"}}},{\"@type\":\"WebPage\",\"@id\":\"https:\\\/\\\/droix.eu\\\/lv\\\/product\\\/ayn-odin-2-ekrana-aizsargs\\\/#webpage\",\"url\":\"https:\\\/\\\/droix.eu\\\/lv\\\/product\\\/ayn-odin-2-ekrana-aizsargs\\\/\",\"name\":\"AYN Odin 2 ekr\\u0101na aizsargs - DROIX EU\",\"description\":\"Ofici\\u0101l\\u0101 AYN Odin 2 ekr\\u0101na aizsardz\\u012bba Iztur\\u012bga caursp\\u012bd\\u012bga aizsardz\\u012bba Ide\\u0101li piem\\u0113rots AYN Odin 2 Komplekt\\u0101 ietilpst 1x AYN Odin 2 ekr\\u0101na aizsargs\",\"inLanguage\":\"lv-LV\",\"isPartOf\":{\"@id\":\"https:\\\/\\\/droix.eu\\\/lv\\\/#website\"},\"breadcrumb\":{\"@id\":\"https:\\\/\\\/droix.eu\\\/lv\\\/product\\\/ayn-odin-2-ekrana-aizsargs\\\/#breadcrumblist\"},\"image\":{\"@type\":\"ImageObject\",\"url\":\"https:\\\/\\\/droix.eu\\\/wp-content\\\/uploads\\\/2024\\\/01\\\/AYN-ODIN-2-SCREEN-PROTECTOR-DONE-01.png\",\"@id\":\"https:\\\/\\\/droix.eu\\\/lv\\\/product\\\/ayn-odin-2-ekrana-aizsargs\\\/#mainImage\",\"width\":1500,\"height\":1500,\"caption\":\"AYN Odin 2 ekr\\u0101na aizsargs\"},\"primaryImageOfPage\":{\"@id\":\"https:\\\/\\\/droix.eu\\\/lv\\\/product\\\/ayn-odin-2-ekrana-aizsargs\\\/#mainImage\"},\"datePublished\":\"2024-01-19T16:43:31+00:00\",\"dateModified\":\"2026-01-20T05:43:13+00:00\"},{\"@type\":\"WebSite\",\"@id\":\"https:\\\/\\\/droix.eu\\\/lv\\\/#website\",\"url\":\"https:\\\/\\\/droix.eu\\\/lv\\\/\",\"name\":\"DROIX EU\",\"description\":\"Get the latest Mini PCs, Ultrabook, PC Gaming Handhelds and more!\",\"inLanguage\":\"lv-LV\",\"publisher\":{\"@id\":\"https:\\\/\\\/droix.eu\\\/lv\\\/#organization\"}}]}\n\t\t<\/script>\n\t\t<!-- All in One SEO Pro -->\r\n\t\t<title>AYN Odin 2 ekr\u0101na aizsargs - DROIX EU<\/title>\n\n","aioseo_head_json":{"title":"AYN Odin 2 ekr\u0101na aizsargs - DROIX EU","description":"Ofici\u0101l\u0101 AYN Odin 2 ekr\u0101na aizsardz\u012bba Iztur\u012bga caursp\u012bd\u012bga aizsardz\u012bba Ide\u0101li piem\u0113rots AYN Odin 2 Komplekt\u0101 ietilpst 1x AYN Odin 2 ekr\u0101na aizsargs","canonical_url":"https:\/\/droix.eu\/lv\/product\/ayn-odin-2-ekrana-aizsargs\/","robots":"max-image-preview:large","keywords":"","webmasterTools":{"miscellaneous":""},"schema":{"@context":"https:\/\/schema.org","@graph":[{"@type":"BreadcrumbList","@id":"https:\/\/droix.eu\/lv\/product\/ayn-odin-2-ekrana-aizsargs\/#breadcrumblist","itemListElement":[{"@type":"ListItem","@id":"https:\/\/droix.eu\/lv\/#listItem","position":1,"name":"Home","item":"https:\/\/droix.eu\/lv\/","nextItem":{"@type":"ListItem","@id":"https:\/\/droix.eu\/lv\/product-category\/aksesuari\/#listItem","name":"Aksesu\u0101ri"}},{"@type":"ListItem","@id":"https:\/\/droix.eu\/lv\/product-category\/aksesuari\/#listItem","position":2,"name":"Aksesu\u0101ri","item":"https:\/\/droix.eu\/lv\/product-category\/aksesuari\/","nextItem":{"@type":"ListItem","@id":"https:\/\/droix.eu\/lv\/product-category\/aksesuari\/spelu-aksesuari\/#listItem","name":"Sp\u0113\u013cu aksesu\u0101ri"},"previousItem":{"@type":"ListItem","@id":"https:\/\/droix.eu\/lv\/#listItem","name":"Home"}},{"@type":"ListItem","@id":"https:\/\/droix.eu\/lv\/product-category\/aksesuari\/spelu-aksesuari\/#listItem","position":3,"name":"Sp\u0113\u013cu aksesu\u0101ri","item":"https:\/\/droix.eu\/lv\/product-category\/aksesuari\/spelu-aksesuari\/","nextItem":{"@type":"ListItem","@id":"https:\/\/droix.eu\/lv\/product\/ayn-odin-2-ekrana-aizsargs\/#listItem","name":"AYN Odin 2 ekr\u0101na aizsargs"},"previousItem":{"@type":"ListItem","@id":"https:\/\/droix.eu\/lv\/product-category\/aksesuari\/#listItem","name":"Aksesu\u0101ri"}},{"@type":"ListItem","@id":"https:\/\/droix.eu\/lv\/product\/ayn-odin-2-ekrana-aizsargs\/#listItem","position":4,"name":"AYN Odin 2 ekr\u0101na aizsargs","previousItem":{"@type":"ListItem","@id":"https:\/\/droix.eu\/lv\/product-category\/aksesuari\/spelu-aksesuari\/#listItem","name":"Sp\u0113\u013cu aksesu\u0101ri"}}]},{"@type":"Organization","@id":"https:\/\/droix.eu\/lv\/#organization","name":"DroiX \u2013 Trusted EU Tech Retailer with 12+ Years Experience","description":"DroiX is a leading European technology retailer with over 12 years of experience, offering quality mini PCs, handheld gaming consoles, and tech accessories. We provide hassle-free EU delivery with all taxes included, ensuring a smooth and reliable shopping experience for our customers across Europe.","url":"https:\/\/droix.eu\/lv\/","logo":{"@type":"ImageObject","url":"https:\/\/droix.eu\/wp-content\/uploads\/2024\/06\/droix-v2-light-logo.png","@id":"https:\/\/droix.eu\/lv\/product\/ayn-odin-2-ekrana-aizsargs\/#organizationLogo","width":380,"height":118},"image":{"@id":"https:\/\/droix.eu\/lv\/product\/ayn-odin-2-ekrana-aizsargs\/#organizationLogo"},"sameAs":["https:\/\/www.facebook.com\/DroiX.Store","https:\/\/twitter.com\/DroiX_Store","https:\/\/www.instagram.com\/droix.store\/","https:\/\/www.tiktok.com\/@droix.store","https:\/\/www.youtube.com\/c\/DroiX_Store","https:\/\/uk.linkedin.com\/company\/droix"]},{"@type":"Product","@id":"https:\/\/droix.eu\/lv\/product\/ayn-odin-2-ekrana-aizsargs\/#wooCommerceProduct","name":"AYN Odin 2 ekr\u0101na aizsargs","description":"Ofici\u0101l\u0101 AYN Odin 2 ekr\u0101na aizsardz\u012bba\n \tIztur\u012bga  caursp\u012bd\u012bga aizsardz\u012bba\n \tIde\u0101li piem\u0113rots AYN Odin 2","url":"https:\/\/droix.eu\/lv\/product\/ayn-odin-2-ekrana-aizsargs\/","sku":"AYN-ODIN-2-SCREEN-PROTECTOR","gtin":"5060763677845","image":{"@type":"ImageObject","url":"https:\/\/droix.eu\/wp-content\/uploads\/2024\/01\/AYN-ODIN-2-SCREEN-PROTECTOR-DONE-01.png","@id":"https:\/\/droix.eu\/lv\/product\/ayn-odin-2-ekrana-aizsargs\/#productImage","width":1500,"height":1500,"caption":"AYN Odin 2 ekr\u0101na aizsargs"},"offers":{"@type":"Offer","url":"https:\/\/droix.eu\/lv\/product\/ayn-odin-2-ekrana-aizsargs\/#wooCommerceOffer","price":3.63,"priceCurrency":"EUR","category":"Aksesu\u0101ri","availability":"https:\/\/schema.org\/InStock","priceSpecification":{"@type":"PriceSpecification","price":3.63,"priceCurrency":"EUR","valueAddedTaxIncluded":"true"},"seller":{"@type":"Organization","@id":"https:\/\/droix.eu\/lv\/#organization"}}},{"@type":"WebPage","@id":"https:\/\/droix.eu\/lv\/product\/ayn-odin-2-ekrana-aizsargs\/#webpage","url":"https:\/\/droix.eu\/lv\/product\/ayn-odin-2-ekrana-aizsargs\/","name":"AYN Odin 2 ekr\u0101na aizsargs - DROIX EU","description":"Ofici\u0101l\u0101 AYN Odin 2 ekr\u0101na aizsardz\u012bba Iztur\u012bga caursp\u012bd\u012bga aizsardz\u012bba Ide\u0101li piem\u0113rots AYN Odin 2 Komplekt\u0101 ietilpst 1x AYN Odin 2 ekr\u0101na aizsargs","inLanguage":"lv-LV","isPartOf":{"@id":"https:\/\/droix.eu\/lv\/#website"},"breadcrumb":{"@id":"https:\/\/droix.eu\/lv\/product\/ayn-odin-2-ekrana-aizsargs\/#breadcrumblist"},"image":{"@type":"ImageObject","url":"https:\/\/droix.eu\/wp-content\/uploads\/2024\/01\/AYN-ODIN-2-SCREEN-PROTECTOR-DONE-01.png","@id":"https:\/\/droix.eu\/lv\/product\/ayn-odin-2-ekrana-aizsargs\/#mainImage","width":1500,"height":1500,"caption":"AYN Odin 2 ekr\u0101na aizsargs"},"primaryImageOfPage":{"@id":"https:\/\/droix.eu\/lv\/product\/ayn-odin-2-ekrana-aizsargs\/#mainImage"},"datePublished":"2024-01-19T16:43:31+00:00","dateModified":"2026-01-20T05:43:13+00:00"},{"@type":"WebSite","@id":"https:\/\/droix.eu\/lv\/#website","url":"https:\/\/droix.eu\/lv\/","name":"DROIX EU","description":"Get the latest Mini PCs, Ultrabook, PC Gaming Handhelds and more!","inLanguage":"lv-LV","publisher":{"@id":"https:\/\/droix.eu\/lv\/#organization"}}]},"og:locale":"lv_LV","og:site_name":"DROIX EU - Get the latest Mini PCs, Ultrabook, PC Gaming Handhelds and more!","og:type":"article","og:title":"AYN Odin 2 ekr\u0101na aizsargs - DROIX EU","og:description":"Ofici\u0101l\u0101 AYN Odin 2 ekr\u0101na aizsardz\u012bba Iztur\u012bga caursp\u012bd\u012bga aizsardz\u012bba Ide\u0101li piem\u0113rots AYN Odin 2 Komplekt\u0101 ietilpst 1x AYN Odin 2 ekr\u0101na aizsargs","og:url":"https:\/\/droix.eu\/lv\/product\/ayn-odin-2-ekrana-aizsargs\/","og:image":"https:\/\/droix.eu\/wp-content\/uploads\/2024\/06\/droix-v2-light-logo.png","og:image:secure_url":"https:\/\/droix.eu\/wp-content\/uploads\/2024\/06\/droix-v2-light-logo.png","og:image:width":380,"og:image:height":118,"article:published_time":"2024-01-19T16:43:31+00:00","article:modified_time":"2026-01-20T05:43:13+00:00","article:publisher":"https:\/\/www.facebook.com\/DroiX.Store","twitter:card":"summary_large_image","twitter:site":"@DroiX_Store","twitter:title":"AYN Odin 2 ekr\u0101na aizsargs - DROIX EU","twitter:description":"Ofici\u0101l\u0101 AYN Odin 2 ekr\u0101na aizsardz\u012bba Iztur\u012bga caursp\u012bd\u012bga aizsardz\u012bba Ide\u0101li piem\u0113rots AYN Odin 2 Komplekt\u0101 ietilpst 1x AYN Odin 2 ekr\u0101na aizsargs","twitter:image":"https:\/\/droix.eu\/wp-content\/uploads\/2024\/06\/droix-v2-light-logo.png"},"aioseo_meta_data":{"post_id":"510168","title":null,"description":null,"keywords":null,"keyphrases":null,"primary_term":null,"canonical_url":null,"og_title":null,"og_description":null,"og_object_type":"default","og_image_type":"default","og_image_url":null,"og_image_width":null,"og_image_height":null,"og_image_custom_url":null,"og_image_custom_fields":null,"og_video":null,"og_custom_url":null,"og_article_section":null,"og_article_tags":null,"twitter_use_og":true,"twitter_card":"default","twitter_image_type":"default","twitter_image_url":null,"twitter_image_custom_url":null,"twitter_image_custom_fields":null,"twitter_title":null,"twitter_description":null,"schema":{"blockGraphs":[],"customGraphs":[],"default":{"data":{"Article":[],"Course":[],"Dataset":[],"FAQPage":[],"Movie":[],"Person":[],"Product":[],"ProductReview":[],"Car":[],"Recipe":[],"Service":[],"SoftwareApplication":[],"WebPage":[]},"graphName":"Product","isEnabled":true},"graphs":[]},"schema_type":"default","schema_type_options":null,"pillar_content":false,"robots_default":true,"robots_noindex":false,"robots_noarchive":false,"robots_nosnippet":false,"robots_nofollow":false,"robots_noimageindex":false,"robots_noodp":false,"robots_notranslate":false,"robots_max_snippet":null,"robots_max_videopreview":null,"robots_max_imagepreview":"large","priority":null,"frequency":null,"local_seo":null,"seo_analyzer_scan_date":"2025-10-24 16:32:35","breadcrumb_settings":null,"limit_modified_date":false,"reviewed_by":null,"open_ai":null,"ai":null,"created":"2025-10-09 05:10:45","updated":"2026-01-24 08:48:58"},"aioseo_breadcrumb":"<div class=\"aioseo-breadcrumbs\"><span class=\"aioseo-breadcrumb\">\n\t<a href=\"https:\/\/droix.eu\/lv\/\" title=\"Home\">Home<\/a>\n<\/span><span class=\"aioseo-breadcrumb-separator\">&raquo;<\/span><span class=\"aioseo-breadcrumb\">\n\t<a href=\"https:\/\/droix.eu\/lv\/product-category\/aksesuari\/\" title=\"Aksesu\u0101ri\">Aksesu\u0101ri<\/a>\n<\/span><span class=\"aioseo-breadcrumb-separator\">&raquo;<\/span><span class=\"aioseo-breadcrumb\">\n\t<a href=\"https:\/\/droix.eu\/lv\/product-category\/aksesuari\/spelu-aksesuari\/\" title=\"Sp\u0113\u013cu aksesu\u0101ri\">Sp\u0113\u013cu aksesu\u0101ri<\/a>\n<\/span><span class=\"aioseo-breadcrumb-separator\">&raquo;<\/span><span class=\"aioseo-breadcrumb\">\n\tAYN Odin 2 ekr\u0101na aizsargs\n<\/span><\/div>","aioseo_breadcrumb_json":[{"label":"Home","link":"https:\/\/droix.eu\/lv\/"},{"label":"Aksesu\u0101ri","link":"https:\/\/droix.eu\/lv\/product-category\/aksesuari\/"},{"label":"Sp\u0113\u013cu aksesu\u0101ri","link":"https:\/\/droix.eu\/lv\/product-category\/aksesuari\/spelu-aksesuari\/"},{"label":"AYN Odin 2 ekr\u0101na aizsargs","link":"https:\/\/droix.eu\/lv\/product\/ayn-odin-2-ekrana-aizsargs\/"}],"_links":{"self":[{"href":"https:\/\/droix.eu\/lv\/wp-json\/wp\/v2\/product\/510168","targetHints":{"allow":["GET"]}}],"collection":[{"href":"https:\/\/droix.eu\/lv\/wp-json\/wp\/v2\/product"}],"about":[{"href":"https:\/\/droix.eu\/lv\/wp-json\/wp\/v2\/types\/product"}],"version-history":[{"count":0,"href":"https:\/\/droix.eu\/lv\/wp-json\/wp\/v2\/product\/510168\/revisions"}],"wp:featuredmedia":[{"embeddable":true,"href":"https:\/\/droix.eu\/lv\/wp-json\/wp\/v2\/media\/456594"}],"wp:attachment":[{"href":"https:\/\/droix.eu\/lv\/wp-json\/wp\/v2\/media?parent=510168"}],"wp:term":[{"taxonomy":"product_brand","embeddable":true,"href":"https:\/\/droix.eu\/lv\/wp-json\/wp\/v2\/product_brand?post=510168"},{"taxonomy":"product_cat","embeddable":true,"href":"https:\/\/droix.eu\/lv\/wp-json\/wp\/v2\/product_cat?post=510168"},{"taxonomy":"product_tag","embeddable":true,"href":"https:\/\/droix.eu\/lv\/wp-json\/wp\/v2\/product_tag?post=510168"},{"taxonomy":"woo-feed-brand","embeddable":true,"href":"https:\/\/droix.eu\/lv\/wp-json\/wp\/v2\/woo-feed-brand?post=510168"},{"taxonomy":"key-features","embeddable":true,"href":"https:\/\/droix.eu\/lv\/wp-json\/wp\/v2\/key-features?post=510168"}],"curies":[{"name":"wp","href":"https:\/\/api.w.org\/{rel}","templated":true}]}}