{"id":508838,"date":"2024-07-16T11:40:59","date_gmt":"2024-07-16T10:40:59","guid":{"rendered":"https:\/\/droix.eu\/product\/anbernic-rg-cube-soma\/"},"modified":"2026-03-27T12:33:47","modified_gmt":"2026-03-27T12:33:47","slug":"anbernic-rg-cube-soma","status":"publish","type":"product","link":"https:\/\/droix.eu\/lv\/product\/anbernic-rg-cube-soma\/","title":{"rendered":"ANBERNIC RG Cube soma"},"content":{"rendered":"\n<p>Produkta nosaukums: Sp\u0113\u013cu konsoles glab\u0101\u0161anas soma<br\/><br\/>Produkta kr\u0101sa: melna<br\/><br\/>Produkta materi\u0101ls: augstas kvalit\u0101tes \u016bdensnecaurlaid\u012bgs audums<br\/><br\/>Piem\u0113rojams modelis: ANBERNIC RG Cube<\/p>\n\n<h3 class=\"wp-block-heading\">Produkta \u012bpa\u0161\u012bbas:<\/h3>\n\n<p><br\/>1. Daudzfunkcion\u0101ls: Taj\u0101 var ne tikai p\u0101rn\u0113s\u0101t sp\u0113\u013cu konsoli, bet ar\u012b glab\u0101t piederumus, piem\u0113ram, l\u0101d\u0113t\u0101jus, austi\u0146as, datu kabe\u013cus u. c. \u0160ai somi\u0146ai ir vair\u0101kas funkcijas, lai lab\u0101k aizsarg\u0101tu j\u016bsu sp\u0113\u013cu konsoli un piederumus.<br\/><br\/>2. Viegls un p\u0101rn\u0113s\u0101jams: Tas ir viegls un \u013coti \u0113rti p\u0101rn\u0113s\u0101jams. Neatkar\u012bgi no t\u0101, vai dodaties \u0101r\u0101 vai lietojat to m\u0101j\u0101s, sp\u0113\u013cu konsoli un piederumus vienm\u0113r varat ievietot rokassomi\u0146\u0101, nodro\u0161inot visaptvero\u0161u aizsardz\u012bbu un \u0113rtu p\u0101rn\u0113s\u0101\u0161anu.<br\/><br\/>3. Kvalit\u0101tes nodro\u0161in\u0101\u0161ana: Izgatavots no augstas kvalit\u0101tes materi\u0101liem, tas ir iztur\u012bg\u0101ks un to var lietot ilgu laiku bez nolietojuma un boj\u0101jumiem. \u0160\u012b somi\u0146a ir lab\u0101kais sp\u0113\u013cu konsoles aizsardz\u012bbas partneris, kas nodro\u0161ina \u0113rtu un dro\u0161u sp\u0113l\u0113\u0161anu.<br\/><br\/>4. Modes izskats: Izskats ir stil\u012bgs un vienk\u0101r\u0161s, kas ne tikai aizsarg\u0101 sp\u0113\u013cu konsoli un aksesu\u0101rus, bet ar\u012b uzlabo j\u016bsu modes izj\u016btu, liekot jums justies p\u0101rliecin\u0101tam un \u0161armantam jebkur\u0101 situ\u0101cij\u0101.<br\/><br\/>5. P\u0101rn\u0113s\u0101jams dizains: P\u0101rn\u0113s\u0101jam\u0101 konstrukcija ir piem\u0113rota n\u0113s\u0101\u0161anai da\u017e\u0101dos gad\u012bjumos, \u013caujot jums n\u0113s\u0101t sp\u0113\u013cu konsoli, neaiz\u0146emot p\u0101r\u0101k daudz vietas rok\u0101s.<br\/><br\/>Produkta bruto svars: 130 g<br\/><br\/>Iepakojum\u0101 ietilpst: Sp\u0113\u013cu konsoles glab\u0101\u0161anas soma * 1<\/p>\n\n<figure class=\"wp-block-image\"><img decoding=\"async\" src=\"https:\/\/ae01.alicdn.com\/kf\/S47af09c6805345fab0667f4210505b64g.jpg\" alt=\"Anbernic RG Cube Case - P&#x101;rn&#x113;s&#x101;jams melns futr&#x101;lis Anbernic rokas konsol&#x113;m, kam ir gl&#x12B;ts dizains, iek&#x161;&#x113;ja t&#x12B;klveida kabata piederumiem un iztur&#x12B;ga konstrukcija, kas nodro&#x161;ina stabilu kvalit&#x101;ti, lai var&#x113;tu sp&#x113;l&#x113;t ar&#x12B; atrodoties ce&#x13C;&#x101;.\"\/><\/figure>\n\n<figure class=\"wp-block-image\"><img decoding=\"async\" src=\"https:\/\/ae01.alicdn.com\/kf\/S2785b70135a540c583158fcc5a78dc5b7.jpg\" alt=\"Anbernic RG Cube Case - aizsarg&#x101;jo&#x161;s melns futr&#x101;lis Anbernic sp&#x113;&#x13C;u konsol&#x113;m, ar m&#x12B;kstu polster&#x113;tu iek&#x161;pusi, iztur&#x12B;gu &#x101;r&#x113;jo apvalku un kompaktu dizainu &#x113;rtai transport&#x113;&#x161;anai.\"\/><\/figure>\n\n<figure class=\"wp-block-image\"><img decoding=\"async\" src=\"https:\/\/ae01.alicdn.com\/kf\/S091362331cd549caa28e2cf13f83d019s.jpg\" alt=\"Anbernic RG Cube Case - melns aizsargv&#x101;ci&#x146;&#x161; ar dro&#x161;u r&#x101;v&#x113;jsl&#x113;dz&#x113;ja aizdari, piel&#x101;gots Anbernic sp&#x113;&#x13C;u ier&#x12B;c&#x113;m, kas nodro&#x161;ina izcilu aizsardz&#x12B;bu pret skr&#x101;p&#x113;jumiem un triecieniem.\"\/><\/figure>\n\n<figure class=\"wp-block-image\"><img decoding=\"async\" src=\"https:\/\/ae01.alicdn.com\/kf\/Sc0cb06fe4efa49a985b944aa17d27d29S.jpg\" alt=\"Anbernic RG Cube Case - melns aizsargv&#x101;ci&#x146;&#x161; ar dro&#x161;u r&#x101;v&#x113;jsl&#x113;dz&#x113;ja aizdari, piel&#x101;gots Anbernic sp&#x113;&#x13C;u ier&#x12B;c&#x113;m, kas nodro&#x161;ina izcilu aizsardz&#x12B;bu pret skr&#x101;p&#x113;jumiem un triecieniem.\"\/><\/figure>\n\n<figure class=\"wp-block-image\"><img decoding=\"async\" src=\"https:\/\/ae01.alicdn.com\/kf\/Sca5337fc1adf4aa094209058e7fc98b9j.jpg\" alt=\"Anbernic Cube futr&#x101;lis meln&#x101; kr&#x101;s&#x101; ar kompaktu un elegantu dizainu un iztur&#x12B;gu, tekstur&#x113;tu &#x101;rpusi, kas nodro&#x161;ina lab&#x101;ku satv&#x113;rienu. Futr&#x101;l&#x12B; ir &#x12B;pa&#x161;i piel&#x101;goti putuplasta ielikt&#x146;i, lai dro&#x161;i notur&#x113;tu Anbernic sp&#x113;&#x13C;u konsoli un piederumus, nodro&#x161;inot aizsardz&#x12B;bu ce&#x13C;ojuma laik&#x101;.\"\/><\/figure>\n\n<figure class=\"wp-block-image\"><img decoding=\"async\" src=\"https:\/\/ae01.alicdn.com\/kf\/S3b16c1675638498f9fd6dbc53a777f85c.jpg\" alt=\"Anbernic RG Cube Case - P&#x101;rn&#x113;s&#x101;jams melns futr&#x101;lis Anbernic rokas konsol&#x113;m, kam ir gl&#x12B;ts dizains, iek&#x161;&#x113;ja t&#x12B;klveida kabata piederumiem un iztur&#x12B;ga konstrukcija, kas nodro&#x161;ina stabilu kvalit&#x101;ti, lai var&#x113;tu sp&#x113;l&#x113;t ar&#x12B; atrodoties ce&#x13C;&#x101;.\"\/><\/figure>\n","protected":false},"excerpt":{"rendered":"<ul>\n<li><strong>Ofici\u0101lais<\/strong> ANBERNIC piederums<\/li>\n<li><strong>Izcila aizsardz\u012bba<\/strong> Izgatavots no augst\u0101k\u0101s kvalit\u0101tes \u0101das<\/li>\n<li>M\u012bksta auduma odere <strong>papildu aizsardz\u012bbai<\/strong>.<\/li>\n<\/ul>\n[droix_global_accordions]\n[cg_accordion title=\"Komplekt\u0101 ietilpst\"]<\/p>\n<ul>\n<li>1x korpuss<\/li>\n<\/ul>\n<p>[\/cg_accordion]\n","protected":false},"featured_media":486293,"template":"","meta":{"_acf_changed":false},"product_brand":[],"product_cat":[10083,10596],"product_tag":[],"woo-feed-brand":[],"key-features":[],"class_list":{"0":"post-508838","1":"product","2":"type-product","3":"status-publish","4":"has-post-thumbnail","6":"product_cat-aksesuari","7":"product_cat-spelu-aksesuari","8":"product_shipping_class-low-end","9":"pa_accessory-type-protective-case","10":"pa_brands-anbernic-lv","11":"pa_compatibility-anbernic-rg-kubs","13":"first","14":"outofstock","15":"sale","16":"taxable","17":"shipping-taxable","18":"purchasable","19":"product-type-simple"},"acf":[],"aioseo_notices":[],"aioseo_head":"\n\t\t<!-- All in One SEO Pro 4.9.5.2 - aioseo.com -->\n\t<meta name=\"description\" content=\"Ofici\u0101lais ANBERNIC piederums Izcila aizsardz\u012bba Izgatavots no augst\u0101k\u0101s kvalit\u0101tes \u0101das M\u012bksta auduma odere papildu aizsardz\u012bbai. Komplekt\u0101 ietilpst 1x korpuss\" \/>\n\t<meta name=\"robots\" content=\"max-image-preview:large\" \/>\n\t<link rel=\"canonical\" href=\"https:\/\/droix.eu\/lv\/product\/anbernic-rg-cube-soma\/\" \/>\n\t<meta name=\"generator\" content=\"All in One SEO Pro (AIOSEO) 4.9.5.2\" \/>\n\t\t<meta property=\"og:locale\" content=\"lv_LV\" \/>\n\t\t<meta property=\"og:site_name\" content=\"DROIX EU - Get the latest Mini PCs, Ultrabook, PC Gaming Handhelds and more!\" \/>\n\t\t<meta property=\"og:type\" content=\"article\" \/>\n\t\t<meta property=\"og:title\" content=\"ANBERNIC RG Cube soma - DROIX EU\" \/>\n\t\t<meta property=\"og:description\" content=\"Ofici\u0101lais ANBERNIC piederums Izcila aizsardz\u012bba Izgatavots no augst\u0101k\u0101s kvalit\u0101tes \u0101das M\u012bksta auduma odere papildu aizsardz\u012bbai. Komplekt\u0101 ietilpst 1x korpuss\" \/>\n\t\t<meta property=\"og:url\" content=\"https:\/\/droix.eu\/lv\/product\/anbernic-rg-cube-soma\/\" \/>\n\t\t<meta property=\"og:image\" content=\"https:\/\/droix.eu\/wp-content\/uploads\/2024\/06\/droix-v2-light-logo.png\" \/>\n\t\t<meta property=\"og:image:secure_url\" content=\"https:\/\/droix.eu\/wp-content\/uploads\/2024\/06\/droix-v2-light-logo.png\" \/>\n\t\t<meta property=\"og:image:width\" content=\"380\" \/>\n\t\t<meta property=\"og:image:height\" content=\"118\" \/>\n\t\t<meta property=\"article:published_time\" content=\"2024-07-16T10:40:59+00:00\" \/>\n\t\t<meta property=\"article:modified_time\" content=\"2026-03-27T12:33:47+00:00\" \/>\n\t\t<meta property=\"article:publisher\" content=\"https:\/\/www.facebook.com\/DroiX.Store\" \/>\n\t\t<meta name=\"twitter:card\" content=\"summary_large_image\" \/>\n\t\t<meta name=\"twitter:site\" content=\"@DroiX_Store\" \/>\n\t\t<meta name=\"twitter:title\" content=\"ANBERNIC RG Cube soma - DROIX EU\" \/>\n\t\t<meta name=\"twitter:description\" content=\"Ofici\u0101lais ANBERNIC piederums Izcila aizsardz\u012bba Izgatavots no augst\u0101k\u0101s kvalit\u0101tes \u0101das M\u012bksta auduma odere papildu aizsardz\u012bbai. Komplekt\u0101 ietilpst 1x korpuss\" \/>\n\t\t<meta name=\"twitter:image\" content=\"https:\/\/droix.eu\/wp-content\/uploads\/2024\/06\/droix-v2-light-logo.png\" \/>\n\t\t<script type=\"application\/ld+json\" class=\"aioseo-schema\">\n\t\t\t{\"@context\":\"https:\\\/\\\/schema.org\",\"@graph\":[{\"@type\":\"BreadcrumbList\",\"@id\":\"https:\\\/\\\/droix.eu\\\/lv\\\/product\\\/anbernic-rg-cube-soma\\\/#breadcrumblist\",\"itemListElement\":[{\"@type\":\"ListItem\",\"@id\":\"https:\\\/\\\/droix.eu\\\/lv\\\/#listItem\",\"position\":1,\"name\":\"Home\",\"item\":\"https:\\\/\\\/droix.eu\\\/lv\\\/\",\"nextItem\":{\"@type\":\"ListItem\",\"@id\":\"https:\\\/\\\/droix.eu\\\/lv\\\/product-category\\\/aksesuari\\\/#listItem\",\"name\":\"Aksesu\\u0101ri\"}},{\"@type\":\"ListItem\",\"@id\":\"https:\\\/\\\/droix.eu\\\/lv\\\/product-category\\\/aksesuari\\\/#listItem\",\"position\":2,\"name\":\"Aksesu\\u0101ri\",\"item\":\"https:\\\/\\\/droix.eu\\\/lv\\\/product-category\\\/aksesuari\\\/\",\"nextItem\":{\"@type\":\"ListItem\",\"@id\":\"https:\\\/\\\/droix.eu\\\/lv\\\/product-category\\\/aksesuari\\\/spelu-aksesuari\\\/#listItem\",\"name\":\"Sp\\u0113\\u013cu aksesu\\u0101ri\"},\"previousItem\":{\"@type\":\"ListItem\",\"@id\":\"https:\\\/\\\/droix.eu\\\/lv\\\/#listItem\",\"name\":\"Home\"}},{\"@type\":\"ListItem\",\"@id\":\"https:\\\/\\\/droix.eu\\\/lv\\\/product-category\\\/aksesuari\\\/spelu-aksesuari\\\/#listItem\",\"position\":3,\"name\":\"Sp\\u0113\\u013cu aksesu\\u0101ri\",\"item\":\"https:\\\/\\\/droix.eu\\\/lv\\\/product-category\\\/aksesuari\\\/spelu-aksesuari\\\/\",\"nextItem\":{\"@type\":\"ListItem\",\"@id\":\"https:\\\/\\\/droix.eu\\\/lv\\\/product\\\/anbernic-rg-cube-soma\\\/#listItem\",\"name\":\"ANBERNIC RG Cube soma\"},\"previousItem\":{\"@type\":\"ListItem\",\"@id\":\"https:\\\/\\\/droix.eu\\\/lv\\\/product-category\\\/aksesuari\\\/#listItem\",\"name\":\"Aksesu\\u0101ri\"}},{\"@type\":\"ListItem\",\"@id\":\"https:\\\/\\\/droix.eu\\\/lv\\\/product\\\/anbernic-rg-cube-soma\\\/#listItem\",\"position\":4,\"name\":\"ANBERNIC RG Cube soma\",\"previousItem\":{\"@type\":\"ListItem\",\"@id\":\"https:\\\/\\\/droix.eu\\\/lv\\\/product-category\\\/aksesuari\\\/spelu-aksesuari\\\/#listItem\",\"name\":\"Sp\\u0113\\u013cu aksesu\\u0101ri\"}}]},{\"@type\":\"Organization\",\"@id\":\"https:\\\/\\\/droix.eu\\\/lv\\\/#organization\",\"name\":\"DroiX \\u2013 Trusted EU Tech Retailer with 12+ Years Experience\",\"description\":\"DroiX is a leading European technology retailer with over 12 years of experience, offering quality mini PCs, handheld gaming consoles, and tech accessories. We provide hassle-free EU delivery with all taxes included, ensuring a smooth and reliable shopping experience for our customers across Europe.\",\"url\":\"https:\\\/\\\/droix.eu\\\/lv\\\/\",\"logo\":{\"@type\":\"ImageObject\",\"url\":\"https:\\\/\\\/droix.eu\\\/wp-content\\\/uploads\\\/2024\\\/06\\\/droix-v2-light-logo.png\",\"@id\":\"https:\\\/\\\/droix.eu\\\/lv\\\/product\\\/anbernic-rg-cube-soma\\\/#organizationLogo\",\"width\":380,\"height\":118},\"image\":{\"@id\":\"https:\\\/\\\/droix.eu\\\/lv\\\/product\\\/anbernic-rg-cube-soma\\\/#organizationLogo\"},\"sameAs\":[\"https:\\\/\\\/www.facebook.com\\\/DroiX.Store\",\"https:\\\/\\\/twitter.com\\\/DroiX_Store\",\"https:\\\/\\\/www.instagram.com\\\/droix.store\\\/\",\"https:\\\/\\\/www.tiktok.com\\\/@droix.store\",\"https:\\\/\\\/www.youtube.com\\\/c\\\/DroiX_Store\",\"https:\\\/\\\/uk.linkedin.com\\\/company\\\/droix\"]},{\"@type\":\"Product\",\"@id\":\"https:\\\/\\\/droix.eu\\\/lv\\\/product\\\/anbernic-rg-cube-soma\\\/#wooCommerceProduct\",\"name\":\"ANBERNIC RG Cube soma\",\"description\":\"Ofici\\u0101lais ANBERNIC piederums\\nIzcila aizsardz\\u012bba Izgatavots no augst\\u0101k\\u0101s kvalit\\u0101tes \\u0101das\\nM\\u012bksta auduma odere papildu aizsardz\\u012bbai.\",\"url\":\"https:\\\/\\\/droix.eu\\\/lv\\\/product\\\/anbernic-rg-cube-soma\\\/\",\"sku\":\"RG-CUBE-BAG\",\"gtin\":\"5060763679351\",\"image\":{\"@type\":\"ImageObject\",\"url\":\"https:\\\/\\\/droix.eu\\\/wp-content\\\/uploads\\\/2024\\\/07\\\/CUBE-CASE.png\",\"@id\":\"https:\\\/\\\/droix.eu\\\/lv\\\/product\\\/anbernic-rg-cube-soma\\\/#productImage\",\"width\":1001,\"height\":1001,\"caption\":\"Anbernic Cube futr\\u0101lis meln\\u0101 kr\\u0101s\\u0101 ar kompaktu un elegantu dizainu un iztur\\u012bgu, tekstur\\u0113tu \\u0101rpusi, kas nodro\\u0161ina lab\\u0101ku satv\\u0113rienu. Futr\\u0101l\\u012b ir \\u012bpa\\u0161i piel\\u0101goti putuplasta ielikt\\u0146i, lai dro\\u0161i notur\\u0113tu Anbernic sp\\u0113\\u013cu konsoli un piederumus, nodro\\u0161inot aizsardz\\u012bbu ce\\u013cojuma laik\\u0101.\"},\"offers\":{\"@type\":\"Offer\",\"url\":\"https:\\\/\\\/droix.eu\\\/lv\\\/product\\\/anbernic-rg-cube-soma\\\/#wooCommerceOffer\",\"price\":2266.26,\"priceCurrency\":\"HUF\",\"category\":\"Aksesu\\u0101ri\",\"availability\":\"https:\\\/\\\/schema.org\\\/OutOfStock\",\"priceSpecification\":{\"@type\":\"PriceSpecification\",\"price\":2266.26,\"priceCurrency\":\"HUF\",\"valueAddedTaxIncluded\":\"true\"},\"seller\":{\"@type\":\"Organization\",\"@id\":\"https:\\\/\\\/droix.eu\\\/lv\\\/#organization\"}}},{\"@type\":\"WebPage\",\"@id\":\"https:\\\/\\\/droix.eu\\\/lv\\\/product\\\/anbernic-rg-cube-soma\\\/#webpage\",\"url\":\"https:\\\/\\\/droix.eu\\\/lv\\\/product\\\/anbernic-rg-cube-soma\\\/\",\"name\":\"ANBERNIC RG Cube soma - DROIX EU\",\"description\":\"Ofici\\u0101lais ANBERNIC piederums Izcila aizsardz\\u012bba Izgatavots no augst\\u0101k\\u0101s kvalit\\u0101tes \\u0101das M\\u012bksta auduma odere papildu aizsardz\\u012bbai. Komplekt\\u0101 ietilpst 1x korpuss\",\"inLanguage\":\"lv-LV\",\"isPartOf\":{\"@id\":\"https:\\\/\\\/droix.eu\\\/lv\\\/#website\"},\"breadcrumb\":{\"@id\":\"https:\\\/\\\/droix.eu\\\/lv\\\/product\\\/anbernic-rg-cube-soma\\\/#breadcrumblist\"},\"image\":{\"@type\":\"ImageObject\",\"url\":\"https:\\\/\\\/droix.eu\\\/wp-content\\\/uploads\\\/2024\\\/07\\\/CUBE-CASE.png\",\"@id\":\"https:\\\/\\\/droix.eu\\\/lv\\\/product\\\/anbernic-rg-cube-soma\\\/#mainImage\",\"width\":1001,\"height\":1001,\"caption\":\"Anbernic Cube futr\\u0101lis meln\\u0101 kr\\u0101s\\u0101 ar kompaktu un elegantu dizainu un iztur\\u012bgu, tekstur\\u0113tu \\u0101rpusi, kas nodro\\u0161ina lab\\u0101ku satv\\u0113rienu. Futr\\u0101l\\u012b ir \\u012bpa\\u0161i piel\\u0101goti putuplasta ielikt\\u0146i, lai dro\\u0161i notur\\u0113tu Anbernic sp\\u0113\\u013cu konsoli un piederumus, nodro\\u0161inot aizsardz\\u012bbu ce\\u013cojuma laik\\u0101.\"},\"primaryImageOfPage\":{\"@id\":\"https:\\\/\\\/droix.eu\\\/lv\\\/product\\\/anbernic-rg-cube-soma\\\/#mainImage\"},\"datePublished\":\"2024-07-16T11:40:59+01:00\",\"dateModified\":\"2026-03-27T12:33:47+00:00\"},{\"@type\":\"WebSite\",\"@id\":\"https:\\\/\\\/droix.eu\\\/lv\\\/#website\",\"url\":\"https:\\\/\\\/droix.eu\\\/lv\\\/\",\"name\":\"DROIX EU\",\"description\":\"Get the latest Mini PCs, Ultrabook, PC Gaming Handhelds and more!\",\"inLanguage\":\"lv-LV\",\"publisher\":{\"@id\":\"https:\\\/\\\/droix.eu\\\/lv\\\/#organization\"}}]}\n\t\t<\/script>\n\t\t<!-- All in One SEO Pro -->\r\n\t\t<title>ANBERNIC RG Cube soma - DROIX EU<\/title>\n\n","aioseo_head_json":{"title":"ANBERNIC RG Cube soma - DROIX EU","description":"Ofici\u0101lais ANBERNIC piederums Izcila aizsardz\u012bba Izgatavots no augst\u0101k\u0101s kvalit\u0101tes \u0101das M\u012bksta auduma odere papildu aizsardz\u012bbai. Komplekt\u0101 ietilpst 1x korpuss","canonical_url":"https:\/\/droix.eu\/lv\/product\/anbernic-rg-cube-soma\/","robots":"max-image-preview:large","keywords":"","webmasterTools":{"miscellaneous":""},"schema":{"@context":"https:\/\/schema.org","@graph":[{"@type":"BreadcrumbList","@id":"https:\/\/droix.eu\/lv\/product\/anbernic-rg-cube-soma\/#breadcrumblist","itemListElement":[{"@type":"ListItem","@id":"https:\/\/droix.eu\/lv\/#listItem","position":1,"name":"Home","item":"https:\/\/droix.eu\/lv\/","nextItem":{"@type":"ListItem","@id":"https:\/\/droix.eu\/lv\/product-category\/aksesuari\/#listItem","name":"Aksesu\u0101ri"}},{"@type":"ListItem","@id":"https:\/\/droix.eu\/lv\/product-category\/aksesuari\/#listItem","position":2,"name":"Aksesu\u0101ri","item":"https:\/\/droix.eu\/lv\/product-category\/aksesuari\/","nextItem":{"@type":"ListItem","@id":"https:\/\/droix.eu\/lv\/product-category\/aksesuari\/spelu-aksesuari\/#listItem","name":"Sp\u0113\u013cu aksesu\u0101ri"},"previousItem":{"@type":"ListItem","@id":"https:\/\/droix.eu\/lv\/#listItem","name":"Home"}},{"@type":"ListItem","@id":"https:\/\/droix.eu\/lv\/product-category\/aksesuari\/spelu-aksesuari\/#listItem","position":3,"name":"Sp\u0113\u013cu aksesu\u0101ri","item":"https:\/\/droix.eu\/lv\/product-category\/aksesuari\/spelu-aksesuari\/","nextItem":{"@type":"ListItem","@id":"https:\/\/droix.eu\/lv\/product\/anbernic-rg-cube-soma\/#listItem","name":"ANBERNIC RG Cube soma"},"previousItem":{"@type":"ListItem","@id":"https:\/\/droix.eu\/lv\/product-category\/aksesuari\/#listItem","name":"Aksesu\u0101ri"}},{"@type":"ListItem","@id":"https:\/\/droix.eu\/lv\/product\/anbernic-rg-cube-soma\/#listItem","position":4,"name":"ANBERNIC RG Cube soma","previousItem":{"@type":"ListItem","@id":"https:\/\/droix.eu\/lv\/product-category\/aksesuari\/spelu-aksesuari\/#listItem","name":"Sp\u0113\u013cu aksesu\u0101ri"}}]},{"@type":"Organization","@id":"https:\/\/droix.eu\/lv\/#organization","name":"DroiX \u2013 Trusted EU Tech Retailer with 12+ Years Experience","description":"DroiX is a leading European technology retailer with over 12 years of experience, offering quality mini PCs, handheld gaming consoles, and tech accessories. We provide hassle-free EU delivery with all taxes included, ensuring a smooth and reliable shopping experience for our customers across Europe.","url":"https:\/\/droix.eu\/lv\/","logo":{"@type":"ImageObject","url":"https:\/\/droix.eu\/wp-content\/uploads\/2024\/06\/droix-v2-light-logo.png","@id":"https:\/\/droix.eu\/lv\/product\/anbernic-rg-cube-soma\/#organizationLogo","width":380,"height":118},"image":{"@id":"https:\/\/droix.eu\/lv\/product\/anbernic-rg-cube-soma\/#organizationLogo"},"sameAs":["https:\/\/www.facebook.com\/DroiX.Store","https:\/\/twitter.com\/DroiX_Store","https:\/\/www.instagram.com\/droix.store\/","https:\/\/www.tiktok.com\/@droix.store","https:\/\/www.youtube.com\/c\/DroiX_Store","https:\/\/uk.linkedin.com\/company\/droix"]},{"@type":"Product","@id":"https:\/\/droix.eu\/lv\/product\/anbernic-rg-cube-soma\/#wooCommerceProduct","name":"ANBERNIC RG Cube soma","description":"Ofici\u0101lais ANBERNIC piederums\nIzcila aizsardz\u012bba Izgatavots no augst\u0101k\u0101s kvalit\u0101tes \u0101das\nM\u012bksta auduma odere papildu aizsardz\u012bbai.","url":"https:\/\/droix.eu\/lv\/product\/anbernic-rg-cube-soma\/","sku":"RG-CUBE-BAG","gtin":"5060763679351","image":{"@type":"ImageObject","url":"https:\/\/droix.eu\/wp-content\/uploads\/2024\/07\/CUBE-CASE.png","@id":"https:\/\/droix.eu\/lv\/product\/anbernic-rg-cube-soma\/#productImage","width":1001,"height":1001,"caption":"Anbernic Cube futr\u0101lis meln\u0101 kr\u0101s\u0101 ar kompaktu un elegantu dizainu un iztur\u012bgu, tekstur\u0113tu \u0101rpusi, kas nodro\u0161ina lab\u0101ku satv\u0113rienu. Futr\u0101l\u012b ir \u012bpa\u0161i piel\u0101goti putuplasta ielikt\u0146i, lai dro\u0161i notur\u0113tu Anbernic sp\u0113\u013cu konsoli un piederumus, nodro\u0161inot aizsardz\u012bbu ce\u013cojuma laik\u0101."},"offers":{"@type":"Offer","url":"https:\/\/droix.eu\/lv\/product\/anbernic-rg-cube-soma\/#wooCommerceOffer","price":2266.26,"priceCurrency":"HUF","category":"Aksesu\u0101ri","availability":"https:\/\/schema.org\/OutOfStock","priceSpecification":{"@type":"PriceSpecification","price":2266.26,"priceCurrency":"HUF","valueAddedTaxIncluded":"true"},"seller":{"@type":"Organization","@id":"https:\/\/droix.eu\/lv\/#organization"}}},{"@type":"WebPage","@id":"https:\/\/droix.eu\/lv\/product\/anbernic-rg-cube-soma\/#webpage","url":"https:\/\/droix.eu\/lv\/product\/anbernic-rg-cube-soma\/","name":"ANBERNIC RG Cube soma - DROIX EU","description":"Ofici\u0101lais ANBERNIC piederums Izcila aizsardz\u012bba Izgatavots no augst\u0101k\u0101s kvalit\u0101tes \u0101das M\u012bksta auduma odere papildu aizsardz\u012bbai. Komplekt\u0101 ietilpst 1x korpuss","inLanguage":"lv-LV","isPartOf":{"@id":"https:\/\/droix.eu\/lv\/#website"},"breadcrumb":{"@id":"https:\/\/droix.eu\/lv\/product\/anbernic-rg-cube-soma\/#breadcrumblist"},"image":{"@type":"ImageObject","url":"https:\/\/droix.eu\/wp-content\/uploads\/2024\/07\/CUBE-CASE.png","@id":"https:\/\/droix.eu\/lv\/product\/anbernic-rg-cube-soma\/#mainImage","width":1001,"height":1001,"caption":"Anbernic Cube futr\u0101lis meln\u0101 kr\u0101s\u0101 ar kompaktu un elegantu dizainu un iztur\u012bgu, tekstur\u0113tu \u0101rpusi, kas nodro\u0161ina lab\u0101ku satv\u0113rienu. Futr\u0101l\u012b ir \u012bpa\u0161i piel\u0101goti putuplasta ielikt\u0146i, lai dro\u0161i notur\u0113tu Anbernic sp\u0113\u013cu konsoli un piederumus, nodro\u0161inot aizsardz\u012bbu ce\u013cojuma laik\u0101."},"primaryImageOfPage":{"@id":"https:\/\/droix.eu\/lv\/product\/anbernic-rg-cube-soma\/#mainImage"},"datePublished":"2024-07-16T11:40:59+01:00","dateModified":"2026-03-27T12:33:47+00:00"},{"@type":"WebSite","@id":"https:\/\/droix.eu\/lv\/#website","url":"https:\/\/droix.eu\/lv\/","name":"DROIX EU","description":"Get the latest Mini PCs, Ultrabook, PC Gaming Handhelds and more!","inLanguage":"lv-LV","publisher":{"@id":"https:\/\/droix.eu\/lv\/#organization"}}]},"og:locale":"lv_LV","og:site_name":"DROIX EU - Get the latest Mini PCs, Ultrabook, PC Gaming Handhelds and more!","og:type":"article","og:title":"ANBERNIC RG Cube soma - DROIX EU","og:description":"Ofici\u0101lais ANBERNIC piederums Izcila aizsardz\u012bba Izgatavots no augst\u0101k\u0101s kvalit\u0101tes \u0101das M\u012bksta auduma odere papildu aizsardz\u012bbai. Komplekt\u0101 ietilpst 1x korpuss","og:url":"https:\/\/droix.eu\/lv\/product\/anbernic-rg-cube-soma\/","og:image":"https:\/\/droix.eu\/wp-content\/uploads\/2024\/06\/droix-v2-light-logo.png","og:image:secure_url":"https:\/\/droix.eu\/wp-content\/uploads\/2024\/06\/droix-v2-light-logo.png","og:image:width":380,"og:image:height":118,"article:published_time":"2024-07-16T10:40:59+00:00","article:modified_time":"2026-03-27T12:33:47+00:00","article:publisher":"https:\/\/www.facebook.com\/DroiX.Store","twitter:card":"summary_large_image","twitter:site":"@DroiX_Store","twitter:title":"ANBERNIC RG Cube soma - DROIX EU","twitter:description":"Ofici\u0101lais ANBERNIC piederums Izcila aizsardz\u012bba Izgatavots no augst\u0101k\u0101s kvalit\u0101tes \u0101das M\u012bksta auduma odere papildu aizsardz\u012bbai. Komplekt\u0101 ietilpst 1x korpuss","twitter:image":"https:\/\/droix.eu\/wp-content\/uploads\/2024\/06\/droix-v2-light-logo.png"},"aioseo_meta_data":{"post_id":"508838","title":null,"description":null,"keywords":null,"keyphrases":null,"primary_term":null,"canonical_url":null,"og_title":null,"og_description":null,"og_object_type":"default","og_image_type":"default","og_image_url":null,"og_image_width":null,"og_image_height":null,"og_image_custom_url":null,"og_image_custom_fields":null,"og_video":null,"og_custom_url":null,"og_article_section":null,"og_article_tags":null,"twitter_use_og":true,"twitter_card":"default","twitter_image_type":"default","twitter_image_url":null,"twitter_image_custom_url":null,"twitter_image_custom_fields":null,"twitter_title":null,"twitter_description":null,"schema":{"blockGraphs":[],"customGraphs":[],"default":{"data":{"Article":[],"Course":[],"Dataset":[],"FAQPage":[],"Movie":[],"Person":[],"Product":[],"ProductReview":[],"Car":[],"Recipe":[],"Service":[],"SoftwareApplication":[],"WebPage":[]},"graphName":"Product","isEnabled":true},"graphs":[]},"schema_type":"default","schema_type_options":null,"pillar_content":false,"robots_default":true,"robots_noindex":false,"robots_noarchive":false,"robots_nosnippet":false,"robots_nofollow":false,"robots_noimageindex":false,"robots_noodp":false,"robots_notranslate":false,"robots_max_snippet":null,"robots_max_videopreview":null,"robots_max_imagepreview":"large","priority":null,"frequency":null,"local_seo":null,"seo_analyzer_scan_date":"2026-03-27 12:46:37","breadcrumb_settings":null,"limit_modified_date":false,"reviewed_by":null,"open_ai":null,"ai":null,"created":"2025-10-09 05:49:46","updated":"2026-03-27 14:07:00"},"aioseo_breadcrumb":"<div class=\"aioseo-breadcrumbs\"><span class=\"aioseo-breadcrumb\">\n\t<a href=\"https:\/\/droix.eu\/lv\/\" title=\"Home\">Home<\/a>\n<\/span><span class=\"aioseo-breadcrumb-separator\">&raquo;<\/span><span class=\"aioseo-breadcrumb\">\n\t<a href=\"https:\/\/droix.eu\/lv\/product-category\/aksesuari\/\" title=\"Aksesu\u0101ri\">Aksesu\u0101ri<\/a>\n<\/span><span class=\"aioseo-breadcrumb-separator\">&raquo;<\/span><span class=\"aioseo-breadcrumb\">\n\t<a href=\"https:\/\/droix.eu\/lv\/product-category\/aksesuari\/spelu-aksesuari\/\" title=\"Sp\u0113\u013cu aksesu\u0101ri\">Sp\u0113\u013cu aksesu\u0101ri<\/a>\n<\/span><span class=\"aioseo-breadcrumb-separator\">&raquo;<\/span><span class=\"aioseo-breadcrumb\">\n\tANBERNIC RG Cube soma\n<\/span><\/div>","aioseo_breadcrumb_json":[{"label":"Home","link":"https:\/\/droix.eu\/lv\/"},{"label":"Aksesu\u0101ri","link":"https:\/\/droix.eu\/lv\/product-category\/aksesuari\/"},{"label":"Sp\u0113\u013cu aksesu\u0101ri","link":"https:\/\/droix.eu\/lv\/product-category\/aksesuari\/spelu-aksesuari\/"},{"label":"ANBERNIC RG Cube soma","link":"https:\/\/droix.eu\/lv\/product\/anbernic-rg-cube-soma\/"}],"_links":{"self":[{"href":"https:\/\/droix.eu\/lv\/wp-json\/wp\/v2\/product\/508838","targetHints":{"allow":["GET"]}}],"collection":[{"href":"https:\/\/droix.eu\/lv\/wp-json\/wp\/v2\/product"}],"about":[{"href":"https:\/\/droix.eu\/lv\/wp-json\/wp\/v2\/types\/product"}],"version-history":[{"count":0,"href":"https:\/\/droix.eu\/lv\/wp-json\/wp\/v2\/product\/508838\/revisions"}],"wp:featuredmedia":[{"embeddable":true,"href":"https:\/\/droix.eu\/lv\/wp-json\/wp\/v2\/media\/486293"}],"wp:attachment":[{"href":"https:\/\/droix.eu\/lv\/wp-json\/wp\/v2\/media?parent=508838"}],"wp:term":[{"taxonomy":"product_brand","embeddable":true,"href":"https:\/\/droix.eu\/lv\/wp-json\/wp\/v2\/product_brand?post=508838"},{"taxonomy":"product_cat","embeddable":true,"href":"https:\/\/droix.eu\/lv\/wp-json\/wp\/v2\/product_cat?post=508838"},{"taxonomy":"product_tag","embeddable":true,"href":"https:\/\/droix.eu\/lv\/wp-json\/wp\/v2\/product_tag?post=508838"},{"taxonomy":"woo-feed-brand","embeddable":true,"href":"https:\/\/droix.eu\/lv\/wp-json\/wp\/v2\/woo-feed-brand?post=508838"},{"taxonomy":"key-features","embeddable":true,"href":"https:\/\/droix.eu\/lv\/wp-json\/wp\/v2\/key-features?post=508838"}],"curies":[{"name":"wp","href":"https:\/\/api.w.org\/{rel}","templated":true}]}}