{"id":505440,"date":"2025-02-10T14:51:03","date_gmt":"2025-02-10T14:51:03","guid":{"rendered":"https:\/\/droix.eu\/product\/ayaneo-magic-moduli\/"},"modified":"2025-11-13T22:24:12","modified_gmt":"2025-11-13T22:24:12","slug":"ayaneo-magic-moduli","status":"publish","type":"product","link":"https:\/\/droix.eu\/lv\/product\/ayaneo-magic-moduli\/","title":{"rendered":"AYANEO Magic modu\u013ci"},"content":{"rendered":"\n<h2 class=\"wp-block-heading\">AYANEO Magic modu\u013ci &#8211; modul\u0101ro portat\u012bvo datoru n\u0101kotne<\/h2>\n\n<p><strong>AYANEO Magic Modules no jauna defin\u0113<\/strong> plaukstas sp\u0113les <strong>,<\/strong> ievie\u0161ot <strong>patiesi modul\u0101ru ekosist\u0113mu,<\/strong> kas \u013cauj lietot\u0101jiem <strong>uzlabot un piel\u0101got AYANEO 3 pieredzi ar<\/strong> main\u0101miem, magn\u0113tiski piestiprin\u0101miem piederumiem. \u0160ie modu\u013ci ir izstr\u0101d\u0101ti, lai nodro\u0161in\u0101tu elast\u012bbu, un <strong>tie papla\u0161ina funkcionalit\u0101ti, neapdraudot p\u0101rn\u0113s\u0101jam\u012bbu, t\u0101d\u0113j\u0101di mainot<\/strong> sp\u0113les noteikumus gan tehnolo\u0123iju entuziastiem, gan sp\u0113l\u0113t\u0101jiem. <\/p>\n\n<h2 class=\"wp-block-heading\"><strong>Nevainojama magn\u0113tisk\u0101 modu\u013cu savienojam\u012bba<\/strong><\/h2>\n\n<p>Pateicoties <strong>AYANEO inovat\u012bvajam magn\u0113tiskajam interfeisam,<\/strong> modu\u013cu <strong>nomai\u0146a<\/strong> ir vienk\u0101r\u0161a, nodro\u0161inot <strong>j\u016bsu<\/strong> vajadz\u012bb\u0101m <strong>piel\u0101gotu<\/strong> plug-and-play <strong>pieredzi<\/strong>. Pirm\u0101s paaudzes Magic modu\u013ci pied\u0101v\u0101 virkni funkciju, s\u0101kot ar <strong>uzlabot\u0101m ieejas iesp\u0113j\u0101m un beidzot ar<\/strong> <strong>papla\u0161in\u0101tu savienojam\u012bbu.<\/strong> <\/p>\n\n<h2 class=\"wp-block-heading\"><strong>Rad\u012bts n\u0101kotnei<\/strong><\/h2>\n\n<p>AYANEO ir <strong>pirm\u0101 patiesi modul\u0101r\u0101 sp\u0113\u013cu rokas ier\u012bce,<\/strong> kas nodro\u0161ina <strong>ilgtermi\u0146a daudzpus\u012bbu, pateicoties<\/strong> att\u012bst\u0101mai Magic Modules ekosist\u0113mai. Neatkar\u012bgi no t\u0101, vai esat azartisks <strong>sp\u0113l\u0113t\u0101js, rado\u0161s<\/strong> <strong>profesion\u0101lis vai tehnolo\u0123iju entuziasts,<\/strong> <strong>\u0161ie papildin\u0101jumi<\/strong> \u013cauj piel\u0101got ier\u012bci <strong>da\u017e\u0101diem scen\u0101rijiem, nemazinot veiktsp\u0113ju.<\/strong> <\/p>\n\n<h3 class=\"wp-block-heading\">\ud83c\udfae P\u0101r\u0146emiet <strong>kontroli p\u0101r savu plaukstas sp\u0113\u013cu pieredzi ar AYANEO Magic Modules!<\/strong><\/h3>\n\n<p><\/p>\n","protected":false},"excerpt":{"rendered":"<ul>\n<li><strong>Modul\u0101ra konstrukcija<\/strong> &#8211; bez piep\u016bles nomainiet piederumus.<\/li>\n<li><strong>Magn\u0113tiskais stiprin\u0101jums<\/strong> &#8211; viegla pievieno\u0161ana un nomai\u0146a.<\/li>\n<li><strong>Uzlabotas funkcijas<\/strong> &#8211; uzlabotas ieejas un savienojam\u012bba.<\/li>\n<li><strong>N\u0101kotnes nodro\u0161in\u0101jums<\/strong> &#8211; papla\u0161in\u0101ms ar jauniem modu\u013ciem.<\/li>\n<li><strong>P\u0101rn\u0113s\u0101jams un daudzpus\u012bgs<\/strong> &#8211; piel\u0101go\u0161ana bez liela apjoma.<\/li>\n<\/ul>\n[cg_accordion title=\"1 gada garantija, ko atbalsta pieredze\"]<\/p>\n<p>J\u016bsu pirkumu aizsarg\u0101 m\u016bsu 1 gada garantija un vair\u0101k nek\u0101 13 gadu ilga uzticama apkalpo\u0161ana. Ar vair\u0101k nek\u0101 500 000 apmierin\u0101tu klientu j\u016bs esat dro\u0161\u0101s rok\u0101s. [\/cg_accordion]\n[cg_accordion title=\"Kvalit\u0101tes nodro\u0161in\u0101\u0161ana un pirmsnos\u016bt\u012b\u0161anas test\u0113\u0161ana\"]<\/p>\n<p>Klientu apmierin\u0101t\u012bbas nodro\u0161in\u0101\u0161ana augst\u0101kaj\u0101 l\u012bmen\u012b: Katra ier\u012bce pirms nos\u016bt\u012b\u0161anas tiek r\u016bp\u012bgi test\u0113ta un p\u0101rbaud\u012bta vair\u0101kos kvalit\u0101tes nodro\u0161in\u0101\u0161anas punktos. M\u016bsu komanda p\u0101rbauda veiktsp\u0113ju, funkcionalit\u0101ti un komponentu integrit\u0101ti, lai garant\u0113tu, ka j\u016bsu AYANEO ier\u012bce p\u0113c sa\u0146em\u0161anas ir ide\u0101l\u0101 darba k\u0101rt\u012bb\u0101, sniedzot jums p\u0101rliec\u012bbu un mieru. [\/cg_accordion]\n[cg_accordion title=\"Elast\u012bgas un dro\u0161as maks\u0101jumu iesp\u0113jas\"]<\/p>\n<p>Ar m\u016bsu dro\u0161o izrakst\u012b\u0161an\u0101s sist\u0113mu varat b\u016bt mier\u012bgi. M\u0113s atbalst\u0101m visas galven\u0101s maks\u0101jumu metodes, tostarp debetkartes\/kred\u012btkartes, PayPal, Apple Pay, Google Pay, Klarna, Afterpay un Affirm, t\u0101d\u0113j\u0101di sniedzot jums iesp\u0113ju maks\u0101t p\u0113c saviem ieskatiem &#8211; gan avans\u0101, gan pa da\u013c\u0101m. [\/cg_accordion]\n[cg_accordion title=\"Nodok\u013ci\"]<\/p>\n<p>Cen\u0101s ir iek\u013cauts piem\u0113rojamais PVN, kas atkar\u012bb\u0101 no j\u016bsu valsts var b\u016bt l\u012bdz 25%. Lai nodro\u0161in\u0101tu piln\u012bgu p\u0101rredzam\u012bbu, prec\u012bza summa tiek nor\u0101d\u012bta izrakst\u012b\u0161an\u0101s laik\u0101. [\/cg_accordion]\n[cg_accordion title=\"Pieg\u0101de un atgrie\u0161ana\"]<\/p>\n<p>M\u0113s sadarbojamies ar vair\u0101k nek\u0101 10 uzticamiem pieg\u0101des partneriem, lai nodro\u0161in\u0101tu, ka j\u016bsu pas\u016bt\u012bjums tiek pieg\u0101d\u0101ts \u0101tri, dro\u0161i un uzticami.<\/p>\n<p>M\u0113s izmantojam Express DDP (Delivered Duty Paid) pieg\u0101di. Tas noz\u012bm\u0113: <\/p>\n<li>Visas muitas nodevas un nodok\u013ci jau ir iek\u013cauti nor\u0101d\u012btaj\u0101 produkta cen\u0101.<\/li>\n<li>Pieg\u0101des br\u012bd\u012b jums neb\u016bs j\u0101maks\u0101 nek\u0101di p\u0101rsteiguma maks\u0101jumi.<\/li>\n<li>Retos gad\u012bjumos, kad kav\u0113jas muitas formalit\u0101\u0161u k\u0101rto\u0161ana, m\u016bsu komanda par\u016bp\u0113sies par muito\u0161anas procesu, lai nodro\u0161in\u0101tu netrauc\u0113tu pieg\u0101di.<\/li>\n<p>Svar\u012bga inform\u0101cija par atgrie\u0161anu:<\/p>\n<li>Ja atgrie\u017eat pas\u016bt\u012bjumu vai piepras\u0101t atmaksu, \u0146emiet v\u0113r\u0101, ka nodok\u013ci un nodevas, kas samaks\u0101ti j\u016bsu v\u0101rd\u0101 saska\u0146\u0101 ar DDP noteikumiem, nav atmaks\u0101jami.<\/li>\n<p>S\u012bk\u0101ku inform\u0101ciju skatiet m\u016bsu <a href=\"https:\/\/droix.eu\/lv\/noteikumi-un-nosacijumi\/\" target=\"_blank\" rel=\"nofollow noopener\">Noteikumos un nosac\u012bjumos<\/a>.\n<\/ul>\n<p>[\/cg_accordion]\n[cg_accordion title=\"Klientu atbalsts\"]<\/p>\n<p>Jums ir jaut\u0101jums? M\u0113s esam \u012bs\u0101 teksta att\u0101lum\u0101 no j\u016bsu jaut\u0101juma atrisin\u0101\u0161anas! [\/cg_accordion]\n[cg_accordion title=\"Komplekt\u0101 ietilpst\"]<\/p>\n<ul>\n<li>1x AYANEO Magic modu\u013ci<\/li>\n<\/ul>\n<p>[\/cg_accordion]\n","protected":false},"featured_media":503226,"template":"","meta":{"_acf_changed":false},"product_brand":[],"product_cat":[10083,10084],"product_tag":[],"woo-feed-brand":[],"key-features":[],"class_list":{"0":"post-505440","1":"product","2":"type-product","3":"status-publish","4":"has-post-thumbnail","6":"product_cat-aksesuari","7":"product_cat-portativo-datoru-piederumi","8":"product_shipping_class-low-end","9":"pa_brands-gpd-lv","10":"pa_compatibility-ayaneo-3-lv","12":"first","13":"instock","14":"sale","15":"taxable","16":"shipping-taxable","17":"purchasable","18":"product-type-variable","19":"has-default-attributes"},"acf":[],"aioseo_notices":[],"_links":{"self":[{"href":"https:\/\/droix.eu\/lv\/wp-json\/wp\/v2\/product\/505440","targetHints":{"allow":["GET"]}}],"collection":[{"href":"https:\/\/droix.eu\/lv\/wp-json\/wp\/v2\/product"}],"about":[{"href":"https:\/\/droix.eu\/lv\/wp-json\/wp\/v2\/types\/product"}],"version-history":[{"count":0,"href":"https:\/\/droix.eu\/lv\/wp-json\/wp\/v2\/product\/505440\/revisions"}],"wp:featuredmedia":[{"embeddable":true,"href":"https:\/\/droix.eu\/lv\/wp-json\/wp\/v2\/media\/503226"}],"wp:attachment":[{"href":"https:\/\/droix.eu\/lv\/wp-json\/wp\/v2\/media?parent=505440"}],"wp:term":[{"taxonomy":"product_brand","embeddable":true,"href":"https:\/\/droix.eu\/lv\/wp-json\/wp\/v2\/product_brand?post=505440"},{"taxonomy":"product_cat","embeddable":true,"href":"https:\/\/droix.eu\/lv\/wp-json\/wp\/v2\/product_cat?post=505440"},{"taxonomy":"product_tag","embeddable":true,"href":"https:\/\/droix.eu\/lv\/wp-json\/wp\/v2\/product_tag?post=505440"},{"taxonomy":"woo-feed-brand","embeddable":true,"href":"https:\/\/droix.eu\/lv\/wp-json\/wp\/v2\/woo-feed-brand?post=505440"},{"taxonomy":"key-features","embeddable":true,"href":"https:\/\/droix.eu\/lv\/wp-json\/wp\/v2\/key-features?post=505440"}],"curies":[{"name":"wp","href":"https:\/\/api.w.org\/{rel}","templated":true}]}}