{"id":503701,"date":"2021-12-23T11:49:46","date_gmt":"2021-12-23T11:49:46","guid":{"rendered":"https:\/\/droix.eu\/sikfailu-politika\/"},"modified":"2025-05-27T14:22:19","modified_gmt":"2025-05-27T13:22:19","slug":"sikfailu-politika","status":"publish","type":"page","link":"https:\/\/droix.eu\/lv\/sikfailu-politika\/","title":{"rendered":"S\u012bkfailu politika"},"content":{"rendered":"\n<p>\u0160\u012b S\u012bkfailu politika ir j\u0101saprot kop\u0101 ar <a href=\"https:\/\/droix.eu\/lv\/noteikumi-un-nosacijumi\/\" target=\"_blank\" rel=\"noreferrer noopener\">Noteikumiem un nosac\u012bjumiem<\/a> un <a href=\"https:\/\/droix.eu\/lv\/konfidencialitates-politika\/\" target=\"_blank\" rel=\"noreferrer noopener\">Priv\u0101tuma politiku<\/a> (P\u0101r\u012b ar), &#8220;k\u0101 viens veselums&#8221;.<\/p>\n\n<ol class=\"wp-block-list\">\n<li>\u0160ie p\u0101rdo\u0161anas noteikumi attiecas uz vis\u0101m prec\u0113m, ko pieg\u0101d\u0101 DROIX, kura juridisk\u0101 adrese ir 54C Expressway, N Woolwich Rd, London, E16 2AA, Apvienot\u0101 Karaliste).\n<ol class=\"wp-block-list\">\n<li>\u0160aj\u0101 l\u012bgum\u0101 ir atsauces uz: M\u0113s (DROIX) esam Pieg\u0101d\u0101t\u0101js, un J\u016bs (Klients).<\/li>\n<\/ol>\n<\/li>\n<\/ol>\n\n<ol class=\"wp-block-list\">\n<li>Pieg\u0101d\u0101t\u0101ja t\u012bmek\u013ca vietn\u0113 tiek izmantotas s\u012bkdatnes, lai at\u0161\u0137irtu klientu, t.i., J\u016bs, no citiem t\u012bmek\u013ca vietnes lietot\u0101jiem. Tas pal\u012bdz Pieg\u0101d\u0101t\u0101jam nodro\u0161in\u0101t jums labu pieredzi, p\u0101rl\u016bkojot Pieg\u0101d\u0101t\u0101ja t\u012bmek\u013ca vietni, k\u0101 ar\u012b \u013cauj Pieg\u0101d\u0101t\u0101jam uzlabot m\u016bsu vietni. Turpinot p\u0101rl\u016bkot vietni, j\u016bs piekr\u012btat, ka Pieg\u0101d\u0101t\u0101js izmanto s\u012bkdatnes.  <\/li>\n\n\n\n<li>S\u012bkfails ir neliela burtu un ciparu datne, ko Pieg\u0101d\u0101t\u0101js saglab\u0101 j\u016bsu p\u0101rl\u016bkprogramm\u0101 vai j\u016bsu datora vai mobil\u0101 t\u0101lru\u0146a cietaj\u0101 disk\u0101, ja tam piekr\u012btat. S\u012bkfaili satur inform\u0101ciju, kas tiek p\u0101rs\u016bt\u012bta uz j\u016bsu datora cieto disku. <\/li>\n\n\n\n<li>Pieg\u0101d\u0101t\u0101js izmanto \u0161\u0101das s\u012bkdatnes:\n<ol class=\"wp-block-list\">\n<li>Oblig\u0101ti nepiecie\u0161amie s\u012bkfaili. T\u0101s ir s\u012bkdatnes, kas ir nepiecie\u0161amas Pieg\u0101d\u0101t\u0101ja t\u012bmek\u013ca vietnes darb\u012bbai. T\u0101s ietver, piem\u0113ram, s\u012bkfailus, kas \u013cauj jums pieteikties Pieg\u0101d\u0101t\u0101ja t\u012bmek\u013ca vietnes dro\u0161aj\u0101s zon\u0101s un veikt dar\u012bjumus.  <\/li>\n\n\n\n<li>Anal\u012btiskie\/ veiktsp\u0113jas s\u012bkfaili. T\u0101s \u013cauj Pieg\u0101d\u0101t\u0101jam atpaz\u012bt un saskait\u012bt apmekl\u0113t\u0101ju skaitu, k\u0101 ar\u012b redz\u0113t, k\u0101 apmekl\u0113t\u0101ji p\u0101rvietojas Pieg\u0101d\u0101t\u0101ja t\u012bmek\u013ca vietn\u0113 t\u0101s lieto\u0161anas laik\u0101. Tas pal\u012bdz Pieg\u0101d\u0101t\u0101jam uzlabot t\u012bmek\u013ca vietnes darb\u012bbu, piem\u0113ram, nodro\u0161inot, ka lietot\u0101ji viegli un bez apgr\u016btin\u0101jumiem atrod mekl\u0113to.  <\/li>\n\n\n\n<li>Pieg\u0101d\u0101t\u0101js izmanto Google Analytics s\u012bkfailus. Google Analytics inform\u0101ciju v\u0101c anon\u012bmi. T\u0101 zi\u0146o par t\u012bmek\u013ca vietnes tendenc\u0113m, neidentific\u0113jot atsevi\u0161\u0137us apmekl\u0113t\u0101jus. J\u016bs varat atteikties no pakalpojuma Google Analytics, neietekm\u0113jot \u0161\u012bs vietnes apmekl\u0113\u0161anu. Lai ieg\u016btu vair\u0101k inform\u0101cijas par Google Analytics, l\u016bdzu, noklik\u0161\u0137iniet \u0161eit.    <\/li>\n\n\n\n<li>M\u0113r\u0137auditorijas s\u012bkfaili. \u0160\u012bs s\u012bkdatnes re\u0123istr\u0113 j\u016bsu apmekl\u0113jumu Pieg\u0101d\u0101t\u0101ja t\u012bmek\u013ca vietn\u0113, j\u016bsu apmekl\u0113t\u0101s lapas un saites, kur\u0101m esat sekojis. Pieg\u0101d\u0101t\u0101js izmanto \u0161o inform\u0101ciju, lai padar\u012btu t\u012bmek\u013ca vietni un taj\u0101 r\u0101d\u012bto rekl\u0101mu atbilsto\u0161\u0101ku j\u016bsu interes\u0113m. \u0160aj\u0101 nol\u016bk\u0101 Pieg\u0101d\u0101t\u0101js var ar\u012b kop\u012bgot \u0161o inform\u0101ciju ar tre\u0161\u0101m person\u0101m.   <\/li>\n<\/ol>\n<\/li>\n\n\n\n<li>L\u016bdzu, \u0146emiet v\u0113r\u0101, ka tre\u0161\u0101s puses (tostarp, piem\u0113ram, rekl\u0101mas t\u012bkli un \u0101r\u0113jo pakalpojumu sniedz\u0113ji, piem\u0113ram, t\u012bmek\u013ca datpl\u016bsmas anal\u012bzes pakalpojumi) var izmantot ar\u012b s\u012bkfailus, kurus Pieg\u0101d\u0101t\u0101js nevar kontrol\u0113t. \u0160\u012bs s\u012bkdatnes, visticam\u0101k, ir anal\u012btisk\u0101s\/efektivit\u0101tes s\u012bkdatnes vai m\u0113r\u0137auditorijas s\u012bkdatnes. <\/li>\n\n\n\n<li>J\u016bs varat blo\u0137\u0113t s\u012bkfailus, aktiviz\u0113jot p\u0101rl\u016bkprogramm\u0101 iestat\u012bjumu, kas \u013cauj atteikties no visu vai da\u017eu s\u012bkfailu iestat\u012b\u0161anas. Tom\u0113r, ja p\u0101rl\u016bkprogrammas iestat\u012bjumos blo\u0137\u0113jat visas s\u012bkdatnes (tostarp b\u016btisk\u0101s s\u012bkdatnes), iesp\u0113jams, nevar\u0113siet piek\u013c\u016bt visai Pieg\u0101d\u0101t\u0101ja t\u012bmek\u013ca vietnei vai t\u0101s da\u013c\u0101m. <\/li>\n<\/ol>\n\n<h2 class=\"wp-block-heading\" id=\"h-cookie-description\">S\u012aKFAILU APRAKSTS<\/h2>\n<p><script type=\"text\/javascript\" charset=\"UTF-8\" data-cookiescriptreport=\"report\" src=\"\/\/report.cookie-script.com\/r\/21c7c108a50ee55d6c4ed24051df0334.js\"><\/script><\/p>\n\n<p class=\"has-text-align-center\">S\u012bkfailu politika p\u0113d\u0113jo reizi atjaunin\u0101ta: gada 12. oktobris 2022 &#8211; 02:29:00.<\/p>\n","protected":false},"excerpt":{"rendered":"<p>\u0160\u012b S\u012bkfailu politika ir j\u0101saprot kop\u0101 ar Noteikumiem un nosac\u012bjumiem un Priv\u0101tuma politiku (P\u0101r\u012b ar), &#8220;k\u0101 viens veselums&#8221;. S\u012aKFAILU APRAKSTS S\u012bkfailu politika p\u0113d\u0113jo reizi atjaunin\u0101ta: gada 12. oktobris 2022 &#8211; 02:29:00.<\/p>\n","protected":false},"author":1,"featured_media":0,"parent":0,"menu_order":0,"comment_status":"closed","ping_status":"closed","template":"","meta":{"_acf_changed":false,"footnotes":""},"class_list":["post-503701","page","type-page","status-publish","hentry"],"acf":[],"aioseo_notices":[],"aioseo_head":"\n\t\t<!-- All in One SEO Pro 4.9.5.2 - aioseo.com -->\n\t<meta name=\"description\" content=\"\u0160\u012b S\u012bkfailu politika ir j\u0101saprot kop\u0101 ar Noteikumiem un nosac\u012bjumiem un Priv\u0101tuma politiku (P\u0101r\u012b ar), &quot;k\u0101 viens veselums&quot;. \u0160ie p\u0101rdo\u0161anas noteikumi attiecas uz vis\u0101m prec\u0113m, ko pieg\u0101d\u0101 DROIX, kura juridisk\u0101 adrese ir 54C Expressway, N Woolwich Rd, London, E16 2AA, Apvienot\u0101 Karaliste). \u0160aj\u0101 l\u012bgum\u0101 ir atsauces uz: M\u0113s (DROIX) esam Pieg\u0101d\u0101t\u0101js, un J\u016bs (Klients). Pieg\u0101d\u0101t\u0101ja\" \/>\n\t<meta name=\"robots\" content=\"max-image-preview:large\" \/>\n\t<link rel=\"canonical\" href=\"https:\/\/droix.eu\/lv\/sikfailu-politika\/\" \/>\n\t<meta name=\"generator\" content=\"All in One SEO Pro (AIOSEO) 4.9.5.2\" \/>\n\t\t<meta property=\"og:locale\" content=\"lv_LV\" \/>\n\t\t<meta property=\"og:site_name\" content=\"DROIX EU - Get the latest Mini PCs, Ultrabook, PC Gaming Handhelds and more!\" \/>\n\t\t<meta property=\"og:type\" content=\"article\" \/>\n\t\t<meta property=\"og:title\" content=\"S\u012bkfailu politika - DROIX EU\" \/>\n\t\t<meta property=\"og:description\" content=\"\u0160\u012b S\u012bkfailu politika ir j\u0101saprot kop\u0101 ar Noteikumiem un nosac\u012bjumiem un Priv\u0101tuma politiku (P\u0101r\u012b ar), &quot;k\u0101 viens veselums&quot;. \u0160ie p\u0101rdo\u0161anas noteikumi attiecas uz vis\u0101m prec\u0113m, ko pieg\u0101d\u0101 DROIX, kura juridisk\u0101 adrese ir 54C Expressway, N Woolwich Rd, London, E16 2AA, Apvienot\u0101 Karaliste). \u0160aj\u0101 l\u012bgum\u0101 ir atsauces uz: M\u0113s (DROIX) esam Pieg\u0101d\u0101t\u0101js, un J\u016bs (Klients). Pieg\u0101d\u0101t\u0101ja\" \/>\n\t\t<meta property=\"og:url\" content=\"https:\/\/droix.eu\/lv\/sikfailu-politika\/\" \/>\n\t\t<meta property=\"og:image\" content=\"https:\/\/droix.eu\/wp-content\/uploads\/2024\/06\/droix-v2-light-logo.png\" \/>\n\t\t<meta property=\"og:image:secure_url\" content=\"https:\/\/droix.eu\/wp-content\/uploads\/2024\/06\/droix-v2-light-logo.png\" \/>\n\t\t<meta property=\"og:image:width\" content=\"380\" \/>\n\t\t<meta property=\"og:image:height\" content=\"118\" \/>\n\t\t<meta property=\"article:published_time\" content=\"2021-12-23T11:49:46+00:00\" \/>\n\t\t<meta property=\"article:modified_time\" content=\"2025-05-27T13:22:19+00:00\" \/>\n\t\t<meta property=\"article:publisher\" content=\"https:\/\/www.facebook.com\/DroiX.Store\" \/>\n\t\t<meta name=\"twitter:card\" content=\"summary_large_image\" \/>\n\t\t<meta name=\"twitter:site\" content=\"@DroiX_Store\" \/>\n\t\t<meta name=\"twitter:title\" content=\"S\u012bkfailu politika - DROIX EU\" \/>\n\t\t<meta name=\"twitter:description\" content=\"\u0160\u012b S\u012bkfailu politika ir j\u0101saprot kop\u0101 ar Noteikumiem un nosac\u012bjumiem un Priv\u0101tuma politiku (P\u0101r\u012b ar), &quot;k\u0101 viens veselums&quot;. \u0160ie p\u0101rdo\u0161anas noteikumi attiecas uz vis\u0101m prec\u0113m, ko pieg\u0101d\u0101 DROIX, kura juridisk\u0101 adrese ir 54C Expressway, N Woolwich Rd, London, E16 2AA, Apvienot\u0101 Karaliste). \u0160aj\u0101 l\u012bgum\u0101 ir atsauces uz: M\u0113s (DROIX) esam Pieg\u0101d\u0101t\u0101js, un J\u016bs (Klients). Pieg\u0101d\u0101t\u0101ja\" \/>\n\t\t<meta name=\"twitter:creator\" content=\"@DroiX_Store\" \/>\n\t\t<meta name=\"twitter:image\" content=\"https:\/\/droix.eu\/wp-content\/uploads\/2024\/06\/droix-v2-light-logo.png\" \/>\n\t\t<script type=\"application\/ld+json\" class=\"aioseo-schema\">\n\t\t\t{\"@context\":\"https:\\\/\\\/schema.org\",\"@graph\":[{\"@type\":\"BreadcrumbList\",\"@id\":\"https:\\\/\\\/droix.eu\\\/lv\\\/sikfailu-politika\\\/#breadcrumblist\",\"itemListElement\":[{\"@type\":\"ListItem\",\"@id\":\"https:\\\/\\\/droix.eu\\\/lv\\\/#listItem\",\"position\":1,\"name\":\"Home\",\"item\":\"https:\\\/\\\/droix.eu\\\/lv\\\/\",\"nextItem\":{\"@type\":\"ListItem\",\"@id\":\"https:\\\/\\\/droix.eu\\\/lv\\\/sikfailu-politika\\\/#listItem\",\"name\":\"S\\u012bkfailu politika\"}},{\"@type\":\"ListItem\",\"@id\":\"https:\\\/\\\/droix.eu\\\/lv\\\/sikfailu-politika\\\/#listItem\",\"position\":2,\"name\":\"S\\u012bkfailu politika\",\"previousItem\":{\"@type\":\"ListItem\",\"@id\":\"https:\\\/\\\/droix.eu\\\/lv\\\/#listItem\",\"name\":\"Home\"}}]},{\"@type\":\"Organization\",\"@id\":\"https:\\\/\\\/droix.eu\\\/lv\\\/#organization\",\"name\":\"DroiX \\u2013 Trusted EU Tech Retailer with 12+ Years Experience\",\"description\":\"DroiX is a leading European technology retailer with over 12 years of experience, offering quality mini PCs, handheld gaming consoles, and tech accessories. We provide hassle-free EU delivery with all taxes included, ensuring a smooth and reliable shopping experience for our customers across Europe.\",\"url\":\"https:\\\/\\\/droix.eu\\\/lv\\\/\",\"logo\":{\"@type\":\"ImageObject\",\"url\":\"https:\\\/\\\/droix.eu\\\/wp-content\\\/uploads\\\/2024\\\/06\\\/droix-v2-light-logo.png\",\"@id\":\"https:\\\/\\\/droix.eu\\\/lv\\\/sikfailu-politika\\\/#organizationLogo\",\"width\":380,\"height\":118},\"image\":{\"@id\":\"https:\\\/\\\/droix.eu\\\/lv\\\/sikfailu-politika\\\/#organizationLogo\"},\"sameAs\":[\"https:\\\/\\\/www.facebook.com\\\/DroiX.Store\",\"https:\\\/\\\/twitter.com\\\/DroiX_Store\",\"https:\\\/\\\/www.instagram.com\\\/droix.store\\\/\",\"https:\\\/\\\/www.tiktok.com\\\/@droix.store\",\"https:\\\/\\\/www.youtube.com\\\/c\\\/DroiX_Store\",\"https:\\\/\\\/uk.linkedin.com\\\/company\\\/droix\"]},{\"@type\":\"WebPage\",\"@id\":\"https:\\\/\\\/droix.eu\\\/lv\\\/sikfailu-politika\\\/#webpage\",\"url\":\"https:\\\/\\\/droix.eu\\\/lv\\\/sikfailu-politika\\\/\",\"name\":\"S\\u012bkfailu politika - DROIX EU\",\"description\":\"\\u0160\\u012b S\\u012bkfailu politika ir j\\u0101saprot kop\\u0101 ar Noteikumiem un nosac\\u012bjumiem un Priv\\u0101tuma politiku (P\\u0101r\\u012b ar), \\\"k\\u0101 viens veselums\\\". \\u0160ie p\\u0101rdo\\u0161anas noteikumi attiecas uz vis\\u0101m prec\\u0113m, ko pieg\\u0101d\\u0101 DROIX, kura juridisk\\u0101 adrese ir 54C Expressway, N Woolwich Rd, London, E16 2AA, Apvienot\\u0101 Karaliste). \\u0160aj\\u0101 l\\u012bgum\\u0101 ir atsauces uz: M\\u0113s (DROIX) esam Pieg\\u0101d\\u0101t\\u0101js, un J\\u016bs (Klients). Pieg\\u0101d\\u0101t\\u0101ja\",\"inLanguage\":\"lv-LV\",\"isPartOf\":{\"@id\":\"https:\\\/\\\/droix.eu\\\/lv\\\/#website\"},\"breadcrumb\":{\"@id\":\"https:\\\/\\\/droix.eu\\\/lv\\\/sikfailu-politika\\\/#breadcrumblist\"},\"datePublished\":\"2021-12-23T11:49:46+00:00\",\"dateModified\":\"2025-05-27T14:22:19+01:00\"},{\"@type\":\"WebSite\",\"@id\":\"https:\\\/\\\/droix.eu\\\/lv\\\/#website\",\"url\":\"https:\\\/\\\/droix.eu\\\/lv\\\/\",\"name\":\"DROIX EU\",\"description\":\"Get the latest Mini PCs, Ultrabook, PC Gaming Handhelds and more!\",\"inLanguage\":\"lv-LV\",\"publisher\":{\"@id\":\"https:\\\/\\\/droix.eu\\\/lv\\\/#organization\"}}]}\n\t\t<\/script>\n\t\t<!-- All in One SEO Pro -->\r\n\t\t<title>S\u012bkfailu politika - DROIX EU<\/title>\n\n","aioseo_head_json":{"title":"S\u012bkfailu politika - DROIX EU","description":"\u0160\u012b S\u012bkfailu politika ir j\u0101saprot kop\u0101 ar Noteikumiem un nosac\u012bjumiem un Priv\u0101tuma politiku (P\u0101r\u012b ar), \"k\u0101 viens veselums\". \u0160ie p\u0101rdo\u0161anas noteikumi attiecas uz vis\u0101m prec\u0113m, ko pieg\u0101d\u0101 DROIX, kura juridisk\u0101 adrese ir 54C Expressway, N Woolwich Rd, London, E16 2AA, Apvienot\u0101 Karaliste). \u0160aj\u0101 l\u012bgum\u0101 ir atsauces uz: M\u0113s (DROIX) esam Pieg\u0101d\u0101t\u0101js, un J\u016bs (Klients). Pieg\u0101d\u0101t\u0101ja","canonical_url":"https:\/\/droix.eu\/lv\/sikfailu-politika\/","robots":"max-image-preview:large","keywords":"","webmasterTools":{"miscellaneous":""},"schema":{"@context":"https:\/\/schema.org","@graph":[{"@type":"BreadcrumbList","@id":"https:\/\/droix.eu\/lv\/sikfailu-politika\/#breadcrumblist","itemListElement":[{"@type":"ListItem","@id":"https:\/\/droix.eu\/lv\/#listItem","position":1,"name":"Home","item":"https:\/\/droix.eu\/lv\/","nextItem":{"@type":"ListItem","@id":"https:\/\/droix.eu\/lv\/sikfailu-politika\/#listItem","name":"S\u012bkfailu politika"}},{"@type":"ListItem","@id":"https:\/\/droix.eu\/lv\/sikfailu-politika\/#listItem","position":2,"name":"S\u012bkfailu politika","previousItem":{"@type":"ListItem","@id":"https:\/\/droix.eu\/lv\/#listItem","name":"Home"}}]},{"@type":"Organization","@id":"https:\/\/droix.eu\/lv\/#organization","name":"DroiX \u2013 Trusted EU Tech Retailer with 12+ Years Experience","description":"DroiX is a leading European technology retailer with over 12 years of experience, offering quality mini PCs, handheld gaming consoles, and tech accessories. We provide hassle-free EU delivery with all taxes included, ensuring a smooth and reliable shopping experience for our customers across Europe.","url":"https:\/\/droix.eu\/lv\/","logo":{"@type":"ImageObject","url":"https:\/\/droix.eu\/wp-content\/uploads\/2024\/06\/droix-v2-light-logo.png","@id":"https:\/\/droix.eu\/lv\/sikfailu-politika\/#organizationLogo","width":380,"height":118},"image":{"@id":"https:\/\/droix.eu\/lv\/sikfailu-politika\/#organizationLogo"},"sameAs":["https:\/\/www.facebook.com\/DroiX.Store","https:\/\/twitter.com\/DroiX_Store","https:\/\/www.instagram.com\/droix.store\/","https:\/\/www.tiktok.com\/@droix.store","https:\/\/www.youtube.com\/c\/DroiX_Store","https:\/\/uk.linkedin.com\/company\/droix"]},{"@type":"WebPage","@id":"https:\/\/droix.eu\/lv\/sikfailu-politika\/#webpage","url":"https:\/\/droix.eu\/lv\/sikfailu-politika\/","name":"S\u012bkfailu politika - DROIX EU","description":"\u0160\u012b S\u012bkfailu politika ir j\u0101saprot kop\u0101 ar Noteikumiem un nosac\u012bjumiem un Priv\u0101tuma politiku (P\u0101r\u012b ar), \"k\u0101 viens veselums\". \u0160ie p\u0101rdo\u0161anas noteikumi attiecas uz vis\u0101m prec\u0113m, ko pieg\u0101d\u0101 DROIX, kura juridisk\u0101 adrese ir 54C Expressway, N Woolwich Rd, London, E16 2AA, Apvienot\u0101 Karaliste). \u0160aj\u0101 l\u012bgum\u0101 ir atsauces uz: M\u0113s (DROIX) esam Pieg\u0101d\u0101t\u0101js, un J\u016bs (Klients). Pieg\u0101d\u0101t\u0101ja","inLanguage":"lv-LV","isPartOf":{"@id":"https:\/\/droix.eu\/lv\/#website"},"breadcrumb":{"@id":"https:\/\/droix.eu\/lv\/sikfailu-politika\/#breadcrumblist"},"datePublished":"2021-12-23T11:49:46+00:00","dateModified":"2025-05-27T14:22:19+01:00"},{"@type":"WebSite","@id":"https:\/\/droix.eu\/lv\/#website","url":"https:\/\/droix.eu\/lv\/","name":"DROIX EU","description":"Get the latest Mini PCs, Ultrabook, PC Gaming Handhelds and more!","inLanguage":"lv-LV","publisher":{"@id":"https:\/\/droix.eu\/lv\/#organization"}}]},"og:locale":"lv_LV","og:site_name":"DROIX EU - Get the latest Mini PCs, Ultrabook, PC Gaming Handhelds and more!","og:type":"article","og:title":"S\u012bkfailu politika - DROIX EU","og:description":"\u0160\u012b S\u012bkfailu politika ir j\u0101saprot kop\u0101 ar Noteikumiem un nosac\u012bjumiem un Priv\u0101tuma politiku (P\u0101r\u012b ar), &quot;k\u0101 viens veselums&quot;. \u0160ie p\u0101rdo\u0161anas noteikumi attiecas uz vis\u0101m prec\u0113m, ko pieg\u0101d\u0101 DROIX, kura juridisk\u0101 adrese ir 54C Expressway, N Woolwich Rd, London, E16 2AA, Apvienot\u0101 Karaliste). \u0160aj\u0101 l\u012bgum\u0101 ir atsauces uz: M\u0113s (DROIX) esam Pieg\u0101d\u0101t\u0101js, un J\u016bs (Klients). Pieg\u0101d\u0101t\u0101ja","og:url":"https:\/\/droix.eu\/lv\/sikfailu-politika\/","og:image":"https:\/\/droix.eu\/wp-content\/uploads\/2024\/06\/droix-v2-light-logo.png","og:image:secure_url":"https:\/\/droix.eu\/wp-content\/uploads\/2024\/06\/droix-v2-light-logo.png","og:image:width":380,"og:image:height":118,"article:published_time":"2021-12-23T11:49:46+00:00","article:modified_time":"2025-05-27T13:22:19+00:00","article:publisher":"https:\/\/www.facebook.com\/DroiX.Store","twitter:card":"summary_large_image","twitter:site":"@DroiX_Store","twitter:title":"S\u012bkfailu politika - DROIX EU","twitter:description":"\u0160\u012b S\u012bkfailu politika ir j\u0101saprot kop\u0101 ar Noteikumiem un nosac\u012bjumiem un Priv\u0101tuma politiku (P\u0101r\u012b ar), &quot;k\u0101 viens veselums&quot;. \u0160ie p\u0101rdo\u0161anas noteikumi attiecas uz vis\u0101m prec\u0113m, ko pieg\u0101d\u0101 DROIX, kura juridisk\u0101 adrese ir 54C Expressway, N Woolwich Rd, London, E16 2AA, Apvienot\u0101 Karaliste). \u0160aj\u0101 l\u012bgum\u0101 ir atsauces uz: M\u0113s (DROIX) esam Pieg\u0101d\u0101t\u0101js, un J\u016bs (Klients). Pieg\u0101d\u0101t\u0101ja","twitter:creator":"@DroiX_Store","twitter:image":"https:\/\/droix.eu\/wp-content\/uploads\/2024\/06\/droix-v2-light-logo.png"},"aioseo_meta_data":{"post_id":"503701","title":null,"description":null,"keywords":null,"keyphrases":null,"primary_term":null,"canonical_url":null,"og_title":null,"og_description":null,"og_object_type":"default","og_image_type":"default","og_image_url":null,"og_image_width":null,"og_image_height":null,"og_image_custom_url":null,"og_image_custom_fields":null,"og_video":null,"og_custom_url":null,"og_article_section":null,"og_article_tags":null,"twitter_use_og":true,"twitter_card":"default","twitter_image_type":"default","twitter_image_url":null,"twitter_image_custom_url":null,"twitter_image_custom_fields":null,"twitter_title":null,"twitter_description":null,"schema":{"blockGraphs":[],"customGraphs":[],"default":{"data":{"Article":[],"Course":[],"Dataset":[],"FAQPage":[],"Movie":[],"Person":[],"Product":[],"ProductReview":[],"Car":[],"Recipe":[],"Service":[],"SoftwareApplication":[],"WebPage":[]},"graphName":"","isEnabled":true},"graphs":[]},"schema_type":"default","schema_type_options":null,"pillar_content":false,"robots_default":true,"robots_noindex":false,"robots_noarchive":false,"robots_nosnippet":false,"robots_nofollow":false,"robots_noimageindex":false,"robots_noodp":false,"robots_notranslate":false,"robots_max_snippet":null,"robots_max_videopreview":null,"robots_max_imagepreview":"large","priority":null,"frequency":null,"local_seo":null,"seo_analyzer_scan_date":"2025-09-16 22:49:01","breadcrumb_settings":null,"limit_modified_date":false,"reviewed_by":null,"open_ai":null,"ai":null,"created":"2025-09-16 22:49:01","updated":"2025-11-27 00:05:22"},"aioseo_breadcrumb":"<div class=\"aioseo-breadcrumbs\"><span class=\"aioseo-breadcrumb\">\n\t<a href=\"https:\/\/droix.eu\/lv\/\" title=\"Home\">Home<\/a>\n<\/span><span class=\"aioseo-breadcrumb-separator\">&raquo;<\/span><span class=\"aioseo-breadcrumb\">\n\tS\u012bkfailu politika\n<\/span><\/div>","aioseo_breadcrumb_json":[{"label":"Home","link":"https:\/\/droix.eu\/lv\/"},{"label":"S\u012bkfailu politika","link":"https:\/\/droix.eu\/lv\/sikfailu-politika\/"}],"_links":{"self":[{"href":"https:\/\/droix.eu\/lv\/wp-json\/wp\/v2\/pages\/503701","targetHints":{"allow":["GET"]}}],"collection":[{"href":"https:\/\/droix.eu\/lv\/wp-json\/wp\/v2\/pages"}],"about":[{"href":"https:\/\/droix.eu\/lv\/wp-json\/wp\/v2\/types\/page"}],"author":[{"embeddable":true,"href":"https:\/\/droix.eu\/lv\/wp-json\/wp\/v2\/users\/1"}],"replies":[{"embeddable":true,"href":"https:\/\/droix.eu\/lv\/wp-json\/wp\/v2\/comments?post=503701"}],"version-history":[{"count":0,"href":"https:\/\/droix.eu\/lv\/wp-json\/wp\/v2\/pages\/503701\/revisions"}],"wp:attachment":[{"href":"https:\/\/droix.eu\/lv\/wp-json\/wp\/v2\/media?parent=503701"}],"curies":[{"name":"wp","href":"https:\/\/api.w.org\/{rel}","templated":true}]}}