{"id":719688,"date":"2026-05-08T11:39:44","date_gmt":"2026-05-08T10:39:44","guid":{"rendered":"https:\/\/droix.eu\/product\/droix-140w-usb-c-sieninis-ikroviklis\/"},"modified":"2026-05-13T12:26:46","modified_gmt":"2026-05-13T11:26:46","slug":"droix-140w-usb-c-sieninis-ikroviklis","status":"publish","type":"product","link":"https:\/\/droix.eu\/lt\/product\/droix-140w-usb-c-sieninis-ikroviklis\/","title":{"rendered":"DROIX 140W USB-C sieninis \u012fkroviklis"},"content":{"rendered":"\n<div class=\"wp-block-columns is-layout-flex wp-container-core-columns-is-layout-28f84493 wp-block-columns-is-layout-flex\">\n<div class=\"wp-block-column is-layout-flow wp-block-column-is-layout-flow\" style=\"flex-basis:33.33%\">\n<figure class=\"wp-block-image size-large\"><a href=\"https:\/\/droix.eu\/wp-content\/uploads\/2026\/05\/DROIX-140W-BLACK-DONE-01.png\"><img fetchpriority=\"high\" decoding=\"async\" width=\"1024\" height=\"1024\" src=\"https:\/\/droix.eu\/wp-content\/uploads\/2026\/05\/DROIX-140W-BLACK-DONE-01-1024x1024.png\" alt=\"I&#x161;sami dviej&#x173; DROIX 140 W GaN sienini&#x173; &#x12F;krovikli&#x173; i&#x161; skirting&#x173; perspektyv&#x173;, rodom&#x173; juodame fone, produkto vizualizacija. Pirmame plane esan&#x10D;io &#x12F;kroviklio vaizdas i&#x161; priekio &#x12F; tris ketvir&#x10D;ius. Tai matin&#x117;s juodos spalvos blokas, kurio kair&#x117;je pus&#x117;je i&#x161; dalies i&#x161;trauktas JAV sulankstomas ki&#x161;tukas. &#x160;one matomas baltas tekstas &quot;CHARGER 140W&quot; su didele raide &quot;O&quot; ir ma&#x17E;a raide &quot;140&quot; vir&#x161; raid&#x117;s &quot;O&quot;, o po ja - DROIX logotipas. Priekiniame blizgiame juodame pavir&#x161;iuje yra centrinis apskritas ekranas su dinami&#x161;ku vaivoryk&#x161;t&#x117;s spalvos &#x17E;iedu aplink balt&#x105; tekst&#x105; &quot;140 W&quot; ir ma&#x17E;a &#x17E;alia &#x12F;krovimo piktograma. Po ekranu yra mygtukas arba LED indikatorius. &#x12E;kroviklio fone yra galinis trij&#x173; ketvir&#x10D;i&#x173; vaizdas, kuriame matyti prievadai ir teksto detal&#x117;s. Jame ma&#x17E;ais baltais tekstais i&#x161;vardytos i&#x161;samios keli&#x173; eilu&#x10D;i&#x173; technin&#x117;s specifikacijos ir saugos sertifikatai (pavyzd&#x17E;iui, modelio numeriai, vardin&#x117; &#x12F;tampa \/ srov&#x117; ir CE, FCC, UKCA &#x17E;enklai). &#x160;iame &#x12F;renginyje rodomi keturi i&#x161;vesties prievadai: i&#x161; vir&#x161;aus &#x12F; apa&#x10D;i&#x105; - vienas oran&#x17E;iniu akcentu pa&#x17E;ym&#x117;tas USB-A prievadas, pa&#x17E;ym&#x117;tas ma&#x17E;u tekstu &quot;22,5 W Max&quot;, po jo seka trys USB-C prievadai, pa&#x17E;ym&#x117;ti eil&#x117;s tvarka &quot;40 W&quot;, &quot;100 W&quot; ir &quot;140 W&quot;. Abiej&#x173; &#x12F;rengini&#x173; vir&#x161;uje yra ventiliacijos grotel&#x117;s. &#x160;ioje kompozicijoje pateikiamas i&#x161;samus &#x12F;kroviklio prek&#x117;s &#x17E;enklo, ekrano ir prievad&#x173; galimybi&#x173; vaizdas.          \" class=\"wp-image-719285\" srcset=\"https:\/\/droix.eu\/wp-content\/uploads\/2026\/05\/DROIX-140W-BLACK-DONE-01-1024x1024.png 1024w, https:\/\/droix.eu\/wp-content\/uploads\/2026\/05\/DROIX-140W-BLACK-DONE-01-300x300.png 300w, https:\/\/droix.eu\/wp-content\/uploads\/2026\/05\/DROIX-140W-BLACK-DONE-01-768x768.png 768w, https:\/\/droix.eu\/wp-content\/uploads\/2026\/05\/DROIX-140W-BLACK-DONE-01-990x990.png 990w, https:\/\/droix.eu\/wp-content\/uploads\/2026\/05\/DROIX-140W-BLACK-DONE-01-441x441.png 441w, https:\/\/droix.eu\/wp-content\/uploads\/2026\/05\/DROIX-140W-BLACK-DONE-01-100x100.png 100w, https:\/\/droix.eu\/wp-content\/uploads\/2026\/05\/DROIX-140W-BLACK-DONE-01-1000x1000.png 1000w, https:\/\/droix.eu\/wp-content\/uploads\/2026\/05\/DROIX-140W-BLACK-DONE-01-150x150.png 150w, https:\/\/droix.eu\/wp-content\/uploads\/2026\/05\/DROIX-140W-BLACK-DONE-01.png 1500w\" sizes=\"(max-width: 1024px) 100vw, 1024px\" \/><\/a><\/figure>\n<\/div>\n\n\n\n<div class=\"wp-block-column is-layout-flow wp-block-column-is-layout-flow\" style=\"flex-basis:66.66%\">\n<h2 class=\"wp-block-heading\"><strong><strong><strong>DROIX 140 W USB-C GaN sieninis \u012fkroviklis: Auk\u0161\u010diausio lygio auk\u0161tos kokyb\u0117s kelioni\u0173 koncentratorius<\/strong><\/strong><\/strong><\/h2>\n\n\n\n<p>DROIX 140 W USB-C sieninis \u012fkroviklis yra naujos kartos ne\u0161iojamasis maitinimo \u0161altinis, sukurtas specialiai naudotojams, kuriems reikia efektyvumo be dideli\u0173 gabarit\u0173. Integrav\u0119 pa\u017eangiausi\u0105 GaN (galio nitrido) technologij\u0105, suk\u016br\u0117me \u012fkrovikl\u012f, kuris u\u017etikrina didel\u012f galingum\u0105, reikaling\u0105 did\u017eiausiam na\u0161umui pasiekti, pradedant naujausiu &#8220;iPhone 17&#8221; ir baigiant auk\u0161\u010diausios klas\u0117s \u017eaidim\u0173 ne\u0161iojamaisiais kompiuteriais. D\u0117l to nereikia keli\u0173 dideli\u0173 gabarit\u0173 adapteri\u0173, nes j\u016bs\u0173 \u012fkrovimo poreikiai sutelkiami viename eleganti\u0161kame, didelio efektyvumo maitinimo \u012frenginyje.  <\/p>\n<\/div>\n<\/div>\n\n<h2 class=\"wp-block-heading has-text-align-center\"><strong><strong><strong>Kod\u0117l DROIX 140W USB-C GaN \u012fkroviklis yra j\u016bs\u0173 naujasis kelioni\u0173 reikmuo<\/strong><\/strong><\/strong><\/h2>\n\n<div class=\"wp-block-columns is-layout-flex wp-container-core-columns-is-layout-28f84493 wp-block-columns-is-layout-flex\">\n<div class=\"wp-block-column is-layout-flow wp-block-column-is-layout-flow\">\n<figure class=\"wp-block-image size-large\"><a href=\"https:\/\/droix.eu\/wp-content\/uploads\/2026\/05\/DROIX-140W-MARKETING-DONE-05.jpg\"><img decoding=\"async\" width=\"1024\" height=\"1024\" src=\"https:\/\/droix.eu\/wp-content\/uploads\/2026\/05\/DROIX-140W-MARKETING-DONE-05-1024x1024.jpg\" alt=\"&quot;Droix&quot; 140 W &#x12F;kroviklis su sulankstomomis ES \/ JAV ki&#x161;tuko parinktimis ir matmenimis baltame fone\" class=\"wp-image-719286\" srcset=\"https:\/\/droix.eu\/wp-content\/uploads\/2026\/05\/DROIX-140W-MARKETING-DONE-05-1024x1024.jpg 1024w, https:\/\/droix.eu\/wp-content\/uploads\/2026\/05\/DROIX-140W-MARKETING-DONE-05-300x300.jpg 300w, https:\/\/droix.eu\/wp-content\/uploads\/2026\/05\/DROIX-140W-MARKETING-DONE-05-768x768.jpg 768w, https:\/\/droix.eu\/wp-content\/uploads\/2026\/05\/DROIX-140W-MARKETING-DONE-05-990x990.jpg 990w, https:\/\/droix.eu\/wp-content\/uploads\/2026\/05\/DROIX-140W-MARKETING-DONE-05-441x441.jpg 441w, https:\/\/droix.eu\/wp-content\/uploads\/2026\/05\/DROIX-140W-MARKETING-DONE-05-100x100.jpg 100w, https:\/\/droix.eu\/wp-content\/uploads\/2026\/05\/DROIX-140W-MARKETING-DONE-05-1000x1000.jpg 1000w, https:\/\/droix.eu\/wp-content\/uploads\/2026\/05\/DROIX-140W-MARKETING-DONE-05-150x150.jpg 150w, https:\/\/droix.eu\/wp-content\/uploads\/2026\/05\/DROIX-140W-MARKETING-DONE-05.jpg 1500w\" sizes=\"(max-width: 1024px) 100vw, 1024px\" \/><\/a><\/figure>\n<\/div>\n\n\n\n<div class=\"wp-block-column is-layout-flow wp-block-column-is-layout-flow\">\n<figure class=\"wp-block-image size-large\"><a href=\"https:\/\/droix.eu\/wp-content\/uploads\/2026\/05\/DROIX-140W-MARKETING-DONE-012.jpg\"><img decoding=\"async\" width=\"1024\" height=\"1024\" src=\"https:\/\/droix.eu\/wp-content\/uploads\/2026\/05\/DROIX-140W-MARKETING-DONE-012-1024x1024.jpg\" alt=\"DROIX 140 W USB-C sieninis &#x12F;kroviklis, &#x12F;jungtas &#x12F; sienin&#x12F; lizd&#x105;, vienu metu &#x12F;krauna keturis &#x12F;renginius, &#x12F;skaitant ne&#x161;iojam&#x105;j&#x12F; kompiuter&#x12F;, plan&#x161;etin&#x12F; kompiuter&#x12F;, i&#x161;man&#x173;j&#x12F; telefon&#x105; ir i&#x161;man&#x173;j&#x12F; laikrod&#x12F;. Paveiksl&#x117;lyje pabr&#x117;&#x17E;iama &quot;4 &#x12F;rengini&#x173; &#x12F;krovimo vienu metu&quot; galimyb&#x117;, kai prie &#x12F;renginio apa&#x10D;ios prijungti keturi kabeliai. \" class=\"wp-image-719287\" srcset=\"https:\/\/droix.eu\/wp-content\/uploads\/2026\/05\/DROIX-140W-MARKETING-DONE-012-1024x1024.jpg 1024w, https:\/\/droix.eu\/wp-content\/uploads\/2026\/05\/DROIX-140W-MARKETING-DONE-012-300x300.jpg 300w, https:\/\/droix.eu\/wp-content\/uploads\/2026\/05\/DROIX-140W-MARKETING-DONE-012-768x768.jpg 768w, https:\/\/droix.eu\/wp-content\/uploads\/2026\/05\/DROIX-140W-MARKETING-DONE-012-990x990.jpg 990w, https:\/\/droix.eu\/wp-content\/uploads\/2026\/05\/DROIX-140W-MARKETING-DONE-012-441x441.jpg 441w, https:\/\/droix.eu\/wp-content\/uploads\/2026\/05\/DROIX-140W-MARKETING-DONE-012-100x100.jpg 100w, https:\/\/droix.eu\/wp-content\/uploads\/2026\/05\/DROIX-140W-MARKETING-DONE-012-1000x1000.jpg 1000w, https:\/\/droix.eu\/wp-content\/uploads\/2026\/05\/DROIX-140W-MARKETING-DONE-012-150x150.jpg 150w, https:\/\/droix.eu\/wp-content\/uploads\/2026\/05\/DROIX-140W-MARKETING-DONE-012.jpg 1500w\" sizes=\"(max-width: 1024px) 100vw, 1024px\" \/><\/a><\/figure>\n<\/div>\n<\/div>\n\n<p class=\"has-text-align-left\">\u0160ios konstrukcijos pagrindas &#8211; ne\u0161iojamumas. Vos 71 mm ilgio DROIX 140 W \u012fkroviklis yra gerokai ma\u017eesnis u\u017e standartin\u0119 ne\u0161iojamojo kompiuterio plyt\u0105. Nepaisant kompakti\u0161ko dyd\u017eio, jis i\u0161lieka pakankamai galingas, kad \u012fkraut\u0173 &#8220;MacBook Pro 16&#8221; arba GPD WIN <a href=\"https:\/\/droix.eu\/lt\/product\/gpd-win-max-2-2025\/\" target=\"_blank\" rel=\"noopener\" title=\"\">MAX 2 visu<\/a> grei\u010diu.  <\/p>\n\n<p class=\"has-text-align-left\">Be to, d\u0117l vientisos u\u017emaunamos sistemos galite lengvai keisti JK, ES, JAV ir AUS ki\u0161tukus. Tod\u0117l tai yra i\u0161ties globalus \u0161iuolaikinio skaitmeninio klajoklio palydovas. Kadangi jis pritaikomas \u012fvairiems tarptautiniams lizdams, galite keliauti pasitik\u0117dami, kad j\u016bs\u0173 \u012franga &#8211; nuo &#8220;iPhone 16&#8221; iki &#8220;Nintendo Switch 2&#8221; &#8211; i\u0161liks \u012fkrauta.  <\/p>\n\n<h2 class=\"wp-block-heading has-text-align-center\"><strong><strong><strong>Pa\u017eang\u016bs &#8220;GaN Power Delivery&#8221; ir PD 3.1 standartai<\/strong><\/strong><\/strong><\/h2>\n\n<div class=\"wp-block-columns is-layout-flex wp-container-core-columns-is-layout-28f84493 wp-block-columns-is-layout-flex\">\n<div class=\"wp-block-column is-layout-flow wp-block-column-is-layout-flow\">\n<figure class=\"wp-block-image size-large\"><a href=\"https:\/\/droix.eu\/wp-content\/uploads\/2026\/05\/DROIX-140W-MARKETING-DONE-011.jpg\"><img loading=\"lazy\" decoding=\"async\" width=\"1024\" height=\"1024\" src=\"https:\/\/droix.eu\/wp-content\/uploads\/2026\/05\/DROIX-140W-MARKETING-DONE-011-1024x1024.jpg\" alt=\"Stambiu planu nufotografuotas sidabrinis DROIX 140 W &#x12F;kroviklis, kuriame matyti keturios jungtys ir integruotas vaizdinis ekranas. Tekste pabr&#x117;&#x17E;iama &quot;140 W PD 3.1&quot; technologija, pabr&#x117;&#x17E;iant jo geb&#x117;jim&#x105; automati&#x161;kai prisitaikyti ir greitai &#x12F;krauti didelio na&#x161;umo ne&#x161;iojamuosius kompiuterius. \" class=\"wp-image-719288\" srcset=\"https:\/\/droix.eu\/wp-content\/uploads\/2026\/05\/DROIX-140W-MARKETING-DONE-011-1024x1024.jpg 1024w, https:\/\/droix.eu\/wp-content\/uploads\/2026\/05\/DROIX-140W-MARKETING-DONE-011-300x300.jpg 300w, https:\/\/droix.eu\/wp-content\/uploads\/2026\/05\/DROIX-140W-MARKETING-DONE-011-768x768.jpg 768w, https:\/\/droix.eu\/wp-content\/uploads\/2026\/05\/DROIX-140W-MARKETING-DONE-011-990x990.jpg 990w, https:\/\/droix.eu\/wp-content\/uploads\/2026\/05\/DROIX-140W-MARKETING-DONE-011-441x441.jpg 441w, https:\/\/droix.eu\/wp-content\/uploads\/2026\/05\/DROIX-140W-MARKETING-DONE-011-100x100.jpg 100w, https:\/\/droix.eu\/wp-content\/uploads\/2026\/05\/DROIX-140W-MARKETING-DONE-011-1000x1000.jpg 1000w, https:\/\/droix.eu\/wp-content\/uploads\/2026\/05\/DROIX-140W-MARKETING-DONE-011-150x150.jpg 150w, https:\/\/droix.eu\/wp-content\/uploads\/2026\/05\/DROIX-140W-MARKETING-DONE-011.jpg 1500w\" sizes=\"(max-width: 1024px) 100vw, 1024px\" \/><\/a><\/figure>\n<\/div>\n\n\n\n<div class=\"wp-block-column is-layout-flow wp-block-column-is-layout-flow\">\n<figure class=\"wp-block-image size-large\"><a href=\"https:\/\/droix.eu\/wp-content\/uploads\/2026\/05\/DROIX-140W-MARKETING-DONE-09.jpg\"><img loading=\"lazy\" decoding=\"async\" width=\"1024\" height=\"1024\" src=\"https:\/\/droix.eu\/wp-content\/uploads\/2026\/05\/DROIX-140W-MARKETING-DONE-09-1024x1024.jpg\" alt=\"Infografikas &quot;I&#x161;manusis vizualinis &#x12F;kroviklis&quot;, kuriame pristatomi &#x12F;vair&#x16B;s DROIX 140 W &#x12F;kroviklio realiuoju laiku rodomi re&#x17E;imai. Jame i&#x161;samiai apra&#x161;yti s&#x105;sajos ekranai, kuriuose rodoma kiekvieno prievado galia, bendras naudojimo laikas (88H), &#x161;ilumin&#x117; b&#x16B;kl&#x117; ir dinamin&#x117;s &#x12F;krovimo piktogramos. \" class=\"wp-image-719289\" srcset=\"https:\/\/droix.eu\/wp-content\/uploads\/2026\/05\/DROIX-140W-MARKETING-DONE-09-1024x1024.jpg 1024w, https:\/\/droix.eu\/wp-content\/uploads\/2026\/05\/DROIX-140W-MARKETING-DONE-09-300x300.jpg 300w, https:\/\/droix.eu\/wp-content\/uploads\/2026\/05\/DROIX-140W-MARKETING-DONE-09-768x768.jpg 768w, https:\/\/droix.eu\/wp-content\/uploads\/2026\/05\/DROIX-140W-MARKETING-DONE-09-990x990.jpg 990w, https:\/\/droix.eu\/wp-content\/uploads\/2026\/05\/DROIX-140W-MARKETING-DONE-09-441x441.jpg 441w, https:\/\/droix.eu\/wp-content\/uploads\/2026\/05\/DROIX-140W-MARKETING-DONE-09-100x100.jpg 100w, https:\/\/droix.eu\/wp-content\/uploads\/2026\/05\/DROIX-140W-MARKETING-DONE-09-1000x1000.jpg 1000w, https:\/\/droix.eu\/wp-content\/uploads\/2026\/05\/DROIX-140W-MARKETING-DONE-09-150x150.jpg 150w, https:\/\/droix.eu\/wp-content\/uploads\/2026\/05\/DROIX-140W-MARKETING-DONE-09.jpg 1500w\" sizes=\"(max-width: 1024px) 100vw, 1024px\" \/><\/a><\/figure>\n<\/div>\n<\/div>\n\n<p>Naudojant pa\u017eangi\u0105 GaN puslaidininki\u0173 technologij\u0105, \u0161is geriausias 140 W usb c \u012fkroviklis yra efektyvesnis ir i\u0161skiria ma\u017eiau \u0161ilumos, palyginti su tradiciniais silicio \u012fkrovikliais. Jis palaiko PD 3.1 standart\u0105, tod\u0117l yra visi\u0161kai suderinamas su daugiausiai energijos suvartojan\u010diais rinkos prietaisais, \u012fskaitant GPD WIN 5 ir GPD G2. <\/p>\n\n<p>I\u0161manusis trikcinis \u012fkrovimas: Apsaugo j\u016bs\u0173 akumuliatoriaus ilgaam\u017ei\u0161kum\u0105, automati\u0161kai perjungdamas re\u017eim\u0105, kai prietaisas pasiekia 80 % talpos.<\/p>\n\n<p>\u0160ilumos valdymas: Suma\u017eintas \u0161ilumos kiekis apsaugo brangi\u0105 aparatin\u0119 \u012frang\u0105 nuo \u0161iluminio streso, tod\u0117l &#8220;MacBook&#8221; ir mobilieji \u012frenginiai ilgiau i\u0161lieka geriausios b\u016bkl\u0117s.<\/p>\n\n<h2 class=\"wp-block-heading has-text-align-center\"><strong><strong><strong>Technin\u0117s specifikacijos ir universalus suderinamumas<\/strong><\/strong><\/strong><\/h2>\n\n<div class=\"wp-block-columns is-layout-flex wp-container-core-columns-is-layout-28f84493 wp-block-columns-is-layout-flex\">\n<div class=\"wp-block-column is-layout-flow wp-block-column-is-layout-flow\">\n<figure class=\"wp-block-image size-large\"><a href=\"https:\/\/droix.eu\/wp-content\/uploads\/2026\/05\/DROIX-140W-MARKETING-DONE-07.jpg\"><img loading=\"lazy\" decoding=\"async\" width=\"1024\" height=\"1024\" src=\"https:\/\/droix.eu\/wp-content\/uploads\/2026\/05\/DROIX-140W-MARKETING-DONE-07-1024x1024.jpg\" alt=\"I&#x161;samus techninis infografikas, kuriame i&#x161;samiai apra&#x161;yta DROIX 140 W &#x12F;kroviklio galia ir jos paskirstymas. Vir&#x161;utin&#x117;je dalyje pateikiami C1 (140 W), C2 (100 W), C3 (40 W) ir USB-A (22,5 W) prievad&#x173; did&#x17E;iausios individualios galios, &#x12F;tampos ir &#x12F;tampos specifikacijos. Apatiniuose skyriuose pateikta de&#x161;imt diagram&#x173;, kuriose tiksliai parodyta, kaip galia paskirstoma ir paskirstoma &#x12F;vairioms dviej&#x173;, trij&#x173; ir keturi&#x173; prievad&#x173; konfig&#x16B;racijoms.  \" class=\"wp-image-719290\" srcset=\"https:\/\/droix.eu\/wp-content\/uploads\/2026\/05\/DROIX-140W-MARKETING-DONE-07-1024x1024.jpg 1024w, https:\/\/droix.eu\/wp-content\/uploads\/2026\/05\/DROIX-140W-MARKETING-DONE-07-300x300.jpg 300w, https:\/\/droix.eu\/wp-content\/uploads\/2026\/05\/DROIX-140W-MARKETING-DONE-07-768x768.jpg 768w, https:\/\/droix.eu\/wp-content\/uploads\/2026\/05\/DROIX-140W-MARKETING-DONE-07-990x990.jpg 990w, https:\/\/droix.eu\/wp-content\/uploads\/2026\/05\/DROIX-140W-MARKETING-DONE-07-441x441.jpg 441w, https:\/\/droix.eu\/wp-content\/uploads\/2026\/05\/DROIX-140W-MARKETING-DONE-07-100x100.jpg 100w, https:\/\/droix.eu\/wp-content\/uploads\/2026\/05\/DROIX-140W-MARKETING-DONE-07-1000x1000.jpg 1000w, https:\/\/droix.eu\/wp-content\/uploads\/2026\/05\/DROIX-140W-MARKETING-DONE-07-150x150.jpg 150w, https:\/\/droix.eu\/wp-content\/uploads\/2026\/05\/DROIX-140W-MARKETING-DONE-07.jpg 1500w\" sizes=\"(max-width: 1024px) 100vw, 1024px\" \/><\/a><\/figure>\n<\/div>\n\n\n\n<div class=\"wp-block-column is-layout-flow wp-block-column-is-layout-flow\">\n<figure class=\"wp-block-image size-large\"><a href=\"https:\/\/droix.eu\/wp-content\/uploads\/2026\/05\/DROIX-140W-MARKETING-DONE-010.jpg\"><img loading=\"lazy\" decoding=\"async\" width=\"1024\" height=\"1024\" src=\"https:\/\/droix.eu\/wp-content\/uploads\/2026\/05\/DROIX-140W-MARKETING-DONE-010-1024x1024.jpg\" alt=\"Rinkodaros grafika &quot;Supranta j&#x16B;s&#x173; &#x12F;krovimo poreikius&quot;, kurioje pabr&#x117;&#x17E;iami 4 &#x12F;renginio i&#x161;vesties prievadai (3 USB-C ir 1 USB-A). Paveiksl&#x117;lyje pavaizduota &#x12F;vairi suderinama elektronika, &#x12F;skaitant ne&#x161;iojam&#x105;j&#x12F; kompiuter&#x12F;, plan&#x161;etinius kompiuterius, &quot;Nintendo Switch&quot;, i&#x161;maniuosius telefonus, belaides ausines, dron&#x105; ir kardanin&#x119; kamer&#x105;, taip parodant &#x12F;kroviklio universalum&#x105;. \" class=\"wp-image-719291\" srcset=\"https:\/\/droix.eu\/wp-content\/uploads\/2026\/05\/DROIX-140W-MARKETING-DONE-010-1024x1024.jpg 1024w, https:\/\/droix.eu\/wp-content\/uploads\/2026\/05\/DROIX-140W-MARKETING-DONE-010-300x300.jpg 300w, https:\/\/droix.eu\/wp-content\/uploads\/2026\/05\/DROIX-140W-MARKETING-DONE-010-768x768.jpg 768w, https:\/\/droix.eu\/wp-content\/uploads\/2026\/05\/DROIX-140W-MARKETING-DONE-010-990x990.jpg 990w, https:\/\/droix.eu\/wp-content\/uploads\/2026\/05\/DROIX-140W-MARKETING-DONE-010-441x441.jpg 441w, https:\/\/droix.eu\/wp-content\/uploads\/2026\/05\/DROIX-140W-MARKETING-DONE-010-100x100.jpg 100w, https:\/\/droix.eu\/wp-content\/uploads\/2026\/05\/DROIX-140W-MARKETING-DONE-010-1000x1000.jpg 1000w, https:\/\/droix.eu\/wp-content\/uploads\/2026\/05\/DROIX-140W-MARKETING-DONE-010-150x150.jpg 150w, https:\/\/droix.eu\/wp-content\/uploads\/2026\/05\/DROIX-140W-MARKETING-DONE-010.jpg 1500w\" sizes=\"(max-width: 1024px) 100vw, 1024px\" \/><\/a><\/figure>\n<\/div>\n<\/div>\n\n<p>DROIX 140 W USB-C sieninis \u012fkroviklis pasi\u017eymi itin universalia prievad\u0173 konfig\u016bracija, sukurta taip, kad vienu metu b\u016bt\u0173 galima patenkinti kelis energijos poreikius. Pirma, pagrindinis USB-C1 prievadas gali tiekti did\u017eiul\u0119 140 W gali\u0105. \u0160\u012f did\u017eiausi\u0105 na\u0161um\u0105 visi\u0161kai palaiko naujausi PD 3.1 ir PPS protokolai. Be to, antrasis USB-C2 prievadas, skirtas didelio na\u0161umo ne\u0161iojamiesiems kompiuteriams, u\u017etikrina didel\u0119 100 W gali\u0105.   <\/p>\n\n<p>Tuo tarpu USB-C3 prievadas yra 40 W galios, skirtas plan\u0161etiniams kompiuteriams arba ne\u0161iojamiesiems pultams. Be to, USB-A prievadas u\u017etikrina, kad senesni priedai b\u016bt\u0173 \u012fkraunami iki 22,5 W galia. \u0160is prievadas naudoja QC 3.0 ir SCP standartus, kad b\u016bt\u0173 maksimaliai suderinamas. Galiausiai \u0161iuos keturis prievadus valdo i\u0161manioji grandin\u0117, u\u017etikrinanti, kad j\u016bs\u0173 aparatin\u0117 \u012franga b\u016bt\u0173 maitinama saugiai. Tod\u0117l \u0161is \u012frenginys i\u0161lieka efektyviausias pasirinkimas keli\u0173 \u012frengini\u0173 naudotojams.    <\/p>\n\n<h2 class=\"wp-block-heading has-text-align-center\"><strong><strong><strong>Tikslioji steb\u0117sena: Integruotas vizualinis ekranas<\/strong><\/strong><\/strong><\/h2>\n\n<p>Informacija yra galia, o DROIX 140 W \u012fkroviklis j\u0105 suteikia realiuoju laiku. Integruotame i\u0161maniajame vizualiniame ekrane galite vienu \u017evilgsniu steb\u0117ti kiekvieno prievado gali\u0105, bendr\u0105 gali\u0105 ir \u0161ilumin\u0119 b\u016bsen\u0105. Be to, &#8220;Naudojimo laiko&#8221; steb\u0117jimo funkcija suteikia informacijos apie j\u016bs\u0173 \u012fkrovimo \u012fpro\u010dius. Kadangi saugumas yra svarbiausia, ekrane taip pat pabr\u0117\u017eiama, kada \u012frenginys yra &#8220;Puikioje&#8221; \u0161ilumin\u0117je zonoje, tod\u0117l visada \u012fkrausite visi\u0161kai ramiai.   <\/p>\n\n<h2 class=\"wp-block-heading has-text-align-center\"><strong>Integruota sauga ir keli\u0173 sluoksni\u0173 apsauga<\/strong><\/h2>\n\n<p>Kuriant \u0161i\u0105 aparatin\u0119 \u012frang\u0105 apie saug\u0105 nebuvo pagalvota. Va\u017eiuokl\u0117 pagaminta i\u0161 ugniai atsparios kompiuterio med\u017eiagos ir yra apsaugota nuo kritimo. \u012erenginio viduje \u012frengta:  <\/p>\n\n<ul class=\"wp-block-list\">\n<li>Apsauga nuo vir\u0161\u012ftampi\u0173 ir vir\u0161\u012ftampi\u0173<\/li>\n\n\n\n<li>Trumpojo jungimo ir perkaitimo apsaugos priemon\u0117s<\/li>\n\n\n\n<li>Apsauga nuo elektromagnetini\u0173 lauk\u0173<\/li>\n<\/ul>\n\n<p>Tod\u0117l j\u016bs\u0173 brang\u016bs &#8220;iPhone 17&#8221; ir GPD \u017eaidim\u0173 ki\u0161eniniai kompiuteriai yra apsaugoti nuo elektros srov\u0117s sutrikim\u0173. Lengva GaN konstrukcija ir ma\u017eas pulsacij\u0173 kiekis dar labiau u\u017etikrina, kad j\u016bs\u0173 elektronika visada gaus \u0161var\u0173 ir stabil\u0173 maitinim\u0105. <\/p>\n\n<h2 class=\"wp-block-heading has-text-align-center\"><strong>U\u017etikrinkite savo DROIX 140W USB-C sienin\u012f \u012fkrovikl\u012f jau \u0161iandien<\/strong><\/h2>\n\n<p>Nustokite ne\u0161iotis piln\u0105 krep\u0161\u012f nesuderint\u0173 kabeli\u0173 ir sunki\u0173 adapteri\u0173. DROIX 140 W USB-C sieninis \u012fkroviklis yra vienintelis \u012frankis, kurio jums reikia, kad j\u016bs\u0173 mobilusis biuras ar \u017eaidim\u0173 \u012frenginys veikt\u0173 maksimaliu paj\u0117gumu. D\u0117l didel\u0117s \u0161io &#8220;viskas viename&#8221; GaN sprendimo paklausos atsargos greitai kei\u010diasi.  <\/p>\n\n<p>Su\u017einokite, kaip DROIX 140W USB-C &#8220;GaN&#8221; sieninis \u012fkroviklis kei\u010dia \u017eaidim\u0105&#8230;<strong><a href=\"https:\/\/droix.net\/blogs\/pre-order-the-droix-140w-usb-c-wall-charger\/\" target=\"_blank\" rel=\"noopener\" title=\"\">Su\u017einokite daugiau m\u016bs\u0173 tinklara\u0161tyje!<\/a><\/strong><\/p>\n\n<p><\/p>\n","protected":false},"excerpt":{"rendered":"<ul>\n<li><strong>140 W PD 3.1 maitinimas &#8211; spar\u010diai<\/strong> \u012fkraukite didelio na\u0161umo ne\u0161iojamuosius kompiuterius ir \u017eaidim\u0173 ne\u0161iojamuosius kompiuterius did\u017eiausiu grei\u010diu.<\/li>\n<li><strong>Keturi\u0173 prievad\u0173 universalumas &#8211;<\/strong> vienu metu maitinkite keturis \u012frenginius per tris USB-C ir vien\u0105 USB-A prievad\u0105.<\/li>\n<li><strong>Tiesioginis vaizdinis ekranas &#8211;<\/strong> steb\u0117kite realiuoju laiku galingum\u0105, \u0161ilumin\u0119 b\u016bsen\u0105 ir \u012fkrovimo re\u017eimus i\u0161 pirmo \u017evilgsnio.<\/li>\n<li><strong>Pasaulin\u0117 kelioni\u0173 sistema &#8211;<\/strong> apima kei\u010diamus Jungtin\u0117s Karalyst\u0117s, ES, JAV ir JAV ki\u0161tukinius adapterius.<\/li>\n<li><strong>Pa\u017eangi saugos mikroschema &#8211;<\/strong> daugiasluoksn\u0117 apsauga u\u017etikrina stabil\u0173, \u0161ilum\u0105 reguliuojant\u012f aparatin\u0117s \u012frangos maitinim\u0105.<\/li>\n<\/ul>\n[droix_global_accordions]\n[cg_accordion title=\"\u012e paket\u0105 \u012feina\"]<\/p>\n<ul>\n<li>1x DROIX 140W USB-C sieninis \u012fkroviklis<\/li>\n<li>1x JK ki\u0161tukinis adapteris<\/li>\n<li>1x ES ki\u0161tuko adapteris<\/li>\n<li>1x naudotojo vadovas<\/li>\n<\/ul>\n<p>[\/cg_accordion]\n","protected":false},"featured_media":719693,"template":"","meta":{"_acf_changed":false},"product_brand":[],"product_cat":[12685,10471,10408,10409],"product_tag":[],"woo-feed-brand":[],"key-features":[],"class_list":{"0":"post-719688","1":"product","2":"type-product","3":"status-publish","4":"has-post-thumbnail","6":"product_cat-kompiuteriu-priedai","7":"product_cat-nesiojamuju-kompiuteriu-priedai","8":"product_cat-priedai","9":"product_cat-zaidimu-priedai","10":"product_shipping_class-standard","12":"first","13":"onbackorder","14":"sale","15":"taxable","16":"shipping-taxable","17":"product-type-variable","18":"has-default-attributes"},"acf":[],"aioseo_notices":[],"_links":{"self":[{"href":"https:\/\/droix.eu\/lt\/wp-json\/wp\/v2\/product\/719688","targetHints":{"allow":["GET"]}}],"collection":[{"href":"https:\/\/droix.eu\/lt\/wp-json\/wp\/v2\/product"}],"about":[{"href":"https:\/\/droix.eu\/lt\/wp-json\/wp\/v2\/types\/product"}],"version-history":[{"count":0,"href":"https:\/\/droix.eu\/lt\/wp-json\/wp\/v2\/product\/719688\/revisions"}],"wp:featuredmedia":[{"embeddable":true,"href":"https:\/\/droix.eu\/lt\/wp-json\/wp\/v2\/media\/719693"}],"wp:attachment":[{"href":"https:\/\/droix.eu\/lt\/wp-json\/wp\/v2\/media?parent=719688"}],"wp:term":[{"taxonomy":"product_brand","embeddable":true,"href":"https:\/\/droix.eu\/lt\/wp-json\/wp\/v2\/product_brand?post=719688"},{"taxonomy":"product_cat","embeddable":true,"href":"https:\/\/droix.eu\/lt\/wp-json\/wp\/v2\/product_cat?post=719688"},{"taxonomy":"product_tag","embeddable":true,"href":"https:\/\/droix.eu\/lt\/wp-json\/wp\/v2\/product_tag?post=719688"},{"taxonomy":"woo-feed-brand","embeddable":true,"href":"https:\/\/droix.eu\/lt\/wp-json\/wp\/v2\/woo-feed-brand?post=719688"},{"taxonomy":"key-features","embeddable":true,"href":"https:\/\/droix.eu\/lt\/wp-json\/wp\/v2\/key-features?post=719688"}],"curies":[{"name":"wp","href":"https:\/\/api.w.org\/{rel}","templated":true}]}}