{"id":706996,"date":"2026-02-10T11:27:40","date_gmt":"2026-02-10T11:27:40","guid":{"rendered":"https:\/\/droix.eu\/product\/onexplayer-apex-akumuliatorius\/"},"modified":"2026-02-12T10:10:30","modified_gmt":"2026-02-12T10:10:30","slug":"onexplayer-apex-akumuliatorius","status":"publish","type":"product","link":"https:\/\/droix.eu\/lt\/product\/onexplayer-apex-akumuliatorius\/","title":{"rendered":"ONEXPLAYER APEX akumuliatorius"},"content":{"rendered":"\n<h2 class=\"wp-block-heading\">&#8220;ONEXPLAYER Apex&#8221; baterija: 85Wh kei\u010diamo maitinimo komplekto d\u0117ka pagerinsite savo \u017eaidim\u0173 kokyb\u0119<\/h2>\n\n<p id=\"p-rc_b05a515aa78bffb9-171\">&#8220;ONEXPLAYER apex&#8221; baterija yra revoliucinis priedas, skirtas pakeisti rankini\u0173 \u017eaidim\u0173 entuziast\u0173 energijos poreikio valdym\u0105 ilgesni\u0173 \u017eaidim\u0173 metu. \u0160is didel\u0117s talpos 85Wh \u012frenginys yra vientisas &#8220;OneXFly Apex&#8221; maitinimo sprendimas, u\u017etikrinantis, kad naudotojams niekada nereik\u0117s \u017eaidimo viduryje prisiri\u0161ti prie elektros lizdo. Kadangi tiekim\u0105 planuojama prad\u0117ti 2026 m. bir\u017eel\u012f, \u0161is atnaujinimas yra ne\u0161iojam\u0173j\u0173 \u017eaidim\u0173 i\u0161tverm\u0117s ateitis.  <\/p>\n\n<h2 class=\"wp-block-heading\">Kod\u0117l &#8220;OneXFly Apex&#8221; akumuliatorius kei\u010dia ne\u0161iojamum\u0105<\/h2>\n\n<p id=\"p-rc_b05a515aa78bffb9-172\">Pagrindin\u0117 &#8220;onexfly apex&#8221; akumuliatoriaus filosofija &#8211; kelion\u0117ms pritaikyta energija. Kadangi \u017eaid\u017eiant \u017eaidimus kelyje da\u017enai kyla nerimas d\u0117l baterijos, \u0161i kei\u010diama sistema buvo sukurta tam, kad akimirksniu palengvint\u0173 situacij\u0105. U\u017emaunama konstrukcija leid\u017eia greitai ir be vargo prijungti, tod\u0117l galite padvigubinti \u017eaidimo laik\u0105 be b\u016btinyb\u0117s perkrauti sistem\u0105.  <\/p>\n\n<h2 class=\"wp-block-heading\">Technin\u0117s specifikacijos ir &#8220;Snap-On&#8221; dizainas<\/h2>\n\n<p id=\"p-rc_b05a515aa78bffb9-173\">\u012esp\u016bdingos 85Wh talpos &#8220;OneXFly Apex&#8221; akumuliatorius pasi\u017eymi vienu i\u0161 did\u017eiausi\u0173 energijos tanki\u0173, prieinam\u0173 ne\u0161iojamiesiems periferiniams \u012frenginiams.<sup><\/sup>  Prie kiekvieno \u012frenginio pridedamas specialus akumuliatoriaus ir \u012frenginio jungiamasis kabelis, kad b\u016bt\u0173 u\u017etikrintas stabilus ir efektyvus energijos srautas. Tod\u0117l technin\u0117 \u012franga i\u0161lieka plona, o akumuliatorius suteikia AAA pavadinimams reikalingos energijos. <\/p>\n\n<h2 class=\"wp-block-heading\">Did\u017eiausio na\u0161umo u\u017etikrinimas naudojant &#8220;ONEXPLAYER Apex&#8221; akumuliatori\u0173<\/h2>\n\n<p>Naudojant \u0161i\u0105 akimirksniu kei\u010diam\u0105 technologij\u0105 paprasta optimizuoti ne\u0161iojamojo kompiuterio naudojimo patirt\u012f. Nors vidin\u0117s baterijos ilgainiui nusid\u0117vi, kei\u010diama vieno sluoksnio ONEXPLAYER baterija u\u017etikrina, kad j\u016bs\u0173 prietaisas veiks ilgus metus. Jungtis tvirtinama tvirtu fiksavimo mechanizmu, kuris buvo kruop\u0161\u010diai i\u0161bandytas, kad b\u016bt\u0173 patvarus ir patogus naudoti keliaujant.  <\/p>\n\n<h2 class=\"wp-block-heading\">Apsaugokite savo \u012frang\u0105 ir patikrinkite &#8220;Apex&#8221; akumuliatoriaus kain\u0105<\/h2>\n\n<p>Tikimasi, kad art\u0117jant 2026 m. bir\u017eelio m\u0117nesio paleidimo terminui \u0161io didelio na\u0161umo priedo paklausa bus didel\u0117. Patikrin\u0119 dabartin\u0119 &#8220;apex&#8221; akumuliatoriaus kain\u0105 ir pateik\u0119 i\u0161ankstin\u012f u\u017esakym\u0105 m\u016bs\u0173 parduotuv\u0117je, garantuojate, kad j\u016bs\u0173 \u012frenginys bus rezervuotas i\u0161 pirmosios gamybos partijos. Nerizikuokite praleisti \u0161io b\u016btino atnaujinimo; apsilankykite m\u016bs\u0173 produkto puslapyje \u0161iandien, kad su\u017einotum\u0117te daugiau ir u\u017esitikrintum\u0117te &#8220;OneXFly Apex&#8221; akumuliatori\u0173, kad j\u016bs\u0173 \u017eaidim\u0173 sesijos niekada nesibaigt\u0173 anks\u010diau laiko!  <\/p>\n","protected":false},"excerpt":{"rendered":"<ul>\n<li><strong>85Wh talpa:<\/strong> U\u017etikrina ilgesn\u012f, didel\u0117s galios ne\u0161iojam\u0173 \u017eaidim\u0173 laik\u0105.<\/li>\n<li><strong>5519 mAh vardin\u0117 talpa:<\/strong> U\u017etikrina ilgalaik\u012f ir patikim\u0105 naudojim\u0105 keliaujant.<\/li>\n<li><strong>Modulinis dizainas:<\/strong> Greito pritvirtinimo mechanizmas, kad b\u016bt\u0173 galima lengvai pakeisti ir nuimti.<\/li>\n<li><strong>Auk\u0161tos \u012ftampos maitinimas: sukurtas<\/strong> galingam ONEXFLY APEX APU palaikyti.<\/li>\n<li><strong>Oficialus ONEXPLAYER priedas:<\/strong> Garantuoja puik\u0173 pritaikym\u0105, suderinamum\u0105 ir saugum\u0105.<\/li>\n<\/ul>\n<pre><b>Prek\u0117 i\u0161 anksto u\u017esakyta<\/b>\n<ul>\n<li>Numatoma i\u0161leidimo data: 2026 m. bir\u017eelio 26 d.<\/li><\/pre>\n<\/ul>\n[droix_global_accordions]\n[cg_accordion title=\"\u012e paket\u0105 \u012feina\"]<\/p>\n<ul>\n<li>1x ONEXPLAYER APEX akumuliatorius<\/li>\n<\/ul>\n<p>[\/cg_accordion]\n","protected":false},"featured_media":707003,"template":"","meta":{"_acf_changed":false},"product_brand":[],"product_cat":[10408,10409],"product_tag":[],"woo-feed-brand":[2199],"key-features":[],"class_list":{"0":"post-706996","1":"product","2":"type-product","3":"status-publish","4":"has-post-thumbnail","6":"product_cat-priedai","7":"product_cat-zaidimu-priedai","8":"product_shipping_class-low-end","9":"pa_accessory-type-add-ons","10":"pa_brands-onexplayer-lt","11":"pa_compatibility-onexplayer-onexfly-apex","12":"woo-feed-brand-onexplayer","14":"first","15":"onbackorder","16":"taxable","17":"shipping-taxable","18":"purchasable","19":"product-type-variable","20":"has-default-attributes"},"acf":[],"aioseo_notices":[],"_links":{"self":[{"href":"https:\/\/droix.eu\/lt\/wp-json\/wp\/v2\/product\/706996","targetHints":{"allow":["GET"]}}],"collection":[{"href":"https:\/\/droix.eu\/lt\/wp-json\/wp\/v2\/product"}],"about":[{"href":"https:\/\/droix.eu\/lt\/wp-json\/wp\/v2\/types\/product"}],"version-history":[{"count":0,"href":"https:\/\/droix.eu\/lt\/wp-json\/wp\/v2\/product\/706996\/revisions"}],"wp:featuredmedia":[{"embeddable":true,"href":"https:\/\/droix.eu\/lt\/wp-json\/wp\/v2\/media\/707003"}],"wp:attachment":[{"href":"https:\/\/droix.eu\/lt\/wp-json\/wp\/v2\/media?parent=706996"}],"wp:term":[{"taxonomy":"product_brand","embeddable":true,"href":"https:\/\/droix.eu\/lt\/wp-json\/wp\/v2\/product_brand?post=706996"},{"taxonomy":"product_cat","embeddable":true,"href":"https:\/\/droix.eu\/lt\/wp-json\/wp\/v2\/product_cat?post=706996"},{"taxonomy":"product_tag","embeddable":true,"href":"https:\/\/droix.eu\/lt\/wp-json\/wp\/v2\/product_tag?post=706996"},{"taxonomy":"woo-feed-brand","embeddable":true,"href":"https:\/\/droix.eu\/lt\/wp-json\/wp\/v2\/woo-feed-brand?post=706996"},{"taxonomy":"key-features","embeddable":true,"href":"https:\/\/droix.eu\/lt\/wp-json\/wp\/v2\/key-features?post=706996"}],"curies":[{"name":"wp","href":"https:\/\/api.w.org\/{rel}","templated":true}]}}