{"id":658338,"date":"2025-06-17T15:49:05","date_gmt":"2025-06-17T14:49:05","guid":{"rendered":"https:\/\/droix.eu\/product\/onexplayer-oculink-kabelis\/"},"modified":"2026-04-08T10:56:45","modified_gmt":"2026-04-08T09:56:45","slug":"onexplayer-oculink-kabelis","status":"publish","type":"product","link":"https:\/\/droix.eu\/lt\/product\/onexplayer-oculink-kabelis\/","title":{"rendered":"ONEXPLAYER OCuLink kabelis"},"content":{"rendered":"\n<h3 class=\"wp-block-heading\"><strong>Pristatome ONEXPLAYER OCuLink: Suteikite daugiau galimybi\u0173 savo s\u0105rankai<\/strong><\/h3>\n\n<p>Sukurtas taip, kad papildyt\u0173 ONEXPLAYER ONEXGPU. Kruop\u0161\u010diai suprojektuotas i\u0161 auk\u0161\u010diausios kokyb\u0117s med\u017eiag\u0173, &#8220;ONEXPLAYER OCuLink&#8221; kabelis sukurtas taip, kad atlaikyt\u0173 kasdien\u012f nusid\u0117v\u0117jim\u0105 ir suteikt\u0173 jums prana\u0161um\u0105.<\/p>\n\n<p><\/p>\n","protected":false},"excerpt":{"rendered":"<ul>\n<li><strong>Oficialus ONEXPLAYER<\/strong> OCuLink kabelis<\/li>\n<li>Suderinama su <strong>ONEXPLAYER ONEXGPU \/ X1<\/strong><\/li>\n<li>Grei\u010diau nei <strong>USB 4.0 Type-C<\/strong><\/li>\n<li>Auk\u0161tos kokyb\u0117s pintas kabelis<\/li>\n<li>1M ilgio kabelis<\/li>\n<\/ul>\n[droix_global_accordions]\n[cg_accordion title=\"\u012e paket\u0105 \u012feina\"]<\/p>\n<ul>\n<li>1x ONEXPLAYER OCuLink kabelis<\/li>\n<\/ul>\n<p>[\/cg_accordion]\n","protected":false},"featured_media":647934,"template":"","meta":{"_acf_changed":false},"product_brand":[],"product_cat":[10408,10409],"product_tag":[],"woo-feed-brand":[2199],"key-features":[],"class_list":{"0":"post-658338","1":"product","2":"type-product","3":"status-publish","4":"has-post-thumbnail","6":"product_cat-priedai","7":"product_cat-zaidimu-priedai","8":"product_shipping_class-low-end","9":"pa_accessory-type-cable","10":"pa_brands-onexplayer-lt","11":"woo-feed-brand-onexplayer","13":"first","14":"instock","15":"sale","16":"taxable","17":"shipping-taxable","18":"purchasable","19":"product-type-simple"},"acf":[],"aioseo_notices":[],"aioseo_head":"\n\t\t<!-- All in One SEO Pro 4.9.5.2 - aioseo.com -->\n\t<meta name=\"description\" content=\"Oficialus ONEXPLAYER OCuLink kabelis Suderinama su ONEXPLAYER ONEXGPU \/ X1 Grei\u010diau nei USB 4.0 Type-C Auk\u0161tos kokyb\u0117s pintas kabelis 1M ilgio kabelis \u012e paket\u0105 \u012feina 1x ONEXPLAYER OCuLink kabelis\" \/>\n\t<meta name=\"robots\" content=\"max-image-preview:large\" \/>\n\t<link rel=\"canonical\" href=\"https:\/\/droix.eu\/lt\/product\/onexplayer-oculink-kabelis\/\" \/>\n\t<meta name=\"generator\" content=\"All in One SEO Pro (AIOSEO) 4.9.5.2\" \/>\n\t\t<meta property=\"og:locale\" content=\"lt_LT\" \/>\n\t\t<meta property=\"og:site_name\" content=\"DROIX EU - Get the latest Mini PCs, Ultrabook, PC Gaming Handhelds and more!\" \/>\n\t\t<meta property=\"og:type\" content=\"article\" \/>\n\t\t<meta property=\"og:title\" content=\"ONEXPLAYER OCuLink kabelis - DROIX EU\" \/>\n\t\t<meta property=\"og:description\" content=\"Oficialus ONEXPLAYER OCuLink kabelis Suderinama su ONEXPLAYER ONEXGPU \/ X1 Grei\u010diau nei USB 4.0 Type-C Auk\u0161tos kokyb\u0117s pintas kabelis 1M ilgio kabelis \u012e paket\u0105 \u012feina 1x ONEXPLAYER OCuLink kabelis\" \/>\n\t\t<meta property=\"og:url\" content=\"https:\/\/droix.eu\/lt\/product\/onexplayer-oculink-kabelis\/\" \/>\n\t\t<meta property=\"og:image\" content=\"https:\/\/droix.eu\/wp-content\/uploads\/2024\/06\/droix-v2-light-logo.png\" \/>\n\t\t<meta property=\"og:image:secure_url\" content=\"https:\/\/droix.eu\/wp-content\/uploads\/2024\/06\/droix-v2-light-logo.png\" \/>\n\t\t<meta property=\"og:image:width\" content=\"380\" \/>\n\t\t<meta property=\"og:image:height\" content=\"118\" \/>\n\t\t<meta property=\"article:published_time\" content=\"2025-06-17T14:49:05+00:00\" \/>\n\t\t<meta property=\"article:modified_time\" content=\"2026-04-08T09:56:45+00:00\" \/>\n\t\t<meta property=\"article:publisher\" content=\"https:\/\/www.facebook.com\/DroiX.Store\" \/>\n\t\t<meta name=\"twitter:card\" content=\"summary_large_image\" \/>\n\t\t<meta name=\"twitter:site\" content=\"@DroiX_Store\" \/>\n\t\t<meta name=\"twitter:title\" content=\"ONEXPLAYER OCuLink kabelis - DROIX EU\" \/>\n\t\t<meta name=\"twitter:description\" content=\"Oficialus ONEXPLAYER OCuLink kabelis Suderinama su ONEXPLAYER ONEXGPU \/ X1 Grei\u010diau nei USB 4.0 Type-C Auk\u0161tos kokyb\u0117s pintas kabelis 1M ilgio kabelis \u012e paket\u0105 \u012feina 1x ONEXPLAYER OCuLink kabelis\" \/>\n\t\t<meta name=\"twitter:image\" content=\"https:\/\/droix.eu\/wp-content\/uploads\/2024\/06\/droix-v2-light-logo.png\" \/>\n\t\t<script type=\"application\/ld+json\" class=\"aioseo-schema\">\n\t\t\t{\"@context\":\"https:\\\/\\\/schema.org\",\"@graph\":[{\"@type\":\"BreadcrumbList\",\"@id\":\"https:\\\/\\\/droix.eu\\\/lt\\\/product\\\/onexplayer-oculink-kabelis\\\/#breadcrumblist\",\"itemListElement\":[{\"@type\":\"ListItem\",\"@id\":\"https:\\\/\\\/droix.eu\\\/lt\\\/#listItem\",\"position\":1,\"name\":\"Home\",\"item\":\"https:\\\/\\\/droix.eu\\\/lt\\\/\",\"nextItem\":{\"@type\":\"ListItem\",\"@id\":\"https:\\\/\\\/droix.eu\\\/lt\\\/product-category\\\/priedai\\\/#listItem\",\"name\":\"Priedai\"}},{\"@type\":\"ListItem\",\"@id\":\"https:\\\/\\\/droix.eu\\\/lt\\\/product-category\\\/priedai\\\/#listItem\",\"position\":2,\"name\":\"Priedai\",\"item\":\"https:\\\/\\\/droix.eu\\\/lt\\\/product-category\\\/priedai\\\/\",\"nextItem\":{\"@type\":\"ListItem\",\"@id\":\"https:\\\/\\\/droix.eu\\\/lt\\\/product-category\\\/priedai\\\/zaidimu-priedai\\\/#listItem\",\"name\":\"\\u017daidim\\u0173 priedai\"},\"previousItem\":{\"@type\":\"ListItem\",\"@id\":\"https:\\\/\\\/droix.eu\\\/lt\\\/#listItem\",\"name\":\"Home\"}},{\"@type\":\"ListItem\",\"@id\":\"https:\\\/\\\/droix.eu\\\/lt\\\/product-category\\\/priedai\\\/zaidimu-priedai\\\/#listItem\",\"position\":3,\"name\":\"\\u017daidim\\u0173 priedai\",\"item\":\"https:\\\/\\\/droix.eu\\\/lt\\\/product-category\\\/priedai\\\/zaidimu-priedai\\\/\",\"nextItem\":{\"@type\":\"ListItem\",\"@id\":\"https:\\\/\\\/droix.eu\\\/lt\\\/product\\\/onexplayer-oculink-kabelis\\\/#listItem\",\"name\":\"ONEXPLAYER OCuLink kabelis\"},\"previousItem\":{\"@type\":\"ListItem\",\"@id\":\"https:\\\/\\\/droix.eu\\\/lt\\\/product-category\\\/priedai\\\/#listItem\",\"name\":\"Priedai\"}},{\"@type\":\"ListItem\",\"@id\":\"https:\\\/\\\/droix.eu\\\/lt\\\/product\\\/onexplayer-oculink-kabelis\\\/#listItem\",\"position\":4,\"name\":\"ONEXPLAYER OCuLink kabelis\",\"previousItem\":{\"@type\":\"ListItem\",\"@id\":\"https:\\\/\\\/droix.eu\\\/lt\\\/product-category\\\/priedai\\\/zaidimu-priedai\\\/#listItem\",\"name\":\"\\u017daidim\\u0173 priedai\"}}]},{\"@type\":\"Organization\",\"@id\":\"https:\\\/\\\/droix.eu\\\/lt\\\/#organization\",\"name\":\"DroiX \\u2013 Trusted EU Tech Retailer with 12+ Years Experience\",\"description\":\"DroiX is a leading European technology retailer with over 12 years of experience, offering quality mini PCs, handheld gaming consoles, and tech accessories. We provide hassle-free EU delivery with all taxes included, ensuring a smooth and reliable shopping experience for our customers across Europe.\",\"url\":\"https:\\\/\\\/droix.eu\\\/lt\\\/\",\"logo\":{\"@type\":\"ImageObject\",\"url\":\"https:\\\/\\\/droix.eu\\\/wp-content\\\/uploads\\\/2024\\\/06\\\/droix-v2-light-logo.png\",\"@id\":\"https:\\\/\\\/droix.eu\\\/lt\\\/product\\\/onexplayer-oculink-kabelis\\\/#organizationLogo\",\"width\":380,\"height\":118},\"image\":{\"@id\":\"https:\\\/\\\/droix.eu\\\/lt\\\/product\\\/onexplayer-oculink-kabelis\\\/#organizationLogo\"},\"sameAs\":[\"https:\\\/\\\/www.facebook.com\\\/DroiX.Store\",\"https:\\\/\\\/twitter.com\\\/DroiX_Store\",\"https:\\\/\\\/www.instagram.com\\\/droix.store\\\/\",\"https:\\\/\\\/www.tiktok.com\\\/@droix.store\",\"https:\\\/\\\/www.youtube.com\\\/c\\\/DroiX_Store\",\"https:\\\/\\\/uk.linkedin.com\\\/company\\\/droix\"]},{\"@type\":\"Product\",\"@id\":\"https:\\\/\\\/droix.eu\\\/lt\\\/product\\\/onexplayer-oculink-kabelis\\\/#wooCommerceProduct\",\"name\":\"ONEXPLAYER OCuLink kabelis\",\"description\":\"Oficialus ONEXPLAYER OCuLink kabelis\\n  Suderinama su ONEXPLAYER ONEXGPU \\\/ X1\\n  Grei\\u010diau nei USB 4.0 Type-C\\n  Auk\\u0161tos kokyb\\u0117s pintas kabelis\\n  1M ilgio kabelis\",\"url\":\"https:\\\/\\\/droix.eu\\\/lt\\\/product\\\/onexplayer-oculink-kabelis\\\/\",\"sku\":\"ONEXPLAYER-OCULINK-CABLE\",\"gtin\":\"5060763678439\",\"image\":{\"@type\":\"ImageObject\",\"url\":\"https:\\\/\\\/droix.eu\\\/wp-content\\\/uploads\\\/2025\\\/06\\\/ONEXPLAYER-OCULINK-CABLE-DONE-01.png\",\"@id\":\"https:\\\/\\\/droix.eu\\\/lt\\\/product\\\/onexplayer-oculink-kabelis\\\/#productImage\",\"width\":1500,\"height\":1500,\"caption\":\"Paveiksl\\u0117lyje pavaizduotas ONEXPLAYER OCuLink kabelis su patvaria pinta konstrukcija ir jungtimis abiejuose galuose. Toliau pateikiamas suderinamumo skyrius, kuriame rodomi palaikomi \\u012frenginiai, \\u012fskaitant GPD WIN 4 (2024 ir 2025), GPD WIN MAX 2 (2024 ir 2025), GPD DUO, ONEXPLAYER X1\\\/X1 Mini ir MINISFORUM UM780XTX, taip pat pastaba, kurioje minimas suderinamumas su papildomais \\u012frenginiais, turin\\u010diais OCuLink\\\/M.2 NVMe prievadus.\"},\"offers\":{\"@type\":\"Offer\",\"url\":\"https:\\\/\\\/droix.eu\\\/lt\\\/product\\\/onexplayer-oculink-kabelis\\\/#wooCommerceOffer\",\"price\":24.54,\"priceCurrency\":\"EUR\",\"category\":\"Priedai\",\"availability\":\"https:\\\/\\\/schema.org\\\/InStock\",\"priceSpecification\":{\"@type\":\"PriceSpecification\",\"price\":24.54,\"priceCurrency\":\"EUR\",\"valueAddedTaxIncluded\":\"true\"},\"seller\":{\"@type\":\"Organization\",\"@id\":\"https:\\\/\\\/droix.eu\\\/lt\\\/#organization\"}}},{\"@type\":\"WebPage\",\"@id\":\"https:\\\/\\\/droix.eu\\\/lt\\\/product\\\/onexplayer-oculink-kabelis\\\/#webpage\",\"url\":\"https:\\\/\\\/droix.eu\\\/lt\\\/product\\\/onexplayer-oculink-kabelis\\\/\",\"name\":\"ONEXPLAYER OCuLink kabelis - DROIX EU\",\"description\":\"Oficialus ONEXPLAYER OCuLink kabelis Suderinama su ONEXPLAYER ONEXGPU \\\/ X1 Grei\\u010diau nei USB 4.0 Type-C Auk\\u0161tos kokyb\\u0117s pintas kabelis 1M ilgio kabelis \\u012e paket\\u0105 \\u012feina 1x ONEXPLAYER OCuLink kabelis\",\"inLanguage\":\"lt-LT\",\"isPartOf\":{\"@id\":\"https:\\\/\\\/droix.eu\\\/lt\\\/#website\"},\"breadcrumb\":{\"@id\":\"https:\\\/\\\/droix.eu\\\/lt\\\/product\\\/onexplayer-oculink-kabelis\\\/#breadcrumblist\"},\"image\":{\"@type\":\"ImageObject\",\"url\":\"https:\\\/\\\/droix.eu\\\/wp-content\\\/uploads\\\/2025\\\/06\\\/ONEXPLAYER-OCULINK-CABLE-DONE-01.png\",\"@id\":\"https:\\\/\\\/droix.eu\\\/lt\\\/product\\\/onexplayer-oculink-kabelis\\\/#mainImage\",\"width\":1500,\"height\":1500,\"caption\":\"Paveiksl\\u0117lyje pavaizduotas ONEXPLAYER OCuLink kabelis su patvaria pinta konstrukcija ir jungtimis abiejuose galuose. Toliau pateikiamas suderinamumo skyrius, kuriame rodomi palaikomi \\u012frenginiai, \\u012fskaitant GPD WIN 4 (2024 ir 2025), GPD WIN MAX 2 (2024 ir 2025), GPD DUO, ONEXPLAYER X1\\\/X1 Mini ir MINISFORUM UM780XTX, taip pat pastaba, kurioje minimas suderinamumas su papildomais \\u012frenginiais, turin\\u010diais OCuLink\\\/M.2 NVMe prievadus.\"},\"primaryImageOfPage\":{\"@id\":\"https:\\\/\\\/droix.eu\\\/lt\\\/product\\\/onexplayer-oculink-kabelis\\\/#mainImage\"},\"datePublished\":\"2025-06-17T15:49:05+01:00\",\"dateModified\":\"2026-04-08T10:56:45+01:00\"},{\"@type\":\"WebSite\",\"@id\":\"https:\\\/\\\/droix.eu\\\/lt\\\/#website\",\"url\":\"https:\\\/\\\/droix.eu\\\/lt\\\/\",\"name\":\"DROIX EU\",\"description\":\"Get the latest Mini PCs, Ultrabook, PC Gaming Handhelds and more!\",\"inLanguage\":\"lt-LT\",\"publisher\":{\"@id\":\"https:\\\/\\\/droix.eu\\\/lt\\\/#organization\"}}]}\n\t\t<\/script>\n\t\t<!-- All in One SEO Pro -->\r\n\t\t<title>ONEXPLAYER OCuLink kabelis - DROIX EU<\/title>\n\n","aioseo_head_json":{"title":"ONEXPLAYER OCuLink kabelis - DROIX EU","description":"Oficialus ONEXPLAYER OCuLink kabelis Suderinama su ONEXPLAYER ONEXGPU \/ X1 Grei\u010diau nei USB 4.0 Type-C Auk\u0161tos kokyb\u0117s pintas kabelis 1M ilgio kabelis \u012e paket\u0105 \u012feina 1x ONEXPLAYER OCuLink kabelis","canonical_url":"https:\/\/droix.eu\/lt\/product\/onexplayer-oculink-kabelis\/","robots":"max-image-preview:large","keywords":"","webmasterTools":{"miscellaneous":""},"schema":{"@context":"https:\/\/schema.org","@graph":[{"@type":"BreadcrumbList","@id":"https:\/\/droix.eu\/lt\/product\/onexplayer-oculink-kabelis\/#breadcrumblist","itemListElement":[{"@type":"ListItem","@id":"https:\/\/droix.eu\/lt\/#listItem","position":1,"name":"Home","item":"https:\/\/droix.eu\/lt\/","nextItem":{"@type":"ListItem","@id":"https:\/\/droix.eu\/lt\/product-category\/priedai\/#listItem","name":"Priedai"}},{"@type":"ListItem","@id":"https:\/\/droix.eu\/lt\/product-category\/priedai\/#listItem","position":2,"name":"Priedai","item":"https:\/\/droix.eu\/lt\/product-category\/priedai\/","nextItem":{"@type":"ListItem","@id":"https:\/\/droix.eu\/lt\/product-category\/priedai\/zaidimu-priedai\/#listItem","name":"\u017daidim\u0173 priedai"},"previousItem":{"@type":"ListItem","@id":"https:\/\/droix.eu\/lt\/#listItem","name":"Home"}},{"@type":"ListItem","@id":"https:\/\/droix.eu\/lt\/product-category\/priedai\/zaidimu-priedai\/#listItem","position":3,"name":"\u017daidim\u0173 priedai","item":"https:\/\/droix.eu\/lt\/product-category\/priedai\/zaidimu-priedai\/","nextItem":{"@type":"ListItem","@id":"https:\/\/droix.eu\/lt\/product\/onexplayer-oculink-kabelis\/#listItem","name":"ONEXPLAYER OCuLink kabelis"},"previousItem":{"@type":"ListItem","@id":"https:\/\/droix.eu\/lt\/product-category\/priedai\/#listItem","name":"Priedai"}},{"@type":"ListItem","@id":"https:\/\/droix.eu\/lt\/product\/onexplayer-oculink-kabelis\/#listItem","position":4,"name":"ONEXPLAYER OCuLink kabelis","previousItem":{"@type":"ListItem","@id":"https:\/\/droix.eu\/lt\/product-category\/priedai\/zaidimu-priedai\/#listItem","name":"\u017daidim\u0173 priedai"}}]},{"@type":"Organization","@id":"https:\/\/droix.eu\/lt\/#organization","name":"DroiX \u2013 Trusted EU Tech Retailer with 12+ Years Experience","description":"DroiX is a leading European technology retailer with over 12 years of experience, offering quality mini PCs, handheld gaming consoles, and tech accessories. We provide hassle-free EU delivery with all taxes included, ensuring a smooth and reliable shopping experience for our customers across Europe.","url":"https:\/\/droix.eu\/lt\/","logo":{"@type":"ImageObject","url":"https:\/\/droix.eu\/wp-content\/uploads\/2024\/06\/droix-v2-light-logo.png","@id":"https:\/\/droix.eu\/lt\/product\/onexplayer-oculink-kabelis\/#organizationLogo","width":380,"height":118},"image":{"@id":"https:\/\/droix.eu\/lt\/product\/onexplayer-oculink-kabelis\/#organizationLogo"},"sameAs":["https:\/\/www.facebook.com\/DroiX.Store","https:\/\/twitter.com\/DroiX_Store","https:\/\/www.instagram.com\/droix.store\/","https:\/\/www.tiktok.com\/@droix.store","https:\/\/www.youtube.com\/c\/DroiX_Store","https:\/\/uk.linkedin.com\/company\/droix"]},{"@type":"Product","@id":"https:\/\/droix.eu\/lt\/product\/onexplayer-oculink-kabelis\/#wooCommerceProduct","name":"ONEXPLAYER OCuLink kabelis","description":"Oficialus ONEXPLAYER OCuLink kabelis\n  Suderinama su ONEXPLAYER ONEXGPU \/ X1\n  Grei\u010diau nei USB 4.0 Type-C\n  Auk\u0161tos kokyb\u0117s pintas kabelis\n  1M ilgio kabelis","url":"https:\/\/droix.eu\/lt\/product\/onexplayer-oculink-kabelis\/","sku":"ONEXPLAYER-OCULINK-CABLE","gtin":"5060763678439","image":{"@type":"ImageObject","url":"https:\/\/droix.eu\/wp-content\/uploads\/2025\/06\/ONEXPLAYER-OCULINK-CABLE-DONE-01.png","@id":"https:\/\/droix.eu\/lt\/product\/onexplayer-oculink-kabelis\/#productImage","width":1500,"height":1500,"caption":"Paveiksl\u0117lyje pavaizduotas ONEXPLAYER OCuLink kabelis su patvaria pinta konstrukcija ir jungtimis abiejuose galuose. Toliau pateikiamas suderinamumo skyrius, kuriame rodomi palaikomi \u012frenginiai, \u012fskaitant GPD WIN 4 (2024 ir 2025), GPD WIN MAX 2 (2024 ir 2025), GPD DUO, ONEXPLAYER X1\/X1 Mini ir MINISFORUM UM780XTX, taip pat pastaba, kurioje minimas suderinamumas su papildomais \u012frenginiais, turin\u010diais OCuLink\/M.2 NVMe prievadus."},"offers":{"@type":"Offer","url":"https:\/\/droix.eu\/lt\/product\/onexplayer-oculink-kabelis\/#wooCommerceOffer","price":24.54,"priceCurrency":"EUR","category":"Priedai","availability":"https:\/\/schema.org\/InStock","priceSpecification":{"@type":"PriceSpecification","price":24.54,"priceCurrency":"EUR","valueAddedTaxIncluded":"true"},"seller":{"@type":"Organization","@id":"https:\/\/droix.eu\/lt\/#organization"}}},{"@type":"WebPage","@id":"https:\/\/droix.eu\/lt\/product\/onexplayer-oculink-kabelis\/#webpage","url":"https:\/\/droix.eu\/lt\/product\/onexplayer-oculink-kabelis\/","name":"ONEXPLAYER OCuLink kabelis - DROIX EU","description":"Oficialus ONEXPLAYER OCuLink kabelis Suderinama su ONEXPLAYER ONEXGPU \/ X1 Grei\u010diau nei USB 4.0 Type-C Auk\u0161tos kokyb\u0117s pintas kabelis 1M ilgio kabelis \u012e paket\u0105 \u012feina 1x ONEXPLAYER OCuLink kabelis","inLanguage":"lt-LT","isPartOf":{"@id":"https:\/\/droix.eu\/lt\/#website"},"breadcrumb":{"@id":"https:\/\/droix.eu\/lt\/product\/onexplayer-oculink-kabelis\/#breadcrumblist"},"image":{"@type":"ImageObject","url":"https:\/\/droix.eu\/wp-content\/uploads\/2025\/06\/ONEXPLAYER-OCULINK-CABLE-DONE-01.png","@id":"https:\/\/droix.eu\/lt\/product\/onexplayer-oculink-kabelis\/#mainImage","width":1500,"height":1500,"caption":"Paveiksl\u0117lyje pavaizduotas ONEXPLAYER OCuLink kabelis su patvaria pinta konstrukcija ir jungtimis abiejuose galuose. Toliau pateikiamas suderinamumo skyrius, kuriame rodomi palaikomi \u012frenginiai, \u012fskaitant GPD WIN 4 (2024 ir 2025), GPD WIN MAX 2 (2024 ir 2025), GPD DUO, ONEXPLAYER X1\/X1 Mini ir MINISFORUM UM780XTX, taip pat pastaba, kurioje minimas suderinamumas su papildomais \u012frenginiais, turin\u010diais OCuLink\/M.2 NVMe prievadus."},"primaryImageOfPage":{"@id":"https:\/\/droix.eu\/lt\/product\/onexplayer-oculink-kabelis\/#mainImage"},"datePublished":"2025-06-17T15:49:05+01:00","dateModified":"2026-04-08T10:56:45+01:00"},{"@type":"WebSite","@id":"https:\/\/droix.eu\/lt\/#website","url":"https:\/\/droix.eu\/lt\/","name":"DROIX EU","description":"Get the latest Mini PCs, Ultrabook, PC Gaming Handhelds and more!","inLanguage":"lt-LT","publisher":{"@id":"https:\/\/droix.eu\/lt\/#organization"}}]},"og:locale":"lt_LT","og:site_name":"DROIX EU - Get the latest Mini PCs, Ultrabook, PC Gaming Handhelds and more!","og:type":"article","og:title":"ONEXPLAYER OCuLink kabelis - DROIX EU","og:description":"Oficialus ONEXPLAYER OCuLink kabelis Suderinama su ONEXPLAYER ONEXGPU \/ X1 Grei\u010diau nei USB 4.0 Type-C Auk\u0161tos kokyb\u0117s pintas kabelis 1M ilgio kabelis \u012e paket\u0105 \u012feina 1x ONEXPLAYER OCuLink kabelis","og:url":"https:\/\/droix.eu\/lt\/product\/onexplayer-oculink-kabelis\/","og:image":"https:\/\/droix.eu\/wp-content\/uploads\/2024\/06\/droix-v2-light-logo.png","og:image:secure_url":"https:\/\/droix.eu\/wp-content\/uploads\/2024\/06\/droix-v2-light-logo.png","og:image:width":380,"og:image:height":118,"article:published_time":"2025-06-17T14:49:05+00:00","article:modified_time":"2026-04-08T09:56:45+00:00","article:publisher":"https:\/\/www.facebook.com\/DroiX.Store","twitter:card":"summary_large_image","twitter:site":"@DroiX_Store","twitter:title":"ONEXPLAYER OCuLink kabelis - DROIX EU","twitter:description":"Oficialus ONEXPLAYER OCuLink kabelis Suderinama su ONEXPLAYER ONEXGPU \/ X1 Grei\u010diau nei USB 4.0 Type-C Auk\u0161tos kokyb\u0117s pintas kabelis 1M ilgio kabelis \u012e paket\u0105 \u012feina 1x ONEXPLAYER OCuLink kabelis","twitter:image":"https:\/\/droix.eu\/wp-content\/uploads\/2024\/06\/droix-v2-light-logo.png"},"aioseo_meta_data":{"post_id":"658338","title":null,"description":null,"keywords":null,"keyphrases":null,"primary_term":null,"canonical_url":null,"og_title":null,"og_description":null,"og_object_type":"default","og_image_type":"default","og_image_url":null,"og_image_width":null,"og_image_height":null,"og_image_custom_url":null,"og_image_custom_fields":null,"og_video":null,"og_custom_url":null,"og_article_section":null,"og_article_tags":null,"twitter_use_og":true,"twitter_card":"default","twitter_image_type":"default","twitter_image_url":null,"twitter_image_custom_url":null,"twitter_image_custom_fields":null,"twitter_title":null,"twitter_description":null,"schema":{"blockGraphs":[],"customGraphs":[],"default":{"data":{"Article":[],"Course":[],"Dataset":[],"FAQPage":[],"Movie":[],"Person":[],"Product":[],"ProductReview":[],"Car":[],"Recipe":[],"Service":[],"SoftwareApplication":[],"WebPage":[]},"graphName":"Product","isEnabled":true},"graphs":[]},"schema_type":"default","schema_type_options":null,"pillar_content":false,"robots_default":true,"robots_noindex":false,"robots_noarchive":false,"robots_nosnippet":false,"robots_nofollow":false,"robots_noimageindex":false,"robots_noodp":false,"robots_notranslate":false,"robots_max_snippet":null,"robots_max_videopreview":null,"robots_max_imagepreview":"large","priority":null,"frequency":null,"local_seo":null,"seo_analyzer_scan_date":null,"breadcrumb_settings":null,"limit_modified_date":false,"reviewed_by":null,"open_ai":null,"ai":null,"created":"2025-10-09 11:45:31","updated":"2026-04-08 16:09:24"},"aioseo_breadcrumb":"<div class=\"aioseo-breadcrumbs\"><span class=\"aioseo-breadcrumb\">\n\t<a href=\"https:\/\/droix.eu\/lt\/\" title=\"Home\">Home<\/a>\n<\/span><span class=\"aioseo-breadcrumb-separator\">&raquo;<\/span><span class=\"aioseo-breadcrumb\">\n\t<a href=\"https:\/\/droix.eu\/lt\/product-category\/priedai\/\" title=\"Priedai\">Priedai<\/a>\n<\/span><span class=\"aioseo-breadcrumb-separator\">&raquo;<\/span><span class=\"aioseo-breadcrumb\">\n\t<a href=\"https:\/\/droix.eu\/lt\/product-category\/priedai\/zaidimu-priedai\/\" title=\"\u017daidim\u0173 priedai\">\u017daidim\u0173 priedai<\/a>\n<\/span><span class=\"aioseo-breadcrumb-separator\">&raquo;<\/span><span class=\"aioseo-breadcrumb\">\n\tONEXPLAYER OCuLink kabelis\n<\/span><\/div>","aioseo_breadcrumb_json":[{"label":"Home","link":"https:\/\/droix.eu\/lt\/"},{"label":"Priedai","link":"https:\/\/droix.eu\/lt\/product-category\/priedai\/"},{"label":"\u017daidim\u0173 priedai","link":"https:\/\/droix.eu\/lt\/product-category\/priedai\/zaidimu-priedai\/"},{"label":"ONEXPLAYER OCuLink kabelis","link":"https:\/\/droix.eu\/lt\/product\/onexplayer-oculink-kabelis\/"}],"_links":{"self":[{"href":"https:\/\/droix.eu\/lt\/wp-json\/wp\/v2\/product\/658338","targetHints":{"allow":["GET"]}}],"collection":[{"href":"https:\/\/droix.eu\/lt\/wp-json\/wp\/v2\/product"}],"about":[{"href":"https:\/\/droix.eu\/lt\/wp-json\/wp\/v2\/types\/product"}],"version-history":[{"count":0,"href":"https:\/\/droix.eu\/lt\/wp-json\/wp\/v2\/product\/658338\/revisions"}],"wp:featuredmedia":[{"embeddable":true,"href":"https:\/\/droix.eu\/lt\/wp-json\/wp\/v2\/media\/647934"}],"wp:attachment":[{"href":"https:\/\/droix.eu\/lt\/wp-json\/wp\/v2\/media?parent=658338"}],"wp:term":[{"taxonomy":"product_brand","embeddable":true,"href":"https:\/\/droix.eu\/lt\/wp-json\/wp\/v2\/product_brand?post=658338"},{"taxonomy":"product_cat","embeddable":true,"href":"https:\/\/droix.eu\/lt\/wp-json\/wp\/v2\/product_cat?post=658338"},{"taxonomy":"product_tag","embeddable":true,"href":"https:\/\/droix.eu\/lt\/wp-json\/wp\/v2\/product_tag?post=658338"},{"taxonomy":"woo-feed-brand","embeddable":true,"href":"https:\/\/droix.eu\/lt\/wp-json\/wp\/v2\/woo-feed-brand?post=658338"},{"taxonomy":"key-features","embeddable":true,"href":"https:\/\/droix.eu\/lt\/wp-json\/wp\/v2\/key-features?post=658338"}],"curies":[{"name":"wp","href":"https:\/\/api.w.org\/{rel}","templated":true}]}}