{"id":564979,"date":"2020-11-20T10:02:39","date_gmt":"2020-11-20T10:02:39","guid":{"rendered":"https:\/\/droix.eu\/product\/fx8s-c-tipo-usb-sakotuvas\/"},"modified":"2025-09-05T15:32:53","modified_gmt":"2025-09-05T14:32:53","slug":"fx8s-c-tipo-usb-sakotuvas","status":"publish","type":"product","link":"https:\/\/droix.eu\/lt\/product\/fx8s-c-tipo-usb-sakotuvas\/","title":{"rendered":"FX8S C tipo USB \u0161akotuvas"},"content":{"rendered":"<p>FX8s <strong>USB-C \u0161akotuvas \u201e8-in-1\u201c adapteris<\/strong> sujungia da\u017eniausiai reikalingus prievadus \u012f vien\u0105 kompakti\u0161k\u0105 ir na\u0161\u0173 <strong>USB-C \u0161akotuv\u0105<\/strong>.<\/p>\n<p>FX8s <strong>USB-C \u0161akotuvas<\/strong> jungiamas prie j\u016bs\u0173 C tipo USB prievado ir yra suderinamas su <a href=\"https:\/\/www.pocket-lint.com\/laptops\/news\/139323-thunderbolt-3-explained-the-one-port-to-rule-them-all\">\u201eThunderbolt 3\u201c<\/a>. Jis u\u017etikrina didel\u0117s spartos \u0161liuz\u0105 i\u0161 j\u016bs\u0173 \u012frenginio, pavyzd\u017eiui, kompiuterio ar ne\u0161iojamojo kompiuterio, \u012f \u0161akotuv\u0105, taip pat leid\u017eia \u012fkrauti \u012frengin\u012f jo naudojimo metu. <\/p>\n<p><strong>USB-C \u0161akotuvas HDMI<\/strong> prievadas palaiko iki <strong>4K*2K UHD<\/strong> (3840&#215;2160) 60 Hz da\u017eniu, kad b\u016bt\u0173 galima prijungti prie ekrano \u012frengini\u0173, pvz., televizori\u0173, monitori\u0173 ar projektori\u0173. Tiesiog prijunkite HDMI kabel\u012f prie \u0161akotuvo ir ekrano ir galite prad\u0117ti darb\u0105. <\/p>\n<p>\u0160one \u012frengti du itin greiti <strong>USB 3.0 prievadai<\/strong>, prie kuri\u0173 galima prijungti tokius \u012frenginius kaip pel\u0117 ar klaviat\u016bra arba didel\u0117s spartos periferinius \u012frenginius, pavyzd\u017eiui, USB atmintines ir i\u0161orinius kietuosius diskus. Jie tiekia iki 4,5 W maksimalios galios. <\/p>\n<p>Moteri\u0161kas <strong>C tipo USB prievadas<\/strong> palaiko iki 87 W maitinimo adapterius ir gali i\u0161vesti 20 V esant 3 A \u012ftampai. Dviguba funkcija leid\u017eia \u012fkrauti \u012frengin\u012f per \u0161akotuv\u0105 ir tuo pat metu j\u012f naudoti, tai puikus sprendimas, jei j\u016bs\u0173 \u012frenginys turi tik vien\u0105 C tipo prievad\u0105. Per \u0161\u012f prievad\u0105 prie \u0161akotuvo taip pat galite prijungti suderinamus <a href=\"https:\/\/www.computerworld.com\/article\/2488194\/usb-c-explained-how-to-get-the-most-from-it-and-why-its-great.html\">C tipo periferinius \u012frenginius<\/a>.  <\/p>\n<p>Daugelyje ne\u0161iojam\u0173j\u0173 prietais\u0173 dabar yra tik belaidis ry\u0161ys ir da\u017enai jis gali b\u016bti nepakankamai greitas ar patikimas. <strong>USB-C \u0161akotuvo eterneto<\/strong> RJ45 prievadas palaiko iki 100 Mbps greit\u012f ir u\u017etikrina greit\u0105 bei stabil\u0173 laidin\u012f duomen\u0173 perdavim\u0105. <\/p>\n<p>FX8s koncentratoriuje taip pat yra SD ir \u201eMicro SD\u201c <strong>USB-C korteli\u0173 skaitytuvas<\/strong>, kuris u\u017etikrina patikim\u0105 didel\u0117s spartos \u012fra\u0161ym\u0105 ir nuskaitym\u0105 \u012f j\u016bs\u0173 \u012frengin\u012f ir i\u0161 jo.<\/p>\n","protected":false},"excerpt":{"rendered":"<ul>\n<li><strong>Didel\u0117s spartos<\/strong> C tipo USB adapteris<\/li>\n<li><strong>4K<\/strong> HDMI i\u0161vestis<\/li>\n<li>RJ45 <strong>100M\/s<\/strong> Ethernet prievadas<\/li>\n<li>SD\/MicroSD korteli\u0173 lizdas<\/li>\n<li>Suderinama su <strong>\u201eWindows\u201c<\/strong><strong>, \u201eMac\u201c<\/strong> ir <strong>Android<\/strong><\/li>\n<\/ul>\n[droix_global_accordions]\n[cg_accordion title=\"Package Includes\"]<\/p>\n<ul>\n<li>1x FX8S C tipo USB \u0161akotuvas<\/li>\n<\/ul>\n<p>[\/cg_accordion]\n","protected":false},"featured_media":221129,"template":"","meta":{"_acf_changed":false},"product_brand":[],"product_cat":[12685,10471,10408,10409],"product_tag":[],"woo-feed-brand":[],"key-features":[],"class_list":{"0":"post-564979","1":"product","2":"type-product","3":"status-publish","4":"has-post-thumbnail","6":"product_cat-kompiuteriu-priedai","7":"product_cat-nesiojamuju-kompiuteriu-priedai","8":"product_cat-priedai","9":"product_cat-zaidimu-priedai","10":"product_shipping_class-low-end","11":"pa_accessory-type-docking-station","12":"pa_brands-droix-lt","14":"first","15":"outofstock","16":"taxable","17":"shipping-taxable","18":"purchasable","19":"product-type-simple"},"acf":[],"aioseo_notices":[],"aioseo_head":"\n\t\t<!-- All in One SEO Pro 4.9.6.2 - aioseo.com -->\n\t<meta name=\"description\" content=\"Didel\u0117s spartos C tipo USB adapteris 4K HDMI i\u0161vestis RJ45 100M\/s Ethernet prievadas SD\/MicroSD korteli\u0173 lizdas Suderinama su \u201eWindows\u201c, \u201eMac\u201c ir Android Package Includes 1x FX8S C tipo USB \u0161akotuvas\" \/>\n\t<meta name=\"robots\" content=\"max-image-preview:large\" \/>\n\t<link rel=\"canonical\" href=\"https:\/\/droix.eu\/lt\/product\/fx8s-c-tipo-usb-sakotuvas\/\" \/>\n\t<meta name=\"generator\" content=\"All in One SEO Pro (AIOSEO) 4.9.6.2\" \/>\n\t\t<meta property=\"og:locale\" content=\"lt_LT\" \/>\n\t\t<meta property=\"og:site_name\" content=\"DROIX EU - Get the latest Mini PCs, Ultrabook, PC Gaming Handhelds and more!\" \/>\n\t\t<meta property=\"og:type\" content=\"article\" \/>\n\t\t<meta property=\"og:title\" content=\"FX8S C tipo USB \u0161akotuvas - DROIX EU\" \/>\n\t\t<meta property=\"og:description\" content=\"Didel\u0117s spartos C tipo USB adapteris 4K HDMI i\u0161vestis RJ45 100M\/s Ethernet prievadas SD\/MicroSD korteli\u0173 lizdas Suderinama su \u201eWindows\u201c, \u201eMac\u201c ir Android Package Includes 1x FX8S C tipo USB \u0161akotuvas\" \/>\n\t\t<meta property=\"og:url\" content=\"https:\/\/droix.eu\/lt\/product\/fx8s-c-tipo-usb-sakotuvas\/\" \/>\n\t\t<meta property=\"og:image\" content=\"https:\/\/droix.eu\/wp-content\/uploads\/2024\/06\/droix-v2-light-logo.png\" \/>\n\t\t<meta property=\"og:image:secure_url\" content=\"https:\/\/droix.eu\/wp-content\/uploads\/2024\/06\/droix-v2-light-logo.png\" \/>\n\t\t<meta property=\"og:image:width\" content=\"380\" \/>\n\t\t<meta property=\"og:image:height\" content=\"118\" \/>\n\t\t<meta property=\"article:published_time\" content=\"2020-11-20T10:02:39+00:00\" \/>\n\t\t<meta property=\"article:modified_time\" content=\"2025-09-05T14:32:53+00:00\" \/>\n\t\t<meta property=\"article:publisher\" content=\"https:\/\/www.facebook.com\/DroiX.Store\" \/>\n\t\t<meta name=\"twitter:card\" content=\"summary_large_image\" \/>\n\t\t<meta name=\"twitter:site\" content=\"@DroiX_Store\" \/>\n\t\t<meta name=\"twitter:title\" content=\"FX8S C tipo USB \u0161akotuvas - DROIX EU\" \/>\n\t\t<meta name=\"twitter:description\" content=\"Didel\u0117s spartos C tipo USB adapteris 4K HDMI i\u0161vestis RJ45 100M\/s Ethernet prievadas SD\/MicroSD korteli\u0173 lizdas Suderinama su \u201eWindows\u201c, \u201eMac\u201c ir Android Package Includes 1x FX8S C tipo USB \u0161akotuvas\" \/>\n\t\t<meta name=\"twitter:image\" content=\"https:\/\/droix.eu\/wp-content\/uploads\/2024\/06\/droix-v2-light-logo.png\" \/>\n\t\t<script type=\"application\/ld+json\" class=\"aioseo-schema\">\n\t\t\t{\"@context\":\"https:\\\/\\\/schema.org\",\"@graph\":[{\"@type\":\"BreadcrumbList\",\"@id\":\"https:\\\/\\\/droix.eu\\\/lt\\\/product\\\/fx8s-c-tipo-usb-sakotuvas\\\/#breadcrumblist\",\"itemListElement\":[{\"@type\":\"ListItem\",\"@id\":\"https:\\\/\\\/droix.eu\\\/lt\\\/#listItem\",\"position\":1,\"name\":\"Home\",\"item\":\"https:\\\/\\\/droix.eu\\\/lt\\\/\",\"nextItem\":{\"@type\":\"ListItem\",\"@id\":\"https:\\\/\\\/droix.eu\\\/lt\\\/product-category\\\/priedai\\\/#listItem\",\"name\":\"Priedai\"}},{\"@type\":\"ListItem\",\"@id\":\"https:\\\/\\\/droix.eu\\\/lt\\\/product-category\\\/priedai\\\/#listItem\",\"position\":2,\"name\":\"Priedai\",\"item\":\"https:\\\/\\\/droix.eu\\\/lt\\\/product-category\\\/priedai\\\/\",\"nextItem\":{\"@type\":\"ListItem\",\"@id\":\"https:\\\/\\\/droix.eu\\\/lt\\\/product-category\\\/priedai\\\/zaidimu-priedai\\\/#listItem\",\"name\":\"\\u017daidim\\u0173 priedai\"},\"previousItem\":{\"@type\":\"ListItem\",\"@id\":\"https:\\\/\\\/droix.eu\\\/lt\\\/#listItem\",\"name\":\"Home\"}},{\"@type\":\"ListItem\",\"@id\":\"https:\\\/\\\/droix.eu\\\/lt\\\/product-category\\\/priedai\\\/zaidimu-priedai\\\/#listItem\",\"position\":3,\"name\":\"\\u017daidim\\u0173 priedai\",\"item\":\"https:\\\/\\\/droix.eu\\\/lt\\\/product-category\\\/priedai\\\/zaidimu-priedai\\\/\",\"nextItem\":{\"@type\":\"ListItem\",\"@id\":\"https:\\\/\\\/droix.eu\\\/lt\\\/product\\\/fx8s-c-tipo-usb-sakotuvas\\\/#listItem\",\"name\":\"FX8S C tipo USB \\u0161akotuvas\"},\"previousItem\":{\"@type\":\"ListItem\",\"@id\":\"https:\\\/\\\/droix.eu\\\/lt\\\/product-category\\\/priedai\\\/#listItem\",\"name\":\"Priedai\"}},{\"@type\":\"ListItem\",\"@id\":\"https:\\\/\\\/droix.eu\\\/lt\\\/product\\\/fx8s-c-tipo-usb-sakotuvas\\\/#listItem\",\"position\":4,\"name\":\"FX8S C tipo USB \\u0161akotuvas\",\"previousItem\":{\"@type\":\"ListItem\",\"@id\":\"https:\\\/\\\/droix.eu\\\/lt\\\/product-category\\\/priedai\\\/zaidimu-priedai\\\/#listItem\",\"name\":\"\\u017daidim\\u0173 priedai\"}}]},{\"@type\":\"Organization\",\"@id\":\"https:\\\/\\\/droix.eu\\\/lt\\\/#organization\",\"name\":\"DroiX \\u2013 Trusted EU Tech Retailer with 12+ Years Experience\",\"description\":\"DroiX is a leading European technology retailer with over 12 years of experience, offering quality mini PCs, handheld gaming consoles, and tech accessories. We provide hassle-free EU delivery with all taxes included, ensuring a smooth and reliable shopping experience for our customers across Europe.\",\"url\":\"https:\\\/\\\/droix.eu\\\/lt\\\/\",\"logo\":{\"@type\":\"ImageObject\",\"url\":\"https:\\\/\\\/droix.eu\\\/wp-content\\\/uploads\\\/2024\\\/06\\\/droix-v2-light-logo.png\",\"@id\":\"https:\\\/\\\/droix.eu\\\/lt\\\/product\\\/fx8s-c-tipo-usb-sakotuvas\\\/#organizationLogo\",\"width\":380,\"height\":118},\"image\":{\"@id\":\"https:\\\/\\\/droix.eu\\\/lt\\\/product\\\/fx8s-c-tipo-usb-sakotuvas\\\/#organizationLogo\"},\"sameAs\":[\"https:\\\/\\\/www.facebook.com\\\/DroiX.Store\",\"https:\\\/\\\/twitter.com\\\/DroiX_Store\",\"https:\\\/\\\/www.instagram.com\\\/droix.store\\\/\",\"https:\\\/\\\/www.tiktok.com\\\/@droix.store\",\"https:\\\/\\\/www.youtube.com\\\/c\\\/DroiX_Store\",\"https:\\\/\\\/uk.linkedin.com\\\/company\\\/droix\"]},{\"@type\":\"Product\",\"@id\":\"https:\\\/\\\/droix.eu\\\/lt\\\/product\\\/fx8s-c-tipo-usb-sakotuvas\\\/#wooCommerceProduct\",\"name\":\"FX8S C tipo USB \\u0161akotuvas\",\"description\":\"Didel\\u0117s spartos C tipo USB adapteris\\n \\t4K HDMI i\\u0161vestis\\n \\tRJ45 100M\\\/s Ethernet prievadas\\n \\tSD\\\/MicroSD korteli\\u0173 lizdas\\n \\tSuderinama su \\u201eWindows\\u201c, \\u201eMac\\u201c ir Android\",\"url\":\"https:\\\/\\\/droix.eu\\\/lt\\\/product\\\/fx8s-c-tipo-usb-sakotuvas\\\/\",\"sku\":\"DX-FX8-S-USB-TYPE-C-ADAPTER\",\"image\":{\"@type\":\"ImageObject\",\"url\":\"https:\\\/\\\/droix.eu\\\/wp-content\\\/uploads\\\/2021\\\/12\\\/1-2.png\",\"@id\":\"https:\\\/\\\/droix.eu\\\/lt\\\/product\\\/fx8s-c-tipo-usb-sakotuvas\\\/#productImage\",\"width\":670,\"height\":840,\"caption\":\"\\u201eDroiX FX8s\\u201c - rodomi 2 C tipo USB prievadai, 1 HDMI, 2 A tipo USB, 1 SD kortel\\u0117s ir 1 \\u201eMicroSD\\u201c prievadas\"},\"offers\":{\"@type\":\"Offer\",\"url\":\"https:\\\/\\\/droix.eu\\\/lt\\\/product\\\/fx8s-c-tipo-usb-sakotuvas\\\/#wooCommerceOffer\",\"price\":33.2,\"priceCurrency\":\"EUR\",\"category\":\"Kompiuteri\\u0173 priedai\",\"priceValidUntil\":\"2024-05-26\",\"availability\":\"https:\\\/\\\/schema.org\\\/OutOfStock\",\"priceSpecification\":{\"@type\":\"PriceSpecification\",\"price\":33.2,\"priceCurrency\":\"EUR\",\"valueAddedTaxIncluded\":\"true\"},\"seller\":{\"@type\":\"Organization\",\"@id\":\"https:\\\/\\\/droix.eu\\\/lt\\\/#organization\"}}},{\"@type\":\"WebPage\",\"@id\":\"https:\\\/\\\/droix.eu\\\/lt\\\/product\\\/fx8s-c-tipo-usb-sakotuvas\\\/#webpage\",\"url\":\"https:\\\/\\\/droix.eu\\\/lt\\\/product\\\/fx8s-c-tipo-usb-sakotuvas\\\/\",\"name\":\"FX8S C tipo USB \\u0161akotuvas - DROIX EU\",\"description\":\"Didel\\u0117s spartos C tipo USB adapteris 4K HDMI i\\u0161vestis RJ45 100M\\\/s Ethernet prievadas SD\\\/MicroSD korteli\\u0173 lizdas Suderinama su \\u201eWindows\\u201c, \\u201eMac\\u201c ir Android Package Includes 1x FX8S C tipo USB \\u0161akotuvas\",\"inLanguage\":\"lt-LT\",\"isPartOf\":{\"@id\":\"https:\\\/\\\/droix.eu\\\/lt\\\/#website\"},\"breadcrumb\":{\"@id\":\"https:\\\/\\\/droix.eu\\\/lt\\\/product\\\/fx8s-c-tipo-usb-sakotuvas\\\/#breadcrumblist\"},\"image\":{\"@type\":\"ImageObject\",\"url\":\"https:\\\/\\\/droix.eu\\\/wp-content\\\/uploads\\\/2021\\\/12\\\/1-2.png\",\"@id\":\"https:\\\/\\\/droix.eu\\\/lt\\\/product\\\/fx8s-c-tipo-usb-sakotuvas\\\/#mainImage\",\"width\":670,\"height\":840,\"caption\":\"\\u201eDroiX FX8s\\u201c - rodomi 2 C tipo USB prievadai, 1 HDMI, 2 A tipo USB, 1 SD kortel\\u0117s ir 1 \\u201eMicroSD\\u201c prievadas\"},\"primaryImageOfPage\":{\"@id\":\"https:\\\/\\\/droix.eu\\\/lt\\\/product\\\/fx8s-c-tipo-usb-sakotuvas\\\/#mainImage\"},\"datePublished\":\"2020-11-20T10:02:39+00:00\",\"dateModified\":\"2025-09-05T15:32:53+01:00\"},{\"@type\":\"WebSite\",\"@id\":\"https:\\\/\\\/droix.eu\\\/lt\\\/#website\",\"url\":\"https:\\\/\\\/droix.eu\\\/lt\\\/\",\"name\":\"DROIX EU\",\"description\":\"Get the latest Mini PCs, Ultrabook, PC Gaming Handhelds and more!\",\"inLanguage\":\"lt-LT\",\"publisher\":{\"@id\":\"https:\\\/\\\/droix.eu\\\/lt\\\/#organization\"}}]}\n\t\t<\/script>\n\t\t<!-- All in One SEO Pro -->\r\n\t\t<title>FX8S C tipo USB \u0161akotuvas - DROIX EU<\/title>\n\n","aioseo_head_json":{"title":"FX8S C tipo USB \u0161akotuvas - DROIX EU","description":"Didel\u0117s spartos C tipo USB adapteris 4K HDMI i\u0161vestis RJ45 100M\/s Ethernet prievadas SD\/MicroSD korteli\u0173 lizdas Suderinama su \u201eWindows\u201c, \u201eMac\u201c ir Android Package Includes 1x FX8S C tipo USB \u0161akotuvas","canonical_url":"https:\/\/droix.eu\/lt\/product\/fx8s-c-tipo-usb-sakotuvas\/","robots":"max-image-preview:large","keywords":"","webmasterTools":{"miscellaneous":""},"schema":{"@context":"https:\/\/schema.org","@graph":[{"@type":"BreadcrumbList","@id":"https:\/\/droix.eu\/lt\/product\/fx8s-c-tipo-usb-sakotuvas\/#breadcrumblist","itemListElement":[{"@type":"ListItem","@id":"https:\/\/droix.eu\/lt\/#listItem","position":1,"name":"Home","item":"https:\/\/droix.eu\/lt\/","nextItem":{"@type":"ListItem","@id":"https:\/\/droix.eu\/lt\/product-category\/priedai\/#listItem","name":"Priedai"}},{"@type":"ListItem","@id":"https:\/\/droix.eu\/lt\/product-category\/priedai\/#listItem","position":2,"name":"Priedai","item":"https:\/\/droix.eu\/lt\/product-category\/priedai\/","nextItem":{"@type":"ListItem","@id":"https:\/\/droix.eu\/lt\/product-category\/priedai\/zaidimu-priedai\/#listItem","name":"\u017daidim\u0173 priedai"},"previousItem":{"@type":"ListItem","@id":"https:\/\/droix.eu\/lt\/#listItem","name":"Home"}},{"@type":"ListItem","@id":"https:\/\/droix.eu\/lt\/product-category\/priedai\/zaidimu-priedai\/#listItem","position":3,"name":"\u017daidim\u0173 priedai","item":"https:\/\/droix.eu\/lt\/product-category\/priedai\/zaidimu-priedai\/","nextItem":{"@type":"ListItem","@id":"https:\/\/droix.eu\/lt\/product\/fx8s-c-tipo-usb-sakotuvas\/#listItem","name":"FX8S C tipo USB \u0161akotuvas"},"previousItem":{"@type":"ListItem","@id":"https:\/\/droix.eu\/lt\/product-category\/priedai\/#listItem","name":"Priedai"}},{"@type":"ListItem","@id":"https:\/\/droix.eu\/lt\/product\/fx8s-c-tipo-usb-sakotuvas\/#listItem","position":4,"name":"FX8S C tipo USB \u0161akotuvas","previousItem":{"@type":"ListItem","@id":"https:\/\/droix.eu\/lt\/product-category\/priedai\/zaidimu-priedai\/#listItem","name":"\u017daidim\u0173 priedai"}}]},{"@type":"Organization","@id":"https:\/\/droix.eu\/lt\/#organization","name":"DroiX \u2013 Trusted EU Tech Retailer with 12+ Years Experience","description":"DroiX is a leading European technology retailer with over 12 years of experience, offering quality mini PCs, handheld gaming consoles, and tech accessories. We provide hassle-free EU delivery with all taxes included, ensuring a smooth and reliable shopping experience for our customers across Europe.","url":"https:\/\/droix.eu\/lt\/","logo":{"@type":"ImageObject","url":"https:\/\/droix.eu\/wp-content\/uploads\/2024\/06\/droix-v2-light-logo.png","@id":"https:\/\/droix.eu\/lt\/product\/fx8s-c-tipo-usb-sakotuvas\/#organizationLogo","width":380,"height":118},"image":{"@id":"https:\/\/droix.eu\/lt\/product\/fx8s-c-tipo-usb-sakotuvas\/#organizationLogo"},"sameAs":["https:\/\/www.facebook.com\/DroiX.Store","https:\/\/twitter.com\/DroiX_Store","https:\/\/www.instagram.com\/droix.store\/","https:\/\/www.tiktok.com\/@droix.store","https:\/\/www.youtube.com\/c\/DroiX_Store","https:\/\/uk.linkedin.com\/company\/droix"]},{"@type":"Product","@id":"https:\/\/droix.eu\/lt\/product\/fx8s-c-tipo-usb-sakotuvas\/#wooCommerceProduct","name":"FX8S C tipo USB \u0161akotuvas","description":"Didel\u0117s spartos C tipo USB adapteris\n \t4K HDMI i\u0161vestis\n \tRJ45 100M\/s Ethernet prievadas\n \tSD\/MicroSD korteli\u0173 lizdas\n \tSuderinama su \u201eWindows\u201c, \u201eMac\u201c ir Android","url":"https:\/\/droix.eu\/lt\/product\/fx8s-c-tipo-usb-sakotuvas\/","sku":"DX-FX8-S-USB-TYPE-C-ADAPTER","image":{"@type":"ImageObject","url":"https:\/\/droix.eu\/wp-content\/uploads\/2021\/12\/1-2.png","@id":"https:\/\/droix.eu\/lt\/product\/fx8s-c-tipo-usb-sakotuvas\/#productImage","width":670,"height":840,"caption":"\u201eDroiX FX8s\u201c - rodomi 2 C tipo USB prievadai, 1 HDMI, 2 A tipo USB, 1 SD kortel\u0117s ir 1 \u201eMicroSD\u201c prievadas"},"offers":{"@type":"Offer","url":"https:\/\/droix.eu\/lt\/product\/fx8s-c-tipo-usb-sakotuvas\/#wooCommerceOffer","price":33.2,"priceCurrency":"EUR","category":"Kompiuteri\u0173 priedai","priceValidUntil":"2024-05-26","availability":"https:\/\/schema.org\/OutOfStock","priceSpecification":{"@type":"PriceSpecification","price":33.2,"priceCurrency":"EUR","valueAddedTaxIncluded":"true"},"seller":{"@type":"Organization","@id":"https:\/\/droix.eu\/lt\/#organization"}}},{"@type":"WebPage","@id":"https:\/\/droix.eu\/lt\/product\/fx8s-c-tipo-usb-sakotuvas\/#webpage","url":"https:\/\/droix.eu\/lt\/product\/fx8s-c-tipo-usb-sakotuvas\/","name":"FX8S C tipo USB \u0161akotuvas - DROIX EU","description":"Didel\u0117s spartos C tipo USB adapteris 4K HDMI i\u0161vestis RJ45 100M\/s Ethernet prievadas SD\/MicroSD korteli\u0173 lizdas Suderinama su \u201eWindows\u201c, \u201eMac\u201c ir Android Package Includes 1x FX8S C tipo USB \u0161akotuvas","inLanguage":"lt-LT","isPartOf":{"@id":"https:\/\/droix.eu\/lt\/#website"},"breadcrumb":{"@id":"https:\/\/droix.eu\/lt\/product\/fx8s-c-tipo-usb-sakotuvas\/#breadcrumblist"},"image":{"@type":"ImageObject","url":"https:\/\/droix.eu\/wp-content\/uploads\/2021\/12\/1-2.png","@id":"https:\/\/droix.eu\/lt\/product\/fx8s-c-tipo-usb-sakotuvas\/#mainImage","width":670,"height":840,"caption":"\u201eDroiX FX8s\u201c - rodomi 2 C tipo USB prievadai, 1 HDMI, 2 A tipo USB, 1 SD kortel\u0117s ir 1 \u201eMicroSD\u201c prievadas"},"primaryImageOfPage":{"@id":"https:\/\/droix.eu\/lt\/product\/fx8s-c-tipo-usb-sakotuvas\/#mainImage"},"datePublished":"2020-11-20T10:02:39+00:00","dateModified":"2025-09-05T15:32:53+01:00"},{"@type":"WebSite","@id":"https:\/\/droix.eu\/lt\/#website","url":"https:\/\/droix.eu\/lt\/","name":"DROIX EU","description":"Get the latest Mini PCs, Ultrabook, PC Gaming Handhelds and more!","inLanguage":"lt-LT","publisher":{"@id":"https:\/\/droix.eu\/lt\/#organization"}}]},"og:locale":"lt_LT","og:site_name":"DROIX EU - Get the latest Mini PCs, Ultrabook, PC Gaming Handhelds and more!","og:type":"article","og:title":"FX8S C tipo USB \u0161akotuvas - DROIX EU","og:description":"Didel\u0117s spartos C tipo USB adapteris 4K HDMI i\u0161vestis RJ45 100M\/s Ethernet prievadas SD\/MicroSD korteli\u0173 lizdas Suderinama su \u201eWindows\u201c, \u201eMac\u201c ir Android Package Includes 1x FX8S C tipo USB \u0161akotuvas","og:url":"https:\/\/droix.eu\/lt\/product\/fx8s-c-tipo-usb-sakotuvas\/","og:image":"https:\/\/droix.eu\/wp-content\/uploads\/2024\/06\/droix-v2-light-logo.png","og:image:secure_url":"https:\/\/droix.eu\/wp-content\/uploads\/2024\/06\/droix-v2-light-logo.png","og:image:width":380,"og:image:height":118,"article:published_time":"2020-11-20T10:02:39+00:00","article:modified_time":"2025-09-05T14:32:53+00:00","article:publisher":"https:\/\/www.facebook.com\/DroiX.Store","twitter:card":"summary_large_image","twitter:site":"@DroiX_Store","twitter:title":"FX8S C tipo USB \u0161akotuvas - DROIX EU","twitter:description":"Didel\u0117s spartos C tipo USB adapteris 4K HDMI i\u0161vestis RJ45 100M\/s Ethernet prievadas SD\/MicroSD korteli\u0173 lizdas Suderinama su \u201eWindows\u201c, \u201eMac\u201c ir Android Package Includes 1x FX8S C tipo USB \u0161akotuvas","twitter:image":"https:\/\/droix.eu\/wp-content\/uploads\/2024\/06\/droix-v2-light-logo.png"},"aioseo_meta_data":{"post_id":"564979","title":null,"description":null,"keywords":null,"keyphrases":null,"primary_term":null,"canonical_url":null,"og_title":null,"og_description":null,"og_object_type":"default","og_image_type":"default","og_image_url":null,"og_image_width":null,"og_image_height":null,"og_image_custom_url":null,"og_image_custom_fields":null,"og_video":null,"og_custom_url":null,"og_article_section":null,"og_article_tags":null,"twitter_use_og":true,"twitter_card":"default","twitter_image_type":"default","twitter_image_url":null,"twitter_image_custom_url":null,"twitter_image_custom_fields":null,"twitter_title":null,"twitter_description":null,"schema":{"blockGraphs":[],"customGraphs":[],"default":{"data":{"Article":[],"Course":[],"Dataset":[],"FAQPage":[],"Movie":[],"Person":[],"Product":[],"ProductReview":[],"Car":[],"Recipe":[],"Service":[],"SoftwareApplication":[],"WebPage":[]},"graphName":"","isEnabled":true},"graphs":[]},"schema_type":"default","schema_type_options":null,"pillar_content":false,"robots_default":true,"robots_noindex":false,"robots_noarchive":false,"robots_nosnippet":false,"robots_nofollow":false,"robots_noimageindex":false,"robots_noodp":false,"robots_notranslate":false,"robots_max_snippet":null,"robots_max_videopreview":null,"robots_max_imagepreview":"large","priority":null,"frequency":null,"local_seo":null,"seo_analyzer_scan_date":"2025-10-24 08:03:33","breadcrumb_settings":null,"limit_modified_date":false,"reviewed_by":null,"open_ai":null,"ai":null,"created":"2025-10-09 03:30:41","updated":"2025-11-27 01:41:44"},"aioseo_breadcrumb":"<div class=\"aioseo-breadcrumbs\"><span class=\"aioseo-breadcrumb\">\n\t<a href=\"https:\/\/droix.eu\/lt\/\" title=\"Home\">Home<\/a>\n<\/span><span class=\"aioseo-breadcrumb-separator\">&raquo;<\/span><span class=\"aioseo-breadcrumb\">\n\t<a href=\"https:\/\/droix.eu\/lt\/product-category\/priedai\/\" title=\"Priedai\">Priedai<\/a>\n<\/span><span class=\"aioseo-breadcrumb-separator\">&raquo;<\/span><span class=\"aioseo-breadcrumb\">\n\t<a href=\"https:\/\/droix.eu\/lt\/product-category\/priedai\/zaidimu-priedai\/\" title=\"\u017daidim\u0173 priedai\">\u017daidim\u0173 priedai<\/a>\n<\/span><span class=\"aioseo-breadcrumb-separator\">&raquo;<\/span><span class=\"aioseo-breadcrumb\">\n\tFX8S C tipo USB \u0161akotuvas\n<\/span><\/div>","aioseo_breadcrumb_json":[{"label":"Home","link":"https:\/\/droix.eu\/lt\/"},{"label":"Priedai","link":"https:\/\/droix.eu\/lt\/product-category\/priedai\/"},{"label":"\u017daidim\u0173 priedai","link":"https:\/\/droix.eu\/lt\/product-category\/priedai\/zaidimu-priedai\/"},{"label":"FX8S C tipo USB \u0161akotuvas","link":"https:\/\/droix.eu\/lt\/product\/fx8s-c-tipo-usb-sakotuvas\/"}],"_links":{"self":[{"href":"https:\/\/droix.eu\/lt\/wp-json\/wp\/v2\/product\/564979","targetHints":{"allow":["GET"]}}],"collection":[{"href":"https:\/\/droix.eu\/lt\/wp-json\/wp\/v2\/product"}],"about":[{"href":"https:\/\/droix.eu\/lt\/wp-json\/wp\/v2\/types\/product"}],"version-history":[{"count":0,"href":"https:\/\/droix.eu\/lt\/wp-json\/wp\/v2\/product\/564979\/revisions"}],"wp:featuredmedia":[{"embeddable":true,"href":"https:\/\/droix.eu\/lt\/wp-json\/wp\/v2\/media\/221129"}],"wp:attachment":[{"href":"https:\/\/droix.eu\/lt\/wp-json\/wp\/v2\/media?parent=564979"}],"wp:term":[{"taxonomy":"product_brand","embeddable":true,"href":"https:\/\/droix.eu\/lt\/wp-json\/wp\/v2\/product_brand?post=564979"},{"taxonomy":"product_cat","embeddable":true,"href":"https:\/\/droix.eu\/lt\/wp-json\/wp\/v2\/product_cat?post=564979"},{"taxonomy":"product_tag","embeddable":true,"href":"https:\/\/droix.eu\/lt\/wp-json\/wp\/v2\/product_tag?post=564979"},{"taxonomy":"woo-feed-brand","embeddable":true,"href":"https:\/\/droix.eu\/lt\/wp-json\/wp\/v2\/woo-feed-brand?post=564979"},{"taxonomy":"key-features","embeddable":true,"href":"https:\/\/droix.eu\/lt\/wp-json\/wp\/v2\/key-features?post=564979"}],"curies":[{"name":"wp","href":"https:\/\/api.w.org\/{rel}","templated":true}]}}