{"id":525757,"date":"2022-05-12T22:03:45","date_gmt":"2022-05-12T21:03:45","guid":{"rendered":"https:\/\/droix.eu\/product\/gpd-micro-pc-kietas-korpusas\/"},"modified":"2026-04-08T11:33:30","modified_gmt":"2026-04-08T10:33:30","slug":"gpd-micro-pc-kietas-korpusas","status":"publish","type":"product","link":"https:\/\/droix.eu\/lt\/product\/gpd-micro-pc-kietas-korpusas\/","title":{"rendered":"GPD &#8220;Micro PC&#8221; kietas korpusas"},"content":{"rendered":"&#13;\n<p>Papildykite ir apsaugokite savo GPD Micro PC d\u0117kl\u0105 oficialiu GPD kelioniniu d\u0117klu.<\/p>&#13;\n&#13;\n<p>Jis sukurtas taip, kad j\u016bs\u0173 prietaisas b\u016bt\u0173 saugus d\u0117l dviej\u0173 elastini\u0173 juost\u0173 ir antrojo skyriaus kitiems priedams.<\/p>&#13;\n","protected":false},"excerpt":{"rendered":"<ul data-children-count=\"0\">\n<li><strong>Oficialus GPD produktas<\/strong> <\/li>\n<li>Skirta &#8221; <strong>GPD XD Plus&#8221; ir<\/strong> &#8220;GPD WIN 2<\/li>\n<li>Pried\u0173 skyrius<\/li>\n<\/ul>\n[cg_accordion title=\"2 met\u0173 garantija visiems GPD produktams\"]<\/p>\n<p>Visiems GPD gaminiams suteikiama 2 met\u0173 garantija ir daugiau nei 13 met\u0173 patikimo aptarnavimo. Prisijunkite prie m\u016bs\u0173 daugiau nei 500 000 laiming\u0173 klient\u0173 bendruomen\u0117s ir pasitik\u0117kite savo pirkiniu. [\/cg_accordion]\n[cg_accordion title=\"Lanks\u010dios ir saugios mok\u0117jimo parinktys\"]<\/p>\n<p>Naudodamiesi m\u016bs\u0173 saugia kasos sistema galite b\u016bti ram\u016bs. Palaikome visus pagrindinius mok\u0117jimo b\u016bdus, \u012fskaitant debeto ir kredito korteles, \u201ePayPal\u201c, \u201eApple Pay\u201c, \u201eGoogle Pay\u201c, \u201eKlarna\u201c, \u201eAfterpay\u201c ir \u201eAffirm\u201c, tod\u0117l galite mok\u0117ti i\u0161 anksto arba dalimis. [\/cg_accordion]\n[cg_accordion title=\"Mokes\u010diai\"]<\/p>\n<p>\u012e kainas \u012fskai\u010diuotas taikomas PVM, kuris, priklausomai nuo j\u016bs\u0173 \u0161alies, gali siekti iki 25 %. Tiksli suma nurodoma kasoje, kad b\u016bt\u0173 u\u017etikrintas visi\u0161kas skaidrumas. [\/cg_accordion]\n[cg_accordion title=\"Pristatymas ir gr\u0105\u017einimas\"]<\/p>\n<p>Bendradarbiaujame su daugiau nei 10 patikim\u0173 siuntimo partneri\u0173, kad j\u016bs\u0173 u\u017esakymas b\u016bt\u0173 pristatytas greitai, saugiai ir patikimai.<\/p>\n<p>Mes naudojame greit\u0105j\u012f DDP (pristatytas sumok\u0117jus muit\u0105) pristatym\u0105. Tai rei\u0161kia, kad: <\/p>\n<li>Visi muitai ir mokes\u010diai jau \u012ftraukti \u012f nurodyt\u0105 gaminio kain\u0105.<\/li>\n<li>Pristatymo metu nesulauksite joki\u0173 netik\u0117t\u0173 mokes\u010di\u0173.<\/li>\n<li>Retais atvejais, kai muitin\u0117 v\u0117luoja, m\u016bs\u0173 komanda pasir\u016bpins muitinio \u012fforminimo procesu ir u\u017etikrins skland\u0173 pristatym\u0105.<\/li>\n<p>Svarbi informacija apie gr\u0105\u017einim\u0105:<\/p>\n<li>Jei gr\u0105\u017einate u\u017esakym\u0105 arba pra\u0161ote gr\u0105\u017einti pinigus, atkreipkite d\u0117mes\u012f, kad pagal DDP s\u0105lygas sumok\u0117ti mokes\u010diai ir muitai negr\u0105\u017einami.<\/li>\n<p>I\u0161samesn\u0117s informacijos rasite m\u016bs\u0173 <a href=\"https:\/\/droix.eu\/lt\/taisykles-ir-salygos\/\" target=\"_blank\" rel=\"nofollow noopener\">s\u0105lygose ir nuostatose<\/a>.\n<\/ul>\n<p>[\/cg_accordion]\n[cg_accordion title=\"Klient\u0173 aptarnavimas\"]<\/p>\n<p>Turite klausim\u0105? U\u017etenka para\u0161yti trump\u0105j\u0105 \u017einut\u0119 ir j\u016bs\u0173 klausimas bus i\u0161spr\u0119stas! [\/cg_accordion]\n[cg_accordion title=\"\u012e paket\u0105 \u012feina\"]<\/p>\n<ul>\n<li>1x GPD kietas korpusas<\/li>\n<\/ul>\n<p>[\/cg_accordion]\n","protected":false},"featured_media":207627,"template":"","meta":{"_acf_changed":false},"product_brand":[],"product_cat":[10471,10408],"product_tag":[],"woo-feed-brand":[],"key-features":[],"class_list":{"0":"post-525757","1":"product","2":"type-product","3":"status-publish","4":"has-post-thumbnail","6":"product_cat-nesiojamuju-kompiuteriu-priedai","7":"product_cat-priedai","8":"product_shipping_class-low-end","9":"pa_accessory-type-protective-case","10":"pa_brands-gpd-lt","11":"pa_compatibility-gpd-mikrokompiuteris","13":"first","14":"outofstock","15":"sale","16":"taxable","17":"shipping-taxable","18":"purchasable","19":"product-type-simple"},"acf":[],"aioseo_notices":[],"aioseo_head":"\n\t\t<!-- All in One SEO Pro 4.9.5.2 - aioseo.com -->\n\t<meta name=\"description\" content=\"Oficialus GPD produktas Skirta &quot; GPD XD Plus&quot; ir &quot;GPD WIN 2 Pried\u0173 skyrius\" \/>\n\t<meta name=\"robots\" content=\"max-image-preview:large\" \/>\n\t<link rel=\"canonical\" href=\"https:\/\/droix.eu\/lt\/product\/gpd-micro-pc-kietas-korpusas\/\" \/>\n\t<meta name=\"generator\" content=\"All in One SEO Pro (AIOSEO) 4.9.5.2\" \/>\n\t\t<meta property=\"og:locale\" content=\"lt_LT\" \/>\n\t\t<meta property=\"og:site_name\" content=\"DROIX EU - Get the latest Mini PCs, Ultrabook, PC Gaming Handhelds and more!\" \/>\n\t\t<meta property=\"og:type\" content=\"article\" \/>\n\t\t<meta property=\"og:title\" content=\"GPD \u201cMicro PC\u201d kietas korpusas - DROIX EU\" \/>\n\t\t<meta property=\"og:description\" content=\"Oficialus GPD produktas Skirta &quot; GPD XD Plus&quot; ir &quot;GPD WIN 2 Pried\u0173 skyrius\" \/>\n\t\t<meta property=\"og:url\" content=\"https:\/\/droix.eu\/lt\/product\/gpd-micro-pc-kietas-korpusas\/\" \/>\n\t\t<meta property=\"og:image\" content=\"https:\/\/droix.eu\/wp-content\/uploads\/2024\/06\/droix-v2-light-logo.png\" \/>\n\t\t<meta property=\"og:image:secure_url\" content=\"https:\/\/droix.eu\/wp-content\/uploads\/2024\/06\/droix-v2-light-logo.png\" \/>\n\t\t<meta property=\"og:image:width\" content=\"380\" \/>\n\t\t<meta property=\"og:image:height\" content=\"118\" \/>\n\t\t<meta property=\"article:published_time\" content=\"2022-05-12T21:03:45+00:00\" \/>\n\t\t<meta property=\"article:modified_time\" content=\"2026-04-08T10:33:30+00:00\" \/>\n\t\t<meta property=\"article:publisher\" content=\"https:\/\/www.facebook.com\/DroiX.Store\" \/>\n\t\t<meta name=\"twitter:card\" content=\"summary_large_image\" \/>\n\t\t<meta name=\"twitter:site\" content=\"@DroiX_Store\" \/>\n\t\t<meta name=\"twitter:title\" content=\"GPD \u201cMicro PC\u201d kietas korpusas - DROIX EU\" \/>\n\t\t<meta name=\"twitter:description\" content=\"Oficialus GPD produktas Skirta &quot; GPD XD Plus&quot; ir &quot;GPD WIN 2 Pried\u0173 skyrius\" \/>\n\t\t<meta name=\"twitter:image\" content=\"https:\/\/droix.eu\/wp-content\/uploads\/2024\/06\/droix-v2-light-logo.png\" \/>\n\t\t<script type=\"application\/ld+json\" class=\"aioseo-schema\">\n\t\t\t{\"@context\":\"https:\\\/\\\/schema.org\",\"@graph\":[{\"@type\":\"BreadcrumbList\",\"@id\":\"https:\\\/\\\/droix.eu\\\/lt\\\/product\\\/gpd-micro-pc-kietas-korpusas\\\/#breadcrumblist\",\"itemListElement\":[{\"@type\":\"ListItem\",\"@id\":\"https:\\\/\\\/droix.eu\\\/lt\\\/#listItem\",\"position\":1,\"name\":\"Home\",\"item\":\"https:\\\/\\\/droix.eu\\\/lt\\\/\",\"nextItem\":{\"@type\":\"ListItem\",\"@id\":\"https:\\\/\\\/droix.eu\\\/lt\\\/product-category\\\/priedai\\\/#listItem\",\"name\":\"Priedai\"}},{\"@type\":\"ListItem\",\"@id\":\"https:\\\/\\\/droix.eu\\\/lt\\\/product-category\\\/priedai\\\/#listItem\",\"position\":2,\"name\":\"Priedai\",\"item\":\"https:\\\/\\\/droix.eu\\\/lt\\\/product-category\\\/priedai\\\/\",\"nextItem\":{\"@type\":\"ListItem\",\"@id\":\"https:\\\/\\\/droix.eu\\\/lt\\\/product-category\\\/priedai\\\/nesiojamuju-kompiuteriu-priedai\\\/#listItem\",\"name\":\"Ne\\u0161iojam\\u0173j\\u0173 kompiuteri\\u0173 priedai\"},\"previousItem\":{\"@type\":\"ListItem\",\"@id\":\"https:\\\/\\\/droix.eu\\\/lt\\\/#listItem\",\"name\":\"Home\"}},{\"@type\":\"ListItem\",\"@id\":\"https:\\\/\\\/droix.eu\\\/lt\\\/product-category\\\/priedai\\\/nesiojamuju-kompiuteriu-priedai\\\/#listItem\",\"position\":3,\"name\":\"Ne\\u0161iojam\\u0173j\\u0173 kompiuteri\\u0173 priedai\",\"item\":\"https:\\\/\\\/droix.eu\\\/lt\\\/product-category\\\/priedai\\\/nesiojamuju-kompiuteriu-priedai\\\/\",\"nextItem\":{\"@type\":\"ListItem\",\"@id\":\"https:\\\/\\\/droix.eu\\\/lt\\\/product\\\/gpd-micro-pc-kietas-korpusas\\\/#listItem\",\"name\":\"GPD &#8220;Micro PC&#8221; kietas korpusas\"},\"previousItem\":{\"@type\":\"ListItem\",\"@id\":\"https:\\\/\\\/droix.eu\\\/lt\\\/product-category\\\/priedai\\\/#listItem\",\"name\":\"Priedai\"}},{\"@type\":\"ListItem\",\"@id\":\"https:\\\/\\\/droix.eu\\\/lt\\\/product\\\/gpd-micro-pc-kietas-korpusas\\\/#listItem\",\"position\":4,\"name\":\"GPD &#8220;Micro PC&#8221; kietas korpusas\",\"previousItem\":{\"@type\":\"ListItem\",\"@id\":\"https:\\\/\\\/droix.eu\\\/lt\\\/product-category\\\/priedai\\\/nesiojamuju-kompiuteriu-priedai\\\/#listItem\",\"name\":\"Ne\\u0161iojam\\u0173j\\u0173 kompiuteri\\u0173 priedai\"}}]},{\"@type\":\"Organization\",\"@id\":\"https:\\\/\\\/droix.eu\\\/lt\\\/#organization\",\"name\":\"DroiX \\u2013 Trusted EU Tech Retailer with 12+ Years Experience\",\"description\":\"DroiX is a leading European technology retailer with over 12 years of experience, offering quality mini PCs, handheld gaming consoles, and tech accessories. We provide hassle-free EU delivery with all taxes included, ensuring a smooth and reliable shopping experience for our customers across Europe.\",\"url\":\"https:\\\/\\\/droix.eu\\\/lt\\\/\",\"logo\":{\"@type\":\"ImageObject\",\"url\":\"https:\\\/\\\/droix.eu\\\/wp-content\\\/uploads\\\/2024\\\/06\\\/droix-v2-light-logo.png\",\"@id\":\"https:\\\/\\\/droix.eu\\\/lt\\\/product\\\/gpd-micro-pc-kietas-korpusas\\\/#organizationLogo\",\"width\":380,\"height\":118},\"image\":{\"@id\":\"https:\\\/\\\/droix.eu\\\/lt\\\/product\\\/gpd-micro-pc-kietas-korpusas\\\/#organizationLogo\"},\"sameAs\":[\"https:\\\/\\\/www.facebook.com\\\/DroiX.Store\",\"https:\\\/\\\/twitter.com\\\/DroiX_Store\",\"https:\\\/\\\/www.instagram.com\\\/droix.store\\\/\",\"https:\\\/\\\/www.tiktok.com\\\/@droix.store\",\"https:\\\/\\\/www.youtube.com\\\/c\\\/DroiX_Store\",\"https:\\\/\\\/uk.linkedin.com\\\/company\\\/droix\"]},{\"@type\":\"Product\",\"@id\":\"https:\\\/\\\/droix.eu\\\/lt\\\/product\\\/gpd-micro-pc-kietas-korpusas\\\/#wooCommerceProduct\",\"name\":\"GPD \\\"Micro PC\\\" kietas korpusas\",\"description\":\"Oficialus GPD produktas \\nSkirta \\\" GPD XD Plus\\\" ir \\\"GPD WIN 2\\nPried\\u0173 skyrius\",\"url\":\"https:\\\/\\\/droix.eu\\\/lt\\\/product\\\/gpd-micro-pc-kietas-korpusas\\\/\",\"sku\":\"GPD-HARDSHELL-MICRO-PC\",\"gtin\":\"712971998360\",\"image\":{\"@type\":\"ImageObject\",\"url\":\"https:\\\/\\\/droix.eu\\\/wp-content\\\/uploads\\\/2021\\\/12\\\/41ubjjbd1al.jpg\",\"@id\":\"https:\\\/\\\/droix.eu\\\/lt\\\/product\\\/gpd-micro-pc-kietas-korpusas\\\/#productImage\",\"width\":500,\"height\":500},\"offers\":{\"@type\":\"Offer\",\"url\":\"https:\\\/\\\/droix.eu\\\/lt\\\/product\\\/gpd-micro-pc-kietas-korpusas\\\/#wooCommerceOffer\",\"price\":9.78,\"priceCurrency\":\"EUR\",\"category\":\"Ne\\u0161iojam\\u0173j\\u0173 kompiuteri\\u0173 priedai\",\"availability\":\"https:\\\/\\\/schema.org\\\/OutOfStock\",\"priceSpecification\":{\"@type\":\"PriceSpecification\",\"price\":9.78,\"priceCurrency\":\"EUR\",\"valueAddedTaxIncluded\":\"true\"},\"seller\":{\"@type\":\"Organization\",\"@id\":\"https:\\\/\\\/droix.eu\\\/lt\\\/#organization\"}}},{\"@type\":\"WebPage\",\"@id\":\"https:\\\/\\\/droix.eu\\\/lt\\\/product\\\/gpd-micro-pc-kietas-korpusas\\\/#webpage\",\"url\":\"https:\\\/\\\/droix.eu\\\/lt\\\/product\\\/gpd-micro-pc-kietas-korpusas\\\/\",\"name\":\"GPD \\u201cMicro PC\\u201d kietas korpusas - DROIX EU\",\"description\":\"Oficialus GPD produktas Skirta \\\" GPD XD Plus\\\" ir \\\"GPD WIN 2 Pried\\u0173 skyrius\",\"inLanguage\":\"lt-LT\",\"isPartOf\":{\"@id\":\"https:\\\/\\\/droix.eu\\\/lt\\\/#website\"},\"breadcrumb\":{\"@id\":\"https:\\\/\\\/droix.eu\\\/lt\\\/product\\\/gpd-micro-pc-kietas-korpusas\\\/#breadcrumblist\"},\"image\":{\"@type\":\"ImageObject\",\"url\":\"https:\\\/\\\/droix.eu\\\/wp-content\\\/uploads\\\/2021\\\/12\\\/41ubjjbd1al.jpg\",\"@id\":\"https:\\\/\\\/droix.eu\\\/lt\\\/product\\\/gpd-micro-pc-kietas-korpusas\\\/#mainImage\",\"width\":500,\"height\":500},\"primaryImageOfPage\":{\"@id\":\"https:\\\/\\\/droix.eu\\\/lt\\\/product\\\/gpd-micro-pc-kietas-korpusas\\\/#mainImage\"},\"datePublished\":\"2022-05-12T22:03:45+01:00\",\"dateModified\":\"2026-04-08T11:33:30+01:00\"},{\"@type\":\"WebSite\",\"@id\":\"https:\\\/\\\/droix.eu\\\/lt\\\/#website\",\"url\":\"https:\\\/\\\/droix.eu\\\/lt\\\/\",\"name\":\"DROIX EU\",\"description\":\"Get the latest Mini PCs, Ultrabook, PC Gaming Handhelds and more!\",\"inLanguage\":\"lt-LT\",\"publisher\":{\"@id\":\"https:\\\/\\\/droix.eu\\\/lt\\\/#organization\"}}]}\n\t\t<\/script>\n\t\t<!-- All in One SEO Pro -->\r\n\t\t<title>GPD \u201cMicro PC\u201d kietas korpusas - DROIX EU<\/title>\n\n","aioseo_head_json":{"title":"GPD \u201cMicro PC\u201d kietas korpusas - DROIX EU","description":"Oficialus GPD produktas Skirta \" GPD XD Plus\" ir \"GPD WIN 2 Pried\u0173 skyrius","canonical_url":"https:\/\/droix.eu\/lt\/product\/gpd-micro-pc-kietas-korpusas\/","robots":"max-image-preview:large","keywords":"","webmasterTools":{"miscellaneous":""},"schema":{"@context":"https:\/\/schema.org","@graph":[{"@type":"BreadcrumbList","@id":"https:\/\/droix.eu\/lt\/product\/gpd-micro-pc-kietas-korpusas\/#breadcrumblist","itemListElement":[{"@type":"ListItem","@id":"https:\/\/droix.eu\/lt\/#listItem","position":1,"name":"Home","item":"https:\/\/droix.eu\/lt\/","nextItem":{"@type":"ListItem","@id":"https:\/\/droix.eu\/lt\/product-category\/priedai\/#listItem","name":"Priedai"}},{"@type":"ListItem","@id":"https:\/\/droix.eu\/lt\/product-category\/priedai\/#listItem","position":2,"name":"Priedai","item":"https:\/\/droix.eu\/lt\/product-category\/priedai\/","nextItem":{"@type":"ListItem","@id":"https:\/\/droix.eu\/lt\/product-category\/priedai\/nesiojamuju-kompiuteriu-priedai\/#listItem","name":"Ne\u0161iojam\u0173j\u0173 kompiuteri\u0173 priedai"},"previousItem":{"@type":"ListItem","@id":"https:\/\/droix.eu\/lt\/#listItem","name":"Home"}},{"@type":"ListItem","@id":"https:\/\/droix.eu\/lt\/product-category\/priedai\/nesiojamuju-kompiuteriu-priedai\/#listItem","position":3,"name":"Ne\u0161iojam\u0173j\u0173 kompiuteri\u0173 priedai","item":"https:\/\/droix.eu\/lt\/product-category\/priedai\/nesiojamuju-kompiuteriu-priedai\/","nextItem":{"@type":"ListItem","@id":"https:\/\/droix.eu\/lt\/product\/gpd-micro-pc-kietas-korpusas\/#listItem","name":"GPD &#8220;Micro PC&#8221; kietas korpusas"},"previousItem":{"@type":"ListItem","@id":"https:\/\/droix.eu\/lt\/product-category\/priedai\/#listItem","name":"Priedai"}},{"@type":"ListItem","@id":"https:\/\/droix.eu\/lt\/product\/gpd-micro-pc-kietas-korpusas\/#listItem","position":4,"name":"GPD &#8220;Micro PC&#8221; kietas korpusas","previousItem":{"@type":"ListItem","@id":"https:\/\/droix.eu\/lt\/product-category\/priedai\/nesiojamuju-kompiuteriu-priedai\/#listItem","name":"Ne\u0161iojam\u0173j\u0173 kompiuteri\u0173 priedai"}}]},{"@type":"Organization","@id":"https:\/\/droix.eu\/lt\/#organization","name":"DroiX \u2013 Trusted EU Tech Retailer with 12+ Years Experience","description":"DroiX is a leading European technology retailer with over 12 years of experience, offering quality mini PCs, handheld gaming consoles, and tech accessories. We provide hassle-free EU delivery with all taxes included, ensuring a smooth and reliable shopping experience for our customers across Europe.","url":"https:\/\/droix.eu\/lt\/","logo":{"@type":"ImageObject","url":"https:\/\/droix.eu\/wp-content\/uploads\/2024\/06\/droix-v2-light-logo.png","@id":"https:\/\/droix.eu\/lt\/product\/gpd-micro-pc-kietas-korpusas\/#organizationLogo","width":380,"height":118},"image":{"@id":"https:\/\/droix.eu\/lt\/product\/gpd-micro-pc-kietas-korpusas\/#organizationLogo"},"sameAs":["https:\/\/www.facebook.com\/DroiX.Store","https:\/\/twitter.com\/DroiX_Store","https:\/\/www.instagram.com\/droix.store\/","https:\/\/www.tiktok.com\/@droix.store","https:\/\/www.youtube.com\/c\/DroiX_Store","https:\/\/uk.linkedin.com\/company\/droix"]},{"@type":"Product","@id":"https:\/\/droix.eu\/lt\/product\/gpd-micro-pc-kietas-korpusas\/#wooCommerceProduct","name":"GPD \"Micro PC\" kietas korpusas","description":"Oficialus GPD produktas \nSkirta \" GPD XD Plus\" ir \"GPD WIN 2\nPried\u0173 skyrius","url":"https:\/\/droix.eu\/lt\/product\/gpd-micro-pc-kietas-korpusas\/","sku":"GPD-HARDSHELL-MICRO-PC","gtin":"712971998360","image":{"@type":"ImageObject","url":"https:\/\/droix.eu\/wp-content\/uploads\/2021\/12\/41ubjjbd1al.jpg","@id":"https:\/\/droix.eu\/lt\/product\/gpd-micro-pc-kietas-korpusas\/#productImage","width":500,"height":500},"offers":{"@type":"Offer","url":"https:\/\/droix.eu\/lt\/product\/gpd-micro-pc-kietas-korpusas\/#wooCommerceOffer","price":9.78,"priceCurrency":"EUR","category":"Ne\u0161iojam\u0173j\u0173 kompiuteri\u0173 priedai","availability":"https:\/\/schema.org\/OutOfStock","priceSpecification":{"@type":"PriceSpecification","price":9.78,"priceCurrency":"EUR","valueAddedTaxIncluded":"true"},"seller":{"@type":"Organization","@id":"https:\/\/droix.eu\/lt\/#organization"}}},{"@type":"WebPage","@id":"https:\/\/droix.eu\/lt\/product\/gpd-micro-pc-kietas-korpusas\/#webpage","url":"https:\/\/droix.eu\/lt\/product\/gpd-micro-pc-kietas-korpusas\/","name":"GPD \u201cMicro PC\u201d kietas korpusas - DROIX EU","description":"Oficialus GPD produktas Skirta \" GPD XD Plus\" ir \"GPD WIN 2 Pried\u0173 skyrius","inLanguage":"lt-LT","isPartOf":{"@id":"https:\/\/droix.eu\/lt\/#website"},"breadcrumb":{"@id":"https:\/\/droix.eu\/lt\/product\/gpd-micro-pc-kietas-korpusas\/#breadcrumblist"},"image":{"@type":"ImageObject","url":"https:\/\/droix.eu\/wp-content\/uploads\/2021\/12\/41ubjjbd1al.jpg","@id":"https:\/\/droix.eu\/lt\/product\/gpd-micro-pc-kietas-korpusas\/#mainImage","width":500,"height":500},"primaryImageOfPage":{"@id":"https:\/\/droix.eu\/lt\/product\/gpd-micro-pc-kietas-korpusas\/#mainImage"},"datePublished":"2022-05-12T22:03:45+01:00","dateModified":"2026-04-08T11:33:30+01:00"},{"@type":"WebSite","@id":"https:\/\/droix.eu\/lt\/#website","url":"https:\/\/droix.eu\/lt\/","name":"DROIX EU","description":"Get the latest Mini PCs, Ultrabook, PC Gaming Handhelds and more!","inLanguage":"lt-LT","publisher":{"@id":"https:\/\/droix.eu\/lt\/#organization"}}]},"og:locale":"lt_LT","og:site_name":"DROIX EU - Get the latest Mini PCs, Ultrabook, PC Gaming Handhelds and more!","og:type":"article","og:title":"GPD \u201cMicro PC\u201d kietas korpusas - DROIX EU","og:description":"Oficialus GPD produktas Skirta &quot; GPD XD Plus&quot; ir &quot;GPD WIN 2 Pried\u0173 skyrius","og:url":"https:\/\/droix.eu\/lt\/product\/gpd-micro-pc-kietas-korpusas\/","og:image":"https:\/\/droix.eu\/wp-content\/uploads\/2024\/06\/droix-v2-light-logo.png","og:image:secure_url":"https:\/\/droix.eu\/wp-content\/uploads\/2024\/06\/droix-v2-light-logo.png","og:image:width":380,"og:image:height":118,"article:published_time":"2022-05-12T21:03:45+00:00","article:modified_time":"2026-04-08T10:33:30+00:00","article:publisher":"https:\/\/www.facebook.com\/DroiX.Store","twitter:card":"summary_large_image","twitter:site":"@DroiX_Store","twitter:title":"GPD \u201cMicro PC\u201d kietas korpusas - DROIX EU","twitter:description":"Oficialus GPD produktas Skirta &quot; GPD XD Plus&quot; ir &quot;GPD WIN 2 Pried\u0173 skyrius","twitter:image":"https:\/\/droix.eu\/wp-content\/uploads\/2024\/06\/droix-v2-light-logo.png"},"aioseo_meta_data":{"post_id":"525757","title":null,"description":null,"keywords":null,"keyphrases":null,"primary_term":null,"canonical_url":null,"og_title":null,"og_description":null,"og_object_type":"default","og_image_type":"default","og_image_url":null,"og_image_width":null,"og_image_height":null,"og_image_custom_url":null,"og_image_custom_fields":null,"og_video":null,"og_custom_url":null,"og_article_section":null,"og_article_tags":null,"twitter_use_og":true,"twitter_card":"default","twitter_image_type":"default","twitter_image_url":null,"twitter_image_custom_url":null,"twitter_image_custom_fields":null,"twitter_title":null,"twitter_description":null,"schema":{"blockGraphs":[],"customGraphs":[],"default":{"data":{"Article":[],"Course":[],"Dataset":[],"FAQPage":[],"Movie":[],"Person":[],"Product":[],"ProductReview":[],"Car":[],"Recipe":[],"Service":[],"SoftwareApplication":[],"WebPage":[]},"graphName":"Product","isEnabled":true},"graphs":[]},"schema_type":"default","schema_type_options":null,"pillar_content":false,"robots_default":true,"robots_noindex":false,"robots_noarchive":false,"robots_nosnippet":false,"robots_nofollow":false,"robots_noimageindex":false,"robots_noodp":false,"robots_notranslate":false,"robots_max_snippet":null,"robots_max_videopreview":null,"robots_max_imagepreview":"large","priority":null,"frequency":null,"local_seo":null,"seo_analyzer_scan_date":null,"breadcrumb_settings":null,"limit_modified_date":false,"reviewed_by":null,"open_ai":null,"ai":null,"created":"2025-10-09 03:52:25","updated":"2026-04-08 12:29:47"},"aioseo_breadcrumb":"<div class=\"aioseo-breadcrumbs\"><span class=\"aioseo-breadcrumb\">\n\t<a href=\"https:\/\/droix.eu\/lt\/\" title=\"Home\">Home<\/a>\n<\/span><span class=\"aioseo-breadcrumb-separator\">&raquo;<\/span><span class=\"aioseo-breadcrumb\">\n\t<a href=\"https:\/\/droix.eu\/lt\/product-category\/priedai\/\" title=\"Priedai\">Priedai<\/a>\n<\/span><span class=\"aioseo-breadcrumb-separator\">&raquo;<\/span><span class=\"aioseo-breadcrumb\">\n\t<a href=\"https:\/\/droix.eu\/lt\/product-category\/priedai\/nesiojamuju-kompiuteriu-priedai\/\" title=\"Ne\u0161iojam\u0173j\u0173 kompiuteri\u0173 priedai\">Ne\u0161iojam\u0173j\u0173 kompiuteri\u0173 priedai<\/a>\n<\/span><span class=\"aioseo-breadcrumb-separator\">&raquo;<\/span><span class=\"aioseo-breadcrumb\">\n\tGPD \u201cMicro PC\u201d kietas korpusas\n<\/span><\/div>","aioseo_breadcrumb_json":[{"label":"Home","link":"https:\/\/droix.eu\/lt\/"},{"label":"Priedai","link":"https:\/\/droix.eu\/lt\/product-category\/priedai\/"},{"label":"Ne\u0161iojam\u0173j\u0173 kompiuteri\u0173 priedai","link":"https:\/\/droix.eu\/lt\/product-category\/priedai\/nesiojamuju-kompiuteriu-priedai\/"},{"label":"GPD &#8220;Micro PC&#8221; kietas korpusas","link":"https:\/\/droix.eu\/lt\/product\/gpd-micro-pc-kietas-korpusas\/"}],"_links":{"self":[{"href":"https:\/\/droix.eu\/lt\/wp-json\/wp\/v2\/product\/525757","targetHints":{"allow":["GET"]}}],"collection":[{"href":"https:\/\/droix.eu\/lt\/wp-json\/wp\/v2\/product"}],"about":[{"href":"https:\/\/droix.eu\/lt\/wp-json\/wp\/v2\/types\/product"}],"version-history":[{"count":0,"href":"https:\/\/droix.eu\/lt\/wp-json\/wp\/v2\/product\/525757\/revisions"}],"wp:featuredmedia":[{"embeddable":true,"href":"https:\/\/droix.eu\/lt\/wp-json\/wp\/v2\/media\/207627"}],"wp:attachment":[{"href":"https:\/\/droix.eu\/lt\/wp-json\/wp\/v2\/media?parent=525757"}],"wp:term":[{"taxonomy":"product_brand","embeddable":true,"href":"https:\/\/droix.eu\/lt\/wp-json\/wp\/v2\/product_brand?post=525757"},{"taxonomy":"product_cat","embeddable":true,"href":"https:\/\/droix.eu\/lt\/wp-json\/wp\/v2\/product_cat?post=525757"},{"taxonomy":"product_tag","embeddable":true,"href":"https:\/\/droix.eu\/lt\/wp-json\/wp\/v2\/product_tag?post=525757"},{"taxonomy":"woo-feed-brand","embeddable":true,"href":"https:\/\/droix.eu\/lt\/wp-json\/wp\/v2\/woo-feed-brand?post=525757"},{"taxonomy":"key-features","embeddable":true,"href":"https:\/\/droix.eu\/lt\/wp-json\/wp\/v2\/key-features?post=525757"}],"curies":[{"name":"wp","href":"https:\/\/api.w.org\/{rel}","templated":true}]}}