{"id":524974,"date":"2022-02-14T10:48:08","date_gmt":"2022-02-14T10:48:08","guid":{"rendered":"https:\/\/droix.eu\/product\/oficialus-gpd-pocket-3-apsauginis-deklas\/"},"modified":"2025-08-18T13:53:53","modified_gmt":"2025-08-18T12:53:53","slug":"oficialus-gpd-pocket-3-apsauginis-deklas","status":"publish","type":"product","link":"https:\/\/droix.eu\/lt\/product\/oficialus-gpd-pocket-3-apsauginis-deklas\/","title":{"rendered":"Oficialus GPD Pocket 3 apsauginis d\u0117klas"},"content":{"rendered":"<p>GPD sukurtas GPD P2 Max , Pocket 3 ir GPD WIN Max, \u0161is apsauginis d\u0117klas yra eleganti\u0161kas ir stilingas.<\/p>\n","protected":false},"excerpt":{"rendered":"<ul>\n<li><strong>Oficialus GPD produktas<\/strong> <\/li>\n<li>Skirtas <strong>GPD Pocket 3 mini<\/strong> ne\u0161iojamajam kompiuteriui<\/li>\n<li><strong>Dirbtin\u0117s odos<\/strong> tekst\u016bra<\/li>\n<li><strong>Magnetinis<\/strong> dangtelis<\/li>\n<\/ul>\n[droix_global_accordions]\n[cg_accordion title=\"\u012e paket\u0105 \u012feina\"]<\/p>\n<ul>\n<li>1x oficialus GPD Pocket 3 apsauginis d\u0117klas<\/li>\n<\/ul>\n<p>[\/cg_accordion]\n","protected":false},"featured_media":323635,"template":"","meta":{"_acf_changed":false},"product_brand":[],"product_cat":[10471,10408],"product_tag":[],"woo-feed-brand":[2198],"key-features":[],"class_list":{"0":"post-524974","1":"product","2":"type-product","3":"status-publish","4":"has-post-thumbnail","6":"product_cat-nesiojamuju-kompiuteriu-priedai","7":"product_cat-priedai","8":"product_shipping_class-low-end","9":"pa_accessory-type-protective-case","10":"pa_brands-gpd-lt","11":"pa_compatibility-gpd-pocket-3-lt","12":"woo-feed-brand-gpd","14":"first","15":"outofstock","16":"taxable","17":"shipping-taxable","18":"purchasable","19":"product-type-simple"},"acf":[],"aioseo_notices":[],"aioseo_head":"\n\t\t<!-- All in One SEO Pro 4.9.5.2 - aioseo.com -->\n\t<meta name=\"description\" content=\"Oficialus GPD produktas Skirtas GPD Pocket 3 mini ne\u0161iojamajam kompiuteriui Dirbtin\u0117s odos tekst\u016bra Magnetinis dangtelis \u012e paket\u0105 \u012feina 1x oficialus GPD Pocket 3 apsauginis d\u0117klas\" \/>\n\t<meta name=\"robots\" content=\"max-image-preview:large\" \/>\n\t<link rel=\"canonical\" href=\"https:\/\/droix.eu\/lt\/product\/oficialus-gpd-pocket-3-apsauginis-deklas\/\" \/>\n\t<meta name=\"generator\" content=\"All in One SEO Pro (AIOSEO) 4.9.5.2\" \/>\n\t\t<meta property=\"og:locale\" content=\"lt_LT\" \/>\n\t\t<meta property=\"og:site_name\" content=\"DROIX EU - Get the latest Mini PCs, Ultrabook, PC Gaming Handhelds and more!\" \/>\n\t\t<meta property=\"og:type\" content=\"article\" \/>\n\t\t<meta property=\"og:title\" content=\"Oficialus GPD Pocket 3 apsauginis d\u0117klas - DROIX EU\" \/>\n\t\t<meta property=\"og:description\" content=\"Oficialus GPD produktas Skirtas GPD Pocket 3 mini ne\u0161iojamajam kompiuteriui Dirbtin\u0117s odos tekst\u016bra Magnetinis dangtelis \u012e paket\u0105 \u012feina 1x oficialus GPD Pocket 3 apsauginis d\u0117klas\" \/>\n\t\t<meta property=\"og:url\" content=\"https:\/\/droix.eu\/lt\/product\/oficialus-gpd-pocket-3-apsauginis-deklas\/\" \/>\n\t\t<meta property=\"og:image\" content=\"https:\/\/droix.eu\/wp-content\/uploads\/2024\/06\/droix-v2-light-logo.png\" \/>\n\t\t<meta property=\"og:image:secure_url\" content=\"https:\/\/droix.eu\/wp-content\/uploads\/2024\/06\/droix-v2-light-logo.png\" \/>\n\t\t<meta property=\"og:image:width\" content=\"380\" \/>\n\t\t<meta property=\"og:image:height\" content=\"118\" \/>\n\t\t<meta property=\"article:published_time\" content=\"2022-02-14T10:48:08+00:00\" \/>\n\t\t<meta property=\"article:modified_time\" content=\"2025-08-18T12:53:53+00:00\" \/>\n\t\t<meta property=\"article:publisher\" content=\"https:\/\/www.facebook.com\/DroiX.Store\" \/>\n\t\t<meta name=\"twitter:card\" content=\"summary_large_image\" \/>\n\t\t<meta name=\"twitter:site\" content=\"@DroiX_Store\" \/>\n\t\t<meta name=\"twitter:title\" content=\"Oficialus GPD Pocket 3 apsauginis d\u0117klas - DROIX EU\" \/>\n\t\t<meta name=\"twitter:description\" content=\"Oficialus GPD produktas Skirtas GPD Pocket 3 mini ne\u0161iojamajam kompiuteriui Dirbtin\u0117s odos tekst\u016bra Magnetinis dangtelis \u012e paket\u0105 \u012feina 1x oficialus GPD Pocket 3 apsauginis d\u0117klas\" \/>\n\t\t<meta name=\"twitter:image\" content=\"https:\/\/droix.eu\/wp-content\/uploads\/2024\/06\/droix-v2-light-logo.png\" \/>\n\t\t<script type=\"application\/ld+json\" class=\"aioseo-schema\">\n\t\t\t{\"@context\":\"https:\\\/\\\/schema.org\",\"@graph\":[{\"@type\":\"BreadcrumbList\",\"@id\":\"https:\\\/\\\/droix.eu\\\/lt\\\/product\\\/oficialus-gpd-pocket-3-apsauginis-deklas\\\/#breadcrumblist\",\"itemListElement\":[{\"@type\":\"ListItem\",\"@id\":\"https:\\\/\\\/droix.eu\\\/lt\\\/#listItem\",\"position\":1,\"name\":\"Home\",\"item\":\"https:\\\/\\\/droix.eu\\\/lt\\\/\",\"nextItem\":{\"@type\":\"ListItem\",\"@id\":\"https:\\\/\\\/droix.eu\\\/lt\\\/product-category\\\/priedai\\\/#listItem\",\"name\":\"Priedai\"}},{\"@type\":\"ListItem\",\"@id\":\"https:\\\/\\\/droix.eu\\\/lt\\\/product-category\\\/priedai\\\/#listItem\",\"position\":2,\"name\":\"Priedai\",\"item\":\"https:\\\/\\\/droix.eu\\\/lt\\\/product-category\\\/priedai\\\/\",\"nextItem\":{\"@type\":\"ListItem\",\"@id\":\"https:\\\/\\\/droix.eu\\\/lt\\\/product-category\\\/priedai\\\/nesiojamuju-kompiuteriu-priedai\\\/#listItem\",\"name\":\"Ne\\u0161iojam\\u0173j\\u0173 kompiuteri\\u0173 priedai\"},\"previousItem\":{\"@type\":\"ListItem\",\"@id\":\"https:\\\/\\\/droix.eu\\\/lt\\\/#listItem\",\"name\":\"Home\"}},{\"@type\":\"ListItem\",\"@id\":\"https:\\\/\\\/droix.eu\\\/lt\\\/product-category\\\/priedai\\\/nesiojamuju-kompiuteriu-priedai\\\/#listItem\",\"position\":3,\"name\":\"Ne\\u0161iojam\\u0173j\\u0173 kompiuteri\\u0173 priedai\",\"item\":\"https:\\\/\\\/droix.eu\\\/lt\\\/product-category\\\/priedai\\\/nesiojamuju-kompiuteriu-priedai\\\/\",\"nextItem\":{\"@type\":\"ListItem\",\"@id\":\"https:\\\/\\\/droix.eu\\\/lt\\\/product\\\/oficialus-gpd-pocket-3-apsauginis-deklas\\\/#listItem\",\"name\":\"Oficialus GPD Pocket 3 apsauginis d\\u0117klas\"},\"previousItem\":{\"@type\":\"ListItem\",\"@id\":\"https:\\\/\\\/droix.eu\\\/lt\\\/product-category\\\/priedai\\\/#listItem\",\"name\":\"Priedai\"}},{\"@type\":\"ListItem\",\"@id\":\"https:\\\/\\\/droix.eu\\\/lt\\\/product\\\/oficialus-gpd-pocket-3-apsauginis-deklas\\\/#listItem\",\"position\":4,\"name\":\"Oficialus GPD Pocket 3 apsauginis d\\u0117klas\",\"previousItem\":{\"@type\":\"ListItem\",\"@id\":\"https:\\\/\\\/droix.eu\\\/lt\\\/product-category\\\/priedai\\\/nesiojamuju-kompiuteriu-priedai\\\/#listItem\",\"name\":\"Ne\\u0161iojam\\u0173j\\u0173 kompiuteri\\u0173 priedai\"}}]},{\"@type\":\"Organization\",\"@id\":\"https:\\\/\\\/droix.eu\\\/lt\\\/#organization\",\"name\":\"DroiX \\u2013 Trusted EU Tech Retailer with 12+ Years Experience\",\"description\":\"DroiX is a leading European technology retailer with over 12 years of experience, offering quality mini PCs, handheld gaming consoles, and tech accessories. We provide hassle-free EU delivery with all taxes included, ensuring a smooth and reliable shopping experience for our customers across Europe.\",\"url\":\"https:\\\/\\\/droix.eu\\\/lt\\\/\",\"logo\":{\"@type\":\"ImageObject\",\"url\":\"https:\\\/\\\/droix.eu\\\/wp-content\\\/uploads\\\/2024\\\/06\\\/droix-v2-light-logo.png\",\"@id\":\"https:\\\/\\\/droix.eu\\\/lt\\\/product\\\/oficialus-gpd-pocket-3-apsauginis-deklas\\\/#organizationLogo\",\"width\":380,\"height\":118},\"image\":{\"@id\":\"https:\\\/\\\/droix.eu\\\/lt\\\/product\\\/oficialus-gpd-pocket-3-apsauginis-deklas\\\/#organizationLogo\"},\"sameAs\":[\"https:\\\/\\\/www.facebook.com\\\/DroiX.Store\",\"https:\\\/\\\/twitter.com\\\/DroiX_Store\",\"https:\\\/\\\/www.instagram.com\\\/droix.store\\\/\",\"https:\\\/\\\/www.tiktok.com\\\/@droix.store\",\"https:\\\/\\\/www.youtube.com\\\/c\\\/DroiX_Store\",\"https:\\\/\\\/uk.linkedin.com\\\/company\\\/droix\"]},{\"@type\":\"Product\",\"@id\":\"https:\\\/\\\/droix.eu\\\/lt\\\/product\\\/oficialus-gpd-pocket-3-apsauginis-deklas\\\/#wooCommerceProduct\",\"name\":\"Oficialus GPD Pocket 3 apsauginis d\\u0117klas\",\"description\":\"Oficialus GPD produktas \\n \\tSkirtas GPD Pocket 3 mini ne\\u0161iojamajam kompiuteriui\\n \\tDirbtin\\u0117s odos tekst\\u016bra\\n \\tMagnetinis dangtelis\",\"url\":\"https:\\\/\\\/droix.eu\\\/lt\\\/product\\\/oficialus-gpd-pocket-3-apsauginis-deklas\\\/\",\"sku\":\"GPD-POCKET-3-PROTECTIVE-CASE\",\"gtin\":\"5060763670358\",\"image\":{\"@type\":\"ImageObject\",\"url\":\"https:\\\/\\\/droix.eu\\\/wp-content\\\/uploads\\\/2022\\\/02\\\/GPD_POCKET_3-CASE-WC-DONE-LISTING-IMAGE-1.png\",\"@id\":\"https:\\\/\\\/droix.eu\\\/lt\\\/product\\\/oficialus-gpd-pocket-3-apsauginis-deklas\\\/#productImage\",\"width\":1000,\"height\":1000,\"caption\":\"GPD POCKET 3 odinis d\\u0117klas pagrindinis vaizdas\"},\"offers\":{\"@type\":\"Offer\",\"url\":\"https:\\\/\\\/droix.eu\\\/lt\\\/product\\\/oficialus-gpd-pocket-3-apsauginis-deklas\\\/#wooCommerceOffer\",\"price\":27.63,\"priceCurrency\":\"EUR\",\"category\":\"Ne\\u0161iojam\\u0173j\\u0173 kompiuteri\\u0173 priedai\",\"availability\":\"https:\\\/\\\/schema.org\\\/OutOfStock\",\"priceSpecification\":{\"@type\":\"PriceSpecification\",\"price\":27.63,\"priceCurrency\":\"EUR\",\"valueAddedTaxIncluded\":\"true\"},\"seller\":{\"@type\":\"Organization\",\"@id\":\"https:\\\/\\\/droix.eu\\\/lt\\\/#organization\"}}},{\"@type\":\"WebPage\",\"@id\":\"https:\\\/\\\/droix.eu\\\/lt\\\/product\\\/oficialus-gpd-pocket-3-apsauginis-deklas\\\/#webpage\",\"url\":\"https:\\\/\\\/droix.eu\\\/lt\\\/product\\\/oficialus-gpd-pocket-3-apsauginis-deklas\\\/\",\"name\":\"Oficialus GPD Pocket 3 apsauginis d\\u0117klas - DROIX EU\",\"description\":\"Oficialus GPD produktas Skirtas GPD Pocket 3 mini ne\\u0161iojamajam kompiuteriui Dirbtin\\u0117s odos tekst\\u016bra Magnetinis dangtelis \\u012e paket\\u0105 \\u012feina 1x oficialus GPD Pocket 3 apsauginis d\\u0117klas\",\"inLanguage\":\"lt-LT\",\"isPartOf\":{\"@id\":\"https:\\\/\\\/droix.eu\\\/lt\\\/#website\"},\"breadcrumb\":{\"@id\":\"https:\\\/\\\/droix.eu\\\/lt\\\/product\\\/oficialus-gpd-pocket-3-apsauginis-deklas\\\/#breadcrumblist\"},\"image\":{\"@type\":\"ImageObject\",\"url\":\"https:\\\/\\\/droix.eu\\\/wp-content\\\/uploads\\\/2022\\\/02\\\/GPD_POCKET_3-CASE-WC-DONE-LISTING-IMAGE-1.png\",\"@id\":\"https:\\\/\\\/droix.eu\\\/lt\\\/product\\\/oficialus-gpd-pocket-3-apsauginis-deklas\\\/#mainImage\",\"width\":1000,\"height\":1000,\"caption\":\"GPD POCKET 3 odinis d\\u0117klas pagrindinis vaizdas\"},\"primaryImageOfPage\":{\"@id\":\"https:\\\/\\\/droix.eu\\\/lt\\\/product\\\/oficialus-gpd-pocket-3-apsauginis-deklas\\\/#mainImage\"},\"datePublished\":\"2022-02-14T10:48:08+00:00\",\"dateModified\":\"2025-08-18T13:53:53+01:00\"},{\"@type\":\"WebSite\",\"@id\":\"https:\\\/\\\/droix.eu\\\/lt\\\/#website\",\"url\":\"https:\\\/\\\/droix.eu\\\/lt\\\/\",\"name\":\"DROIX EU\",\"description\":\"Get the latest Mini PCs, Ultrabook, PC Gaming Handhelds and more!\",\"inLanguage\":\"lt-LT\",\"publisher\":{\"@id\":\"https:\\\/\\\/droix.eu\\\/lt\\\/#organization\"}}]}\n\t\t<\/script>\n\t\t<!-- All in One SEO Pro -->\r\n\t\t<title>Oficialus GPD Pocket 3 apsauginis d\u0117klas - DROIX EU<\/title>\n\n","aioseo_head_json":{"title":"Oficialus GPD Pocket 3 apsauginis d\u0117klas - DROIX EU","description":"Oficialus GPD produktas Skirtas GPD Pocket 3 mini ne\u0161iojamajam kompiuteriui Dirbtin\u0117s odos tekst\u016bra Magnetinis dangtelis \u012e paket\u0105 \u012feina 1x oficialus GPD Pocket 3 apsauginis d\u0117klas","canonical_url":"https:\/\/droix.eu\/lt\/product\/oficialus-gpd-pocket-3-apsauginis-deklas\/","robots":"max-image-preview:large","keywords":"","webmasterTools":{"miscellaneous":""},"schema":{"@context":"https:\/\/schema.org","@graph":[{"@type":"BreadcrumbList","@id":"https:\/\/droix.eu\/lt\/product\/oficialus-gpd-pocket-3-apsauginis-deklas\/#breadcrumblist","itemListElement":[{"@type":"ListItem","@id":"https:\/\/droix.eu\/lt\/#listItem","position":1,"name":"Home","item":"https:\/\/droix.eu\/lt\/","nextItem":{"@type":"ListItem","@id":"https:\/\/droix.eu\/lt\/product-category\/priedai\/#listItem","name":"Priedai"}},{"@type":"ListItem","@id":"https:\/\/droix.eu\/lt\/product-category\/priedai\/#listItem","position":2,"name":"Priedai","item":"https:\/\/droix.eu\/lt\/product-category\/priedai\/","nextItem":{"@type":"ListItem","@id":"https:\/\/droix.eu\/lt\/product-category\/priedai\/nesiojamuju-kompiuteriu-priedai\/#listItem","name":"Ne\u0161iojam\u0173j\u0173 kompiuteri\u0173 priedai"},"previousItem":{"@type":"ListItem","@id":"https:\/\/droix.eu\/lt\/#listItem","name":"Home"}},{"@type":"ListItem","@id":"https:\/\/droix.eu\/lt\/product-category\/priedai\/nesiojamuju-kompiuteriu-priedai\/#listItem","position":3,"name":"Ne\u0161iojam\u0173j\u0173 kompiuteri\u0173 priedai","item":"https:\/\/droix.eu\/lt\/product-category\/priedai\/nesiojamuju-kompiuteriu-priedai\/","nextItem":{"@type":"ListItem","@id":"https:\/\/droix.eu\/lt\/product\/oficialus-gpd-pocket-3-apsauginis-deklas\/#listItem","name":"Oficialus GPD Pocket 3 apsauginis d\u0117klas"},"previousItem":{"@type":"ListItem","@id":"https:\/\/droix.eu\/lt\/product-category\/priedai\/#listItem","name":"Priedai"}},{"@type":"ListItem","@id":"https:\/\/droix.eu\/lt\/product\/oficialus-gpd-pocket-3-apsauginis-deklas\/#listItem","position":4,"name":"Oficialus GPD Pocket 3 apsauginis d\u0117klas","previousItem":{"@type":"ListItem","@id":"https:\/\/droix.eu\/lt\/product-category\/priedai\/nesiojamuju-kompiuteriu-priedai\/#listItem","name":"Ne\u0161iojam\u0173j\u0173 kompiuteri\u0173 priedai"}}]},{"@type":"Organization","@id":"https:\/\/droix.eu\/lt\/#organization","name":"DroiX \u2013 Trusted EU Tech Retailer with 12+ Years Experience","description":"DroiX is a leading European technology retailer with over 12 years of experience, offering quality mini PCs, handheld gaming consoles, and tech accessories. We provide hassle-free EU delivery with all taxes included, ensuring a smooth and reliable shopping experience for our customers across Europe.","url":"https:\/\/droix.eu\/lt\/","logo":{"@type":"ImageObject","url":"https:\/\/droix.eu\/wp-content\/uploads\/2024\/06\/droix-v2-light-logo.png","@id":"https:\/\/droix.eu\/lt\/product\/oficialus-gpd-pocket-3-apsauginis-deklas\/#organizationLogo","width":380,"height":118},"image":{"@id":"https:\/\/droix.eu\/lt\/product\/oficialus-gpd-pocket-3-apsauginis-deklas\/#organizationLogo"},"sameAs":["https:\/\/www.facebook.com\/DroiX.Store","https:\/\/twitter.com\/DroiX_Store","https:\/\/www.instagram.com\/droix.store\/","https:\/\/www.tiktok.com\/@droix.store","https:\/\/www.youtube.com\/c\/DroiX_Store","https:\/\/uk.linkedin.com\/company\/droix"]},{"@type":"Product","@id":"https:\/\/droix.eu\/lt\/product\/oficialus-gpd-pocket-3-apsauginis-deklas\/#wooCommerceProduct","name":"Oficialus GPD Pocket 3 apsauginis d\u0117klas","description":"Oficialus GPD produktas \n \tSkirtas GPD Pocket 3 mini ne\u0161iojamajam kompiuteriui\n \tDirbtin\u0117s odos tekst\u016bra\n \tMagnetinis dangtelis","url":"https:\/\/droix.eu\/lt\/product\/oficialus-gpd-pocket-3-apsauginis-deklas\/","sku":"GPD-POCKET-3-PROTECTIVE-CASE","gtin":"5060763670358","image":{"@type":"ImageObject","url":"https:\/\/droix.eu\/wp-content\/uploads\/2022\/02\/GPD_POCKET_3-CASE-WC-DONE-LISTING-IMAGE-1.png","@id":"https:\/\/droix.eu\/lt\/product\/oficialus-gpd-pocket-3-apsauginis-deklas\/#productImage","width":1000,"height":1000,"caption":"GPD POCKET 3 odinis d\u0117klas pagrindinis vaizdas"},"offers":{"@type":"Offer","url":"https:\/\/droix.eu\/lt\/product\/oficialus-gpd-pocket-3-apsauginis-deklas\/#wooCommerceOffer","price":27.63,"priceCurrency":"EUR","category":"Ne\u0161iojam\u0173j\u0173 kompiuteri\u0173 priedai","availability":"https:\/\/schema.org\/OutOfStock","priceSpecification":{"@type":"PriceSpecification","price":27.63,"priceCurrency":"EUR","valueAddedTaxIncluded":"true"},"seller":{"@type":"Organization","@id":"https:\/\/droix.eu\/lt\/#organization"}}},{"@type":"WebPage","@id":"https:\/\/droix.eu\/lt\/product\/oficialus-gpd-pocket-3-apsauginis-deklas\/#webpage","url":"https:\/\/droix.eu\/lt\/product\/oficialus-gpd-pocket-3-apsauginis-deklas\/","name":"Oficialus GPD Pocket 3 apsauginis d\u0117klas - DROIX EU","description":"Oficialus GPD produktas Skirtas GPD Pocket 3 mini ne\u0161iojamajam kompiuteriui Dirbtin\u0117s odos tekst\u016bra Magnetinis dangtelis \u012e paket\u0105 \u012feina 1x oficialus GPD Pocket 3 apsauginis d\u0117klas","inLanguage":"lt-LT","isPartOf":{"@id":"https:\/\/droix.eu\/lt\/#website"},"breadcrumb":{"@id":"https:\/\/droix.eu\/lt\/product\/oficialus-gpd-pocket-3-apsauginis-deklas\/#breadcrumblist"},"image":{"@type":"ImageObject","url":"https:\/\/droix.eu\/wp-content\/uploads\/2022\/02\/GPD_POCKET_3-CASE-WC-DONE-LISTING-IMAGE-1.png","@id":"https:\/\/droix.eu\/lt\/product\/oficialus-gpd-pocket-3-apsauginis-deklas\/#mainImage","width":1000,"height":1000,"caption":"GPD POCKET 3 odinis d\u0117klas pagrindinis vaizdas"},"primaryImageOfPage":{"@id":"https:\/\/droix.eu\/lt\/product\/oficialus-gpd-pocket-3-apsauginis-deklas\/#mainImage"},"datePublished":"2022-02-14T10:48:08+00:00","dateModified":"2025-08-18T13:53:53+01:00"},{"@type":"WebSite","@id":"https:\/\/droix.eu\/lt\/#website","url":"https:\/\/droix.eu\/lt\/","name":"DROIX EU","description":"Get the latest Mini PCs, Ultrabook, PC Gaming Handhelds and more!","inLanguage":"lt-LT","publisher":{"@id":"https:\/\/droix.eu\/lt\/#organization"}}]},"og:locale":"lt_LT","og:site_name":"DROIX EU - Get the latest Mini PCs, Ultrabook, PC Gaming Handhelds and more!","og:type":"article","og:title":"Oficialus GPD Pocket 3 apsauginis d\u0117klas - DROIX EU","og:description":"Oficialus GPD produktas Skirtas GPD Pocket 3 mini ne\u0161iojamajam kompiuteriui Dirbtin\u0117s odos tekst\u016bra Magnetinis dangtelis \u012e paket\u0105 \u012feina 1x oficialus GPD Pocket 3 apsauginis d\u0117klas","og:url":"https:\/\/droix.eu\/lt\/product\/oficialus-gpd-pocket-3-apsauginis-deklas\/","og:image":"https:\/\/droix.eu\/wp-content\/uploads\/2024\/06\/droix-v2-light-logo.png","og:image:secure_url":"https:\/\/droix.eu\/wp-content\/uploads\/2024\/06\/droix-v2-light-logo.png","og:image:width":380,"og:image:height":118,"article:published_time":"2022-02-14T10:48:08+00:00","article:modified_time":"2025-08-18T12:53:53+00:00","article:publisher":"https:\/\/www.facebook.com\/DroiX.Store","twitter:card":"summary_large_image","twitter:site":"@DroiX_Store","twitter:title":"Oficialus GPD Pocket 3 apsauginis d\u0117klas - DROIX EU","twitter:description":"Oficialus GPD produktas Skirtas GPD Pocket 3 mini ne\u0161iojamajam kompiuteriui Dirbtin\u0117s odos tekst\u016bra Magnetinis dangtelis \u012e paket\u0105 \u012feina 1x oficialus GPD Pocket 3 apsauginis d\u0117klas","twitter:image":"https:\/\/droix.eu\/wp-content\/uploads\/2024\/06\/droix-v2-light-logo.png"},"aioseo_meta_data":{"post_id":"524974","title":null,"description":null,"keywords":null,"keyphrases":null,"primary_term":null,"canonical_url":null,"og_title":null,"og_description":null,"og_object_type":"default","og_image_type":"default","og_image_url":null,"og_image_width":null,"og_image_height":null,"og_image_custom_url":null,"og_image_custom_fields":null,"og_video":null,"og_custom_url":null,"og_article_section":null,"og_article_tags":null,"twitter_use_og":true,"twitter_card":"default","twitter_image_type":"default","twitter_image_url":null,"twitter_image_custom_url":null,"twitter_image_custom_fields":null,"twitter_title":null,"twitter_description":null,"schema":{"blockGraphs":[],"customGraphs":[],"default":{"data":{"Article":[],"Course":[],"Dataset":[],"FAQPage":[],"Movie":[],"Person":[],"Product":[],"ProductReview":[],"Car":[],"Recipe":[],"Service":[],"SoftwareApplication":[],"WebPage":[]},"graphName":"","isEnabled":true},"graphs":[]},"schema_type":"default","schema_type_options":null,"pillar_content":false,"robots_default":true,"robots_noindex":false,"robots_noarchive":false,"robots_nosnippet":false,"robots_nofollow":false,"robots_noimageindex":false,"robots_noodp":false,"robots_notranslate":false,"robots_max_snippet":null,"robots_max_videopreview":null,"robots_max_imagepreview":"large","priority":null,"frequency":null,"local_seo":null,"seo_analyzer_scan_date":"2025-10-24 08:57:50","breadcrumb_settings":null,"limit_modified_date":false,"reviewed_by":null,"open_ai":null,"ai":null,"created":"2025-10-09 03:44:09","updated":"2025-11-27 01:50:41"},"aioseo_breadcrumb":"<div class=\"aioseo-breadcrumbs\"><span class=\"aioseo-breadcrumb\">\n\t<a href=\"https:\/\/droix.eu\/lt\/\" title=\"Home\">Home<\/a>\n<\/span><span class=\"aioseo-breadcrumb-separator\">&raquo;<\/span><span class=\"aioseo-breadcrumb\">\n\t<a href=\"https:\/\/droix.eu\/lt\/product-category\/priedai\/\" title=\"Priedai\">Priedai<\/a>\n<\/span><span class=\"aioseo-breadcrumb-separator\">&raquo;<\/span><span class=\"aioseo-breadcrumb\">\n\t<a href=\"https:\/\/droix.eu\/lt\/product-category\/priedai\/nesiojamuju-kompiuteriu-priedai\/\" title=\"Ne\u0161iojam\u0173j\u0173 kompiuteri\u0173 priedai\">Ne\u0161iojam\u0173j\u0173 kompiuteri\u0173 priedai<\/a>\n<\/span><span class=\"aioseo-breadcrumb-separator\">&raquo;<\/span><span class=\"aioseo-breadcrumb\">\n\tOficialus GPD Pocket 3 apsauginis d\u0117klas\n<\/span><\/div>","aioseo_breadcrumb_json":[{"label":"Home","link":"https:\/\/droix.eu\/lt\/"},{"label":"Priedai","link":"https:\/\/droix.eu\/lt\/product-category\/priedai\/"},{"label":"Ne\u0161iojam\u0173j\u0173 kompiuteri\u0173 priedai","link":"https:\/\/droix.eu\/lt\/product-category\/priedai\/nesiojamuju-kompiuteriu-priedai\/"},{"label":"Oficialus GPD Pocket 3 apsauginis d\u0117klas","link":"https:\/\/droix.eu\/lt\/product\/oficialus-gpd-pocket-3-apsauginis-deklas\/"}],"_links":{"self":[{"href":"https:\/\/droix.eu\/lt\/wp-json\/wp\/v2\/product\/524974","targetHints":{"allow":["GET"]}}],"collection":[{"href":"https:\/\/droix.eu\/lt\/wp-json\/wp\/v2\/product"}],"about":[{"href":"https:\/\/droix.eu\/lt\/wp-json\/wp\/v2\/types\/product"}],"version-history":[{"count":0,"href":"https:\/\/droix.eu\/lt\/wp-json\/wp\/v2\/product\/524974\/revisions"}],"wp:featuredmedia":[{"embeddable":true,"href":"https:\/\/droix.eu\/lt\/wp-json\/wp\/v2\/media\/323635"}],"wp:attachment":[{"href":"https:\/\/droix.eu\/lt\/wp-json\/wp\/v2\/media?parent=524974"}],"wp:term":[{"taxonomy":"product_brand","embeddable":true,"href":"https:\/\/droix.eu\/lt\/wp-json\/wp\/v2\/product_brand?post=524974"},{"taxonomy":"product_cat","embeddable":true,"href":"https:\/\/droix.eu\/lt\/wp-json\/wp\/v2\/product_cat?post=524974"},{"taxonomy":"product_tag","embeddable":true,"href":"https:\/\/droix.eu\/lt\/wp-json\/wp\/v2\/product_tag?post=524974"},{"taxonomy":"woo-feed-brand","embeddable":true,"href":"https:\/\/droix.eu\/lt\/wp-json\/wp\/v2\/woo-feed-brand?post=524974"},{"taxonomy":"key-features","embeddable":true,"href":"https:\/\/droix.eu\/lt\/wp-json\/wp\/v2\/key-features?post=524974"}],"curies":[{"name":"wp","href":"https:\/\/api.w.org\/{rel}","templated":true}]}}