{"id":522663,"date":"2022-01-07T15:00:20","date_gmt":"2022-01-07T15:00:20","guid":{"rendered":"https:\/\/droix.eu\/product\/gpd-pocket-3-kvm-ir-rs-232-modulis\/"},"modified":"2025-12-15T00:02:52","modified_gmt":"2025-12-15T00:02:52","slug":"gpd-pocket-3-kvm-ir-rs-232-modulis","status":"publish","type":"product","link":"https:\/\/droix.eu\/lt\/product\/gpd-pocket-3-kvm-ir-rs-232-modulis\/","title":{"rendered":"GPD Pocket 3 KVM ir RS-232 modulis"},"content":{"rendered":"<p>&#8220;GPD Pocket 3&#8221; turi KVM modul\u012f, kuriuo galima patogiai valdyti serverius. RS232 modulis taip pat leid\u017eia integruoti tikr\u0105 RS232 prievad\u0105, tod\u0117l tai puikus pasirinkimas sistemos derinimui arba profesionali\u0173 CNC frezavimo stakli\u0173 valdymui.<\/p>\n<p>Abu \u0161ie moduliai yra paketo dalis.<\/p>\n<p>Be to, &#8220;GPD POCKET 3&#8221; turi numatyt\u0105j\u012f USB-A modul\u012f. Jei reikia, \u0161\u012f modul\u012f galima pakeisti vienu i\u0161 dviej\u0173 pateikt\u0173 moduli\u0173.<\/p>\n","protected":false},"excerpt":{"rendered":"<ul>\n<li><strong>Oficialus GPD priedas<\/strong><\/li>\n<li>Kombinuota pakuot\u0117 su <strong>dviem<\/strong> i\u0161pl\u0117timo moduliais<\/li>\n<li>Prisijungimas prie serveri\u0173 ir j\u0173 valdymas per <strong>KVM<\/strong> modul\u012f<\/li>\n<li>S\u0105saja su pramonin\u0117mis ma\u0161inomis per <strong>RS232<\/strong><\/li>\n<\/ul>\n[cg_accordion title=\"2 met\u0173 garantija visiems GPD produktams\"]<\/p>\n<p>Visiems GPD gaminiams suteikiama 2 met\u0173 garantija ir daugiau nei 13 met\u0173 patikimo aptarnavimo. Prisijunkite prie m\u016bs\u0173 daugiau nei 500 000 laiming\u0173 klient\u0173 bendruomen\u0117s ir pasitik\u0117kite savo pirkiniu. [\/cg_accordion]\n[cg_accordion title=\"Kokyb\u0117s u\u017etikrinimas ir testavimas prie\u0161 i\u0161siuntim\u0105\"]<\/p>\n<p>Auk\u0161\u010diausio lygio klient\u0173 pasitenkinimo u\u017etikrinimas: Prie\u0161 i\u0161siun\u010diant kiekvien\u0105 prietais\u0105 atliekamas grie\u017etas testavimas ir daugiapakopis kokyb\u0117s u\u017etikrinimas. M\u016bs\u0173 komanda tikrina veikim\u0105, funkcionalum\u0105 ir komponent\u0173 vientisum\u0105, kad u\u017etikrintume, jog j\u016bs\u0173 GPD prietaisas atvykus b\u016bt\u0173 nepriekai\u0161tingos b\u016bkl\u0117s, o j\u016bs b\u016btum\u0117te tikri ir ram\u016bs. [\/cg_accordion]\n[cg_accordion title=\"Lanks\u010dios ir saugios mok\u0117jimo parinktys\"]<\/p>\n<p>Naudodamiesi m\u016bs\u0173 saugia kasos sistema galite b\u016bti ram\u016bs. Palaikome visus pagrindinius mok\u0117jimo b\u016bdus, \u012fskaitant debeto ir kredito korteles, \u201ePayPal\u201c, \u201eApple Pay\u201c, \u201eGoogle Pay\u201c, \u201eKlarna\u201c, \u201eAfterpay\u201c ir \u201eAffirm\u201c, tod\u0117l galite mok\u0117ti i\u0161 anksto arba dalimis. [\/cg_accordion]\n[cg_accordion title=\"Mokes\u010diai\"]<\/p>\n<p>\u012e kainas \u012fskai\u010diuotas taikomas PVM, kuris, priklausomai nuo j\u016bs\u0173 \u0161alies, gali siekti iki 25 %. Tiksli suma nurodoma kasoje, kad b\u016bt\u0173 u\u017etikrintas visi\u0161kas skaidrumas. [\/cg_accordion]\n[cg_accordion title=\"Pristatymas ir gr\u0105\u017einimas\"]<\/p>\n<p>Bendradarbiaujame su daugiau nei 10 patikim\u0173 siuntimo partneri\u0173, kad j\u016bs\u0173 u\u017esakymas b\u016bt\u0173 pristatytas greitai, saugiai ir patikimai.<\/p>\n<p>Mes naudojame greit\u0105j\u012f DDP (pristatytas sumok\u0117jus muit\u0105) pristatym\u0105. Tai rei\u0161kia, kad: <\/p>\n<li>Visi muitai ir mokes\u010diai jau \u012ftraukti \u012f nurodyt\u0105 gaminio kain\u0105.<\/li>\n<li>Pristatymo metu nesulauksite joki\u0173 netik\u0117t\u0173 mokes\u010di\u0173.<\/li>\n<li>Retais atvejais, kai muitin\u0117 v\u0117luoja, m\u016bs\u0173 komanda pasir\u016bpins muitinio \u012fforminimo procesu ir u\u017etikrins skland\u0173 pristatym\u0105.<\/li>\n<p>Svarbi informacija apie gr\u0105\u017einim\u0105:<\/p>\n<li>Jei gr\u0105\u017einate u\u017esakym\u0105 arba pra\u0161ote gr\u0105\u017einti pinigus, atkreipkite d\u0117mes\u012f, kad pagal DDP s\u0105lygas sumok\u0117ti mokes\u010diai ir muitai negr\u0105\u017einami.<\/li>\n<p>I\u0161samesn\u0117s informacijos rasite m\u016bs\u0173 <a href=\"https:\/\/droix.eu\/lt\/taisykles-ir-salygos\/\" target=\"_blank\" rel=\"nofollow noopener\">s\u0105lygose ir nuostatose<\/a>.\n<\/ul>\n<p>[\/cg_accordion]\n[cg_accordion title=\"Klient\u0173 aptarnavimas\"]<\/p>\n<p>Turite klausim\u0105? U\u017etenka para\u0161yti trump\u0105j\u0105 \u017einut\u0119 ir j\u016bs\u0173 klausimas bus i\u0161spr\u0119stas! [\/cg_accordion]\n[cg_accordion title=\"\u012e paket\u0105 \u012feina\"]<\/p>\n<ul>\n<li>1x KVM ir RS-232 modulis<\/li>\n<\/ul>\n<p>[\/cg_accordion]\n","protected":false},"featured_media":293626,"template":"","meta":{"_acf_changed":false},"product_brand":[],"product_cat":[10471,10408],"product_tag":[],"woo-feed-brand":[2198],"key-features":[],"class_list":{"0":"post-522663","1":"product","2":"type-product","3":"status-publish","4":"has-post-thumbnail","6":"product_cat-nesiojamuju-kompiuteriu-priedai","7":"product_cat-priedai","8":"product_shipping_class-low-end","9":"pa_brands-gpd-lt","10":"pa_compatibility-gpd-pocket-3-lt","11":"woo-feed-brand-gpd","13":"first","14":"instock","15":"sale","16":"taxable","17":"shipping-taxable","18":"purchasable","19":"product-type-simple"},"acf":[],"aioseo_notices":[],"aioseo_head":"\n\t\t<!-- All in One SEO Pro 4.9.6.2 - aioseo.com -->\n\t<meta name=\"description\" content=\"Oficialus GPD priedas Kombinuota pakuot\u0117 su dviem i\u0161pl\u0117timo moduliais Prisijungimas prie serveri\u0173 ir j\u0173 valdymas per KVM modul\u012f S\u0105saja su pramonin\u0117mis ma\u0161inomis per RS232\" \/>\n\t<meta name=\"robots\" content=\"max-image-preview:large\" \/>\n\t<link rel=\"canonical\" href=\"https:\/\/droix.eu\/lt\/product\/gpd-pocket-3-kvm-ir-rs-232-modulis\/\" \/>\n\t<meta name=\"generator\" content=\"All in One SEO Pro (AIOSEO) 4.9.6.2\" \/>\n\t\t<meta property=\"og:locale\" content=\"lt_LT\" \/>\n\t\t<meta property=\"og:site_name\" content=\"DROIX EU - Get the latest Mini PCs, Ultrabook, PC Gaming Handhelds and more!\" \/>\n\t\t<meta property=\"og:type\" content=\"article\" \/>\n\t\t<meta property=\"og:title\" content=\"GPD Pocket 3 KVM ir RS-232 modulis - DROIX EU\" \/>\n\t\t<meta property=\"og:description\" content=\"Oficialus GPD priedas Kombinuota pakuot\u0117 su dviem i\u0161pl\u0117timo moduliais Prisijungimas prie serveri\u0173 ir j\u0173 valdymas per KVM modul\u012f S\u0105saja su pramonin\u0117mis ma\u0161inomis per RS232\" \/>\n\t\t<meta property=\"og:url\" content=\"https:\/\/droix.eu\/lt\/product\/gpd-pocket-3-kvm-ir-rs-232-modulis\/\" \/>\n\t\t<meta property=\"og:image\" content=\"https:\/\/droix.eu\/wp-content\/uploads\/2024\/06\/droix-v2-light-logo.png\" \/>\n\t\t<meta property=\"og:image:secure_url\" content=\"https:\/\/droix.eu\/wp-content\/uploads\/2024\/06\/droix-v2-light-logo.png\" \/>\n\t\t<meta property=\"og:image:width\" content=\"380\" \/>\n\t\t<meta property=\"og:image:height\" content=\"118\" \/>\n\t\t<meta property=\"article:published_time\" content=\"2022-01-07T15:00:20+00:00\" \/>\n\t\t<meta property=\"article:modified_time\" content=\"2025-12-15T00:02:52+00:00\" \/>\n\t\t<meta property=\"article:publisher\" content=\"https:\/\/www.facebook.com\/DroiX.Store\" \/>\n\t\t<meta name=\"twitter:card\" content=\"summary_large_image\" \/>\n\t\t<meta name=\"twitter:site\" content=\"@DroiX_Store\" \/>\n\t\t<meta name=\"twitter:title\" content=\"GPD Pocket 3 KVM ir RS-232 modulis - DROIX EU\" \/>\n\t\t<meta name=\"twitter:description\" content=\"Oficialus GPD priedas Kombinuota pakuot\u0117 su dviem i\u0161pl\u0117timo moduliais Prisijungimas prie serveri\u0173 ir j\u0173 valdymas per KVM modul\u012f S\u0105saja su pramonin\u0117mis ma\u0161inomis per RS232\" \/>\n\t\t<meta name=\"twitter:image\" content=\"https:\/\/droix.eu\/wp-content\/uploads\/2024\/06\/droix-v2-light-logo.png\" \/>\n\t\t<script type=\"application\/ld+json\" class=\"aioseo-schema\">\n\t\t\t{\"@context\":\"https:\\\/\\\/schema.org\",\"@graph\":[{\"@type\":\"BreadcrumbList\",\"@id\":\"https:\\\/\\\/droix.eu\\\/lt\\\/product\\\/gpd-pocket-3-kvm-ir-rs-232-modulis\\\/#breadcrumblist\",\"itemListElement\":[{\"@type\":\"ListItem\",\"@id\":\"https:\\\/\\\/droix.eu\\\/lt\\\/#listItem\",\"position\":1,\"name\":\"Home\",\"item\":\"https:\\\/\\\/droix.eu\\\/lt\\\/\",\"nextItem\":{\"@type\":\"ListItem\",\"@id\":\"https:\\\/\\\/droix.eu\\\/lt\\\/product-category\\\/priedai\\\/#listItem\",\"name\":\"Priedai\"}},{\"@type\":\"ListItem\",\"@id\":\"https:\\\/\\\/droix.eu\\\/lt\\\/product-category\\\/priedai\\\/#listItem\",\"position\":2,\"name\":\"Priedai\",\"item\":\"https:\\\/\\\/droix.eu\\\/lt\\\/product-category\\\/priedai\\\/\",\"nextItem\":{\"@type\":\"ListItem\",\"@id\":\"https:\\\/\\\/droix.eu\\\/lt\\\/product-category\\\/priedai\\\/nesiojamuju-kompiuteriu-priedai\\\/#listItem\",\"name\":\"Ne\\u0161iojam\\u0173j\\u0173 kompiuteri\\u0173 priedai\"},\"previousItem\":{\"@type\":\"ListItem\",\"@id\":\"https:\\\/\\\/droix.eu\\\/lt\\\/#listItem\",\"name\":\"Home\"}},{\"@type\":\"ListItem\",\"@id\":\"https:\\\/\\\/droix.eu\\\/lt\\\/product-category\\\/priedai\\\/nesiojamuju-kompiuteriu-priedai\\\/#listItem\",\"position\":3,\"name\":\"Ne\\u0161iojam\\u0173j\\u0173 kompiuteri\\u0173 priedai\",\"item\":\"https:\\\/\\\/droix.eu\\\/lt\\\/product-category\\\/priedai\\\/nesiojamuju-kompiuteriu-priedai\\\/\",\"nextItem\":{\"@type\":\"ListItem\",\"@id\":\"https:\\\/\\\/droix.eu\\\/lt\\\/product\\\/gpd-pocket-3-kvm-ir-rs-232-modulis\\\/#listItem\",\"name\":\"GPD Pocket 3 KVM ir RS-232 modulis\"},\"previousItem\":{\"@type\":\"ListItem\",\"@id\":\"https:\\\/\\\/droix.eu\\\/lt\\\/product-category\\\/priedai\\\/#listItem\",\"name\":\"Priedai\"}},{\"@type\":\"ListItem\",\"@id\":\"https:\\\/\\\/droix.eu\\\/lt\\\/product\\\/gpd-pocket-3-kvm-ir-rs-232-modulis\\\/#listItem\",\"position\":4,\"name\":\"GPD Pocket 3 KVM ir RS-232 modulis\",\"previousItem\":{\"@type\":\"ListItem\",\"@id\":\"https:\\\/\\\/droix.eu\\\/lt\\\/product-category\\\/priedai\\\/nesiojamuju-kompiuteriu-priedai\\\/#listItem\",\"name\":\"Ne\\u0161iojam\\u0173j\\u0173 kompiuteri\\u0173 priedai\"}}]},{\"@type\":\"Organization\",\"@id\":\"https:\\\/\\\/droix.eu\\\/lt\\\/#organization\",\"name\":\"DroiX \\u2013 Trusted EU Tech Retailer with 12+ Years Experience\",\"description\":\"DroiX is a leading European technology retailer with over 12 years of experience, offering quality mini PCs, handheld gaming consoles, and tech accessories. We provide hassle-free EU delivery with all taxes included, ensuring a smooth and reliable shopping experience for our customers across Europe.\",\"url\":\"https:\\\/\\\/droix.eu\\\/lt\\\/\",\"logo\":{\"@type\":\"ImageObject\",\"url\":\"https:\\\/\\\/droix.eu\\\/wp-content\\\/uploads\\\/2024\\\/06\\\/droix-v2-light-logo.png\",\"@id\":\"https:\\\/\\\/droix.eu\\\/lt\\\/product\\\/gpd-pocket-3-kvm-ir-rs-232-modulis\\\/#organizationLogo\",\"width\":380,\"height\":118},\"image\":{\"@id\":\"https:\\\/\\\/droix.eu\\\/lt\\\/product\\\/gpd-pocket-3-kvm-ir-rs-232-modulis\\\/#organizationLogo\"},\"sameAs\":[\"https:\\\/\\\/www.facebook.com\\\/DroiX.Store\",\"https:\\\/\\\/twitter.com\\\/DroiX_Store\",\"https:\\\/\\\/www.instagram.com\\\/droix.store\\\/\",\"https:\\\/\\\/www.tiktok.com\\\/@droix.store\",\"https:\\\/\\\/www.youtube.com\\\/c\\\/DroiX_Store\",\"https:\\\/\\\/uk.linkedin.com\\\/company\\\/droix\"]},{\"@type\":\"Product\",\"@id\":\"https:\\\/\\\/droix.eu\\\/lt\\\/product\\\/gpd-pocket-3-kvm-ir-rs-232-modulis\\\/#wooCommerceProduct\",\"name\":\"GPD Pocket 3 KVM ir RS-232 modulis\",\"description\":\"Oficialus GPD priedas\\n \\tKombinuota pakuot\\u0117 su dviem i\\u0161pl\\u0117timo moduliais\\n \\tPrisijungimas prie serveri\\u0173 ir j\\u0173 valdymas per KVM modul\\u012f\\n \\tS\\u0105saja su pramonin\\u0117mis ma\\u0161inomis per RS232\",\"url\":\"https:\\\/\\\/droix.eu\\\/lt\\\/product\\\/gpd-pocket-3-kvm-ir-rs-232-modulis\\\/\",\"sku\":\"GPD-POCKET-3-EXPANSION-MODULE-KVM-RS\",\"gtin\":\"5060763672192\",\"image\":{\"@type\":\"ImageObject\",\"url\":\"https:\\\/\\\/droix.eu\\\/wp-content\\\/uploads\\\/2022\\\/01\\\/GPD-POCKET-3-KVM-RS232-MODULE-LISTING-IMAGE-1.png\",\"@id\":\"https:\\\/\\\/droix.eu\\\/lt\\\/product\\\/gpd-pocket-3-kvm-ir-rs-232-modulis\\\/#productImage\",\"width\":1000,\"height\":1000,\"caption\":\"GPD Pocket 3 KVM ir RS232 i\\u0161pl\\u0117timo modulis\"},\"offers\":{\"@type\":\"Offer\",\"url\":\"https:\\\/\\\/droix.eu\\\/lt\\\/product\\\/gpd-pocket-3-kvm-ir-rs-232-modulis\\\/#wooCommerceOffer\",\"price\":114.33,\"priceCurrency\":\"EUR\",\"category\":\"Ne\\u0161iojam\\u0173j\\u0173 kompiuteri\\u0173 priedai\",\"availability\":\"https:\\\/\\\/schema.org\\\/InStock\",\"priceSpecification\":{\"@type\":\"PriceSpecification\",\"price\":114.33,\"priceCurrency\":\"EUR\",\"valueAddedTaxIncluded\":\"true\"},\"seller\":{\"@type\":\"Organization\",\"@id\":\"https:\\\/\\\/droix.eu\\\/lt\\\/#organization\"}}},{\"@type\":\"WebPage\",\"@id\":\"https:\\\/\\\/droix.eu\\\/lt\\\/product\\\/gpd-pocket-3-kvm-ir-rs-232-modulis\\\/#webpage\",\"url\":\"https:\\\/\\\/droix.eu\\\/lt\\\/product\\\/gpd-pocket-3-kvm-ir-rs-232-modulis\\\/\",\"name\":\"GPD Pocket 3 KVM ir RS-232 modulis - DROIX EU\",\"description\":\"Oficialus GPD priedas Kombinuota pakuot\\u0117 su dviem i\\u0161pl\\u0117timo moduliais Prisijungimas prie serveri\\u0173 ir j\\u0173 valdymas per KVM modul\\u012f S\\u0105saja su pramonin\\u0117mis ma\\u0161inomis per RS232\",\"inLanguage\":\"lt-LT\",\"isPartOf\":{\"@id\":\"https:\\\/\\\/droix.eu\\\/lt\\\/#website\"},\"breadcrumb\":{\"@id\":\"https:\\\/\\\/droix.eu\\\/lt\\\/product\\\/gpd-pocket-3-kvm-ir-rs-232-modulis\\\/#breadcrumblist\"},\"image\":{\"@type\":\"ImageObject\",\"url\":\"https:\\\/\\\/droix.eu\\\/wp-content\\\/uploads\\\/2022\\\/01\\\/GPD-POCKET-3-KVM-RS232-MODULE-LISTING-IMAGE-1.png\",\"@id\":\"https:\\\/\\\/droix.eu\\\/lt\\\/product\\\/gpd-pocket-3-kvm-ir-rs-232-modulis\\\/#mainImage\",\"width\":1000,\"height\":1000,\"caption\":\"GPD Pocket 3 KVM ir RS232 i\\u0161pl\\u0117timo modulis\"},\"primaryImageOfPage\":{\"@id\":\"https:\\\/\\\/droix.eu\\\/lt\\\/product\\\/gpd-pocket-3-kvm-ir-rs-232-modulis\\\/#mainImage\"},\"datePublished\":\"2022-01-07T15:00:20+00:00\",\"dateModified\":\"2025-12-15T00:02:52+00:00\"},{\"@type\":\"WebSite\",\"@id\":\"https:\\\/\\\/droix.eu\\\/lt\\\/#website\",\"url\":\"https:\\\/\\\/droix.eu\\\/lt\\\/\",\"name\":\"DROIX EU\",\"description\":\"Get the latest Mini PCs, Ultrabook, PC Gaming Handhelds and more!\",\"inLanguage\":\"lt-LT\",\"publisher\":{\"@id\":\"https:\\\/\\\/droix.eu\\\/lt\\\/#organization\"}}]}\n\t\t<\/script>\n\t\t<!-- All in One SEO Pro -->\r\n\t\t<title>GPD Pocket 3 KVM ir RS-232 modulis - DROIX EU<\/title>\n\n","aioseo_head_json":{"title":"GPD Pocket 3 KVM ir RS-232 modulis - DROIX EU","description":"Oficialus GPD priedas Kombinuota pakuot\u0117 su dviem i\u0161pl\u0117timo moduliais Prisijungimas prie serveri\u0173 ir j\u0173 valdymas per KVM modul\u012f S\u0105saja su pramonin\u0117mis ma\u0161inomis per RS232","canonical_url":"https:\/\/droix.eu\/lt\/product\/gpd-pocket-3-kvm-ir-rs-232-modulis\/","robots":"max-image-preview:large","keywords":"","webmasterTools":{"miscellaneous":""},"schema":{"@context":"https:\/\/schema.org","@graph":[{"@type":"BreadcrumbList","@id":"https:\/\/droix.eu\/lt\/product\/gpd-pocket-3-kvm-ir-rs-232-modulis\/#breadcrumblist","itemListElement":[{"@type":"ListItem","@id":"https:\/\/droix.eu\/lt\/#listItem","position":1,"name":"Home","item":"https:\/\/droix.eu\/lt\/","nextItem":{"@type":"ListItem","@id":"https:\/\/droix.eu\/lt\/product-category\/priedai\/#listItem","name":"Priedai"}},{"@type":"ListItem","@id":"https:\/\/droix.eu\/lt\/product-category\/priedai\/#listItem","position":2,"name":"Priedai","item":"https:\/\/droix.eu\/lt\/product-category\/priedai\/","nextItem":{"@type":"ListItem","@id":"https:\/\/droix.eu\/lt\/product-category\/priedai\/nesiojamuju-kompiuteriu-priedai\/#listItem","name":"Ne\u0161iojam\u0173j\u0173 kompiuteri\u0173 priedai"},"previousItem":{"@type":"ListItem","@id":"https:\/\/droix.eu\/lt\/#listItem","name":"Home"}},{"@type":"ListItem","@id":"https:\/\/droix.eu\/lt\/product-category\/priedai\/nesiojamuju-kompiuteriu-priedai\/#listItem","position":3,"name":"Ne\u0161iojam\u0173j\u0173 kompiuteri\u0173 priedai","item":"https:\/\/droix.eu\/lt\/product-category\/priedai\/nesiojamuju-kompiuteriu-priedai\/","nextItem":{"@type":"ListItem","@id":"https:\/\/droix.eu\/lt\/product\/gpd-pocket-3-kvm-ir-rs-232-modulis\/#listItem","name":"GPD Pocket 3 KVM ir RS-232 modulis"},"previousItem":{"@type":"ListItem","@id":"https:\/\/droix.eu\/lt\/product-category\/priedai\/#listItem","name":"Priedai"}},{"@type":"ListItem","@id":"https:\/\/droix.eu\/lt\/product\/gpd-pocket-3-kvm-ir-rs-232-modulis\/#listItem","position":4,"name":"GPD Pocket 3 KVM ir RS-232 modulis","previousItem":{"@type":"ListItem","@id":"https:\/\/droix.eu\/lt\/product-category\/priedai\/nesiojamuju-kompiuteriu-priedai\/#listItem","name":"Ne\u0161iojam\u0173j\u0173 kompiuteri\u0173 priedai"}}]},{"@type":"Organization","@id":"https:\/\/droix.eu\/lt\/#organization","name":"DroiX \u2013 Trusted EU Tech Retailer with 12+ Years Experience","description":"DroiX is a leading European technology retailer with over 12 years of experience, offering quality mini PCs, handheld gaming consoles, and tech accessories. We provide hassle-free EU delivery with all taxes included, ensuring a smooth and reliable shopping experience for our customers across Europe.","url":"https:\/\/droix.eu\/lt\/","logo":{"@type":"ImageObject","url":"https:\/\/droix.eu\/wp-content\/uploads\/2024\/06\/droix-v2-light-logo.png","@id":"https:\/\/droix.eu\/lt\/product\/gpd-pocket-3-kvm-ir-rs-232-modulis\/#organizationLogo","width":380,"height":118},"image":{"@id":"https:\/\/droix.eu\/lt\/product\/gpd-pocket-3-kvm-ir-rs-232-modulis\/#organizationLogo"},"sameAs":["https:\/\/www.facebook.com\/DroiX.Store","https:\/\/twitter.com\/DroiX_Store","https:\/\/www.instagram.com\/droix.store\/","https:\/\/www.tiktok.com\/@droix.store","https:\/\/www.youtube.com\/c\/DroiX_Store","https:\/\/uk.linkedin.com\/company\/droix"]},{"@type":"Product","@id":"https:\/\/droix.eu\/lt\/product\/gpd-pocket-3-kvm-ir-rs-232-modulis\/#wooCommerceProduct","name":"GPD Pocket 3 KVM ir RS-232 modulis","description":"Oficialus GPD priedas\n \tKombinuota pakuot\u0117 su dviem i\u0161pl\u0117timo moduliais\n \tPrisijungimas prie serveri\u0173 ir j\u0173 valdymas per KVM modul\u012f\n \tS\u0105saja su pramonin\u0117mis ma\u0161inomis per RS232","url":"https:\/\/droix.eu\/lt\/product\/gpd-pocket-3-kvm-ir-rs-232-modulis\/","sku":"GPD-POCKET-3-EXPANSION-MODULE-KVM-RS","gtin":"5060763672192","image":{"@type":"ImageObject","url":"https:\/\/droix.eu\/wp-content\/uploads\/2022\/01\/GPD-POCKET-3-KVM-RS232-MODULE-LISTING-IMAGE-1.png","@id":"https:\/\/droix.eu\/lt\/product\/gpd-pocket-3-kvm-ir-rs-232-modulis\/#productImage","width":1000,"height":1000,"caption":"GPD Pocket 3 KVM ir RS232 i\u0161pl\u0117timo modulis"},"offers":{"@type":"Offer","url":"https:\/\/droix.eu\/lt\/product\/gpd-pocket-3-kvm-ir-rs-232-modulis\/#wooCommerceOffer","price":114.33,"priceCurrency":"EUR","category":"Ne\u0161iojam\u0173j\u0173 kompiuteri\u0173 priedai","availability":"https:\/\/schema.org\/InStock","priceSpecification":{"@type":"PriceSpecification","price":114.33,"priceCurrency":"EUR","valueAddedTaxIncluded":"true"},"seller":{"@type":"Organization","@id":"https:\/\/droix.eu\/lt\/#organization"}}},{"@type":"WebPage","@id":"https:\/\/droix.eu\/lt\/product\/gpd-pocket-3-kvm-ir-rs-232-modulis\/#webpage","url":"https:\/\/droix.eu\/lt\/product\/gpd-pocket-3-kvm-ir-rs-232-modulis\/","name":"GPD Pocket 3 KVM ir RS-232 modulis - DROIX EU","description":"Oficialus GPD priedas Kombinuota pakuot\u0117 su dviem i\u0161pl\u0117timo moduliais Prisijungimas prie serveri\u0173 ir j\u0173 valdymas per KVM modul\u012f S\u0105saja su pramonin\u0117mis ma\u0161inomis per RS232","inLanguage":"lt-LT","isPartOf":{"@id":"https:\/\/droix.eu\/lt\/#website"},"breadcrumb":{"@id":"https:\/\/droix.eu\/lt\/product\/gpd-pocket-3-kvm-ir-rs-232-modulis\/#breadcrumblist"},"image":{"@type":"ImageObject","url":"https:\/\/droix.eu\/wp-content\/uploads\/2022\/01\/GPD-POCKET-3-KVM-RS232-MODULE-LISTING-IMAGE-1.png","@id":"https:\/\/droix.eu\/lt\/product\/gpd-pocket-3-kvm-ir-rs-232-modulis\/#mainImage","width":1000,"height":1000,"caption":"GPD Pocket 3 KVM ir RS232 i\u0161pl\u0117timo modulis"},"primaryImageOfPage":{"@id":"https:\/\/droix.eu\/lt\/product\/gpd-pocket-3-kvm-ir-rs-232-modulis\/#mainImage"},"datePublished":"2022-01-07T15:00:20+00:00","dateModified":"2025-12-15T00:02:52+00:00"},{"@type":"WebSite","@id":"https:\/\/droix.eu\/lt\/#website","url":"https:\/\/droix.eu\/lt\/","name":"DROIX EU","description":"Get the latest Mini PCs, Ultrabook, PC Gaming Handhelds and more!","inLanguage":"lt-LT","publisher":{"@id":"https:\/\/droix.eu\/lt\/#organization"}}]},"og:locale":"lt_LT","og:site_name":"DROIX EU - Get the latest Mini PCs, Ultrabook, PC Gaming Handhelds and more!","og:type":"article","og:title":"GPD Pocket 3 KVM ir RS-232 modulis - DROIX EU","og:description":"Oficialus GPD priedas Kombinuota pakuot\u0117 su dviem i\u0161pl\u0117timo moduliais Prisijungimas prie serveri\u0173 ir j\u0173 valdymas per KVM modul\u012f S\u0105saja su pramonin\u0117mis ma\u0161inomis per RS232","og:url":"https:\/\/droix.eu\/lt\/product\/gpd-pocket-3-kvm-ir-rs-232-modulis\/","og:image":"https:\/\/droix.eu\/wp-content\/uploads\/2024\/06\/droix-v2-light-logo.png","og:image:secure_url":"https:\/\/droix.eu\/wp-content\/uploads\/2024\/06\/droix-v2-light-logo.png","og:image:width":380,"og:image:height":118,"article:published_time":"2022-01-07T15:00:20+00:00","article:modified_time":"2025-12-15T00:02:52+00:00","article:publisher":"https:\/\/www.facebook.com\/DroiX.Store","twitter:card":"summary_large_image","twitter:site":"@DroiX_Store","twitter:title":"GPD Pocket 3 KVM ir RS-232 modulis - DROIX EU","twitter:description":"Oficialus GPD priedas Kombinuota pakuot\u0117 su dviem i\u0161pl\u0117timo moduliais Prisijungimas prie serveri\u0173 ir j\u0173 valdymas per KVM modul\u012f S\u0105saja su pramonin\u0117mis ma\u0161inomis per RS232","twitter:image":"https:\/\/droix.eu\/wp-content\/uploads\/2024\/06\/droix-v2-light-logo.png"},"aioseo_meta_data":{"post_id":"522663","title":null,"description":null,"keywords":null,"keyphrases":{"focus":{"keyphrase":"","score":0,"analysis":{"keyphraseInTitle":{"score":0,"maxScore":9,"error":1}}},"additional":[]},"primary_term":null,"canonical_url":null,"og_title":null,"og_description":null,"og_object_type":"default","og_image_type":"default","og_image_url":null,"og_image_width":null,"og_image_height":null,"og_image_custom_url":null,"og_image_custom_fields":null,"og_video":"","og_custom_url":null,"og_article_section":null,"og_article_tags":null,"twitter_use_og":true,"twitter_card":"default","twitter_image_type":"default","twitter_image_url":null,"twitter_image_custom_url":null,"twitter_image_custom_fields":null,"twitter_title":null,"twitter_description":null,"schema":{"blockGraphs":[],"customGraphs":[],"default":{"data":{"Article":[],"Course":[],"Dataset":[],"FAQPage":[],"Movie":[],"Person":[],"Product":[],"ProductReview":[],"Car":[],"Recipe":[],"Service":[],"SoftwareApplication":[],"WebPage":[]},"graphName":"Product","isEnabled":true},"graphs":[]},"schema_type":"default","schema_type_options":null,"pillar_content":false,"robots_default":true,"robots_noindex":false,"robots_noarchive":false,"robots_nosnippet":false,"robots_nofollow":false,"robots_noimageindex":false,"robots_noodp":false,"robots_notranslate":false,"robots_max_snippet":"-1","robots_max_videopreview":"-1","robots_max_imagepreview":"large","priority":null,"frequency":"default","local_seo":null,"seo_analyzer_scan_date":"2025-10-24 08:36:44","breadcrumb_settings":null,"limit_modified_date":false,"reviewed_by":null,"open_ai":null,"ai":{"faqs":[],"keyPoints":[],"titles":[],"descriptions":[],"socialPosts":{"email":[],"linkedin":[],"twitter":[],"facebook":[],"instagram":[]}},"created":"2025-10-09 03:38:45","updated":"2026-01-24 12:01:52"},"aioseo_breadcrumb":"<div class=\"aioseo-breadcrumbs\"><span class=\"aioseo-breadcrumb\">\n\t<a href=\"https:\/\/droix.eu\/lt\/\" title=\"Home\">Home<\/a>\n<\/span><span class=\"aioseo-breadcrumb-separator\">&raquo;<\/span><span class=\"aioseo-breadcrumb\">\n\t<a href=\"https:\/\/droix.eu\/lt\/product-category\/priedai\/\" title=\"Priedai\">Priedai<\/a>\n<\/span><span class=\"aioseo-breadcrumb-separator\">&raquo;<\/span><span class=\"aioseo-breadcrumb\">\n\t<a href=\"https:\/\/droix.eu\/lt\/product-category\/priedai\/nesiojamuju-kompiuteriu-priedai\/\" title=\"Ne\u0161iojam\u0173j\u0173 kompiuteri\u0173 priedai\">Ne\u0161iojam\u0173j\u0173 kompiuteri\u0173 priedai<\/a>\n<\/span><span class=\"aioseo-breadcrumb-separator\">&raquo;<\/span><span class=\"aioseo-breadcrumb\">\n\tGPD Pocket 3 KVM ir RS-232 modulis\n<\/span><\/div>","aioseo_breadcrumb_json":[{"label":"Home","link":"https:\/\/droix.eu\/lt\/"},{"label":"Priedai","link":"https:\/\/droix.eu\/lt\/product-category\/priedai\/"},{"label":"Ne\u0161iojam\u0173j\u0173 kompiuteri\u0173 priedai","link":"https:\/\/droix.eu\/lt\/product-category\/priedai\/nesiojamuju-kompiuteriu-priedai\/"},{"label":"GPD Pocket 3 KVM ir RS-232 modulis","link":"https:\/\/droix.eu\/lt\/product\/gpd-pocket-3-kvm-ir-rs-232-modulis\/"}],"_links":{"self":[{"href":"https:\/\/droix.eu\/lt\/wp-json\/wp\/v2\/product\/522663","targetHints":{"allow":["GET"]}}],"collection":[{"href":"https:\/\/droix.eu\/lt\/wp-json\/wp\/v2\/product"}],"about":[{"href":"https:\/\/droix.eu\/lt\/wp-json\/wp\/v2\/types\/product"}],"version-history":[{"count":0,"href":"https:\/\/droix.eu\/lt\/wp-json\/wp\/v2\/product\/522663\/revisions"}],"wp:featuredmedia":[{"embeddable":true,"href":"https:\/\/droix.eu\/lt\/wp-json\/wp\/v2\/media\/293626"}],"wp:attachment":[{"href":"https:\/\/droix.eu\/lt\/wp-json\/wp\/v2\/media?parent=522663"}],"wp:term":[{"taxonomy":"product_brand","embeddable":true,"href":"https:\/\/droix.eu\/lt\/wp-json\/wp\/v2\/product_brand?post=522663"},{"taxonomy":"product_cat","embeddable":true,"href":"https:\/\/droix.eu\/lt\/wp-json\/wp\/v2\/product_cat?post=522663"},{"taxonomy":"product_tag","embeddable":true,"href":"https:\/\/droix.eu\/lt\/wp-json\/wp\/v2\/product_tag?post=522663"},{"taxonomy":"woo-feed-brand","embeddable":true,"href":"https:\/\/droix.eu\/lt\/wp-json\/wp\/v2\/woo-feed-brand?post=522663"},{"taxonomy":"key-features","embeddable":true,"href":"https:\/\/droix.eu\/lt\/wp-json\/wp\/v2\/key-features?post=522663"}],"curies":[{"name":"wp","href":"https:\/\/api.w.org\/{rel}","templated":true}]}}