{"id":520955,"date":"2022-11-08T16:39:00","date_gmt":"2022-11-08T16:39:00","guid":{"rendered":"https:\/\/droix.eu\/product\/gpd-win-max-2-2024-4g-lte-priedas\/"},"modified":"2025-12-15T00:04:01","modified_gmt":"2025-12-15T00:04:01","slug":"gpd-win-max-2-2024-4g-lte-priedas","status":"publish","type":"product","link":"https:\/\/droix.eu\/lt\/product\/gpd-win-max-2-2024-4g-lte-priedas\/","title":{"rendered":"GPD WIN MAX 2 \/ 2024 4G LTE priedas"},"content":{"rendered":"&#13;\n<p>Pristatome naujausi\u0105 &#8221; <a href=\"https:\/\/droix.eu\/lt\/product\/gpd-win-max-2\/\">GPD WIN MAX 2&#8243; \/ &#8220;<\/a> <a href=\"https:\/\/droix.eu\/lt\/product\/gpd-win-max-2-2024\/\">GPD WIN MAX 2 2024&#8243; 4G LTE modulio pried\u0105 .<\/a> \u0160is revoliucinis priedas suteikia \u017eaidim\u0173 entuziastams galimyb\u0119 m\u0117gautis nepertraukiamais \u017eaidim\u0173 seansais bet kur ir bet kada d\u0117l sklandaus 4G ry\u0161io ir operatoriaus palaikymo. <\/p>&#13;\n&#13;\n<p>\u0160is 4G LTE modulis, sukurtas atsi\u017evelgiant \u012f naudotoj\u0173 poreikius ir kruop\u0161\u010diai suprojektuotas siekiant \u012fveikti techninius apribojimus, palaiko 4G TD-LTE, FDD-LTE ir 3G CDMA tinklus, o jo na\u0161umas prilygsta \u012fprastiems ne\u0161iojamiesiems kompiuteriams. Jo integravimas \u012f WIN Max 2 2024 serij\u0105 atveria sud\u0117ting\u0173 \u017eaidim\u0173 scenarij\u0173 pasaul\u012f, anks\u010diau neprieinam\u0105 ne\u0161iojamiesiems \u012frenginiams. <\/p>&#13;\n","protected":false},"excerpt":{"rendered":"<ul>\n<li><strong>Sklandus 4G ry\u0161ys:<\/strong> \u017daiskite bet kur ir bet kada.<\/li>\n<li><strong>I\u0161pl\u0117stinis tinklo palaikymas:<\/strong> 4G TD-LTE, FDD-LTE, 3G CDMA.<\/li>\n<li><strong>Oficialiai:<\/strong> GPD sukurtas &#8220;Win Max 2&#8221; ir &#8220;Win Max 2 2024<\/li>\n<li><strong>Modelis:<\/strong> Quectel EG25-G<\/li>\n<\/ul>\n<pre>\n<b>IMPORTANT<\/b>\nINSTALATION REQUIRES OPENING DEVICE\nCOMPONENTS ARE SMALL &amp; DELICATE\nWE ARE NOT RESPONSIBLE FOR ANY CUSTOMER DAMAGE<\/pre>\n[droix_global_accordions]\n[cg_accordion title=\"\u012e paket\u0105 \u012feina\"]<\/p>\n<ul>\n<li>1x GPD WIN MAX 2 4G LTE modulis<\/li>\n<li>3x var\u017etai<\/li>\n<li>2x antenos<\/li>\n<li>1x kabelis<\/li>\n<\/ul>\n<p>[\/cg_accordion]\n","protected":false},"featured_media":439044,"template":"","meta":{"_acf_changed":false},"product_brand":[],"product_cat":[10471,10408,10409],"product_tag":[],"woo-feed-brand":[],"key-features":[],"class_list":{"0":"post-520955","1":"product","2":"type-product","3":"status-publish","4":"has-post-thumbnail","6":"product_cat-nesiojamuju-kompiuteriu-priedai","7":"product_cat-priedai","8":"product_cat-zaidimu-priedai","9":"product_shipping_class-low-end","10":"pa_accessory-type-add-ons","11":"pa_brands-gpd-lt","12":"pa_compatibility-gpd-win-max-2-lt","14":"first","15":"outofstock","16":"sale","17":"taxable","18":"shipping-taxable","19":"purchasable","20":"product-type-simple"},"acf":[],"aioseo_notices":[],"aioseo_head":"\n\t\t<!-- All in One SEO Pro 4.9.5.2 - aioseo.com -->\n\t<meta name=\"description\" content=\"Sklandus 4G ry\u0161ys: \u017daiskite bet kur ir bet kada. I\u0161pl\u0117stinis tinklo palaikymas: 4G TD-LTE, FDD-LTE, 3G CDMA. Oficialiai: GPD sukurtas &quot;Win Max 2&quot; ir &quot;Win Max 2 2024 Modelis: Quectel EG25-G IMPORTANT INSTALATION REQUIRES OPENING DEVICE COMPONENTS ARE SMALL &amp; DELICATE WE ARE NOT RESPONSIBLE FOR ANY CUSTOMER DAMAGE \u012e paket\u0105 \u012feina 1x GPD WIN MAX 2 4G LTE modulis 3x var\u017etai 2x antenos 1x kabelis\" \/>\n\t<meta name=\"robots\" content=\"max-image-preview:large\" \/>\n\t<link rel=\"canonical\" href=\"https:\/\/droix.eu\/lt\/product\/gpd-win-max-2-2024-4g-lte-priedas\/\" \/>\n\t<meta name=\"generator\" content=\"All in One SEO Pro (AIOSEO) 4.9.5.2\" \/>\n\t\t<meta property=\"og:locale\" content=\"lt_LT\" \/>\n\t\t<meta property=\"og:site_name\" content=\"DROIX EU - Get the latest Mini PCs, Ultrabook, PC Gaming Handhelds and more!\" \/>\n\t\t<meta property=\"og:type\" content=\"article\" \/>\n\t\t<meta property=\"og:title\" content=\"GPD WIN MAX 2 \/ 2024 4G LTE priedas - DROIX EU\" \/>\n\t\t<meta property=\"og:description\" content=\"Sklandus 4G ry\u0161ys: \u017daiskite bet kur ir bet kada. I\u0161pl\u0117stinis tinklo palaikymas: 4G TD-LTE, FDD-LTE, 3G CDMA. Oficialiai: GPD sukurtas &quot;Win Max 2&quot; ir &quot;Win Max 2 2024 Modelis: Quectel EG25-G IMPORTANT INSTALATION REQUIRES OPENING DEVICE COMPONENTS ARE SMALL &amp; DELICATE WE ARE NOT RESPONSIBLE FOR ANY CUSTOMER DAMAGE \u012e paket\u0105 \u012feina 1x GPD WIN MAX 2 4G LTE modulis 3x var\u017etai 2x antenos 1x kabelis\" \/>\n\t\t<meta property=\"og:url\" content=\"https:\/\/droix.eu\/lt\/product\/gpd-win-max-2-2024-4g-lte-priedas\/\" \/>\n\t\t<meta property=\"og:image\" content=\"https:\/\/droix.eu\/wp-content\/uploads\/2024\/06\/droix-v2-light-logo.png\" \/>\n\t\t<meta property=\"og:image:secure_url\" content=\"https:\/\/droix.eu\/wp-content\/uploads\/2024\/06\/droix-v2-light-logo.png\" \/>\n\t\t<meta property=\"og:image:width\" content=\"380\" \/>\n\t\t<meta property=\"og:image:height\" content=\"118\" \/>\n\t\t<meta property=\"article:published_time\" content=\"2022-11-08T16:39:00+00:00\" \/>\n\t\t<meta property=\"article:modified_time\" content=\"2025-12-15T00:04:01+00:00\" \/>\n\t\t<meta property=\"article:publisher\" content=\"https:\/\/www.facebook.com\/DroiX.Store\" \/>\n\t\t<meta name=\"twitter:card\" content=\"summary_large_image\" \/>\n\t\t<meta name=\"twitter:site\" content=\"@DroiX_Store\" \/>\n\t\t<meta name=\"twitter:title\" content=\"GPD WIN MAX 2 \/ 2024 4G LTE priedas - DROIX EU\" \/>\n\t\t<meta name=\"twitter:description\" content=\"Sklandus 4G ry\u0161ys: \u017daiskite bet kur ir bet kada. I\u0161pl\u0117stinis tinklo palaikymas: 4G TD-LTE, FDD-LTE, 3G CDMA. Oficialiai: GPD sukurtas &quot;Win Max 2&quot; ir &quot;Win Max 2 2024 Modelis: Quectel EG25-G IMPORTANT INSTALATION REQUIRES OPENING DEVICE COMPONENTS ARE SMALL &amp; DELICATE WE ARE NOT RESPONSIBLE FOR ANY CUSTOMER DAMAGE \u012e paket\u0105 \u012feina 1x GPD WIN MAX 2 4G LTE modulis 3x var\u017etai 2x antenos 1x kabelis\" \/>\n\t\t<meta name=\"twitter:image\" content=\"https:\/\/droix.eu\/wp-content\/uploads\/2024\/06\/droix-v2-light-logo.png\" \/>\n\t\t<script type=\"application\/ld+json\" class=\"aioseo-schema\">\n\t\t\t{\"@context\":\"https:\\\/\\\/schema.org\",\"@graph\":[{\"@type\":\"BreadcrumbList\",\"@id\":\"https:\\\/\\\/droix.eu\\\/lt\\\/product\\\/gpd-win-max-2-2024-4g-lte-priedas\\\/#breadcrumblist\",\"itemListElement\":[{\"@type\":\"ListItem\",\"@id\":\"https:\\\/\\\/droix.eu\\\/lt\\\/#listItem\",\"position\":1,\"name\":\"Home\",\"item\":\"https:\\\/\\\/droix.eu\\\/lt\\\/\",\"nextItem\":{\"@type\":\"ListItem\",\"@id\":\"https:\\\/\\\/droix.eu\\\/lt\\\/product-category\\\/priedai\\\/#listItem\",\"name\":\"Priedai\"}},{\"@type\":\"ListItem\",\"@id\":\"https:\\\/\\\/droix.eu\\\/lt\\\/product-category\\\/priedai\\\/#listItem\",\"position\":2,\"name\":\"Priedai\",\"item\":\"https:\\\/\\\/droix.eu\\\/lt\\\/product-category\\\/priedai\\\/\",\"nextItem\":{\"@type\":\"ListItem\",\"@id\":\"https:\\\/\\\/droix.eu\\\/lt\\\/product-category\\\/priedai\\\/zaidimu-priedai\\\/#listItem\",\"name\":\"\\u017daidim\\u0173 priedai\"},\"previousItem\":{\"@type\":\"ListItem\",\"@id\":\"https:\\\/\\\/droix.eu\\\/lt\\\/#listItem\",\"name\":\"Home\"}},{\"@type\":\"ListItem\",\"@id\":\"https:\\\/\\\/droix.eu\\\/lt\\\/product-category\\\/priedai\\\/zaidimu-priedai\\\/#listItem\",\"position\":3,\"name\":\"\\u017daidim\\u0173 priedai\",\"item\":\"https:\\\/\\\/droix.eu\\\/lt\\\/product-category\\\/priedai\\\/zaidimu-priedai\\\/\",\"nextItem\":{\"@type\":\"ListItem\",\"@id\":\"https:\\\/\\\/droix.eu\\\/lt\\\/product\\\/gpd-win-max-2-2024-4g-lte-priedas\\\/#listItem\",\"name\":\"GPD WIN MAX 2 \\\/ 2024 4G LTE priedas\"},\"previousItem\":{\"@type\":\"ListItem\",\"@id\":\"https:\\\/\\\/droix.eu\\\/lt\\\/product-category\\\/priedai\\\/#listItem\",\"name\":\"Priedai\"}},{\"@type\":\"ListItem\",\"@id\":\"https:\\\/\\\/droix.eu\\\/lt\\\/product\\\/gpd-win-max-2-2024-4g-lte-priedas\\\/#listItem\",\"position\":4,\"name\":\"GPD WIN MAX 2 \\\/ 2024 4G LTE priedas\",\"previousItem\":{\"@type\":\"ListItem\",\"@id\":\"https:\\\/\\\/droix.eu\\\/lt\\\/product-category\\\/priedai\\\/zaidimu-priedai\\\/#listItem\",\"name\":\"\\u017daidim\\u0173 priedai\"}}]},{\"@type\":\"Organization\",\"@id\":\"https:\\\/\\\/droix.eu\\\/lt\\\/#organization\",\"name\":\"DroiX \\u2013 Trusted EU Tech Retailer with 12+ Years Experience\",\"description\":\"DroiX is a leading European technology retailer with over 12 years of experience, offering quality mini PCs, handheld gaming consoles, and tech accessories. We provide hassle-free EU delivery with all taxes included, ensuring a smooth and reliable shopping experience for our customers across Europe.\",\"url\":\"https:\\\/\\\/droix.eu\\\/lt\\\/\",\"logo\":{\"@type\":\"ImageObject\",\"url\":\"https:\\\/\\\/droix.eu\\\/wp-content\\\/uploads\\\/2024\\\/06\\\/droix-v2-light-logo.png\",\"@id\":\"https:\\\/\\\/droix.eu\\\/lt\\\/product\\\/gpd-win-max-2-2024-4g-lte-priedas\\\/#organizationLogo\",\"width\":380,\"height\":118},\"image\":{\"@id\":\"https:\\\/\\\/droix.eu\\\/lt\\\/product\\\/gpd-win-max-2-2024-4g-lte-priedas\\\/#organizationLogo\"},\"sameAs\":[\"https:\\\/\\\/www.facebook.com\\\/DroiX.Store\",\"https:\\\/\\\/twitter.com\\\/DroiX_Store\",\"https:\\\/\\\/www.instagram.com\\\/droix.store\\\/\",\"https:\\\/\\\/www.tiktok.com\\\/@droix.store\",\"https:\\\/\\\/www.youtube.com\\\/c\\\/DroiX_Store\",\"https:\\\/\\\/uk.linkedin.com\\\/company\\\/droix\"]},{\"@type\":\"Product\",\"@id\":\"https:\\\/\\\/droix.eu\\\/lt\\\/product\\\/gpd-win-max-2-2024-4g-lte-priedas\\\/#wooCommerceProduct\",\"name\":\"GPD WIN MAX 2 \\\/ 2024 4G LTE priedas\",\"description\":\"Sklandus 4G ry\\u0161ys: \\u017daiskite bet kur ir bet kada.\\n \\tI\\u0161pl\\u0117stinis tinklo palaikymas: 4G TD-LTE, FDD-LTE, 3G CDMA.\\n \\tOficialiai: GPD sukurtas \\\"Win Max 2\\\" ir \\\"Win Max 2 2024\\n \\tModelis: Quectel EG25-G\\n\\n\\n\\nIMPORTANT\\nINSTALATION REQUIRES OPENING DEVICE\\nCOMPONENTS ARE SMALL &amp; DELICATE\\nWE ARE NOT RESPONSIBLE FOR ANY CUSTOMER DAMAGE\",\"url\":\"https:\\\/\\\/droix.eu\\\/lt\\\/product\\\/gpd-win-max-2-2024-4g-lte-priedas\\\/\",\"sku\":\"GPD-WIN_MAX_2-4G_LTE_Module\",\"gtin\":\"5060763673656\",\"image\":{\"@type\":\"ImageObject\",\"url\":\"https:\\\/\\\/droix.eu\\\/wp-content\\\/uploads\\\/2022\\\/11\\\/GPD-WIN-MAX-2-LTE-1.png\",\"@id\":\"https:\\\/\\\/droix.eu\\\/lt\\\/product\\\/gpd-win-max-2-2024-4g-lte-priedas\\\/#productImage\",\"width\":622,\"height\":622,\"caption\":\"GPD WIN MAX 2 4G LTE priedas\"},\"offers\":{\"@type\":\"Offer\",\"url\":\"https:\\\/\\\/droix.eu\\\/lt\\\/product\\\/gpd-win-max-2-2024-4g-lte-priedas\\\/#wooCommerceOffer\",\"price\":99.57,\"priceCurrency\":\"EUR\",\"category\":\"Ne\\u0161iojam\\u0173j\\u0173 kompiuteri\\u0173 priedai\",\"availability\":\"https:\\\/\\\/schema.org\\\/OutOfStock\",\"priceSpecification\":{\"@type\":\"PriceSpecification\",\"price\":99.57,\"priceCurrency\":\"EUR\",\"valueAddedTaxIncluded\":\"true\"},\"seller\":{\"@type\":\"Organization\",\"@id\":\"https:\\\/\\\/droix.eu\\\/lt\\\/#organization\"}}},{\"@type\":\"WebPage\",\"@id\":\"https:\\\/\\\/droix.eu\\\/lt\\\/product\\\/gpd-win-max-2-2024-4g-lte-priedas\\\/#webpage\",\"url\":\"https:\\\/\\\/droix.eu\\\/lt\\\/product\\\/gpd-win-max-2-2024-4g-lte-priedas\\\/\",\"name\":\"GPD WIN MAX 2 \\\/ 2024 4G LTE priedas - DROIX EU\",\"description\":\"Sklandus 4G ry\\u0161ys: \\u017daiskite bet kur ir bet kada. I\\u0161pl\\u0117stinis tinklo palaikymas: 4G TD-LTE, FDD-LTE, 3G CDMA. Oficialiai: GPD sukurtas \\\"Win Max 2\\\" ir \\\"Win Max 2 2024 Modelis: Quectel EG25-G IMPORTANT INSTALATION REQUIRES OPENING DEVICE COMPONENTS ARE SMALL & DELICATE WE ARE NOT RESPONSIBLE FOR ANY CUSTOMER DAMAGE \\u012e paket\\u0105 \\u012feina 1x GPD WIN MAX 2 4G LTE modulis 3x var\\u017etai 2x antenos 1x kabelis\",\"inLanguage\":\"lt-LT\",\"isPartOf\":{\"@id\":\"https:\\\/\\\/droix.eu\\\/lt\\\/#website\"},\"breadcrumb\":{\"@id\":\"https:\\\/\\\/droix.eu\\\/lt\\\/product\\\/gpd-win-max-2-2024-4g-lte-priedas\\\/#breadcrumblist\"},\"image\":{\"@type\":\"ImageObject\",\"url\":\"https:\\\/\\\/droix.eu\\\/wp-content\\\/uploads\\\/2022\\\/11\\\/GPD-WIN-MAX-2-LTE-1.png\",\"@id\":\"https:\\\/\\\/droix.eu\\\/lt\\\/product\\\/gpd-win-max-2-2024-4g-lte-priedas\\\/#mainImage\",\"width\":622,\"height\":622,\"caption\":\"GPD WIN MAX 2 4G LTE priedas\"},\"primaryImageOfPage\":{\"@id\":\"https:\\\/\\\/droix.eu\\\/lt\\\/product\\\/gpd-win-max-2-2024-4g-lte-priedas\\\/#mainImage\"},\"datePublished\":\"2022-11-08T16:39:00+00:00\",\"dateModified\":\"2025-12-15T00:04:01+00:00\"},{\"@type\":\"WebSite\",\"@id\":\"https:\\\/\\\/droix.eu\\\/lt\\\/#website\",\"url\":\"https:\\\/\\\/droix.eu\\\/lt\\\/\",\"name\":\"DROIX EU\",\"description\":\"Get the latest Mini PCs, Ultrabook, PC Gaming Handhelds and more!\",\"inLanguage\":\"lt-LT\",\"publisher\":{\"@id\":\"https:\\\/\\\/droix.eu\\\/lt\\\/#organization\"}}]}\n\t\t<\/script>\n\t\t<!-- All in One SEO Pro -->\r\n\t\t<title>GPD WIN MAX 2 \/ 2024 4G LTE priedas - DROIX EU<\/title>\n\n","aioseo_head_json":{"title":"GPD WIN MAX 2 \/ 2024 4G LTE priedas - DROIX EU","description":"Sklandus 4G ry\u0161ys: \u017daiskite bet kur ir bet kada. I\u0161pl\u0117stinis tinklo palaikymas: 4G TD-LTE, FDD-LTE, 3G CDMA. Oficialiai: GPD sukurtas \"Win Max 2\" ir \"Win Max 2 2024 Modelis: Quectel EG25-G IMPORTANT INSTALATION REQUIRES OPENING DEVICE COMPONENTS ARE SMALL & DELICATE WE ARE NOT RESPONSIBLE FOR ANY CUSTOMER DAMAGE \u012e paket\u0105 \u012feina 1x GPD WIN MAX 2 4G LTE modulis 3x var\u017etai 2x antenos 1x kabelis","canonical_url":"https:\/\/droix.eu\/lt\/product\/gpd-win-max-2-2024-4g-lte-priedas\/","robots":"max-image-preview:large","keywords":"","webmasterTools":{"miscellaneous":""},"schema":{"@context":"https:\/\/schema.org","@graph":[{"@type":"BreadcrumbList","@id":"https:\/\/droix.eu\/lt\/product\/gpd-win-max-2-2024-4g-lte-priedas\/#breadcrumblist","itemListElement":[{"@type":"ListItem","@id":"https:\/\/droix.eu\/lt\/#listItem","position":1,"name":"Home","item":"https:\/\/droix.eu\/lt\/","nextItem":{"@type":"ListItem","@id":"https:\/\/droix.eu\/lt\/product-category\/priedai\/#listItem","name":"Priedai"}},{"@type":"ListItem","@id":"https:\/\/droix.eu\/lt\/product-category\/priedai\/#listItem","position":2,"name":"Priedai","item":"https:\/\/droix.eu\/lt\/product-category\/priedai\/","nextItem":{"@type":"ListItem","@id":"https:\/\/droix.eu\/lt\/product-category\/priedai\/zaidimu-priedai\/#listItem","name":"\u017daidim\u0173 priedai"},"previousItem":{"@type":"ListItem","@id":"https:\/\/droix.eu\/lt\/#listItem","name":"Home"}},{"@type":"ListItem","@id":"https:\/\/droix.eu\/lt\/product-category\/priedai\/zaidimu-priedai\/#listItem","position":3,"name":"\u017daidim\u0173 priedai","item":"https:\/\/droix.eu\/lt\/product-category\/priedai\/zaidimu-priedai\/","nextItem":{"@type":"ListItem","@id":"https:\/\/droix.eu\/lt\/product\/gpd-win-max-2-2024-4g-lte-priedas\/#listItem","name":"GPD WIN MAX 2 \/ 2024 4G LTE priedas"},"previousItem":{"@type":"ListItem","@id":"https:\/\/droix.eu\/lt\/product-category\/priedai\/#listItem","name":"Priedai"}},{"@type":"ListItem","@id":"https:\/\/droix.eu\/lt\/product\/gpd-win-max-2-2024-4g-lte-priedas\/#listItem","position":4,"name":"GPD WIN MAX 2 \/ 2024 4G LTE priedas","previousItem":{"@type":"ListItem","@id":"https:\/\/droix.eu\/lt\/product-category\/priedai\/zaidimu-priedai\/#listItem","name":"\u017daidim\u0173 priedai"}}]},{"@type":"Organization","@id":"https:\/\/droix.eu\/lt\/#organization","name":"DroiX \u2013 Trusted EU Tech Retailer with 12+ Years Experience","description":"DroiX is a leading European technology retailer with over 12 years of experience, offering quality mini PCs, handheld gaming consoles, and tech accessories. We provide hassle-free EU delivery with all taxes included, ensuring a smooth and reliable shopping experience for our customers across Europe.","url":"https:\/\/droix.eu\/lt\/","logo":{"@type":"ImageObject","url":"https:\/\/droix.eu\/wp-content\/uploads\/2024\/06\/droix-v2-light-logo.png","@id":"https:\/\/droix.eu\/lt\/product\/gpd-win-max-2-2024-4g-lte-priedas\/#organizationLogo","width":380,"height":118},"image":{"@id":"https:\/\/droix.eu\/lt\/product\/gpd-win-max-2-2024-4g-lte-priedas\/#organizationLogo"},"sameAs":["https:\/\/www.facebook.com\/DroiX.Store","https:\/\/twitter.com\/DroiX_Store","https:\/\/www.instagram.com\/droix.store\/","https:\/\/www.tiktok.com\/@droix.store","https:\/\/www.youtube.com\/c\/DroiX_Store","https:\/\/uk.linkedin.com\/company\/droix"]},{"@type":"Product","@id":"https:\/\/droix.eu\/lt\/product\/gpd-win-max-2-2024-4g-lte-priedas\/#wooCommerceProduct","name":"GPD WIN MAX 2 \/ 2024 4G LTE priedas","description":"Sklandus 4G ry\u0161ys: \u017daiskite bet kur ir bet kada.\n \tI\u0161pl\u0117stinis tinklo palaikymas: 4G TD-LTE, FDD-LTE, 3G CDMA.\n \tOficialiai: GPD sukurtas \"Win Max 2\" ir \"Win Max 2 2024\n \tModelis: Quectel EG25-G\n\n\n\nIMPORTANT\nINSTALATION REQUIRES OPENING DEVICE\nCOMPONENTS ARE SMALL &amp; DELICATE\nWE ARE NOT RESPONSIBLE FOR ANY CUSTOMER DAMAGE","url":"https:\/\/droix.eu\/lt\/product\/gpd-win-max-2-2024-4g-lte-priedas\/","sku":"GPD-WIN_MAX_2-4G_LTE_Module","gtin":"5060763673656","image":{"@type":"ImageObject","url":"https:\/\/droix.eu\/wp-content\/uploads\/2022\/11\/GPD-WIN-MAX-2-LTE-1.png","@id":"https:\/\/droix.eu\/lt\/product\/gpd-win-max-2-2024-4g-lte-priedas\/#productImage","width":622,"height":622,"caption":"GPD WIN MAX 2 4G LTE priedas"},"offers":{"@type":"Offer","url":"https:\/\/droix.eu\/lt\/product\/gpd-win-max-2-2024-4g-lte-priedas\/#wooCommerceOffer","price":99.57,"priceCurrency":"EUR","category":"Ne\u0161iojam\u0173j\u0173 kompiuteri\u0173 priedai","availability":"https:\/\/schema.org\/OutOfStock","priceSpecification":{"@type":"PriceSpecification","price":99.57,"priceCurrency":"EUR","valueAddedTaxIncluded":"true"},"seller":{"@type":"Organization","@id":"https:\/\/droix.eu\/lt\/#organization"}}},{"@type":"WebPage","@id":"https:\/\/droix.eu\/lt\/product\/gpd-win-max-2-2024-4g-lte-priedas\/#webpage","url":"https:\/\/droix.eu\/lt\/product\/gpd-win-max-2-2024-4g-lte-priedas\/","name":"GPD WIN MAX 2 \/ 2024 4G LTE priedas - DROIX EU","description":"Sklandus 4G ry\u0161ys: \u017daiskite bet kur ir bet kada. I\u0161pl\u0117stinis tinklo palaikymas: 4G TD-LTE, FDD-LTE, 3G CDMA. Oficialiai: GPD sukurtas \"Win Max 2\" ir \"Win Max 2 2024 Modelis: Quectel EG25-G IMPORTANT INSTALATION REQUIRES OPENING DEVICE COMPONENTS ARE SMALL & DELICATE WE ARE NOT RESPONSIBLE FOR ANY CUSTOMER DAMAGE \u012e paket\u0105 \u012feina 1x GPD WIN MAX 2 4G LTE modulis 3x var\u017etai 2x antenos 1x kabelis","inLanguage":"lt-LT","isPartOf":{"@id":"https:\/\/droix.eu\/lt\/#website"},"breadcrumb":{"@id":"https:\/\/droix.eu\/lt\/product\/gpd-win-max-2-2024-4g-lte-priedas\/#breadcrumblist"},"image":{"@type":"ImageObject","url":"https:\/\/droix.eu\/wp-content\/uploads\/2022\/11\/GPD-WIN-MAX-2-LTE-1.png","@id":"https:\/\/droix.eu\/lt\/product\/gpd-win-max-2-2024-4g-lte-priedas\/#mainImage","width":622,"height":622,"caption":"GPD WIN MAX 2 4G LTE priedas"},"primaryImageOfPage":{"@id":"https:\/\/droix.eu\/lt\/product\/gpd-win-max-2-2024-4g-lte-priedas\/#mainImage"},"datePublished":"2022-11-08T16:39:00+00:00","dateModified":"2025-12-15T00:04:01+00:00"},{"@type":"WebSite","@id":"https:\/\/droix.eu\/lt\/#website","url":"https:\/\/droix.eu\/lt\/","name":"DROIX EU","description":"Get the latest Mini PCs, Ultrabook, PC Gaming Handhelds and more!","inLanguage":"lt-LT","publisher":{"@id":"https:\/\/droix.eu\/lt\/#organization"}}]},"og:locale":"lt_LT","og:site_name":"DROIX EU - Get the latest Mini PCs, Ultrabook, PC Gaming Handhelds and more!","og:type":"article","og:title":"GPD WIN MAX 2 \/ 2024 4G LTE priedas - DROIX EU","og:description":"Sklandus 4G ry\u0161ys: \u017daiskite bet kur ir bet kada. I\u0161pl\u0117stinis tinklo palaikymas: 4G TD-LTE, FDD-LTE, 3G CDMA. Oficialiai: GPD sukurtas &quot;Win Max 2&quot; ir &quot;Win Max 2 2024 Modelis: Quectel EG25-G IMPORTANT INSTALATION REQUIRES OPENING DEVICE COMPONENTS ARE SMALL &amp; DELICATE WE ARE NOT RESPONSIBLE FOR ANY CUSTOMER DAMAGE \u012e paket\u0105 \u012feina 1x GPD WIN MAX 2 4G LTE modulis 3x var\u017etai 2x antenos 1x kabelis","og:url":"https:\/\/droix.eu\/lt\/product\/gpd-win-max-2-2024-4g-lte-priedas\/","og:image":"https:\/\/droix.eu\/wp-content\/uploads\/2024\/06\/droix-v2-light-logo.png","og:image:secure_url":"https:\/\/droix.eu\/wp-content\/uploads\/2024\/06\/droix-v2-light-logo.png","og:image:width":380,"og:image:height":118,"article:published_time":"2022-11-08T16:39:00+00:00","article:modified_time":"2025-12-15T00:04:01+00:00","article:publisher":"https:\/\/www.facebook.com\/DroiX.Store","twitter:card":"summary_large_image","twitter:site":"@DroiX_Store","twitter:title":"GPD WIN MAX 2 \/ 2024 4G LTE priedas - DROIX EU","twitter:description":"Sklandus 4G ry\u0161ys: \u017daiskite bet kur ir bet kada. I\u0161pl\u0117stinis tinklo palaikymas: 4G TD-LTE, FDD-LTE, 3G CDMA. Oficialiai: GPD sukurtas &quot;Win Max 2&quot; ir &quot;Win Max 2 2024 Modelis: Quectel EG25-G IMPORTANT INSTALATION REQUIRES OPENING DEVICE COMPONENTS ARE SMALL &amp; DELICATE WE ARE NOT RESPONSIBLE FOR ANY CUSTOMER DAMAGE \u012e paket\u0105 \u012feina 1x GPD WIN MAX 2 4G LTE modulis 3x var\u017etai 2x antenos 1x kabelis","twitter:image":"https:\/\/droix.eu\/wp-content\/uploads\/2024\/06\/droix-v2-light-logo.png"},"aioseo_meta_data":{"post_id":"520955","title":null,"description":null,"keywords":null,"keyphrases":null,"primary_term":null,"canonical_url":null,"og_title":null,"og_description":null,"og_object_type":"default","og_image_type":"default","og_image_url":null,"og_image_width":null,"og_image_height":null,"og_image_custom_url":null,"og_image_custom_fields":null,"og_video":null,"og_custom_url":null,"og_article_section":null,"og_article_tags":null,"twitter_use_og":true,"twitter_card":"default","twitter_image_type":"default","twitter_image_url":null,"twitter_image_custom_url":null,"twitter_image_custom_fields":null,"twitter_title":null,"twitter_description":null,"schema":{"blockGraphs":[],"customGraphs":[],"default":{"data":{"Article":[],"Course":[],"Dataset":[],"FAQPage":[],"Movie":[],"Person":[],"Product":[],"ProductReview":[],"Car":[],"Recipe":[],"Service":[],"SoftwareApplication":[],"WebPage":[]},"graphName":"","isEnabled":true},"graphs":[]},"schema_type":"default","schema_type_options":null,"pillar_content":false,"robots_default":true,"robots_noindex":false,"robots_noarchive":false,"robots_nosnippet":false,"robots_nofollow":false,"robots_noimageindex":false,"robots_noodp":false,"robots_notranslate":false,"robots_max_snippet":null,"robots_max_videopreview":null,"robots_max_imagepreview":"large","priority":null,"frequency":null,"local_seo":null,"seo_analyzer_scan_date":"2025-10-24 11:43:08","breadcrumb_settings":null,"limit_modified_date":false,"reviewed_by":null,"open_ai":null,"ai":null,"created":"2025-10-09 03:59:48","updated":"2026-01-24 09:04:07"},"aioseo_breadcrumb":"<div class=\"aioseo-breadcrumbs\"><span class=\"aioseo-breadcrumb\">\n\t<a href=\"https:\/\/droix.eu\/lt\/\" title=\"Home\">Home<\/a>\n<\/span><span class=\"aioseo-breadcrumb-separator\">&raquo;<\/span><span class=\"aioseo-breadcrumb\">\n\t<a href=\"https:\/\/droix.eu\/lt\/product-category\/priedai\/\" title=\"Priedai\">Priedai<\/a>\n<\/span><span class=\"aioseo-breadcrumb-separator\">&raquo;<\/span><span class=\"aioseo-breadcrumb\">\n\t<a href=\"https:\/\/droix.eu\/lt\/product-category\/priedai\/zaidimu-priedai\/\" title=\"\u017daidim\u0173 priedai\">\u017daidim\u0173 priedai<\/a>\n<\/span><span class=\"aioseo-breadcrumb-separator\">&raquo;<\/span><span class=\"aioseo-breadcrumb\">\n\tGPD WIN MAX 2 \/ 2024 4G LTE priedas\n<\/span><\/div>","aioseo_breadcrumb_json":[{"label":"Home","link":"https:\/\/droix.eu\/lt\/"},{"label":"Priedai","link":"https:\/\/droix.eu\/lt\/product-category\/priedai\/"},{"label":"\u017daidim\u0173 priedai","link":"https:\/\/droix.eu\/lt\/product-category\/priedai\/zaidimu-priedai\/"},{"label":"GPD WIN MAX 2 \/ 2024 4G LTE priedas","link":"https:\/\/droix.eu\/lt\/product\/gpd-win-max-2-2024-4g-lte-priedas\/"}],"_links":{"self":[{"href":"https:\/\/droix.eu\/lt\/wp-json\/wp\/v2\/product\/520955","targetHints":{"allow":["GET"]}}],"collection":[{"href":"https:\/\/droix.eu\/lt\/wp-json\/wp\/v2\/product"}],"about":[{"href":"https:\/\/droix.eu\/lt\/wp-json\/wp\/v2\/types\/product"}],"version-history":[{"count":0,"href":"https:\/\/droix.eu\/lt\/wp-json\/wp\/v2\/product\/520955\/revisions"}],"wp:featuredmedia":[{"embeddable":true,"href":"https:\/\/droix.eu\/lt\/wp-json\/wp\/v2\/media\/439044"}],"wp:attachment":[{"href":"https:\/\/droix.eu\/lt\/wp-json\/wp\/v2\/media?parent=520955"}],"wp:term":[{"taxonomy":"product_brand","embeddable":true,"href":"https:\/\/droix.eu\/lt\/wp-json\/wp\/v2\/product_brand?post=520955"},{"taxonomy":"product_cat","embeddable":true,"href":"https:\/\/droix.eu\/lt\/wp-json\/wp\/v2\/product_cat?post=520955"},{"taxonomy":"product_tag","embeddable":true,"href":"https:\/\/droix.eu\/lt\/wp-json\/wp\/v2\/product_tag?post=520955"},{"taxonomy":"woo-feed-brand","embeddable":true,"href":"https:\/\/droix.eu\/lt\/wp-json\/wp\/v2\/woo-feed-brand?post=520955"},{"taxonomy":"key-features","embeddable":true,"href":"https:\/\/droix.eu\/lt\/wp-json\/wp\/v2\/key-features?post=520955"}],"curies":[{"name":"wp","href":"https:\/\/api.w.org\/{rel}","templated":true}]}}