{"id":513974,"date":"2023-03-15T09:42:16","date_gmt":"2023-03-15T09:42:16","guid":{"rendered":"https:\/\/droix.eu\/product\/gpd-win-4-ekrano-apsauga\/"},"modified":"2026-04-09T23:38:16","modified_gmt":"2026-04-09T22:38:16","slug":"gpd-win-4-ekrano-apsauga","status":"publish","type":"product","link":"https:\/\/droix.eu\/lt\/product\/gpd-win-4-ekrano-apsauga\/","title":{"rendered":"GPD WIN 4 Ekrano apsauga"},"content":{"rendered":"&#13;\n<p>Pristatome &#8221; <strong>GPD WIN 4&#8243; ekrano apsaug\u0105 &#8211;<\/strong> puik\u0173 pried\u0105 j\u016bs\u0173 ne\u0161iojamajam \u017eaidim\u0173 \u012frenginiui. \u0160i ekrano apsauga pagaminta i\u0161 auk\u0161tos kokyb\u0117s med\u017eiag\u0173 ir puikiai apsaugo nuo \u012fbr\u0117\u017eim\u0173, dulki\u0173 ir kit\u0173 \u012fprast\u0173 pavoj\u0173, galin\u010di\u0173 pakenkti j\u016bs\u0173 prietaisui. \u0160i ekrano apsauga <strong>sukurta specialiai &#8220;GPD WIN 4&#8221;,<\/strong> tod\u0117l turi tikslias i\u0161pjovas ir puikiai priglunda, netrukdydama j\u016bs\u0173 prietaiso jutikliniam jautrumui ir ai\u0161kumui. Itin plonas dizainas neturi \u012ftakos originaliai prietaiso i\u0161vaizdai ir poj\u016b\u010diui. \u0160i\u0105 ekrano apsaug\u0105 lengva u\u017ed\u0117ti ir nuimti nepaliekant joki\u0173 liku\u010di\u0173 ar \u017eymi\u0173, tod\u0117l j\u016bs\u0173 GPD WIN 4 i\u0161liks nepriekai\u0161tingos b\u016bkl\u0117s.<\/p>&#13;\n","protected":false},"excerpt":{"rendered":"<ul>\n<li>Sukurta <strong>GPD<\/strong><\/li>\n<li><strong>Suderinamas su<\/strong> <strong>GPD WIN 4<\/strong><\/li>\n<li>Apsaugo nuo \u012fbr\u0117\u017eim\u0173 ir dulki\u0173<\/li>\n<li>Lengva \u012fdiegti ir i\u0161imti<\/li>\n<li><strong>Auk\u0161tos kokyb\u0117s<\/strong> med\u017eiaga<\/li>\n<\/ul>\n[cg_accordion title=\"2 met\u0173 garantija visiems GPD produktams\"]<\/p>\n<p>Visiems GPD gaminiams suteikiama 2 met\u0173 garantija ir daugiau nei 13 met\u0173 patikimo aptarnavimo. Prisijunkite prie m\u016bs\u0173 daugiau nei 500 000 laiming\u0173 klient\u0173 bendruomen\u0117s ir pasitik\u0117kite savo pirkiniu. [\/cg_accordion]\n[cg_accordion title=\"Lanks\u010dios ir saugios mok\u0117jimo parinktys\"]<\/p>\n<p>Naudodamiesi m\u016bs\u0173 saugia kasos sistema galite b\u016bti ram\u016bs. Palaikome visus pagrindinius mok\u0117jimo b\u016bdus, \u012fskaitant debeto ir kredito korteles, \u201ePayPal\u201c, \u201eApple Pay\u201c, \u201eGoogle Pay\u201c, \u201eKlarna\u201c, \u201eAfterpay\u201c ir \u201eAffirm\u201c, tod\u0117l galite mok\u0117ti i\u0161 anksto arba dalimis. [\/cg_accordion]\n[cg_accordion title=\"Mokes\u010diai\"]<\/p>\n<p>\u012e kainas \u012fskai\u010diuotas taikomas PVM, kuris, priklausomai nuo j\u016bs\u0173 \u0161alies, gali siekti iki 25 %. Tiksli suma nurodoma kasoje, kad b\u016bt\u0173 u\u017etikrintas visi\u0161kas skaidrumas. [\/cg_accordion]\n[cg_accordion title=\"Pristatymas ir gr\u0105\u017einimas\"]<\/p>\n<p>Bendradarbiaujame su daugiau nei 10 patikim\u0173 siuntimo partneri\u0173, kad j\u016bs\u0173 u\u017esakymas b\u016bt\u0173 pristatytas greitai, saugiai ir patikimai.<\/p>\n<p>Mes naudojame greit\u0105j\u012f DDP (pristatytas sumok\u0117jus muit\u0105) pristatym\u0105. Tai rei\u0161kia, kad: <\/p>\n<li>Visi muitai ir mokes\u010diai jau \u012ftraukti \u012f nurodyt\u0105 gaminio kain\u0105.<\/li>\n<li>Pristatymo metu nesulauksite joki\u0173 netik\u0117t\u0173 mokes\u010di\u0173.<\/li>\n<li>Retais atvejais, kai muitin\u0117 v\u0117luoja, m\u016bs\u0173 komanda pasir\u016bpins muitinio \u012fforminimo procesu ir u\u017etikrins skland\u0173 pristatym\u0105.<\/li>\n<p>Svarbi informacija apie gr\u0105\u017einim\u0105:<\/p>\n<li>Jei gr\u0105\u017einate u\u017esakym\u0105 arba pra\u0161ote gr\u0105\u017einti pinigus, atkreipkite d\u0117mes\u012f, kad pagal DDP s\u0105lygas sumok\u0117ti mokes\u010diai ir muitai negr\u0105\u017einami.<\/li>\n<p>I\u0161samesn\u0117s informacijos rasite m\u016bs\u0173 <a href=\"https:\/\/droix.eu\/lt\/taisykles-ir-salygos\/\" target=\"_blank\" rel=\"nofollow noopener\">s\u0105lygose ir nuostatose<\/a>.\n<\/ul>\n<p>[\/cg_accordion]\n[cg_accordion title=\"Klient\u0173 aptarnavimas\"]<\/p>\n<p>Turite klausim\u0105? U\u017etenka para\u0161yti trump\u0105j\u0105 \u017einut\u0119 ir j\u016bs\u0173 klausimas bus i\u0161spr\u0119stas! [\/cg_accordion]\n[cg_accordion title=\"\u012e paket\u0105 \u012feina\"]<\/p>\n<ul>\n<li>1x ekrano apsauga<\/li>\n<\/ul>\n<p>[\/cg_accordion]\n","protected":false},"featured_media":352558,"template":"","meta":{"_acf_changed":false},"product_brand":[],"product_cat":[10408,10409],"product_tag":[],"woo-feed-brand":[2198],"key-features":[],"class_list":{"0":"post-513974","1":"product","2":"type-product","3":"status-publish","4":"has-post-thumbnail","6":"product_cat-priedai","7":"product_cat-zaidimu-priedai","8":"product_shipping_class-low-end","9":"pa_accessory-type-screen-protector","10":"pa_brands-gpd-lt","11":"pa_compatibility-gpd-win-4-lt","12":"woo-feed-brand-gpd","14":"first","15":"outofstock","16":"taxable","17":"shipping-taxable","18":"purchasable","19":"product-type-simple"},"acf":[],"aioseo_notices":[],"aioseo_head":"\n\t\t<!-- All in One SEO Pro 4.9.5.2 - aioseo.com -->\n\t<meta name=\"description\" content=\"Sukurta GPD Suderinamas su GPD WIN 4 Apsaugo nuo \u012fbr\u0117\u017eim\u0173 ir dulki\u0173 Lengva \u012fdiegti ir i\u0161imti Auk\u0161tos kokyb\u0117s med\u017eiaga\" \/>\n\t<meta name=\"robots\" content=\"max-image-preview:large\" \/>\n\t<link rel=\"canonical\" href=\"https:\/\/droix.eu\/lt\/product\/gpd-win-4-ekrano-apsauga\/\" \/>\n\t<meta name=\"generator\" content=\"All in One SEO Pro (AIOSEO) 4.9.5.2\" \/>\n\t\t<meta property=\"og:locale\" content=\"lt_LT\" \/>\n\t\t<meta property=\"og:site_name\" content=\"DROIX EU - Get the latest Mini PCs, Ultrabook, PC Gaming Handhelds and more!\" \/>\n\t\t<meta property=\"og:type\" content=\"article\" \/>\n\t\t<meta property=\"og:title\" content=\"GPD WIN 4 Ekrano apsauga - DROIX EU\" \/>\n\t\t<meta property=\"og:description\" content=\"Sukurta GPD Suderinamas su GPD WIN 4 Apsaugo nuo \u012fbr\u0117\u017eim\u0173 ir dulki\u0173 Lengva \u012fdiegti ir i\u0161imti Auk\u0161tos kokyb\u0117s med\u017eiaga\" \/>\n\t\t<meta property=\"og:url\" content=\"https:\/\/droix.eu\/lt\/product\/gpd-win-4-ekrano-apsauga\/\" \/>\n\t\t<meta property=\"og:image\" content=\"https:\/\/droix.eu\/wp-content\/uploads\/2024\/06\/droix-v2-light-logo.png\" \/>\n\t\t<meta property=\"og:image:secure_url\" content=\"https:\/\/droix.eu\/wp-content\/uploads\/2024\/06\/droix-v2-light-logo.png\" \/>\n\t\t<meta property=\"og:image:width\" content=\"380\" \/>\n\t\t<meta property=\"og:image:height\" content=\"118\" \/>\n\t\t<meta property=\"article:published_time\" content=\"2023-03-15T09:42:16+00:00\" \/>\n\t\t<meta property=\"article:modified_time\" content=\"2026-04-09T22:38:16+00:00\" \/>\n\t\t<meta property=\"article:publisher\" content=\"https:\/\/www.facebook.com\/DroiX.Store\" \/>\n\t\t<meta name=\"twitter:card\" content=\"summary_large_image\" \/>\n\t\t<meta name=\"twitter:site\" content=\"@DroiX_Store\" \/>\n\t\t<meta name=\"twitter:title\" content=\"GPD WIN 4 Ekrano apsauga - DROIX EU\" \/>\n\t\t<meta name=\"twitter:description\" content=\"Sukurta GPD Suderinamas su GPD WIN 4 Apsaugo nuo \u012fbr\u0117\u017eim\u0173 ir dulki\u0173 Lengva \u012fdiegti ir i\u0161imti Auk\u0161tos kokyb\u0117s med\u017eiaga\" \/>\n\t\t<meta name=\"twitter:image\" content=\"https:\/\/droix.eu\/wp-content\/uploads\/2024\/06\/droix-v2-light-logo.png\" \/>\n\t\t<script type=\"application\/ld+json\" class=\"aioseo-schema\">\n\t\t\t{\"@context\":\"https:\\\/\\\/schema.org\",\"@graph\":[{\"@type\":\"BreadcrumbList\",\"@id\":\"https:\\\/\\\/droix.eu\\\/lt\\\/product\\\/gpd-win-4-ekrano-apsauga\\\/#breadcrumblist\",\"itemListElement\":[{\"@type\":\"ListItem\",\"@id\":\"https:\\\/\\\/droix.eu\\\/lt\\\/#listItem\",\"position\":1,\"name\":\"Home\",\"item\":\"https:\\\/\\\/droix.eu\\\/lt\\\/\",\"nextItem\":{\"@type\":\"ListItem\",\"@id\":\"https:\\\/\\\/droix.eu\\\/lt\\\/product-category\\\/priedai\\\/#listItem\",\"name\":\"Priedai\"}},{\"@type\":\"ListItem\",\"@id\":\"https:\\\/\\\/droix.eu\\\/lt\\\/product-category\\\/priedai\\\/#listItem\",\"position\":2,\"name\":\"Priedai\",\"item\":\"https:\\\/\\\/droix.eu\\\/lt\\\/product-category\\\/priedai\\\/\",\"nextItem\":{\"@type\":\"ListItem\",\"@id\":\"https:\\\/\\\/droix.eu\\\/lt\\\/product-category\\\/priedai\\\/zaidimu-priedai\\\/#listItem\",\"name\":\"\\u017daidim\\u0173 priedai\"},\"previousItem\":{\"@type\":\"ListItem\",\"@id\":\"https:\\\/\\\/droix.eu\\\/lt\\\/#listItem\",\"name\":\"Home\"}},{\"@type\":\"ListItem\",\"@id\":\"https:\\\/\\\/droix.eu\\\/lt\\\/product-category\\\/priedai\\\/zaidimu-priedai\\\/#listItem\",\"position\":3,\"name\":\"\\u017daidim\\u0173 priedai\",\"item\":\"https:\\\/\\\/droix.eu\\\/lt\\\/product-category\\\/priedai\\\/zaidimu-priedai\\\/\",\"nextItem\":{\"@type\":\"ListItem\",\"@id\":\"https:\\\/\\\/droix.eu\\\/lt\\\/product\\\/gpd-win-4-ekrano-apsauga\\\/#listItem\",\"name\":\"GPD WIN 4 Ekrano apsauga\"},\"previousItem\":{\"@type\":\"ListItem\",\"@id\":\"https:\\\/\\\/droix.eu\\\/lt\\\/product-category\\\/priedai\\\/#listItem\",\"name\":\"Priedai\"}},{\"@type\":\"ListItem\",\"@id\":\"https:\\\/\\\/droix.eu\\\/lt\\\/product\\\/gpd-win-4-ekrano-apsauga\\\/#listItem\",\"position\":4,\"name\":\"GPD WIN 4 Ekrano apsauga\",\"previousItem\":{\"@type\":\"ListItem\",\"@id\":\"https:\\\/\\\/droix.eu\\\/lt\\\/product-category\\\/priedai\\\/zaidimu-priedai\\\/#listItem\",\"name\":\"\\u017daidim\\u0173 priedai\"}}]},{\"@type\":\"Organization\",\"@id\":\"https:\\\/\\\/droix.eu\\\/lt\\\/#organization\",\"name\":\"DroiX \\u2013 Trusted EU Tech Retailer with 12+ Years Experience\",\"description\":\"DroiX is a leading European technology retailer with over 12 years of experience, offering quality mini PCs, handheld gaming consoles, and tech accessories. We provide hassle-free EU delivery with all taxes included, ensuring a smooth and reliable shopping experience for our customers across Europe.\",\"url\":\"https:\\\/\\\/droix.eu\\\/lt\\\/\",\"logo\":{\"@type\":\"ImageObject\",\"url\":\"https:\\\/\\\/droix.eu\\\/wp-content\\\/uploads\\\/2024\\\/06\\\/droix-v2-light-logo.png\",\"@id\":\"https:\\\/\\\/droix.eu\\\/lt\\\/product\\\/gpd-win-4-ekrano-apsauga\\\/#organizationLogo\",\"width\":380,\"height\":118},\"image\":{\"@id\":\"https:\\\/\\\/droix.eu\\\/lt\\\/product\\\/gpd-win-4-ekrano-apsauga\\\/#organizationLogo\"},\"sameAs\":[\"https:\\\/\\\/www.facebook.com\\\/DroiX.Store\",\"https:\\\/\\\/twitter.com\\\/DroiX_Store\",\"https:\\\/\\\/www.instagram.com\\\/droix.store\\\/\",\"https:\\\/\\\/www.tiktok.com\\\/@droix.store\",\"https:\\\/\\\/www.youtube.com\\\/c\\\/DroiX_Store\",\"https:\\\/\\\/uk.linkedin.com\\\/company\\\/droix\"]},{\"@type\":\"Product\",\"@id\":\"https:\\\/\\\/droix.eu\\\/lt\\\/product\\\/gpd-win-4-ekrano-apsauga\\\/#wooCommerceProduct\",\"name\":\"GPD WIN 4 Ekrano apsauga\",\"description\":\"Sukurta GPD\\nSuderinamas su GPD WIN 4\\nApsaugo nuo \\u012fbr\\u0117\\u017eim\\u0173 ir dulki\\u0173\\nLengva \\u012fdiegti ir i\\u0161imti\\nAuk\\u0161tos kokyb\\u0117s med\\u017eiaga\",\"url\":\"https:\\\/\\\/droix.eu\\\/lt\\\/product\\\/gpd-win-4-ekrano-apsauga\\\/\",\"sku\":\"GPD-WIN-4-SCREEN-PROTECTOR\",\"gtin\":\"5060763672529\",\"image\":{\"@type\":\"ImageObject\",\"url\":\"https:\\\/\\\/droix.eu\\\/wp-content\\\/uploads\\\/2023\\\/03\\\/GPD-WIN-4_SCREEN_PROTECTOR-DONE-WEBSITE-LISTING-IMAGE-1.png\",\"@id\":\"https:\\\/\\\/droix.eu\\\/lt\\\/product\\\/gpd-win-4-ekrano-apsauga\\\/#productImage\",\"width\":1000,\"height\":1000},\"offers\":{\"@type\":\"Offer\",\"url\":\"https:\\\/\\\/droix.eu\\\/lt\\\/product\\\/gpd-win-4-ekrano-apsauga\\\/#wooCommerceOffer\",\"price\":2.4,\"priceCurrency\":\"EUR\",\"category\":\"Priedai\",\"availability\":\"https:\\\/\\\/schema.org\\\/OutOfStock\",\"priceSpecification\":{\"@type\":\"PriceSpecification\",\"price\":2.4,\"priceCurrency\":\"EUR\",\"valueAddedTaxIncluded\":\"true\"},\"seller\":{\"@type\":\"Organization\",\"@id\":\"https:\\\/\\\/droix.eu\\\/lt\\\/#organization\"}}},{\"@type\":\"WebPage\",\"@id\":\"https:\\\/\\\/droix.eu\\\/lt\\\/product\\\/gpd-win-4-ekrano-apsauga\\\/#webpage\",\"url\":\"https:\\\/\\\/droix.eu\\\/lt\\\/product\\\/gpd-win-4-ekrano-apsauga\\\/\",\"name\":\"GPD WIN 4 Ekrano apsauga - DROIX EU\",\"description\":\"Sukurta GPD Suderinamas su GPD WIN 4 Apsaugo nuo \\u012fbr\\u0117\\u017eim\\u0173 ir dulki\\u0173 Lengva \\u012fdiegti ir i\\u0161imti Auk\\u0161tos kokyb\\u0117s med\\u017eiaga\",\"inLanguage\":\"lt-LT\",\"isPartOf\":{\"@id\":\"https:\\\/\\\/droix.eu\\\/lt\\\/#website\"},\"breadcrumb\":{\"@id\":\"https:\\\/\\\/droix.eu\\\/lt\\\/product\\\/gpd-win-4-ekrano-apsauga\\\/#breadcrumblist\"},\"image\":{\"@type\":\"ImageObject\",\"url\":\"https:\\\/\\\/droix.eu\\\/wp-content\\\/uploads\\\/2023\\\/03\\\/GPD-WIN-4_SCREEN_PROTECTOR-DONE-WEBSITE-LISTING-IMAGE-1.png\",\"@id\":\"https:\\\/\\\/droix.eu\\\/lt\\\/product\\\/gpd-win-4-ekrano-apsauga\\\/#mainImage\",\"width\":1000,\"height\":1000},\"primaryImageOfPage\":{\"@id\":\"https:\\\/\\\/droix.eu\\\/lt\\\/product\\\/gpd-win-4-ekrano-apsauga\\\/#mainImage\"},\"datePublished\":\"2023-03-15T09:42:16+00:00\",\"dateModified\":\"2026-04-09T23:38:16+01:00\"},{\"@type\":\"WebSite\",\"@id\":\"https:\\\/\\\/droix.eu\\\/lt\\\/#website\",\"url\":\"https:\\\/\\\/droix.eu\\\/lt\\\/\",\"name\":\"DROIX EU\",\"description\":\"Get the latest Mini PCs, Ultrabook, PC Gaming Handhelds and more!\",\"inLanguage\":\"lt-LT\",\"publisher\":{\"@id\":\"https:\\\/\\\/droix.eu\\\/lt\\\/#organization\"}}]}\n\t\t<\/script>\n\t\t<!-- All in One SEO Pro -->\r\n\t\t<title>GPD WIN 4 Ekrano apsauga - DROIX EU<\/title>\n\n","aioseo_head_json":{"title":"GPD WIN 4 Ekrano apsauga - DROIX EU","description":"Sukurta GPD Suderinamas su GPD WIN 4 Apsaugo nuo \u012fbr\u0117\u017eim\u0173 ir dulki\u0173 Lengva \u012fdiegti ir i\u0161imti Auk\u0161tos kokyb\u0117s med\u017eiaga","canonical_url":"https:\/\/droix.eu\/lt\/product\/gpd-win-4-ekrano-apsauga\/","robots":"max-image-preview:large","keywords":"","webmasterTools":{"miscellaneous":""},"schema":{"@context":"https:\/\/schema.org","@graph":[{"@type":"BreadcrumbList","@id":"https:\/\/droix.eu\/lt\/product\/gpd-win-4-ekrano-apsauga\/#breadcrumblist","itemListElement":[{"@type":"ListItem","@id":"https:\/\/droix.eu\/lt\/#listItem","position":1,"name":"Home","item":"https:\/\/droix.eu\/lt\/","nextItem":{"@type":"ListItem","@id":"https:\/\/droix.eu\/lt\/product-category\/priedai\/#listItem","name":"Priedai"}},{"@type":"ListItem","@id":"https:\/\/droix.eu\/lt\/product-category\/priedai\/#listItem","position":2,"name":"Priedai","item":"https:\/\/droix.eu\/lt\/product-category\/priedai\/","nextItem":{"@type":"ListItem","@id":"https:\/\/droix.eu\/lt\/product-category\/priedai\/zaidimu-priedai\/#listItem","name":"\u017daidim\u0173 priedai"},"previousItem":{"@type":"ListItem","@id":"https:\/\/droix.eu\/lt\/#listItem","name":"Home"}},{"@type":"ListItem","@id":"https:\/\/droix.eu\/lt\/product-category\/priedai\/zaidimu-priedai\/#listItem","position":3,"name":"\u017daidim\u0173 priedai","item":"https:\/\/droix.eu\/lt\/product-category\/priedai\/zaidimu-priedai\/","nextItem":{"@type":"ListItem","@id":"https:\/\/droix.eu\/lt\/product\/gpd-win-4-ekrano-apsauga\/#listItem","name":"GPD WIN 4 Ekrano apsauga"},"previousItem":{"@type":"ListItem","@id":"https:\/\/droix.eu\/lt\/product-category\/priedai\/#listItem","name":"Priedai"}},{"@type":"ListItem","@id":"https:\/\/droix.eu\/lt\/product\/gpd-win-4-ekrano-apsauga\/#listItem","position":4,"name":"GPD WIN 4 Ekrano apsauga","previousItem":{"@type":"ListItem","@id":"https:\/\/droix.eu\/lt\/product-category\/priedai\/zaidimu-priedai\/#listItem","name":"\u017daidim\u0173 priedai"}}]},{"@type":"Organization","@id":"https:\/\/droix.eu\/lt\/#organization","name":"DroiX \u2013 Trusted EU Tech Retailer with 12+ Years Experience","description":"DroiX is a leading European technology retailer with over 12 years of experience, offering quality mini PCs, handheld gaming consoles, and tech accessories. We provide hassle-free EU delivery with all taxes included, ensuring a smooth and reliable shopping experience for our customers across Europe.","url":"https:\/\/droix.eu\/lt\/","logo":{"@type":"ImageObject","url":"https:\/\/droix.eu\/wp-content\/uploads\/2024\/06\/droix-v2-light-logo.png","@id":"https:\/\/droix.eu\/lt\/product\/gpd-win-4-ekrano-apsauga\/#organizationLogo","width":380,"height":118},"image":{"@id":"https:\/\/droix.eu\/lt\/product\/gpd-win-4-ekrano-apsauga\/#organizationLogo"},"sameAs":["https:\/\/www.facebook.com\/DroiX.Store","https:\/\/twitter.com\/DroiX_Store","https:\/\/www.instagram.com\/droix.store\/","https:\/\/www.tiktok.com\/@droix.store","https:\/\/www.youtube.com\/c\/DroiX_Store","https:\/\/uk.linkedin.com\/company\/droix"]},{"@type":"Product","@id":"https:\/\/droix.eu\/lt\/product\/gpd-win-4-ekrano-apsauga\/#wooCommerceProduct","name":"GPD WIN 4 Ekrano apsauga","description":"Sukurta GPD\nSuderinamas su GPD WIN 4\nApsaugo nuo \u012fbr\u0117\u017eim\u0173 ir dulki\u0173\nLengva \u012fdiegti ir i\u0161imti\nAuk\u0161tos kokyb\u0117s med\u017eiaga","url":"https:\/\/droix.eu\/lt\/product\/gpd-win-4-ekrano-apsauga\/","sku":"GPD-WIN-4-SCREEN-PROTECTOR","gtin":"5060763672529","image":{"@type":"ImageObject","url":"https:\/\/droix.eu\/wp-content\/uploads\/2023\/03\/GPD-WIN-4_SCREEN_PROTECTOR-DONE-WEBSITE-LISTING-IMAGE-1.png","@id":"https:\/\/droix.eu\/lt\/product\/gpd-win-4-ekrano-apsauga\/#productImage","width":1000,"height":1000},"offers":{"@type":"Offer","url":"https:\/\/droix.eu\/lt\/product\/gpd-win-4-ekrano-apsauga\/#wooCommerceOffer","price":2.4,"priceCurrency":"EUR","category":"Priedai","availability":"https:\/\/schema.org\/OutOfStock","priceSpecification":{"@type":"PriceSpecification","price":2.4,"priceCurrency":"EUR","valueAddedTaxIncluded":"true"},"seller":{"@type":"Organization","@id":"https:\/\/droix.eu\/lt\/#organization"}}},{"@type":"WebPage","@id":"https:\/\/droix.eu\/lt\/product\/gpd-win-4-ekrano-apsauga\/#webpage","url":"https:\/\/droix.eu\/lt\/product\/gpd-win-4-ekrano-apsauga\/","name":"GPD WIN 4 Ekrano apsauga - DROIX EU","description":"Sukurta GPD Suderinamas su GPD WIN 4 Apsaugo nuo \u012fbr\u0117\u017eim\u0173 ir dulki\u0173 Lengva \u012fdiegti ir i\u0161imti Auk\u0161tos kokyb\u0117s med\u017eiaga","inLanguage":"lt-LT","isPartOf":{"@id":"https:\/\/droix.eu\/lt\/#website"},"breadcrumb":{"@id":"https:\/\/droix.eu\/lt\/product\/gpd-win-4-ekrano-apsauga\/#breadcrumblist"},"image":{"@type":"ImageObject","url":"https:\/\/droix.eu\/wp-content\/uploads\/2023\/03\/GPD-WIN-4_SCREEN_PROTECTOR-DONE-WEBSITE-LISTING-IMAGE-1.png","@id":"https:\/\/droix.eu\/lt\/product\/gpd-win-4-ekrano-apsauga\/#mainImage","width":1000,"height":1000},"primaryImageOfPage":{"@id":"https:\/\/droix.eu\/lt\/product\/gpd-win-4-ekrano-apsauga\/#mainImage"},"datePublished":"2023-03-15T09:42:16+00:00","dateModified":"2026-04-09T23:38:16+01:00"},{"@type":"WebSite","@id":"https:\/\/droix.eu\/lt\/#website","url":"https:\/\/droix.eu\/lt\/","name":"DROIX EU","description":"Get the latest Mini PCs, Ultrabook, PC Gaming Handhelds and more!","inLanguage":"lt-LT","publisher":{"@id":"https:\/\/droix.eu\/lt\/#organization"}}]},"og:locale":"lt_LT","og:site_name":"DROIX EU - Get the latest Mini PCs, Ultrabook, PC Gaming Handhelds and more!","og:type":"article","og:title":"GPD WIN 4 Ekrano apsauga - DROIX EU","og:description":"Sukurta GPD Suderinamas su GPD WIN 4 Apsaugo nuo \u012fbr\u0117\u017eim\u0173 ir dulki\u0173 Lengva \u012fdiegti ir i\u0161imti Auk\u0161tos kokyb\u0117s med\u017eiaga","og:url":"https:\/\/droix.eu\/lt\/product\/gpd-win-4-ekrano-apsauga\/","og:image":"https:\/\/droix.eu\/wp-content\/uploads\/2024\/06\/droix-v2-light-logo.png","og:image:secure_url":"https:\/\/droix.eu\/wp-content\/uploads\/2024\/06\/droix-v2-light-logo.png","og:image:width":380,"og:image:height":118,"article:published_time":"2023-03-15T09:42:16+00:00","article:modified_time":"2026-04-09T22:38:16+00:00","article:publisher":"https:\/\/www.facebook.com\/DroiX.Store","twitter:card":"summary_large_image","twitter:site":"@DroiX_Store","twitter:title":"GPD WIN 4 Ekrano apsauga - DROIX EU","twitter:description":"Sukurta GPD Suderinamas su GPD WIN 4 Apsaugo nuo \u012fbr\u0117\u017eim\u0173 ir dulki\u0173 Lengva \u012fdiegti ir i\u0161imti Auk\u0161tos kokyb\u0117s med\u017eiaga","twitter:image":"https:\/\/droix.eu\/wp-content\/uploads\/2024\/06\/droix-v2-light-logo.png"},"aioseo_meta_data":{"post_id":"513974","title":null,"description":null,"keywords":null,"keyphrases":null,"primary_term":null,"canonical_url":null,"og_title":null,"og_description":null,"og_object_type":"default","og_image_type":"default","og_image_url":null,"og_image_width":null,"og_image_height":null,"og_image_custom_url":null,"og_image_custom_fields":null,"og_video":null,"og_custom_url":null,"og_article_section":null,"og_article_tags":null,"twitter_use_og":true,"twitter_card":"default","twitter_image_type":"default","twitter_image_url":null,"twitter_image_custom_url":null,"twitter_image_custom_fields":null,"twitter_title":null,"twitter_description":null,"schema":{"blockGraphs":[],"customGraphs":[],"default":{"data":{"Article":[],"Course":[],"Dataset":[],"FAQPage":[],"Movie":[],"Person":[],"Product":[],"ProductReview":[],"Car":[],"Recipe":[],"Service":[],"SoftwareApplication":[],"WebPage":[]},"graphName":"Product","isEnabled":true},"graphs":[]},"schema_type":"default","schema_type_options":null,"pillar_content":false,"robots_default":true,"robots_noindex":false,"robots_noarchive":false,"robots_nosnippet":false,"robots_nofollow":false,"robots_noimageindex":false,"robots_noodp":false,"robots_notranslate":false,"robots_max_snippet":null,"robots_max_videopreview":null,"robots_max_imagepreview":"large","priority":null,"frequency":null,"local_seo":null,"seo_analyzer_scan_date":null,"breadcrumb_settings":null,"limit_modified_date":false,"reviewed_by":null,"open_ai":null,"ai":null,"created":"2025-10-09 04:06:36","updated":"2026-04-09 23:37:20"},"aioseo_breadcrumb":"<div class=\"aioseo-breadcrumbs\"><span class=\"aioseo-breadcrumb\">\n\t<a href=\"https:\/\/droix.eu\/lt\/\" title=\"Home\">Home<\/a>\n<\/span><span class=\"aioseo-breadcrumb-separator\">&raquo;<\/span><span class=\"aioseo-breadcrumb\">\n\t<a href=\"https:\/\/droix.eu\/lt\/product-category\/priedai\/\" title=\"Priedai\">Priedai<\/a>\n<\/span><span class=\"aioseo-breadcrumb-separator\">&raquo;<\/span><span class=\"aioseo-breadcrumb\">\n\t<a href=\"https:\/\/droix.eu\/lt\/product-category\/priedai\/zaidimu-priedai\/\" title=\"\u017daidim\u0173 priedai\">\u017daidim\u0173 priedai<\/a>\n<\/span><span class=\"aioseo-breadcrumb-separator\">&raquo;<\/span><span class=\"aioseo-breadcrumb\">\n\tGPD WIN 4 Ekrano apsauga\n<\/span><\/div>","aioseo_breadcrumb_json":[{"label":"Home","link":"https:\/\/droix.eu\/lt\/"},{"label":"Priedai","link":"https:\/\/droix.eu\/lt\/product-category\/priedai\/"},{"label":"\u017daidim\u0173 priedai","link":"https:\/\/droix.eu\/lt\/product-category\/priedai\/zaidimu-priedai\/"},{"label":"GPD WIN 4 Ekrano apsauga","link":"https:\/\/droix.eu\/lt\/product\/gpd-win-4-ekrano-apsauga\/"}],"_links":{"self":[{"href":"https:\/\/droix.eu\/lt\/wp-json\/wp\/v2\/product\/513974","targetHints":{"allow":["GET"]}}],"collection":[{"href":"https:\/\/droix.eu\/lt\/wp-json\/wp\/v2\/product"}],"about":[{"href":"https:\/\/droix.eu\/lt\/wp-json\/wp\/v2\/types\/product"}],"version-history":[{"count":0,"href":"https:\/\/droix.eu\/lt\/wp-json\/wp\/v2\/product\/513974\/revisions"}],"wp:featuredmedia":[{"embeddable":true,"href":"https:\/\/droix.eu\/lt\/wp-json\/wp\/v2\/media\/352558"}],"wp:attachment":[{"href":"https:\/\/droix.eu\/lt\/wp-json\/wp\/v2\/media?parent=513974"}],"wp:term":[{"taxonomy":"product_brand","embeddable":true,"href":"https:\/\/droix.eu\/lt\/wp-json\/wp\/v2\/product_brand?post=513974"},{"taxonomy":"product_cat","embeddable":true,"href":"https:\/\/droix.eu\/lt\/wp-json\/wp\/v2\/product_cat?post=513974"},{"taxonomy":"product_tag","embeddable":true,"href":"https:\/\/droix.eu\/lt\/wp-json\/wp\/v2\/product_tag?post=513974"},{"taxonomy":"woo-feed-brand","embeddable":true,"href":"https:\/\/droix.eu\/lt\/wp-json\/wp\/v2\/woo-feed-brand?post=513974"},{"taxonomy":"key-features","embeddable":true,"href":"https:\/\/droix.eu\/lt\/wp-json\/wp\/v2\/key-features?post=513974"}],"curies":[{"name":"wp","href":"https:\/\/api.w.org\/{rel}","templated":true}]}}