{"id":513562,"date":"2022-12-20T15:00:27","date_gmt":"2022-12-20T15:00:27","guid":{"rendered":"https:\/\/droix.eu\/product\/kingspec-2230-steam-deck-nvme-saugykla\/"},"modified":"2025-09-05T14:59:55","modified_gmt":"2025-09-05T13:59:55","slug":"kingspec-2230-steam-deck-nvme-saugykla","status":"publish","type":"product","link":"https:\/\/droix.eu\/lt\/product\/kingspec-2230-steam-deck-nvme-saugykla\/","title":{"rendered":"KingSpec 2230 Steam Deck NVMe saugykla"},"content":{"rendered":"&#13;\n<p>&#8221; <strong>KingSpec NVMe 22*30 Solid<\/strong>State Drive&#8221; gali pasiekti iki 3621,35 MB\/s skaitymo ir iki 2314,32 MB\/s ra\u0161ymo spart\u0105. \u0160ie grei\u010diai yra gerokai didesni nei tradicinio kietojo disko, kuris paprastai pasiekia ma\u017edaug 100 MB\/s greit\u012f. Tai rei\u0161kia, kad &#8220;KingSpec NVMe&#8221; diskas gali daug grei\u010diau pasiekti ir perduoti duomenis, tod\u0117l grei\u010diau paleid\u017eiamas ir grei\u010diau paleid\u017eiama programin\u0117 \u012franga.  <\/p>&#13;\n&#13;\n<p>Tarkime, turite didel\u0119 programin\u0119 \u012frang\u0105, kuri\u0105 reikia \u012fdiegti. Naudojant \u012fprast\u0105 kiet\u0105j\u012f disk\u0105, diegimo procesas gali u\u017etrukti kelias minutes. Ta\u010diau naudojant &#8220;KingSpec NVMe&#8221; disk\u0105 diegimo procesas b\u016bt\u0173 daug greitesnis, nes diskas gali pasiekti ir perduoti reikiamus duomenis daug didesniu grei\u010diu.  <\/p>&#13;\n&#13;\n<p>Apskritai &#8221; <strong>KingSpec NVMe<\/strong> &#8221; diskas d\u0117l didesn\u0117s skaitymo ir ra\u0161ymo spartos yra puikus pasirinkimas tiems, kurie nori pagerinti bendr\u0105 kompiuterio na\u0161um\u0105. Nesvarbu, ar esate \u017eaid\u0117jas, norintis grei\u010diau \u012fkelti lygius, k\u016brybinis specialistas, dirbantis su dideliais failais, ar tiesiog tas, kuris nori sklandesnio ir operatyvesnio darbo kompiuteriu, \u0161is diskas tikrai tai u\u017etikrins. <\/p>&#13;\n&#13;\n<p>Patikrinkite \u017eemiau esan\u010dius rezultatus <strong>Steam Deck<\/strong> naudojant <strong>KingSpec 2230 NVMe 1TB<\/strong> saugykl\u0105:<\/p>&#13;\n&#13;\n<p>Skaitymo sparta: <strong>3621,35 MB\/s<\/strong><br\/>\u012era\u0161ymo sparta:<strong> 2314,32 MB\/s<\/strong><\/p>&#13;\n&#13;\n<p><strong>&#8220;CrystalDiskMark&#8221;<\/strong> lyginamosios analiz\u0117s programin\u0117 \u012franga atlieka kelet\u0105 saugyklos test\u0173, kad pamatyt\u0173 jos na\u0161um\u0105 esant skirtingiems skaitymo ir ra\u0161ymo modeliams. Rezultatai rodo optimali\u0105 did\u017eiausi\u0105 skaitymo ir ra\u0161ymo spart\u0105 pirmoje eilut\u0117je. <\/p>&#13;\n&#13;\n<figure class=\"wp-block-image aligncenter\"><img fetchpriority=\"high\" decoding=\"async\" width=\"601\" height=\"438\" src=\"https:\/\/droix.eu\/wp-content\/uploads\/2022\/12\/r-w-speed-kigspec2230-steam-deck.png\" alt=\"SD KingSpec 2230 skaitymo ir ra&#x161;ymo greitis\" class=\"wp-image-94989\" srcset=\"https:\/\/droix.eu\/wp-content\/uploads\/2022\/12\/r-w-speed-kigspec2230-steam-deck.png 601w, https:\/\/droix.eu\/wp-content\/uploads\/2022\/12\/r-w-speed-kigspec2230-steam-deck-300x219.png 300w, https:\/\/droix.eu\/wp-content\/uploads\/2022\/12\/r-w-speed-kigspec2230-steam-deck-441x321.png 441w\" sizes=\"(max-width: 601px) 100vw, 601px\" \/><\/figure>&#13;\n&#13;\n<figure class=\"wp-block-image aligncenter\"><img decoding=\"async\" width=\"1500\" height=\"1500\" src=\"https:\/\/droix.eu\/wp-content\/uploads\/2022\/12\/SSD-EXPLINATION.png\" alt=\"ssd-paai&#x161;kinimas-&#x12F;rankis\" class=\"wp-image-105048\" srcset=\"https:\/\/droix.eu\/wp-content\/uploads\/2022\/12\/SSD-EXPLINATION.png 1500w, https:\/\/droix.eu\/wp-content\/uploads\/2022\/12\/SSD-EXPLINATION-300x300.png 300w, https:\/\/droix.eu\/wp-content\/uploads\/2022\/12\/SSD-EXPLINATION-100x100.png 100w, https:\/\/droix.eu\/wp-content\/uploads\/2022\/12\/SSD-EXPLINATION-1000x1000.png 1000w, https:\/\/droix.eu\/wp-content\/uploads\/2022\/12\/SSD-EXPLINATION-1024x1024.png 1024w, https:\/\/droix.eu\/wp-content\/uploads\/2022\/12\/SSD-EXPLINATION-768x768.png 768w, https:\/\/droix.eu\/wp-content\/uploads\/2022\/12\/SSD-EXPLINATION-990x990.png 990w, https:\/\/droix.eu\/wp-content\/uploads\/2022\/12\/SSD-EXPLINATION-441x441.png 441w\" sizes=\"(max-width: 1500px) 100vw, 1500px\" \/><\/figure>&#13;\n","protected":false},"excerpt":{"rendered":"<ul>\n<li>Greita &#8220;NVMe&#8221; sparta<\/li>\n<li>Suderinamas su &#8220;SteamDeck&#8221; ir GPD WIN Max 2  <\/li>\n<li>3 met\u0173 garantija<\/li>\n<\/ul>\n[droix_global_accordions]\n[cg_accordion title=\"\u012e paket\u0105 \u012feina\"]<\/p>\n<ul>\n<li>1x 22*30 NVMe SSD<\/li>\n<\/ul>\n<p>[\/cg_accordion]\n","protected":false},"featured_media":342441,"template":"","meta":{"_acf_changed":false},"product_brand":[],"product_cat":[22451,22452,22453],"product_tag":[],"woo-feed-brand":[],"key-features":[],"class_list":{"0":"post-513562","1":"product","2":"type-product","3":"status-publish","4":"has-post-thumbnail","6":"product_cat-kompiuteriu-technine-iranga","7":"product_cat-nesiojamojo-kompiuterio-aparatine-iranga","8":"product_cat-technine-iranga","9":"product_shipping_class-low-end","10":"pa_brands-kingspec-lt","12":"first","13":"instock","14":"taxable","15":"shipping-taxable","16":"purchasable","17":"product-type-variable","18":"has-default-attributes"},"acf":[],"aioseo_notices":[],"aioseo_head":"\n\t\t<!-- All in One SEO Pro 4.9.6.2 - aioseo.com -->\n\t<meta name=\"description\" content=\"Greita &quot;NVMe&quot; sparta Suderinamas su &quot;SteamDeck&quot; ir GPD WIN Max 2 3 met\u0173 garantija \u012e paket\u0105 \u012feina 1x 22*30 NVMe SSD\" \/>\n\t<meta name=\"robots\" content=\"max-image-preview:large\" \/>\n\t<link rel=\"canonical\" href=\"https:\/\/droix.eu\/lt\/product\/kingspec-2230-steam-deck-nvme-saugykla\/\" \/>\n\t<meta name=\"generator\" content=\"All in One SEO Pro (AIOSEO) 4.9.6.2\" \/>\n\t\t<meta property=\"og:locale\" content=\"lt_LT\" \/>\n\t\t<meta property=\"og:site_name\" content=\"DROIX EU - Get the latest Mini PCs, Ultrabook, PC Gaming Handhelds and more!\" \/>\n\t\t<meta property=\"og:type\" content=\"article\" \/>\n\t\t<meta property=\"og:title\" content=\"KingSpec 2230 Steam Deck NVMe saugykla - DROIX EU\" \/>\n\t\t<meta property=\"og:description\" content=\"Greita &quot;NVMe&quot; sparta Suderinamas su &quot;SteamDeck&quot; ir GPD WIN Max 2 3 met\u0173 garantija \u012e paket\u0105 \u012feina 1x 22*30 NVMe SSD\" \/>\n\t\t<meta property=\"og:url\" content=\"https:\/\/droix.eu\/lt\/product\/kingspec-2230-steam-deck-nvme-saugykla\/\" \/>\n\t\t<meta property=\"og:image\" content=\"https:\/\/droix.eu\/wp-content\/uploads\/2024\/06\/droix-v2-light-logo.png\" \/>\n\t\t<meta property=\"og:image:secure_url\" content=\"https:\/\/droix.eu\/wp-content\/uploads\/2024\/06\/droix-v2-light-logo.png\" \/>\n\t\t<meta property=\"og:image:width\" content=\"380\" \/>\n\t\t<meta property=\"og:image:height\" content=\"118\" \/>\n\t\t<meta property=\"article:published_time\" content=\"2022-12-20T15:00:27+00:00\" \/>\n\t\t<meta property=\"article:modified_time\" content=\"2025-09-05T13:59:55+00:00\" \/>\n\t\t<meta property=\"article:publisher\" content=\"https:\/\/www.facebook.com\/DroiX.Store\" \/>\n\t\t<meta name=\"twitter:card\" content=\"summary_large_image\" \/>\n\t\t<meta name=\"twitter:site\" content=\"@DroiX_Store\" \/>\n\t\t<meta name=\"twitter:title\" content=\"KingSpec 2230 Steam Deck NVMe saugykla - DROIX EU\" \/>\n\t\t<meta name=\"twitter:description\" content=\"Greita &quot;NVMe&quot; sparta Suderinamas su &quot;SteamDeck&quot; ir GPD WIN Max 2 3 met\u0173 garantija \u012e paket\u0105 \u012feina 1x 22*30 NVMe SSD\" \/>\n\t\t<meta name=\"twitter:image\" content=\"https:\/\/droix.eu\/wp-content\/uploads\/2024\/06\/droix-v2-light-logo.png\" \/>\n\t\t<script type=\"application\/ld+json\" class=\"aioseo-schema\">\n\t\t\t{\"@context\":\"https:\\\/\\\/schema.org\",\"@graph\":[{\"@type\":\"BreadcrumbList\",\"@id\":\"https:\\\/\\\/droix.eu\\\/lt\\\/product\\\/kingspec-2230-steam-deck-nvme-saugykla\\\/#breadcrumblist\",\"itemListElement\":[{\"@type\":\"ListItem\",\"@id\":\"https:\\\/\\\/droix.eu\\\/lt\\\/#listItem\",\"position\":1,\"name\":\"Home\",\"item\":\"https:\\\/\\\/droix.eu\\\/lt\\\/\",\"nextItem\":{\"@type\":\"ListItem\",\"@id\":\"https:\\\/\\\/droix.eu\\\/lt\\\/product-category\\\/technine-iranga\\\/#listItem\",\"name\":\"Technin\\u0117 \\u012franga\"}},{\"@type\":\"ListItem\",\"@id\":\"https:\\\/\\\/droix.eu\\\/lt\\\/product-category\\\/technine-iranga\\\/#listItem\",\"position\":2,\"name\":\"Technin\\u0117 \\u012franga\",\"item\":\"https:\\\/\\\/droix.eu\\\/lt\\\/product-category\\\/technine-iranga\\\/\",\"nextItem\":{\"@type\":\"ListItem\",\"@id\":\"https:\\\/\\\/droix.eu\\\/lt\\\/product-category\\\/technine-iranga\\\/kompiuteriu-technine-iranga\\\/#listItem\",\"name\":\"Kompiuteri\\u0173 technin\\u0117 \\u012franga\"},\"previousItem\":{\"@type\":\"ListItem\",\"@id\":\"https:\\\/\\\/droix.eu\\\/lt\\\/#listItem\",\"name\":\"Home\"}},{\"@type\":\"ListItem\",\"@id\":\"https:\\\/\\\/droix.eu\\\/lt\\\/product-category\\\/technine-iranga\\\/kompiuteriu-technine-iranga\\\/#listItem\",\"position\":3,\"name\":\"Kompiuteri\\u0173 technin\\u0117 \\u012franga\",\"item\":\"https:\\\/\\\/droix.eu\\\/lt\\\/product-category\\\/technine-iranga\\\/kompiuteriu-technine-iranga\\\/\",\"nextItem\":{\"@type\":\"ListItem\",\"@id\":\"https:\\\/\\\/droix.eu\\\/lt\\\/product\\\/kingspec-2230-steam-deck-nvme-saugykla\\\/#listItem\",\"name\":\"KingSpec 2230 Steam Deck NVMe saugykla\"},\"previousItem\":{\"@type\":\"ListItem\",\"@id\":\"https:\\\/\\\/droix.eu\\\/lt\\\/product-category\\\/technine-iranga\\\/#listItem\",\"name\":\"Technin\\u0117 \\u012franga\"}},{\"@type\":\"ListItem\",\"@id\":\"https:\\\/\\\/droix.eu\\\/lt\\\/product\\\/kingspec-2230-steam-deck-nvme-saugykla\\\/#listItem\",\"position\":4,\"name\":\"KingSpec 2230 Steam Deck NVMe saugykla\",\"previousItem\":{\"@type\":\"ListItem\",\"@id\":\"https:\\\/\\\/droix.eu\\\/lt\\\/product-category\\\/technine-iranga\\\/kompiuteriu-technine-iranga\\\/#listItem\",\"name\":\"Kompiuteri\\u0173 technin\\u0117 \\u012franga\"}}]},{\"@type\":\"Organization\",\"@id\":\"https:\\\/\\\/droix.eu\\\/lt\\\/#organization\",\"name\":\"DroiX \\u2013 Trusted EU Tech Retailer with 12+ Years Experience\",\"description\":\"DroiX is a leading European technology retailer with over 12 years of experience, offering quality mini PCs, handheld gaming consoles, and tech accessories. We provide hassle-free EU delivery with all taxes included, ensuring a smooth and reliable shopping experience for our customers across Europe.\",\"url\":\"https:\\\/\\\/droix.eu\\\/lt\\\/\",\"logo\":{\"@type\":\"ImageObject\",\"url\":\"https:\\\/\\\/droix.eu\\\/wp-content\\\/uploads\\\/2024\\\/06\\\/droix-v2-light-logo.png\",\"@id\":\"https:\\\/\\\/droix.eu\\\/lt\\\/product\\\/kingspec-2230-steam-deck-nvme-saugykla\\\/#organizationLogo\",\"width\":380,\"height\":118},\"image\":{\"@id\":\"https:\\\/\\\/droix.eu\\\/lt\\\/product\\\/kingspec-2230-steam-deck-nvme-saugykla\\\/#organizationLogo\"},\"sameAs\":[\"https:\\\/\\\/www.facebook.com\\\/DroiX.Store\",\"https:\\\/\\\/twitter.com\\\/DroiX_Store\",\"https:\\\/\\\/www.instagram.com\\\/droix.store\\\/\",\"https:\\\/\\\/www.tiktok.com\\\/@droix.store\",\"https:\\\/\\\/www.youtube.com\\\/c\\\/DroiX_Store\",\"https:\\\/\\\/uk.linkedin.com\\\/company\\\/droix\"]},{\"@type\":\"ProductGroup\",\"@id\":\"https:\\\/\\\/droix.eu\\\/lt\\\/product\\\/kingspec-2230-steam-deck-nvme-saugykla\\\/#wooCommerceProduct\",\"name\":\"KingSpec 2230 Steam Deck NVMe saugykla\",\"description\":\"Greita \\\"NVMe\\\" sparta\\n \\tSuderinamas su \\\"SteamDeck\\\" ir GPD WIN Max 2  \\n \\t3 met\\u0173 garantija\",\"url\":\"https:\\\/\\\/droix.eu\\\/lt\\\/product\\\/kingspec-2230-steam-deck-nvme-saugykla\\\/\",\"image\":{\"@type\":\"ImageObject\",\"url\":\"https:\\\/\\\/droix.eu\\\/wp-content\\\/uploads\\\/2022\\\/12\\\/22_30NVME-LISTING-PICTURE-1TB-1.png\",\"@id\":\"https:\\\/\\\/droix.eu\\\/lt\\\/product\\\/kingspec-2230-steam-deck-nvme-saugykla\\\/#productImage\",\"width\":1500,\"height\":1500,\"caption\":\"\\\"KingSpec\\\" 1 TB NVME 2230 saugykla\"},\"productGroupID\":513562,\"hasVariant\":[{\"@type\":\"Product\",\"@id\":\"https:\\\/\\\/droix.eu\\\/lt\\\/product\\\/kingspec-2230-steam-deck-nvme-saugykla\\\/#wooCommerceProduct\",\"name\":\"KingSpec 2230 Steam Deck NVMe saugykla - 512gb\",\"description\":\"Greita \\\"NVMe\\\" sparta\\n \\tSuderinamas su \\\"SteamDeck\\\" ir GPD WIN Max 2  \\n \\t3 met\\u0173 garantija\",\"url\":\"https:\\\/\\\/droix.eu\\\/lt\\\/product\\\/kingspec-2230-steam-deck-nvme-saugykla\\\/\",\"sku\":\"KINGSPEC-NVME-2230-512GB\",\"image\":{\"@type\":\"ImageObject\",\"url\":\"https:\\\/\\\/droix.eu\\\/wp-content\\\/uploads\\\/2022\\\/12\\\/22_30NVME-LISTING-PICTURE-512GB-1.png\",\"@id\":\"https:\\\/\\\/droix.eu\\\/lt\\\/product\\\/kingspec-2230-steam-deck-nvme-saugykla\\\/#productImage\",\"width\":1500,\"height\":1500,\"caption\":\"\\\"KingSpec\\\" 512 GB NVME 2230 saugykla\"},\"offers\":{\"@type\":\"Offer\",\"url\":\"https:\\\/\\\/droix.eu\\\/lt\\\/product\\\/kingspec-2230-steam-deck-nvme-saugykla\\\/#wooCommerceOffer\",\"price\":\"59.95\",\"priceCurrency\":\"EUR\",\"category\":\"Kompiuteri\\u0173 technin\\u0117 \\u012franga\",\"availability\":\"https:\\\/\\\/schema.org\\\/OutOfStock\",\"priceSpecification\":{\"@type\":\"PriceSpecification\",\"price\":59.95,\"priceCurrency\":\"EUR\",\"valueAddedTaxIncluded\":\"true\"}}}]},{\"@type\":\"WebPage\",\"@id\":\"https:\\\/\\\/droix.eu\\\/lt\\\/product\\\/kingspec-2230-steam-deck-nvme-saugykla\\\/#webpage\",\"url\":\"https:\\\/\\\/droix.eu\\\/lt\\\/product\\\/kingspec-2230-steam-deck-nvme-saugykla\\\/\",\"name\":\"KingSpec 2230 Steam Deck NVMe saugykla - DROIX EU\",\"description\":\"Greita \\\"NVMe\\\" sparta Suderinamas su \\\"SteamDeck\\\" ir GPD WIN Max 2 3 met\\u0173 garantija \\u012e paket\\u0105 \\u012feina 1x 22*30 NVMe SSD\",\"inLanguage\":\"lt-LT\",\"isPartOf\":{\"@id\":\"https:\\\/\\\/droix.eu\\\/lt\\\/#website\"},\"breadcrumb\":{\"@id\":\"https:\\\/\\\/droix.eu\\\/lt\\\/product\\\/kingspec-2230-steam-deck-nvme-saugykla\\\/#breadcrumblist\"},\"image\":{\"@type\":\"ImageObject\",\"url\":\"https:\\\/\\\/droix.eu\\\/wp-content\\\/uploads\\\/2022\\\/12\\\/22_30NVME-LISTING-PICTURE-1TB-1.png\",\"@id\":\"https:\\\/\\\/droix.eu\\\/lt\\\/product\\\/kingspec-2230-steam-deck-nvme-saugykla\\\/#mainImage\",\"width\":1500,\"height\":1500,\"caption\":\"\\\"KingSpec\\\" 1 TB NVME 2230 saugykla\"},\"primaryImageOfPage\":{\"@id\":\"https:\\\/\\\/droix.eu\\\/lt\\\/product\\\/kingspec-2230-steam-deck-nvme-saugykla\\\/#mainImage\"},\"datePublished\":\"2022-12-20T15:00:27+00:00\",\"dateModified\":\"2025-09-05T14:59:55+01:00\"},{\"@type\":\"WebSite\",\"@id\":\"https:\\\/\\\/droix.eu\\\/lt\\\/#website\",\"url\":\"https:\\\/\\\/droix.eu\\\/lt\\\/\",\"name\":\"DROIX EU\",\"description\":\"Get the latest Mini PCs, Ultrabook, PC Gaming Handhelds and more!\",\"inLanguage\":\"lt-LT\",\"publisher\":{\"@id\":\"https:\\\/\\\/droix.eu\\\/lt\\\/#organization\"}}]}\n\t\t<\/script>\n\t\t<!-- All in One SEO Pro -->\r\n\t\t<title>KingSpec 2230 Steam Deck NVMe saugykla - DROIX EU<\/title>\n\n","aioseo_head_json":{"title":"KingSpec 2230 Steam Deck NVMe saugykla - DROIX EU","description":"Greita \"NVMe\" sparta Suderinamas su \"SteamDeck\" ir GPD WIN Max 2 3 met\u0173 garantija \u012e paket\u0105 \u012feina 1x 22*30 NVMe SSD","canonical_url":"https:\/\/droix.eu\/lt\/product\/kingspec-2230-steam-deck-nvme-saugykla\/","robots":"max-image-preview:large","keywords":"","webmasterTools":{"miscellaneous":""},"schema":{"@context":"https:\/\/schema.org","@graph":[{"@type":"BreadcrumbList","@id":"https:\/\/droix.eu\/lt\/product\/kingspec-2230-steam-deck-nvme-saugykla\/#breadcrumblist","itemListElement":[{"@type":"ListItem","@id":"https:\/\/droix.eu\/lt\/#listItem","position":1,"name":"Home","item":"https:\/\/droix.eu\/lt\/","nextItem":{"@type":"ListItem","@id":"https:\/\/droix.eu\/lt\/product-category\/technine-iranga\/#listItem","name":"Technin\u0117 \u012franga"}},{"@type":"ListItem","@id":"https:\/\/droix.eu\/lt\/product-category\/technine-iranga\/#listItem","position":2,"name":"Technin\u0117 \u012franga","item":"https:\/\/droix.eu\/lt\/product-category\/technine-iranga\/","nextItem":{"@type":"ListItem","@id":"https:\/\/droix.eu\/lt\/product-category\/technine-iranga\/kompiuteriu-technine-iranga\/#listItem","name":"Kompiuteri\u0173 technin\u0117 \u012franga"},"previousItem":{"@type":"ListItem","@id":"https:\/\/droix.eu\/lt\/#listItem","name":"Home"}},{"@type":"ListItem","@id":"https:\/\/droix.eu\/lt\/product-category\/technine-iranga\/kompiuteriu-technine-iranga\/#listItem","position":3,"name":"Kompiuteri\u0173 technin\u0117 \u012franga","item":"https:\/\/droix.eu\/lt\/product-category\/technine-iranga\/kompiuteriu-technine-iranga\/","nextItem":{"@type":"ListItem","@id":"https:\/\/droix.eu\/lt\/product\/kingspec-2230-steam-deck-nvme-saugykla\/#listItem","name":"KingSpec 2230 Steam Deck NVMe saugykla"},"previousItem":{"@type":"ListItem","@id":"https:\/\/droix.eu\/lt\/product-category\/technine-iranga\/#listItem","name":"Technin\u0117 \u012franga"}},{"@type":"ListItem","@id":"https:\/\/droix.eu\/lt\/product\/kingspec-2230-steam-deck-nvme-saugykla\/#listItem","position":4,"name":"KingSpec 2230 Steam Deck NVMe saugykla","previousItem":{"@type":"ListItem","@id":"https:\/\/droix.eu\/lt\/product-category\/technine-iranga\/kompiuteriu-technine-iranga\/#listItem","name":"Kompiuteri\u0173 technin\u0117 \u012franga"}}]},{"@type":"Organization","@id":"https:\/\/droix.eu\/lt\/#organization","name":"DroiX \u2013 Trusted EU Tech Retailer with 12+ Years Experience","description":"DroiX is a leading European technology retailer with over 12 years of experience, offering quality mini PCs, handheld gaming consoles, and tech accessories. We provide hassle-free EU delivery with all taxes included, ensuring a smooth and reliable shopping experience for our customers across Europe.","url":"https:\/\/droix.eu\/lt\/","logo":{"@type":"ImageObject","url":"https:\/\/droix.eu\/wp-content\/uploads\/2024\/06\/droix-v2-light-logo.png","@id":"https:\/\/droix.eu\/lt\/product\/kingspec-2230-steam-deck-nvme-saugykla\/#organizationLogo","width":380,"height":118},"image":{"@id":"https:\/\/droix.eu\/lt\/product\/kingspec-2230-steam-deck-nvme-saugykla\/#organizationLogo"},"sameAs":["https:\/\/www.facebook.com\/DroiX.Store","https:\/\/twitter.com\/DroiX_Store","https:\/\/www.instagram.com\/droix.store\/","https:\/\/www.tiktok.com\/@droix.store","https:\/\/www.youtube.com\/c\/DroiX_Store","https:\/\/uk.linkedin.com\/company\/droix"]},{"@type":"ProductGroup","@id":"https:\/\/droix.eu\/lt\/product\/kingspec-2230-steam-deck-nvme-saugykla\/#wooCommerceProduct","name":"KingSpec 2230 Steam Deck NVMe saugykla","description":"Greita \"NVMe\" sparta\n \tSuderinamas su \"SteamDeck\" ir GPD WIN Max 2  \n \t3 met\u0173 garantija","url":"https:\/\/droix.eu\/lt\/product\/kingspec-2230-steam-deck-nvme-saugykla\/","image":{"@type":"ImageObject","url":"https:\/\/droix.eu\/wp-content\/uploads\/2022\/12\/22_30NVME-LISTING-PICTURE-1TB-1.png","@id":"https:\/\/droix.eu\/lt\/product\/kingspec-2230-steam-deck-nvme-saugykla\/#productImage","width":1500,"height":1500,"caption":"\"KingSpec\" 1 TB NVME 2230 saugykla"},"productGroupID":513562,"hasVariant":[{"@type":"Product","@id":"https:\/\/droix.eu\/lt\/product\/kingspec-2230-steam-deck-nvme-saugykla\/#wooCommerceProduct","name":"KingSpec 2230 Steam Deck NVMe saugykla - 512gb","description":"Greita \"NVMe\" sparta\n \tSuderinamas su \"SteamDeck\" ir GPD WIN Max 2  \n \t3 met\u0173 garantija","url":"https:\/\/droix.eu\/lt\/product\/kingspec-2230-steam-deck-nvme-saugykla\/","sku":"KINGSPEC-NVME-2230-512GB","image":{"@type":"ImageObject","url":"https:\/\/droix.eu\/wp-content\/uploads\/2022\/12\/22_30NVME-LISTING-PICTURE-512GB-1.png","@id":"https:\/\/droix.eu\/lt\/product\/kingspec-2230-steam-deck-nvme-saugykla\/#productImage","width":1500,"height":1500,"caption":"\"KingSpec\" 512 GB NVME 2230 saugykla"},"offers":{"@type":"Offer","url":"https:\/\/droix.eu\/lt\/product\/kingspec-2230-steam-deck-nvme-saugykla\/#wooCommerceOffer","price":"59.95","priceCurrency":"EUR","category":"Kompiuteri\u0173 technin\u0117 \u012franga","availability":"https:\/\/schema.org\/OutOfStock","priceSpecification":{"@type":"PriceSpecification","price":59.95,"priceCurrency":"EUR","valueAddedTaxIncluded":"true"}}}]},{"@type":"WebPage","@id":"https:\/\/droix.eu\/lt\/product\/kingspec-2230-steam-deck-nvme-saugykla\/#webpage","url":"https:\/\/droix.eu\/lt\/product\/kingspec-2230-steam-deck-nvme-saugykla\/","name":"KingSpec 2230 Steam Deck NVMe saugykla - DROIX EU","description":"Greita \"NVMe\" sparta Suderinamas su \"SteamDeck\" ir GPD WIN Max 2 3 met\u0173 garantija \u012e paket\u0105 \u012feina 1x 22*30 NVMe SSD","inLanguage":"lt-LT","isPartOf":{"@id":"https:\/\/droix.eu\/lt\/#website"},"breadcrumb":{"@id":"https:\/\/droix.eu\/lt\/product\/kingspec-2230-steam-deck-nvme-saugykla\/#breadcrumblist"},"image":{"@type":"ImageObject","url":"https:\/\/droix.eu\/wp-content\/uploads\/2022\/12\/22_30NVME-LISTING-PICTURE-1TB-1.png","@id":"https:\/\/droix.eu\/lt\/product\/kingspec-2230-steam-deck-nvme-saugykla\/#mainImage","width":1500,"height":1500,"caption":"\"KingSpec\" 1 TB NVME 2230 saugykla"},"primaryImageOfPage":{"@id":"https:\/\/droix.eu\/lt\/product\/kingspec-2230-steam-deck-nvme-saugykla\/#mainImage"},"datePublished":"2022-12-20T15:00:27+00:00","dateModified":"2025-09-05T14:59:55+01:00"},{"@type":"WebSite","@id":"https:\/\/droix.eu\/lt\/#website","url":"https:\/\/droix.eu\/lt\/","name":"DROIX EU","description":"Get the latest Mini PCs, Ultrabook, PC Gaming Handhelds and more!","inLanguage":"lt-LT","publisher":{"@id":"https:\/\/droix.eu\/lt\/#organization"}}]},"og:locale":"lt_LT","og:site_name":"DROIX EU - Get the latest Mini PCs, Ultrabook, PC Gaming Handhelds and more!","og:type":"article","og:title":"KingSpec 2230 Steam Deck NVMe saugykla - DROIX EU","og:description":"Greita &quot;NVMe&quot; sparta Suderinamas su &quot;SteamDeck&quot; ir GPD WIN Max 2 3 met\u0173 garantija \u012e paket\u0105 \u012feina 1x 22*30 NVMe SSD","og:url":"https:\/\/droix.eu\/lt\/product\/kingspec-2230-steam-deck-nvme-saugykla\/","og:image":"https:\/\/droix.eu\/wp-content\/uploads\/2024\/06\/droix-v2-light-logo.png","og:image:secure_url":"https:\/\/droix.eu\/wp-content\/uploads\/2024\/06\/droix-v2-light-logo.png","og:image:width":380,"og:image:height":118,"article:published_time":"2022-12-20T15:00:27+00:00","article:modified_time":"2025-09-05T13:59:55+00:00","article:publisher":"https:\/\/www.facebook.com\/DroiX.Store","twitter:card":"summary_large_image","twitter:site":"@DroiX_Store","twitter:title":"KingSpec 2230 Steam Deck NVMe saugykla - DROIX EU","twitter:description":"Greita &quot;NVMe&quot; sparta Suderinamas su &quot;SteamDeck&quot; ir GPD WIN Max 2 3 met\u0173 garantija \u012e paket\u0105 \u012feina 1x 22*30 NVMe SSD","twitter:image":"https:\/\/droix.eu\/wp-content\/uploads\/2024\/06\/droix-v2-light-logo.png"},"aioseo_meta_data":{"post_id":"513562","title":null,"description":null,"keywords":null,"keyphrases":null,"primary_term":null,"canonical_url":null,"og_title":null,"og_description":null,"og_object_type":"default","og_image_type":"default","og_image_url":null,"og_image_width":null,"og_image_height":null,"og_image_custom_url":null,"og_image_custom_fields":null,"og_video":null,"og_custom_url":null,"og_article_section":null,"og_article_tags":null,"twitter_use_og":true,"twitter_card":"default","twitter_image_type":"default","twitter_image_url":null,"twitter_image_custom_url":null,"twitter_image_custom_fields":null,"twitter_title":null,"twitter_description":null,"schema":{"blockGraphs":[],"customGraphs":[],"default":{"data":{"Article":[],"Course":[],"Dataset":[],"FAQPage":[],"Movie":[],"Person":[],"Product":[],"ProductReview":[],"Car":[],"Recipe":[],"Service":[],"SoftwareApplication":[],"WebPage":[]},"graphName":"","isEnabled":true},"graphs":[]},"schema_type":"default","schema_type_options":null,"pillar_content":false,"robots_default":true,"robots_noindex":false,"robots_noarchive":false,"robots_nosnippet":false,"robots_nofollow":false,"robots_noimageindex":false,"robots_noodp":false,"robots_notranslate":false,"robots_max_snippet":null,"robots_max_videopreview":null,"robots_max_imagepreview":"large","priority":null,"frequency":null,"local_seo":null,"seo_analyzer_scan_date":"2025-10-24 12:01:20","breadcrumb_settings":null,"limit_modified_date":false,"reviewed_by":null,"open_ai":null,"ai":null,"created":"2025-10-09 04:05:25","updated":"2025-11-27 02:11:27"},"aioseo_breadcrumb":"<div class=\"aioseo-breadcrumbs\"><span class=\"aioseo-breadcrumb\">\n\t<a href=\"https:\/\/droix.eu\/lt\/\" title=\"Home\">Home<\/a>\n<\/span><span class=\"aioseo-breadcrumb-separator\">&raquo;<\/span><span class=\"aioseo-breadcrumb\">\n\t<a href=\"https:\/\/droix.eu\/lt\/product-category\/technine-iranga\/\" title=\"Technin\u0117 \u012franga\">Technin\u0117 \u012franga<\/a>\n<\/span><span class=\"aioseo-breadcrumb-separator\">&raquo;<\/span><span class=\"aioseo-breadcrumb\">\n\t<a href=\"https:\/\/droix.eu\/lt\/product-category\/technine-iranga\/kompiuteriu-technine-iranga\/\" title=\"Kompiuteri\u0173 technin\u0117 \u012franga\">Kompiuteri\u0173 technin\u0117 \u012franga<\/a>\n<\/span><span class=\"aioseo-breadcrumb-separator\">&raquo;<\/span><span class=\"aioseo-breadcrumb\">\n\tKingSpec 2230 Steam Deck NVMe saugykla\n<\/span><\/div>","aioseo_breadcrumb_json":[{"label":"Home","link":"https:\/\/droix.eu\/lt\/"},{"label":"Technin\u0117 \u012franga","link":"https:\/\/droix.eu\/lt\/product-category\/technine-iranga\/"},{"label":"Kompiuteri\u0173 technin\u0117 \u012franga","link":"https:\/\/droix.eu\/lt\/product-category\/technine-iranga\/kompiuteriu-technine-iranga\/"},{"label":"KingSpec 2230 Steam Deck NVMe saugykla","link":"https:\/\/droix.eu\/lt\/product\/kingspec-2230-steam-deck-nvme-saugykla\/"}],"_links":{"self":[{"href":"https:\/\/droix.eu\/lt\/wp-json\/wp\/v2\/product\/513562","targetHints":{"allow":["GET"]}}],"collection":[{"href":"https:\/\/droix.eu\/lt\/wp-json\/wp\/v2\/product"}],"about":[{"href":"https:\/\/droix.eu\/lt\/wp-json\/wp\/v2\/types\/product"}],"version-history":[{"count":0,"href":"https:\/\/droix.eu\/lt\/wp-json\/wp\/v2\/product\/513562\/revisions"}],"wp:featuredmedia":[{"embeddable":true,"href":"https:\/\/droix.eu\/lt\/wp-json\/wp\/v2\/media\/342441"}],"wp:attachment":[{"href":"https:\/\/droix.eu\/lt\/wp-json\/wp\/v2\/media?parent=513562"}],"wp:term":[{"taxonomy":"product_brand","embeddable":true,"href":"https:\/\/droix.eu\/lt\/wp-json\/wp\/v2\/product_brand?post=513562"},{"taxonomy":"product_cat","embeddable":true,"href":"https:\/\/droix.eu\/lt\/wp-json\/wp\/v2\/product_cat?post=513562"},{"taxonomy":"product_tag","embeddable":true,"href":"https:\/\/droix.eu\/lt\/wp-json\/wp\/v2\/product_tag?post=513562"},{"taxonomy":"woo-feed-brand","embeddable":true,"href":"https:\/\/droix.eu\/lt\/wp-json\/wp\/v2\/woo-feed-brand?post=513562"},{"taxonomy":"key-features","embeddable":true,"href":"https:\/\/droix.eu\/lt\/wp-json\/wp\/v2\/key-features?post=513562"}],"curies":[{"name":"wp","href":"https:\/\/api.w.org\/{rel}","templated":true}]}}