{"id":511863,"date":"2023-05-25T09:22:48","date_gmt":"2023-05-25T09:22:48","guid":{"rendered":"https:\/\/droix.eu\/product\/gpd-win-4-kietas-deklas\/"},"modified":"2026-01-22T14:38:28","modified_gmt":"2026-01-22T14:38:28","slug":"gpd-win-4-kietas-deklas","status":"publish","type":"product","link":"https:\/\/droix.eu\/lt\/product\/gpd-win-4-kietas-deklas\/","title":{"rendered":"GPD WIN 4 kietas d\u0117klas"},"content":{"rendered":"<p><strong>&#8220;GPD WIN 4&#8221; yra<\/strong> galingi ne\u0161iojamieji \u017eaidim\u0173 kompiuteriai, sukurti taip, kad b\u016bt\u0173 galima m\u0117gautis \u012fsp\u016bdingais \u017eaidimais keliaujant. Siekiant apsaugoti \u0161iuos auk\u0161\u010diausios kokyb\u0117s prietaisus nuo \u012fbr\u0117\u017eim\u0173, sm\u016bgi\u0173 ir kit\u0173 i\u0161orini\u0173 pa\u017eeidim\u0173,  <strong>apsauginis d\u0117klas<\/strong>  b\u016btina. &#8220;GPD WIN 4&#8221; kietas apsauginis d\u0117klas yra patvarus, lengvas ir stilingas d\u0117klas, specialiai sukurtas \u0161iems \u017eaidim\u0173 ne\u0161iojamiesiems kompiuteriams. D\u0117klas pagamintas i\u0161 auk\u0161tos kokyb\u0117s med\u017eiag\u0173, toki\u0173 kaip polikarbonatas ir ABS plastikas, kurios u\u017etikrina puiki\u0105 apsaug\u0105 nuo sm\u016bgi\u0173, \u012fbr\u0117\u017eim\u0173 ir kit\u0173 i\u0161orini\u0173 pa\u017eeidim\u0173 .d\u0117klo vidus i\u0161klotas mink\u0161tu ir glotniu audiniu, kuris u\u017etikrina papildom\u0105 apsaug\u0105 nuo \u012fbr\u0117\u017eim\u0173 ir dulki\u0173. D\u0117klas taip pat turi saug\u0173 u\u017etrauktuk\u0105, kuris u\u017etikrina, kad ne\u0161iojamasis \u012frenginys i\u0161likt\u0173 vietoje.<\/p>\n","protected":false},"excerpt":{"rendered":"<ul>\n<li><strong>Oficialus GPD<\/strong> apsauginis d\u0117klas, skirtas GPD WIN 4<\/li>\n<li><strong>Patvarus<\/strong> i\u0161orinis sintetinio polimero apvalkalas<\/li>\n<li>Mink\u0161to audinio pamu\u0161alas <strong>papildomai apsaugai<\/strong>.<\/li>\n<li><strong>Atskiras skyrius<\/strong> periferiniams \u012frenginiams.<\/li>\n<li>Eleganti\u0161kas dizainas su saugiu u\u017etrauktuku.<\/li>\n<\/ul>\n<p>[droix_global_accordions]<br \/>\n[cg_accordion title=\"\u012e paket\u0105 \u012feina\"]<\/p>\n<ul>\n<li>1x GPD WIN 4 kietas d\u0117klas<\/li>\n<\/ul>\n<p>[\/cg_accordion]<\/p>\n","protected":false},"featured_media":409295,"template":"","meta":{"_acf_changed":false},"product_brand":[],"product_cat":[10408,10409],"product_tag":[],"woo-feed-brand":[2198],"key-features":[],"class_list":{"0":"post-511863","1":"product","2":"type-product","3":"status-publish","4":"has-post-thumbnail","6":"product_cat-priedai","7":"product_cat-zaidimu-priedai","8":"product_shipping_class-low-end","9":"pa_accessory-type-protective-case","10":"pa_brands-gpd-lt","11":"woo-feed-brand-gpd","13":"first","14":"outofstock","15":"sale","16":"taxable","17":"shipping-taxable","18":"purchasable","19":"product-type-simple"},"acf":[],"aioseo_notices":[],"aioseo_head":"\n\t\t<!-- All in One SEO Pro 4.9.6.2 - aioseo.com -->\n\t<meta name=\"description\" content=\"Oficialus GPD apsauginis d\u0117klas, skirtas GPD WIN 4 Patvarus i\u0161orinis sintetinio polimero apvalkalas Mink\u0161to audinio pamu\u0161alas papildomai apsaugai. Atskiras skyrius periferiniams \u012frenginiams. Eleganti\u0161kas dizainas su saugiu u\u017etrauktuku. \u012e paket\u0105 \u012feina 1x GPD WIN 4 kietas d\u0117klas\" \/>\n\t<meta name=\"robots\" content=\"max-image-preview:large\" \/>\n\t<link rel=\"canonical\" href=\"https:\/\/droix.eu\/lt\/product\/gpd-win-4-kietas-deklas\/\" \/>\n\t<meta name=\"generator\" content=\"All in One SEO Pro (AIOSEO) 4.9.6.2\" \/>\n\t\t<meta property=\"og:locale\" content=\"lt_LT\" \/>\n\t\t<meta property=\"og:site_name\" content=\"DROIX EU - Get the latest Mini PCs, Ultrabook, PC Gaming Handhelds and more!\" \/>\n\t\t<meta property=\"og:type\" content=\"article\" \/>\n\t\t<meta property=\"og:title\" content=\"GPD WIN 4 kietas d\u0117klas - DROIX EU\" \/>\n\t\t<meta property=\"og:description\" content=\"Oficialus GPD apsauginis d\u0117klas, skirtas GPD WIN 4 Patvarus i\u0161orinis sintetinio polimero apvalkalas Mink\u0161to audinio pamu\u0161alas papildomai apsaugai. Atskiras skyrius periferiniams \u012frenginiams. Eleganti\u0161kas dizainas su saugiu u\u017etrauktuku. \u012e paket\u0105 \u012feina 1x GPD WIN 4 kietas d\u0117klas\" \/>\n\t\t<meta property=\"og:url\" content=\"https:\/\/droix.eu\/lt\/product\/gpd-win-4-kietas-deklas\/\" \/>\n\t\t<meta property=\"og:image\" content=\"https:\/\/droix.eu\/wp-content\/uploads\/2024\/06\/droix-v2-light-logo.png\" \/>\n\t\t<meta property=\"og:image:secure_url\" content=\"https:\/\/droix.eu\/wp-content\/uploads\/2024\/06\/droix-v2-light-logo.png\" \/>\n\t\t<meta property=\"og:image:width\" content=\"380\" \/>\n\t\t<meta property=\"og:image:height\" content=\"118\" \/>\n\t\t<meta property=\"article:published_time\" content=\"2023-05-25T09:22:48+00:00\" \/>\n\t\t<meta property=\"article:modified_time\" content=\"2026-01-22T14:38:28+00:00\" \/>\n\t\t<meta property=\"article:publisher\" content=\"https:\/\/www.facebook.com\/DroiX.Store\" \/>\n\t\t<meta name=\"twitter:card\" content=\"summary_large_image\" \/>\n\t\t<meta name=\"twitter:site\" content=\"@DroiX_Store\" \/>\n\t\t<meta name=\"twitter:title\" content=\"GPD WIN 4 kietas d\u0117klas - DROIX EU\" \/>\n\t\t<meta name=\"twitter:description\" content=\"Oficialus GPD apsauginis d\u0117klas, skirtas GPD WIN 4 Patvarus i\u0161orinis sintetinio polimero apvalkalas Mink\u0161to audinio pamu\u0161alas papildomai apsaugai. Atskiras skyrius periferiniams \u012frenginiams. Eleganti\u0161kas dizainas su saugiu u\u017etrauktuku. \u012e paket\u0105 \u012feina 1x GPD WIN 4 kietas d\u0117klas\" \/>\n\t\t<meta name=\"twitter:image\" content=\"https:\/\/droix.eu\/wp-content\/uploads\/2024\/06\/droix-v2-light-logo.png\" \/>\n\t\t<script type=\"application\/ld+json\" class=\"aioseo-schema\">\n\t\t\t{\"@context\":\"https:\\\/\\\/schema.org\",\"@graph\":[{\"@type\":\"BreadcrumbList\",\"@id\":\"https:\\\/\\\/droix.eu\\\/lt\\\/product\\\/gpd-win-4-kietas-deklas\\\/#breadcrumblist\",\"itemListElement\":[{\"@type\":\"ListItem\",\"@id\":\"https:\\\/\\\/droix.eu\\\/lt\\\/#listItem\",\"position\":1,\"name\":\"Home\",\"item\":\"https:\\\/\\\/droix.eu\\\/lt\\\/\",\"nextItem\":{\"@type\":\"ListItem\",\"@id\":\"https:\\\/\\\/droix.eu\\\/lt\\\/product-category\\\/priedai\\\/#listItem\",\"name\":\"Priedai\"}},{\"@type\":\"ListItem\",\"@id\":\"https:\\\/\\\/droix.eu\\\/lt\\\/product-category\\\/priedai\\\/#listItem\",\"position\":2,\"name\":\"Priedai\",\"item\":\"https:\\\/\\\/droix.eu\\\/lt\\\/product-category\\\/priedai\\\/\",\"nextItem\":{\"@type\":\"ListItem\",\"@id\":\"https:\\\/\\\/droix.eu\\\/lt\\\/product-category\\\/priedai\\\/zaidimu-priedai\\\/#listItem\",\"name\":\"\\u017daidim\\u0173 priedai\"},\"previousItem\":{\"@type\":\"ListItem\",\"@id\":\"https:\\\/\\\/droix.eu\\\/lt\\\/#listItem\",\"name\":\"Home\"}},{\"@type\":\"ListItem\",\"@id\":\"https:\\\/\\\/droix.eu\\\/lt\\\/product-category\\\/priedai\\\/zaidimu-priedai\\\/#listItem\",\"position\":3,\"name\":\"\\u017daidim\\u0173 priedai\",\"item\":\"https:\\\/\\\/droix.eu\\\/lt\\\/product-category\\\/priedai\\\/zaidimu-priedai\\\/\",\"nextItem\":{\"@type\":\"ListItem\",\"@id\":\"https:\\\/\\\/droix.eu\\\/lt\\\/product\\\/gpd-win-4-kietas-deklas\\\/#listItem\",\"name\":\"GPD WIN 4 kietas d\\u0117klas\"},\"previousItem\":{\"@type\":\"ListItem\",\"@id\":\"https:\\\/\\\/droix.eu\\\/lt\\\/product-category\\\/priedai\\\/#listItem\",\"name\":\"Priedai\"}},{\"@type\":\"ListItem\",\"@id\":\"https:\\\/\\\/droix.eu\\\/lt\\\/product\\\/gpd-win-4-kietas-deklas\\\/#listItem\",\"position\":4,\"name\":\"GPD WIN 4 kietas d\\u0117klas\",\"previousItem\":{\"@type\":\"ListItem\",\"@id\":\"https:\\\/\\\/droix.eu\\\/lt\\\/product-category\\\/priedai\\\/zaidimu-priedai\\\/#listItem\",\"name\":\"\\u017daidim\\u0173 priedai\"}}]},{\"@type\":\"Organization\",\"@id\":\"https:\\\/\\\/droix.eu\\\/lt\\\/#organization\",\"name\":\"DroiX \\u2013 Trusted EU Tech Retailer with 12+ Years Experience\",\"description\":\"DroiX is a leading European technology retailer with over 12 years of experience, offering quality mini PCs, handheld gaming consoles, and tech accessories. We provide hassle-free EU delivery with all taxes included, ensuring a smooth and reliable shopping experience for our customers across Europe.\",\"url\":\"https:\\\/\\\/droix.eu\\\/lt\\\/\",\"logo\":{\"@type\":\"ImageObject\",\"url\":\"https:\\\/\\\/droix.eu\\\/wp-content\\\/uploads\\\/2024\\\/06\\\/droix-v2-light-logo.png\",\"@id\":\"https:\\\/\\\/droix.eu\\\/lt\\\/product\\\/gpd-win-4-kietas-deklas\\\/#organizationLogo\",\"width\":380,\"height\":118},\"image\":{\"@id\":\"https:\\\/\\\/droix.eu\\\/lt\\\/product\\\/gpd-win-4-kietas-deklas\\\/#organizationLogo\"},\"sameAs\":[\"https:\\\/\\\/www.facebook.com\\\/DroiX.Store\",\"https:\\\/\\\/twitter.com\\\/DroiX_Store\",\"https:\\\/\\\/www.instagram.com\\\/droix.store\\\/\",\"https:\\\/\\\/www.tiktok.com\\\/@droix.store\",\"https:\\\/\\\/www.youtube.com\\\/c\\\/DroiX_Store\",\"https:\\\/\\\/uk.linkedin.com\\\/company\\\/droix\"]},{\"@type\":\"Product\",\"@id\":\"https:\\\/\\\/droix.eu\\\/lt\\\/product\\\/gpd-win-4-kietas-deklas\\\/#wooCommerceProduct\",\"name\":\"GPD WIN 4 kietas d\\u0117klas\",\"description\":\"Oficialus GPD apsauginis d\\u0117klas, skirtas GPD WIN 4\\n \\tPatvarus i\\u0161orinis sintetinio polimero apvalkalas\\n \\tMink\\u0161to audinio pamu\\u0161alas papildomai apsaugai.\\n \\tAtskiras skyrius periferiniams \\u012frenginiams.\\n \\tEleganti\\u0161kas dizainas su saugiu u\\u017etrauktuku.\",\"url\":\"https:\\\/\\\/droix.eu\\\/lt\\\/product\\\/gpd-win-4-kietas-deklas\\\/\",\"sku\":\"GPD-WIN_4-CASE\",\"gtin\":\"5060763675322\",\"image\":{\"@type\":\"ImageObject\",\"url\":\"https:\\\/\\\/droix.eu\\\/wp-content\\\/uploads\\\/2023\\\/05\\\/51y5P54tgzLready-gpd-4.png\",\"@id\":\"https:\\\/\\\/droix.eu\\\/lt\\\/product\\\/gpd-win-4-kietas-deklas\\\/#productImage\",\"width\":1000,\"height\":1000},\"offers\":{\"@type\":\"Offer\",\"url\":\"https:\\\/\\\/droix.eu\\\/lt\\\/product\\\/gpd-win-4-kietas-deklas\\\/#wooCommerceOffer\",\"price\":27,\"priceCurrency\":\"EUR\",\"category\":\"Priedai\",\"availability\":\"https:\\\/\\\/schema.org\\\/OutOfStock\",\"priceSpecification\":{\"@type\":\"PriceSpecification\",\"price\":27,\"priceCurrency\":\"EUR\",\"valueAddedTaxIncluded\":\"true\"},\"seller\":{\"@type\":\"Organization\",\"@id\":\"https:\\\/\\\/droix.eu\\\/lt\\\/#organization\"}}},{\"@type\":\"WebPage\",\"@id\":\"https:\\\/\\\/droix.eu\\\/lt\\\/product\\\/gpd-win-4-kietas-deklas\\\/#webpage\",\"url\":\"https:\\\/\\\/droix.eu\\\/lt\\\/product\\\/gpd-win-4-kietas-deklas\\\/\",\"name\":\"GPD WIN 4 kietas d\\u0117klas - DROIX EU\",\"description\":\"Oficialus GPD apsauginis d\\u0117klas, skirtas GPD WIN 4 Patvarus i\\u0161orinis sintetinio polimero apvalkalas Mink\\u0161to audinio pamu\\u0161alas papildomai apsaugai. Atskiras skyrius periferiniams \\u012frenginiams. Eleganti\\u0161kas dizainas su saugiu u\\u017etrauktuku. \\u012e paket\\u0105 \\u012feina 1x GPD WIN 4 kietas d\\u0117klas\",\"inLanguage\":\"lt-LT\",\"isPartOf\":{\"@id\":\"https:\\\/\\\/droix.eu\\\/lt\\\/#website\"},\"breadcrumb\":{\"@id\":\"https:\\\/\\\/droix.eu\\\/lt\\\/product\\\/gpd-win-4-kietas-deklas\\\/#breadcrumblist\"},\"image\":{\"@type\":\"ImageObject\",\"url\":\"https:\\\/\\\/droix.eu\\\/wp-content\\\/uploads\\\/2023\\\/05\\\/51y5P54tgzLready-gpd-4.png\",\"@id\":\"https:\\\/\\\/droix.eu\\\/lt\\\/product\\\/gpd-win-4-kietas-deklas\\\/#mainImage\",\"width\":1000,\"height\":1000},\"primaryImageOfPage\":{\"@id\":\"https:\\\/\\\/droix.eu\\\/lt\\\/product\\\/gpd-win-4-kietas-deklas\\\/#mainImage\"},\"datePublished\":\"2023-05-25T09:22:48+01:00\",\"dateModified\":\"2026-01-22T14:38:28+00:00\"},{\"@type\":\"WebSite\",\"@id\":\"https:\\\/\\\/droix.eu\\\/lt\\\/#website\",\"url\":\"https:\\\/\\\/droix.eu\\\/lt\\\/\",\"name\":\"DROIX EU\",\"description\":\"Get the latest Mini PCs, Ultrabook, PC Gaming Handhelds and more!\",\"inLanguage\":\"lt-LT\",\"publisher\":{\"@id\":\"https:\\\/\\\/droix.eu\\\/lt\\\/#organization\"}}]}\n\t\t<\/script>\n\t\t<!-- All in One SEO Pro -->\r\n\t\t<title>GPD WIN 4 kietas d\u0117klas - DROIX EU<\/title>\n\n","aioseo_head_json":{"title":"GPD WIN 4 kietas d\u0117klas - DROIX EU","description":"Oficialus GPD apsauginis d\u0117klas, skirtas GPD WIN 4 Patvarus i\u0161orinis sintetinio polimero apvalkalas Mink\u0161to audinio pamu\u0161alas papildomai apsaugai. Atskiras skyrius periferiniams \u012frenginiams. Eleganti\u0161kas dizainas su saugiu u\u017etrauktuku. \u012e paket\u0105 \u012feina 1x GPD WIN 4 kietas d\u0117klas","canonical_url":"https:\/\/droix.eu\/lt\/product\/gpd-win-4-kietas-deklas\/","robots":"max-image-preview:large","keywords":"","webmasterTools":{"miscellaneous":""},"schema":{"@context":"https:\/\/schema.org","@graph":[{"@type":"BreadcrumbList","@id":"https:\/\/droix.eu\/lt\/product\/gpd-win-4-kietas-deklas\/#breadcrumblist","itemListElement":[{"@type":"ListItem","@id":"https:\/\/droix.eu\/lt\/#listItem","position":1,"name":"Home","item":"https:\/\/droix.eu\/lt\/","nextItem":{"@type":"ListItem","@id":"https:\/\/droix.eu\/lt\/product-category\/priedai\/#listItem","name":"Priedai"}},{"@type":"ListItem","@id":"https:\/\/droix.eu\/lt\/product-category\/priedai\/#listItem","position":2,"name":"Priedai","item":"https:\/\/droix.eu\/lt\/product-category\/priedai\/","nextItem":{"@type":"ListItem","@id":"https:\/\/droix.eu\/lt\/product-category\/priedai\/zaidimu-priedai\/#listItem","name":"\u017daidim\u0173 priedai"},"previousItem":{"@type":"ListItem","@id":"https:\/\/droix.eu\/lt\/#listItem","name":"Home"}},{"@type":"ListItem","@id":"https:\/\/droix.eu\/lt\/product-category\/priedai\/zaidimu-priedai\/#listItem","position":3,"name":"\u017daidim\u0173 priedai","item":"https:\/\/droix.eu\/lt\/product-category\/priedai\/zaidimu-priedai\/","nextItem":{"@type":"ListItem","@id":"https:\/\/droix.eu\/lt\/product\/gpd-win-4-kietas-deklas\/#listItem","name":"GPD WIN 4 kietas d\u0117klas"},"previousItem":{"@type":"ListItem","@id":"https:\/\/droix.eu\/lt\/product-category\/priedai\/#listItem","name":"Priedai"}},{"@type":"ListItem","@id":"https:\/\/droix.eu\/lt\/product\/gpd-win-4-kietas-deklas\/#listItem","position":4,"name":"GPD WIN 4 kietas d\u0117klas","previousItem":{"@type":"ListItem","@id":"https:\/\/droix.eu\/lt\/product-category\/priedai\/zaidimu-priedai\/#listItem","name":"\u017daidim\u0173 priedai"}}]},{"@type":"Organization","@id":"https:\/\/droix.eu\/lt\/#organization","name":"DroiX \u2013 Trusted EU Tech Retailer with 12+ Years Experience","description":"DroiX is a leading European technology retailer with over 12 years of experience, offering quality mini PCs, handheld gaming consoles, and tech accessories. We provide hassle-free EU delivery with all taxes included, ensuring a smooth and reliable shopping experience for our customers across Europe.","url":"https:\/\/droix.eu\/lt\/","logo":{"@type":"ImageObject","url":"https:\/\/droix.eu\/wp-content\/uploads\/2024\/06\/droix-v2-light-logo.png","@id":"https:\/\/droix.eu\/lt\/product\/gpd-win-4-kietas-deklas\/#organizationLogo","width":380,"height":118},"image":{"@id":"https:\/\/droix.eu\/lt\/product\/gpd-win-4-kietas-deklas\/#organizationLogo"},"sameAs":["https:\/\/www.facebook.com\/DroiX.Store","https:\/\/twitter.com\/DroiX_Store","https:\/\/www.instagram.com\/droix.store\/","https:\/\/www.tiktok.com\/@droix.store","https:\/\/www.youtube.com\/c\/DroiX_Store","https:\/\/uk.linkedin.com\/company\/droix"]},{"@type":"Product","@id":"https:\/\/droix.eu\/lt\/product\/gpd-win-4-kietas-deklas\/#wooCommerceProduct","name":"GPD WIN 4 kietas d\u0117klas","description":"Oficialus GPD apsauginis d\u0117klas, skirtas GPD WIN 4\n \tPatvarus i\u0161orinis sintetinio polimero apvalkalas\n \tMink\u0161to audinio pamu\u0161alas papildomai apsaugai.\n \tAtskiras skyrius periferiniams \u012frenginiams.\n \tEleganti\u0161kas dizainas su saugiu u\u017etrauktuku.","url":"https:\/\/droix.eu\/lt\/product\/gpd-win-4-kietas-deklas\/","sku":"GPD-WIN_4-CASE","gtin":"5060763675322","image":{"@type":"ImageObject","url":"https:\/\/droix.eu\/wp-content\/uploads\/2023\/05\/51y5P54tgzLready-gpd-4.png","@id":"https:\/\/droix.eu\/lt\/product\/gpd-win-4-kietas-deklas\/#productImage","width":1000,"height":1000},"offers":{"@type":"Offer","url":"https:\/\/droix.eu\/lt\/product\/gpd-win-4-kietas-deklas\/#wooCommerceOffer","price":27,"priceCurrency":"EUR","category":"Priedai","availability":"https:\/\/schema.org\/OutOfStock","priceSpecification":{"@type":"PriceSpecification","price":27,"priceCurrency":"EUR","valueAddedTaxIncluded":"true"},"seller":{"@type":"Organization","@id":"https:\/\/droix.eu\/lt\/#organization"}}},{"@type":"WebPage","@id":"https:\/\/droix.eu\/lt\/product\/gpd-win-4-kietas-deklas\/#webpage","url":"https:\/\/droix.eu\/lt\/product\/gpd-win-4-kietas-deklas\/","name":"GPD WIN 4 kietas d\u0117klas - DROIX EU","description":"Oficialus GPD apsauginis d\u0117klas, skirtas GPD WIN 4 Patvarus i\u0161orinis sintetinio polimero apvalkalas Mink\u0161to audinio pamu\u0161alas papildomai apsaugai. Atskiras skyrius periferiniams \u012frenginiams. Eleganti\u0161kas dizainas su saugiu u\u017etrauktuku. \u012e paket\u0105 \u012feina 1x GPD WIN 4 kietas d\u0117klas","inLanguage":"lt-LT","isPartOf":{"@id":"https:\/\/droix.eu\/lt\/#website"},"breadcrumb":{"@id":"https:\/\/droix.eu\/lt\/product\/gpd-win-4-kietas-deklas\/#breadcrumblist"},"image":{"@type":"ImageObject","url":"https:\/\/droix.eu\/wp-content\/uploads\/2023\/05\/51y5P54tgzLready-gpd-4.png","@id":"https:\/\/droix.eu\/lt\/product\/gpd-win-4-kietas-deklas\/#mainImage","width":1000,"height":1000},"primaryImageOfPage":{"@id":"https:\/\/droix.eu\/lt\/product\/gpd-win-4-kietas-deklas\/#mainImage"},"datePublished":"2023-05-25T09:22:48+01:00","dateModified":"2026-01-22T14:38:28+00:00"},{"@type":"WebSite","@id":"https:\/\/droix.eu\/lt\/#website","url":"https:\/\/droix.eu\/lt\/","name":"DROIX EU","description":"Get the latest Mini PCs, Ultrabook, PC Gaming Handhelds and more!","inLanguage":"lt-LT","publisher":{"@id":"https:\/\/droix.eu\/lt\/#organization"}}]},"og:locale":"lt_LT","og:site_name":"DROIX EU - Get the latest Mini PCs, Ultrabook, PC Gaming Handhelds and more!","og:type":"article","og:title":"GPD WIN 4 kietas d\u0117klas - DROIX EU","og:description":"Oficialus GPD apsauginis d\u0117klas, skirtas GPD WIN 4 Patvarus i\u0161orinis sintetinio polimero apvalkalas Mink\u0161to audinio pamu\u0161alas papildomai apsaugai. Atskiras skyrius periferiniams \u012frenginiams. Eleganti\u0161kas dizainas su saugiu u\u017etrauktuku. \u012e paket\u0105 \u012feina 1x GPD WIN 4 kietas d\u0117klas","og:url":"https:\/\/droix.eu\/lt\/product\/gpd-win-4-kietas-deklas\/","og:image":"https:\/\/droix.eu\/wp-content\/uploads\/2024\/06\/droix-v2-light-logo.png","og:image:secure_url":"https:\/\/droix.eu\/wp-content\/uploads\/2024\/06\/droix-v2-light-logo.png","og:image:width":380,"og:image:height":118,"article:published_time":"2023-05-25T09:22:48+00:00","article:modified_time":"2026-01-22T14:38:28+00:00","article:publisher":"https:\/\/www.facebook.com\/DroiX.Store","twitter:card":"summary_large_image","twitter:site":"@DroiX_Store","twitter:title":"GPD WIN 4 kietas d\u0117klas - DROIX EU","twitter:description":"Oficialus GPD apsauginis d\u0117klas, skirtas GPD WIN 4 Patvarus i\u0161orinis sintetinio polimero apvalkalas Mink\u0161to audinio pamu\u0161alas papildomai apsaugai. Atskiras skyrius periferiniams \u012frenginiams. Eleganti\u0161kas dizainas su saugiu u\u017etrauktuku. \u012e paket\u0105 \u012feina 1x GPD WIN 4 kietas d\u0117klas","twitter:image":"https:\/\/droix.eu\/wp-content\/uploads\/2024\/06\/droix-v2-light-logo.png"},"aioseo_meta_data":{"post_id":"511863","title":null,"description":null,"keywords":null,"keyphrases":null,"primary_term":null,"canonical_url":null,"og_title":null,"og_description":null,"og_object_type":"default","og_image_type":"default","og_image_url":null,"og_image_width":null,"og_image_height":null,"og_image_custom_url":null,"og_image_custom_fields":null,"og_video":null,"og_custom_url":null,"og_article_section":null,"og_article_tags":null,"twitter_use_og":true,"twitter_card":"default","twitter_image_type":"default","twitter_image_url":null,"twitter_image_custom_url":null,"twitter_image_custom_fields":null,"twitter_title":null,"twitter_description":null,"schema":{"blockGraphs":[],"customGraphs":[],"default":{"data":{"Article":[],"Course":[],"Dataset":[],"FAQPage":[],"Movie":[],"Person":[],"Product":[],"ProductReview":[],"Car":[],"Recipe":[],"Service":[],"SoftwareApplication":[],"WebPage":[]},"graphName":"","isEnabled":true},"graphs":[]},"schema_type":"default","schema_type_options":null,"pillar_content":false,"robots_default":true,"robots_noindex":false,"robots_noarchive":false,"robots_nosnippet":false,"robots_nofollow":false,"robots_noimageindex":false,"robots_noodp":false,"robots_notranslate":false,"robots_max_snippet":null,"robots_max_videopreview":null,"robots_max_imagepreview":"large","priority":null,"frequency":null,"local_seo":null,"seo_analyzer_scan_date":"2025-10-24 13:11:33","breadcrumb_settings":null,"limit_modified_date":false,"reviewed_by":null,"open_ai":null,"ai":null,"created":"2025-10-09 04:25:34","updated":"2026-01-24 08:53:24"},"aioseo_breadcrumb":"<div class=\"aioseo-breadcrumbs\"><span class=\"aioseo-breadcrumb\">\n\t<a href=\"https:\/\/droix.eu\/lt\/\" title=\"Home\">Home<\/a>\n<\/span><span class=\"aioseo-breadcrumb-separator\">&raquo;<\/span><span class=\"aioseo-breadcrumb\">\n\t<a href=\"https:\/\/droix.eu\/lt\/product-category\/priedai\/\" title=\"Priedai\">Priedai<\/a>\n<\/span><span class=\"aioseo-breadcrumb-separator\">&raquo;<\/span><span class=\"aioseo-breadcrumb\">\n\t<a href=\"https:\/\/droix.eu\/lt\/product-category\/priedai\/zaidimu-priedai\/\" title=\"\u017daidim\u0173 priedai\">\u017daidim\u0173 priedai<\/a>\n<\/span><span class=\"aioseo-breadcrumb-separator\">&raquo;<\/span><span class=\"aioseo-breadcrumb\">\n\tGPD WIN 4 kietas d\u0117klas\n<\/span><\/div>","aioseo_breadcrumb_json":[{"label":"Home","link":"https:\/\/droix.eu\/lt\/"},{"label":"Priedai","link":"https:\/\/droix.eu\/lt\/product-category\/priedai\/"},{"label":"\u017daidim\u0173 priedai","link":"https:\/\/droix.eu\/lt\/product-category\/priedai\/zaidimu-priedai\/"},{"label":"GPD WIN 4 kietas d\u0117klas","link":"https:\/\/droix.eu\/lt\/product\/gpd-win-4-kietas-deklas\/"}],"_links":{"self":[{"href":"https:\/\/droix.eu\/lt\/wp-json\/wp\/v2\/product\/511863","targetHints":{"allow":["GET"]}}],"collection":[{"href":"https:\/\/droix.eu\/lt\/wp-json\/wp\/v2\/product"}],"about":[{"href":"https:\/\/droix.eu\/lt\/wp-json\/wp\/v2\/types\/product"}],"version-history":[{"count":0,"href":"https:\/\/droix.eu\/lt\/wp-json\/wp\/v2\/product\/511863\/revisions"}],"wp:featuredmedia":[{"embeddable":true,"href":"https:\/\/droix.eu\/lt\/wp-json\/wp\/v2\/media\/409295"}],"wp:attachment":[{"href":"https:\/\/droix.eu\/lt\/wp-json\/wp\/v2\/media?parent=511863"}],"wp:term":[{"taxonomy":"product_brand","embeddable":true,"href":"https:\/\/droix.eu\/lt\/wp-json\/wp\/v2\/product_brand?post=511863"},{"taxonomy":"product_cat","embeddable":true,"href":"https:\/\/droix.eu\/lt\/wp-json\/wp\/v2\/product_cat?post=511863"},{"taxonomy":"product_tag","embeddable":true,"href":"https:\/\/droix.eu\/lt\/wp-json\/wp\/v2\/product_tag?post=511863"},{"taxonomy":"woo-feed-brand","embeddable":true,"href":"https:\/\/droix.eu\/lt\/wp-json\/wp\/v2\/woo-feed-brand?post=511863"},{"taxonomy":"key-features","embeddable":true,"href":"https:\/\/droix.eu\/lt\/wp-json\/wp\/v2\/key-features?post=511863"}],"curies":[{"name":"wp","href":"https:\/\/api.w.org\/{rel}","templated":true}]}}