{"id":510165,"date":"2024-01-19T16:43:31","date_gmt":"2024-01-19T16:43:31","guid":{"rendered":"https:\/\/droix.eu\/product\/ayn-odin-2-ekrano-apsauga\/"},"modified":"2026-01-20T05:43:08","modified_gmt":"2026-01-20T05:43:08","slug":"ayn-odin-2-ekrano-apsauga","status":"publish","type":"product","link":"https:\/\/droix.eu\/lt\/product\/ayn-odin-2-ekrano-apsauga\/","title":{"rendered":"AYN Odin 2 ekrano apsauga"},"content":{"rendered":"<h2><strong>Pristatome &#8220;AYN Odin 2&#8221; ekrano apsaug\u0105: Si\u016blome nauj\u0105 ekrano apsaugos priemon\u0119 &#8220;AYNIN 2&#8221;: auk\u0161\u010diausio lygio apsauga j\u016bs\u0173 \u012frenginiui<\/strong><\/h2>\n<p>Padidinkite savo prietaiso apsaug\u0105 naudodami &#8220;AYN Odin 2&#8221; ekrano apsaug\u0105. \u0160i ekrano apsauga sukurta taip, kad atitikt\u0173 \u0161iuolaikinio gyvenimo b\u016bdo reikalavimus, tod\u0117l puikiai suderina patvarum\u0105 ir funkcionalum\u0105.<\/p>\n<h2><strong>Pagrindin\u0117s savyb\u0117s:<\/strong><\/h2>\n<h2><strong>Auk\u0161\u010diausios kokyb\u0117s med\u017eiagos:<\/strong><\/h2>\n<p>I\u0161 auk\u0161tos kokyb\u0117s med\u017eiag\u0173 pagamintas &#8220;AYN Odin 2&#8221; ekrano apsauginis skydelis atsparus kasdieniam d\u0117v\u0117jimuisi.<\/p>\n<h2><strong>Tikslus pritaikymas:<\/strong><\/h2>\n<p>Specialiai &#8220;AYN Odin 2&#8221; pritaikyta &#8220;AYN Odin 2&#8221; ekrano apsauga u\u017etikrina, kad ji puikiai priglust\u0173.<\/p>\n","protected":false},"excerpt":{"rendered":"<ul>\n<li><strong>Oficiali<\/strong> AYN Odin 2 ekrano apsauga<\/li>\n<li>Patvari <strong> skaidri<\/strong> apsauga<\/li>\n<li>Puikiai tinka &#8220;AYN Odin 2<\/li>\n<\/ul>\n[droix_global_accordions]\n[cg_accordion title=\"\u012e paket\u0105 \u012feina\"]<\/p>\n<ul>\n<li>1x AYN Odin 2 ekrano apsauga<\/li>\n<\/ul>\n<p>[\/cg_accordion]\n","protected":false},"featured_media":456596,"template":"","meta":{"_acf_changed":false},"product_brand":[],"product_cat":[10408,10409],"product_tag":[],"woo-feed-brand":[],"key-features":[],"class_list":{"0":"post-510165","1":"product","2":"type-product","3":"status-publish","4":"has-post-thumbnail","6":"product_cat-priedai","7":"product_cat-zaidimu-priedai","8":"product_shipping_class-low-end","9":"pa_accessory-type-screen-protector","10":"pa_brands-ayn-lt","12":"first","13":"instock","14":"taxable","15":"shipping-taxable","16":"purchasable","17":"product-type-simple"},"acf":[],"aioseo_notices":[],"aioseo_head":"\n\t\t<!-- All in One SEO Pro 4.9.5.2 - aioseo.com -->\n\t<meta name=\"description\" content=\"Oficiali AYN Odin 2 ekrano apsauga Patvari skaidri apsauga Puikiai tinka &quot;AYN Odin 2 \u012e paket\u0105 \u012feina 1x AYN Odin 2 ekrano apsauga\" \/>\n\t<meta name=\"robots\" content=\"max-image-preview:large\" \/>\n\t<link rel=\"canonical\" href=\"https:\/\/droix.eu\/lt\/product\/ayn-odin-2-ekrano-apsauga\/\" \/>\n\t<meta name=\"generator\" content=\"All in One SEO Pro (AIOSEO) 4.9.5.2\" \/>\n\t\t<meta property=\"og:locale\" content=\"lt_LT\" \/>\n\t\t<meta property=\"og:site_name\" content=\"DROIX EU - Get the latest Mini PCs, Ultrabook, PC Gaming Handhelds and more!\" \/>\n\t\t<meta property=\"og:type\" content=\"article\" \/>\n\t\t<meta property=\"og:title\" content=\"AYN Odin 2 ekrano apsauga - DROIX EU\" \/>\n\t\t<meta property=\"og:description\" content=\"Oficiali AYN Odin 2 ekrano apsauga Patvari skaidri apsauga Puikiai tinka &quot;AYN Odin 2 \u012e paket\u0105 \u012feina 1x AYN Odin 2 ekrano apsauga\" \/>\n\t\t<meta property=\"og:url\" content=\"https:\/\/droix.eu\/lt\/product\/ayn-odin-2-ekrano-apsauga\/\" \/>\n\t\t<meta property=\"og:image\" content=\"https:\/\/droix.eu\/wp-content\/uploads\/2024\/06\/droix-v2-light-logo.png\" \/>\n\t\t<meta property=\"og:image:secure_url\" content=\"https:\/\/droix.eu\/wp-content\/uploads\/2024\/06\/droix-v2-light-logo.png\" \/>\n\t\t<meta property=\"og:image:width\" content=\"380\" \/>\n\t\t<meta property=\"og:image:height\" content=\"118\" \/>\n\t\t<meta property=\"article:published_time\" content=\"2024-01-19T16:43:31+00:00\" \/>\n\t\t<meta property=\"article:modified_time\" content=\"2026-01-20T05:43:08+00:00\" \/>\n\t\t<meta property=\"article:publisher\" content=\"https:\/\/www.facebook.com\/DroiX.Store\" \/>\n\t\t<meta name=\"twitter:card\" content=\"summary_large_image\" \/>\n\t\t<meta name=\"twitter:site\" content=\"@DroiX_Store\" \/>\n\t\t<meta name=\"twitter:title\" content=\"AYN Odin 2 ekrano apsauga - DROIX EU\" \/>\n\t\t<meta name=\"twitter:description\" content=\"Oficiali AYN Odin 2 ekrano apsauga Patvari skaidri apsauga Puikiai tinka &quot;AYN Odin 2 \u012e paket\u0105 \u012feina 1x AYN Odin 2 ekrano apsauga\" \/>\n\t\t<meta name=\"twitter:image\" content=\"https:\/\/droix.eu\/wp-content\/uploads\/2024\/06\/droix-v2-light-logo.png\" \/>\n\t\t<script type=\"application\/ld+json\" class=\"aioseo-schema\">\n\t\t\t{\"@context\":\"https:\\\/\\\/schema.org\",\"@graph\":[{\"@type\":\"BreadcrumbList\",\"@id\":\"https:\\\/\\\/droix.eu\\\/lt\\\/product\\\/ayn-odin-2-ekrano-apsauga\\\/#breadcrumblist\",\"itemListElement\":[{\"@type\":\"ListItem\",\"@id\":\"https:\\\/\\\/droix.eu\\\/lt\\\/#listItem\",\"position\":1,\"name\":\"Home\",\"item\":\"https:\\\/\\\/droix.eu\\\/lt\\\/\",\"nextItem\":{\"@type\":\"ListItem\",\"@id\":\"https:\\\/\\\/droix.eu\\\/lt\\\/product-category\\\/priedai\\\/#listItem\",\"name\":\"Priedai\"}},{\"@type\":\"ListItem\",\"@id\":\"https:\\\/\\\/droix.eu\\\/lt\\\/product-category\\\/priedai\\\/#listItem\",\"position\":2,\"name\":\"Priedai\",\"item\":\"https:\\\/\\\/droix.eu\\\/lt\\\/product-category\\\/priedai\\\/\",\"nextItem\":{\"@type\":\"ListItem\",\"@id\":\"https:\\\/\\\/droix.eu\\\/lt\\\/product-category\\\/priedai\\\/zaidimu-priedai\\\/#listItem\",\"name\":\"\\u017daidim\\u0173 priedai\"},\"previousItem\":{\"@type\":\"ListItem\",\"@id\":\"https:\\\/\\\/droix.eu\\\/lt\\\/#listItem\",\"name\":\"Home\"}},{\"@type\":\"ListItem\",\"@id\":\"https:\\\/\\\/droix.eu\\\/lt\\\/product-category\\\/priedai\\\/zaidimu-priedai\\\/#listItem\",\"position\":3,\"name\":\"\\u017daidim\\u0173 priedai\",\"item\":\"https:\\\/\\\/droix.eu\\\/lt\\\/product-category\\\/priedai\\\/zaidimu-priedai\\\/\",\"nextItem\":{\"@type\":\"ListItem\",\"@id\":\"https:\\\/\\\/droix.eu\\\/lt\\\/product\\\/ayn-odin-2-ekrano-apsauga\\\/#listItem\",\"name\":\"AYN Odin 2 ekrano apsauga\"},\"previousItem\":{\"@type\":\"ListItem\",\"@id\":\"https:\\\/\\\/droix.eu\\\/lt\\\/product-category\\\/priedai\\\/#listItem\",\"name\":\"Priedai\"}},{\"@type\":\"ListItem\",\"@id\":\"https:\\\/\\\/droix.eu\\\/lt\\\/product\\\/ayn-odin-2-ekrano-apsauga\\\/#listItem\",\"position\":4,\"name\":\"AYN Odin 2 ekrano apsauga\",\"previousItem\":{\"@type\":\"ListItem\",\"@id\":\"https:\\\/\\\/droix.eu\\\/lt\\\/product-category\\\/priedai\\\/zaidimu-priedai\\\/#listItem\",\"name\":\"\\u017daidim\\u0173 priedai\"}}]},{\"@type\":\"Organization\",\"@id\":\"https:\\\/\\\/droix.eu\\\/lt\\\/#organization\",\"name\":\"DroiX \\u2013 Trusted EU Tech Retailer with 12+ Years Experience\",\"description\":\"DroiX is a leading European technology retailer with over 12 years of experience, offering quality mini PCs, handheld gaming consoles, and tech accessories. We provide hassle-free EU delivery with all taxes included, ensuring a smooth and reliable shopping experience for our customers across Europe.\",\"url\":\"https:\\\/\\\/droix.eu\\\/lt\\\/\",\"logo\":{\"@type\":\"ImageObject\",\"url\":\"https:\\\/\\\/droix.eu\\\/wp-content\\\/uploads\\\/2024\\\/06\\\/droix-v2-light-logo.png\",\"@id\":\"https:\\\/\\\/droix.eu\\\/lt\\\/product\\\/ayn-odin-2-ekrano-apsauga\\\/#organizationLogo\",\"width\":380,\"height\":118},\"image\":{\"@id\":\"https:\\\/\\\/droix.eu\\\/lt\\\/product\\\/ayn-odin-2-ekrano-apsauga\\\/#organizationLogo\"},\"sameAs\":[\"https:\\\/\\\/www.facebook.com\\\/DroiX.Store\",\"https:\\\/\\\/twitter.com\\\/DroiX_Store\",\"https:\\\/\\\/www.instagram.com\\\/droix.store\\\/\",\"https:\\\/\\\/www.tiktok.com\\\/@droix.store\",\"https:\\\/\\\/www.youtube.com\\\/c\\\/DroiX_Store\",\"https:\\\/\\\/uk.linkedin.com\\\/company\\\/droix\"]},{\"@type\":\"Product\",\"@id\":\"https:\\\/\\\/droix.eu\\\/lt\\\/product\\\/ayn-odin-2-ekrano-apsauga\\\/#wooCommerceProduct\",\"name\":\"AYN Odin 2 ekrano apsauga\",\"description\":\"Oficiali AYN Odin 2 ekrano apsauga\\n \\tPatvari  skaidri apsauga\\n \\tPuikiai tinka \\\"AYN Odin 2\",\"url\":\"https:\\\/\\\/droix.eu\\\/lt\\\/product\\\/ayn-odin-2-ekrano-apsauga\\\/\",\"sku\":\"AYN-ODIN-2-SCREEN-PROTECTOR\",\"gtin\":\"5060763677845\",\"image\":{\"@type\":\"ImageObject\",\"url\":\"https:\\\/\\\/droix.eu\\\/wp-content\\\/uploads\\\/2024\\\/01\\\/AYN-ODIN-2-SCREEN-PROTECTOR-DONE-01.png\",\"@id\":\"https:\\\/\\\/droix.eu\\\/lt\\\/product\\\/ayn-odin-2-ekrano-apsauga\\\/#productImage\",\"width\":1500,\"height\":1500,\"caption\":\"AYN Odin 2 ekrano apsauga\"},\"offers\":{\"@type\":\"Offer\",\"url\":\"https:\\\/\\\/droix.eu\\\/lt\\\/product\\\/ayn-odin-2-ekrano-apsauga\\\/#wooCommerceOffer\",\"price\":3.63,\"priceCurrency\":\"EUR\",\"category\":\"Priedai\",\"availability\":\"https:\\\/\\\/schema.org\\\/InStock\",\"priceSpecification\":{\"@type\":\"PriceSpecification\",\"price\":3.63,\"priceCurrency\":\"EUR\",\"valueAddedTaxIncluded\":\"true\"},\"seller\":{\"@type\":\"Organization\",\"@id\":\"https:\\\/\\\/droix.eu\\\/lt\\\/#organization\"}}},{\"@type\":\"WebPage\",\"@id\":\"https:\\\/\\\/droix.eu\\\/lt\\\/product\\\/ayn-odin-2-ekrano-apsauga\\\/#webpage\",\"url\":\"https:\\\/\\\/droix.eu\\\/lt\\\/product\\\/ayn-odin-2-ekrano-apsauga\\\/\",\"name\":\"AYN Odin 2 ekrano apsauga - DROIX EU\",\"description\":\"Oficiali AYN Odin 2 ekrano apsauga Patvari skaidri apsauga Puikiai tinka \\\"AYN Odin 2 \\u012e paket\\u0105 \\u012feina 1x AYN Odin 2 ekrano apsauga\",\"inLanguage\":\"lt-LT\",\"isPartOf\":{\"@id\":\"https:\\\/\\\/droix.eu\\\/lt\\\/#website\"},\"breadcrumb\":{\"@id\":\"https:\\\/\\\/droix.eu\\\/lt\\\/product\\\/ayn-odin-2-ekrano-apsauga\\\/#breadcrumblist\"},\"image\":{\"@type\":\"ImageObject\",\"url\":\"https:\\\/\\\/droix.eu\\\/wp-content\\\/uploads\\\/2024\\\/01\\\/AYN-ODIN-2-SCREEN-PROTECTOR-DONE-01.png\",\"@id\":\"https:\\\/\\\/droix.eu\\\/lt\\\/product\\\/ayn-odin-2-ekrano-apsauga\\\/#mainImage\",\"width\":1500,\"height\":1500,\"caption\":\"AYN Odin 2 ekrano apsauga\"},\"primaryImageOfPage\":{\"@id\":\"https:\\\/\\\/droix.eu\\\/lt\\\/product\\\/ayn-odin-2-ekrano-apsauga\\\/#mainImage\"},\"datePublished\":\"2024-01-19T16:43:31+00:00\",\"dateModified\":\"2026-01-20T05:43:08+00:00\"},{\"@type\":\"WebSite\",\"@id\":\"https:\\\/\\\/droix.eu\\\/lt\\\/#website\",\"url\":\"https:\\\/\\\/droix.eu\\\/lt\\\/\",\"name\":\"DROIX EU\",\"description\":\"Get the latest Mini PCs, Ultrabook, PC Gaming Handhelds and more!\",\"inLanguage\":\"lt-LT\",\"publisher\":{\"@id\":\"https:\\\/\\\/droix.eu\\\/lt\\\/#organization\"}}]}\n\t\t<\/script>\n\t\t<!-- All in One SEO Pro -->\r\n\t\t<title>AYN Odin 2 ekrano apsauga - DROIX EU<\/title>\n\n","aioseo_head_json":{"title":"AYN Odin 2 ekrano apsauga - DROIX EU","description":"Oficiali AYN Odin 2 ekrano apsauga Patvari skaidri apsauga Puikiai tinka \"AYN Odin 2 \u012e paket\u0105 \u012feina 1x AYN Odin 2 ekrano apsauga","canonical_url":"https:\/\/droix.eu\/lt\/product\/ayn-odin-2-ekrano-apsauga\/","robots":"max-image-preview:large","keywords":"","webmasterTools":{"miscellaneous":""},"schema":{"@context":"https:\/\/schema.org","@graph":[{"@type":"BreadcrumbList","@id":"https:\/\/droix.eu\/lt\/product\/ayn-odin-2-ekrano-apsauga\/#breadcrumblist","itemListElement":[{"@type":"ListItem","@id":"https:\/\/droix.eu\/lt\/#listItem","position":1,"name":"Home","item":"https:\/\/droix.eu\/lt\/","nextItem":{"@type":"ListItem","@id":"https:\/\/droix.eu\/lt\/product-category\/priedai\/#listItem","name":"Priedai"}},{"@type":"ListItem","@id":"https:\/\/droix.eu\/lt\/product-category\/priedai\/#listItem","position":2,"name":"Priedai","item":"https:\/\/droix.eu\/lt\/product-category\/priedai\/","nextItem":{"@type":"ListItem","@id":"https:\/\/droix.eu\/lt\/product-category\/priedai\/zaidimu-priedai\/#listItem","name":"\u017daidim\u0173 priedai"},"previousItem":{"@type":"ListItem","@id":"https:\/\/droix.eu\/lt\/#listItem","name":"Home"}},{"@type":"ListItem","@id":"https:\/\/droix.eu\/lt\/product-category\/priedai\/zaidimu-priedai\/#listItem","position":3,"name":"\u017daidim\u0173 priedai","item":"https:\/\/droix.eu\/lt\/product-category\/priedai\/zaidimu-priedai\/","nextItem":{"@type":"ListItem","@id":"https:\/\/droix.eu\/lt\/product\/ayn-odin-2-ekrano-apsauga\/#listItem","name":"AYN Odin 2 ekrano apsauga"},"previousItem":{"@type":"ListItem","@id":"https:\/\/droix.eu\/lt\/product-category\/priedai\/#listItem","name":"Priedai"}},{"@type":"ListItem","@id":"https:\/\/droix.eu\/lt\/product\/ayn-odin-2-ekrano-apsauga\/#listItem","position":4,"name":"AYN Odin 2 ekrano apsauga","previousItem":{"@type":"ListItem","@id":"https:\/\/droix.eu\/lt\/product-category\/priedai\/zaidimu-priedai\/#listItem","name":"\u017daidim\u0173 priedai"}}]},{"@type":"Organization","@id":"https:\/\/droix.eu\/lt\/#organization","name":"DroiX \u2013 Trusted EU Tech Retailer with 12+ Years Experience","description":"DroiX is a leading European technology retailer with over 12 years of experience, offering quality mini PCs, handheld gaming consoles, and tech accessories. We provide hassle-free EU delivery with all taxes included, ensuring a smooth and reliable shopping experience for our customers across Europe.","url":"https:\/\/droix.eu\/lt\/","logo":{"@type":"ImageObject","url":"https:\/\/droix.eu\/wp-content\/uploads\/2024\/06\/droix-v2-light-logo.png","@id":"https:\/\/droix.eu\/lt\/product\/ayn-odin-2-ekrano-apsauga\/#organizationLogo","width":380,"height":118},"image":{"@id":"https:\/\/droix.eu\/lt\/product\/ayn-odin-2-ekrano-apsauga\/#organizationLogo"},"sameAs":["https:\/\/www.facebook.com\/DroiX.Store","https:\/\/twitter.com\/DroiX_Store","https:\/\/www.instagram.com\/droix.store\/","https:\/\/www.tiktok.com\/@droix.store","https:\/\/www.youtube.com\/c\/DroiX_Store","https:\/\/uk.linkedin.com\/company\/droix"]},{"@type":"Product","@id":"https:\/\/droix.eu\/lt\/product\/ayn-odin-2-ekrano-apsauga\/#wooCommerceProduct","name":"AYN Odin 2 ekrano apsauga","description":"Oficiali AYN Odin 2 ekrano apsauga\n \tPatvari  skaidri apsauga\n \tPuikiai tinka \"AYN Odin 2","url":"https:\/\/droix.eu\/lt\/product\/ayn-odin-2-ekrano-apsauga\/","sku":"AYN-ODIN-2-SCREEN-PROTECTOR","gtin":"5060763677845","image":{"@type":"ImageObject","url":"https:\/\/droix.eu\/wp-content\/uploads\/2024\/01\/AYN-ODIN-2-SCREEN-PROTECTOR-DONE-01.png","@id":"https:\/\/droix.eu\/lt\/product\/ayn-odin-2-ekrano-apsauga\/#productImage","width":1500,"height":1500,"caption":"AYN Odin 2 ekrano apsauga"},"offers":{"@type":"Offer","url":"https:\/\/droix.eu\/lt\/product\/ayn-odin-2-ekrano-apsauga\/#wooCommerceOffer","price":3.63,"priceCurrency":"EUR","category":"Priedai","availability":"https:\/\/schema.org\/InStock","priceSpecification":{"@type":"PriceSpecification","price":3.63,"priceCurrency":"EUR","valueAddedTaxIncluded":"true"},"seller":{"@type":"Organization","@id":"https:\/\/droix.eu\/lt\/#organization"}}},{"@type":"WebPage","@id":"https:\/\/droix.eu\/lt\/product\/ayn-odin-2-ekrano-apsauga\/#webpage","url":"https:\/\/droix.eu\/lt\/product\/ayn-odin-2-ekrano-apsauga\/","name":"AYN Odin 2 ekrano apsauga - DROIX EU","description":"Oficiali AYN Odin 2 ekrano apsauga Patvari skaidri apsauga Puikiai tinka \"AYN Odin 2 \u012e paket\u0105 \u012feina 1x AYN Odin 2 ekrano apsauga","inLanguage":"lt-LT","isPartOf":{"@id":"https:\/\/droix.eu\/lt\/#website"},"breadcrumb":{"@id":"https:\/\/droix.eu\/lt\/product\/ayn-odin-2-ekrano-apsauga\/#breadcrumblist"},"image":{"@type":"ImageObject","url":"https:\/\/droix.eu\/wp-content\/uploads\/2024\/01\/AYN-ODIN-2-SCREEN-PROTECTOR-DONE-01.png","@id":"https:\/\/droix.eu\/lt\/product\/ayn-odin-2-ekrano-apsauga\/#mainImage","width":1500,"height":1500,"caption":"AYN Odin 2 ekrano apsauga"},"primaryImageOfPage":{"@id":"https:\/\/droix.eu\/lt\/product\/ayn-odin-2-ekrano-apsauga\/#mainImage"},"datePublished":"2024-01-19T16:43:31+00:00","dateModified":"2026-01-20T05:43:08+00:00"},{"@type":"WebSite","@id":"https:\/\/droix.eu\/lt\/#website","url":"https:\/\/droix.eu\/lt\/","name":"DROIX EU","description":"Get the latest Mini PCs, Ultrabook, PC Gaming Handhelds and more!","inLanguage":"lt-LT","publisher":{"@id":"https:\/\/droix.eu\/lt\/#organization"}}]},"og:locale":"lt_LT","og:site_name":"DROIX EU - Get the latest Mini PCs, Ultrabook, PC Gaming Handhelds and more!","og:type":"article","og:title":"AYN Odin 2 ekrano apsauga - DROIX EU","og:description":"Oficiali AYN Odin 2 ekrano apsauga Patvari skaidri apsauga Puikiai tinka &quot;AYN Odin 2 \u012e paket\u0105 \u012feina 1x AYN Odin 2 ekrano apsauga","og:url":"https:\/\/droix.eu\/lt\/product\/ayn-odin-2-ekrano-apsauga\/","og:image":"https:\/\/droix.eu\/wp-content\/uploads\/2024\/06\/droix-v2-light-logo.png","og:image:secure_url":"https:\/\/droix.eu\/wp-content\/uploads\/2024\/06\/droix-v2-light-logo.png","og:image:width":380,"og:image:height":118,"article:published_time":"2024-01-19T16:43:31+00:00","article:modified_time":"2026-01-20T05:43:08+00:00","article:publisher":"https:\/\/www.facebook.com\/DroiX.Store","twitter:card":"summary_large_image","twitter:site":"@DroiX_Store","twitter:title":"AYN Odin 2 ekrano apsauga - DROIX EU","twitter:description":"Oficiali AYN Odin 2 ekrano apsauga Patvari skaidri apsauga Puikiai tinka &quot;AYN Odin 2 \u012e paket\u0105 \u012feina 1x AYN Odin 2 ekrano apsauga","twitter:image":"https:\/\/droix.eu\/wp-content\/uploads\/2024\/06\/droix-v2-light-logo.png"},"aioseo_meta_data":{"post_id":"510165","title":null,"description":null,"keywords":null,"keyphrases":null,"primary_term":null,"canonical_url":null,"og_title":null,"og_description":null,"og_object_type":"default","og_image_type":"default","og_image_url":null,"og_image_width":null,"og_image_height":null,"og_image_custom_url":null,"og_image_custom_fields":null,"og_video":null,"og_custom_url":null,"og_article_section":null,"og_article_tags":null,"twitter_use_og":true,"twitter_card":"default","twitter_image_type":"default","twitter_image_url":null,"twitter_image_custom_url":null,"twitter_image_custom_fields":null,"twitter_title":null,"twitter_description":null,"schema":{"blockGraphs":[],"customGraphs":[],"default":{"data":{"Article":[],"Course":[],"Dataset":[],"FAQPage":[],"Movie":[],"Person":[],"Product":[],"ProductReview":[],"Car":[],"Recipe":[],"Service":[],"SoftwareApplication":[],"WebPage":[]},"graphName":"Product","isEnabled":true},"graphs":[]},"schema_type":"default","schema_type_options":null,"pillar_content":false,"robots_default":true,"robots_noindex":false,"robots_noarchive":false,"robots_nosnippet":false,"robots_nofollow":false,"robots_noimageindex":false,"robots_noodp":false,"robots_notranslate":false,"robots_max_snippet":null,"robots_max_videopreview":null,"robots_max_imagepreview":"large","priority":null,"frequency":null,"local_seo":null,"seo_analyzer_scan_date":"2025-10-24 16:32:35","breadcrumb_settings":null,"limit_modified_date":false,"reviewed_by":null,"open_ai":null,"ai":null,"created":"2025-10-09 05:10:45","updated":"2026-01-24 08:48:58"},"aioseo_breadcrumb":"<div class=\"aioseo-breadcrumbs\"><span class=\"aioseo-breadcrumb\">\n\t<a href=\"https:\/\/droix.eu\/lt\/\" title=\"Home\">Home<\/a>\n<\/span><span class=\"aioseo-breadcrumb-separator\">&raquo;<\/span><span class=\"aioseo-breadcrumb\">\n\t<a href=\"https:\/\/droix.eu\/lt\/product-category\/priedai\/\" title=\"Priedai\">Priedai<\/a>\n<\/span><span class=\"aioseo-breadcrumb-separator\">&raquo;<\/span><span class=\"aioseo-breadcrumb\">\n\t<a href=\"https:\/\/droix.eu\/lt\/product-category\/priedai\/zaidimu-priedai\/\" title=\"\u017daidim\u0173 priedai\">\u017daidim\u0173 priedai<\/a>\n<\/span><span class=\"aioseo-breadcrumb-separator\">&raquo;<\/span><span class=\"aioseo-breadcrumb\">\n\tAYN Odin 2 ekrano apsauga\n<\/span><\/div>","aioseo_breadcrumb_json":[{"label":"Home","link":"https:\/\/droix.eu\/lt\/"},{"label":"Priedai","link":"https:\/\/droix.eu\/lt\/product-category\/priedai\/"},{"label":"\u017daidim\u0173 priedai","link":"https:\/\/droix.eu\/lt\/product-category\/priedai\/zaidimu-priedai\/"},{"label":"AYN Odin 2 ekrano apsauga","link":"https:\/\/droix.eu\/lt\/product\/ayn-odin-2-ekrano-apsauga\/"}],"_links":{"self":[{"href":"https:\/\/droix.eu\/lt\/wp-json\/wp\/v2\/product\/510165","targetHints":{"allow":["GET"]}}],"collection":[{"href":"https:\/\/droix.eu\/lt\/wp-json\/wp\/v2\/product"}],"about":[{"href":"https:\/\/droix.eu\/lt\/wp-json\/wp\/v2\/types\/product"}],"version-history":[{"count":0,"href":"https:\/\/droix.eu\/lt\/wp-json\/wp\/v2\/product\/510165\/revisions"}],"wp:featuredmedia":[{"embeddable":true,"href":"https:\/\/droix.eu\/lt\/wp-json\/wp\/v2\/media\/456596"}],"wp:attachment":[{"href":"https:\/\/droix.eu\/lt\/wp-json\/wp\/v2\/media?parent=510165"}],"wp:term":[{"taxonomy":"product_brand","embeddable":true,"href":"https:\/\/droix.eu\/lt\/wp-json\/wp\/v2\/product_brand?post=510165"},{"taxonomy":"product_cat","embeddable":true,"href":"https:\/\/droix.eu\/lt\/wp-json\/wp\/v2\/product_cat?post=510165"},{"taxonomy":"product_tag","embeddable":true,"href":"https:\/\/droix.eu\/lt\/wp-json\/wp\/v2\/product_tag?post=510165"},{"taxonomy":"woo-feed-brand","embeddable":true,"href":"https:\/\/droix.eu\/lt\/wp-json\/wp\/v2\/woo-feed-brand?post=510165"},{"taxonomy":"key-features","embeddable":true,"href":"https:\/\/droix.eu\/lt\/wp-json\/wp\/v2\/key-features?post=510165"}],"curies":[{"name":"wp","href":"https:\/\/api.w.org\/{rel}","templated":true}]}}