{"id":508836,"date":"2024-07-16T11:40:59","date_gmt":"2024-07-16T10:40:59","guid":{"rendered":"https:\/\/droix.eu\/product\/anbernic-rg-cube-krepsys\/"},"modified":"2026-03-27T12:33:45","modified_gmt":"2026-03-27T12:33:45","slug":"anbernic-rg-cube-krepsys","status":"publish","type":"product","link":"https:\/\/droix.eu\/lt\/product\/anbernic-rg-cube-krepsys\/","title":{"rendered":"ANBERNIC RG Cube krep\u0161ys"},"content":{"rendered":"\n<p>Produkto pavadinimas: \u017daidim\u0173 konsol\u0117s laikymo krep\u0161ys<br\/><br\/>Produkto spalva: juoda<br\/><br\/>Produkto med\u017eiaga: auk\u0161tos kokyb\u0117s vandeniui atsparus audinys<br\/><br\/>Taikomas modelis: ANBERNIC RG Cube<\/p>\n\n<h3 class=\"wp-block-heading\">Produkto savyb\u0117s:<\/h3>\n\n<p><br\/>1. Daugiafunkcinis: Jame galima ne tik ne\u0161iotis \u017eaidim\u0173 konsol\u0119, bet ir laikyti priedus, pvz., \u012fkroviklius, ausines, duomen\u0173 perdavimo kabelius ir kt. \u0160i rankin\u0117 atlieka kelias funkcijas, kad geriau apsaugot\u0173 j\u016bs\u0173 \u017eaidim\u0173 konsol\u0119 ir priedus.<br\/><br\/>2. Lengvas ir ne\u0161iojamas: Jis yra lengvos konstrukcijos ir labai patogus ne\u0161iotis. Nesvarbu, ar i\u0161einate \u012f miest\u0105, ar naudojate namuose, visada galite \u012fd\u0117ti \u017eaidim\u0173 konsol\u0119 ir priedus \u012f rankin\u0119, kad b\u016bt\u0173 u\u017etikrinta visapusi\u0161ka apsauga ir patogu ne\u0161iotis.<br\/><br\/>3. Kokyb\u0117s u\u017etikrinimas: I\u0161 auk\u0161tos kokyb\u0117s med\u017eiag\u0173, jis yra ilgaam\u017ei\u0161kesnis ir gali b\u016bti naudojamas ilg\u0105 laik\u0105 be nusid\u0117v\u0117jimo ir pa\u017eeidim\u0173. \u0160i rankin\u0117 yra geriausias \u017eaidim\u0173 konsol\u0117s apsaugos partneris, u\u017etikrinantis patog\u0173 ir saug\u0173 \u017eaidim\u0105.<br\/><br\/>4. Madinga i\u0161vaizda: Tai ne tik apsaugo \u017eaidim\u0173 konsol\u0119 ir priedus, bet ir sustiprina j\u016bs\u0173 mados poj\u016bt\u012f, tod\u0117l bet kokia proga jausit\u0117s pasitikintys savimi ir \u017eav\u016bs.<br\/><br\/>5. Ne\u0161iojamas dizainas: Rankin\u0117s tipo dizainas tinka ne\u0161iotis \u012fvairiais atvejais, tod\u0117l \u017eaidim\u0173 konsol\u0119 galima ne\u0161iotis neu\u017eimant per daug vietos rankoje.<br\/><br\/>Bendrasis gaminio svoris: 130 g<br\/><br\/>Pakuot\u0119 sudaro: \u017daidim\u0173 konsol\u0117s laikymo krep\u0161ys * 1<\/p>\n\n<figure class=\"wp-block-image\"><img decoding=\"async\" src=\"https:\/\/ae01.alicdn.com\/kf\/S47af09c6805345fab0667f4210505b64g.jpg\" alt=\"&quot;Anbernic RG Cube Case&quot; - ne&#x161;iojamas juodas &quot;Anbernic&quot; rankini&#x173; konsoli&#x173; d&#x117;klas, pasi&#x17E;ymintis eleganti&#x161;ku dizainu, vidine tinklelio ki&#x161;ene priedams ir tvirta surinkimo kokybe, skirta &#x17E;aidimams keliaujant.\"\/><\/figure>\n\n<figure class=\"wp-block-image\"><img decoding=\"async\" src=\"https:\/\/ae01.alicdn.com\/kf\/S2785b70135a540c583158fcc5a78dc5b7.jpg\" alt=\"&quot;Anbernic RG Cube Case&quot; - apsauginis juodas &quot;Anbernic&quot; &#x17E;aidim&#x173; konsoli&#x173; d&#x117;klas su mink&#x161;tu pamink&#x161;tintu vidumi, patvariu i&#x161;oriniu korpusu ir kompakti&#x161;ka konstrukcija, kad b&#x16B;t&#x173; lengva transportuoti.\"\/><\/figure>\n\n<figure class=\"wp-block-image\"><img decoding=\"async\" src=\"https:\/\/ae01.alicdn.com\/kf\/S091362331cd549caa28e2cf13f83d019s.jpg\" alt=\"&quot;Anbernic RG Cube&quot; d&#x117;klas - juodas apsauginis d&#x117;klas su saugiu u&#x17E;trauktuku, pritaikytas &quot;Anbernic&quot; &#x17E;aidim&#x173; &#x12F;renginiams, u&#x17E;tikrinantis puiki&#x105; apsaug&#x105; nuo &#x12F;br&#x117;&#x17E;im&#x173; ir sm&#x16B;gi&#x173;.\"\/><\/figure>\n\n<figure class=\"wp-block-image\"><img decoding=\"async\" src=\"https:\/\/ae01.alicdn.com\/kf\/Sc0cb06fe4efa49a985b944aa17d27d29S.jpg\" alt=\"&quot;Anbernic RG Cube&quot; d&#x117;klas - juodas apsauginis d&#x117;klas su saugiu u&#x17E;trauktuku, pritaikytas &quot;Anbernic&quot; &#x17E;aidim&#x173; &#x12F;renginiams, u&#x17E;tikrinantis puiki&#x105; apsaug&#x105; nuo &#x12F;br&#x117;&#x17E;im&#x173; ir sm&#x16B;gi&#x173;.\"\/><\/figure>\n\n<figure class=\"wp-block-image\"><img decoding=\"async\" src=\"https:\/\/ae01.alicdn.com\/kf\/Sca5337fc1adf4aa094209058e7fc98b9j.jpg\" alt=\"Juodos spalvos &quot;Anbernic Cube&quot; d&#x117;klas, pasi&#x17E;ymintis kompakti&#x161;ku ir aptakiu dizainu bei patvaria, tekst&#x16B;ruota i&#x161;orine dalimi, u&#x17E;tikrinan&#x10D;ia geresn&#x12F; sukibim&#x105;. D&#x117;kle yra specialiai pritaikyti putplas&#x10D;io &#x12F;d&#x117;klai, kuriuose saugiai laikoma &quot;Anbernic&quot; &#x17E;aidim&#x173; konsol&#x117; ir priedai, u&#x17E;tikrinantys apsaug&#x105; keliaujant.\"\/><\/figure>\n\n<figure class=\"wp-block-image\"><img decoding=\"async\" src=\"https:\/\/ae01.alicdn.com\/kf\/S3b16c1675638498f9fd6dbc53a777f85c.jpg\" alt=\"&quot;Anbernic RG Cube Case&quot; - ne&#x161;iojamas juodas &quot;Anbernic&quot; rankini&#x173; konsoli&#x173; d&#x117;klas, pasi&#x17E;ymintis eleganti&#x161;ku dizainu, vidine tinklelio ki&#x161;ene priedams ir tvirta surinkimo kokybe, skirta &#x17E;aidimams keliaujant.\"\/><\/figure>\n","protected":false},"excerpt":{"rendered":"<ul>\n<li><strong>Oficialus<\/strong> ANBERNIC aksesuaras<\/li>\n<li><strong>Puiki apsauga<\/strong> Pagaminta i\u0161 auk\u0161\u010diausios kokyb\u0117s odos<\/li>\n<li>Mink\u0161to audinio pamu\u0161alas <strong>papildomai apsaugai<\/strong>.<\/li>\n<\/ul>\n[droix_global_accordions]\n[cg_accordion title=\"\u012e paket\u0105 \u012feina\"]<\/p>\n<ul>\n<li>1x d\u0117klas<\/li>\n<\/ul>\n<p>[\/cg_accordion]\n","protected":false},"featured_media":486294,"template":"","meta":{"_acf_changed":false},"product_brand":[],"product_cat":[10408,10409],"product_tag":[],"woo-feed-brand":[],"key-features":[],"class_list":{"0":"post-508836","1":"product","2":"type-product","3":"status-publish","4":"has-post-thumbnail","6":"product_cat-priedai","7":"product_cat-zaidimu-priedai","8":"product_shipping_class-low-end","9":"pa_accessory-type-protective-case","10":"pa_brands-anbernic-lt","11":"pa_compatibility-anbernic-rg-kubas","13":"first","14":"outofstock","15":"sale","16":"taxable","17":"shipping-taxable","18":"purchasable","19":"product-type-simple"},"acf":[],"aioseo_notices":[],"aioseo_head":"\n\t\t<!-- All in One SEO Pro 4.9.6.2 - aioseo.com -->\n\t<meta name=\"description\" content=\"Oficialus ANBERNIC aksesuaras Puiki apsauga Pagaminta i\u0161 auk\u0161\u010diausios kokyb\u0117s odos Mink\u0161to audinio pamu\u0161alas papildomai apsaugai. \u012e paket\u0105 \u012feina 1x d\u0117klas\" \/>\n\t<meta name=\"robots\" content=\"max-image-preview:large\" \/>\n\t<link rel=\"canonical\" href=\"https:\/\/droix.eu\/lt\/product\/anbernic-rg-cube-krepsys\/\" \/>\n\t<meta name=\"generator\" content=\"All in One SEO Pro (AIOSEO) 4.9.6.2\" \/>\n\t\t<meta property=\"og:locale\" content=\"lt_LT\" \/>\n\t\t<meta property=\"og:site_name\" content=\"DROIX EU - Get the latest Mini PCs, Ultrabook, PC Gaming Handhelds and more!\" \/>\n\t\t<meta property=\"og:type\" content=\"article\" \/>\n\t\t<meta property=\"og:title\" content=\"ANBERNIC RG Cube krep\u0161ys - DROIX EU\" \/>\n\t\t<meta property=\"og:description\" content=\"Oficialus ANBERNIC aksesuaras Puiki apsauga Pagaminta i\u0161 auk\u0161\u010diausios kokyb\u0117s odos Mink\u0161to audinio pamu\u0161alas papildomai apsaugai. \u012e paket\u0105 \u012feina 1x d\u0117klas\" \/>\n\t\t<meta property=\"og:url\" content=\"https:\/\/droix.eu\/lt\/product\/anbernic-rg-cube-krepsys\/\" \/>\n\t\t<meta property=\"og:image\" content=\"https:\/\/droix.eu\/wp-content\/uploads\/2024\/06\/droix-v2-light-logo.png\" \/>\n\t\t<meta property=\"og:image:secure_url\" content=\"https:\/\/droix.eu\/wp-content\/uploads\/2024\/06\/droix-v2-light-logo.png\" \/>\n\t\t<meta property=\"og:image:width\" content=\"380\" \/>\n\t\t<meta property=\"og:image:height\" content=\"118\" \/>\n\t\t<meta property=\"article:published_time\" content=\"2024-07-16T10:40:59+00:00\" \/>\n\t\t<meta property=\"article:modified_time\" content=\"2026-03-27T12:33:45+00:00\" \/>\n\t\t<meta property=\"article:publisher\" content=\"https:\/\/www.facebook.com\/DroiX.Store\" \/>\n\t\t<meta name=\"twitter:card\" content=\"summary_large_image\" \/>\n\t\t<meta name=\"twitter:site\" content=\"@DroiX_Store\" \/>\n\t\t<meta name=\"twitter:title\" content=\"ANBERNIC RG Cube krep\u0161ys - DROIX EU\" \/>\n\t\t<meta name=\"twitter:description\" content=\"Oficialus ANBERNIC aksesuaras Puiki apsauga Pagaminta i\u0161 auk\u0161\u010diausios kokyb\u0117s odos Mink\u0161to audinio pamu\u0161alas papildomai apsaugai. \u012e paket\u0105 \u012feina 1x d\u0117klas\" \/>\n\t\t<meta name=\"twitter:image\" content=\"https:\/\/droix.eu\/wp-content\/uploads\/2024\/06\/droix-v2-light-logo.png\" \/>\n\t\t<script type=\"application\/ld+json\" class=\"aioseo-schema\">\n\t\t\t{\"@context\":\"https:\\\/\\\/schema.org\",\"@graph\":[{\"@type\":\"BreadcrumbList\",\"@id\":\"https:\\\/\\\/droix.eu\\\/lt\\\/product\\\/anbernic-rg-cube-krepsys\\\/#breadcrumblist\",\"itemListElement\":[{\"@type\":\"ListItem\",\"@id\":\"https:\\\/\\\/droix.eu\\\/lt\\\/#listItem\",\"position\":1,\"name\":\"Home\",\"item\":\"https:\\\/\\\/droix.eu\\\/lt\\\/\",\"nextItem\":{\"@type\":\"ListItem\",\"@id\":\"https:\\\/\\\/droix.eu\\\/lt\\\/product-category\\\/priedai\\\/#listItem\",\"name\":\"Priedai\"}},{\"@type\":\"ListItem\",\"@id\":\"https:\\\/\\\/droix.eu\\\/lt\\\/product-category\\\/priedai\\\/#listItem\",\"position\":2,\"name\":\"Priedai\",\"item\":\"https:\\\/\\\/droix.eu\\\/lt\\\/product-category\\\/priedai\\\/\",\"nextItem\":{\"@type\":\"ListItem\",\"@id\":\"https:\\\/\\\/droix.eu\\\/lt\\\/product-category\\\/priedai\\\/zaidimu-priedai\\\/#listItem\",\"name\":\"\\u017daidim\\u0173 priedai\"},\"previousItem\":{\"@type\":\"ListItem\",\"@id\":\"https:\\\/\\\/droix.eu\\\/lt\\\/#listItem\",\"name\":\"Home\"}},{\"@type\":\"ListItem\",\"@id\":\"https:\\\/\\\/droix.eu\\\/lt\\\/product-category\\\/priedai\\\/zaidimu-priedai\\\/#listItem\",\"position\":3,\"name\":\"\\u017daidim\\u0173 priedai\",\"item\":\"https:\\\/\\\/droix.eu\\\/lt\\\/product-category\\\/priedai\\\/zaidimu-priedai\\\/\",\"nextItem\":{\"@type\":\"ListItem\",\"@id\":\"https:\\\/\\\/droix.eu\\\/lt\\\/product\\\/anbernic-rg-cube-krepsys\\\/#listItem\",\"name\":\"ANBERNIC RG Cube krep\\u0161ys\"},\"previousItem\":{\"@type\":\"ListItem\",\"@id\":\"https:\\\/\\\/droix.eu\\\/lt\\\/product-category\\\/priedai\\\/#listItem\",\"name\":\"Priedai\"}},{\"@type\":\"ListItem\",\"@id\":\"https:\\\/\\\/droix.eu\\\/lt\\\/product\\\/anbernic-rg-cube-krepsys\\\/#listItem\",\"position\":4,\"name\":\"ANBERNIC RG Cube krep\\u0161ys\",\"previousItem\":{\"@type\":\"ListItem\",\"@id\":\"https:\\\/\\\/droix.eu\\\/lt\\\/product-category\\\/priedai\\\/zaidimu-priedai\\\/#listItem\",\"name\":\"\\u017daidim\\u0173 priedai\"}}]},{\"@type\":\"Organization\",\"@id\":\"https:\\\/\\\/droix.eu\\\/lt\\\/#organization\",\"name\":\"DroiX \\u2013 Trusted EU Tech Retailer with 12+ Years Experience\",\"description\":\"DroiX is a leading European technology retailer with over 12 years of experience, offering quality mini PCs, handheld gaming consoles, and tech accessories. We provide hassle-free EU delivery with all taxes included, ensuring a smooth and reliable shopping experience for our customers across Europe.\",\"url\":\"https:\\\/\\\/droix.eu\\\/lt\\\/\",\"logo\":{\"@type\":\"ImageObject\",\"url\":\"https:\\\/\\\/droix.eu\\\/wp-content\\\/uploads\\\/2024\\\/06\\\/droix-v2-light-logo.png\",\"@id\":\"https:\\\/\\\/droix.eu\\\/lt\\\/product\\\/anbernic-rg-cube-krepsys\\\/#organizationLogo\",\"width\":380,\"height\":118},\"image\":{\"@id\":\"https:\\\/\\\/droix.eu\\\/lt\\\/product\\\/anbernic-rg-cube-krepsys\\\/#organizationLogo\"},\"sameAs\":[\"https:\\\/\\\/www.facebook.com\\\/DroiX.Store\",\"https:\\\/\\\/twitter.com\\\/DroiX_Store\",\"https:\\\/\\\/www.instagram.com\\\/droix.store\\\/\",\"https:\\\/\\\/www.tiktok.com\\\/@droix.store\",\"https:\\\/\\\/www.youtube.com\\\/c\\\/DroiX_Store\",\"https:\\\/\\\/uk.linkedin.com\\\/company\\\/droix\"]},{\"@type\":\"Product\",\"@id\":\"https:\\\/\\\/droix.eu\\\/lt\\\/product\\\/anbernic-rg-cube-krepsys\\\/#wooCommerceProduct\",\"name\":\"ANBERNIC RG Cube krep\\u0161ys\",\"description\":\"Oficialus ANBERNIC aksesuaras\\nPuiki apsauga Pagaminta i\\u0161 auk\\u0161\\u010diausios kokyb\\u0117s odos\\nMink\\u0161to audinio pamu\\u0161alas papildomai apsaugai.\",\"url\":\"https:\\\/\\\/droix.eu\\\/lt\\\/product\\\/anbernic-rg-cube-krepsys\\\/\",\"sku\":\"RG-CUBE-BAG\",\"gtin\":\"5060763679351\",\"image\":{\"@type\":\"ImageObject\",\"url\":\"https:\\\/\\\/droix.eu\\\/wp-content\\\/uploads\\\/2024\\\/07\\\/CUBE-CASE.png\",\"@id\":\"https:\\\/\\\/droix.eu\\\/lt\\\/product\\\/anbernic-rg-cube-krepsys\\\/#productImage\",\"width\":1001,\"height\":1001,\"caption\":\"Juodos spalvos \\\"Anbernic Cube\\\" d\\u0117klas, pasi\\u017eymintis kompakti\\u0161ku ir aptakiu dizainu bei patvaria, tekst\\u016bruota i\\u0161orine dalimi, u\\u017etikrinan\\u010dia geresn\\u012f sukibim\\u0105. D\\u0117kle yra specialiai pritaikyti putplas\\u010dio \\u012fd\\u0117klai, kuriuose saugiai laikoma \\\"Anbernic\\\" \\u017eaidim\\u0173 konsol\\u0117 ir priedai, u\\u017etikrinantys apsaug\\u0105 keliaujant.\"},\"offers\":{\"@type\":\"Offer\",\"url\":\"https:\\\/\\\/droix.eu\\\/lt\\\/product\\\/anbernic-rg-cube-krepsys\\\/#wooCommerceOffer\",\"price\":6.09,\"priceCurrency\":\"EUR\",\"category\":\"Priedai\",\"availability\":\"https:\\\/\\\/schema.org\\\/OutOfStock\",\"priceSpecification\":{\"@type\":\"PriceSpecification\",\"price\":6.09,\"priceCurrency\":\"EUR\",\"valueAddedTaxIncluded\":\"true\"},\"seller\":{\"@type\":\"Organization\",\"@id\":\"https:\\\/\\\/droix.eu\\\/lt\\\/#organization\"}}},{\"@type\":\"WebPage\",\"@id\":\"https:\\\/\\\/droix.eu\\\/lt\\\/product\\\/anbernic-rg-cube-krepsys\\\/#webpage\",\"url\":\"https:\\\/\\\/droix.eu\\\/lt\\\/product\\\/anbernic-rg-cube-krepsys\\\/\",\"name\":\"ANBERNIC RG Cube krep\\u0161ys - DROIX EU\",\"description\":\"Oficialus ANBERNIC aksesuaras Puiki apsauga Pagaminta i\\u0161 auk\\u0161\\u010diausios kokyb\\u0117s odos Mink\\u0161to audinio pamu\\u0161alas papildomai apsaugai. \\u012e paket\\u0105 \\u012feina 1x d\\u0117klas\",\"inLanguage\":\"lt-LT\",\"isPartOf\":{\"@id\":\"https:\\\/\\\/droix.eu\\\/lt\\\/#website\"},\"breadcrumb\":{\"@id\":\"https:\\\/\\\/droix.eu\\\/lt\\\/product\\\/anbernic-rg-cube-krepsys\\\/#breadcrumblist\"},\"image\":{\"@type\":\"ImageObject\",\"url\":\"https:\\\/\\\/droix.eu\\\/wp-content\\\/uploads\\\/2024\\\/07\\\/CUBE-CASE.png\",\"@id\":\"https:\\\/\\\/droix.eu\\\/lt\\\/product\\\/anbernic-rg-cube-krepsys\\\/#mainImage\",\"width\":1001,\"height\":1001,\"caption\":\"Juodos spalvos \\\"Anbernic Cube\\\" d\\u0117klas, pasi\\u017eymintis kompakti\\u0161ku ir aptakiu dizainu bei patvaria, tekst\\u016bruota i\\u0161orine dalimi, u\\u017etikrinan\\u010dia geresn\\u012f sukibim\\u0105. D\\u0117kle yra specialiai pritaikyti putplas\\u010dio \\u012fd\\u0117klai, kuriuose saugiai laikoma \\\"Anbernic\\\" \\u017eaidim\\u0173 konsol\\u0117 ir priedai, u\\u017etikrinantys apsaug\\u0105 keliaujant.\"},\"primaryImageOfPage\":{\"@id\":\"https:\\\/\\\/droix.eu\\\/lt\\\/product\\\/anbernic-rg-cube-krepsys\\\/#mainImage\"},\"datePublished\":\"2024-07-16T11:40:59+01:00\",\"dateModified\":\"2026-03-27T12:33:45+00:00\"},{\"@type\":\"WebSite\",\"@id\":\"https:\\\/\\\/droix.eu\\\/lt\\\/#website\",\"url\":\"https:\\\/\\\/droix.eu\\\/lt\\\/\",\"name\":\"DROIX EU\",\"description\":\"Get the latest Mini PCs, Ultrabook, PC Gaming Handhelds and more!\",\"inLanguage\":\"lt-LT\",\"publisher\":{\"@id\":\"https:\\\/\\\/droix.eu\\\/lt\\\/#organization\"}}]}\n\t\t<\/script>\n\t\t<!-- All in One SEO Pro -->\r\n\t\t<title>ANBERNIC RG Cube krep\u0161ys - DROIX EU<\/title>\n\n","aioseo_head_json":{"title":"ANBERNIC RG Cube krep\u0161ys - DROIX EU","description":"Oficialus ANBERNIC aksesuaras Puiki apsauga Pagaminta i\u0161 auk\u0161\u010diausios kokyb\u0117s odos Mink\u0161to audinio pamu\u0161alas papildomai apsaugai. \u012e paket\u0105 \u012feina 1x d\u0117klas","canonical_url":"https:\/\/droix.eu\/lt\/product\/anbernic-rg-cube-krepsys\/","robots":"max-image-preview:large","keywords":"","webmasterTools":{"miscellaneous":""},"schema":{"@context":"https:\/\/schema.org","@graph":[{"@type":"BreadcrumbList","@id":"https:\/\/droix.eu\/lt\/product\/anbernic-rg-cube-krepsys\/#breadcrumblist","itemListElement":[{"@type":"ListItem","@id":"https:\/\/droix.eu\/lt\/#listItem","position":1,"name":"Home","item":"https:\/\/droix.eu\/lt\/","nextItem":{"@type":"ListItem","@id":"https:\/\/droix.eu\/lt\/product-category\/priedai\/#listItem","name":"Priedai"}},{"@type":"ListItem","@id":"https:\/\/droix.eu\/lt\/product-category\/priedai\/#listItem","position":2,"name":"Priedai","item":"https:\/\/droix.eu\/lt\/product-category\/priedai\/","nextItem":{"@type":"ListItem","@id":"https:\/\/droix.eu\/lt\/product-category\/priedai\/zaidimu-priedai\/#listItem","name":"\u017daidim\u0173 priedai"},"previousItem":{"@type":"ListItem","@id":"https:\/\/droix.eu\/lt\/#listItem","name":"Home"}},{"@type":"ListItem","@id":"https:\/\/droix.eu\/lt\/product-category\/priedai\/zaidimu-priedai\/#listItem","position":3,"name":"\u017daidim\u0173 priedai","item":"https:\/\/droix.eu\/lt\/product-category\/priedai\/zaidimu-priedai\/","nextItem":{"@type":"ListItem","@id":"https:\/\/droix.eu\/lt\/product\/anbernic-rg-cube-krepsys\/#listItem","name":"ANBERNIC RG Cube krep\u0161ys"},"previousItem":{"@type":"ListItem","@id":"https:\/\/droix.eu\/lt\/product-category\/priedai\/#listItem","name":"Priedai"}},{"@type":"ListItem","@id":"https:\/\/droix.eu\/lt\/product\/anbernic-rg-cube-krepsys\/#listItem","position":4,"name":"ANBERNIC RG Cube krep\u0161ys","previousItem":{"@type":"ListItem","@id":"https:\/\/droix.eu\/lt\/product-category\/priedai\/zaidimu-priedai\/#listItem","name":"\u017daidim\u0173 priedai"}}]},{"@type":"Organization","@id":"https:\/\/droix.eu\/lt\/#organization","name":"DroiX \u2013 Trusted EU Tech Retailer with 12+ Years Experience","description":"DroiX is a leading European technology retailer with over 12 years of experience, offering quality mini PCs, handheld gaming consoles, and tech accessories. We provide hassle-free EU delivery with all taxes included, ensuring a smooth and reliable shopping experience for our customers across Europe.","url":"https:\/\/droix.eu\/lt\/","logo":{"@type":"ImageObject","url":"https:\/\/droix.eu\/wp-content\/uploads\/2024\/06\/droix-v2-light-logo.png","@id":"https:\/\/droix.eu\/lt\/product\/anbernic-rg-cube-krepsys\/#organizationLogo","width":380,"height":118},"image":{"@id":"https:\/\/droix.eu\/lt\/product\/anbernic-rg-cube-krepsys\/#organizationLogo"},"sameAs":["https:\/\/www.facebook.com\/DroiX.Store","https:\/\/twitter.com\/DroiX_Store","https:\/\/www.instagram.com\/droix.store\/","https:\/\/www.tiktok.com\/@droix.store","https:\/\/www.youtube.com\/c\/DroiX_Store","https:\/\/uk.linkedin.com\/company\/droix"]},{"@type":"Product","@id":"https:\/\/droix.eu\/lt\/product\/anbernic-rg-cube-krepsys\/#wooCommerceProduct","name":"ANBERNIC RG Cube krep\u0161ys","description":"Oficialus ANBERNIC aksesuaras\nPuiki apsauga Pagaminta i\u0161 auk\u0161\u010diausios kokyb\u0117s odos\nMink\u0161to audinio pamu\u0161alas papildomai apsaugai.","url":"https:\/\/droix.eu\/lt\/product\/anbernic-rg-cube-krepsys\/","sku":"RG-CUBE-BAG","gtin":"5060763679351","image":{"@type":"ImageObject","url":"https:\/\/droix.eu\/wp-content\/uploads\/2024\/07\/CUBE-CASE.png","@id":"https:\/\/droix.eu\/lt\/product\/anbernic-rg-cube-krepsys\/#productImage","width":1001,"height":1001,"caption":"Juodos spalvos \"Anbernic Cube\" d\u0117klas, pasi\u017eymintis kompakti\u0161ku ir aptakiu dizainu bei patvaria, tekst\u016bruota i\u0161orine dalimi, u\u017etikrinan\u010dia geresn\u012f sukibim\u0105. D\u0117kle yra specialiai pritaikyti putplas\u010dio \u012fd\u0117klai, kuriuose saugiai laikoma \"Anbernic\" \u017eaidim\u0173 konsol\u0117 ir priedai, u\u017etikrinantys apsaug\u0105 keliaujant."},"offers":{"@type":"Offer","url":"https:\/\/droix.eu\/lt\/product\/anbernic-rg-cube-krepsys\/#wooCommerceOffer","price":6.09,"priceCurrency":"EUR","category":"Priedai","availability":"https:\/\/schema.org\/OutOfStock","priceSpecification":{"@type":"PriceSpecification","price":6.09,"priceCurrency":"EUR","valueAddedTaxIncluded":"true"},"seller":{"@type":"Organization","@id":"https:\/\/droix.eu\/lt\/#organization"}}},{"@type":"WebPage","@id":"https:\/\/droix.eu\/lt\/product\/anbernic-rg-cube-krepsys\/#webpage","url":"https:\/\/droix.eu\/lt\/product\/anbernic-rg-cube-krepsys\/","name":"ANBERNIC RG Cube krep\u0161ys - DROIX EU","description":"Oficialus ANBERNIC aksesuaras Puiki apsauga Pagaminta i\u0161 auk\u0161\u010diausios kokyb\u0117s odos Mink\u0161to audinio pamu\u0161alas papildomai apsaugai. \u012e paket\u0105 \u012feina 1x d\u0117klas","inLanguage":"lt-LT","isPartOf":{"@id":"https:\/\/droix.eu\/lt\/#website"},"breadcrumb":{"@id":"https:\/\/droix.eu\/lt\/product\/anbernic-rg-cube-krepsys\/#breadcrumblist"},"image":{"@type":"ImageObject","url":"https:\/\/droix.eu\/wp-content\/uploads\/2024\/07\/CUBE-CASE.png","@id":"https:\/\/droix.eu\/lt\/product\/anbernic-rg-cube-krepsys\/#mainImage","width":1001,"height":1001,"caption":"Juodos spalvos \"Anbernic Cube\" d\u0117klas, pasi\u017eymintis kompakti\u0161ku ir aptakiu dizainu bei patvaria, tekst\u016bruota i\u0161orine dalimi, u\u017etikrinan\u010dia geresn\u012f sukibim\u0105. D\u0117kle yra specialiai pritaikyti putplas\u010dio \u012fd\u0117klai, kuriuose saugiai laikoma \"Anbernic\" \u017eaidim\u0173 konsol\u0117 ir priedai, u\u017etikrinantys apsaug\u0105 keliaujant."},"primaryImageOfPage":{"@id":"https:\/\/droix.eu\/lt\/product\/anbernic-rg-cube-krepsys\/#mainImage"},"datePublished":"2024-07-16T11:40:59+01:00","dateModified":"2026-03-27T12:33:45+00:00"},{"@type":"WebSite","@id":"https:\/\/droix.eu\/lt\/#website","url":"https:\/\/droix.eu\/lt\/","name":"DROIX EU","description":"Get the latest Mini PCs, Ultrabook, PC Gaming Handhelds and more!","inLanguage":"lt-LT","publisher":{"@id":"https:\/\/droix.eu\/lt\/#organization"}}]},"og:locale":"lt_LT","og:site_name":"DROIX EU - Get the latest Mini PCs, Ultrabook, PC Gaming Handhelds and more!","og:type":"article","og:title":"ANBERNIC RG Cube krep\u0161ys - DROIX EU","og:description":"Oficialus ANBERNIC aksesuaras Puiki apsauga Pagaminta i\u0161 auk\u0161\u010diausios kokyb\u0117s odos Mink\u0161to audinio pamu\u0161alas papildomai apsaugai. \u012e paket\u0105 \u012feina 1x d\u0117klas","og:url":"https:\/\/droix.eu\/lt\/product\/anbernic-rg-cube-krepsys\/","og:image":"https:\/\/droix.eu\/wp-content\/uploads\/2024\/06\/droix-v2-light-logo.png","og:image:secure_url":"https:\/\/droix.eu\/wp-content\/uploads\/2024\/06\/droix-v2-light-logo.png","og:image:width":380,"og:image:height":118,"article:published_time":"2024-07-16T10:40:59+00:00","article:modified_time":"2026-03-27T12:33:45+00:00","article:publisher":"https:\/\/www.facebook.com\/DroiX.Store","twitter:card":"summary_large_image","twitter:site":"@DroiX_Store","twitter:title":"ANBERNIC RG Cube krep\u0161ys - DROIX EU","twitter:description":"Oficialus ANBERNIC aksesuaras Puiki apsauga Pagaminta i\u0161 auk\u0161\u010diausios kokyb\u0117s odos Mink\u0161to audinio pamu\u0161alas papildomai apsaugai. \u012e paket\u0105 \u012feina 1x d\u0117klas","twitter:image":"https:\/\/droix.eu\/wp-content\/uploads\/2024\/06\/droix-v2-light-logo.png"},"aioseo_meta_data":{"post_id":"508836","title":null,"description":null,"keywords":null,"keyphrases":null,"primary_term":null,"canonical_url":null,"og_title":null,"og_description":null,"og_object_type":"default","og_image_type":"default","og_image_url":null,"og_image_width":null,"og_image_height":null,"og_image_custom_url":null,"og_image_custom_fields":null,"og_video":null,"og_custom_url":null,"og_article_section":null,"og_article_tags":null,"twitter_use_og":true,"twitter_card":"default","twitter_image_type":"default","twitter_image_url":null,"twitter_image_custom_url":null,"twitter_image_custom_fields":null,"twitter_title":null,"twitter_description":null,"schema":{"blockGraphs":[],"customGraphs":[],"default":{"data":{"Article":[],"Course":[],"Dataset":[],"FAQPage":[],"Movie":[],"Person":[],"Product":[],"ProductReview":[],"Car":[],"Recipe":[],"Service":[],"SoftwareApplication":[],"WebPage":[]},"graphName":"Product","isEnabled":true},"graphs":[]},"schema_type":"default","schema_type_options":null,"pillar_content":false,"robots_default":true,"robots_noindex":false,"robots_noarchive":false,"robots_nosnippet":false,"robots_nofollow":false,"robots_noimageindex":false,"robots_noodp":false,"robots_notranslate":false,"robots_max_snippet":null,"robots_max_videopreview":null,"robots_max_imagepreview":"large","priority":null,"frequency":null,"local_seo":null,"seo_analyzer_scan_date":"2026-03-27 12:46:36","breadcrumb_settings":null,"limit_modified_date":false,"reviewed_by":null,"open_ai":null,"ai":null,"created":"2025-10-09 05:49:46","updated":"2026-03-27 14:07:00"},"aioseo_breadcrumb":"<div class=\"aioseo-breadcrumbs\"><span class=\"aioseo-breadcrumb\">\n\t<a href=\"https:\/\/droix.eu\/lt\/\" title=\"Home\">Home<\/a>\n<\/span><span class=\"aioseo-breadcrumb-separator\">&raquo;<\/span><span class=\"aioseo-breadcrumb\">\n\t<a href=\"https:\/\/droix.eu\/lt\/product-category\/priedai\/\" title=\"Priedai\">Priedai<\/a>\n<\/span><span class=\"aioseo-breadcrumb-separator\">&raquo;<\/span><span class=\"aioseo-breadcrumb\">\n\t<a href=\"https:\/\/droix.eu\/lt\/product-category\/priedai\/zaidimu-priedai\/\" title=\"\u017daidim\u0173 priedai\">\u017daidim\u0173 priedai<\/a>\n<\/span><span class=\"aioseo-breadcrumb-separator\">&raquo;<\/span><span class=\"aioseo-breadcrumb\">\n\tANBERNIC RG Cube krep\u0161ys\n<\/span><\/div>","aioseo_breadcrumb_json":[{"label":"Home","link":"https:\/\/droix.eu\/lt\/"},{"label":"Priedai","link":"https:\/\/droix.eu\/lt\/product-category\/priedai\/"},{"label":"\u017daidim\u0173 priedai","link":"https:\/\/droix.eu\/lt\/product-category\/priedai\/zaidimu-priedai\/"},{"label":"ANBERNIC RG Cube krep\u0161ys","link":"https:\/\/droix.eu\/lt\/product\/anbernic-rg-cube-krepsys\/"}],"_links":{"self":[{"href":"https:\/\/droix.eu\/lt\/wp-json\/wp\/v2\/product\/508836","targetHints":{"allow":["GET"]}}],"collection":[{"href":"https:\/\/droix.eu\/lt\/wp-json\/wp\/v2\/product"}],"about":[{"href":"https:\/\/droix.eu\/lt\/wp-json\/wp\/v2\/types\/product"}],"version-history":[{"count":0,"href":"https:\/\/droix.eu\/lt\/wp-json\/wp\/v2\/product\/508836\/revisions"}],"wp:featuredmedia":[{"embeddable":true,"href":"https:\/\/droix.eu\/lt\/wp-json\/wp\/v2\/media\/486294"}],"wp:attachment":[{"href":"https:\/\/droix.eu\/lt\/wp-json\/wp\/v2\/media?parent=508836"}],"wp:term":[{"taxonomy":"product_brand","embeddable":true,"href":"https:\/\/droix.eu\/lt\/wp-json\/wp\/v2\/product_brand?post=508836"},{"taxonomy":"product_cat","embeddable":true,"href":"https:\/\/droix.eu\/lt\/wp-json\/wp\/v2\/product_cat?post=508836"},{"taxonomy":"product_tag","embeddable":true,"href":"https:\/\/droix.eu\/lt\/wp-json\/wp\/v2\/product_tag?post=508836"},{"taxonomy":"woo-feed-brand","embeddable":true,"href":"https:\/\/droix.eu\/lt\/wp-json\/wp\/v2\/woo-feed-brand?post=508836"},{"taxonomy":"key-features","embeddable":true,"href":"https:\/\/droix.eu\/lt\/wp-json\/wp\/v2\/key-features?post=508836"}],"curies":[{"name":"wp","href":"https:\/\/api.w.org\/{rel}","templated":true}]}}