{"id":507555,"date":"2024-08-27T09:11:28","date_gmt":"2024-08-27T08:11:28","guid":{"rendered":"https:\/\/droix.eu\/product\/ayn-odin-2-mini-deklas\/"},"modified":"2026-01-20T04:59:40","modified_gmt":"2026-01-20T04:59:40","slug":"ayn-odin-2-mini-deklas","status":"publish","type":"product","link":"https:\/\/droix.eu\/lt\/product\/ayn-odin-2-mini-deklas\/","title":{"rendered":"AYN Odin 2 Mini d\u0117klas"},"content":{"rendered":"<h2><strong>Pristatome &#8220;AYN Odin 2 Mini&#8221; d\u0117kl\u0105: Auk\u0161\u010diausia apsauga ir stilius j\u016bs\u0173 \u012frenginiui<\/strong><\/h2>\n<p>Pagerinkite savo prietaiso apsaug\u0105 ir stili\u0173 naudodami AYN Odin 2 d\u0117kl\u0105. \u0160is d\u0117klas sukurtas taip, kad atitikt\u0173 \u0161iuolaikinio gyvenimo b\u016bdo reikalavimus, tod\u0117l jame puikiai dera patvarumas, funkcionalumas ir estetika.<\/p>\n<h2><strong>Pagrindin\u0117s savyb\u0117s:<\/strong><\/h2>\n<h2><strong>Auk\u0161\u010diausios kokyb\u0117s med\u017eiagos:<\/strong><\/h2>\n<p>I\u0161 auk\u0161tos kokyb\u0117s med\u017eiag\u0173 pagamintas &#8220;AYN Odin 2 Mini&#8221; d\u0117klas yra atsparus kasdieniam d\u0117v\u0117jimuisi, ta\u010diau i\u0161laiko eleganti\u0161k\u0105 ir eleganti\u0161k\u0105 i\u0161vaizd\u0105.<\/p>\n<h2><strong>360\u00b0 apsauga:<\/strong><\/h2>\n<p>&#8220;AYN Odin 2 Mini&#8221; d\u0117klas u\u017etikrina visapusi\u0161k\u0105 prietaiso apsaug\u0105. Jis dengia visus kra\u0161tus ir kampus, apsaugodamas nuo kritimo, sm\u016bgi\u0173 ir \u012fbr\u0117\u017eim\u0173.<\/p>\n<h2><strong>Plonas ir lengvas:<\/strong><\/h2>\n<p>Nepaisant tvirtos apsaugos, \u0161is d\u0117klas i\u0161lieka plonas ir lengvas, tod\u0117l i\u0161laiko plon\u0105 prietaiso profil\u012f ir nepadaugina nereikalingo svorio.<\/p>\n<h2><strong>Tikslus pritaikymas:<\/strong><\/h2>\n<p>Specialiai &#8220;AYN Odin 2 Mini&#8221; pritaikytas &#8220;AYN Odin 2 Mini&#8221; d\u0117klas u\u017etikrina, kad jis gerai ir saugiai priglust\u0173.<\/p>\n","protected":false},"excerpt":{"rendered":"<ul>\n<li><strong>Oficialus<\/strong> AYN Odin 2 Mini d\u0117klas<\/li>\n<li>Mink\u0161to audinio pamu\u0161alas <strong>papildomai apsaugai<\/strong>.<\/li>\n<li>Eleganti\u0161kas dizainas su saugiu u\u017etrauktuku.<\/li>\n<\/ul>\n[droix_global_accordions]\n[cg_accordion title=\"\u012e paket\u0105 \u012feina\"]<\/p>\n<ul>\n<li>1x AYN Odin 2 Mini d\u0117klas<\/li>\n<\/ul>\n<p>[\/cg_accordion]\n","protected":false},"featured_media":489796,"template":"","meta":{"_acf_changed":false},"product_brand":[],"product_cat":[10408,10409],"product_tag":[],"woo-feed-brand":[],"key-features":[],"class_list":{"0":"post-507555","1":"product","2":"type-product","3":"status-publish","4":"has-post-thumbnail","6":"product_cat-priedai","7":"product_cat-zaidimu-priedai","8":"product_shipping_class-low-end","9":"pa_accessory-type-protective-case","10":"pa_brands-ayn-lt","12":"first","13":"instock","14":"sale","15":"taxable","16":"shipping-taxable","17":"purchasable","18":"product-type-simple"},"acf":[],"aioseo_notices":[],"aioseo_head":"\n\t\t<!-- All in One SEO Pro 4.9.5.2 - aioseo.com -->\n\t<meta name=\"description\" content=\"Oficialus AYN Odin 2 Mini d\u0117klas Mink\u0161to audinio pamu\u0161alas papildomai apsaugai. Eleganti\u0161kas dizainas su saugiu u\u017etrauktuku. \u012e paket\u0105 \u012feina 1x AYN Odin 2 Mini d\u0117klas\" \/>\n\t<meta name=\"robots\" content=\"max-image-preview:large\" \/>\n\t<link rel=\"canonical\" href=\"https:\/\/droix.eu\/lt\/product\/ayn-odin-2-mini-deklas\/\" \/>\n\t<meta name=\"generator\" content=\"All in One SEO Pro (AIOSEO) 4.9.5.2\" \/>\n\t\t<meta property=\"og:locale\" content=\"lt_LT\" \/>\n\t\t<meta property=\"og:site_name\" content=\"DROIX EU - Get the latest Mini PCs, Ultrabook, PC Gaming Handhelds and more!\" \/>\n\t\t<meta property=\"og:type\" content=\"article\" \/>\n\t\t<meta property=\"og:title\" content=\"AYN Odin 2 Mini d\u0117klas - DROIX EU\" \/>\n\t\t<meta property=\"og:description\" content=\"Oficialus AYN Odin 2 Mini d\u0117klas Mink\u0161to audinio pamu\u0161alas papildomai apsaugai. Eleganti\u0161kas dizainas su saugiu u\u017etrauktuku. \u012e paket\u0105 \u012feina 1x AYN Odin 2 Mini d\u0117klas\" \/>\n\t\t<meta property=\"og:url\" content=\"https:\/\/droix.eu\/lt\/product\/ayn-odin-2-mini-deklas\/\" \/>\n\t\t<meta property=\"og:image\" content=\"https:\/\/droix.eu\/wp-content\/uploads\/2024\/06\/droix-v2-light-logo.png\" \/>\n\t\t<meta property=\"og:image:secure_url\" content=\"https:\/\/droix.eu\/wp-content\/uploads\/2024\/06\/droix-v2-light-logo.png\" \/>\n\t\t<meta property=\"og:image:width\" content=\"380\" \/>\n\t\t<meta property=\"og:image:height\" content=\"118\" \/>\n\t\t<meta property=\"article:published_time\" content=\"2024-08-27T08:11:28+00:00\" \/>\n\t\t<meta property=\"article:modified_time\" content=\"2026-01-20T04:59:40+00:00\" \/>\n\t\t<meta property=\"article:publisher\" content=\"https:\/\/www.facebook.com\/DroiX.Store\" \/>\n\t\t<meta name=\"twitter:card\" content=\"summary_large_image\" \/>\n\t\t<meta name=\"twitter:site\" content=\"@DroiX_Store\" \/>\n\t\t<meta name=\"twitter:title\" content=\"AYN Odin 2 Mini d\u0117klas - DROIX EU\" \/>\n\t\t<meta name=\"twitter:description\" content=\"Oficialus AYN Odin 2 Mini d\u0117klas Mink\u0161to audinio pamu\u0161alas papildomai apsaugai. Eleganti\u0161kas dizainas su saugiu u\u017etrauktuku. \u012e paket\u0105 \u012feina 1x AYN Odin 2 Mini d\u0117klas\" \/>\n\t\t<meta name=\"twitter:image\" content=\"https:\/\/droix.eu\/wp-content\/uploads\/2024\/06\/droix-v2-light-logo.png\" \/>\n\t\t<script type=\"application\/ld+json\" class=\"aioseo-schema\">\n\t\t\t{\"@context\":\"https:\\\/\\\/schema.org\",\"@graph\":[{\"@type\":\"BreadcrumbList\",\"@id\":\"https:\\\/\\\/droix.eu\\\/lt\\\/product\\\/ayn-odin-2-mini-deklas\\\/#breadcrumblist\",\"itemListElement\":[{\"@type\":\"ListItem\",\"@id\":\"https:\\\/\\\/droix.eu\\\/lt\\\/#listItem\",\"position\":1,\"name\":\"Home\",\"item\":\"https:\\\/\\\/droix.eu\\\/lt\\\/\",\"nextItem\":{\"@type\":\"ListItem\",\"@id\":\"https:\\\/\\\/droix.eu\\\/lt\\\/product-category\\\/priedai\\\/#listItem\",\"name\":\"Priedai\"}},{\"@type\":\"ListItem\",\"@id\":\"https:\\\/\\\/droix.eu\\\/lt\\\/product-category\\\/priedai\\\/#listItem\",\"position\":2,\"name\":\"Priedai\",\"item\":\"https:\\\/\\\/droix.eu\\\/lt\\\/product-category\\\/priedai\\\/\",\"nextItem\":{\"@type\":\"ListItem\",\"@id\":\"https:\\\/\\\/droix.eu\\\/lt\\\/product-category\\\/priedai\\\/zaidimu-priedai\\\/#listItem\",\"name\":\"\\u017daidim\\u0173 priedai\"},\"previousItem\":{\"@type\":\"ListItem\",\"@id\":\"https:\\\/\\\/droix.eu\\\/lt\\\/#listItem\",\"name\":\"Home\"}},{\"@type\":\"ListItem\",\"@id\":\"https:\\\/\\\/droix.eu\\\/lt\\\/product-category\\\/priedai\\\/zaidimu-priedai\\\/#listItem\",\"position\":3,\"name\":\"\\u017daidim\\u0173 priedai\",\"item\":\"https:\\\/\\\/droix.eu\\\/lt\\\/product-category\\\/priedai\\\/zaidimu-priedai\\\/\",\"nextItem\":{\"@type\":\"ListItem\",\"@id\":\"https:\\\/\\\/droix.eu\\\/lt\\\/product\\\/ayn-odin-2-mini-deklas\\\/#listItem\",\"name\":\"AYN Odin 2 Mini d\\u0117klas\"},\"previousItem\":{\"@type\":\"ListItem\",\"@id\":\"https:\\\/\\\/droix.eu\\\/lt\\\/product-category\\\/priedai\\\/#listItem\",\"name\":\"Priedai\"}},{\"@type\":\"ListItem\",\"@id\":\"https:\\\/\\\/droix.eu\\\/lt\\\/product\\\/ayn-odin-2-mini-deklas\\\/#listItem\",\"position\":4,\"name\":\"AYN Odin 2 Mini d\\u0117klas\",\"previousItem\":{\"@type\":\"ListItem\",\"@id\":\"https:\\\/\\\/droix.eu\\\/lt\\\/product-category\\\/priedai\\\/zaidimu-priedai\\\/#listItem\",\"name\":\"\\u017daidim\\u0173 priedai\"}}]},{\"@type\":\"Organization\",\"@id\":\"https:\\\/\\\/droix.eu\\\/lt\\\/#organization\",\"name\":\"DroiX \\u2013 Trusted EU Tech Retailer with 12+ Years Experience\",\"description\":\"DroiX is a leading European technology retailer with over 12 years of experience, offering quality mini PCs, handheld gaming consoles, and tech accessories. We provide hassle-free EU delivery with all taxes included, ensuring a smooth and reliable shopping experience for our customers across Europe.\",\"url\":\"https:\\\/\\\/droix.eu\\\/lt\\\/\",\"logo\":{\"@type\":\"ImageObject\",\"url\":\"https:\\\/\\\/droix.eu\\\/wp-content\\\/uploads\\\/2024\\\/06\\\/droix-v2-light-logo.png\",\"@id\":\"https:\\\/\\\/droix.eu\\\/lt\\\/product\\\/ayn-odin-2-mini-deklas\\\/#organizationLogo\",\"width\":380,\"height\":118},\"image\":{\"@id\":\"https:\\\/\\\/droix.eu\\\/lt\\\/product\\\/ayn-odin-2-mini-deklas\\\/#organizationLogo\"},\"sameAs\":[\"https:\\\/\\\/www.facebook.com\\\/DroiX.Store\",\"https:\\\/\\\/twitter.com\\\/DroiX_Store\",\"https:\\\/\\\/www.instagram.com\\\/droix.store\\\/\",\"https:\\\/\\\/www.tiktok.com\\\/@droix.store\",\"https:\\\/\\\/www.youtube.com\\\/c\\\/DroiX_Store\",\"https:\\\/\\\/uk.linkedin.com\\\/company\\\/droix\"]},{\"@type\":\"Product\",\"@id\":\"https:\\\/\\\/droix.eu\\\/lt\\\/product\\\/ayn-odin-2-mini-deklas\\\/#wooCommerceProduct\",\"name\":\"AYN Odin 2 Mini d\\u0117klas\",\"description\":\"Oficialus AYN Odin 2 Mini d\\u0117klas\\n \\tMink\\u0161to audinio pamu\\u0161alas papildomai apsaugai.\\n \\tEleganti\\u0161kas dizainas su saugiu u\\u017etrauktuku.\",\"url\":\"https:\\\/\\\/droix.eu\\\/lt\\\/product\\\/ayn-odin-2-mini-deklas\\\/\",\"sku\":\"AYN-ODIN-2-MINI-CASE\",\"gtin\":\"5060763679733\",\"image\":{\"@type\":\"ImageObject\",\"url\":\"https:\\\/\\\/droix.eu\\\/wp-content\\\/uploads\\\/2024\\\/08\\\/Layer-1.png\",\"@id\":\"https:\\\/\\\/droix.eu\\\/lt\\\/product\\\/ayn-odin-2-mini-deklas\\\/#productImage\",\"width\":1500,\"height\":1500},\"offers\":{\"@type\":\"Offer\",\"url\":\"https:\\\/\\\/droix.eu\\\/lt\\\/product\\\/ayn-odin-2-mini-deklas\\\/#wooCommerceOffer\",\"price\":25.77,\"priceCurrency\":\"EUR\",\"category\":\"Priedai\",\"availability\":\"https:\\\/\\\/schema.org\\\/InStock\",\"priceSpecification\":{\"@type\":\"PriceSpecification\",\"price\":25.77,\"priceCurrency\":\"EUR\",\"valueAddedTaxIncluded\":\"true\"},\"seller\":{\"@type\":\"Organization\",\"@id\":\"https:\\\/\\\/droix.eu\\\/lt\\\/#organization\"}}},{\"@type\":\"WebPage\",\"@id\":\"https:\\\/\\\/droix.eu\\\/lt\\\/product\\\/ayn-odin-2-mini-deklas\\\/#webpage\",\"url\":\"https:\\\/\\\/droix.eu\\\/lt\\\/product\\\/ayn-odin-2-mini-deklas\\\/\",\"name\":\"AYN Odin 2 Mini d\\u0117klas - DROIX EU\",\"description\":\"Oficialus AYN Odin 2 Mini d\\u0117klas Mink\\u0161to audinio pamu\\u0161alas papildomai apsaugai. Eleganti\\u0161kas dizainas su saugiu u\\u017etrauktuku. \\u012e paket\\u0105 \\u012feina 1x AYN Odin 2 Mini d\\u0117klas\",\"inLanguage\":\"lt-LT\",\"isPartOf\":{\"@id\":\"https:\\\/\\\/droix.eu\\\/lt\\\/#website\"},\"breadcrumb\":{\"@id\":\"https:\\\/\\\/droix.eu\\\/lt\\\/product\\\/ayn-odin-2-mini-deklas\\\/#breadcrumblist\"},\"image\":{\"@type\":\"ImageObject\",\"url\":\"https:\\\/\\\/droix.eu\\\/wp-content\\\/uploads\\\/2024\\\/08\\\/Layer-1.png\",\"@id\":\"https:\\\/\\\/droix.eu\\\/lt\\\/product\\\/ayn-odin-2-mini-deklas\\\/#mainImage\",\"width\":1500,\"height\":1500},\"primaryImageOfPage\":{\"@id\":\"https:\\\/\\\/droix.eu\\\/lt\\\/product\\\/ayn-odin-2-mini-deklas\\\/#mainImage\"},\"datePublished\":\"2024-08-27T09:11:28+01:00\",\"dateModified\":\"2026-01-20T04:59:40+00:00\"},{\"@type\":\"WebSite\",\"@id\":\"https:\\\/\\\/droix.eu\\\/lt\\\/#website\",\"url\":\"https:\\\/\\\/droix.eu\\\/lt\\\/\",\"name\":\"DROIX EU\",\"description\":\"Get the latest Mini PCs, Ultrabook, PC Gaming Handhelds and more!\",\"inLanguage\":\"lt-LT\",\"publisher\":{\"@id\":\"https:\\\/\\\/droix.eu\\\/lt\\\/#organization\"}}]}\n\t\t<\/script>\n\t\t<!-- All in One SEO Pro -->\r\n\t\t<title>AYN Odin 2 Mini d\u0117klas - DROIX EU<\/title>\n\n","aioseo_head_json":{"title":"AYN Odin 2 Mini d\u0117klas - DROIX EU","description":"Oficialus AYN Odin 2 Mini d\u0117klas Mink\u0161to audinio pamu\u0161alas papildomai apsaugai. Eleganti\u0161kas dizainas su saugiu u\u017etrauktuku. \u012e paket\u0105 \u012feina 1x AYN Odin 2 Mini d\u0117klas","canonical_url":"https:\/\/droix.eu\/lt\/product\/ayn-odin-2-mini-deklas\/","robots":"max-image-preview:large","keywords":"","webmasterTools":{"miscellaneous":""},"schema":{"@context":"https:\/\/schema.org","@graph":[{"@type":"BreadcrumbList","@id":"https:\/\/droix.eu\/lt\/product\/ayn-odin-2-mini-deklas\/#breadcrumblist","itemListElement":[{"@type":"ListItem","@id":"https:\/\/droix.eu\/lt\/#listItem","position":1,"name":"Home","item":"https:\/\/droix.eu\/lt\/","nextItem":{"@type":"ListItem","@id":"https:\/\/droix.eu\/lt\/product-category\/priedai\/#listItem","name":"Priedai"}},{"@type":"ListItem","@id":"https:\/\/droix.eu\/lt\/product-category\/priedai\/#listItem","position":2,"name":"Priedai","item":"https:\/\/droix.eu\/lt\/product-category\/priedai\/","nextItem":{"@type":"ListItem","@id":"https:\/\/droix.eu\/lt\/product-category\/priedai\/zaidimu-priedai\/#listItem","name":"\u017daidim\u0173 priedai"},"previousItem":{"@type":"ListItem","@id":"https:\/\/droix.eu\/lt\/#listItem","name":"Home"}},{"@type":"ListItem","@id":"https:\/\/droix.eu\/lt\/product-category\/priedai\/zaidimu-priedai\/#listItem","position":3,"name":"\u017daidim\u0173 priedai","item":"https:\/\/droix.eu\/lt\/product-category\/priedai\/zaidimu-priedai\/","nextItem":{"@type":"ListItem","@id":"https:\/\/droix.eu\/lt\/product\/ayn-odin-2-mini-deklas\/#listItem","name":"AYN Odin 2 Mini d\u0117klas"},"previousItem":{"@type":"ListItem","@id":"https:\/\/droix.eu\/lt\/product-category\/priedai\/#listItem","name":"Priedai"}},{"@type":"ListItem","@id":"https:\/\/droix.eu\/lt\/product\/ayn-odin-2-mini-deklas\/#listItem","position":4,"name":"AYN Odin 2 Mini d\u0117klas","previousItem":{"@type":"ListItem","@id":"https:\/\/droix.eu\/lt\/product-category\/priedai\/zaidimu-priedai\/#listItem","name":"\u017daidim\u0173 priedai"}}]},{"@type":"Organization","@id":"https:\/\/droix.eu\/lt\/#organization","name":"DroiX \u2013 Trusted EU Tech Retailer with 12+ Years Experience","description":"DroiX is a leading European technology retailer with over 12 years of experience, offering quality mini PCs, handheld gaming consoles, and tech accessories. We provide hassle-free EU delivery with all taxes included, ensuring a smooth and reliable shopping experience for our customers across Europe.","url":"https:\/\/droix.eu\/lt\/","logo":{"@type":"ImageObject","url":"https:\/\/droix.eu\/wp-content\/uploads\/2024\/06\/droix-v2-light-logo.png","@id":"https:\/\/droix.eu\/lt\/product\/ayn-odin-2-mini-deklas\/#organizationLogo","width":380,"height":118},"image":{"@id":"https:\/\/droix.eu\/lt\/product\/ayn-odin-2-mini-deklas\/#organizationLogo"},"sameAs":["https:\/\/www.facebook.com\/DroiX.Store","https:\/\/twitter.com\/DroiX_Store","https:\/\/www.instagram.com\/droix.store\/","https:\/\/www.tiktok.com\/@droix.store","https:\/\/www.youtube.com\/c\/DroiX_Store","https:\/\/uk.linkedin.com\/company\/droix"]},{"@type":"Product","@id":"https:\/\/droix.eu\/lt\/product\/ayn-odin-2-mini-deklas\/#wooCommerceProduct","name":"AYN Odin 2 Mini d\u0117klas","description":"Oficialus AYN Odin 2 Mini d\u0117klas\n \tMink\u0161to audinio pamu\u0161alas papildomai apsaugai.\n \tEleganti\u0161kas dizainas su saugiu u\u017etrauktuku.","url":"https:\/\/droix.eu\/lt\/product\/ayn-odin-2-mini-deklas\/","sku":"AYN-ODIN-2-MINI-CASE","gtin":"5060763679733","image":{"@type":"ImageObject","url":"https:\/\/droix.eu\/wp-content\/uploads\/2024\/08\/Layer-1.png","@id":"https:\/\/droix.eu\/lt\/product\/ayn-odin-2-mini-deklas\/#productImage","width":1500,"height":1500},"offers":{"@type":"Offer","url":"https:\/\/droix.eu\/lt\/product\/ayn-odin-2-mini-deklas\/#wooCommerceOffer","price":25.77,"priceCurrency":"EUR","category":"Priedai","availability":"https:\/\/schema.org\/InStock","priceSpecification":{"@type":"PriceSpecification","price":25.77,"priceCurrency":"EUR","valueAddedTaxIncluded":"true"},"seller":{"@type":"Organization","@id":"https:\/\/droix.eu\/lt\/#organization"}}},{"@type":"WebPage","@id":"https:\/\/droix.eu\/lt\/product\/ayn-odin-2-mini-deklas\/#webpage","url":"https:\/\/droix.eu\/lt\/product\/ayn-odin-2-mini-deklas\/","name":"AYN Odin 2 Mini d\u0117klas - DROIX EU","description":"Oficialus AYN Odin 2 Mini d\u0117klas Mink\u0161to audinio pamu\u0161alas papildomai apsaugai. Eleganti\u0161kas dizainas su saugiu u\u017etrauktuku. \u012e paket\u0105 \u012feina 1x AYN Odin 2 Mini d\u0117klas","inLanguage":"lt-LT","isPartOf":{"@id":"https:\/\/droix.eu\/lt\/#website"},"breadcrumb":{"@id":"https:\/\/droix.eu\/lt\/product\/ayn-odin-2-mini-deklas\/#breadcrumblist"},"image":{"@type":"ImageObject","url":"https:\/\/droix.eu\/wp-content\/uploads\/2024\/08\/Layer-1.png","@id":"https:\/\/droix.eu\/lt\/product\/ayn-odin-2-mini-deklas\/#mainImage","width":1500,"height":1500},"primaryImageOfPage":{"@id":"https:\/\/droix.eu\/lt\/product\/ayn-odin-2-mini-deklas\/#mainImage"},"datePublished":"2024-08-27T09:11:28+01:00","dateModified":"2026-01-20T04:59:40+00:00"},{"@type":"WebSite","@id":"https:\/\/droix.eu\/lt\/#website","url":"https:\/\/droix.eu\/lt\/","name":"DROIX EU","description":"Get the latest Mini PCs, Ultrabook, PC Gaming Handhelds and more!","inLanguage":"lt-LT","publisher":{"@id":"https:\/\/droix.eu\/lt\/#organization"}}]},"og:locale":"lt_LT","og:site_name":"DROIX EU - Get the latest Mini PCs, Ultrabook, PC Gaming Handhelds and more!","og:type":"article","og:title":"AYN Odin 2 Mini d\u0117klas - DROIX EU","og:description":"Oficialus AYN Odin 2 Mini d\u0117klas Mink\u0161to audinio pamu\u0161alas papildomai apsaugai. Eleganti\u0161kas dizainas su saugiu u\u017etrauktuku. \u012e paket\u0105 \u012feina 1x AYN Odin 2 Mini d\u0117klas","og:url":"https:\/\/droix.eu\/lt\/product\/ayn-odin-2-mini-deklas\/","og:image":"https:\/\/droix.eu\/wp-content\/uploads\/2024\/06\/droix-v2-light-logo.png","og:image:secure_url":"https:\/\/droix.eu\/wp-content\/uploads\/2024\/06\/droix-v2-light-logo.png","og:image:width":380,"og:image:height":118,"article:published_time":"2024-08-27T08:11:28+00:00","article:modified_time":"2026-01-20T04:59:40+00:00","article:publisher":"https:\/\/www.facebook.com\/DroiX.Store","twitter:card":"summary_large_image","twitter:site":"@DroiX_Store","twitter:title":"AYN Odin 2 Mini d\u0117klas - DROIX EU","twitter:description":"Oficialus AYN Odin 2 Mini d\u0117klas Mink\u0161to audinio pamu\u0161alas papildomai apsaugai. Eleganti\u0161kas dizainas su saugiu u\u017etrauktuku. \u012e paket\u0105 \u012feina 1x AYN Odin 2 Mini d\u0117klas","twitter:image":"https:\/\/droix.eu\/wp-content\/uploads\/2024\/06\/droix-v2-light-logo.png"},"aioseo_meta_data":{"post_id":"507555","title":null,"description":null,"keywords":null,"keyphrases":null,"primary_term":null,"canonical_url":null,"og_title":null,"og_description":null,"og_object_type":"default","og_image_type":"default","og_image_url":null,"og_image_width":null,"og_image_height":null,"og_image_custom_url":null,"og_image_custom_fields":null,"og_video":null,"og_custom_url":null,"og_article_section":null,"og_article_tags":null,"twitter_use_og":true,"twitter_card":"default","twitter_image_type":"default","twitter_image_url":null,"twitter_image_custom_url":null,"twitter_image_custom_fields":null,"twitter_title":null,"twitter_description":null,"schema":{"blockGraphs":[],"customGraphs":[],"default":{"data":{"Article":[],"Course":[],"Dataset":[],"FAQPage":[],"Movie":[],"Person":[],"Product":[],"ProductReview":[],"Car":[],"Recipe":[],"Service":[],"SoftwareApplication":[],"WebPage":[]},"graphName":"Product","isEnabled":true},"graphs":[]},"schema_type":"default","schema_type_options":null,"pillar_content":false,"robots_default":true,"robots_noindex":false,"robots_noarchive":false,"robots_nosnippet":false,"robots_nofollow":false,"robots_noimageindex":false,"robots_noodp":false,"robots_notranslate":false,"robots_max_snippet":null,"robots_max_videopreview":null,"robots_max_imagepreview":"large","priority":null,"frequency":null,"local_seo":null,"seo_analyzer_scan_date":"2025-10-24 21:54:58","breadcrumb_settings":null,"limit_modified_date":false,"reviewed_by":null,"open_ai":null,"ai":null,"created":"2025-10-09 06:20:20","updated":"2026-01-24 08:42:49"},"aioseo_breadcrumb":"<div class=\"aioseo-breadcrumbs\"><span class=\"aioseo-breadcrumb\">\n\t<a href=\"https:\/\/droix.eu\/lt\/\" title=\"Home\">Home<\/a>\n<\/span><span class=\"aioseo-breadcrumb-separator\">&raquo;<\/span><span class=\"aioseo-breadcrumb\">\n\t<a href=\"https:\/\/droix.eu\/lt\/product-category\/priedai\/\" title=\"Priedai\">Priedai<\/a>\n<\/span><span class=\"aioseo-breadcrumb-separator\">&raquo;<\/span><span class=\"aioseo-breadcrumb\">\n\t<a href=\"https:\/\/droix.eu\/lt\/product-category\/priedai\/zaidimu-priedai\/\" title=\"\u017daidim\u0173 priedai\">\u017daidim\u0173 priedai<\/a>\n<\/span><span class=\"aioseo-breadcrumb-separator\">&raquo;<\/span><span class=\"aioseo-breadcrumb\">\n\tAYN Odin 2 Mini d\u0117klas\n<\/span><\/div>","aioseo_breadcrumb_json":[{"label":"Home","link":"https:\/\/droix.eu\/lt\/"},{"label":"Priedai","link":"https:\/\/droix.eu\/lt\/product-category\/priedai\/"},{"label":"\u017daidim\u0173 priedai","link":"https:\/\/droix.eu\/lt\/product-category\/priedai\/zaidimu-priedai\/"},{"label":"AYN Odin 2 Mini d\u0117klas","link":"https:\/\/droix.eu\/lt\/product\/ayn-odin-2-mini-deklas\/"}],"_links":{"self":[{"href":"https:\/\/droix.eu\/lt\/wp-json\/wp\/v2\/product\/507555","targetHints":{"allow":["GET"]}}],"collection":[{"href":"https:\/\/droix.eu\/lt\/wp-json\/wp\/v2\/product"}],"about":[{"href":"https:\/\/droix.eu\/lt\/wp-json\/wp\/v2\/types\/product"}],"version-history":[{"count":0,"href":"https:\/\/droix.eu\/lt\/wp-json\/wp\/v2\/product\/507555\/revisions"}],"wp:featuredmedia":[{"embeddable":true,"href":"https:\/\/droix.eu\/lt\/wp-json\/wp\/v2\/media\/489796"}],"wp:attachment":[{"href":"https:\/\/droix.eu\/lt\/wp-json\/wp\/v2\/media?parent=507555"}],"wp:term":[{"taxonomy":"product_brand","embeddable":true,"href":"https:\/\/droix.eu\/lt\/wp-json\/wp\/v2\/product_brand?post=507555"},{"taxonomy":"product_cat","embeddable":true,"href":"https:\/\/droix.eu\/lt\/wp-json\/wp\/v2\/product_cat?post=507555"},{"taxonomy":"product_tag","embeddable":true,"href":"https:\/\/droix.eu\/lt\/wp-json\/wp\/v2\/product_tag?post=507555"},{"taxonomy":"woo-feed-brand","embeddable":true,"href":"https:\/\/droix.eu\/lt\/wp-json\/wp\/v2\/woo-feed-brand?post=507555"},{"taxonomy":"key-features","embeddable":true,"href":"https:\/\/droix.eu\/lt\/wp-json\/wp\/v2\/key-features?post=507555"}],"curies":[{"name":"wp","href":"https:\/\/api.w.org\/{rel}","templated":true}]}}