{"id":503699,"date":"2021-12-23T11:49:46","date_gmt":"2021-12-23T11:49:46","guid":{"rendered":"https:\/\/droix.eu\/slapuku-politika\/"},"modified":"2025-05-27T14:22:16","modified_gmt":"2025-05-27T13:22:16","slug":"slapuku-politika","status":"publish","type":"page","link":"https:\/\/droix.eu\/lt\/slapuku-politika\/","title":{"rendered":"Slapuk\u0173 politika"},"content":{"rendered":"\n<p>\u0160i slapuk\u0173 politika turi b\u016bti vertinama kartu su (suporuota su), &#8220;kaip viena&#8221; su <a href=\"https:\/\/droix.eu\/lt\/taisykles-ir-salygos\/\" target=\"_blank\" rel=\"noreferrer noopener\">Taisykl\u0117mis ir s\u0105lygomis<\/a> bei <a href=\"https:\/\/droix.eu\/lt\/privatumo-politika\/\" target=\"_blank\" rel=\"noreferrer noopener\">Privatumo politika<\/a>.<\/p>\n\n<ol class=\"wp-block-list\">\n<li>\u0160ios pardavimo s\u0105lygos taikomos visoms DROIX, kurios registruota buvein\u0117 yra adresu 54C Expressway, N Woolwich Rd, London, E16 2AA, Jungtin\u0117 Karalyst\u0117, tiekiamoms prek\u0117ms.)\n<ol class=\"wp-block-list\">\n<li>Pateiktoje sutartyje pateikiamos nuorodos \u012f: Mes (DROIX) esame Tiek\u0117jas, o j\u016bs (Klientas)<\/li>\n<\/ol>\n<\/li>\n<\/ol>\n\n<ol class=\"wp-block-list\">\n<li>Tiek\u0117jo interneto svetain\u0117je naudojami slapukai, skirti atskirti klient\u0105, t. y. Jus, nuo kit\u0173 interneto svetain\u0117s naudotoj\u0173. Tai padeda Tiek\u0117jui suteikti jums ger\u0105 patirt\u012f nar\u0161ant Tiek\u0117jo svetain\u0117je, taip pat leid\u017eia Tiek\u0117jui tobulinti m\u016bs\u0173 svetain\u0119. T\u0119sdami nar\u0161ym\u0105 svetain\u0117je, j\u016bs sutinkate, kad Tiek\u0117jas naudot\u0173 slapukus.  <\/li>\n\n\n\n<li>Slapukas &#8211; tai nedidelis raid\u017ei\u0173 ir skai\u010di\u0173 failas, kur\u012f Tiek\u0117jas i\u0161saugo j\u016bs\u0173 nar\u0161ykl\u0117je arba j\u016bs\u0173 kompiuterio ar mobiliojo telefono kietajame diske, jei sutinkate. Slapukuose yra informacijos, kuri perkeliama \u012f j\u016bs\u0173 kompiuterio kiet\u0105j\u012f disk\u0105. <\/li>\n\n\n\n<li>Tiek\u0117jas naudoja \u0161iuos slapukus:\n<ol class=\"wp-block-list\">\n<li>Grie\u017etai b\u016btini slapukai. Tai slapukai, kurie reikalingi Tiek\u0117jo svetain\u0117s veikimui. Jie apima, pavyzd\u017eiui, slapukus, kurie leid\u017eia jums prisijungti prie saugi\u0173 Tiek\u0117jo svetain\u0117s sri\u010di\u0173 ir atlikti sandorius.  <\/li>\n\n\n\n<li>Analitiniai ir (arba) veiklos slapukai. Jie leid\u017eia Tiek\u0117jui atpa\u017einti ir suskai\u010diuoti lankytoj\u0173 skai\u010di\u0173 bei matyti, kaip lankytojai juda Tiek\u0117jo svetain\u0117je, kai ja naudojasi. Tai padeda Tiek\u0117jui tobulinti svetain\u0117s veikim\u0105, pavyzd\u017eiui, u\u017etikrinant, kad naudotojai lengvai ir be vargo rast\u0173 tai, ko ie\u0161ko.  <\/li>\n\n\n\n<li>Tiek\u0117jas naudoja &#8220;Google Analytics&#8221; slapukus. &#8220;Google Analytics&#8221; informacij\u0105 renka anonimi\u0161kai. Ji prane\u0161a apie svetain\u0117s tendencijas neidentifikuodama atskir\u0173 lankytoj\u0173. Galite atsisakyti &#8220;Google Analytics&#8221;, ta\u010diau tai netur\u0117s \u012ftakos j\u016bs\u0173 lankymuisi \u0161ioje svetain\u0117je. Daugiau informacijos apie &#8220;Google Analytics&#8221; rasite \u010dia.    <\/li>\n\n\n\n<li>Tiksliniai slapukai. \u0160ie slapukai fiksuoja j\u016bs\u0173 apsilankym\u0105 Tiek\u0117jo svetain\u0117je, aplankytus puslapius ir nuorodas, kurias sek\u0117te. Tiek\u0117jas naudoja \u0161i\u0105 informacij\u0105, kad svetain\u0117 ir joje rodoma reklama labiau atitikt\u0173 j\u016bs\u0173 interesus. \u0160iuo tikslu Tiek\u0117jas taip pat gali dalytis \u0161ia informacija su tre\u010diosiomis \u0161alimis.   <\/li>\n<\/ol>\n<\/li>\n\n\n\n<li>Atkreipkite d\u0117mes\u012f, kad tre\u010diosios \u0161alys (\u012fskaitant, pavyzd\u017eiui, reklamos tinklus ir i\u0161or\u0117s paslaug\u0173 teik\u0117jus, pavyzd\u017eiui, interneto srauto analiz\u0117s paslaugas) taip pat gali naudoti slapukus, kuri\u0173 Tiek\u0117jas nekontroliuoja. Tik\u0117tina, kad \u0161ie slapukai bus analitiniai \/ na\u0161umo slapukai arba tiksliniai slapukai. <\/li>\n\n\n\n<li>Slapukus galite blokuoti \u012fjung\u0119 nar\u0161ykl\u0117s nustatym\u0105, leid\u017eiant\u012f atsisakyti vis\u0173 ar kai kuri\u0173 slapuk\u0173. Ta\u010diau jei nar\u0161ykl\u0117s nustatymuose blokuosite visus slapukus (\u012fskaitant esminius slapukus), gali b\u016bti, kad negal\u0117site pasiekti visos Tiek\u0117jo svetain\u0117s arba jos dalies. <\/li>\n<\/ol>\n\n<h2 class=\"wp-block-heading\" id=\"h-cookie-description\">SLAPUK\u0172 APRA\u0160YMAS<\/h2>\n<p><script type=\"text\/javascript\" charset=\"UTF-8\" data-cookiescriptreport=\"report\" src=\"\/\/report.cookie-script.com\/r\/21c7c108a50ee55d6c4ed24051df0334.js\"><\/script><\/p>\n\n<p class=\"has-text-align-center\">Paskutin\u012f kart\u0105 atnaujinta slapuk\u0173 politika: spalio 12, 2022 &#8211; 02:29AM.<\/p>\n","protected":false},"excerpt":{"rendered":"<p>\u0160i slapuk\u0173 politika turi b\u016bti vertinama kartu su (suporuota su), &#8220;kaip viena&#8221; su Taisykl\u0117mis ir s\u0105lygomis bei Privatumo politika. SLAPUK\u0172 APRA\u0160YMAS Paskutin\u012f kart\u0105 atnaujinta slapuk\u0173 politika: spalio 12, 2022 &#8211; 02:29AM.<\/p>\n","protected":false},"author":1,"featured_media":0,"parent":0,"menu_order":0,"comment_status":"closed","ping_status":"closed","template":"","meta":{"_acf_changed":false,"footnotes":""},"class_list":["post-503699","page","type-page","status-publish","hentry"],"acf":[],"aioseo_notices":[],"aioseo_head":"\n\t\t<!-- All in One SEO Pro 4.9.5.2 - aioseo.com -->\n\t<meta name=\"description\" content=\"\u0160i slapuk\u0173 politika turi b\u016bti vertinama kartu su (suporuota su), &quot;kaip viena&quot; su Taisykl\u0117mis ir s\u0105lygomis bei Privatumo politika. \u0160ios pardavimo s\u0105lygos taikomos visoms DROIX, kurios registruota buvein\u0117 yra adresu 54C Expressway, N Woolwich Rd, London, E16 2AA, Jungtin\u0117 Karalyst\u0117, tiekiamoms prek\u0117ms.) Pateiktoje sutartyje pateikiamos nuorodos \u012f: Mes (DROIX) esame Tiek\u0117jas, o j\u016bs (Klientas) Tiek\u0117jo\" \/>\n\t<meta name=\"robots\" content=\"max-image-preview:large\" \/>\n\t<link rel=\"canonical\" href=\"https:\/\/droix.eu\/lt\/slapuku-politika\/\" \/>\n\t<meta name=\"generator\" content=\"All in One SEO Pro (AIOSEO) 4.9.5.2\" \/>\n\t\t<meta property=\"og:locale\" content=\"lt_LT\" \/>\n\t\t<meta property=\"og:site_name\" content=\"DROIX EU - Get the latest Mini PCs, Ultrabook, PC Gaming Handhelds and more!\" \/>\n\t\t<meta property=\"og:type\" content=\"article\" \/>\n\t\t<meta property=\"og:title\" content=\"Slapuk\u0173 politika - DROIX EU\" \/>\n\t\t<meta property=\"og:description\" content=\"\u0160i slapuk\u0173 politika turi b\u016bti vertinama kartu su (suporuota su), &quot;kaip viena&quot; su Taisykl\u0117mis ir s\u0105lygomis bei Privatumo politika. \u0160ios pardavimo s\u0105lygos taikomos visoms DROIX, kurios registruota buvein\u0117 yra adresu 54C Expressway, N Woolwich Rd, London, E16 2AA, Jungtin\u0117 Karalyst\u0117, tiekiamoms prek\u0117ms.) Pateiktoje sutartyje pateikiamos nuorodos \u012f: Mes (DROIX) esame Tiek\u0117jas, o j\u016bs (Klientas) Tiek\u0117jo\" \/>\n\t\t<meta property=\"og:url\" content=\"https:\/\/droix.eu\/lt\/slapuku-politika\/\" \/>\n\t\t<meta property=\"og:image\" content=\"https:\/\/droix.eu\/wp-content\/uploads\/2024\/06\/droix-v2-light-logo.png\" \/>\n\t\t<meta property=\"og:image:secure_url\" content=\"https:\/\/droix.eu\/wp-content\/uploads\/2024\/06\/droix-v2-light-logo.png\" \/>\n\t\t<meta property=\"og:image:width\" content=\"380\" \/>\n\t\t<meta property=\"og:image:height\" content=\"118\" \/>\n\t\t<meta property=\"article:published_time\" content=\"2021-12-23T11:49:46+00:00\" \/>\n\t\t<meta property=\"article:modified_time\" content=\"2025-05-27T13:22:16+00:00\" \/>\n\t\t<meta property=\"article:publisher\" content=\"https:\/\/www.facebook.com\/DroiX.Store\" \/>\n\t\t<meta name=\"twitter:card\" content=\"summary_large_image\" \/>\n\t\t<meta name=\"twitter:site\" content=\"@DroiX_Store\" \/>\n\t\t<meta name=\"twitter:title\" content=\"Slapuk\u0173 politika - DROIX EU\" \/>\n\t\t<meta name=\"twitter:description\" content=\"\u0160i slapuk\u0173 politika turi b\u016bti vertinama kartu su (suporuota su), &quot;kaip viena&quot; su Taisykl\u0117mis ir s\u0105lygomis bei Privatumo politika. \u0160ios pardavimo s\u0105lygos taikomos visoms DROIX, kurios registruota buvein\u0117 yra adresu 54C Expressway, N Woolwich Rd, London, E16 2AA, Jungtin\u0117 Karalyst\u0117, tiekiamoms prek\u0117ms.) Pateiktoje sutartyje pateikiamos nuorodos \u012f: Mes (DROIX) esame Tiek\u0117jas, o j\u016bs (Klientas) Tiek\u0117jo\" \/>\n\t\t<meta name=\"twitter:creator\" content=\"@DroiX_Store\" \/>\n\t\t<meta name=\"twitter:image\" content=\"https:\/\/droix.eu\/wp-content\/uploads\/2024\/06\/droix-v2-light-logo.png\" \/>\n\t\t<script type=\"application\/ld+json\" class=\"aioseo-schema\">\n\t\t\t{\"@context\":\"https:\\\/\\\/schema.org\",\"@graph\":[{\"@type\":\"BreadcrumbList\",\"@id\":\"https:\\\/\\\/droix.eu\\\/lt\\\/slapuku-politika\\\/#breadcrumblist\",\"itemListElement\":[{\"@type\":\"ListItem\",\"@id\":\"https:\\\/\\\/droix.eu\\\/lt\\\/#listItem\",\"position\":1,\"name\":\"Home\",\"item\":\"https:\\\/\\\/droix.eu\\\/lt\\\/\",\"nextItem\":{\"@type\":\"ListItem\",\"@id\":\"https:\\\/\\\/droix.eu\\\/lt\\\/slapuku-politika\\\/#listItem\",\"name\":\"Slapuk\\u0173 politika\"}},{\"@type\":\"ListItem\",\"@id\":\"https:\\\/\\\/droix.eu\\\/lt\\\/slapuku-politika\\\/#listItem\",\"position\":2,\"name\":\"Slapuk\\u0173 politika\",\"previousItem\":{\"@type\":\"ListItem\",\"@id\":\"https:\\\/\\\/droix.eu\\\/lt\\\/#listItem\",\"name\":\"Home\"}}]},{\"@type\":\"Organization\",\"@id\":\"https:\\\/\\\/droix.eu\\\/lt\\\/#organization\",\"name\":\"DroiX \\u2013 Trusted EU Tech Retailer with 12+ Years Experience\",\"description\":\"DroiX is a leading European technology retailer with over 12 years of experience, offering quality mini PCs, handheld gaming consoles, and tech accessories. We provide hassle-free EU delivery with all taxes included, ensuring a smooth and reliable shopping experience for our customers across Europe.\",\"url\":\"https:\\\/\\\/droix.eu\\\/lt\\\/\",\"logo\":{\"@type\":\"ImageObject\",\"url\":\"https:\\\/\\\/droix.eu\\\/wp-content\\\/uploads\\\/2024\\\/06\\\/droix-v2-light-logo.png\",\"@id\":\"https:\\\/\\\/droix.eu\\\/lt\\\/slapuku-politika\\\/#organizationLogo\",\"width\":380,\"height\":118},\"image\":{\"@id\":\"https:\\\/\\\/droix.eu\\\/lt\\\/slapuku-politika\\\/#organizationLogo\"},\"sameAs\":[\"https:\\\/\\\/www.facebook.com\\\/DroiX.Store\",\"https:\\\/\\\/twitter.com\\\/DroiX_Store\",\"https:\\\/\\\/www.instagram.com\\\/droix.store\\\/\",\"https:\\\/\\\/www.tiktok.com\\\/@droix.store\",\"https:\\\/\\\/www.youtube.com\\\/c\\\/DroiX_Store\",\"https:\\\/\\\/uk.linkedin.com\\\/company\\\/droix\"]},{\"@type\":\"WebPage\",\"@id\":\"https:\\\/\\\/droix.eu\\\/lt\\\/slapuku-politika\\\/#webpage\",\"url\":\"https:\\\/\\\/droix.eu\\\/lt\\\/slapuku-politika\\\/\",\"name\":\"Slapuk\\u0173 politika - DROIX EU\",\"description\":\"\\u0160i slapuk\\u0173 politika turi b\\u016bti vertinama kartu su (suporuota su), \\\"kaip viena\\\" su Taisykl\\u0117mis ir s\\u0105lygomis bei Privatumo politika. \\u0160ios pardavimo s\\u0105lygos taikomos visoms DROIX, kurios registruota buvein\\u0117 yra adresu 54C Expressway, N Woolwich Rd, London, E16 2AA, Jungtin\\u0117 Karalyst\\u0117, tiekiamoms prek\\u0117ms.) Pateiktoje sutartyje pateikiamos nuorodos \\u012f: Mes (DROIX) esame Tiek\\u0117jas, o j\\u016bs (Klientas) Tiek\\u0117jo\",\"inLanguage\":\"lt-LT\",\"isPartOf\":{\"@id\":\"https:\\\/\\\/droix.eu\\\/lt\\\/#website\"},\"breadcrumb\":{\"@id\":\"https:\\\/\\\/droix.eu\\\/lt\\\/slapuku-politika\\\/#breadcrumblist\"},\"datePublished\":\"2021-12-23T11:49:46+00:00\",\"dateModified\":\"2025-05-27T14:22:16+01:00\"},{\"@type\":\"WebSite\",\"@id\":\"https:\\\/\\\/droix.eu\\\/lt\\\/#website\",\"url\":\"https:\\\/\\\/droix.eu\\\/lt\\\/\",\"name\":\"DROIX EU\",\"description\":\"Get the latest Mini PCs, Ultrabook, PC Gaming Handhelds and more!\",\"inLanguage\":\"lt-LT\",\"publisher\":{\"@id\":\"https:\\\/\\\/droix.eu\\\/lt\\\/#organization\"}}]}\n\t\t<\/script>\n\t\t<!-- All in One SEO Pro -->\r\n\t\t<title>Slapuk\u0173 politika - DROIX EU<\/title>\n\n","aioseo_head_json":{"title":"Slapuk\u0173 politika - DROIX EU","description":"\u0160i slapuk\u0173 politika turi b\u016bti vertinama kartu su (suporuota su), \"kaip viena\" su Taisykl\u0117mis ir s\u0105lygomis bei Privatumo politika. \u0160ios pardavimo s\u0105lygos taikomos visoms DROIX, kurios registruota buvein\u0117 yra adresu 54C Expressway, N Woolwich Rd, London, E16 2AA, Jungtin\u0117 Karalyst\u0117, tiekiamoms prek\u0117ms.) Pateiktoje sutartyje pateikiamos nuorodos \u012f: Mes (DROIX) esame Tiek\u0117jas, o j\u016bs (Klientas) Tiek\u0117jo","canonical_url":"https:\/\/droix.eu\/lt\/slapuku-politika\/","robots":"max-image-preview:large","keywords":"","webmasterTools":{"miscellaneous":""},"schema":{"@context":"https:\/\/schema.org","@graph":[{"@type":"BreadcrumbList","@id":"https:\/\/droix.eu\/lt\/slapuku-politika\/#breadcrumblist","itemListElement":[{"@type":"ListItem","@id":"https:\/\/droix.eu\/lt\/#listItem","position":1,"name":"Home","item":"https:\/\/droix.eu\/lt\/","nextItem":{"@type":"ListItem","@id":"https:\/\/droix.eu\/lt\/slapuku-politika\/#listItem","name":"Slapuk\u0173 politika"}},{"@type":"ListItem","@id":"https:\/\/droix.eu\/lt\/slapuku-politika\/#listItem","position":2,"name":"Slapuk\u0173 politika","previousItem":{"@type":"ListItem","@id":"https:\/\/droix.eu\/lt\/#listItem","name":"Home"}}]},{"@type":"Organization","@id":"https:\/\/droix.eu\/lt\/#organization","name":"DroiX \u2013 Trusted EU Tech Retailer with 12+ Years Experience","description":"DroiX is a leading European technology retailer with over 12 years of experience, offering quality mini PCs, handheld gaming consoles, and tech accessories. We provide hassle-free EU delivery with all taxes included, ensuring a smooth and reliable shopping experience for our customers across Europe.","url":"https:\/\/droix.eu\/lt\/","logo":{"@type":"ImageObject","url":"https:\/\/droix.eu\/wp-content\/uploads\/2024\/06\/droix-v2-light-logo.png","@id":"https:\/\/droix.eu\/lt\/slapuku-politika\/#organizationLogo","width":380,"height":118},"image":{"@id":"https:\/\/droix.eu\/lt\/slapuku-politika\/#organizationLogo"},"sameAs":["https:\/\/www.facebook.com\/DroiX.Store","https:\/\/twitter.com\/DroiX_Store","https:\/\/www.instagram.com\/droix.store\/","https:\/\/www.tiktok.com\/@droix.store","https:\/\/www.youtube.com\/c\/DroiX_Store","https:\/\/uk.linkedin.com\/company\/droix"]},{"@type":"WebPage","@id":"https:\/\/droix.eu\/lt\/slapuku-politika\/#webpage","url":"https:\/\/droix.eu\/lt\/slapuku-politika\/","name":"Slapuk\u0173 politika - DROIX EU","description":"\u0160i slapuk\u0173 politika turi b\u016bti vertinama kartu su (suporuota su), \"kaip viena\" su Taisykl\u0117mis ir s\u0105lygomis bei Privatumo politika. \u0160ios pardavimo s\u0105lygos taikomos visoms DROIX, kurios registruota buvein\u0117 yra adresu 54C Expressway, N Woolwich Rd, London, E16 2AA, Jungtin\u0117 Karalyst\u0117, tiekiamoms prek\u0117ms.) Pateiktoje sutartyje pateikiamos nuorodos \u012f: Mes (DROIX) esame Tiek\u0117jas, o j\u016bs (Klientas) Tiek\u0117jo","inLanguage":"lt-LT","isPartOf":{"@id":"https:\/\/droix.eu\/lt\/#website"},"breadcrumb":{"@id":"https:\/\/droix.eu\/lt\/slapuku-politika\/#breadcrumblist"},"datePublished":"2021-12-23T11:49:46+00:00","dateModified":"2025-05-27T14:22:16+01:00"},{"@type":"WebSite","@id":"https:\/\/droix.eu\/lt\/#website","url":"https:\/\/droix.eu\/lt\/","name":"DROIX EU","description":"Get the latest Mini PCs, Ultrabook, PC Gaming Handhelds and more!","inLanguage":"lt-LT","publisher":{"@id":"https:\/\/droix.eu\/lt\/#organization"}}]},"og:locale":"lt_LT","og:site_name":"DROIX EU - Get the latest Mini PCs, Ultrabook, PC Gaming Handhelds and more!","og:type":"article","og:title":"Slapuk\u0173 politika - DROIX EU","og:description":"\u0160i slapuk\u0173 politika turi b\u016bti vertinama kartu su (suporuota su), &quot;kaip viena&quot; su Taisykl\u0117mis ir s\u0105lygomis bei Privatumo politika. \u0160ios pardavimo s\u0105lygos taikomos visoms DROIX, kurios registruota buvein\u0117 yra adresu 54C Expressway, N Woolwich Rd, London, E16 2AA, Jungtin\u0117 Karalyst\u0117, tiekiamoms prek\u0117ms.) Pateiktoje sutartyje pateikiamos nuorodos \u012f: Mes (DROIX) esame Tiek\u0117jas, o j\u016bs (Klientas) Tiek\u0117jo","og:url":"https:\/\/droix.eu\/lt\/slapuku-politika\/","og:image":"https:\/\/droix.eu\/wp-content\/uploads\/2024\/06\/droix-v2-light-logo.png","og:image:secure_url":"https:\/\/droix.eu\/wp-content\/uploads\/2024\/06\/droix-v2-light-logo.png","og:image:width":380,"og:image:height":118,"article:published_time":"2021-12-23T11:49:46+00:00","article:modified_time":"2025-05-27T13:22:16+00:00","article:publisher":"https:\/\/www.facebook.com\/DroiX.Store","twitter:card":"summary_large_image","twitter:site":"@DroiX_Store","twitter:title":"Slapuk\u0173 politika - DROIX EU","twitter:description":"\u0160i slapuk\u0173 politika turi b\u016bti vertinama kartu su (suporuota su), &quot;kaip viena&quot; su Taisykl\u0117mis ir s\u0105lygomis bei Privatumo politika. \u0160ios pardavimo s\u0105lygos taikomos visoms DROIX, kurios registruota buvein\u0117 yra adresu 54C Expressway, N Woolwich Rd, London, E16 2AA, Jungtin\u0117 Karalyst\u0117, tiekiamoms prek\u0117ms.) Pateiktoje sutartyje pateikiamos nuorodos \u012f: Mes (DROIX) esame Tiek\u0117jas, o j\u016bs (Klientas) Tiek\u0117jo","twitter:creator":"@DroiX_Store","twitter:image":"https:\/\/droix.eu\/wp-content\/uploads\/2024\/06\/droix-v2-light-logo.png"},"aioseo_meta_data":{"post_id":"503699","title":null,"description":null,"keywords":null,"keyphrases":null,"primary_term":null,"canonical_url":null,"og_title":null,"og_description":null,"og_object_type":"default","og_image_type":"default","og_image_url":null,"og_image_width":null,"og_image_height":null,"og_image_custom_url":null,"og_image_custom_fields":null,"og_video":null,"og_custom_url":null,"og_article_section":null,"og_article_tags":null,"twitter_use_og":true,"twitter_card":"default","twitter_image_type":"default","twitter_image_url":null,"twitter_image_custom_url":null,"twitter_image_custom_fields":null,"twitter_title":null,"twitter_description":null,"schema":{"blockGraphs":[],"customGraphs":[],"default":{"data":{"Article":[],"Course":[],"Dataset":[],"FAQPage":[],"Movie":[],"Person":[],"Product":[],"ProductReview":[],"Car":[],"Recipe":[],"Service":[],"SoftwareApplication":[],"WebPage":[]},"graphName":"","isEnabled":true},"graphs":[]},"schema_type":"default","schema_type_options":null,"pillar_content":false,"robots_default":true,"robots_noindex":false,"robots_noarchive":false,"robots_nosnippet":false,"robots_nofollow":false,"robots_noimageindex":false,"robots_noodp":false,"robots_notranslate":false,"robots_max_snippet":null,"robots_max_videopreview":null,"robots_max_imagepreview":"large","priority":null,"frequency":null,"local_seo":null,"seo_analyzer_scan_date":"2025-09-16 22:49:01","breadcrumb_settings":null,"limit_modified_date":false,"reviewed_by":null,"open_ai":null,"ai":null,"created":"2025-09-16 22:49:01","updated":"2025-11-27 00:05:22"},"aioseo_breadcrumb":"<div class=\"aioseo-breadcrumbs\"><span class=\"aioseo-breadcrumb\">\n\t<a href=\"https:\/\/droix.eu\/lt\/\" title=\"Home\">Home<\/a>\n<\/span><span class=\"aioseo-breadcrumb-separator\">&raquo;<\/span><span class=\"aioseo-breadcrumb\">\n\tSlapuk\u0173 politika\n<\/span><\/div>","aioseo_breadcrumb_json":[{"label":"Home","link":"https:\/\/droix.eu\/lt\/"},{"label":"Slapuk\u0173 politika","link":"https:\/\/droix.eu\/lt\/slapuku-politika\/"}],"_links":{"self":[{"href":"https:\/\/droix.eu\/lt\/wp-json\/wp\/v2\/pages\/503699","targetHints":{"allow":["GET"]}}],"collection":[{"href":"https:\/\/droix.eu\/lt\/wp-json\/wp\/v2\/pages"}],"about":[{"href":"https:\/\/droix.eu\/lt\/wp-json\/wp\/v2\/types\/page"}],"author":[{"embeddable":true,"href":"https:\/\/droix.eu\/lt\/wp-json\/wp\/v2\/users\/1"}],"replies":[{"embeddable":true,"href":"https:\/\/droix.eu\/lt\/wp-json\/wp\/v2\/comments?post=503699"}],"version-history":[{"count":0,"href":"https:\/\/droix.eu\/lt\/wp-json\/wp\/v2\/pages\/503699\/revisions"}],"wp:attachment":[{"href":"https:\/\/droix.eu\/lt\/wp-json\/wp\/v2\/media?parent=503699"}],"curies":[{"name":"wp","href":"https:\/\/api.w.org\/{rel}","templated":true}]}}