{"id":719210,"date":"2026-04-29T12:06:42","date_gmt":"2026-04-29T11:06:42","guid":{"rendered":"https:\/\/droix.eu\/product\/gpd-box-mini-pc\/"},"modified":"2026-04-29T12:06:42","modified_gmt":"2026-04-29T11:06:42","slug":"gpd-box-mini-pc","status":"publish","type":"product","link":"https:\/\/droix.eu\/it\/product\/gpd-box-mini-pc\/","title":{"rendered":"GPD BOX Mini PC"},"content":{"rendered":"","protected":false},"excerpt":{"rendered":"<ul>\n<li>Intel\u00ae <strong>Core\u2122 Ultra X7 358H \/ 7 356H<\/strong><\/li>\n<li>Intel\u00ae Arc\u2122 <strong>B390 <\/strong> \/ <strong>Intel\u00ae Graphics <\/strong> \/ 2500 Mhz \/ 2450 Mhz<\/li>\n<li>fino a<strong> 64 GB LPDDR5X a 8533 MT\/s<\/strong><\/li>\n<li>fino a<strong> 4TB<\/strong> SSD PCI-E 4.0 NVMe <strong>ad alta velocit\u00e0<\/strong> <\/li>\n<li>Supporto WiFi <strong>6E<\/strong> e Bluetooth <strong>5.3<\/strong> <\/li>\n<\/ul>\n[cg_accordion title=\"Garanzia di 2 anni su tutti i prodotti GPD\"]<\/p>\n<p>Tutti i prodotti GPD hanno una garanzia di 2 anni e sono supportati da oltre 13 anni di servizio di fiducia. Unitevi alla nostra comunit\u00e0 di oltre 500.000 clienti soddisfatti e sentitevi sicuri del vostro acquisto. [\/cg_accordion]\n[cg_accordion title=\"Garanzia di qualit\u00e0 e test pre-spedizione\"]<\/p>\n<p>Garantire la soddisfazione del cliente ai massimi livelli: Ogni dispositivo viene sottoposto a test rigorosi e a un controllo di qualit\u00e0 in pi\u00f9 punti prima di essere spedito. Il nostro team dedicato verifica le prestazioni, la funzionalit\u00e0 e l&#8217;integrit\u00e0 dei componenti per garantire che il vostro dispositivo GPD sia in perfetto stato di funzionamento al momento dell&#8217;arrivo, offrendovi fiducia e tranquillit\u00e0. [\/cg_accordion]\n[cg_accordion title=\"Opzioni di pagamento flessibili e sicure\"]<\/p>\n<p>Godetevi la pace della mente con il nostro sistema di pagamento sicuro. Supportiamo tutti i principali metodi di pagamento, tra cui carte di debito\/credito, PayPal, Apple Pay, Google Pay, Klarna, Afterpay e Affirm, dandovi la libert\u00e0 di pagare a modo vostro, sia in anticipo che in comode rate. [\/cg_accordion]\n[cg_accordion title=\"Tasse\"]<\/p>\n<p>I prezzi sono comprensivi di IVA, che pu\u00f2 arrivare al 25% a seconda del Paese. L&#8217;importo esatto \u00e8 indicato durante il checkout per garantire la massima trasparenza. [\/cg_accordion]\n[cg_accordion title=\"Spedizione e restituzione\"]<\/p>\n<p>Collaboriamo con oltre 10 partner di spedizione fidati per garantire che il vostro ordine arrivi in modo rapido, sicuro e affidabile.<\/p>\n<p>Utilizziamo la spedizione Express DDP (Delivered Duty Paid). Ci\u00f2 significa che: <\/p>\n<li>Tutti i dazi doganali e le tasse sono gi\u00e0 inclusi nel prezzo del prodotto indicato.<\/li>\n<li>Non dovrete affrontare nessuna spesa a sorpresa al momento della consegna.<\/li>\n<li>Nel raro caso di ritardi doganali, il nostro team gestir\u00e0 per voi il processo di sdoganamento per garantire una consegna senza intoppi.<\/li>\n<p>Informazioni importanti sui resi:<\/p>\n<li>In caso di restituzione dell&#8217;ordine o di richiesta di rimborso, si prega di notare che le tasse e i dazi pagati per conto del cliente secondo i termini del DDP non sono rimborsabili.<\/li>\n<p>Per informazioni dettagliate, consulta i nostri <a href=\"https:\/\/droix.eu\/terms-and-conditions\/\" target=\"_blank\" rel=\"nofollow noopener\">Termini e condizioni<\/a>.\n<\/ul>\n<p>[\/cg_accordion]\n[cg_accordion title=\"Assistenza clienti\"]<\/p>\n<p>Hai una domanda? Siamo a un messaggio di distanza per risolvere il tuo problema! [\/cg_accordion]\n[cg_accordion title=\"Il pacchetto comprende\"]<\/p>\n<ul>\n<li>1x GPD BOX Mini PC<\/li>\n<li>1x Supporto verticale (base)<\/li>\n<li>1 cavo di alimentazione<\/li>\n<li>1 manuale d&#8217;uso<\/li>\n<\/ul>\n<p>[\/cg_accordion]\n","protected":false},"featured_media":718317,"template":"","meta":{"_acf_changed":false},"product_brand":[],"product_cat":[35501,35503],"product_tag":[],"woo-feed-brand":[2198],"key-features":[],"class_list":{"0":"post-719210","1":"product","2":"type-product","3":"status-publish","4":"has-post-thumbnail","6":"product_cat-mini-pc-it","7":"product_cat-mini-pc-intel-it","8":"product_shipping_class-premium","9":"woo-feed-brand-gpd","11":"first","12":"outofstock","13":"taxable","14":"shipping-taxable","15":"purchasable","16":"product-type-simple"},"acf":[],"aioseo_notices":[],"aioseo_head":"\n\t\t<!-- All in One SEO Pro 4.9.6.2 - aioseo.com -->\n\t<meta name=\"description\" content=\"Provate il Mini PC GPD Box. Scegliete tra i processori Core Ultra X7 358H o 7 356H. Con PCIe 5.0 e MCIO 8i, \u00e8 la workstation AI 2026 definitiva.\" \/>\n\t<meta name=\"robots\" content=\"max-image-preview:large\" \/>\n\t<link rel=\"canonical\" href=\"https:\/\/droix.eu\/it\/product\/gpd-box-mini-pc\/\" \/>\n\t<meta name=\"generator\" content=\"All in One SEO Pro (AIOSEO) 4.9.6.2\" \/>\n\t\t<meta property=\"og:locale\" content=\"it_IT\" \/>\n\t\t<meta property=\"og:site_name\" content=\"DROIX EU - Get the latest Mini PCs, Ultrabook, PC Gaming Handhelds and more!\" \/>\n\t\t<meta property=\"og:type\" content=\"article\" \/>\n\t\t<meta property=\"og:title\" content=\"Mini PC GPD Box - Intel Core Ultra X7 358H &amp; 7 356H AI NUC \ud83d\ude80\" \/>\n\t\t<meta property=\"og:description\" content=\"Provate il Mini PC GPD Box. Scegliete tra i processori Core Ultra X7 358H o 7 356H. Con PCIe 5.0 e MCIO 8i, \u00e8 la workstation AI 2026 definitiva.\" \/>\n\t\t<meta property=\"og:url\" content=\"https:\/\/droix.eu\/it\/product\/gpd-box-mini-pc\/\" \/>\n\t\t<meta property=\"og:image\" content=\"https:\/\/droix.eu\/wp-content\/uploads\/2024\/06\/droix-v2-light-logo.png\" \/>\n\t\t<meta property=\"og:image:secure_url\" content=\"https:\/\/droix.eu\/wp-content\/uploads\/2024\/06\/droix-v2-light-logo.png\" \/>\n\t\t<meta property=\"og:image:width\" content=\"380\" \/>\n\t\t<meta property=\"og:image:height\" content=\"118\" \/>\n\t\t<meta property=\"article:published_time\" content=\"2026-04-29T11:06:42+00:00\" \/>\n\t\t<meta property=\"article:modified_time\" content=\"2026-04-29T11:06:42+00:00\" \/>\n\t\t<meta property=\"article:publisher\" content=\"https:\/\/www.facebook.com\/DroiX.Store\" \/>\n\t\t<meta name=\"twitter:card\" content=\"summary_large_image\" \/>\n\t\t<meta name=\"twitter:site\" content=\"@DroiX_Store\" \/>\n\t\t<meta name=\"twitter:title\" content=\"Mini PC GPD Box - Intel Core Ultra X7 358H &amp; 7 356H AI NUC \ud83d\ude80\" \/>\n\t\t<meta name=\"twitter:description\" content=\"Provate il Mini PC GPD Box. Scegliete tra i processori Core Ultra X7 358H o 7 356H. Con PCIe 5.0 e MCIO 8i, \u00e8 la workstation AI 2026 definitiva.\" \/>\n\t\t<meta name=\"twitter:image\" content=\"https:\/\/droix.eu\/wp-content\/uploads\/2024\/06\/droix-v2-light-logo.png\" \/>\n\t\t<script type=\"application\/ld+json\" class=\"aioseo-schema\">\n\t\t\t{\"@context\":\"https:\\\/\\\/schema.org\",\"@graph\":[{\"@type\":\"BreadcrumbList\",\"@id\":\"https:\\\/\\\/droix.eu\\\/it\\\/product\\\/gpd-box-mini-pc\\\/#breadcrumblist\",\"itemListElement\":[{\"@type\":\"ListItem\",\"@id\":\"https:\\\/\\\/droix.eu\\\/it\\\/#listItem\",\"position\":1,\"name\":\"Home\",\"item\":\"https:\\\/\\\/droix.eu\\\/it\\\/\",\"nextItem\":{\"@type\":\"ListItem\",\"@id\":\"https:\\\/\\\/droix.eu\\\/it\\\/product-category\\\/mini-pc-it\\\/#listItem\",\"name\":\"Mini PC\"}},{\"@type\":\"ListItem\",\"@id\":\"https:\\\/\\\/droix.eu\\\/it\\\/product-category\\\/mini-pc-it\\\/#listItem\",\"position\":2,\"name\":\"Mini PC\",\"item\":\"https:\\\/\\\/droix.eu\\\/it\\\/product-category\\\/mini-pc-it\\\/\",\"nextItem\":{\"@type\":\"ListItem\",\"@id\":\"https:\\\/\\\/droix.eu\\\/it\\\/product-category\\\/mini-pc-it\\\/mini-pc-intel-it\\\/#listItem\",\"name\":\"Mini PC Intel\"},\"previousItem\":{\"@type\":\"ListItem\",\"@id\":\"https:\\\/\\\/droix.eu\\\/it\\\/#listItem\",\"name\":\"Home\"}},{\"@type\":\"ListItem\",\"@id\":\"https:\\\/\\\/droix.eu\\\/it\\\/product-category\\\/mini-pc-it\\\/mini-pc-intel-it\\\/#listItem\",\"position\":3,\"name\":\"Mini PC Intel\",\"item\":\"https:\\\/\\\/droix.eu\\\/it\\\/product-category\\\/mini-pc-it\\\/mini-pc-intel-it\\\/\",\"nextItem\":{\"@type\":\"ListItem\",\"@id\":\"https:\\\/\\\/droix.eu\\\/it\\\/product\\\/gpd-box-mini-pc\\\/#listItem\",\"name\":\"GPD BOX Mini PC\"},\"previousItem\":{\"@type\":\"ListItem\",\"@id\":\"https:\\\/\\\/droix.eu\\\/it\\\/product-category\\\/mini-pc-it\\\/#listItem\",\"name\":\"Mini PC\"}},{\"@type\":\"ListItem\",\"@id\":\"https:\\\/\\\/droix.eu\\\/it\\\/product\\\/gpd-box-mini-pc\\\/#listItem\",\"position\":4,\"name\":\"GPD BOX Mini PC\",\"previousItem\":{\"@type\":\"ListItem\",\"@id\":\"https:\\\/\\\/droix.eu\\\/it\\\/product-category\\\/mini-pc-it\\\/mini-pc-intel-it\\\/#listItem\",\"name\":\"Mini PC Intel\"}}]},{\"@type\":\"Organization\",\"@id\":\"https:\\\/\\\/droix.eu\\\/it\\\/#organization\",\"name\":\"DroiX \\u2013 Trusted EU Tech Retailer with 12+ Years Experience\",\"description\":\"DroiX is a leading European technology retailer with over 12 years of experience, offering quality mini PCs, handheld gaming consoles, and tech accessories. We provide hassle-free EU delivery with all taxes included, ensuring a smooth and reliable shopping experience for our customers across Europe.\",\"url\":\"https:\\\/\\\/droix.eu\\\/it\\\/\",\"logo\":{\"@type\":\"ImageObject\",\"url\":\"https:\\\/\\\/droix.eu\\\/wp-content\\\/uploads\\\/2024\\\/06\\\/droix-v2-light-logo.png\",\"@id\":\"https:\\\/\\\/droix.eu\\\/it\\\/product\\\/gpd-box-mini-pc\\\/#organizationLogo\",\"width\":380,\"height\":118},\"image\":{\"@id\":\"https:\\\/\\\/droix.eu\\\/it\\\/product\\\/gpd-box-mini-pc\\\/#organizationLogo\"},\"sameAs\":[\"https:\\\/\\\/www.facebook.com\\\/DroiX.Store\",\"https:\\\/\\\/twitter.com\\\/DroiX_Store\",\"https:\\\/\\\/www.instagram.com\\\/droix.store\\\/\",\"https:\\\/\\\/www.tiktok.com\\\/@droix.store\",\"https:\\\/\\\/www.youtube.com\\\/c\\\/DroiX_Store\",\"https:\\\/\\\/uk.linkedin.com\\\/company\\\/droix\"]},{\"@type\":\"Product\",\"@id\":\"https:\\\/\\\/droix.eu\\\/it\\\/product\\\/gpd-box-mini-pc\\\/#wooCommerceProduct\",\"name\":\"GPD BOX Mini PC\",\"description\":\"Intel\\u00ae Core\\u2122 Ultra X7 358H \\\/ 7 356H\\nIntel\\u00ae Arc\\u2122 B390  \\\/ Intel\\u00ae Graphics  \\\/ 2500 Mhz \\\/ 2450 Mhz\\nfino a 64 GB LPDDR5X a 8533 MT\\\/s\\nfino a 4TB SSD PCI-E 4.0 NVMe ad alta velocit\\u00e0 \\nSupporto WiFi 6E e Bluetooth 5.3\",\"url\":\"https:\\\/\\\/droix.eu\\\/it\\\/product\\\/gpd-box-mini-pc\\\/\",\"image\":{\"@type\":\"ImageObject\",\"url\":\"https:\\\/\\\/droix.eu\\\/wp-content\\\/uploads\\\/2026\\\/04\\\/GPD-BOX-LISTING-DONE-01.png\",\"@id\":\"https:\\\/\\\/droix.eu\\\/it\\\/product\\\/gpd-box-mini-pc\\\/#productImage\",\"width\":1500,\"height\":1500},\"offers\":{\"@type\":\"Offer\",\"url\":\"https:\\\/\\\/droix.eu\\\/it\\\/product\\\/gpd-box-mini-pc\\\/#wooCommerceOffer\",\"price\":0,\"priceCurrency\":\"EUR\",\"category\":\"Mini PC\",\"availability\":\"https:\\\/\\\/schema.org\\\/OutOfStock\",\"seller\":{\"@type\":\"Organization\",\"@id\":\"https:\\\/\\\/droix.eu\\\/it\\\/#organization\"}}},{\"@type\":\"WebPage\",\"@id\":\"https:\\\/\\\/droix.eu\\\/it\\\/product\\\/gpd-box-mini-pc\\\/#webpage\",\"url\":\"https:\\\/\\\/droix.eu\\\/it\\\/product\\\/gpd-box-mini-pc\\\/\",\"name\":\"Mini PC GPD Box - Intel Core Ultra X7 358H & 7 356H AI NUC \\ud83d\\ude80\",\"description\":\"Provate il Mini PC GPD Box. Scegliete tra i processori Core Ultra X7 358H o 7 356H. Con PCIe 5.0 e MCIO 8i, \\u00e8 la workstation AI 2026 definitiva.\",\"inLanguage\":\"it-IT\",\"isPartOf\":{\"@id\":\"https:\\\/\\\/droix.eu\\\/it\\\/#website\"},\"breadcrumb\":{\"@id\":\"https:\\\/\\\/droix.eu\\\/it\\\/product\\\/gpd-box-mini-pc\\\/#breadcrumblist\"},\"image\":{\"@type\":\"ImageObject\",\"url\":\"https:\\\/\\\/droix.eu\\\/wp-content\\\/uploads\\\/2026\\\/04\\\/GPD-BOX-LISTING-DONE-01.png\",\"@id\":\"https:\\\/\\\/droix.eu\\\/it\\\/product\\\/gpd-box-mini-pc\\\/#mainImage\",\"width\":1500,\"height\":1500},\"primaryImageOfPage\":{\"@id\":\"https:\\\/\\\/droix.eu\\\/it\\\/product\\\/gpd-box-mini-pc\\\/#mainImage\"},\"datePublished\":\"2026-04-29T12:06:42+01:00\",\"dateModified\":\"2026-04-29T12:06:42+01:00\"},{\"@type\":\"WebSite\",\"@id\":\"https:\\\/\\\/droix.eu\\\/it\\\/#website\",\"url\":\"https:\\\/\\\/droix.eu\\\/it\\\/\",\"name\":\"DROIX EU\",\"description\":\"Get the latest Mini PCs, Ultrabook, PC Gaming Handhelds and more!\",\"inLanguage\":\"it-IT\",\"publisher\":{\"@id\":\"https:\\\/\\\/droix.eu\\\/it\\\/#organization\"}}]}\n\t\t<\/script>\n\t\t<!-- All in One SEO Pro -->\r\n\t\t<title>Mini PC GPD Box - Intel Core Ultra X7 358H &amp; 7 356H AI NUC \ud83d\ude80<\/title>\n\n","aioseo_head_json":{"title":"Mini PC GPD Box - Intel Core Ultra X7 358H & 7 356H AI NUC \ud83d\ude80","description":"Provate il Mini PC GPD Box. Scegliete tra i processori Core Ultra X7 358H o 7 356H. Con PCIe 5.0 e MCIO 8i, \u00e8 la workstation AI 2026 definitiva.","canonical_url":"https:\/\/droix.eu\/it\/product\/gpd-box-mini-pc\/","robots":"max-image-preview:large","keywords":"","webmasterTools":{"miscellaneous":""},"schema":{"@context":"https:\/\/schema.org","@graph":[{"@type":"BreadcrumbList","@id":"https:\/\/droix.eu\/it\/product\/gpd-box-mini-pc\/#breadcrumblist","itemListElement":[{"@type":"ListItem","@id":"https:\/\/droix.eu\/it\/#listItem","position":1,"name":"Home","item":"https:\/\/droix.eu\/it\/","nextItem":{"@type":"ListItem","@id":"https:\/\/droix.eu\/it\/product-category\/mini-pc-it\/#listItem","name":"Mini PC"}},{"@type":"ListItem","@id":"https:\/\/droix.eu\/it\/product-category\/mini-pc-it\/#listItem","position":2,"name":"Mini PC","item":"https:\/\/droix.eu\/it\/product-category\/mini-pc-it\/","nextItem":{"@type":"ListItem","@id":"https:\/\/droix.eu\/it\/product-category\/mini-pc-it\/mini-pc-intel-it\/#listItem","name":"Mini PC Intel"},"previousItem":{"@type":"ListItem","@id":"https:\/\/droix.eu\/it\/#listItem","name":"Home"}},{"@type":"ListItem","@id":"https:\/\/droix.eu\/it\/product-category\/mini-pc-it\/mini-pc-intel-it\/#listItem","position":3,"name":"Mini PC Intel","item":"https:\/\/droix.eu\/it\/product-category\/mini-pc-it\/mini-pc-intel-it\/","nextItem":{"@type":"ListItem","@id":"https:\/\/droix.eu\/it\/product\/gpd-box-mini-pc\/#listItem","name":"GPD BOX Mini PC"},"previousItem":{"@type":"ListItem","@id":"https:\/\/droix.eu\/it\/product-category\/mini-pc-it\/#listItem","name":"Mini PC"}},{"@type":"ListItem","@id":"https:\/\/droix.eu\/it\/product\/gpd-box-mini-pc\/#listItem","position":4,"name":"GPD BOX Mini PC","previousItem":{"@type":"ListItem","@id":"https:\/\/droix.eu\/it\/product-category\/mini-pc-it\/mini-pc-intel-it\/#listItem","name":"Mini PC Intel"}}]},{"@type":"Organization","@id":"https:\/\/droix.eu\/it\/#organization","name":"DroiX \u2013 Trusted EU Tech Retailer with 12+ Years Experience","description":"DroiX is a leading European technology retailer with over 12 years of experience, offering quality mini PCs, handheld gaming consoles, and tech accessories. We provide hassle-free EU delivery with all taxes included, ensuring a smooth and reliable shopping experience for our customers across Europe.","url":"https:\/\/droix.eu\/it\/","logo":{"@type":"ImageObject","url":"https:\/\/droix.eu\/wp-content\/uploads\/2024\/06\/droix-v2-light-logo.png","@id":"https:\/\/droix.eu\/it\/product\/gpd-box-mini-pc\/#organizationLogo","width":380,"height":118},"image":{"@id":"https:\/\/droix.eu\/it\/product\/gpd-box-mini-pc\/#organizationLogo"},"sameAs":["https:\/\/www.facebook.com\/DroiX.Store","https:\/\/twitter.com\/DroiX_Store","https:\/\/www.instagram.com\/droix.store\/","https:\/\/www.tiktok.com\/@droix.store","https:\/\/www.youtube.com\/c\/DroiX_Store","https:\/\/uk.linkedin.com\/company\/droix"]},{"@type":"Product","@id":"https:\/\/droix.eu\/it\/product\/gpd-box-mini-pc\/#wooCommerceProduct","name":"GPD BOX Mini PC","description":"Intel\u00ae Core\u2122 Ultra X7 358H \/ 7 356H\nIntel\u00ae Arc\u2122 B390  \/ Intel\u00ae Graphics  \/ 2500 Mhz \/ 2450 Mhz\nfino a 64 GB LPDDR5X a 8533 MT\/s\nfino a 4TB SSD PCI-E 4.0 NVMe ad alta velocit\u00e0 \nSupporto WiFi 6E e Bluetooth 5.3","url":"https:\/\/droix.eu\/it\/product\/gpd-box-mini-pc\/","image":{"@type":"ImageObject","url":"https:\/\/droix.eu\/wp-content\/uploads\/2026\/04\/GPD-BOX-LISTING-DONE-01.png","@id":"https:\/\/droix.eu\/it\/product\/gpd-box-mini-pc\/#productImage","width":1500,"height":1500},"offers":{"@type":"Offer","url":"https:\/\/droix.eu\/it\/product\/gpd-box-mini-pc\/#wooCommerceOffer","price":0,"priceCurrency":"EUR","category":"Mini PC","availability":"https:\/\/schema.org\/OutOfStock","seller":{"@type":"Organization","@id":"https:\/\/droix.eu\/it\/#organization"}}},{"@type":"WebPage","@id":"https:\/\/droix.eu\/it\/product\/gpd-box-mini-pc\/#webpage","url":"https:\/\/droix.eu\/it\/product\/gpd-box-mini-pc\/","name":"Mini PC GPD Box - Intel Core Ultra X7 358H & 7 356H AI NUC \ud83d\ude80","description":"Provate il Mini PC GPD Box. Scegliete tra i processori Core Ultra X7 358H o 7 356H. Con PCIe 5.0 e MCIO 8i, \u00e8 la workstation AI 2026 definitiva.","inLanguage":"it-IT","isPartOf":{"@id":"https:\/\/droix.eu\/it\/#website"},"breadcrumb":{"@id":"https:\/\/droix.eu\/it\/product\/gpd-box-mini-pc\/#breadcrumblist"},"image":{"@type":"ImageObject","url":"https:\/\/droix.eu\/wp-content\/uploads\/2026\/04\/GPD-BOX-LISTING-DONE-01.png","@id":"https:\/\/droix.eu\/it\/product\/gpd-box-mini-pc\/#mainImage","width":1500,"height":1500},"primaryImageOfPage":{"@id":"https:\/\/droix.eu\/it\/product\/gpd-box-mini-pc\/#mainImage"},"datePublished":"2026-04-29T12:06:42+01:00","dateModified":"2026-04-29T12:06:42+01:00"},{"@type":"WebSite","@id":"https:\/\/droix.eu\/it\/#website","url":"https:\/\/droix.eu\/it\/","name":"DROIX EU","description":"Get the latest Mini PCs, Ultrabook, PC Gaming Handhelds and more!","inLanguage":"it-IT","publisher":{"@id":"https:\/\/droix.eu\/it\/#organization"}}]},"og:locale":"it_IT","og:site_name":"DROIX EU - Get the latest Mini PCs, Ultrabook, PC Gaming Handhelds and more!","og:type":"article","og:title":"Mini PC GPD Box - Intel Core Ultra X7 358H &amp; 7 356H AI NUC \ud83d\ude80","og:description":"Provate il Mini PC GPD Box. Scegliete tra i processori Core Ultra X7 358H o 7 356H. Con PCIe 5.0 e MCIO 8i, \u00e8 la workstation AI 2026 definitiva.","og:url":"https:\/\/droix.eu\/it\/product\/gpd-box-mini-pc\/","og:image":"https:\/\/droix.eu\/wp-content\/uploads\/2024\/06\/droix-v2-light-logo.png","og:image:secure_url":"https:\/\/droix.eu\/wp-content\/uploads\/2024\/06\/droix-v2-light-logo.png","og:image:width":380,"og:image:height":118,"article:published_time":"2026-04-29T11:06:42+00:00","article:modified_time":"2026-04-29T11:06:42+00:00","article:publisher":"https:\/\/www.facebook.com\/DroiX.Store","twitter:card":"summary_large_image","twitter:site":"@DroiX_Store","twitter:title":"Mini PC GPD Box - Intel Core Ultra X7 358H &amp; 7 356H AI NUC \ud83d\ude80","twitter:description":"Provate il Mini PC GPD Box. Scegliete tra i processori Core Ultra X7 358H o 7 356H. Con PCIe 5.0 e MCIO 8i, \u00e8 la workstation AI 2026 definitiva.","twitter:image":"https:\/\/droix.eu\/wp-content\/uploads\/2024\/06\/droix-v2-light-logo.png"},"aioseo_meta_data":{"post_id":"719210","title":"Mini PC GPD Box - Intel Core Ultra X7 358H &amp; 7 356H AI NUC \ud83d\ude80","description":"Provate il Mini PC GPD Box. Scegliete tra i processori Core Ultra X7 358H o 7 356H. Con PCIe 5.0 e MCIO 8i, \u00e8 la workstation AI 2026 definitiva.  ","keywords":null,"keyphrases":{"focus":{"keyphrase":"","score":0,"analysis":{"keyphraseInTitle":{"score":0,"maxScore":9,"error":1}}},"additional":[]},"primary_term":{"product_cat":63},"canonical_url":null,"og_title":null,"og_description":null,"og_object_type":"default","og_image_type":"default","og_image_url":null,"og_image_width":null,"og_image_height":null,"og_image_custom_url":null,"og_image_custom_fields":null,"og_video":"","og_custom_url":null,"og_article_section":null,"og_article_tags":null,"twitter_use_og":true,"twitter_card":"default","twitter_image_type":"default","twitter_image_url":null,"twitter_image_custom_url":null,"twitter_image_custom_fields":null,"twitter_title":null,"twitter_description":null,"schema":{"blockGraphs":[],"customGraphs":[],"default":{"data":{"Article":[],"Course":[],"Dataset":[],"FAQPage":[],"Movie":[],"Person":[],"Product":[],"ProductReview":[],"Car":[],"Recipe":[],"Service":[],"SoftwareApplication":[],"WebPage":[]},"graphName":"Product","isEnabled":true},"graphs":[]},"schema_type":"default","schema_type_options":null,"pillar_content":false,"robots_default":true,"robots_noindex":false,"robots_noarchive":false,"robots_nosnippet":false,"robots_nofollow":false,"robots_noimageindex":false,"robots_noodp":false,"robots_notranslate":false,"robots_max_snippet":"-1","robots_max_videopreview":"-1","robots_max_imagepreview":"large","priority":null,"frequency":"default","local_seo":null,"seo_analyzer_scan_date":null,"breadcrumb_settings":null,"limit_modified_date":false,"reviewed_by":null,"open_ai":null,"ai":{"faqs":[],"keyPoints":[],"schemas":[],"titles":[],"descriptions":[],"socialPosts":{"email":[],"linkedin":[],"twitter":[],"facebook":[],"instagram":[]}},"created":"2026-05-07 08:58:55","updated":"2026-05-07 08:58:59"},"aioseo_breadcrumb":"<div class=\"aioseo-breadcrumbs\"><span class=\"aioseo-breadcrumb\">\n\t<a href=\"https:\/\/droix.eu\/it\/\" title=\"Home\">Home<\/a>\n<\/span><span class=\"aioseo-breadcrumb-separator\">&raquo;<\/span><span class=\"aioseo-breadcrumb\">\n\t<a href=\"https:\/\/droix.eu\/it\/product-category\/mini-pc-it\/\" title=\"Mini PC\">Mini PC<\/a>\n<\/span><span class=\"aioseo-breadcrumb-separator\">&raquo;<\/span><span class=\"aioseo-breadcrumb\">\n\t<a href=\"https:\/\/droix.eu\/it\/product-category\/mini-pc-it\/mini-pc-intel-it\/\" title=\"Mini PC Intel\">Mini PC Intel<\/a>\n<\/span><span class=\"aioseo-breadcrumb-separator\">&raquo;<\/span><span class=\"aioseo-breadcrumb\">\n\tGPD BOX Mini PC\n<\/span><\/div>","aioseo_breadcrumb_json":[{"label":"Home","link":"https:\/\/droix.eu\/it\/"},{"label":"Mini PC","link":"https:\/\/droix.eu\/it\/product-category\/mini-pc-it\/"},{"label":"Mini PC Intel","link":"https:\/\/droix.eu\/it\/product-category\/mini-pc-it\/mini-pc-intel-it\/"},{"label":"GPD BOX Mini PC","link":"https:\/\/droix.eu\/it\/product\/gpd-box-mini-pc\/"}],"_links":{"self":[{"href":"https:\/\/droix.eu\/it\/wp-json\/wp\/v2\/product\/719210","targetHints":{"allow":["GET"]}}],"collection":[{"href":"https:\/\/droix.eu\/it\/wp-json\/wp\/v2\/product"}],"about":[{"href":"https:\/\/droix.eu\/it\/wp-json\/wp\/v2\/types\/product"}],"version-history":[{"count":0,"href":"https:\/\/droix.eu\/it\/wp-json\/wp\/v2\/product\/719210\/revisions"}],"wp:featuredmedia":[{"embeddable":true,"href":"https:\/\/droix.eu\/it\/wp-json\/wp\/v2\/media\/718317"}],"wp:attachment":[{"href":"https:\/\/droix.eu\/it\/wp-json\/wp\/v2\/media?parent=719210"}],"wp:term":[{"taxonomy":"product_brand","embeddable":true,"href":"https:\/\/droix.eu\/it\/wp-json\/wp\/v2\/product_brand?post=719210"},{"taxonomy":"product_cat","embeddable":true,"href":"https:\/\/droix.eu\/it\/wp-json\/wp\/v2\/product_cat?post=719210"},{"taxonomy":"product_tag","embeddable":true,"href":"https:\/\/droix.eu\/it\/wp-json\/wp\/v2\/product_tag?post=719210"},{"taxonomy":"woo-feed-brand","embeddable":true,"href":"https:\/\/droix.eu\/it\/wp-json\/wp\/v2\/woo-feed-brand?post=719210"},{"taxonomy":"key-features","embeddable":true,"href":"https:\/\/droix.eu\/it\/wp-json\/wp\/v2\/key-features?post=719210"}],"curies":[{"name":"wp","href":"https:\/\/api.w.org\/{rel}","templated":true}]}}