{"id":658351,"date":"2025-06-17T15:49:05","date_gmt":"2025-06-17T14:49:05","guid":{"rendered":"https:\/\/droix.eu\/product\/cavo-oculink-per-onexplayer\/"},"modified":"2026-04-08T10:56:43","modified_gmt":"2026-04-08T09:56:43","slug":"cavo-oculink-per-onexplayer","status":"publish","type":"product","link":"https:\/\/droix.eu\/it\/product\/cavo-oculink-per-onexplayer\/","title":{"rendered":"Cavo OCuLink ONEXPLAYER"},"content":{"rendered":"\n<h3 class=\"wp-block-heading\"><strong>Presentazione di ONEXPLAYER OCuLink: Potenziamento dell&#8217;installazione<\/strong><\/h3>\n\n<p>Realizzato per completare la ONEXPLAYER ONEXGPU. Progettato meticolosamente con materiali di prima qualit\u00e0, il cavo ONEXPLAYER OCuLink \u00e8 progettato per resistere all&#8217;usura quotidiana e offrire un vantaggio.<\/p>\n\n<p><\/p>\n","protected":false},"excerpt":{"rendered":"<ul>\n<li>Cavo OCuLink <strong>ufficiale<\/strong> ONEXPLAYER<\/li>\n<li>Compatibile con <strong>ONEXPLAYER ONEXGPU \/ X1<\/strong><\/li>\n<li>Pi\u00f9 veloce dell&#8217;<strong>USB 4.0 Type-C<\/strong><\/li>\n<li>Cavo intrecciato di alta qualit\u00e0<\/li>\n<li>Cavo lungo 1M<\/li>\n<\/ul>\n[droix_global_accordions]\n[cg_accordion title=\"Il pacchetto comprende\"]<\/p>\n<ul>\n<li>1 cavo ONEXPLAYER OCuLink<\/li>\n<\/ul>\n<p>[\/cg_accordion]\n","protected":false},"featured_media":647932,"template":"","meta":{"_acf_changed":false},"product_brand":[],"product_cat":[34926,35125],"product_tag":[],"woo-feed-brand":[2199],"key-features":[],"class_list":{"0":"post-658351","1":"product","2":"type-product","3":"status-publish","4":"has-post-thumbnail","6":"product_cat-accessori","7":"product_cat-accessori-da-gioco","8":"product_shipping_class-low-end","9":"pa_accessory-type-cable","10":"pa_brands-onexplayer","11":"woo-feed-brand-onexplayer","13":"first","14":"instock","15":"sale","16":"taxable","17":"shipping-taxable","18":"purchasable","19":"product-type-simple"},"acf":[],"aioseo_notices":[],"aioseo_head":"\n\t\t<!-- All in One SEO Pro 4.9.5.2 - aioseo.com -->\n\t<meta name=\"description\" content=\"Cavo OCuLink ufficiale ONEXPLAYER Compatibile con ONEXPLAYER ONEXGPU \/ X1 Pi\u00f9 veloce dell&#039;USB 4.0 Type-C Cavo intrecciato di alta qualit\u00e0 Cavo lungo 1M Il pacchetto comprende 1 cavo ONEXPLAYER OCuLink\" \/>\n\t<meta name=\"robots\" content=\"max-image-preview:large\" \/>\n\t<link rel=\"canonical\" href=\"https:\/\/droix.eu\/it\/product\/cavo-oculink-per-onexplayer\/\" \/>\n\t<meta name=\"generator\" content=\"All in One SEO Pro (AIOSEO) 4.9.5.2\" \/>\n\t\t<meta property=\"og:locale\" content=\"it_IT\" \/>\n\t\t<meta property=\"og:site_name\" content=\"DROIX EU - Get the latest Mini PCs, Ultrabook, PC Gaming Handhelds and more!\" \/>\n\t\t<meta property=\"og:type\" content=\"article\" \/>\n\t\t<meta property=\"og:title\" content=\"Cavo OCuLink ONEXPLAYER - DROIX EU\" \/>\n\t\t<meta property=\"og:description\" content=\"Cavo OCuLink ufficiale ONEXPLAYER Compatibile con ONEXPLAYER ONEXGPU \/ X1 Pi\u00f9 veloce dell&#039;USB 4.0 Type-C Cavo intrecciato di alta qualit\u00e0 Cavo lungo 1M Il pacchetto comprende 1 cavo ONEXPLAYER OCuLink\" \/>\n\t\t<meta property=\"og:url\" content=\"https:\/\/droix.eu\/it\/product\/cavo-oculink-per-onexplayer\/\" \/>\n\t\t<meta property=\"og:image\" content=\"https:\/\/droix.eu\/wp-content\/uploads\/2024\/06\/droix-v2-light-logo.png\" \/>\n\t\t<meta property=\"og:image:secure_url\" content=\"https:\/\/droix.eu\/wp-content\/uploads\/2024\/06\/droix-v2-light-logo.png\" \/>\n\t\t<meta property=\"og:image:width\" content=\"380\" \/>\n\t\t<meta property=\"og:image:height\" content=\"118\" \/>\n\t\t<meta property=\"article:published_time\" content=\"2025-06-17T14:49:05+00:00\" \/>\n\t\t<meta property=\"article:modified_time\" content=\"2026-04-08T09:56:43+00:00\" \/>\n\t\t<meta property=\"article:publisher\" content=\"https:\/\/www.facebook.com\/DroiX.Store\" \/>\n\t\t<meta name=\"twitter:card\" content=\"summary_large_image\" \/>\n\t\t<meta name=\"twitter:site\" content=\"@DroiX_Store\" \/>\n\t\t<meta name=\"twitter:title\" content=\"Cavo OCuLink ONEXPLAYER - DROIX EU\" \/>\n\t\t<meta name=\"twitter:description\" content=\"Cavo OCuLink ufficiale ONEXPLAYER Compatibile con ONEXPLAYER ONEXGPU \/ X1 Pi\u00f9 veloce dell&#039;USB 4.0 Type-C Cavo intrecciato di alta qualit\u00e0 Cavo lungo 1M Il pacchetto comprende 1 cavo ONEXPLAYER OCuLink\" \/>\n\t\t<meta name=\"twitter:image\" content=\"https:\/\/droix.eu\/wp-content\/uploads\/2024\/06\/droix-v2-light-logo.png\" \/>\n\t\t<script type=\"application\/ld+json\" class=\"aioseo-schema\">\n\t\t\t{\"@context\":\"https:\\\/\\\/schema.org\",\"@graph\":[{\"@type\":\"BreadcrumbList\",\"@id\":\"https:\\\/\\\/droix.eu\\\/it\\\/product\\\/cavo-oculink-per-onexplayer\\\/#breadcrumblist\",\"itemListElement\":[{\"@type\":\"ListItem\",\"@id\":\"https:\\\/\\\/droix.eu\\\/it\\\/#listItem\",\"position\":1,\"name\":\"Home\",\"item\":\"https:\\\/\\\/droix.eu\\\/it\\\/\",\"nextItem\":{\"@type\":\"ListItem\",\"@id\":\"https:\\\/\\\/droix.eu\\\/it\\\/product-category\\\/accessori\\\/#listItem\",\"name\":\"Accessori\"}},{\"@type\":\"ListItem\",\"@id\":\"https:\\\/\\\/droix.eu\\\/it\\\/product-category\\\/accessori\\\/#listItem\",\"position\":2,\"name\":\"Accessori\",\"item\":\"https:\\\/\\\/droix.eu\\\/it\\\/product-category\\\/accessori\\\/\",\"nextItem\":{\"@type\":\"ListItem\",\"@id\":\"https:\\\/\\\/droix.eu\\\/it\\\/product-category\\\/accessori\\\/accessori-da-gioco\\\/#listItem\",\"name\":\"Accessori da gioco\"},\"previousItem\":{\"@type\":\"ListItem\",\"@id\":\"https:\\\/\\\/droix.eu\\\/it\\\/#listItem\",\"name\":\"Home\"}},{\"@type\":\"ListItem\",\"@id\":\"https:\\\/\\\/droix.eu\\\/it\\\/product-category\\\/accessori\\\/accessori-da-gioco\\\/#listItem\",\"position\":3,\"name\":\"Accessori da gioco\",\"item\":\"https:\\\/\\\/droix.eu\\\/it\\\/product-category\\\/accessori\\\/accessori-da-gioco\\\/\",\"nextItem\":{\"@type\":\"ListItem\",\"@id\":\"https:\\\/\\\/droix.eu\\\/it\\\/product\\\/cavo-oculink-per-onexplayer\\\/#listItem\",\"name\":\"Cavo OCuLink ONEXPLAYER\"},\"previousItem\":{\"@type\":\"ListItem\",\"@id\":\"https:\\\/\\\/droix.eu\\\/it\\\/product-category\\\/accessori\\\/#listItem\",\"name\":\"Accessori\"}},{\"@type\":\"ListItem\",\"@id\":\"https:\\\/\\\/droix.eu\\\/it\\\/product\\\/cavo-oculink-per-onexplayer\\\/#listItem\",\"position\":4,\"name\":\"Cavo OCuLink ONEXPLAYER\",\"previousItem\":{\"@type\":\"ListItem\",\"@id\":\"https:\\\/\\\/droix.eu\\\/it\\\/product-category\\\/accessori\\\/accessori-da-gioco\\\/#listItem\",\"name\":\"Accessori da gioco\"}}]},{\"@type\":\"Organization\",\"@id\":\"https:\\\/\\\/droix.eu\\\/it\\\/#organization\",\"name\":\"DroiX \\u2013 Trusted EU Tech Retailer with 12+ Years Experience\",\"description\":\"DroiX is a leading European technology retailer with over 12 years of experience, offering quality mini PCs, handheld gaming consoles, and tech accessories. We provide hassle-free EU delivery with all taxes included, ensuring a smooth and reliable shopping experience for our customers across Europe.\",\"url\":\"https:\\\/\\\/droix.eu\\\/it\\\/\",\"logo\":{\"@type\":\"ImageObject\",\"url\":\"https:\\\/\\\/droix.eu\\\/wp-content\\\/uploads\\\/2024\\\/06\\\/droix-v2-light-logo.png\",\"@id\":\"https:\\\/\\\/droix.eu\\\/it\\\/product\\\/cavo-oculink-per-onexplayer\\\/#organizationLogo\",\"width\":380,\"height\":118},\"image\":{\"@id\":\"https:\\\/\\\/droix.eu\\\/it\\\/product\\\/cavo-oculink-per-onexplayer\\\/#organizationLogo\"},\"sameAs\":[\"https:\\\/\\\/www.facebook.com\\\/DroiX.Store\",\"https:\\\/\\\/twitter.com\\\/DroiX_Store\",\"https:\\\/\\\/www.instagram.com\\\/droix.store\\\/\",\"https:\\\/\\\/www.tiktok.com\\\/@droix.store\",\"https:\\\/\\\/www.youtube.com\\\/c\\\/DroiX_Store\",\"https:\\\/\\\/uk.linkedin.com\\\/company\\\/droix\"]},{\"@type\":\"Product\",\"@id\":\"https:\\\/\\\/droix.eu\\\/it\\\/product\\\/cavo-oculink-per-onexplayer\\\/#wooCommerceProduct\",\"name\":\"Cavo OCuLink ONEXPLAYER\",\"description\":\"Cavo OCuLink ufficiale ONEXPLAYER\\n  Compatibile con ONEXPLAYER ONEXGPU \\\/ X1\\n  Pi\\u00f9 veloce dell'USB 4.0 Type-C\\n  Cavo intrecciato di alta qualit\\u00e0\\n  Cavo lungo 1M\",\"url\":\"https:\\\/\\\/droix.eu\\\/it\\\/product\\\/cavo-oculink-per-onexplayer\\\/\",\"sku\":\"ONEXPLAYER-OCULINK-CABLE\",\"gtin\":\"5060763678439\",\"image\":{\"@type\":\"ImageObject\",\"url\":\"https:\\\/\\\/droix.eu\\\/wp-content\\\/uploads\\\/2025\\\/06\\\/ONEXPLAYER-OCULINK-CABLE-DONE-01.png\",\"@id\":\"https:\\\/\\\/droix.eu\\\/it\\\/product\\\/cavo-oculink-per-onexplayer\\\/#productImage\",\"width\":1500,\"height\":1500,\"caption\":\"Immagine che mostra il cavo ONEXPLAYER OCuLink con un design a treccia resistente e connettori su entrambe le estremit\\u00e0. In basso, \\u00e8 presente una sezione di compatibilit\\u00e0 che mostra i dispositivi supportati, tra cui GPD WIN 4 (2024 e 2025), GPD WIN MAX 2 (2024 e 2025), GPD DUO, ONEXPLAYER X1\\\/X1 Mini e MINISFORUM UM780XTX, oltre a una nota che menziona la compatibilit\\u00e0 con altri dispositivi dotati di porte OCuLink\\\/M.2 NVMe.\"},\"offers\":{\"@type\":\"Offer\",\"url\":\"https:\\\/\\\/droix.eu\\\/it\\\/product\\\/cavo-oculink-per-onexplayer\\\/#wooCommerceOffer\",\"price\":24.54,\"priceCurrency\":\"EUR\",\"category\":\"Accessori\",\"availability\":\"https:\\\/\\\/schema.org\\\/InStock\",\"priceSpecification\":{\"@type\":\"PriceSpecification\",\"price\":24.54,\"priceCurrency\":\"EUR\",\"valueAddedTaxIncluded\":\"true\"},\"seller\":{\"@type\":\"Organization\",\"@id\":\"https:\\\/\\\/droix.eu\\\/it\\\/#organization\"}}},{\"@type\":\"WebPage\",\"@id\":\"https:\\\/\\\/droix.eu\\\/it\\\/product\\\/cavo-oculink-per-onexplayer\\\/#webpage\",\"url\":\"https:\\\/\\\/droix.eu\\\/it\\\/product\\\/cavo-oculink-per-onexplayer\\\/\",\"name\":\"Cavo OCuLink ONEXPLAYER - DROIX EU\",\"description\":\"Cavo OCuLink ufficiale ONEXPLAYER Compatibile con ONEXPLAYER ONEXGPU \\\/ X1 Pi\\u00f9 veloce dell'USB 4.0 Type-C Cavo intrecciato di alta qualit\\u00e0 Cavo lungo 1M Il pacchetto comprende 1 cavo ONEXPLAYER OCuLink\",\"inLanguage\":\"it-IT\",\"isPartOf\":{\"@id\":\"https:\\\/\\\/droix.eu\\\/it\\\/#website\"},\"breadcrumb\":{\"@id\":\"https:\\\/\\\/droix.eu\\\/it\\\/product\\\/cavo-oculink-per-onexplayer\\\/#breadcrumblist\"},\"image\":{\"@type\":\"ImageObject\",\"url\":\"https:\\\/\\\/droix.eu\\\/wp-content\\\/uploads\\\/2025\\\/06\\\/ONEXPLAYER-OCULINK-CABLE-DONE-01.png\",\"@id\":\"https:\\\/\\\/droix.eu\\\/it\\\/product\\\/cavo-oculink-per-onexplayer\\\/#mainImage\",\"width\":1500,\"height\":1500,\"caption\":\"Immagine che mostra il cavo ONEXPLAYER OCuLink con un design a treccia resistente e connettori su entrambe le estremit\\u00e0. In basso, \\u00e8 presente una sezione di compatibilit\\u00e0 che mostra i dispositivi supportati, tra cui GPD WIN 4 (2024 e 2025), GPD WIN MAX 2 (2024 e 2025), GPD DUO, ONEXPLAYER X1\\\/X1 Mini e MINISFORUM UM780XTX, oltre a una nota che menziona la compatibilit\\u00e0 con altri dispositivi dotati di porte OCuLink\\\/M.2 NVMe.\"},\"primaryImageOfPage\":{\"@id\":\"https:\\\/\\\/droix.eu\\\/it\\\/product\\\/cavo-oculink-per-onexplayer\\\/#mainImage\"},\"datePublished\":\"2025-06-17T15:49:05+01:00\",\"dateModified\":\"2026-04-08T10:56:43+01:00\"},{\"@type\":\"WebSite\",\"@id\":\"https:\\\/\\\/droix.eu\\\/it\\\/#website\",\"url\":\"https:\\\/\\\/droix.eu\\\/it\\\/\",\"name\":\"DROIX EU\",\"description\":\"Get the latest Mini PCs, Ultrabook, PC Gaming Handhelds and more!\",\"inLanguage\":\"it-IT\",\"publisher\":{\"@id\":\"https:\\\/\\\/droix.eu\\\/it\\\/#organization\"}}]}\n\t\t<\/script>\n\t\t<!-- All in One SEO Pro -->\r\n\t\t<title>Cavo OCuLink ONEXPLAYER - DROIX EU<\/title>\n\n","aioseo_head_json":{"title":"Cavo OCuLink ONEXPLAYER - DROIX EU","description":"Cavo OCuLink ufficiale ONEXPLAYER Compatibile con ONEXPLAYER ONEXGPU \/ X1 Pi\u00f9 veloce dell'USB 4.0 Type-C Cavo intrecciato di alta qualit\u00e0 Cavo lungo 1M Il pacchetto comprende 1 cavo ONEXPLAYER OCuLink","canonical_url":"https:\/\/droix.eu\/it\/product\/cavo-oculink-per-onexplayer\/","robots":"max-image-preview:large","keywords":"","webmasterTools":{"miscellaneous":""},"schema":{"@context":"https:\/\/schema.org","@graph":[{"@type":"BreadcrumbList","@id":"https:\/\/droix.eu\/it\/product\/cavo-oculink-per-onexplayer\/#breadcrumblist","itemListElement":[{"@type":"ListItem","@id":"https:\/\/droix.eu\/it\/#listItem","position":1,"name":"Home","item":"https:\/\/droix.eu\/it\/","nextItem":{"@type":"ListItem","@id":"https:\/\/droix.eu\/it\/product-category\/accessori\/#listItem","name":"Accessori"}},{"@type":"ListItem","@id":"https:\/\/droix.eu\/it\/product-category\/accessori\/#listItem","position":2,"name":"Accessori","item":"https:\/\/droix.eu\/it\/product-category\/accessori\/","nextItem":{"@type":"ListItem","@id":"https:\/\/droix.eu\/it\/product-category\/accessori\/accessori-da-gioco\/#listItem","name":"Accessori da gioco"},"previousItem":{"@type":"ListItem","@id":"https:\/\/droix.eu\/it\/#listItem","name":"Home"}},{"@type":"ListItem","@id":"https:\/\/droix.eu\/it\/product-category\/accessori\/accessori-da-gioco\/#listItem","position":3,"name":"Accessori da gioco","item":"https:\/\/droix.eu\/it\/product-category\/accessori\/accessori-da-gioco\/","nextItem":{"@type":"ListItem","@id":"https:\/\/droix.eu\/it\/product\/cavo-oculink-per-onexplayer\/#listItem","name":"Cavo OCuLink ONEXPLAYER"},"previousItem":{"@type":"ListItem","@id":"https:\/\/droix.eu\/it\/product-category\/accessori\/#listItem","name":"Accessori"}},{"@type":"ListItem","@id":"https:\/\/droix.eu\/it\/product\/cavo-oculink-per-onexplayer\/#listItem","position":4,"name":"Cavo OCuLink ONEXPLAYER","previousItem":{"@type":"ListItem","@id":"https:\/\/droix.eu\/it\/product-category\/accessori\/accessori-da-gioco\/#listItem","name":"Accessori da gioco"}}]},{"@type":"Organization","@id":"https:\/\/droix.eu\/it\/#organization","name":"DroiX \u2013 Trusted EU Tech Retailer with 12+ Years Experience","description":"DroiX is a leading European technology retailer with over 12 years of experience, offering quality mini PCs, handheld gaming consoles, and tech accessories. We provide hassle-free EU delivery with all taxes included, ensuring a smooth and reliable shopping experience for our customers across Europe.","url":"https:\/\/droix.eu\/it\/","logo":{"@type":"ImageObject","url":"https:\/\/droix.eu\/wp-content\/uploads\/2024\/06\/droix-v2-light-logo.png","@id":"https:\/\/droix.eu\/it\/product\/cavo-oculink-per-onexplayer\/#organizationLogo","width":380,"height":118},"image":{"@id":"https:\/\/droix.eu\/it\/product\/cavo-oculink-per-onexplayer\/#organizationLogo"},"sameAs":["https:\/\/www.facebook.com\/DroiX.Store","https:\/\/twitter.com\/DroiX_Store","https:\/\/www.instagram.com\/droix.store\/","https:\/\/www.tiktok.com\/@droix.store","https:\/\/www.youtube.com\/c\/DroiX_Store","https:\/\/uk.linkedin.com\/company\/droix"]},{"@type":"Product","@id":"https:\/\/droix.eu\/it\/product\/cavo-oculink-per-onexplayer\/#wooCommerceProduct","name":"Cavo OCuLink ONEXPLAYER","description":"Cavo OCuLink ufficiale ONEXPLAYER\n  Compatibile con ONEXPLAYER ONEXGPU \/ X1\n  Pi\u00f9 veloce dell'USB 4.0 Type-C\n  Cavo intrecciato di alta qualit\u00e0\n  Cavo lungo 1M","url":"https:\/\/droix.eu\/it\/product\/cavo-oculink-per-onexplayer\/","sku":"ONEXPLAYER-OCULINK-CABLE","gtin":"5060763678439","image":{"@type":"ImageObject","url":"https:\/\/droix.eu\/wp-content\/uploads\/2025\/06\/ONEXPLAYER-OCULINK-CABLE-DONE-01.png","@id":"https:\/\/droix.eu\/it\/product\/cavo-oculink-per-onexplayer\/#productImage","width":1500,"height":1500,"caption":"Immagine che mostra il cavo ONEXPLAYER OCuLink con un design a treccia resistente e connettori su entrambe le estremit\u00e0. In basso, \u00e8 presente una sezione di compatibilit\u00e0 che mostra i dispositivi supportati, tra cui GPD WIN 4 (2024 e 2025), GPD WIN MAX 2 (2024 e 2025), GPD DUO, ONEXPLAYER X1\/X1 Mini e MINISFORUM UM780XTX, oltre a una nota che menziona la compatibilit\u00e0 con altri dispositivi dotati di porte OCuLink\/M.2 NVMe."},"offers":{"@type":"Offer","url":"https:\/\/droix.eu\/it\/product\/cavo-oculink-per-onexplayer\/#wooCommerceOffer","price":24.54,"priceCurrency":"EUR","category":"Accessori","availability":"https:\/\/schema.org\/InStock","priceSpecification":{"@type":"PriceSpecification","price":24.54,"priceCurrency":"EUR","valueAddedTaxIncluded":"true"},"seller":{"@type":"Organization","@id":"https:\/\/droix.eu\/it\/#organization"}}},{"@type":"WebPage","@id":"https:\/\/droix.eu\/it\/product\/cavo-oculink-per-onexplayer\/#webpage","url":"https:\/\/droix.eu\/it\/product\/cavo-oculink-per-onexplayer\/","name":"Cavo OCuLink ONEXPLAYER - DROIX EU","description":"Cavo OCuLink ufficiale ONEXPLAYER Compatibile con ONEXPLAYER ONEXGPU \/ X1 Pi\u00f9 veloce dell'USB 4.0 Type-C Cavo intrecciato di alta qualit\u00e0 Cavo lungo 1M Il pacchetto comprende 1 cavo ONEXPLAYER OCuLink","inLanguage":"it-IT","isPartOf":{"@id":"https:\/\/droix.eu\/it\/#website"},"breadcrumb":{"@id":"https:\/\/droix.eu\/it\/product\/cavo-oculink-per-onexplayer\/#breadcrumblist"},"image":{"@type":"ImageObject","url":"https:\/\/droix.eu\/wp-content\/uploads\/2025\/06\/ONEXPLAYER-OCULINK-CABLE-DONE-01.png","@id":"https:\/\/droix.eu\/it\/product\/cavo-oculink-per-onexplayer\/#mainImage","width":1500,"height":1500,"caption":"Immagine che mostra il cavo ONEXPLAYER OCuLink con un design a treccia resistente e connettori su entrambe le estremit\u00e0. In basso, \u00e8 presente una sezione di compatibilit\u00e0 che mostra i dispositivi supportati, tra cui GPD WIN 4 (2024 e 2025), GPD WIN MAX 2 (2024 e 2025), GPD DUO, ONEXPLAYER X1\/X1 Mini e MINISFORUM UM780XTX, oltre a una nota che menziona la compatibilit\u00e0 con altri dispositivi dotati di porte OCuLink\/M.2 NVMe."},"primaryImageOfPage":{"@id":"https:\/\/droix.eu\/it\/product\/cavo-oculink-per-onexplayer\/#mainImage"},"datePublished":"2025-06-17T15:49:05+01:00","dateModified":"2026-04-08T10:56:43+01:00"},{"@type":"WebSite","@id":"https:\/\/droix.eu\/it\/#website","url":"https:\/\/droix.eu\/it\/","name":"DROIX EU","description":"Get the latest Mini PCs, Ultrabook, PC Gaming Handhelds and more!","inLanguage":"it-IT","publisher":{"@id":"https:\/\/droix.eu\/it\/#organization"}}]},"og:locale":"it_IT","og:site_name":"DROIX EU - Get the latest Mini PCs, Ultrabook, PC Gaming Handhelds and more!","og:type":"article","og:title":"Cavo OCuLink ONEXPLAYER - DROIX EU","og:description":"Cavo OCuLink ufficiale ONEXPLAYER Compatibile con ONEXPLAYER ONEXGPU \/ X1 Pi\u00f9 veloce dell'USB 4.0 Type-C Cavo intrecciato di alta qualit\u00e0 Cavo lungo 1M Il pacchetto comprende 1 cavo ONEXPLAYER OCuLink","og:url":"https:\/\/droix.eu\/it\/product\/cavo-oculink-per-onexplayer\/","og:image":"https:\/\/droix.eu\/wp-content\/uploads\/2024\/06\/droix-v2-light-logo.png","og:image:secure_url":"https:\/\/droix.eu\/wp-content\/uploads\/2024\/06\/droix-v2-light-logo.png","og:image:width":380,"og:image:height":118,"article:published_time":"2025-06-17T14:49:05+00:00","article:modified_time":"2026-04-08T09:56:43+00:00","article:publisher":"https:\/\/www.facebook.com\/DroiX.Store","twitter:card":"summary_large_image","twitter:site":"@DroiX_Store","twitter:title":"Cavo OCuLink ONEXPLAYER - DROIX EU","twitter:description":"Cavo OCuLink ufficiale ONEXPLAYER Compatibile con ONEXPLAYER ONEXGPU \/ X1 Pi\u00f9 veloce dell'USB 4.0 Type-C Cavo intrecciato di alta qualit\u00e0 Cavo lungo 1M Il pacchetto comprende 1 cavo ONEXPLAYER OCuLink","twitter:image":"https:\/\/droix.eu\/wp-content\/uploads\/2024\/06\/droix-v2-light-logo.png"},"aioseo_meta_data":{"post_id":"658351","title":null,"description":null,"keywords":null,"keyphrases":null,"primary_term":null,"canonical_url":null,"og_title":null,"og_description":null,"og_object_type":"default","og_image_type":"default","og_image_url":null,"og_image_width":null,"og_image_height":null,"og_image_custom_url":null,"og_image_custom_fields":null,"og_video":null,"og_custom_url":null,"og_article_section":null,"og_article_tags":null,"twitter_use_og":true,"twitter_card":"default","twitter_image_type":"default","twitter_image_url":null,"twitter_image_custom_url":null,"twitter_image_custom_fields":null,"twitter_title":null,"twitter_description":null,"schema":{"blockGraphs":[],"customGraphs":[],"default":{"data":{"Article":[],"Course":[],"Dataset":[],"FAQPage":[],"Movie":[],"Person":[],"Product":[],"ProductReview":[],"Car":[],"Recipe":[],"Service":[],"SoftwareApplication":[],"WebPage":[]},"graphName":"Product","isEnabled":true},"graphs":[]},"schema_type":"default","schema_type_options":null,"pillar_content":false,"robots_default":true,"robots_noindex":false,"robots_noarchive":false,"robots_nosnippet":false,"robots_nofollow":false,"robots_noimageindex":false,"robots_noodp":false,"robots_notranslate":false,"robots_max_snippet":null,"robots_max_videopreview":null,"robots_max_imagepreview":"large","priority":null,"frequency":null,"local_seo":null,"seo_analyzer_scan_date":null,"breadcrumb_settings":null,"limit_modified_date":false,"reviewed_by":null,"open_ai":null,"ai":null,"created":"2025-10-09 11:46:08","updated":"2026-04-08 16:13:24"},"aioseo_breadcrumb":"<div class=\"aioseo-breadcrumbs\"><span class=\"aioseo-breadcrumb\">\n\t<a href=\"https:\/\/droix.eu\/it\/\" title=\"Home\">Home<\/a>\n<\/span><span class=\"aioseo-breadcrumb-separator\">&raquo;<\/span><span class=\"aioseo-breadcrumb\">\n\t<a href=\"https:\/\/droix.eu\/it\/product-category\/accessori\/\" title=\"Accessori\">Accessori<\/a>\n<\/span><span class=\"aioseo-breadcrumb-separator\">&raquo;<\/span><span class=\"aioseo-breadcrumb\">\n\t<a href=\"https:\/\/droix.eu\/it\/product-category\/accessori\/accessori-da-gioco\/\" title=\"Accessori da gioco\">Accessori da gioco<\/a>\n<\/span><span class=\"aioseo-breadcrumb-separator\">&raquo;<\/span><span class=\"aioseo-breadcrumb\">\n\tCavo OCuLink ONEXPLAYER\n<\/span><\/div>","aioseo_breadcrumb_json":[{"label":"Home","link":"https:\/\/droix.eu\/it\/"},{"label":"Accessori","link":"https:\/\/droix.eu\/it\/product-category\/accessori\/"},{"label":"Accessori da gioco","link":"https:\/\/droix.eu\/it\/product-category\/accessori\/accessori-da-gioco\/"},{"label":"Cavo OCuLink ONEXPLAYER","link":"https:\/\/droix.eu\/it\/product\/cavo-oculink-per-onexplayer\/"}],"_links":{"self":[{"href":"https:\/\/droix.eu\/it\/wp-json\/wp\/v2\/product\/658351","targetHints":{"allow":["GET"]}}],"collection":[{"href":"https:\/\/droix.eu\/it\/wp-json\/wp\/v2\/product"}],"about":[{"href":"https:\/\/droix.eu\/it\/wp-json\/wp\/v2\/types\/product"}],"version-history":[{"count":0,"href":"https:\/\/droix.eu\/it\/wp-json\/wp\/v2\/product\/658351\/revisions"}],"wp:featuredmedia":[{"embeddable":true,"href":"https:\/\/droix.eu\/it\/wp-json\/wp\/v2\/media\/647932"}],"wp:attachment":[{"href":"https:\/\/droix.eu\/it\/wp-json\/wp\/v2\/media?parent=658351"}],"wp:term":[{"taxonomy":"product_brand","embeddable":true,"href":"https:\/\/droix.eu\/it\/wp-json\/wp\/v2\/product_brand?post=658351"},{"taxonomy":"product_cat","embeddable":true,"href":"https:\/\/droix.eu\/it\/wp-json\/wp\/v2\/product_cat?post=658351"},{"taxonomy":"product_tag","embeddable":true,"href":"https:\/\/droix.eu\/it\/wp-json\/wp\/v2\/product_tag?post=658351"},{"taxonomy":"woo-feed-brand","embeddable":true,"href":"https:\/\/droix.eu\/it\/wp-json\/wp\/v2\/woo-feed-brand?post=658351"},{"taxonomy":"key-features","embeddable":true,"href":"https:\/\/droix.eu\/it\/wp-json\/wp\/v2\/key-features?post=658351"}],"curies":[{"name":"wp","href":"https:\/\/api.w.org\/{rel}","templated":true}]}}