{"id":549021,"date":"2022-11-11T11:44:32","date_gmt":"2022-11-11T11:44:32","guid":{"rendered":"https:\/\/droix.eu\/product\/cappucci-per-levette-con-tema-animali\/"},"modified":"2026-04-08T10:44:26","modified_gmt":"2026-04-08T09:44:26","slug":"cappucci-per-levette-con-tema-animali","status":"publish","type":"product","link":"https:\/\/droix.eu\/it\/product\/cappucci-per-levette-con-tema-animali\/","title":{"rendered":"Cappucci per Levette con Tema Animali"},"content":{"rendered":"&#13;\n<p>Cappucci per levette con simpatici temi animali, aggiungono allegria e vitalit\u00e0 alla tua console portatile, rendendola pi\u00f9 accattivante. Fatti di morbido materiale siliconico, che protegge le levette analogiche da graffi e sporco, ed \u00e8 molto comodo al tatto!<\/p>&#13;\n&#13;\n<h5 class=\"wp-block-heading\">\u00a0<\/h5>&#13;\n&#13;\n<h5 class=\"wp-block-heading\">NON compatibili con controller PS4, Switch Pro o Xbox One.<\/h5>&#13;\n","protected":false},"excerpt":{"rendered":"<ul>\n<li>Fatti di morbido materiale siliconico<\/li>\n<li>Proteggono la levetta analogica<\/li>\n<li>Molto comodi al tatto<\/li>\n<li>Non si deformano facilmente<\/li>\n<li>Non tossici e resistenti allo sbiadimento<\/li>\n<\/ul>\n[droix_global_accordions]\n","protected":false},"featured_media":702978,"template":"","meta":{"_acf_changed":false},"product_brand":[],"product_cat":[34926,35125],"product_tag":[],"woo-feed-brand":[],"key-features":[],"class_list":{"0":"post-549021","1":"product","2":"type-product","3":"status-publish","4":"has-post-thumbnail","6":"product_cat-accessori","7":"product_cat-accessori-da-gioco","8":"product_shipping_class-low-end","9":"pa_compatibility-ayaneo-2-it","10":"pa_compatibility-ayaneo-2021-it","11":"pa_compatibility-ayaneo-air-it","12":"pa_compatibility-ayaneo-geek-it","14":"first","15":"instock","16":"sale","17":"taxable","18":"shipping-taxable","19":"purchasable","20":"product-type-simple"},"acf":[],"aioseo_notices":[],"aioseo_head":"\n\t\t<!-- All in One SEO Pro 4.9.6.2 - aioseo.com -->\n\t<meta name=\"description\" content=\"Fatti di morbido materiale siliconico Proteggono la levetta analogica Molto comodi al tatto Non si deformano facilmente Non tossici e resistenti allo sbiadimento\" \/>\n\t<meta name=\"robots\" content=\"max-image-preview:large\" \/>\n\t<link rel=\"canonical\" href=\"https:\/\/droix.eu\/it\/product\/cappucci-per-levette-con-tema-animali\/\" \/>\n\t<meta name=\"generator\" content=\"All in One SEO Pro (AIOSEO) 4.9.6.2\" \/>\n\t\t<meta property=\"og:locale\" content=\"it_IT\" \/>\n\t\t<meta property=\"og:site_name\" content=\"DROIX EU - Get the latest Mini PCs, Ultrabook, PC Gaming Handhelds and more!\" \/>\n\t\t<meta property=\"og:type\" content=\"article\" \/>\n\t\t<meta property=\"og:title\" content=\"Cappucci per Levette con Tema Animali - DROIX EU\" \/>\n\t\t<meta property=\"og:description\" content=\"Fatti di morbido materiale siliconico Proteggono la levetta analogica Molto comodi al tatto Non si deformano facilmente Non tossici e resistenti allo sbiadimento\" \/>\n\t\t<meta property=\"og:url\" content=\"https:\/\/droix.eu\/it\/product\/cappucci-per-levette-con-tema-animali\/\" \/>\n\t\t<meta property=\"og:image\" content=\"https:\/\/droix.eu\/wp-content\/uploads\/2024\/06\/droix-v2-light-logo.png\" \/>\n\t\t<meta property=\"og:image:secure_url\" content=\"https:\/\/droix.eu\/wp-content\/uploads\/2024\/06\/droix-v2-light-logo.png\" \/>\n\t\t<meta property=\"og:image:width\" content=\"380\" \/>\n\t\t<meta property=\"og:image:height\" content=\"118\" \/>\n\t\t<meta property=\"article:published_time\" content=\"2022-11-11T11:44:32+00:00\" \/>\n\t\t<meta property=\"article:modified_time\" content=\"2026-04-08T09:44:26+00:00\" \/>\n\t\t<meta property=\"article:publisher\" content=\"https:\/\/www.facebook.com\/DroiX.Store\" \/>\n\t\t<meta name=\"twitter:card\" content=\"summary_large_image\" \/>\n\t\t<meta name=\"twitter:site\" content=\"@DroiX_Store\" \/>\n\t\t<meta name=\"twitter:title\" content=\"Cappucci per Levette con Tema Animali - DROIX EU\" \/>\n\t\t<meta name=\"twitter:description\" content=\"Fatti di morbido materiale siliconico Proteggono la levetta analogica Molto comodi al tatto Non si deformano facilmente Non tossici e resistenti allo sbiadimento\" \/>\n\t\t<meta name=\"twitter:image\" content=\"https:\/\/droix.eu\/wp-content\/uploads\/2024\/06\/droix-v2-light-logo.png\" \/>\n\t\t<script type=\"application\/ld+json\" class=\"aioseo-schema\">\n\t\t\t{\"@context\":\"https:\\\/\\\/schema.org\",\"@graph\":[{\"@type\":\"BreadcrumbList\",\"@id\":\"https:\\\/\\\/droix.eu\\\/it\\\/product\\\/cappucci-per-levette-con-tema-animali\\\/#breadcrumblist\",\"itemListElement\":[{\"@type\":\"ListItem\",\"@id\":\"https:\\\/\\\/droix.eu\\\/it\\\/#listItem\",\"position\":1,\"name\":\"Home\",\"item\":\"https:\\\/\\\/droix.eu\\\/it\\\/\",\"nextItem\":{\"@type\":\"ListItem\",\"@id\":\"https:\\\/\\\/droix.eu\\\/it\\\/product-category\\\/accessori\\\/#listItem\",\"name\":\"Accessori\"}},{\"@type\":\"ListItem\",\"@id\":\"https:\\\/\\\/droix.eu\\\/it\\\/product-category\\\/accessori\\\/#listItem\",\"position\":2,\"name\":\"Accessori\",\"item\":\"https:\\\/\\\/droix.eu\\\/it\\\/product-category\\\/accessori\\\/\",\"nextItem\":{\"@type\":\"ListItem\",\"@id\":\"https:\\\/\\\/droix.eu\\\/it\\\/product-category\\\/accessori\\\/accessori-da-gioco\\\/#listItem\",\"name\":\"Accessori da gioco\"},\"previousItem\":{\"@type\":\"ListItem\",\"@id\":\"https:\\\/\\\/droix.eu\\\/it\\\/#listItem\",\"name\":\"Home\"}},{\"@type\":\"ListItem\",\"@id\":\"https:\\\/\\\/droix.eu\\\/it\\\/product-category\\\/accessori\\\/accessori-da-gioco\\\/#listItem\",\"position\":3,\"name\":\"Accessori da gioco\",\"item\":\"https:\\\/\\\/droix.eu\\\/it\\\/product-category\\\/accessori\\\/accessori-da-gioco\\\/\",\"nextItem\":{\"@type\":\"ListItem\",\"@id\":\"https:\\\/\\\/droix.eu\\\/it\\\/product\\\/cappucci-per-levette-con-tema-animali\\\/#listItem\",\"name\":\"Cappucci per Levette con Tema Animali\"},\"previousItem\":{\"@type\":\"ListItem\",\"@id\":\"https:\\\/\\\/droix.eu\\\/it\\\/product-category\\\/accessori\\\/#listItem\",\"name\":\"Accessori\"}},{\"@type\":\"ListItem\",\"@id\":\"https:\\\/\\\/droix.eu\\\/it\\\/product\\\/cappucci-per-levette-con-tema-animali\\\/#listItem\",\"position\":4,\"name\":\"Cappucci per Levette con Tema Animali\",\"previousItem\":{\"@type\":\"ListItem\",\"@id\":\"https:\\\/\\\/droix.eu\\\/it\\\/product-category\\\/accessori\\\/accessori-da-gioco\\\/#listItem\",\"name\":\"Accessori da gioco\"}}]},{\"@type\":\"Organization\",\"@id\":\"https:\\\/\\\/droix.eu\\\/it\\\/#organization\",\"name\":\"DroiX \\u2013 Trusted EU Tech Retailer with 12+ Years Experience\",\"description\":\"DroiX is a leading European technology retailer with over 12 years of experience, offering quality mini PCs, handheld gaming consoles, and tech accessories. We provide hassle-free EU delivery with all taxes included, ensuring a smooth and reliable shopping experience for our customers across Europe.\",\"url\":\"https:\\\/\\\/droix.eu\\\/it\\\/\",\"logo\":{\"@type\":\"ImageObject\",\"url\":\"https:\\\/\\\/droix.eu\\\/wp-content\\\/uploads\\\/2024\\\/06\\\/droix-v2-light-logo.png\",\"@id\":\"https:\\\/\\\/droix.eu\\\/it\\\/product\\\/cappucci-per-levette-con-tema-animali\\\/#organizationLogo\",\"width\":380,\"height\":118},\"image\":{\"@id\":\"https:\\\/\\\/droix.eu\\\/it\\\/product\\\/cappucci-per-levette-con-tema-animali\\\/#organizationLogo\"},\"sameAs\":[\"https:\\\/\\\/www.facebook.com\\\/DroiX.Store\",\"https:\\\/\\\/twitter.com\\\/DroiX_Store\",\"https:\\\/\\\/www.instagram.com\\\/droix.store\\\/\",\"https:\\\/\\\/www.tiktok.com\\\/@droix.store\",\"https:\\\/\\\/www.youtube.com\\\/c\\\/DroiX_Store\",\"https:\\\/\\\/uk.linkedin.com\\\/company\\\/droix\"]},{\"@type\":\"Product\",\"@id\":\"https:\\\/\\\/droix.eu\\\/it\\\/product\\\/cappucci-per-levette-con-tema-animali\\\/#wooCommerceProduct\",\"name\":\"Cappucci per Levette con Tema Animali\",\"description\":\"Fatti di morbido materiale siliconico\\n \\tProteggono la levetta analogica\\n \\tMolto comodi al tatto\\n \\tNon si deformano facilmente\\n \\tNon tossici e resistenti allo sbiadimento\",\"url\":\"https:\\\/\\\/droix.eu\\\/it\\\/product\\\/cappucci-per-levette-con-tema-animali\\\/\",\"sku\":\"ANIMAL-THUMB-STICK-CAPS\",\"gtin\":\"5060763673601\",\"image\":{\"@type\":\"ImageObject\",\"url\":\"https:\\\/\\\/droix.eu\\\/wp-content\\\/uploads\\\/2022\\\/11\\\/ANIMAL-THUMB-STICK-CAPS-IMAGE-1.png\",\"@id\":\"https:\\\/\\\/droix.eu\\\/it\\\/product\\\/cappucci-per-levette-con-tema-animali\\\/#productImage\",\"width\":900,\"height\":1200},\"offers\":{\"@type\":\"Offer\",\"url\":\"https:\\\/\\\/droix.eu\\\/it\\\/product\\\/cappucci-per-levette-con-tema-animali\\\/#wooCommerceOffer\",\"price\":11.01,\"priceCurrency\":\"EUR\",\"category\":\"Accessori\",\"availability\":\"https:\\\/\\\/schema.org\\\/InStock\",\"priceSpecification\":{\"@type\":\"PriceSpecification\",\"price\":11.01,\"priceCurrency\":\"EUR\",\"valueAddedTaxIncluded\":\"true\"},\"seller\":{\"@type\":\"Organization\",\"@id\":\"https:\\\/\\\/droix.eu\\\/it\\\/#organization\"}}},{\"@type\":\"WebPage\",\"@id\":\"https:\\\/\\\/droix.eu\\\/it\\\/product\\\/cappucci-per-levette-con-tema-animali\\\/#webpage\",\"url\":\"https:\\\/\\\/droix.eu\\\/it\\\/product\\\/cappucci-per-levette-con-tema-animali\\\/\",\"name\":\"Cappucci per Levette con Tema Animali - DROIX EU\",\"description\":\"Fatti di morbido materiale siliconico Proteggono la levetta analogica Molto comodi al tatto Non si deformano facilmente Non tossici e resistenti allo sbiadimento\",\"inLanguage\":\"it-IT\",\"isPartOf\":{\"@id\":\"https:\\\/\\\/droix.eu\\\/it\\\/#website\"},\"breadcrumb\":{\"@id\":\"https:\\\/\\\/droix.eu\\\/it\\\/product\\\/cappucci-per-levette-con-tema-animali\\\/#breadcrumblist\"},\"image\":{\"@type\":\"ImageObject\",\"url\":\"https:\\\/\\\/droix.eu\\\/wp-content\\\/uploads\\\/2022\\\/11\\\/ANIMAL-THUMB-STICK-CAPS-IMAGE-1.png\",\"@id\":\"https:\\\/\\\/droix.eu\\\/it\\\/product\\\/cappucci-per-levette-con-tema-animali\\\/#mainImage\",\"width\":900,\"height\":1200},\"primaryImageOfPage\":{\"@id\":\"https:\\\/\\\/droix.eu\\\/it\\\/product\\\/cappucci-per-levette-con-tema-animali\\\/#mainImage\"},\"datePublished\":\"2022-11-11T11:44:32+00:00\",\"dateModified\":\"2026-04-08T10:44:26+01:00\"},{\"@type\":\"WebSite\",\"@id\":\"https:\\\/\\\/droix.eu\\\/it\\\/#website\",\"url\":\"https:\\\/\\\/droix.eu\\\/it\\\/\",\"name\":\"DROIX EU\",\"description\":\"Get the latest Mini PCs, Ultrabook, PC Gaming Handhelds and more!\",\"inLanguage\":\"it-IT\",\"publisher\":{\"@id\":\"https:\\\/\\\/droix.eu\\\/it\\\/#organization\"}}]}\n\t\t<\/script>\n\t\t<!-- All in One SEO Pro -->\r\n\t\t<title>Cappucci per Levette con Tema Animali - DROIX EU<\/title>\n\n","aioseo_head_json":{"title":"Cappucci per Levette con Tema Animali - DROIX EU","description":"Fatti di morbido materiale siliconico Proteggono la levetta analogica Molto comodi al tatto Non si deformano facilmente Non tossici e resistenti allo sbiadimento","canonical_url":"https:\/\/droix.eu\/it\/product\/cappucci-per-levette-con-tema-animali\/","robots":"max-image-preview:large","keywords":"","webmasterTools":{"miscellaneous":""},"schema":{"@context":"https:\/\/schema.org","@graph":[{"@type":"BreadcrumbList","@id":"https:\/\/droix.eu\/it\/product\/cappucci-per-levette-con-tema-animali\/#breadcrumblist","itemListElement":[{"@type":"ListItem","@id":"https:\/\/droix.eu\/it\/#listItem","position":1,"name":"Home","item":"https:\/\/droix.eu\/it\/","nextItem":{"@type":"ListItem","@id":"https:\/\/droix.eu\/it\/product-category\/accessori\/#listItem","name":"Accessori"}},{"@type":"ListItem","@id":"https:\/\/droix.eu\/it\/product-category\/accessori\/#listItem","position":2,"name":"Accessori","item":"https:\/\/droix.eu\/it\/product-category\/accessori\/","nextItem":{"@type":"ListItem","@id":"https:\/\/droix.eu\/it\/product-category\/accessori\/accessori-da-gioco\/#listItem","name":"Accessori da gioco"},"previousItem":{"@type":"ListItem","@id":"https:\/\/droix.eu\/it\/#listItem","name":"Home"}},{"@type":"ListItem","@id":"https:\/\/droix.eu\/it\/product-category\/accessori\/accessori-da-gioco\/#listItem","position":3,"name":"Accessori da gioco","item":"https:\/\/droix.eu\/it\/product-category\/accessori\/accessori-da-gioco\/","nextItem":{"@type":"ListItem","@id":"https:\/\/droix.eu\/it\/product\/cappucci-per-levette-con-tema-animali\/#listItem","name":"Cappucci per Levette con Tema Animali"},"previousItem":{"@type":"ListItem","@id":"https:\/\/droix.eu\/it\/product-category\/accessori\/#listItem","name":"Accessori"}},{"@type":"ListItem","@id":"https:\/\/droix.eu\/it\/product\/cappucci-per-levette-con-tema-animali\/#listItem","position":4,"name":"Cappucci per Levette con Tema Animali","previousItem":{"@type":"ListItem","@id":"https:\/\/droix.eu\/it\/product-category\/accessori\/accessori-da-gioco\/#listItem","name":"Accessori da gioco"}}]},{"@type":"Organization","@id":"https:\/\/droix.eu\/it\/#organization","name":"DroiX \u2013 Trusted EU Tech Retailer with 12+ Years Experience","description":"DroiX is a leading European technology retailer with over 12 years of experience, offering quality mini PCs, handheld gaming consoles, and tech accessories. We provide hassle-free EU delivery with all taxes included, ensuring a smooth and reliable shopping experience for our customers across Europe.","url":"https:\/\/droix.eu\/it\/","logo":{"@type":"ImageObject","url":"https:\/\/droix.eu\/wp-content\/uploads\/2024\/06\/droix-v2-light-logo.png","@id":"https:\/\/droix.eu\/it\/product\/cappucci-per-levette-con-tema-animali\/#organizationLogo","width":380,"height":118},"image":{"@id":"https:\/\/droix.eu\/it\/product\/cappucci-per-levette-con-tema-animali\/#organizationLogo"},"sameAs":["https:\/\/www.facebook.com\/DroiX.Store","https:\/\/twitter.com\/DroiX_Store","https:\/\/www.instagram.com\/droix.store\/","https:\/\/www.tiktok.com\/@droix.store","https:\/\/www.youtube.com\/c\/DroiX_Store","https:\/\/uk.linkedin.com\/company\/droix"]},{"@type":"Product","@id":"https:\/\/droix.eu\/it\/product\/cappucci-per-levette-con-tema-animali\/#wooCommerceProduct","name":"Cappucci per Levette con Tema Animali","description":"Fatti di morbido materiale siliconico\n \tProteggono la levetta analogica\n \tMolto comodi al tatto\n \tNon si deformano facilmente\n \tNon tossici e resistenti allo sbiadimento","url":"https:\/\/droix.eu\/it\/product\/cappucci-per-levette-con-tema-animali\/","sku":"ANIMAL-THUMB-STICK-CAPS","gtin":"5060763673601","image":{"@type":"ImageObject","url":"https:\/\/droix.eu\/wp-content\/uploads\/2022\/11\/ANIMAL-THUMB-STICK-CAPS-IMAGE-1.png","@id":"https:\/\/droix.eu\/it\/product\/cappucci-per-levette-con-tema-animali\/#productImage","width":900,"height":1200},"offers":{"@type":"Offer","url":"https:\/\/droix.eu\/it\/product\/cappucci-per-levette-con-tema-animali\/#wooCommerceOffer","price":11.01,"priceCurrency":"EUR","category":"Accessori","availability":"https:\/\/schema.org\/InStock","priceSpecification":{"@type":"PriceSpecification","price":11.01,"priceCurrency":"EUR","valueAddedTaxIncluded":"true"},"seller":{"@type":"Organization","@id":"https:\/\/droix.eu\/it\/#organization"}}},{"@type":"WebPage","@id":"https:\/\/droix.eu\/it\/product\/cappucci-per-levette-con-tema-animali\/#webpage","url":"https:\/\/droix.eu\/it\/product\/cappucci-per-levette-con-tema-animali\/","name":"Cappucci per Levette con Tema Animali - DROIX EU","description":"Fatti di morbido materiale siliconico Proteggono la levetta analogica Molto comodi al tatto Non si deformano facilmente Non tossici e resistenti allo sbiadimento","inLanguage":"it-IT","isPartOf":{"@id":"https:\/\/droix.eu\/it\/#website"},"breadcrumb":{"@id":"https:\/\/droix.eu\/it\/product\/cappucci-per-levette-con-tema-animali\/#breadcrumblist"},"image":{"@type":"ImageObject","url":"https:\/\/droix.eu\/wp-content\/uploads\/2022\/11\/ANIMAL-THUMB-STICK-CAPS-IMAGE-1.png","@id":"https:\/\/droix.eu\/it\/product\/cappucci-per-levette-con-tema-animali\/#mainImage","width":900,"height":1200},"primaryImageOfPage":{"@id":"https:\/\/droix.eu\/it\/product\/cappucci-per-levette-con-tema-animali\/#mainImage"},"datePublished":"2022-11-11T11:44:32+00:00","dateModified":"2026-04-08T10:44:26+01:00"},{"@type":"WebSite","@id":"https:\/\/droix.eu\/it\/#website","url":"https:\/\/droix.eu\/it\/","name":"DROIX EU","description":"Get the latest Mini PCs, Ultrabook, PC Gaming Handhelds and more!","inLanguage":"it-IT","publisher":{"@id":"https:\/\/droix.eu\/it\/#organization"}}]},"og:locale":"it_IT","og:site_name":"DROIX EU - Get the latest Mini PCs, Ultrabook, PC Gaming Handhelds and more!","og:type":"article","og:title":"Cappucci per Levette con Tema Animali - DROIX EU","og:description":"Fatti di morbido materiale siliconico Proteggono la levetta analogica Molto comodi al tatto Non si deformano facilmente Non tossici e resistenti allo sbiadimento","og:url":"https:\/\/droix.eu\/it\/product\/cappucci-per-levette-con-tema-animali\/","og:image":"https:\/\/droix.eu\/wp-content\/uploads\/2024\/06\/droix-v2-light-logo.png","og:image:secure_url":"https:\/\/droix.eu\/wp-content\/uploads\/2024\/06\/droix-v2-light-logo.png","og:image:width":380,"og:image:height":118,"article:published_time":"2022-11-11T11:44:32+00:00","article:modified_time":"2026-04-08T09:44:26+00:00","article:publisher":"https:\/\/www.facebook.com\/DroiX.Store","twitter:card":"summary_large_image","twitter:site":"@DroiX_Store","twitter:title":"Cappucci per Levette con Tema Animali - DROIX EU","twitter:description":"Fatti di morbido materiale siliconico Proteggono la levetta analogica Molto comodi al tatto Non si deformano facilmente Non tossici e resistenti allo sbiadimento","twitter:image":"https:\/\/droix.eu\/wp-content\/uploads\/2024\/06\/droix-v2-light-logo.png"},"aioseo_meta_data":{"post_id":"549021","title":null,"description":null,"keywords":null,"keyphrases":{"focus":{"keyphrase":"","score":0,"analysis":{"keyphraseInTitle":{"score":0,"maxScore":9,"error":1}}},"additional":[]},"primary_term":null,"canonical_url":null,"og_title":null,"og_description":null,"og_object_type":"default","og_image_type":"default","og_image_url":null,"og_image_width":null,"og_image_height":null,"og_image_custom_url":null,"og_image_custom_fields":null,"og_video":"","og_custom_url":null,"og_article_section":null,"og_article_tags":null,"twitter_use_og":true,"twitter_card":"default","twitter_image_type":"default","twitter_image_url":null,"twitter_image_custom_url":null,"twitter_image_custom_fields":null,"twitter_title":null,"twitter_description":null,"schema":{"blockGraphs":[],"customGraphs":[],"default":{"data":{"Article":[],"Course":[],"Dataset":[],"FAQPage":[],"Movie":[],"Person":[],"Product":[],"ProductReview":[],"Car":[],"Recipe":[],"Service":[],"SoftwareApplication":[],"WebPage":[]},"graphName":"Product","isEnabled":true},"graphs":[]},"schema_type":"default","schema_type_options":null,"pillar_content":false,"robots_default":true,"robots_noindex":false,"robots_noarchive":false,"robots_nosnippet":false,"robots_nofollow":false,"robots_noimageindex":false,"robots_noodp":false,"robots_notranslate":false,"robots_max_snippet":"-1","robots_max_videopreview":"-1","robots_max_imagepreview":"large","priority":null,"frequency":"default","local_seo":null,"seo_analyzer_scan_date":null,"breadcrumb_settings":null,"limit_modified_date":false,"reviewed_by":null,"open_ai":null,"ai":{"faqs":[],"keyPoints":[],"titles":[],"descriptions":[],"socialPosts":{"email":[],"linkedin":[],"twitter":[],"facebook":[],"instagram":[]}},"created":"2025-10-09 04:02:58","updated":"2026-04-08 12:51:30"},"aioseo_breadcrumb":"<div class=\"aioseo-breadcrumbs\"><span class=\"aioseo-breadcrumb\">\n\t<a href=\"https:\/\/droix.eu\/it\/\" title=\"Home\">Home<\/a>\n<\/span><span class=\"aioseo-breadcrumb-separator\">&raquo;<\/span><span class=\"aioseo-breadcrumb\">\n\t<a href=\"https:\/\/droix.eu\/it\/product-category\/accessori\/\" title=\"Accessori\">Accessori<\/a>\n<\/span><span class=\"aioseo-breadcrumb-separator\">&raquo;<\/span><span class=\"aioseo-breadcrumb\">\n\t<a href=\"https:\/\/droix.eu\/it\/product-category\/accessori\/accessori-da-gioco\/\" title=\"Accessori da gioco\">Accessori da gioco<\/a>\n<\/span><span class=\"aioseo-breadcrumb-separator\">&raquo;<\/span><span class=\"aioseo-breadcrumb\">\n\tCappucci per Levette con Tema Animali\n<\/span><\/div>","aioseo_breadcrumb_json":[{"label":"Home","link":"https:\/\/droix.eu\/it\/"},{"label":"Accessori","link":"https:\/\/droix.eu\/it\/product-category\/accessori\/"},{"label":"Accessori da gioco","link":"https:\/\/droix.eu\/it\/product-category\/accessori\/accessori-da-gioco\/"},{"label":"Cappucci per Levette con Tema Animali","link":"https:\/\/droix.eu\/it\/product\/cappucci-per-levette-con-tema-animali\/"}],"_links":{"self":[{"href":"https:\/\/droix.eu\/it\/wp-json\/wp\/v2\/product\/549021","targetHints":{"allow":["GET"]}}],"collection":[{"href":"https:\/\/droix.eu\/it\/wp-json\/wp\/v2\/product"}],"about":[{"href":"https:\/\/droix.eu\/it\/wp-json\/wp\/v2\/types\/product"}],"version-history":[{"count":0,"href":"https:\/\/droix.eu\/it\/wp-json\/wp\/v2\/product\/549021\/revisions"}],"wp:featuredmedia":[{"embeddable":true,"href":"https:\/\/droix.eu\/it\/wp-json\/wp\/v2\/media\/702978"}],"wp:attachment":[{"href":"https:\/\/droix.eu\/it\/wp-json\/wp\/v2\/media?parent=549021"}],"wp:term":[{"taxonomy":"product_brand","embeddable":true,"href":"https:\/\/droix.eu\/it\/wp-json\/wp\/v2\/product_brand?post=549021"},{"taxonomy":"product_cat","embeddable":true,"href":"https:\/\/droix.eu\/it\/wp-json\/wp\/v2\/product_cat?post=549021"},{"taxonomy":"product_tag","embeddable":true,"href":"https:\/\/droix.eu\/it\/wp-json\/wp\/v2\/product_tag?post=549021"},{"taxonomy":"woo-feed-brand","embeddable":true,"href":"https:\/\/droix.eu\/it\/wp-json\/wp\/v2\/woo-feed-brand?post=549021"},{"taxonomy":"key-features","embeddable":true,"href":"https:\/\/droix.eu\/it\/wp-json\/wp\/v2\/key-features?post=549021"}],"curies":[{"name":"wp","href":"https:\/\/api.w.org\/{rel}","templated":true}]}}