{"id":548856,"date":"2022-12-20T15:00:27","date_gmt":"2022-12-20T15:00:27","guid":{"rendered":"https:\/\/droix.eu\/product\/kingspec-2230-steam-deck-archiviazione-nvme\/"},"modified":"2025-09-05T14:56:45","modified_gmt":"2025-09-05T13:56:45","slug":"kingspec-2230-steam-deck-archiviazione-nvme","status":"publish","type":"product","link":"https:\/\/droix.eu\/it\/product\/kingspec-2230-steam-deck-archiviazione-nvme\/","title":{"rendered":"KingSpec 2230 Steam Deck Archiviazione NVMe"},"content":{"rendered":"&#13;\n<p>L&#8217;<strong>SSD NVMe 22*30 KingSpec<\/strong> \u00e8 in grado di raggiungere velocit\u00e0 di lettura fino a 3621,35 MB\/s e velocit\u00e0 di scrittura fino a 2314,32 MB\/s. Queste velocit\u00e0 sono significativamente pi\u00f9 alte di quelle di un hard disk tradizionale, che tipicamente raggiunge velocit\u00e0 intorno ai 100 MB\/s. Ci\u00f2 significa che l&#8217;unit\u00e0 NVMe KingSpec \u00e8 in grado di accedere e trasferire dati molto pi\u00f9 velocemente, risultando in tempi di avvio pi\u00f9 rapidi e lancio pi\u00f9 veloce del software.  <\/p>&#13;\n&#13;\n<p>Per esempio, supponiamo che tu abbia una grande applicazione software da installare. Con un hard disk tradizionale, potrebbe volerci diversi minuti per completare il processo di installazione. Con l&#8217;unit\u00e0 NVMe KingSpec, invece, il processo di installazione sarebbe molto pi\u00f9 veloce, poich\u00e9 l&#8217;unit\u00e0 \u00e8 in grado di accedere e trasferire i dati necessari a velocit\u00e0 molto pi\u00f9 elevate.  <\/p>&#13;\n&#13;\n<p>In generale, le velocit\u00e0 di lettura e scrittura pi\u00f9 elevate dell&#8217;unit\u00e0 <strong>NVMe KingSpec<\/strong> la rendono un&#8217;ottima scelta per chi vuole migliorare le prestazioni complessive del proprio computer. Che tu sia un gamer che vuole caricare i livelli pi\u00f9 velocemente, un professionista creativo che lavora con file di grandi dimensioni, o semplicemente qualcuno che desidera un&#8217;esperienza di computing pi\u00f9 fluida e reattiva, questa unit\u00e0 \u00e8 sicuramente in grado di soddisfare. <\/p>&#13;\n&#13;\n<p>Controlla i risultati qui sotto per <strong>Steam Deck<\/strong> utilizzando l&#8217;archiviazione <strong>KingSpec 2230 NVMe 1TB<\/strong>:<\/p>&#13;\n&#13;\n<p>Velocit\u00e0 di Lettura: <strong>3621,35 MB\/s<\/strong><br\/>Velocit\u00e0 di Scrittura: <strong>2314,32 MB\/s<\/strong><\/p>&#13;\n&#13;\n<p><strong>Il software di benchmark CrystalDiskMark<\/strong> esegue una serie di test sull&#8217;archiviazione per verificarne le prestazioni su diversi modelli di lettura\/scrittura. I risultati mostrano le velocit\u00e0 massime ottimali di lettura e scrittura nella prima riga. <\/p>&#13;\n&#13;\n<figure class=\"wp-block-image aligncenter\"><img fetchpriority=\"high\" decoding=\"async\" width=\"601\" height=\"438\" src=\"https:\/\/droix.eu\/wp-content\/uploads\/2022\/12\/r-w-speed-kigspec2230-steam-deck.png\" alt=\"Velocit&#xE0; di lettura e scrittura SD KingSpec 2230\" class=\"wp-image-94989\" srcset=\"https:\/\/droix.eu\/wp-content\/uploads\/2022\/12\/r-w-speed-kigspec2230-steam-deck.png 601w, https:\/\/droix.eu\/wp-content\/uploads\/2022\/12\/r-w-speed-kigspec2230-steam-deck-300x219.png 300w, https:\/\/droix.eu\/wp-content\/uploads\/2022\/12\/r-w-speed-kigspec2230-steam-deck-441x321.png 441w\" sizes=\"(max-width: 601px) 100vw, 601px\" \/><\/figure>&#13;\n&#13;\n<figure class=\"wp-block-image aligncenter\"><img decoding=\"async\" width=\"1500\" height=\"1500\" src=\"https:\/\/droix.eu\/wp-content\/uploads\/2022\/12\/SSD-EXPLINATION.png\" alt=\"strumento-spiegazione-ssd\" class=\"wp-image-105048\" srcset=\"https:\/\/droix.eu\/wp-content\/uploads\/2022\/12\/SSD-EXPLINATION.png 1500w, https:\/\/droix.eu\/wp-content\/uploads\/2022\/12\/SSD-EXPLINATION-300x300.png 300w, https:\/\/droix.eu\/wp-content\/uploads\/2022\/12\/SSD-EXPLINATION-100x100.png 100w, https:\/\/droix.eu\/wp-content\/uploads\/2022\/12\/SSD-EXPLINATION-1000x1000.png 1000w, https:\/\/droix.eu\/wp-content\/uploads\/2022\/12\/SSD-EXPLINATION-1024x1024.png 1024w, https:\/\/droix.eu\/wp-content\/uploads\/2022\/12\/SSD-EXPLINATION-768x768.png 768w, https:\/\/droix.eu\/wp-content\/uploads\/2022\/12\/SSD-EXPLINATION-990x990.png 990w, https:\/\/droix.eu\/wp-content\/uploads\/2022\/12\/SSD-EXPLINATION-441x441.png 441w\" sizes=\"(max-width: 1500px) 100vw, 1500px\" \/><\/figure>&#13;\n","protected":false},"excerpt":{"rendered":"<ul>\n<li>Velocit\u00e0 NVMe Rapide<\/li>\n<li>Compatibile con SteamDeck e GPD WIN Max 2  <\/li>\n<li>3 Anni di Garanzia<\/li>\n<\/ul>\n[droix_global_accordions]\n[cg_accordion title=\"Il pacchetto comprende\"]<\/p>\n<ul>\n<li>1x SSD NVMe 22*30<\/li>\n<\/ul>\n<p>[\/cg_accordion]\n","protected":false},"featured_media":548858,"template":"","meta":{"_acf_changed":false},"product_brand":[],"product_cat":[38970,38968,38969],"product_tag":[],"woo-feed-brand":[],"key-features":[],"class_list":{"0":"post-548856","1":"product","2":"type-product","3":"status-publish","4":"has-post-thumbnail","6":"product_cat-hardware-it","7":"product_cat-hardware-per-computer","8":"product_cat-hardware-per-laptop","9":"product_shipping_class-low-end","10":"pa_brands-kingspec","12":"first","13":"instock","14":"taxable","15":"shipping-taxable","16":"purchasable","17":"product-type-variable","18":"has-default-attributes"},"acf":[],"aioseo_notices":[],"aioseo_head":"\n\t\t<!-- All in One SEO Pro 4.9.6.2 - aioseo.com -->\n\t<meta name=\"description\" content=\"Velocit\u00e0 NVMe Rapide Compatibile con SteamDeck e GPD WIN Max 2 3 Anni di Garanzia Il pacchetto comprende 1x SSD NVMe 22*30\" \/>\n\t<meta name=\"robots\" content=\"max-image-preview:large\" \/>\n\t<link rel=\"canonical\" href=\"https:\/\/droix.eu\/it\/product\/kingspec-2230-steam-deck-archiviazione-nvme\/\" \/>\n\t<meta name=\"generator\" content=\"All in One SEO Pro (AIOSEO) 4.9.6.2\" \/>\n\t\t<meta property=\"og:locale\" content=\"it_IT\" \/>\n\t\t<meta property=\"og:site_name\" content=\"DROIX EU - Get the latest Mini PCs, Ultrabook, PC Gaming Handhelds and more!\" \/>\n\t\t<meta property=\"og:type\" content=\"article\" \/>\n\t\t<meta property=\"og:title\" content=\"KingSpec 2230 Steam Deck Archiviazione NVMe - DROIX EU\" \/>\n\t\t<meta property=\"og:description\" content=\"Velocit\u00e0 NVMe Rapide Compatibile con SteamDeck e GPD WIN Max 2 3 Anni di Garanzia Il pacchetto comprende 1x SSD NVMe 22*30\" \/>\n\t\t<meta property=\"og:url\" content=\"https:\/\/droix.eu\/it\/product\/kingspec-2230-steam-deck-archiviazione-nvme\/\" \/>\n\t\t<meta property=\"og:image\" content=\"https:\/\/droix.eu\/wp-content\/uploads\/2024\/06\/droix-v2-light-logo.png\" \/>\n\t\t<meta property=\"og:image:secure_url\" content=\"https:\/\/droix.eu\/wp-content\/uploads\/2024\/06\/droix-v2-light-logo.png\" \/>\n\t\t<meta property=\"og:image:width\" content=\"380\" \/>\n\t\t<meta property=\"og:image:height\" content=\"118\" \/>\n\t\t<meta property=\"article:published_time\" content=\"2022-12-20T15:00:27+00:00\" \/>\n\t\t<meta property=\"article:modified_time\" content=\"2025-09-05T13:56:45+00:00\" \/>\n\t\t<meta property=\"article:publisher\" content=\"https:\/\/www.facebook.com\/DroiX.Store\" \/>\n\t\t<meta name=\"twitter:card\" content=\"summary_large_image\" \/>\n\t\t<meta name=\"twitter:site\" content=\"@DroiX_Store\" \/>\n\t\t<meta name=\"twitter:title\" content=\"KingSpec 2230 Steam Deck Archiviazione NVMe - DROIX EU\" \/>\n\t\t<meta name=\"twitter:description\" content=\"Velocit\u00e0 NVMe Rapide Compatibile con SteamDeck e GPD WIN Max 2 3 Anni di Garanzia Il pacchetto comprende 1x SSD NVMe 22*30\" \/>\n\t\t<meta name=\"twitter:image\" content=\"https:\/\/droix.eu\/wp-content\/uploads\/2024\/06\/droix-v2-light-logo.png\" \/>\n\t\t<script type=\"application\/ld+json\" class=\"aioseo-schema\">\n\t\t\t{\"@context\":\"https:\\\/\\\/schema.org\",\"@graph\":[{\"@type\":\"BreadcrumbList\",\"@id\":\"https:\\\/\\\/droix.eu\\\/it\\\/product\\\/kingspec-2230-steam-deck-archiviazione-nvme\\\/#breadcrumblist\",\"itemListElement\":[{\"@type\":\"ListItem\",\"@id\":\"https:\\\/\\\/droix.eu\\\/it\\\/#listItem\",\"position\":1,\"name\":\"Home\",\"item\":\"https:\\\/\\\/droix.eu\\\/it\\\/\",\"nextItem\":{\"@type\":\"ListItem\",\"@id\":\"https:\\\/\\\/droix.eu\\\/it\\\/product-category\\\/hardware-it\\\/#listItem\",\"name\":\"Hardware\"}},{\"@type\":\"ListItem\",\"@id\":\"https:\\\/\\\/droix.eu\\\/it\\\/product-category\\\/hardware-it\\\/#listItem\",\"position\":2,\"name\":\"Hardware\",\"item\":\"https:\\\/\\\/droix.eu\\\/it\\\/product-category\\\/hardware-it\\\/\",\"nextItem\":{\"@type\":\"ListItem\",\"@id\":\"https:\\\/\\\/droix.eu\\\/it\\\/product-category\\\/hardware-it\\\/hardware-per-computer\\\/#listItem\",\"name\":\"Hardware per Computer\"},\"previousItem\":{\"@type\":\"ListItem\",\"@id\":\"https:\\\/\\\/droix.eu\\\/it\\\/#listItem\",\"name\":\"Home\"}},{\"@type\":\"ListItem\",\"@id\":\"https:\\\/\\\/droix.eu\\\/it\\\/product-category\\\/hardware-it\\\/hardware-per-computer\\\/#listItem\",\"position\":3,\"name\":\"Hardware per Computer\",\"item\":\"https:\\\/\\\/droix.eu\\\/it\\\/product-category\\\/hardware-it\\\/hardware-per-computer\\\/\",\"nextItem\":{\"@type\":\"ListItem\",\"@id\":\"https:\\\/\\\/droix.eu\\\/it\\\/product\\\/kingspec-2230-steam-deck-archiviazione-nvme\\\/#listItem\",\"name\":\"KingSpec 2230 Steam Deck Archiviazione NVMe\"},\"previousItem\":{\"@type\":\"ListItem\",\"@id\":\"https:\\\/\\\/droix.eu\\\/it\\\/product-category\\\/hardware-it\\\/#listItem\",\"name\":\"Hardware\"}},{\"@type\":\"ListItem\",\"@id\":\"https:\\\/\\\/droix.eu\\\/it\\\/product\\\/kingspec-2230-steam-deck-archiviazione-nvme\\\/#listItem\",\"position\":4,\"name\":\"KingSpec 2230 Steam Deck Archiviazione NVMe\",\"previousItem\":{\"@type\":\"ListItem\",\"@id\":\"https:\\\/\\\/droix.eu\\\/it\\\/product-category\\\/hardware-it\\\/hardware-per-computer\\\/#listItem\",\"name\":\"Hardware per Computer\"}}]},{\"@type\":\"Organization\",\"@id\":\"https:\\\/\\\/droix.eu\\\/it\\\/#organization\",\"name\":\"DroiX \\u2013 Trusted EU Tech Retailer with 12+ Years Experience\",\"description\":\"DroiX is a leading European technology retailer with over 12 years of experience, offering quality mini PCs, handheld gaming consoles, and tech accessories. We provide hassle-free EU delivery with all taxes included, ensuring a smooth and reliable shopping experience for our customers across Europe.\",\"url\":\"https:\\\/\\\/droix.eu\\\/it\\\/\",\"logo\":{\"@type\":\"ImageObject\",\"url\":\"https:\\\/\\\/droix.eu\\\/wp-content\\\/uploads\\\/2024\\\/06\\\/droix-v2-light-logo.png\",\"@id\":\"https:\\\/\\\/droix.eu\\\/it\\\/product\\\/kingspec-2230-steam-deck-archiviazione-nvme\\\/#organizationLogo\",\"width\":380,\"height\":118},\"image\":{\"@id\":\"https:\\\/\\\/droix.eu\\\/it\\\/product\\\/kingspec-2230-steam-deck-archiviazione-nvme\\\/#organizationLogo\"},\"sameAs\":[\"https:\\\/\\\/www.facebook.com\\\/DroiX.Store\",\"https:\\\/\\\/twitter.com\\\/DroiX_Store\",\"https:\\\/\\\/www.instagram.com\\\/droix.store\\\/\",\"https:\\\/\\\/www.tiktok.com\\\/@droix.store\",\"https:\\\/\\\/www.youtube.com\\\/c\\\/DroiX_Store\",\"https:\\\/\\\/uk.linkedin.com\\\/company\\\/droix\"]},{\"@type\":\"ProductGroup\",\"@id\":\"https:\\\/\\\/droix.eu\\\/it\\\/product\\\/kingspec-2230-steam-deck-archiviazione-nvme\\\/#wooCommerceProduct\",\"name\":\"KingSpec 2230 Steam Deck Archiviazione NVMe\",\"description\":\"Velocit\\u00e0 NVMe Rapide\\n \\tCompatibile con SteamDeck e GPD WIN Max 2  \\n \\t3 Anni di Garanzia\",\"url\":\"https:\\\/\\\/droix.eu\\\/it\\\/product\\\/kingspec-2230-steam-deck-archiviazione-nvme\\\/\",\"image\":{\"@type\":\"ImageObject\",\"url\":\"https:\\\/\\\/droix.eu\\\/wp-content\\\/uploads\\\/2022\\\/12\\\/22_30NVME-LISTING-PICTURE-1TB-1.png\",\"@id\":\"https:\\\/\\\/droix.eu\\\/it\\\/product\\\/kingspec-2230-steam-deck-archiviazione-nvme\\\/#productImage\",\"width\":1500,\"height\":1500,\"caption\":\"Archiviazione KingSpec 1TB NVME 2230\"},\"productGroupID\":548856,\"hasVariant\":[{\"@type\":\"Product\",\"@id\":\"https:\\\/\\\/droix.eu\\\/it\\\/product\\\/kingspec-2230-steam-deck-archiviazione-nvme\\\/#wooCommerceProduct\",\"name\":\"KingSpec 2230 Steam Deck Archiviazione NVMe - 512gb\",\"description\":\"Velocit\\u00e0 NVMe Rapide\\n \\tCompatibile con SteamDeck e GPD WIN Max 2  \\n \\t3 Anni di Garanzia\",\"url\":\"https:\\\/\\\/droix.eu\\\/it\\\/product\\\/kingspec-2230-steam-deck-archiviazione-nvme\\\/\",\"sku\":\"KINGSPEC-NVME-2230-512GB\",\"image\":{\"@type\":\"ImageObject\",\"url\":\"https:\\\/\\\/droix.eu\\\/wp-content\\\/uploads\\\/2022\\\/12\\\/22_30NVME-LISTING-PICTURE-512GB-1.png\",\"@id\":\"https:\\\/\\\/droix.eu\\\/it\\\/product\\\/kingspec-2230-steam-deck-archiviazione-nvme\\\/#productImage\",\"width\":1500,\"height\":1500,\"caption\":\"Archiviazione KingSpec 512GB NVME 2230\"},\"offers\":{\"@type\":\"Offer\",\"url\":\"https:\\\/\\\/droix.eu\\\/it\\\/product\\\/kingspec-2230-steam-deck-archiviazione-nvme\\\/#wooCommerceOffer\",\"price\":\"59.95\",\"priceCurrency\":\"EUR\",\"category\":\"Hardware\",\"availability\":\"https:\\\/\\\/schema.org\\\/OutOfStock\",\"priceSpecification\":{\"@type\":\"PriceSpecification\",\"price\":59.95,\"priceCurrency\":\"EUR\",\"valueAddedTaxIncluded\":\"true\"}}}]},{\"@type\":\"WebPage\",\"@id\":\"https:\\\/\\\/droix.eu\\\/it\\\/product\\\/kingspec-2230-steam-deck-archiviazione-nvme\\\/#webpage\",\"url\":\"https:\\\/\\\/droix.eu\\\/it\\\/product\\\/kingspec-2230-steam-deck-archiviazione-nvme\\\/\",\"name\":\"KingSpec 2230 Steam Deck Archiviazione NVMe - DROIX EU\",\"description\":\"Velocit\\u00e0 NVMe Rapide Compatibile con SteamDeck e GPD WIN Max 2 3 Anni di Garanzia Il pacchetto comprende 1x SSD NVMe 22*30\",\"inLanguage\":\"it-IT\",\"isPartOf\":{\"@id\":\"https:\\\/\\\/droix.eu\\\/it\\\/#website\"},\"breadcrumb\":{\"@id\":\"https:\\\/\\\/droix.eu\\\/it\\\/product\\\/kingspec-2230-steam-deck-archiviazione-nvme\\\/#breadcrumblist\"},\"image\":{\"@type\":\"ImageObject\",\"url\":\"https:\\\/\\\/droix.eu\\\/wp-content\\\/uploads\\\/2022\\\/12\\\/22_30NVME-LISTING-PICTURE-1TB-1.png\",\"@id\":\"https:\\\/\\\/droix.eu\\\/it\\\/product\\\/kingspec-2230-steam-deck-archiviazione-nvme\\\/#mainImage\",\"width\":1500,\"height\":1500,\"caption\":\"Archiviazione KingSpec 1TB NVME 2230\"},\"primaryImageOfPage\":{\"@id\":\"https:\\\/\\\/droix.eu\\\/it\\\/product\\\/kingspec-2230-steam-deck-archiviazione-nvme\\\/#mainImage\"},\"datePublished\":\"2022-12-20T15:00:27+00:00\",\"dateModified\":\"2025-09-05T14:56:45+01:00\"},{\"@type\":\"WebSite\",\"@id\":\"https:\\\/\\\/droix.eu\\\/it\\\/#website\",\"url\":\"https:\\\/\\\/droix.eu\\\/it\\\/\",\"name\":\"DROIX EU\",\"description\":\"Get the latest Mini PCs, Ultrabook, PC Gaming Handhelds and more!\",\"inLanguage\":\"it-IT\",\"publisher\":{\"@id\":\"https:\\\/\\\/droix.eu\\\/it\\\/#organization\"}}]}\n\t\t<\/script>\n\t\t<!-- All in One SEO Pro -->\r\n\t\t<title>KingSpec 2230 Steam Deck Archiviazione NVMe - DROIX EU<\/title>\n\n","aioseo_head_json":{"title":"KingSpec 2230 Steam Deck Archiviazione NVMe - DROIX EU","description":"Velocit\u00e0 NVMe Rapide Compatibile con SteamDeck e GPD WIN Max 2 3 Anni di Garanzia Il pacchetto comprende 1x SSD NVMe 22*30","canonical_url":"https:\/\/droix.eu\/it\/product\/kingspec-2230-steam-deck-archiviazione-nvme\/","robots":"max-image-preview:large","keywords":"","webmasterTools":{"miscellaneous":""},"schema":{"@context":"https:\/\/schema.org","@graph":[{"@type":"BreadcrumbList","@id":"https:\/\/droix.eu\/it\/product\/kingspec-2230-steam-deck-archiviazione-nvme\/#breadcrumblist","itemListElement":[{"@type":"ListItem","@id":"https:\/\/droix.eu\/it\/#listItem","position":1,"name":"Home","item":"https:\/\/droix.eu\/it\/","nextItem":{"@type":"ListItem","@id":"https:\/\/droix.eu\/it\/product-category\/hardware-it\/#listItem","name":"Hardware"}},{"@type":"ListItem","@id":"https:\/\/droix.eu\/it\/product-category\/hardware-it\/#listItem","position":2,"name":"Hardware","item":"https:\/\/droix.eu\/it\/product-category\/hardware-it\/","nextItem":{"@type":"ListItem","@id":"https:\/\/droix.eu\/it\/product-category\/hardware-it\/hardware-per-computer\/#listItem","name":"Hardware per Computer"},"previousItem":{"@type":"ListItem","@id":"https:\/\/droix.eu\/it\/#listItem","name":"Home"}},{"@type":"ListItem","@id":"https:\/\/droix.eu\/it\/product-category\/hardware-it\/hardware-per-computer\/#listItem","position":3,"name":"Hardware per Computer","item":"https:\/\/droix.eu\/it\/product-category\/hardware-it\/hardware-per-computer\/","nextItem":{"@type":"ListItem","@id":"https:\/\/droix.eu\/it\/product\/kingspec-2230-steam-deck-archiviazione-nvme\/#listItem","name":"KingSpec 2230 Steam Deck Archiviazione NVMe"},"previousItem":{"@type":"ListItem","@id":"https:\/\/droix.eu\/it\/product-category\/hardware-it\/#listItem","name":"Hardware"}},{"@type":"ListItem","@id":"https:\/\/droix.eu\/it\/product\/kingspec-2230-steam-deck-archiviazione-nvme\/#listItem","position":4,"name":"KingSpec 2230 Steam Deck Archiviazione NVMe","previousItem":{"@type":"ListItem","@id":"https:\/\/droix.eu\/it\/product-category\/hardware-it\/hardware-per-computer\/#listItem","name":"Hardware per Computer"}}]},{"@type":"Organization","@id":"https:\/\/droix.eu\/it\/#organization","name":"DroiX \u2013 Trusted EU Tech Retailer with 12+ Years Experience","description":"DroiX is a leading European technology retailer with over 12 years of experience, offering quality mini PCs, handheld gaming consoles, and tech accessories. We provide hassle-free EU delivery with all taxes included, ensuring a smooth and reliable shopping experience for our customers across Europe.","url":"https:\/\/droix.eu\/it\/","logo":{"@type":"ImageObject","url":"https:\/\/droix.eu\/wp-content\/uploads\/2024\/06\/droix-v2-light-logo.png","@id":"https:\/\/droix.eu\/it\/product\/kingspec-2230-steam-deck-archiviazione-nvme\/#organizationLogo","width":380,"height":118},"image":{"@id":"https:\/\/droix.eu\/it\/product\/kingspec-2230-steam-deck-archiviazione-nvme\/#organizationLogo"},"sameAs":["https:\/\/www.facebook.com\/DroiX.Store","https:\/\/twitter.com\/DroiX_Store","https:\/\/www.instagram.com\/droix.store\/","https:\/\/www.tiktok.com\/@droix.store","https:\/\/www.youtube.com\/c\/DroiX_Store","https:\/\/uk.linkedin.com\/company\/droix"]},{"@type":"ProductGroup","@id":"https:\/\/droix.eu\/it\/product\/kingspec-2230-steam-deck-archiviazione-nvme\/#wooCommerceProduct","name":"KingSpec 2230 Steam Deck Archiviazione NVMe","description":"Velocit\u00e0 NVMe Rapide\n \tCompatibile con SteamDeck e GPD WIN Max 2  \n \t3 Anni di Garanzia","url":"https:\/\/droix.eu\/it\/product\/kingspec-2230-steam-deck-archiviazione-nvme\/","image":{"@type":"ImageObject","url":"https:\/\/droix.eu\/wp-content\/uploads\/2022\/12\/22_30NVME-LISTING-PICTURE-1TB-1.png","@id":"https:\/\/droix.eu\/it\/product\/kingspec-2230-steam-deck-archiviazione-nvme\/#productImage","width":1500,"height":1500,"caption":"Archiviazione KingSpec 1TB NVME 2230"},"productGroupID":548856,"hasVariant":[{"@type":"Product","@id":"https:\/\/droix.eu\/it\/product\/kingspec-2230-steam-deck-archiviazione-nvme\/#wooCommerceProduct","name":"KingSpec 2230 Steam Deck Archiviazione NVMe - 512gb","description":"Velocit\u00e0 NVMe Rapide\n \tCompatibile con SteamDeck e GPD WIN Max 2  \n \t3 Anni di Garanzia","url":"https:\/\/droix.eu\/it\/product\/kingspec-2230-steam-deck-archiviazione-nvme\/","sku":"KINGSPEC-NVME-2230-512GB","image":{"@type":"ImageObject","url":"https:\/\/droix.eu\/wp-content\/uploads\/2022\/12\/22_30NVME-LISTING-PICTURE-512GB-1.png","@id":"https:\/\/droix.eu\/it\/product\/kingspec-2230-steam-deck-archiviazione-nvme\/#productImage","width":1500,"height":1500,"caption":"Archiviazione KingSpec 512GB NVME 2230"},"offers":{"@type":"Offer","url":"https:\/\/droix.eu\/it\/product\/kingspec-2230-steam-deck-archiviazione-nvme\/#wooCommerceOffer","price":"59.95","priceCurrency":"EUR","category":"Hardware","availability":"https:\/\/schema.org\/OutOfStock","priceSpecification":{"@type":"PriceSpecification","price":59.95,"priceCurrency":"EUR","valueAddedTaxIncluded":"true"}}}]},{"@type":"WebPage","@id":"https:\/\/droix.eu\/it\/product\/kingspec-2230-steam-deck-archiviazione-nvme\/#webpage","url":"https:\/\/droix.eu\/it\/product\/kingspec-2230-steam-deck-archiviazione-nvme\/","name":"KingSpec 2230 Steam Deck Archiviazione NVMe - DROIX EU","description":"Velocit\u00e0 NVMe Rapide Compatibile con SteamDeck e GPD WIN Max 2 3 Anni di Garanzia Il pacchetto comprende 1x SSD NVMe 22*30","inLanguage":"it-IT","isPartOf":{"@id":"https:\/\/droix.eu\/it\/#website"},"breadcrumb":{"@id":"https:\/\/droix.eu\/it\/product\/kingspec-2230-steam-deck-archiviazione-nvme\/#breadcrumblist"},"image":{"@type":"ImageObject","url":"https:\/\/droix.eu\/wp-content\/uploads\/2022\/12\/22_30NVME-LISTING-PICTURE-1TB-1.png","@id":"https:\/\/droix.eu\/it\/product\/kingspec-2230-steam-deck-archiviazione-nvme\/#mainImage","width":1500,"height":1500,"caption":"Archiviazione KingSpec 1TB NVME 2230"},"primaryImageOfPage":{"@id":"https:\/\/droix.eu\/it\/product\/kingspec-2230-steam-deck-archiviazione-nvme\/#mainImage"},"datePublished":"2022-12-20T15:00:27+00:00","dateModified":"2025-09-05T14:56:45+01:00"},{"@type":"WebSite","@id":"https:\/\/droix.eu\/it\/#website","url":"https:\/\/droix.eu\/it\/","name":"DROIX EU","description":"Get the latest Mini PCs, Ultrabook, PC Gaming Handhelds and more!","inLanguage":"it-IT","publisher":{"@id":"https:\/\/droix.eu\/it\/#organization"}}]},"og:locale":"it_IT","og:site_name":"DROIX EU - Get the latest Mini PCs, Ultrabook, PC Gaming Handhelds and more!","og:type":"article","og:title":"KingSpec 2230 Steam Deck Archiviazione NVMe - DROIX EU","og:description":"Velocit\u00e0 NVMe Rapide Compatibile con SteamDeck e GPD WIN Max 2 3 Anni di Garanzia Il pacchetto comprende 1x SSD NVMe 22*30","og:url":"https:\/\/droix.eu\/it\/product\/kingspec-2230-steam-deck-archiviazione-nvme\/","og:image":"https:\/\/droix.eu\/wp-content\/uploads\/2024\/06\/droix-v2-light-logo.png","og:image:secure_url":"https:\/\/droix.eu\/wp-content\/uploads\/2024\/06\/droix-v2-light-logo.png","og:image:width":380,"og:image:height":118,"article:published_time":"2022-12-20T15:00:27+00:00","article:modified_time":"2025-09-05T13:56:45+00:00","article:publisher":"https:\/\/www.facebook.com\/DroiX.Store","twitter:card":"summary_large_image","twitter:site":"@DroiX_Store","twitter:title":"KingSpec 2230 Steam Deck Archiviazione NVMe - DROIX EU","twitter:description":"Velocit\u00e0 NVMe Rapide Compatibile con SteamDeck e GPD WIN Max 2 3 Anni di Garanzia Il pacchetto comprende 1x SSD NVMe 22*30","twitter:image":"https:\/\/droix.eu\/wp-content\/uploads\/2024\/06\/droix-v2-light-logo.png"},"aioseo_meta_data":{"post_id":"548856","title":null,"description":null,"keywords":null,"keyphrases":null,"primary_term":null,"canonical_url":null,"og_title":null,"og_description":null,"og_object_type":"default","og_image_type":"default","og_image_url":null,"og_image_width":null,"og_image_height":null,"og_image_custom_url":null,"og_image_custom_fields":null,"og_video":null,"og_custom_url":null,"og_article_section":null,"og_article_tags":null,"twitter_use_og":true,"twitter_card":"default","twitter_image_type":"default","twitter_image_url":null,"twitter_image_custom_url":null,"twitter_image_custom_fields":null,"twitter_title":null,"twitter_description":null,"schema":{"blockGraphs":[],"customGraphs":[],"default":{"data":{"Article":[],"Course":[],"Dataset":[],"FAQPage":[],"Movie":[],"Person":[],"Product":[],"ProductReview":[],"Car":[],"Recipe":[],"Service":[],"SoftwareApplication":[],"WebPage":[]},"graphName":"","isEnabled":true},"graphs":[]},"schema_type":"default","schema_type_options":null,"pillar_content":false,"robots_default":true,"robots_noindex":false,"robots_noarchive":false,"robots_nosnippet":false,"robots_nofollow":false,"robots_noimageindex":false,"robots_noodp":false,"robots_notranslate":false,"robots_max_snippet":null,"robots_max_videopreview":null,"robots_max_imagepreview":"large","priority":null,"frequency":null,"local_seo":null,"seo_analyzer_scan_date":"2025-10-24 12:05:41","breadcrumb_settings":null,"limit_modified_date":false,"reviewed_by":null,"open_ai":null,"ai":null,"created":"2025-10-09 04:06:35","updated":"2025-11-27 02:11:31"},"aioseo_breadcrumb":"<div class=\"aioseo-breadcrumbs\"><span class=\"aioseo-breadcrumb\">\n\t<a href=\"https:\/\/droix.eu\/it\/\" title=\"Home\">Home<\/a>\n<\/span><span class=\"aioseo-breadcrumb-separator\">&raquo;<\/span><span class=\"aioseo-breadcrumb\">\n\t<a href=\"https:\/\/droix.eu\/it\/product-category\/hardware-it\/\" title=\"Hardware\">Hardware<\/a>\n<\/span><span class=\"aioseo-breadcrumb-separator\">&raquo;<\/span><span class=\"aioseo-breadcrumb\">\n\t<a href=\"https:\/\/droix.eu\/it\/product-category\/hardware-it\/hardware-per-computer\/\" title=\"Hardware per Computer\">Hardware per Computer<\/a>\n<\/span><span class=\"aioseo-breadcrumb-separator\">&raquo;<\/span><span class=\"aioseo-breadcrumb\">\n\tKingSpec 2230 Steam Deck Archiviazione NVMe\n<\/span><\/div>","aioseo_breadcrumb_json":[{"label":"Home","link":"https:\/\/droix.eu\/it\/"},{"label":"Hardware","link":"https:\/\/droix.eu\/it\/product-category\/hardware-it\/"},{"label":"Hardware per Computer","link":"https:\/\/droix.eu\/it\/product-category\/hardware-it\/hardware-per-computer\/"},{"label":"KingSpec 2230 Steam Deck Archiviazione NVMe","link":"https:\/\/droix.eu\/it\/product\/kingspec-2230-steam-deck-archiviazione-nvme\/"}],"_links":{"self":[{"href":"https:\/\/droix.eu\/it\/wp-json\/wp\/v2\/product\/548856","targetHints":{"allow":["GET"]}}],"collection":[{"href":"https:\/\/droix.eu\/it\/wp-json\/wp\/v2\/product"}],"about":[{"href":"https:\/\/droix.eu\/it\/wp-json\/wp\/v2\/types\/product"}],"version-history":[{"count":0,"href":"https:\/\/droix.eu\/it\/wp-json\/wp\/v2\/product\/548856\/revisions"}],"wp:featuredmedia":[{"embeddable":true,"href":"https:\/\/droix.eu\/it\/wp-json\/wp\/v2\/media\/548858"}],"wp:attachment":[{"href":"https:\/\/droix.eu\/it\/wp-json\/wp\/v2\/media?parent=548856"}],"wp:term":[{"taxonomy":"product_brand","embeddable":true,"href":"https:\/\/droix.eu\/it\/wp-json\/wp\/v2\/product_brand?post=548856"},{"taxonomy":"product_cat","embeddable":true,"href":"https:\/\/droix.eu\/it\/wp-json\/wp\/v2\/product_cat?post=548856"},{"taxonomy":"product_tag","embeddable":true,"href":"https:\/\/droix.eu\/it\/wp-json\/wp\/v2\/product_tag?post=548856"},{"taxonomy":"woo-feed-brand","embeddable":true,"href":"https:\/\/droix.eu\/it\/wp-json\/wp\/v2\/woo-feed-brand?post=548856"},{"taxonomy":"key-features","embeddable":true,"href":"https:\/\/droix.eu\/it\/wp-json\/wp\/v2\/key-features?post=548856"}],"curies":[{"name":"wp","href":"https:\/\/api.w.org\/{rel}","templated":true}]}}