{"id":542456,"date":"2024-11-27T16:44:13","date_gmt":"2024-11-27T16:44:13","guid":{"rendered":"https:\/\/droix.eu\/product\/modulo-4g-lte-per-gpd-pocket-4\/"},"modified":"2026-04-13T18:17:03","modified_gmt":"2026-04-13T17:17:03","slug":"modulo-4g-lte-per-gpd-pocket-4","status":"publish","type":"product","link":"https:\/\/droix.eu\/it\/product\/modulo-4g-lte-per-gpd-pocket-4\/","title":{"rendered":"Modulo GPD POCKET 4 4G LTE"},"content":{"rendered":"\n<p>Il GPD Pocket 4 offre un esclusivo modulo 4G LTE come caratteristica opzionale, che consente agli utenti di connettersi a tutte le reti mobili per giocare in movimento.  <\/p>\n","protected":false},"excerpt":{"rendered":"<ul>\n<li><strong>Accessorio ufficiale GPD<\/strong><\/li>\n<li>Modulo di espansione <strong>4G LTE<\/strong> per giocare in movimento<\/li>\n<li>Slot per <strong>SIM Card<\/strong><\/li>\n<li>Facilmente installabile nella<strong> GPD POCKET 4<\/strong><\/li>\n<\/ul>\n[cg_accordion title=\"Garanzia di 2 anni su tutti i prodotti GPD\"]<\/p>\n<p>Tutti i prodotti GPD hanno una garanzia di 2 anni e sono supportati da oltre 13 anni di servizio di fiducia. Unitevi alla nostra comunit\u00e0 di oltre 500.000 clienti soddisfatti e sentitevi sicuri del vostro acquisto. [\/cg_accordion]\n[cg_accordion title=\"Garanzia di qualit\u00e0 e test pre-spedizione\"]<\/p>\n<p>Garantire la soddisfazione del cliente ai massimi livelli: Ogni dispositivo viene sottoposto a test rigorosi e a un controllo di qualit\u00e0 in pi\u00f9 punti prima di essere spedito. Il nostro team dedicato verifica le prestazioni, la funzionalit\u00e0 e l&#8217;integrit\u00e0 dei componenti per garantire che il vostro dispositivo GPD sia in perfetto stato di funzionamento al momento dell&#8217;arrivo, offrendovi fiducia e tranquillit\u00e0. [\/cg_accordion]\n[cg_accordion title=\"Opzioni di pagamento flessibili e sicure\"]<\/p>\n<p>Godetevi la pace della mente con il nostro sistema di pagamento sicuro. Supportiamo tutti i principali metodi di pagamento, tra cui carte di debito\/credito, PayPal, Apple Pay, Google Pay, Klarna, Afterpay e Affirm, dandovi la libert\u00e0 di pagare a modo vostro, sia in anticipo che in comode rate. [\/cg_accordion]\n[cg_accordion title=\"Tasse\"]<\/p>\n<p>I prezzi sono comprensivi di IVA, che pu\u00f2 arrivare al 25% a seconda del Paese. L&#8217;importo esatto \u00e8 indicato durante il checkout per garantire la massima trasparenza. [\/cg_accordion]\n[cg_accordion title=\"Spedizione e restituzione\"]<\/p>\n<p>Collaboriamo con oltre 10 partner di spedizione fidati per garantire che il vostro ordine arrivi in modo rapido, sicuro e affidabile.<\/p>\n<p>Utilizziamo la spedizione Express DDP (Delivered Duty Paid). Ci\u00f2 significa che: <\/p>\n<li>Tutti i dazi doganali e le tasse sono gi\u00e0 inclusi nel prezzo del prodotto indicato.<\/li>\n<li>Non dovrete affrontare nessuna spesa a sorpresa al momento della consegna.<\/li>\n<li>Nel raro caso di ritardi doganali, il nostro team gestir\u00e0 per voi il processo di sdoganamento per garantire una consegna senza intoppi.<\/li>\n<p>Informazioni importanti sui resi:<\/p>\n<li>In caso di restituzione dell&#8217;ordine o di richiesta di rimborso, si prega di notare che le tasse e i dazi pagati per conto del cliente secondo i termini del DDP non sono rimborsabili.<\/li>\n<p>Per informazioni dettagliate, consulta i nostri <a href=\"https:\/\/droix.eu\/it\/termini-e-condizioni\/\" target=\"_blank\" rel=\"nofollow noopener\">Termini e condizioni<\/a>.\n<\/ul>\n<p>[\/cg_accordion]\n[cg_accordion title=\"Assistenza clienti\"]<\/p>\n<p>Hai una domanda? Siamo a un messaggio di distanza per risolvere il tuo problema! [\/cg_accordion]\n[cg_accordion title=\"Il pacchetto comprende\"]<\/p>\n<ul>\n<li>1x Modulo 4G LTE<\/li>\n<\/ul>\n<p>[\/cg_accordion]\n","protected":false},"featured_media":542459,"template":"","meta":{"_acf_changed":false},"product_brand":[],"product_cat":[34926,34928],"product_tag":[],"woo-feed-brand":[],"key-features":[],"class_list":{"0":"post-542456","1":"product","2":"type-product","3":"status-publish","4":"has-post-thumbnail","6":"product_cat-accessori","7":"product_cat-accessori-per-laptop","8":"product_shipping_class-low-end","9":"pa_accessory-type-add-ons","10":"pa_brands-gpd","11":"pa_compatibility-gpd-pocket-4-it","13":"first","14":"instock","15":"sale","16":"taxable","17":"shipping-taxable","18":"purchasable","19":"product-type-simple"},"acf":[],"aioseo_notices":[],"aioseo_head":"\n\t\t<!-- All in One SEO Pro 4.9.5.2 - aioseo.com -->\n\t<meta name=\"description\" content=\"Accessorio ufficiale GPD Modulo di espansione 4G LTE per giocare in movimento Slot per SIM Card Facilmente installabile nella GPD POCKET 4\" \/>\n\t<meta name=\"robots\" content=\"max-image-preview:large\" \/>\n\t<link rel=\"canonical\" href=\"https:\/\/droix.eu\/it\/product\/modulo-4g-lte-per-gpd-pocket-4\/\" \/>\n\t<meta name=\"generator\" content=\"All in One SEO Pro (AIOSEO) 4.9.5.2\" \/>\n\t\t<meta property=\"og:locale\" content=\"it_IT\" \/>\n\t\t<meta property=\"og:site_name\" content=\"DROIX EU - Get the latest Mini PCs, Ultrabook, PC Gaming Handhelds and more!\" \/>\n\t\t<meta property=\"og:type\" content=\"article\" \/>\n\t\t<meta property=\"og:title\" content=\"Modulo GPD POCKET 4 4G LTE - DROIX EU\" \/>\n\t\t<meta property=\"og:description\" content=\"Accessorio ufficiale GPD Modulo di espansione 4G LTE per giocare in movimento Slot per SIM Card Facilmente installabile nella GPD POCKET 4\" \/>\n\t\t<meta property=\"og:url\" content=\"https:\/\/droix.eu\/it\/product\/modulo-4g-lte-per-gpd-pocket-4\/\" \/>\n\t\t<meta property=\"og:image\" content=\"https:\/\/droix.eu\/wp-content\/uploads\/2024\/06\/droix-v2-light-logo.png\" \/>\n\t\t<meta property=\"og:image:secure_url\" content=\"https:\/\/droix.eu\/wp-content\/uploads\/2024\/06\/droix-v2-light-logo.png\" \/>\n\t\t<meta property=\"og:image:width\" content=\"380\" \/>\n\t\t<meta property=\"og:image:height\" content=\"118\" \/>\n\t\t<meta property=\"article:published_time\" content=\"2024-11-27T16:44:13+00:00\" \/>\n\t\t<meta property=\"article:modified_time\" content=\"2026-04-13T17:17:03+00:00\" \/>\n\t\t<meta property=\"article:publisher\" content=\"https:\/\/www.facebook.com\/DroiX.Store\" \/>\n\t\t<meta name=\"twitter:card\" content=\"summary_large_image\" \/>\n\t\t<meta name=\"twitter:site\" content=\"@DroiX_Store\" \/>\n\t\t<meta name=\"twitter:title\" content=\"Modulo GPD POCKET 4 4G LTE - DROIX EU\" \/>\n\t\t<meta name=\"twitter:description\" content=\"Accessorio ufficiale GPD Modulo di espansione 4G LTE per giocare in movimento Slot per SIM Card Facilmente installabile nella GPD POCKET 4\" \/>\n\t\t<meta name=\"twitter:image\" content=\"https:\/\/droix.eu\/wp-content\/uploads\/2024\/06\/droix-v2-light-logo.png\" \/>\n\t\t<script type=\"application\/ld+json\" class=\"aioseo-schema\">\n\t\t\t{\"@context\":\"https:\\\/\\\/schema.org\",\"@graph\":[{\"@type\":\"BreadcrumbList\",\"@id\":\"https:\\\/\\\/droix.eu\\\/it\\\/product\\\/modulo-4g-lte-per-gpd-pocket-4\\\/#breadcrumblist\",\"itemListElement\":[{\"@type\":\"ListItem\",\"@id\":\"https:\\\/\\\/droix.eu\\\/it\\\/#listItem\",\"position\":1,\"name\":\"Home\",\"item\":\"https:\\\/\\\/droix.eu\\\/it\\\/\",\"nextItem\":{\"@type\":\"ListItem\",\"@id\":\"https:\\\/\\\/droix.eu\\\/it\\\/product-category\\\/accessori\\\/#listItem\",\"name\":\"Accessori\"}},{\"@type\":\"ListItem\",\"@id\":\"https:\\\/\\\/droix.eu\\\/it\\\/product-category\\\/accessori\\\/#listItem\",\"position\":2,\"name\":\"Accessori\",\"item\":\"https:\\\/\\\/droix.eu\\\/it\\\/product-category\\\/accessori\\\/\",\"nextItem\":{\"@type\":\"ListItem\",\"@id\":\"https:\\\/\\\/droix.eu\\\/it\\\/product-category\\\/accessori\\\/accessori-per-laptop\\\/#listItem\",\"name\":\"Accessori per laptop\"},\"previousItem\":{\"@type\":\"ListItem\",\"@id\":\"https:\\\/\\\/droix.eu\\\/it\\\/#listItem\",\"name\":\"Home\"}},{\"@type\":\"ListItem\",\"@id\":\"https:\\\/\\\/droix.eu\\\/it\\\/product-category\\\/accessori\\\/accessori-per-laptop\\\/#listItem\",\"position\":3,\"name\":\"Accessori per laptop\",\"item\":\"https:\\\/\\\/droix.eu\\\/it\\\/product-category\\\/accessori\\\/accessori-per-laptop\\\/\",\"nextItem\":{\"@type\":\"ListItem\",\"@id\":\"https:\\\/\\\/droix.eu\\\/it\\\/product\\\/modulo-4g-lte-per-gpd-pocket-4\\\/#listItem\",\"name\":\"Modulo GPD POCKET 4 4G LTE\"},\"previousItem\":{\"@type\":\"ListItem\",\"@id\":\"https:\\\/\\\/droix.eu\\\/it\\\/product-category\\\/accessori\\\/#listItem\",\"name\":\"Accessori\"}},{\"@type\":\"ListItem\",\"@id\":\"https:\\\/\\\/droix.eu\\\/it\\\/product\\\/modulo-4g-lte-per-gpd-pocket-4\\\/#listItem\",\"position\":4,\"name\":\"Modulo GPD POCKET 4 4G LTE\",\"previousItem\":{\"@type\":\"ListItem\",\"@id\":\"https:\\\/\\\/droix.eu\\\/it\\\/product-category\\\/accessori\\\/accessori-per-laptop\\\/#listItem\",\"name\":\"Accessori per laptop\"}}]},{\"@type\":\"Organization\",\"@id\":\"https:\\\/\\\/droix.eu\\\/it\\\/#organization\",\"name\":\"DroiX \\u2013 Trusted EU Tech Retailer with 12+ Years Experience\",\"description\":\"DroiX is a leading European technology retailer with over 12 years of experience, offering quality mini PCs, handheld gaming consoles, and tech accessories. We provide hassle-free EU delivery with all taxes included, ensuring a smooth and reliable shopping experience for our customers across Europe.\",\"url\":\"https:\\\/\\\/droix.eu\\\/it\\\/\",\"logo\":{\"@type\":\"ImageObject\",\"url\":\"https:\\\/\\\/droix.eu\\\/wp-content\\\/uploads\\\/2024\\\/06\\\/droix-v2-light-logo.png\",\"@id\":\"https:\\\/\\\/droix.eu\\\/it\\\/product\\\/modulo-4g-lte-per-gpd-pocket-4\\\/#organizationLogo\",\"width\":380,\"height\":118},\"image\":{\"@id\":\"https:\\\/\\\/droix.eu\\\/it\\\/product\\\/modulo-4g-lte-per-gpd-pocket-4\\\/#organizationLogo\"},\"sameAs\":[\"https:\\\/\\\/www.facebook.com\\\/DroiX.Store\",\"https:\\\/\\\/twitter.com\\\/DroiX_Store\",\"https:\\\/\\\/www.instagram.com\\\/droix.store\\\/\",\"https:\\\/\\\/www.tiktok.com\\\/@droix.store\",\"https:\\\/\\\/www.youtube.com\\\/c\\\/DroiX_Store\",\"https:\\\/\\\/uk.linkedin.com\\\/company\\\/droix\"]},{\"@type\":\"Product\",\"@id\":\"https:\\\/\\\/droix.eu\\\/it\\\/product\\\/modulo-4g-lte-per-gpd-pocket-4\\\/#wooCommerceProduct\",\"name\":\"Modulo GPD POCKET 4 4G LTE\",\"description\":\"Accessorio ufficiale GPD\\n \\tModulo di espansione 4G LTE per giocare in movimento\\n \\tSlot per SIM Card\\n \\tFacilmente installabile nella GPD POCKET 4\",\"url\":\"https:\\\/\\\/droix.eu\\\/it\\\/product\\\/modulo-4g-lte-per-gpd-pocket-4\\\/\",\"sku\":\"GPD-POCKET-4-4G-MODULE\",\"gtin\":\"5061077630434\",\"image\":{\"@type\":\"ImageObject\",\"url\":\"https:\\\/\\\/droix.eu\\\/wp-content\\\/uploads\\\/2024\\\/11\\\/GPD-POCKET-4-MODULE-4G-DONE-01.png\",\"@id\":\"https:\\\/\\\/droix.eu\\\/it\\\/product\\\/modulo-4g-lte-per-gpd-pocket-4\\\/#productImage\",\"width\":1500,\"height\":1500,\"caption\":\"Modulo GPD Pocket 4 4G LTE, che consente a GPD Pocket 4 Mini Laptop &amp; Tablet 2-In-1 di connettersi a Internet.\"},\"offers\":{\"@type\":\"Offer\",\"url\":\"https:\\\/\\\/droix.eu\\\/it\\\/product\\\/modulo-4g-lte-per-gpd-pocket-4\\\/#wooCommerceOffer\",\"price\":33688.74,\"priceCurrency\":\"HUF\",\"category\":\"Accessori\",\"availability\":\"https:\\\/\\\/schema.org\\\/InStock\",\"priceSpecification\":{\"@type\":\"PriceSpecification\",\"price\":33688.74,\"priceCurrency\":\"HUF\",\"valueAddedTaxIncluded\":\"true\"},\"seller\":{\"@type\":\"Organization\",\"@id\":\"https:\\\/\\\/droix.eu\\\/it\\\/#organization\"}}},{\"@type\":\"WebPage\",\"@id\":\"https:\\\/\\\/droix.eu\\\/it\\\/product\\\/modulo-4g-lte-per-gpd-pocket-4\\\/#webpage\",\"url\":\"https:\\\/\\\/droix.eu\\\/it\\\/product\\\/modulo-4g-lte-per-gpd-pocket-4\\\/\",\"name\":\"Modulo GPD POCKET 4 4G LTE - DROIX EU\",\"description\":\"Accessorio ufficiale GPD Modulo di espansione 4G LTE per giocare in movimento Slot per SIM Card Facilmente installabile nella GPD POCKET 4\",\"inLanguage\":\"it-IT\",\"isPartOf\":{\"@id\":\"https:\\\/\\\/droix.eu\\\/it\\\/#website\"},\"breadcrumb\":{\"@id\":\"https:\\\/\\\/droix.eu\\\/it\\\/product\\\/modulo-4g-lte-per-gpd-pocket-4\\\/#breadcrumblist\"},\"image\":{\"@type\":\"ImageObject\",\"url\":\"https:\\\/\\\/droix.eu\\\/wp-content\\\/uploads\\\/2024\\\/11\\\/GPD-POCKET-4-MODULE-4G-DONE-01.png\",\"@id\":\"https:\\\/\\\/droix.eu\\\/it\\\/product\\\/modulo-4g-lte-per-gpd-pocket-4\\\/#mainImage\",\"width\":1500,\"height\":1500,\"caption\":\"Modulo GPD Pocket 4 4G LTE, che consente a GPD Pocket 4 Mini Laptop &amp; Tablet 2-In-1 di connettersi a Internet.\"},\"primaryImageOfPage\":{\"@id\":\"https:\\\/\\\/droix.eu\\\/it\\\/product\\\/modulo-4g-lte-per-gpd-pocket-4\\\/#mainImage\"},\"datePublished\":\"2024-11-27T16:44:13+00:00\",\"dateModified\":\"2026-04-13T18:17:03+01:00\"},{\"@type\":\"WebSite\",\"@id\":\"https:\\\/\\\/droix.eu\\\/it\\\/#website\",\"url\":\"https:\\\/\\\/droix.eu\\\/it\\\/\",\"name\":\"DROIX EU\",\"description\":\"Get the latest Mini PCs, Ultrabook, PC Gaming Handhelds and more!\",\"inLanguage\":\"it-IT\",\"publisher\":{\"@id\":\"https:\\\/\\\/droix.eu\\\/it\\\/#organization\"}}]}\n\t\t<\/script>\n\t\t<!-- All in One SEO Pro -->\r\n\t\t<title>Modulo GPD POCKET 4 4G LTE - DROIX EU<\/title>\n\n","aioseo_head_json":{"title":"Modulo GPD POCKET 4 4G LTE - DROIX EU","description":"Accessorio ufficiale GPD Modulo di espansione 4G LTE per giocare in movimento Slot per SIM Card Facilmente installabile nella GPD POCKET 4","canonical_url":"https:\/\/droix.eu\/it\/product\/modulo-4g-lte-per-gpd-pocket-4\/","robots":"max-image-preview:large","keywords":"","webmasterTools":{"miscellaneous":""},"schema":{"@context":"https:\/\/schema.org","@graph":[{"@type":"BreadcrumbList","@id":"https:\/\/droix.eu\/it\/product\/modulo-4g-lte-per-gpd-pocket-4\/#breadcrumblist","itemListElement":[{"@type":"ListItem","@id":"https:\/\/droix.eu\/it\/#listItem","position":1,"name":"Home","item":"https:\/\/droix.eu\/it\/","nextItem":{"@type":"ListItem","@id":"https:\/\/droix.eu\/it\/product-category\/accessori\/#listItem","name":"Accessori"}},{"@type":"ListItem","@id":"https:\/\/droix.eu\/it\/product-category\/accessori\/#listItem","position":2,"name":"Accessori","item":"https:\/\/droix.eu\/it\/product-category\/accessori\/","nextItem":{"@type":"ListItem","@id":"https:\/\/droix.eu\/it\/product-category\/accessori\/accessori-per-laptop\/#listItem","name":"Accessori per laptop"},"previousItem":{"@type":"ListItem","@id":"https:\/\/droix.eu\/it\/#listItem","name":"Home"}},{"@type":"ListItem","@id":"https:\/\/droix.eu\/it\/product-category\/accessori\/accessori-per-laptop\/#listItem","position":3,"name":"Accessori per laptop","item":"https:\/\/droix.eu\/it\/product-category\/accessori\/accessori-per-laptop\/","nextItem":{"@type":"ListItem","@id":"https:\/\/droix.eu\/it\/product\/modulo-4g-lte-per-gpd-pocket-4\/#listItem","name":"Modulo GPD POCKET 4 4G LTE"},"previousItem":{"@type":"ListItem","@id":"https:\/\/droix.eu\/it\/product-category\/accessori\/#listItem","name":"Accessori"}},{"@type":"ListItem","@id":"https:\/\/droix.eu\/it\/product\/modulo-4g-lte-per-gpd-pocket-4\/#listItem","position":4,"name":"Modulo GPD POCKET 4 4G LTE","previousItem":{"@type":"ListItem","@id":"https:\/\/droix.eu\/it\/product-category\/accessori\/accessori-per-laptop\/#listItem","name":"Accessori per laptop"}}]},{"@type":"Organization","@id":"https:\/\/droix.eu\/it\/#organization","name":"DroiX \u2013 Trusted EU Tech Retailer with 12+ Years Experience","description":"DroiX is a leading European technology retailer with over 12 years of experience, offering quality mini PCs, handheld gaming consoles, and tech accessories. We provide hassle-free EU delivery with all taxes included, ensuring a smooth and reliable shopping experience for our customers across Europe.","url":"https:\/\/droix.eu\/it\/","logo":{"@type":"ImageObject","url":"https:\/\/droix.eu\/wp-content\/uploads\/2024\/06\/droix-v2-light-logo.png","@id":"https:\/\/droix.eu\/it\/product\/modulo-4g-lte-per-gpd-pocket-4\/#organizationLogo","width":380,"height":118},"image":{"@id":"https:\/\/droix.eu\/it\/product\/modulo-4g-lte-per-gpd-pocket-4\/#organizationLogo"},"sameAs":["https:\/\/www.facebook.com\/DroiX.Store","https:\/\/twitter.com\/DroiX_Store","https:\/\/www.instagram.com\/droix.store\/","https:\/\/www.tiktok.com\/@droix.store","https:\/\/www.youtube.com\/c\/DroiX_Store","https:\/\/uk.linkedin.com\/company\/droix"]},{"@type":"Product","@id":"https:\/\/droix.eu\/it\/product\/modulo-4g-lte-per-gpd-pocket-4\/#wooCommerceProduct","name":"Modulo GPD POCKET 4 4G LTE","description":"Accessorio ufficiale GPD\n \tModulo di espansione 4G LTE per giocare in movimento\n \tSlot per SIM Card\n \tFacilmente installabile nella GPD POCKET 4","url":"https:\/\/droix.eu\/it\/product\/modulo-4g-lte-per-gpd-pocket-4\/","sku":"GPD-POCKET-4-4G-MODULE","gtin":"5061077630434","image":{"@type":"ImageObject","url":"https:\/\/droix.eu\/wp-content\/uploads\/2024\/11\/GPD-POCKET-4-MODULE-4G-DONE-01.png","@id":"https:\/\/droix.eu\/it\/product\/modulo-4g-lte-per-gpd-pocket-4\/#productImage","width":1500,"height":1500,"caption":"Modulo GPD Pocket 4 4G LTE, che consente a GPD Pocket 4 Mini Laptop &amp; Tablet 2-In-1 di connettersi a Internet."},"offers":{"@type":"Offer","url":"https:\/\/droix.eu\/it\/product\/modulo-4g-lte-per-gpd-pocket-4\/#wooCommerceOffer","price":33688.74,"priceCurrency":"HUF","category":"Accessori","availability":"https:\/\/schema.org\/InStock","priceSpecification":{"@type":"PriceSpecification","price":33688.74,"priceCurrency":"HUF","valueAddedTaxIncluded":"true"},"seller":{"@type":"Organization","@id":"https:\/\/droix.eu\/it\/#organization"}}},{"@type":"WebPage","@id":"https:\/\/droix.eu\/it\/product\/modulo-4g-lte-per-gpd-pocket-4\/#webpage","url":"https:\/\/droix.eu\/it\/product\/modulo-4g-lte-per-gpd-pocket-4\/","name":"Modulo GPD POCKET 4 4G LTE - DROIX EU","description":"Accessorio ufficiale GPD Modulo di espansione 4G LTE per giocare in movimento Slot per SIM Card Facilmente installabile nella GPD POCKET 4","inLanguage":"it-IT","isPartOf":{"@id":"https:\/\/droix.eu\/it\/#website"},"breadcrumb":{"@id":"https:\/\/droix.eu\/it\/product\/modulo-4g-lte-per-gpd-pocket-4\/#breadcrumblist"},"image":{"@type":"ImageObject","url":"https:\/\/droix.eu\/wp-content\/uploads\/2024\/11\/GPD-POCKET-4-MODULE-4G-DONE-01.png","@id":"https:\/\/droix.eu\/it\/product\/modulo-4g-lte-per-gpd-pocket-4\/#mainImage","width":1500,"height":1500,"caption":"Modulo GPD Pocket 4 4G LTE, che consente a GPD Pocket 4 Mini Laptop &amp; Tablet 2-In-1 di connettersi a Internet."},"primaryImageOfPage":{"@id":"https:\/\/droix.eu\/it\/product\/modulo-4g-lte-per-gpd-pocket-4\/#mainImage"},"datePublished":"2024-11-27T16:44:13+00:00","dateModified":"2026-04-13T18:17:03+01:00"},{"@type":"WebSite","@id":"https:\/\/droix.eu\/it\/#website","url":"https:\/\/droix.eu\/it\/","name":"DROIX EU","description":"Get the latest Mini PCs, Ultrabook, PC Gaming Handhelds and more!","inLanguage":"it-IT","publisher":{"@id":"https:\/\/droix.eu\/it\/#organization"}}]},"og:locale":"it_IT","og:site_name":"DROIX EU - Get the latest Mini PCs, Ultrabook, PC Gaming Handhelds and more!","og:type":"article","og:title":"Modulo GPD POCKET 4 4G LTE - DROIX EU","og:description":"Accessorio ufficiale GPD Modulo di espansione 4G LTE per giocare in movimento Slot per SIM Card Facilmente installabile nella GPD POCKET 4","og:url":"https:\/\/droix.eu\/it\/product\/modulo-4g-lte-per-gpd-pocket-4\/","og:image":"https:\/\/droix.eu\/wp-content\/uploads\/2024\/06\/droix-v2-light-logo.png","og:image:secure_url":"https:\/\/droix.eu\/wp-content\/uploads\/2024\/06\/droix-v2-light-logo.png","og:image:width":380,"og:image:height":118,"article:published_time":"2024-11-27T16:44:13+00:00","article:modified_time":"2026-04-13T17:17:03+00:00","article:publisher":"https:\/\/www.facebook.com\/DroiX.Store","twitter:card":"summary_large_image","twitter:site":"@DroiX_Store","twitter:title":"Modulo GPD POCKET 4 4G LTE - DROIX EU","twitter:description":"Accessorio ufficiale GPD Modulo di espansione 4G LTE per giocare in movimento Slot per SIM Card Facilmente installabile nella GPD POCKET 4","twitter:image":"https:\/\/droix.eu\/wp-content\/uploads\/2024\/06\/droix-v2-light-logo.png"},"aioseo_meta_data":{"post_id":"542456","title":null,"description":null,"keywords":null,"keyphrases":{"focus":{"keyphrase":"","score":0,"analysis":{"keyphraseInTitle":{"score":0,"maxScore":9,"error":1}}},"additional":[]},"primary_term":null,"canonical_url":null,"og_title":null,"og_description":null,"og_object_type":"default","og_image_type":"default","og_image_url":null,"og_image_width":null,"og_image_height":null,"og_image_custom_url":null,"og_image_custom_fields":null,"og_video":"","og_custom_url":null,"og_article_section":null,"og_article_tags":null,"twitter_use_og":true,"twitter_card":"default","twitter_image_type":"default","twitter_image_url":null,"twitter_image_custom_url":null,"twitter_image_custom_fields":null,"twitter_title":null,"twitter_description":null,"schema":{"blockGraphs":[],"customGraphs":[],"default":{"data":{"Article":[],"Course":[],"Dataset":[],"FAQPage":[],"Movie":[],"Person":[],"Product":[],"ProductReview":[],"Car":[],"Recipe":[],"Service":[],"SoftwareApplication":[],"WebPage":[]},"graphName":"Product","isEnabled":true},"graphs":[]},"schema_type":"default","schema_type_options":null,"pillar_content":false,"robots_default":true,"robots_noindex":false,"robots_noarchive":false,"robots_nosnippet":false,"robots_nofollow":false,"robots_noimageindex":false,"robots_noodp":false,"robots_notranslate":false,"robots_max_snippet":"-1","robots_max_videopreview":"-1","robots_max_imagepreview":"large","priority":null,"frequency":"default","local_seo":null,"seo_analyzer_scan_date":null,"breadcrumb_settings":null,"limit_modified_date":false,"reviewed_by":null,"open_ai":null,"ai":{"faqs":[],"keyPoints":[],"titles":[],"descriptions":[],"socialPosts":{"email":[],"linkedin":[],"twitter":[],"facebook":[],"instagram":[]}},"created":"2025-10-09 06:40:11","updated":"2026-04-13 17:44:46"},"aioseo_breadcrumb":"<div class=\"aioseo-breadcrumbs\"><span class=\"aioseo-breadcrumb\">\n\t<a href=\"https:\/\/droix.eu\/it\/\" title=\"Home\">Home<\/a>\n<\/span><span class=\"aioseo-breadcrumb-separator\">&raquo;<\/span><span class=\"aioseo-breadcrumb\">\n\t<a href=\"https:\/\/droix.eu\/it\/product-category\/accessori\/\" title=\"Accessori\">Accessori<\/a>\n<\/span><span class=\"aioseo-breadcrumb-separator\">&raquo;<\/span><span class=\"aioseo-breadcrumb\">\n\t<a href=\"https:\/\/droix.eu\/it\/product-category\/accessori\/accessori-per-laptop\/\" title=\"Accessori per laptop\">Accessori per laptop<\/a>\n<\/span><span class=\"aioseo-breadcrumb-separator\">&raquo;<\/span><span class=\"aioseo-breadcrumb\">\n\tModulo GPD POCKET 4 4G LTE\n<\/span><\/div>","aioseo_breadcrumb_json":[{"label":"Home","link":"https:\/\/droix.eu\/it\/"},{"label":"Accessori","link":"https:\/\/droix.eu\/it\/product-category\/accessori\/"},{"label":"Accessori per laptop","link":"https:\/\/droix.eu\/it\/product-category\/accessori\/accessori-per-laptop\/"},{"label":"Modulo GPD POCKET 4 4G LTE","link":"https:\/\/droix.eu\/it\/product\/modulo-4g-lte-per-gpd-pocket-4\/"}],"_links":{"self":[{"href":"https:\/\/droix.eu\/it\/wp-json\/wp\/v2\/product\/542456","targetHints":{"allow":["GET"]}}],"collection":[{"href":"https:\/\/droix.eu\/it\/wp-json\/wp\/v2\/product"}],"about":[{"href":"https:\/\/droix.eu\/it\/wp-json\/wp\/v2\/types\/product"}],"version-history":[{"count":1,"href":"https:\/\/droix.eu\/it\/wp-json\/wp\/v2\/product\/542456\/revisions"}],"predecessor-version":[{"id":715340,"href":"https:\/\/droix.eu\/it\/wp-json\/wp\/v2\/product\/542456\/revisions\/715340"}],"wp:featuredmedia":[{"embeddable":true,"href":"https:\/\/droix.eu\/it\/wp-json\/wp\/v2\/media\/542459"}],"wp:attachment":[{"href":"https:\/\/droix.eu\/it\/wp-json\/wp\/v2\/media?parent=542456"}],"wp:term":[{"taxonomy":"product_brand","embeddable":true,"href":"https:\/\/droix.eu\/it\/wp-json\/wp\/v2\/product_brand?post=542456"},{"taxonomy":"product_cat","embeddable":true,"href":"https:\/\/droix.eu\/it\/wp-json\/wp\/v2\/product_cat?post=542456"},{"taxonomy":"product_tag","embeddable":true,"href":"https:\/\/droix.eu\/it\/wp-json\/wp\/v2\/product_tag?post=542456"},{"taxonomy":"woo-feed-brand","embeddable":true,"href":"https:\/\/droix.eu\/it\/wp-json\/wp\/v2\/woo-feed-brand?post=542456"},{"taxonomy":"key-features","embeddable":true,"href":"https:\/\/droix.eu\/it\/wp-json\/wp\/v2\/key-features?post=542456"}],"curies":[{"name":"wp","href":"https:\/\/api.w.org\/{rel}","templated":true}]}}