{"id":539207,"date":"2024-07-16T11:40:59","date_gmt":"2024-07-16T10:40:59","guid":{"rendered":"https:\/\/droix.eu\/product\/borsa-anbernic-rg-cube\/"},"modified":"2026-03-27T12:33:43","modified_gmt":"2026-03-27T12:33:43","slug":"borsa-anbernic-rg-cube","status":"publish","type":"product","link":"https:\/\/droix.eu\/it\/product\/borsa-anbernic-rg-cube\/","title":{"rendered":"Borsa ANBERNIC RG Cube"},"content":{"rendered":"\n<p>Nome prodotto: Borsa per console di gioco<br\/><br\/>Colore prodotto: nero<br\/><br\/>Materiale prodotto: tessuto impermeabile di alta qualit\u00e0<br\/><br\/>Modello applicabile: per ANBERNIC RG Cube<\/p>\n\n<h3 class=\"wp-block-heading\">Caratteristiche del prodotto:<\/h3>\n\n<p><br\/>1. Multifunzionale: Non solo pu\u00f2 trasportare la console di gioco, ma pu\u00f2 anche contenere accessori come caricabatterie, cuffie, cavi dati, ecc. Questa borsa ha molteplici funzioni per proteggere al meglio la console e gli accessori.<br\/><br\/>2. Leggero e portatile: Adotta un design leggero ed \u00e8 molto comodo da trasportare. Sia che si esca che si utilizzi a casa, \u00e8 sempre possibile riporre la console di gioco e gli accessori nella borsetta, garantendo una protezione completa e un comodo trasporto.<br\/><br\/>3. Garanzia di qualit\u00e0: Realizzato con materiali di alta qualit\u00e0, \u00e8 pi\u00f9 duraturo e pu\u00f2 essere utilizzato a lungo senza usura e danni. Questa borsa \u00e8 il miglior compagno di protezione per la vostra console di gioco, per offrirvi un&#8217;esperienza di gioco confortevole e sicura.<br\/><br\/>4. Aspetto alla moda: L&#8217;aspetto \u00e8 elegante e semplice, non solo protegge la console di gioco e gli accessori, ma migliora anche il tuo senso della moda, facendoti sentire sicuro e affascinante in qualsiasi occasione.<br\/><br\/>5. Design portatile: Il design a borsa \u00e8 adatto per il trasporto in vari scenari, permettendoti di portare la console di gioco senza occupare troppo spazio nelle mani.<br\/><br\/>Peso lordo del prodotto: 130g<br\/><br\/>La confezione include: 1 borsa per console di gioco<\/p>\n\n<figure class=\"wp-block-image\"><img decoding=\"async\" src=\"https:\/\/ae01.alicdn.com\/kf\/S47af09c6805345fab0667f4210505b64g.jpg\" alt=\"Custodia Anbernic RG Cube - Custodia nera portatile per console portatili Anbernic, con un design elegante, tasca interna a rete per accessori e robusta qualit&#xE0; costruttiva per il gioco in movimento.\"\/><\/figure>\n\n<figure class=\"wp-block-image\"><img decoding=\"async\" src=\"https:\/\/ae01.alicdn.com\/kf\/S2785b70135a540c583158fcc5a78dc5b7.jpg\" alt=\"Custodia Anbernic RG Cube - Custodia protettiva nera per console di gioco Anbernic, include un interno morbido imbottito, un guscio esterno resistente e un design compatto per un facile trasporto\"\/><\/figure>\n\n<figure class=\"wp-block-image\"><img decoding=\"async\" src=\"https:\/\/ae01.alicdn.com\/kf\/S091362331cd549caa28e2cf13f83d019s.jpg\" alt=\"Custodia Anbernic RG Cube - Custodia protettiva nera con chiusura a zip sicura, su misura per dispositivi di gioco Anbernic, che fornisce una protezione superiore contro graffi e urti.\"\/><\/figure>\n\n<figure class=\"wp-block-image\"><img decoding=\"async\" src=\"https:\/\/ae01.alicdn.com\/kf\/Sc0cb06fe4efa49a985b944aa17d27d29S.jpg\" alt=\"Custodia Anbernic RG Cube - Custodia protettiva nera con chiusura a zip sicura, su misura per dispositivi di gioco Anbernic, che fornisce una protezione superiore contro graffi e urti.\"\/><\/figure>\n\n<figure class=\"wp-block-image\"><img decoding=\"async\" src=\"https:\/\/ae01.alicdn.com\/kf\/Sca5337fc1adf4aa094209058e7fc98b9j.jpg\" alt=\"Custodia Anbernic Cube in nero, caratterizzata da un design compatto ed elegante e da un esterno resistente e strutturato per una maggiore presa. La custodia include inserti in schiuma personalizzati per contenere in modo sicuro la console di gioco Anbernic e i suoi accessori, garantendo la protezione durante il viaggio.\"\/><\/figure>\n\n<figure class=\"wp-block-image\"><img decoding=\"async\" src=\"https:\/\/ae01.alicdn.com\/kf\/S3b16c1675638498f9fd6dbc53a777f85c.jpg\" alt=\"Custodia Anbernic RG Cube - Custodia nera portatile per console portatili Anbernic, con un design elegante, tasca interna a rete per accessori e robusta qualit&#xE0; costruttiva per il gioco in movimento.\"\/><\/figure>\n","protected":false},"excerpt":{"rendered":"<ul>\n<li><strong>Accessorio<\/strong> ufficiale ANBERNIC<\/li>\n<li><strong>Protezione Superiore<\/strong> Realizzata in pelle di prima qualit\u00e0<\/li>\n<li>Fodera in morbido tessuto per una <strong>protezione extra<\/strong>.<\/li>\n<\/ul>\n[droix_global_accordions]\n[cg_accordion title=\"Il pacchetto comprende\"]<\/p>\n<ul>\n<li>1x Custodia<\/li>\n<\/ul>\n<p>[\/cg_accordion]\n","protected":false},"featured_media":539208,"template":"","meta":{"_acf_changed":false},"product_brand":[],"product_cat":[34926,35125],"product_tag":[],"woo-feed-brand":[],"key-features":[],"class_list":{"0":"post-539207","1":"product","2":"type-product","3":"status-publish","4":"has-post-thumbnail","6":"product_cat-accessori","7":"product_cat-accessori-da-gioco","8":"product_shipping_class-low-end","9":"pa_accessory-type-protective-case","10":"pa_brands-anbernic","11":"pa_compatibility-anbernic-rg-cube-it","13":"first","14":"outofstock","15":"sale","16":"taxable","17":"shipping-taxable","18":"purchasable","19":"product-type-simple"},"acf":[],"aioseo_notices":[],"aioseo_head":"\n\t\t<!-- All in One SEO Pro 4.9.6.2 - aioseo.com -->\n\t<meta name=\"description\" content=\"Accessorio ufficiale ANBERNIC Protezione Superiore Realizzata in pelle di prima qualit\u00e0 Fodera in morbido tessuto per una protezione extra. Il pacchetto comprende 1x Custodia\" \/>\n\t<meta name=\"robots\" content=\"max-image-preview:large\" \/>\n\t<link rel=\"canonical\" href=\"https:\/\/droix.eu\/it\/product\/borsa-anbernic-rg-cube\/\" \/>\n\t<meta name=\"generator\" content=\"All in One SEO Pro (AIOSEO) 4.9.6.2\" \/>\n\t\t<meta property=\"og:locale\" content=\"it_IT\" \/>\n\t\t<meta property=\"og:site_name\" content=\"DROIX EU - Get the latest Mini PCs, Ultrabook, PC Gaming Handhelds and more!\" \/>\n\t\t<meta property=\"og:type\" content=\"article\" \/>\n\t\t<meta property=\"og:title\" content=\"Borsa ANBERNIC RG Cube - DROIX EU\" \/>\n\t\t<meta property=\"og:description\" content=\"Accessorio ufficiale ANBERNIC Protezione Superiore Realizzata in pelle di prima qualit\u00e0 Fodera in morbido tessuto per una protezione extra. Il pacchetto comprende 1x Custodia\" \/>\n\t\t<meta property=\"og:url\" content=\"https:\/\/droix.eu\/it\/product\/borsa-anbernic-rg-cube\/\" \/>\n\t\t<meta property=\"og:image\" content=\"https:\/\/droix.eu\/wp-content\/uploads\/2024\/06\/droix-v2-light-logo.png\" \/>\n\t\t<meta property=\"og:image:secure_url\" content=\"https:\/\/droix.eu\/wp-content\/uploads\/2024\/06\/droix-v2-light-logo.png\" \/>\n\t\t<meta property=\"og:image:width\" content=\"380\" \/>\n\t\t<meta property=\"og:image:height\" content=\"118\" \/>\n\t\t<meta property=\"article:published_time\" content=\"2024-07-16T10:40:59+00:00\" \/>\n\t\t<meta property=\"article:modified_time\" content=\"2026-03-27T12:33:43+00:00\" \/>\n\t\t<meta property=\"article:publisher\" content=\"https:\/\/www.facebook.com\/DroiX.Store\" \/>\n\t\t<meta name=\"twitter:card\" content=\"summary_large_image\" \/>\n\t\t<meta name=\"twitter:site\" content=\"@DroiX_Store\" \/>\n\t\t<meta name=\"twitter:title\" content=\"Borsa ANBERNIC RG Cube - DROIX EU\" \/>\n\t\t<meta name=\"twitter:description\" content=\"Accessorio ufficiale ANBERNIC Protezione Superiore Realizzata in pelle di prima qualit\u00e0 Fodera in morbido tessuto per una protezione extra. Il pacchetto comprende 1x Custodia\" \/>\n\t\t<meta name=\"twitter:image\" content=\"https:\/\/droix.eu\/wp-content\/uploads\/2024\/06\/droix-v2-light-logo.png\" \/>\n\t\t<script type=\"application\/ld+json\" class=\"aioseo-schema\">\n\t\t\t{\"@context\":\"https:\\\/\\\/schema.org\",\"@graph\":[{\"@type\":\"BreadcrumbList\",\"@id\":\"https:\\\/\\\/droix.eu\\\/it\\\/product\\\/borsa-anbernic-rg-cube\\\/#breadcrumblist\",\"itemListElement\":[{\"@type\":\"ListItem\",\"@id\":\"https:\\\/\\\/droix.eu\\\/it\\\/#listItem\",\"position\":1,\"name\":\"Home\",\"item\":\"https:\\\/\\\/droix.eu\\\/it\\\/\",\"nextItem\":{\"@type\":\"ListItem\",\"@id\":\"https:\\\/\\\/droix.eu\\\/it\\\/product-category\\\/accessori\\\/#listItem\",\"name\":\"Accessori\"}},{\"@type\":\"ListItem\",\"@id\":\"https:\\\/\\\/droix.eu\\\/it\\\/product-category\\\/accessori\\\/#listItem\",\"position\":2,\"name\":\"Accessori\",\"item\":\"https:\\\/\\\/droix.eu\\\/it\\\/product-category\\\/accessori\\\/\",\"nextItem\":{\"@type\":\"ListItem\",\"@id\":\"https:\\\/\\\/droix.eu\\\/it\\\/product-category\\\/accessori\\\/accessori-da-gioco\\\/#listItem\",\"name\":\"Accessori da gioco\"},\"previousItem\":{\"@type\":\"ListItem\",\"@id\":\"https:\\\/\\\/droix.eu\\\/it\\\/#listItem\",\"name\":\"Home\"}},{\"@type\":\"ListItem\",\"@id\":\"https:\\\/\\\/droix.eu\\\/it\\\/product-category\\\/accessori\\\/accessori-da-gioco\\\/#listItem\",\"position\":3,\"name\":\"Accessori da gioco\",\"item\":\"https:\\\/\\\/droix.eu\\\/it\\\/product-category\\\/accessori\\\/accessori-da-gioco\\\/\",\"nextItem\":{\"@type\":\"ListItem\",\"@id\":\"https:\\\/\\\/droix.eu\\\/it\\\/product\\\/borsa-anbernic-rg-cube\\\/#listItem\",\"name\":\"Borsa ANBERNIC RG Cube\"},\"previousItem\":{\"@type\":\"ListItem\",\"@id\":\"https:\\\/\\\/droix.eu\\\/it\\\/product-category\\\/accessori\\\/#listItem\",\"name\":\"Accessori\"}},{\"@type\":\"ListItem\",\"@id\":\"https:\\\/\\\/droix.eu\\\/it\\\/product\\\/borsa-anbernic-rg-cube\\\/#listItem\",\"position\":4,\"name\":\"Borsa ANBERNIC RG Cube\",\"previousItem\":{\"@type\":\"ListItem\",\"@id\":\"https:\\\/\\\/droix.eu\\\/it\\\/product-category\\\/accessori\\\/accessori-da-gioco\\\/#listItem\",\"name\":\"Accessori da gioco\"}}]},{\"@type\":\"Organization\",\"@id\":\"https:\\\/\\\/droix.eu\\\/it\\\/#organization\",\"name\":\"DroiX \\u2013 Trusted EU Tech Retailer with 12+ Years Experience\",\"description\":\"DroiX is a leading European technology retailer with over 12 years of experience, offering quality mini PCs, handheld gaming consoles, and tech accessories. We provide hassle-free EU delivery with all taxes included, ensuring a smooth and reliable shopping experience for our customers across Europe.\",\"url\":\"https:\\\/\\\/droix.eu\\\/it\\\/\",\"logo\":{\"@type\":\"ImageObject\",\"url\":\"https:\\\/\\\/droix.eu\\\/wp-content\\\/uploads\\\/2024\\\/06\\\/droix-v2-light-logo.png\",\"@id\":\"https:\\\/\\\/droix.eu\\\/it\\\/product\\\/borsa-anbernic-rg-cube\\\/#organizationLogo\",\"width\":380,\"height\":118},\"image\":{\"@id\":\"https:\\\/\\\/droix.eu\\\/it\\\/product\\\/borsa-anbernic-rg-cube\\\/#organizationLogo\"},\"sameAs\":[\"https:\\\/\\\/www.facebook.com\\\/DroiX.Store\",\"https:\\\/\\\/twitter.com\\\/DroiX_Store\",\"https:\\\/\\\/www.instagram.com\\\/droix.store\\\/\",\"https:\\\/\\\/www.tiktok.com\\\/@droix.store\",\"https:\\\/\\\/www.youtube.com\\\/c\\\/DroiX_Store\",\"https:\\\/\\\/uk.linkedin.com\\\/company\\\/droix\"]},{\"@type\":\"Product\",\"@id\":\"https:\\\/\\\/droix.eu\\\/it\\\/product\\\/borsa-anbernic-rg-cube\\\/#wooCommerceProduct\",\"name\":\"Borsa ANBERNIC RG Cube\",\"description\":\"Accessorio ufficiale ANBERNIC\\nProtezione Superiore Realizzata in pelle di prima qualit\\u00e0\\nFodera in morbido tessuto per una protezione extra.\",\"url\":\"https:\\\/\\\/droix.eu\\\/it\\\/product\\\/borsa-anbernic-rg-cube\\\/\",\"sku\":\"RG-CUBE-BAG\",\"gtin\":\"5060763679351\",\"image\":{\"@type\":\"ImageObject\",\"url\":\"https:\\\/\\\/droix.eu\\\/wp-content\\\/uploads\\\/2024\\\/07\\\/CUBE-CASE.png\",\"@id\":\"https:\\\/\\\/droix.eu\\\/it\\\/product\\\/borsa-anbernic-rg-cube\\\/#productImage\",\"width\":1001,\"height\":1001,\"caption\":\"Custodia Anbernic Cube in nero, caratterizzata da un design compatto ed elegante e da un esterno resistente e strutturato per una maggiore presa. La custodia include inserti in schiuma personalizzati per contenere in modo sicuro la console di gioco Anbernic e i suoi accessori, garantendo la protezione durante il viaggio.\"},\"offers\":{\"@type\":\"Offer\",\"url\":\"https:\\\/\\\/droix.eu\\\/it\\\/product\\\/borsa-anbernic-rg-cube\\\/#wooCommerceOffer\",\"price\":6.09,\"priceCurrency\":\"EUR\",\"category\":\"Accessori\",\"availability\":\"https:\\\/\\\/schema.org\\\/OutOfStock\",\"priceSpecification\":{\"@type\":\"PriceSpecification\",\"price\":6.09,\"priceCurrency\":\"EUR\",\"valueAddedTaxIncluded\":\"true\"},\"seller\":{\"@type\":\"Organization\",\"@id\":\"https:\\\/\\\/droix.eu\\\/it\\\/#organization\"}}},{\"@type\":\"WebPage\",\"@id\":\"https:\\\/\\\/droix.eu\\\/it\\\/product\\\/borsa-anbernic-rg-cube\\\/#webpage\",\"url\":\"https:\\\/\\\/droix.eu\\\/it\\\/product\\\/borsa-anbernic-rg-cube\\\/\",\"name\":\"Borsa ANBERNIC RG Cube - DROIX EU\",\"description\":\"Accessorio ufficiale ANBERNIC Protezione Superiore Realizzata in pelle di prima qualit\\u00e0 Fodera in morbido tessuto per una protezione extra. Il pacchetto comprende 1x Custodia\",\"inLanguage\":\"it-IT\",\"isPartOf\":{\"@id\":\"https:\\\/\\\/droix.eu\\\/it\\\/#website\"},\"breadcrumb\":{\"@id\":\"https:\\\/\\\/droix.eu\\\/it\\\/product\\\/borsa-anbernic-rg-cube\\\/#breadcrumblist\"},\"image\":{\"@type\":\"ImageObject\",\"url\":\"https:\\\/\\\/droix.eu\\\/wp-content\\\/uploads\\\/2024\\\/07\\\/CUBE-CASE.png\",\"@id\":\"https:\\\/\\\/droix.eu\\\/it\\\/product\\\/borsa-anbernic-rg-cube\\\/#mainImage\",\"width\":1001,\"height\":1001,\"caption\":\"Custodia Anbernic Cube in nero, caratterizzata da un design compatto ed elegante e da un esterno resistente e strutturato per una maggiore presa. La custodia include inserti in schiuma personalizzati per contenere in modo sicuro la console di gioco Anbernic e i suoi accessori, garantendo la protezione durante il viaggio.\"},\"primaryImageOfPage\":{\"@id\":\"https:\\\/\\\/droix.eu\\\/it\\\/product\\\/borsa-anbernic-rg-cube\\\/#mainImage\"},\"datePublished\":\"2024-07-16T11:40:59+01:00\",\"dateModified\":\"2026-03-27T12:33:43+00:00\"},{\"@type\":\"WebSite\",\"@id\":\"https:\\\/\\\/droix.eu\\\/it\\\/#website\",\"url\":\"https:\\\/\\\/droix.eu\\\/it\\\/\",\"name\":\"DROIX EU\",\"description\":\"Get the latest Mini PCs, Ultrabook, PC Gaming Handhelds and more!\",\"inLanguage\":\"it-IT\",\"publisher\":{\"@id\":\"https:\\\/\\\/droix.eu\\\/it\\\/#organization\"}}]}\n\t\t<\/script>\n\t\t<!-- All in One SEO Pro -->\r\n\t\t<title>Borsa ANBERNIC RG Cube - DROIX EU<\/title>\n\n","aioseo_head_json":{"title":"Borsa ANBERNIC RG Cube - DROIX EU","description":"Accessorio ufficiale ANBERNIC Protezione Superiore Realizzata in pelle di prima qualit\u00e0 Fodera in morbido tessuto per una protezione extra. Il pacchetto comprende 1x Custodia","canonical_url":"https:\/\/droix.eu\/it\/product\/borsa-anbernic-rg-cube\/","robots":"max-image-preview:large","keywords":"","webmasterTools":{"miscellaneous":""},"schema":{"@context":"https:\/\/schema.org","@graph":[{"@type":"BreadcrumbList","@id":"https:\/\/droix.eu\/it\/product\/borsa-anbernic-rg-cube\/#breadcrumblist","itemListElement":[{"@type":"ListItem","@id":"https:\/\/droix.eu\/it\/#listItem","position":1,"name":"Home","item":"https:\/\/droix.eu\/it\/","nextItem":{"@type":"ListItem","@id":"https:\/\/droix.eu\/it\/product-category\/accessori\/#listItem","name":"Accessori"}},{"@type":"ListItem","@id":"https:\/\/droix.eu\/it\/product-category\/accessori\/#listItem","position":2,"name":"Accessori","item":"https:\/\/droix.eu\/it\/product-category\/accessori\/","nextItem":{"@type":"ListItem","@id":"https:\/\/droix.eu\/it\/product-category\/accessori\/accessori-da-gioco\/#listItem","name":"Accessori da gioco"},"previousItem":{"@type":"ListItem","@id":"https:\/\/droix.eu\/it\/#listItem","name":"Home"}},{"@type":"ListItem","@id":"https:\/\/droix.eu\/it\/product-category\/accessori\/accessori-da-gioco\/#listItem","position":3,"name":"Accessori da gioco","item":"https:\/\/droix.eu\/it\/product-category\/accessori\/accessori-da-gioco\/","nextItem":{"@type":"ListItem","@id":"https:\/\/droix.eu\/it\/product\/borsa-anbernic-rg-cube\/#listItem","name":"Borsa ANBERNIC RG Cube"},"previousItem":{"@type":"ListItem","@id":"https:\/\/droix.eu\/it\/product-category\/accessori\/#listItem","name":"Accessori"}},{"@type":"ListItem","@id":"https:\/\/droix.eu\/it\/product\/borsa-anbernic-rg-cube\/#listItem","position":4,"name":"Borsa ANBERNIC RG Cube","previousItem":{"@type":"ListItem","@id":"https:\/\/droix.eu\/it\/product-category\/accessori\/accessori-da-gioco\/#listItem","name":"Accessori da gioco"}}]},{"@type":"Organization","@id":"https:\/\/droix.eu\/it\/#organization","name":"DroiX \u2013 Trusted EU Tech Retailer with 12+ Years Experience","description":"DroiX is a leading European technology retailer with over 12 years of experience, offering quality mini PCs, handheld gaming consoles, and tech accessories. We provide hassle-free EU delivery with all taxes included, ensuring a smooth and reliable shopping experience for our customers across Europe.","url":"https:\/\/droix.eu\/it\/","logo":{"@type":"ImageObject","url":"https:\/\/droix.eu\/wp-content\/uploads\/2024\/06\/droix-v2-light-logo.png","@id":"https:\/\/droix.eu\/it\/product\/borsa-anbernic-rg-cube\/#organizationLogo","width":380,"height":118},"image":{"@id":"https:\/\/droix.eu\/it\/product\/borsa-anbernic-rg-cube\/#organizationLogo"},"sameAs":["https:\/\/www.facebook.com\/DroiX.Store","https:\/\/twitter.com\/DroiX_Store","https:\/\/www.instagram.com\/droix.store\/","https:\/\/www.tiktok.com\/@droix.store","https:\/\/www.youtube.com\/c\/DroiX_Store","https:\/\/uk.linkedin.com\/company\/droix"]},{"@type":"Product","@id":"https:\/\/droix.eu\/it\/product\/borsa-anbernic-rg-cube\/#wooCommerceProduct","name":"Borsa ANBERNIC RG Cube","description":"Accessorio ufficiale ANBERNIC\nProtezione Superiore Realizzata in pelle di prima qualit\u00e0\nFodera in morbido tessuto per una protezione extra.","url":"https:\/\/droix.eu\/it\/product\/borsa-anbernic-rg-cube\/","sku":"RG-CUBE-BAG","gtin":"5060763679351","image":{"@type":"ImageObject","url":"https:\/\/droix.eu\/wp-content\/uploads\/2024\/07\/CUBE-CASE.png","@id":"https:\/\/droix.eu\/it\/product\/borsa-anbernic-rg-cube\/#productImage","width":1001,"height":1001,"caption":"Custodia Anbernic Cube in nero, caratterizzata da un design compatto ed elegante e da un esterno resistente e strutturato per una maggiore presa. La custodia include inserti in schiuma personalizzati per contenere in modo sicuro la console di gioco Anbernic e i suoi accessori, garantendo la protezione durante il viaggio."},"offers":{"@type":"Offer","url":"https:\/\/droix.eu\/it\/product\/borsa-anbernic-rg-cube\/#wooCommerceOffer","price":6.09,"priceCurrency":"EUR","category":"Accessori","availability":"https:\/\/schema.org\/OutOfStock","priceSpecification":{"@type":"PriceSpecification","price":6.09,"priceCurrency":"EUR","valueAddedTaxIncluded":"true"},"seller":{"@type":"Organization","@id":"https:\/\/droix.eu\/it\/#organization"}}},{"@type":"WebPage","@id":"https:\/\/droix.eu\/it\/product\/borsa-anbernic-rg-cube\/#webpage","url":"https:\/\/droix.eu\/it\/product\/borsa-anbernic-rg-cube\/","name":"Borsa ANBERNIC RG Cube - DROIX EU","description":"Accessorio ufficiale ANBERNIC Protezione Superiore Realizzata in pelle di prima qualit\u00e0 Fodera in morbido tessuto per una protezione extra. Il pacchetto comprende 1x Custodia","inLanguage":"it-IT","isPartOf":{"@id":"https:\/\/droix.eu\/it\/#website"},"breadcrumb":{"@id":"https:\/\/droix.eu\/it\/product\/borsa-anbernic-rg-cube\/#breadcrumblist"},"image":{"@type":"ImageObject","url":"https:\/\/droix.eu\/wp-content\/uploads\/2024\/07\/CUBE-CASE.png","@id":"https:\/\/droix.eu\/it\/product\/borsa-anbernic-rg-cube\/#mainImage","width":1001,"height":1001,"caption":"Custodia Anbernic Cube in nero, caratterizzata da un design compatto ed elegante e da un esterno resistente e strutturato per una maggiore presa. La custodia include inserti in schiuma personalizzati per contenere in modo sicuro la console di gioco Anbernic e i suoi accessori, garantendo la protezione durante il viaggio."},"primaryImageOfPage":{"@id":"https:\/\/droix.eu\/it\/product\/borsa-anbernic-rg-cube\/#mainImage"},"datePublished":"2024-07-16T11:40:59+01:00","dateModified":"2026-03-27T12:33:43+00:00"},{"@type":"WebSite","@id":"https:\/\/droix.eu\/it\/#website","url":"https:\/\/droix.eu\/it\/","name":"DROIX EU","description":"Get the latest Mini PCs, Ultrabook, PC Gaming Handhelds and more!","inLanguage":"it-IT","publisher":{"@id":"https:\/\/droix.eu\/it\/#organization"}}]},"og:locale":"it_IT","og:site_name":"DROIX EU - Get the latest Mini PCs, Ultrabook, PC Gaming Handhelds and more!","og:type":"article","og:title":"Borsa ANBERNIC RG Cube - DROIX EU","og:description":"Accessorio ufficiale ANBERNIC Protezione Superiore Realizzata in pelle di prima qualit\u00e0 Fodera in morbido tessuto per una protezione extra. Il pacchetto comprende 1x Custodia","og:url":"https:\/\/droix.eu\/it\/product\/borsa-anbernic-rg-cube\/","og:image":"https:\/\/droix.eu\/wp-content\/uploads\/2024\/06\/droix-v2-light-logo.png","og:image:secure_url":"https:\/\/droix.eu\/wp-content\/uploads\/2024\/06\/droix-v2-light-logo.png","og:image:width":380,"og:image:height":118,"article:published_time":"2024-07-16T10:40:59+00:00","article:modified_time":"2026-03-27T12:33:43+00:00","article:publisher":"https:\/\/www.facebook.com\/DroiX.Store","twitter:card":"summary_large_image","twitter:site":"@DroiX_Store","twitter:title":"Borsa ANBERNIC RG Cube - DROIX EU","twitter:description":"Accessorio ufficiale ANBERNIC Protezione Superiore Realizzata in pelle di prima qualit\u00e0 Fodera in morbido tessuto per una protezione extra. Il pacchetto comprende 1x Custodia","twitter:image":"https:\/\/droix.eu\/wp-content\/uploads\/2024\/06\/droix-v2-light-logo.png"},"aioseo_meta_data":{"post_id":"539207","title":null,"description":null,"keywords":null,"keyphrases":null,"primary_term":null,"canonical_url":null,"og_title":null,"og_description":null,"og_object_type":"default","og_image_type":"default","og_image_url":null,"og_image_width":null,"og_image_height":null,"og_image_custom_url":null,"og_image_custom_fields":null,"og_video":null,"og_custom_url":null,"og_article_section":null,"og_article_tags":null,"twitter_use_og":true,"twitter_card":"default","twitter_image_type":"default","twitter_image_url":null,"twitter_image_custom_url":null,"twitter_image_custom_fields":null,"twitter_title":null,"twitter_description":null,"schema":{"blockGraphs":[],"customGraphs":[],"default":{"data":{"Article":[],"Course":[],"Dataset":[],"FAQPage":[],"Movie":[],"Person":[],"Product":[],"ProductReview":[],"Car":[],"Recipe":[],"Service":[],"SoftwareApplication":[],"WebPage":[]},"graphName":"Product","isEnabled":true},"graphs":[]},"schema_type":"default","schema_type_options":null,"pillar_content":false,"robots_default":true,"robots_noindex":false,"robots_noarchive":false,"robots_nosnippet":false,"robots_nofollow":false,"robots_noimageindex":false,"robots_noodp":false,"robots_notranslate":false,"robots_max_snippet":null,"robots_max_videopreview":null,"robots_max_imagepreview":"large","priority":null,"frequency":null,"local_seo":null,"seo_analyzer_scan_date":"2026-03-27 13:55:44","breadcrumb_settings":null,"limit_modified_date":false,"reviewed_by":null,"open_ai":null,"ai":null,"created":"2025-10-09 05:50:53","updated":"2026-03-27 15:42:51"},"aioseo_breadcrumb":"<div class=\"aioseo-breadcrumbs\"><span class=\"aioseo-breadcrumb\">\n\t<a href=\"https:\/\/droix.eu\/it\/\" title=\"Home\">Home<\/a>\n<\/span><span class=\"aioseo-breadcrumb-separator\">&raquo;<\/span><span class=\"aioseo-breadcrumb\">\n\t<a href=\"https:\/\/droix.eu\/it\/product-category\/accessori\/\" title=\"Accessori\">Accessori<\/a>\n<\/span><span class=\"aioseo-breadcrumb-separator\">&raquo;<\/span><span class=\"aioseo-breadcrumb\">\n\t<a href=\"https:\/\/droix.eu\/it\/product-category\/accessori\/accessori-da-gioco\/\" title=\"Accessori da gioco\">Accessori da gioco<\/a>\n<\/span><span class=\"aioseo-breadcrumb-separator\">&raquo;<\/span><span class=\"aioseo-breadcrumb\">\n\tBorsa ANBERNIC RG Cube\n<\/span><\/div>","aioseo_breadcrumb_json":[{"label":"Home","link":"https:\/\/droix.eu\/it\/"},{"label":"Accessori","link":"https:\/\/droix.eu\/it\/product-category\/accessori\/"},{"label":"Accessori da gioco","link":"https:\/\/droix.eu\/it\/product-category\/accessori\/accessori-da-gioco\/"},{"label":"Borsa ANBERNIC RG Cube","link":"https:\/\/droix.eu\/it\/product\/borsa-anbernic-rg-cube\/"}],"_links":{"self":[{"href":"https:\/\/droix.eu\/it\/wp-json\/wp\/v2\/product\/539207","targetHints":{"allow":["GET"]}}],"collection":[{"href":"https:\/\/droix.eu\/it\/wp-json\/wp\/v2\/product"}],"about":[{"href":"https:\/\/droix.eu\/it\/wp-json\/wp\/v2\/types\/product"}],"version-history":[{"count":0,"href":"https:\/\/droix.eu\/it\/wp-json\/wp\/v2\/product\/539207\/revisions"}],"wp:featuredmedia":[{"embeddable":true,"href":"https:\/\/droix.eu\/it\/wp-json\/wp\/v2\/media\/539208"}],"wp:attachment":[{"href":"https:\/\/droix.eu\/it\/wp-json\/wp\/v2\/media?parent=539207"}],"wp:term":[{"taxonomy":"product_brand","embeddable":true,"href":"https:\/\/droix.eu\/it\/wp-json\/wp\/v2\/product_brand?post=539207"},{"taxonomy":"product_cat","embeddable":true,"href":"https:\/\/droix.eu\/it\/wp-json\/wp\/v2\/product_cat?post=539207"},{"taxonomy":"product_tag","embeddable":true,"href":"https:\/\/droix.eu\/it\/wp-json\/wp\/v2\/product_tag?post=539207"},{"taxonomy":"woo-feed-brand","embeddable":true,"href":"https:\/\/droix.eu\/it\/wp-json\/wp\/v2\/woo-feed-brand?post=539207"},{"taxonomy":"key-features","embeddable":true,"href":"https:\/\/droix.eu\/it\/wp-json\/wp\/v2\/key-features?post=539207"}],"curies":[{"name":"wp","href":"https:\/\/api.w.org\/{rel}","templated":true}]}}