{"id":538650,"date":"2024-09-19T12:02:29","date_gmt":"2024-09-19T11:02:29","guid":{"rendered":"https:\/\/droix.eu\/product\/accessori-per-ayaneo-pocket-s\/"},"modified":"2026-04-08T10:13:52","modified_gmt":"2026-04-08T09:13:52","slug":"accessori-per-ayaneo-pocket-s","status":"publish","type":"product","link":"https:\/\/droix.eu\/it\/product\/accessori-per-ayaneo-pocket-s\/","title":{"rendered":"Accessori AYANEO Pocket S"},"content":{"rendered":"\n<p>Migliora l&#8217;esperienza di gioco di AYANEO Pocket S con questo pacchetto di accessori indispensabili, progettati per garantire protezione, comfort e una migliore giocabilit\u00e0.<\/p>\n\n<ul class=\"wp-block-list\">\n<li><strong><strong>Guscio protettivo ergonomico Comfort Grip<\/strong><\/strong>: Realizzato con un innovativo design ergonomico, questo guscio protettivo migliora notevolmente il comfort e la funzionalit\u00e0 di AYANEO Pocket S. La texture antiscivolo garantisce una presa salda e sicura, mentre l&#8217;ampia impugnatura sagomata offre una presa completa e confortevole, consentendo sessioni di gioco prolungate e senza fatica. Questo guscio resistente avvolge saldamente il dispositivo, fornendo una protezione completa per proteggere AYANEO Pocket S da urti, graffi e usura quotidiani. <\/li>\n\n\n\n<li><strong>Protezione schermo<\/strong>: Proteggi il tuo schermo con una protezione di alta qualit\u00e0, ultra-chiara. Progettata per resistere a graffi, macchie e impronte digitali, assicura che il tuo display rimanga vivace e reattivo come sempre. Il suo design facile da applicare garantisce un&#8217;installazione senza bolle, mantenendo il tuo schermo intatto e preservando la sensibilit\u00e0 al tocco per un gameplay fluido e ininterrotto.  <\/li>\n\n\n\n<li><strong>Grip per pollici<\/strong>: Migliora il tuo controllo con grip premium per i pollici. Queste coperture in silicone per gli stick analogici offrono una presa e una precisione superiori, aiutandoti a mantenere il controllo anche nei momenti di gioco pi\u00f9 intensi. Progettati per ridurre l&#8217;affaticamento e migliorare il comfort, questi grip per pollici permettono movimenti pi\u00f9 accurati, dandoti il vantaggio competitivo di cui hai bisogno.  <\/li>\n<\/ul>\n\n<p>Questo kit di accessori assicura che il vostro AYANEO Pocket S sia protetto e pronto all&#8217;azione, migliorando al contempo l&#8217;esperienza di gioco con miglioramenti ergonomici.<\/p>\n","protected":false},"excerpt":{"rendered":"<ul>\n<li>Custodia <strong>ufficiale<\/strong> AYANEO Pocket S<\/li>\n<li>Fodera in morbido tessuto per una <strong>protezione extra<\/strong>.<\/li>\n<li>Texture antiscivolo e impugnatura grande per una presa sicura.<\/li>\n<li>Protezione di alta qualit\u00e0, ultra-chiara per prevenire graffi e macchie.<\/li>\n<li>Mantiene la sensibilit\u00e0 al tocco per un gameplay fluido.<\/li>\n<\/ul>\n[cg_accordion title=\"Garanzia di 1 anno, supportata dall'esperienza\"]<\/p>\n<p>Il vostro acquisto \u00e8 protetto dalla nostra garanzia di 1 anno e da oltre 13 anni di servizio di fiducia. Con oltre 500.000 clienti soddisfatti, siete in mani sicure. [\/cg_accordion]\n[cg_accordion title=\"Garanzia di qualit\u00e0 e test pre-spedizione\"]<\/p>\n<p>Garantire la soddisfazione del cliente ai massimi livelli: Ogni dispositivo viene sottoposto a test rigorosi e a un controllo di qualit\u00e0 in pi\u00f9 punti prima di essere spedito. Il nostro team dedicato verifica le prestazioni, la funzionalit\u00e0 e l&#8217;integrit\u00e0 dei componenti per garantire che il dispositivo AYANEO sia in perfetto stato di funzionamento al momento dell&#8217;arrivo, offrendovi fiducia e tranquillit\u00e0. [\/cg_accordion]\n[cg_accordion title=\"Opzioni di pagamento flessibili e sicure\"]<\/p>\n<p>Godetevi la pace della mente con il nostro sistema di pagamento sicuro. Supportiamo tutti i principali metodi di pagamento, tra cui carte di debito\/credito, PayPal, Apple Pay, Google Pay, Klarna, Afterpay e Affirm, dandovi la libert\u00e0 di pagare a modo vostro, sia in anticipo che in comode rate. [\/cg_accordion]\n[cg_accordion title=\"Tasse\"]<\/p>\n<p>I prezzi sono comprensivi di IVA, che pu\u00f2 arrivare al 25% a seconda del Paese. L&#8217;importo esatto \u00e8 indicato durante il checkout per garantire la massima trasparenza. [\/cg_accordion]\n[cg_accordion title=\"Spedizione e restituzione\"]<\/p>\n<p>Collaboriamo con oltre 10 partner di spedizione fidati per garantire che il vostro ordine arrivi in modo rapido, sicuro e affidabile.<\/p>\n<p>Utilizziamo la spedizione Express DDP (Delivered Duty Paid). Ci\u00f2 significa che: <\/p>\n<li>Tutti i dazi doganali e le tasse sono gi\u00e0 inclusi nel prezzo del prodotto indicato.<\/li>\n<li>Non dovrete affrontare nessuna spesa a sorpresa al momento della consegna.<\/li>\n<li>Nel raro caso di ritardi doganali, il nostro team gestir\u00e0 per voi il processo di sdoganamento per garantire una consegna senza intoppi.<\/li>\n<p>Informazioni importanti sui resi:<\/p>\n<li>In caso di restituzione dell&#8217;ordine o di richiesta di rimborso, si prega di notare che le tasse e i dazi pagati per conto del cliente secondo i termini del DDP non sono rimborsabili.<\/li>\n<p>Per informazioni dettagliate, consulta i nostri <a href=\"https:\/\/droix.eu\/it\/termini-e-condizioni\/\" target=\"_blank\" rel=\"nofollow noopener\">Termini e condizioni<\/a>.\n<\/ul>\n<p>[\/cg_accordion]\n[cg_accordion title=\"Assistenza clienti\"]<\/p>\n<p>Hai una domanda? Siamo a un messaggio di distanza per risolvere il tuo problema! [\/cg_accordion]\n[cg_accordion title=\"Il pacchetto comprende\"]<\/p>\n<ul>\n<li>1x AYANEO Pocket S Case<\/li>\n<li>1x AYANEO Pocket S Protezione dello schermo<\/li>\n<li>1x AYANEO Pocket S Grips<\/li>\n<\/ul>\n<p>[\/cg_accordion]\n","protected":false},"featured_media":538652,"template":"","meta":{"_acf_changed":false},"product_brand":[],"product_cat":[35216],"product_tag":[],"woo-feed-brand":[],"key-features":[],"class_list":{"0":"post-538650","1":"product","2":"type-product","3":"status-publish","4":"has-post-thumbnail","6":"product_cat-uncategorized-it","7":"product_shipping_class-low-end","8":"pa_accessory-type-grip","9":"pa_accessory-type-protective-case","10":"pa_accessory-type-screen-protector","11":"pa_brands-ayaneo","13":"first","14":"instock","15":"sale","16":"taxable","17":"shipping-taxable","18":"purchasable","19":"product-type-simple"},"acf":[],"aioseo_notices":[],"aioseo_head":"\n\t\t<!-- All in One SEO Pro 4.9.6.2 - aioseo.com -->\n\t<meta name=\"description\" content=\"Custodia ufficiale AYANEO Pocket S Fodera in morbido tessuto per una protezione extra. Texture antiscivolo e impugnatura grande per una presa sicura. Protezione di alta qualit\u00e0, ultra-chiara per prevenire graffi e macchie. Mantiene la sensibilit\u00e0 al tocco per un gameplay fluido.\" \/>\n\t<meta name=\"robots\" content=\"max-image-preview:large\" \/>\n\t<link rel=\"canonical\" href=\"https:\/\/droix.eu\/it\/product\/accessori-per-ayaneo-pocket-s\/\" \/>\n\t<meta name=\"generator\" content=\"All in One SEO Pro (AIOSEO) 4.9.6.2\" \/>\n\t\t<meta property=\"og:locale\" content=\"it_IT\" \/>\n\t\t<meta property=\"og:site_name\" content=\"DROIX EU - Get the latest Mini PCs, Ultrabook, PC Gaming Handhelds and more!\" \/>\n\t\t<meta property=\"og:type\" content=\"article\" \/>\n\t\t<meta property=\"og:title\" content=\"Accessori AYANEO Pocket S - DROIX EU\" \/>\n\t\t<meta property=\"og:description\" content=\"Custodia ufficiale AYANEO Pocket S Fodera in morbido tessuto per una protezione extra. Texture antiscivolo e impugnatura grande per una presa sicura. Protezione di alta qualit\u00e0, ultra-chiara per prevenire graffi e macchie. Mantiene la sensibilit\u00e0 al tocco per un gameplay fluido.\" \/>\n\t\t<meta property=\"og:url\" content=\"https:\/\/droix.eu\/it\/product\/accessori-per-ayaneo-pocket-s\/\" \/>\n\t\t<meta property=\"og:image\" content=\"https:\/\/droix.eu\/wp-content\/uploads\/2024\/06\/droix-v2-light-logo.png\" \/>\n\t\t<meta property=\"og:image:secure_url\" content=\"https:\/\/droix.eu\/wp-content\/uploads\/2024\/06\/droix-v2-light-logo.png\" \/>\n\t\t<meta property=\"og:image:width\" content=\"380\" \/>\n\t\t<meta property=\"og:image:height\" content=\"118\" \/>\n\t\t<meta property=\"article:published_time\" content=\"2024-09-19T11:02:29+00:00\" \/>\n\t\t<meta property=\"article:modified_time\" content=\"2026-04-08T09:13:52+00:00\" \/>\n\t\t<meta property=\"article:publisher\" content=\"https:\/\/www.facebook.com\/DroiX.Store\" \/>\n\t\t<meta name=\"twitter:card\" content=\"summary_large_image\" \/>\n\t\t<meta name=\"twitter:site\" content=\"@DroiX_Store\" \/>\n\t\t<meta name=\"twitter:title\" content=\"Accessori AYANEO Pocket S - DROIX EU\" \/>\n\t\t<meta name=\"twitter:description\" content=\"Custodia ufficiale AYANEO Pocket S Fodera in morbido tessuto per una protezione extra. Texture antiscivolo e impugnatura grande per una presa sicura. Protezione di alta qualit\u00e0, ultra-chiara per prevenire graffi e macchie. Mantiene la sensibilit\u00e0 al tocco per un gameplay fluido.\" \/>\n\t\t<meta name=\"twitter:image\" content=\"https:\/\/droix.eu\/wp-content\/uploads\/2024\/06\/droix-v2-light-logo.png\" \/>\n\t\t<script type=\"application\/ld+json\" class=\"aioseo-schema\">\n\t\t\t{\"@context\":\"https:\\\/\\\/schema.org\",\"@graph\":[{\"@type\":\"BreadcrumbList\",\"@id\":\"https:\\\/\\\/droix.eu\\\/it\\\/product\\\/accessori-per-ayaneo-pocket-s\\\/#breadcrumblist\",\"itemListElement\":[{\"@type\":\"ListItem\",\"@id\":\"https:\\\/\\\/droix.eu\\\/it\\\/#listItem\",\"position\":1,\"name\":\"Home\",\"item\":\"https:\\\/\\\/droix.eu\\\/it\\\/\",\"nextItem\":{\"@type\":\"ListItem\",\"@id\":\"https:\\\/\\\/droix.eu\\\/it\\\/product-category\\\/uncategorized-it\\\/#listItem\",\"name\":\"Uncategorized\"}},{\"@type\":\"ListItem\",\"@id\":\"https:\\\/\\\/droix.eu\\\/it\\\/product-category\\\/uncategorized-it\\\/#listItem\",\"position\":2,\"name\":\"Uncategorized\",\"item\":\"https:\\\/\\\/droix.eu\\\/it\\\/product-category\\\/uncategorized-it\\\/\",\"nextItem\":{\"@type\":\"ListItem\",\"@id\":\"https:\\\/\\\/droix.eu\\\/it\\\/product\\\/accessori-per-ayaneo-pocket-s\\\/#listItem\",\"name\":\"Accessori AYANEO Pocket S\"},\"previousItem\":{\"@type\":\"ListItem\",\"@id\":\"https:\\\/\\\/droix.eu\\\/it\\\/#listItem\",\"name\":\"Home\"}},{\"@type\":\"ListItem\",\"@id\":\"https:\\\/\\\/droix.eu\\\/it\\\/product\\\/accessori-per-ayaneo-pocket-s\\\/#listItem\",\"position\":3,\"name\":\"Accessori AYANEO Pocket S\",\"previousItem\":{\"@type\":\"ListItem\",\"@id\":\"https:\\\/\\\/droix.eu\\\/it\\\/product-category\\\/uncategorized-it\\\/#listItem\",\"name\":\"Uncategorized\"}}]},{\"@type\":\"Organization\",\"@id\":\"https:\\\/\\\/droix.eu\\\/it\\\/#organization\",\"name\":\"DroiX \\u2013 Trusted EU Tech Retailer with 12+ Years Experience\",\"description\":\"DroiX is a leading European technology retailer with over 12 years of experience, offering quality mini PCs, handheld gaming consoles, and tech accessories. We provide hassle-free EU delivery with all taxes included, ensuring a smooth and reliable shopping experience for our customers across Europe.\",\"url\":\"https:\\\/\\\/droix.eu\\\/it\\\/\",\"logo\":{\"@type\":\"ImageObject\",\"url\":\"https:\\\/\\\/droix.eu\\\/wp-content\\\/uploads\\\/2024\\\/06\\\/droix-v2-light-logo.png\",\"@id\":\"https:\\\/\\\/droix.eu\\\/it\\\/product\\\/accessori-per-ayaneo-pocket-s\\\/#organizationLogo\",\"width\":380,\"height\":118},\"image\":{\"@id\":\"https:\\\/\\\/droix.eu\\\/it\\\/product\\\/accessori-per-ayaneo-pocket-s\\\/#organizationLogo\"},\"sameAs\":[\"https:\\\/\\\/www.facebook.com\\\/DroiX.Store\",\"https:\\\/\\\/twitter.com\\\/DroiX_Store\",\"https:\\\/\\\/www.instagram.com\\\/droix.store\\\/\",\"https:\\\/\\\/www.tiktok.com\\\/@droix.store\",\"https:\\\/\\\/www.youtube.com\\\/c\\\/DroiX_Store\",\"https:\\\/\\\/uk.linkedin.com\\\/company\\\/droix\"]},{\"@type\":\"Product\",\"@id\":\"https:\\\/\\\/droix.eu\\\/it\\\/product\\\/accessori-per-ayaneo-pocket-s\\\/#wooCommerceProduct\",\"name\":\"Accessori AYANEO Pocket S\",\"description\":\"Custodia ufficiale AYANEO Pocket S\\n \\tFodera in morbido tessuto per una protezione extra.\\n \\tTexture antiscivolo e impugnatura grande per una presa sicura.\\n \\tProtezione di alta qualit\\u00e0, ultra-chiara per prevenire graffi e macchie.\\n \\tMantiene la sensibilit\\u00e0 al tocco per un gameplay fluido.\",\"url\":\"https:\\\/\\\/droix.eu\\\/it\\\/product\\\/accessori-per-ayaneo-pocket-s\\\/\",\"sku\":\"AYANEO-POCKET-S-FREEBIES\",\"image\":{\"@type\":\"ImageObject\",\"url\":\"https:\\\/\\\/droix.eu\\\/wp-content\\\/uploads\\\/2024\\\/09\\\/AYANEO-POCKET-S-ACCESSORIES-LISTING-DONE-01.png\",\"@id\":\"https:\\\/\\\/droix.eu\\\/it\\\/product\\\/accessori-per-ayaneo-pocket-s\\\/#productImage\",\"width\":1500,\"height\":1500,\"caption\":\"Accessori AYANEO Pocket S in omaggio (custodia protettiva + impugnature + protezione dello schermo)\"},\"offers\":{\"@type\":\"Offer\",\"url\":\"https:\\\/\\\/droix.eu\\\/it\\\/product\\\/accessori-per-ayaneo-pocket-s\\\/#wooCommerceOffer\",\"price\":11.01,\"priceCurrency\":\"EUR\",\"category\":\"Uncategorized\",\"availability\":\"https:\\\/\\\/schema.org\\\/InStock\",\"priceSpecification\":{\"@type\":\"PriceSpecification\",\"price\":11.01,\"priceCurrency\":\"EUR\",\"valueAddedTaxIncluded\":\"true\"},\"seller\":{\"@type\":\"Organization\",\"@id\":\"https:\\\/\\\/droix.eu\\\/it\\\/#organization\"}}},{\"@type\":\"WebPage\",\"@id\":\"https:\\\/\\\/droix.eu\\\/it\\\/product\\\/accessori-per-ayaneo-pocket-s\\\/#webpage\",\"url\":\"https:\\\/\\\/droix.eu\\\/it\\\/product\\\/accessori-per-ayaneo-pocket-s\\\/\",\"name\":\"Accessori AYANEO Pocket S - DROIX EU\",\"description\":\"Custodia ufficiale AYANEO Pocket S Fodera in morbido tessuto per una protezione extra. Texture antiscivolo e impugnatura grande per una presa sicura. Protezione di alta qualit\\u00e0, ultra-chiara per prevenire graffi e macchie. Mantiene la sensibilit\\u00e0 al tocco per un gameplay fluido.\",\"inLanguage\":\"it-IT\",\"isPartOf\":{\"@id\":\"https:\\\/\\\/droix.eu\\\/it\\\/#website\"},\"breadcrumb\":{\"@id\":\"https:\\\/\\\/droix.eu\\\/it\\\/product\\\/accessori-per-ayaneo-pocket-s\\\/#breadcrumblist\"},\"image\":{\"@type\":\"ImageObject\",\"url\":\"https:\\\/\\\/droix.eu\\\/wp-content\\\/uploads\\\/2024\\\/09\\\/AYANEO-POCKET-S-ACCESSORIES-LISTING-DONE-01.png\",\"@id\":\"https:\\\/\\\/droix.eu\\\/it\\\/product\\\/accessori-per-ayaneo-pocket-s\\\/#mainImage\",\"width\":1500,\"height\":1500,\"caption\":\"Accessori AYANEO Pocket S in omaggio (custodia protettiva + impugnature + protezione dello schermo)\"},\"primaryImageOfPage\":{\"@id\":\"https:\\\/\\\/droix.eu\\\/it\\\/product\\\/accessori-per-ayaneo-pocket-s\\\/#mainImage\"},\"datePublished\":\"2024-09-19T12:02:29+01:00\",\"dateModified\":\"2026-04-08T10:13:52+01:00\"},{\"@type\":\"WebSite\",\"@id\":\"https:\\\/\\\/droix.eu\\\/it\\\/#website\",\"url\":\"https:\\\/\\\/droix.eu\\\/it\\\/\",\"name\":\"DROIX EU\",\"description\":\"Get the latest Mini PCs, Ultrabook, PC Gaming Handhelds and more!\",\"inLanguage\":\"it-IT\",\"publisher\":{\"@id\":\"https:\\\/\\\/droix.eu\\\/it\\\/#organization\"}}]}\n\t\t<\/script>\n\t\t<!-- All in One SEO Pro -->\r\n\t\t<title>Accessori AYANEO Pocket S - DROIX EU<\/title>\n\n","aioseo_head_json":{"title":"Accessori AYANEO Pocket S - DROIX EU","description":"Custodia ufficiale AYANEO Pocket S Fodera in morbido tessuto per una protezione extra. Texture antiscivolo e impugnatura grande per una presa sicura. Protezione di alta qualit\u00e0, ultra-chiara per prevenire graffi e macchie. Mantiene la sensibilit\u00e0 al tocco per un gameplay fluido.","canonical_url":"https:\/\/droix.eu\/it\/product\/accessori-per-ayaneo-pocket-s\/","robots":"max-image-preview:large","keywords":"","webmasterTools":{"miscellaneous":""},"schema":{"@context":"https:\/\/schema.org","@graph":[{"@type":"BreadcrumbList","@id":"https:\/\/droix.eu\/it\/product\/accessori-per-ayaneo-pocket-s\/#breadcrumblist","itemListElement":[{"@type":"ListItem","@id":"https:\/\/droix.eu\/it\/#listItem","position":1,"name":"Home","item":"https:\/\/droix.eu\/it\/","nextItem":{"@type":"ListItem","@id":"https:\/\/droix.eu\/it\/product-category\/uncategorized-it\/#listItem","name":"Uncategorized"}},{"@type":"ListItem","@id":"https:\/\/droix.eu\/it\/product-category\/uncategorized-it\/#listItem","position":2,"name":"Uncategorized","item":"https:\/\/droix.eu\/it\/product-category\/uncategorized-it\/","nextItem":{"@type":"ListItem","@id":"https:\/\/droix.eu\/it\/product\/accessori-per-ayaneo-pocket-s\/#listItem","name":"Accessori AYANEO Pocket S"},"previousItem":{"@type":"ListItem","@id":"https:\/\/droix.eu\/it\/#listItem","name":"Home"}},{"@type":"ListItem","@id":"https:\/\/droix.eu\/it\/product\/accessori-per-ayaneo-pocket-s\/#listItem","position":3,"name":"Accessori AYANEO Pocket S","previousItem":{"@type":"ListItem","@id":"https:\/\/droix.eu\/it\/product-category\/uncategorized-it\/#listItem","name":"Uncategorized"}}]},{"@type":"Organization","@id":"https:\/\/droix.eu\/it\/#organization","name":"DroiX \u2013 Trusted EU Tech Retailer with 12+ Years Experience","description":"DroiX is a leading European technology retailer with over 12 years of experience, offering quality mini PCs, handheld gaming consoles, and tech accessories. We provide hassle-free EU delivery with all taxes included, ensuring a smooth and reliable shopping experience for our customers across Europe.","url":"https:\/\/droix.eu\/it\/","logo":{"@type":"ImageObject","url":"https:\/\/droix.eu\/wp-content\/uploads\/2024\/06\/droix-v2-light-logo.png","@id":"https:\/\/droix.eu\/it\/product\/accessori-per-ayaneo-pocket-s\/#organizationLogo","width":380,"height":118},"image":{"@id":"https:\/\/droix.eu\/it\/product\/accessori-per-ayaneo-pocket-s\/#organizationLogo"},"sameAs":["https:\/\/www.facebook.com\/DroiX.Store","https:\/\/twitter.com\/DroiX_Store","https:\/\/www.instagram.com\/droix.store\/","https:\/\/www.tiktok.com\/@droix.store","https:\/\/www.youtube.com\/c\/DroiX_Store","https:\/\/uk.linkedin.com\/company\/droix"]},{"@type":"Product","@id":"https:\/\/droix.eu\/it\/product\/accessori-per-ayaneo-pocket-s\/#wooCommerceProduct","name":"Accessori AYANEO Pocket S","description":"Custodia ufficiale AYANEO Pocket S\n \tFodera in morbido tessuto per una protezione extra.\n \tTexture antiscivolo e impugnatura grande per una presa sicura.\n \tProtezione di alta qualit\u00e0, ultra-chiara per prevenire graffi e macchie.\n \tMantiene la sensibilit\u00e0 al tocco per un gameplay fluido.","url":"https:\/\/droix.eu\/it\/product\/accessori-per-ayaneo-pocket-s\/","sku":"AYANEO-POCKET-S-FREEBIES","image":{"@type":"ImageObject","url":"https:\/\/droix.eu\/wp-content\/uploads\/2024\/09\/AYANEO-POCKET-S-ACCESSORIES-LISTING-DONE-01.png","@id":"https:\/\/droix.eu\/it\/product\/accessori-per-ayaneo-pocket-s\/#productImage","width":1500,"height":1500,"caption":"Accessori AYANEO Pocket S in omaggio (custodia protettiva + impugnature + protezione dello schermo)"},"offers":{"@type":"Offer","url":"https:\/\/droix.eu\/it\/product\/accessori-per-ayaneo-pocket-s\/#wooCommerceOffer","price":11.01,"priceCurrency":"EUR","category":"Uncategorized","availability":"https:\/\/schema.org\/InStock","priceSpecification":{"@type":"PriceSpecification","price":11.01,"priceCurrency":"EUR","valueAddedTaxIncluded":"true"},"seller":{"@type":"Organization","@id":"https:\/\/droix.eu\/it\/#organization"}}},{"@type":"WebPage","@id":"https:\/\/droix.eu\/it\/product\/accessori-per-ayaneo-pocket-s\/#webpage","url":"https:\/\/droix.eu\/it\/product\/accessori-per-ayaneo-pocket-s\/","name":"Accessori AYANEO Pocket S - DROIX EU","description":"Custodia ufficiale AYANEO Pocket S Fodera in morbido tessuto per una protezione extra. Texture antiscivolo e impugnatura grande per una presa sicura. Protezione di alta qualit\u00e0, ultra-chiara per prevenire graffi e macchie. Mantiene la sensibilit\u00e0 al tocco per un gameplay fluido.","inLanguage":"it-IT","isPartOf":{"@id":"https:\/\/droix.eu\/it\/#website"},"breadcrumb":{"@id":"https:\/\/droix.eu\/it\/product\/accessori-per-ayaneo-pocket-s\/#breadcrumblist"},"image":{"@type":"ImageObject","url":"https:\/\/droix.eu\/wp-content\/uploads\/2024\/09\/AYANEO-POCKET-S-ACCESSORIES-LISTING-DONE-01.png","@id":"https:\/\/droix.eu\/it\/product\/accessori-per-ayaneo-pocket-s\/#mainImage","width":1500,"height":1500,"caption":"Accessori AYANEO Pocket S in omaggio (custodia protettiva + impugnature + protezione dello schermo)"},"primaryImageOfPage":{"@id":"https:\/\/droix.eu\/it\/product\/accessori-per-ayaneo-pocket-s\/#mainImage"},"datePublished":"2024-09-19T12:02:29+01:00","dateModified":"2026-04-08T10:13:52+01:00"},{"@type":"WebSite","@id":"https:\/\/droix.eu\/it\/#website","url":"https:\/\/droix.eu\/it\/","name":"DROIX EU","description":"Get the latest Mini PCs, Ultrabook, PC Gaming Handhelds and more!","inLanguage":"it-IT","publisher":{"@id":"https:\/\/droix.eu\/it\/#organization"}}]},"og:locale":"it_IT","og:site_name":"DROIX EU - Get the latest Mini PCs, Ultrabook, PC Gaming Handhelds and more!","og:type":"article","og:title":"Accessori AYANEO Pocket S - DROIX EU","og:description":"Custodia ufficiale AYANEO Pocket S Fodera in morbido tessuto per una protezione extra. Texture antiscivolo e impugnatura grande per una presa sicura. Protezione di alta qualit\u00e0, ultra-chiara per prevenire graffi e macchie. Mantiene la sensibilit\u00e0 al tocco per un gameplay fluido.","og:url":"https:\/\/droix.eu\/it\/product\/accessori-per-ayaneo-pocket-s\/","og:image":"https:\/\/droix.eu\/wp-content\/uploads\/2024\/06\/droix-v2-light-logo.png","og:image:secure_url":"https:\/\/droix.eu\/wp-content\/uploads\/2024\/06\/droix-v2-light-logo.png","og:image:width":380,"og:image:height":118,"article:published_time":"2024-09-19T11:02:29+00:00","article:modified_time":"2026-04-08T09:13:52+00:00","article:publisher":"https:\/\/www.facebook.com\/DroiX.Store","twitter:card":"summary_large_image","twitter:site":"@DroiX_Store","twitter:title":"Accessori AYANEO Pocket S - DROIX EU","twitter:description":"Custodia ufficiale AYANEO Pocket S Fodera in morbido tessuto per una protezione extra. Texture antiscivolo e impugnatura grande per una presa sicura. Protezione di alta qualit\u00e0, ultra-chiara per prevenire graffi e macchie. Mantiene la sensibilit\u00e0 al tocco per un gameplay fluido.","twitter:image":"https:\/\/droix.eu\/wp-content\/uploads\/2024\/06\/droix-v2-light-logo.png"},"aioseo_meta_data":{"post_id":"538650","title":null,"description":null,"keywords":null,"keyphrases":{"focus":{"keyphrase":"","score":0,"analysis":{"keyphraseInTitle":{"score":0,"maxScore":9,"error":1}}},"additional":[]},"primary_term":null,"canonical_url":null,"og_title":null,"og_description":null,"og_object_type":"default","og_image_type":"default","og_image_url":null,"og_image_width":null,"og_image_height":null,"og_image_custom_url":null,"og_image_custom_fields":null,"og_video":"","og_custom_url":null,"og_article_section":null,"og_article_tags":null,"twitter_use_og":true,"twitter_card":"default","twitter_image_type":"default","twitter_image_url":null,"twitter_image_custom_url":null,"twitter_image_custom_fields":null,"twitter_title":null,"twitter_description":null,"schema":{"blockGraphs":[],"customGraphs":[],"default":{"data":{"Article":[],"Course":[],"Dataset":[],"FAQPage":[],"Movie":[],"Person":[],"Product":[],"ProductReview":[],"Car":[],"Recipe":[],"Service":[],"SoftwareApplication":[],"WebPage":[]},"graphName":"Product","isEnabled":true},"graphs":[]},"schema_type":"default","schema_type_options":null,"pillar_content":false,"robots_default":true,"robots_noindex":false,"robots_noarchive":false,"robots_nosnippet":false,"robots_nofollow":false,"robots_noimageindex":false,"robots_noodp":false,"robots_notranslate":false,"robots_max_snippet":"-1","robots_max_videopreview":"-1","robots_max_imagepreview":"large","priority":null,"frequency":"default","local_seo":null,"seo_analyzer_scan_date":"2026-04-24 13:15:08","breadcrumb_settings":null,"limit_modified_date":false,"reviewed_by":null,"open_ai":null,"ai":{"faqs":[],"keyPoints":[],"titles":[],"descriptions":[],"socialPosts":{"email":[],"linkedin":[],"twitter":[],"facebook":[],"instagram":[]}},"created":"2025-10-09 06:26:04","updated":"2026-04-24 13:15:08"},"aioseo_breadcrumb":"<div class=\"aioseo-breadcrumbs\"><span class=\"aioseo-breadcrumb\">\n\t<a href=\"https:\/\/droix.eu\/it\/\" title=\"Home\">Home<\/a>\n<\/span><span class=\"aioseo-breadcrumb-separator\">&raquo;<\/span><span class=\"aioseo-breadcrumb\">\n\t<a href=\"https:\/\/droix.eu\/it\/product-category\/uncategorized-it\/\" title=\"Uncategorized\">Uncategorized<\/a>\n<\/span><span class=\"aioseo-breadcrumb-separator\">&raquo;<\/span><span class=\"aioseo-breadcrumb\">\n\tAccessori AYANEO Pocket S\n<\/span><\/div>","aioseo_breadcrumb_json":[{"label":"Home","link":"https:\/\/droix.eu\/it\/"},{"label":"Uncategorized","link":"https:\/\/droix.eu\/it\/product-category\/uncategorized-it\/"},{"label":"Accessori AYANEO Pocket S","link":"https:\/\/droix.eu\/it\/product\/accessori-per-ayaneo-pocket-s\/"}],"_links":{"self":[{"href":"https:\/\/droix.eu\/it\/wp-json\/wp\/v2\/product\/538650","targetHints":{"allow":["GET"]}}],"collection":[{"href":"https:\/\/droix.eu\/it\/wp-json\/wp\/v2\/product"}],"about":[{"href":"https:\/\/droix.eu\/it\/wp-json\/wp\/v2\/types\/product"}],"version-history":[{"count":0,"href":"https:\/\/droix.eu\/it\/wp-json\/wp\/v2\/product\/538650\/revisions"}],"wp:featuredmedia":[{"embeddable":true,"href":"https:\/\/droix.eu\/it\/wp-json\/wp\/v2\/media\/538652"}],"wp:attachment":[{"href":"https:\/\/droix.eu\/it\/wp-json\/wp\/v2\/media?parent=538650"}],"wp:term":[{"taxonomy":"product_brand","embeddable":true,"href":"https:\/\/droix.eu\/it\/wp-json\/wp\/v2\/product_brand?post=538650"},{"taxonomy":"product_cat","embeddable":true,"href":"https:\/\/droix.eu\/it\/wp-json\/wp\/v2\/product_cat?post=538650"},{"taxonomy":"product_tag","embeddable":true,"href":"https:\/\/droix.eu\/it\/wp-json\/wp\/v2\/product_tag?post=538650"},{"taxonomy":"woo-feed-brand","embeddable":true,"href":"https:\/\/droix.eu\/it\/wp-json\/wp\/v2\/woo-feed-brand?post=538650"},{"taxonomy":"key-features","embeddable":true,"href":"https:\/\/droix.eu\/it\/wp-json\/wp\/v2\/key-features?post=538650"}],"curies":[{"name":"wp","href":"https:\/\/api.w.org\/{rel}","templated":true}]}}