{"id":534501,"date":"2021-12-23T11:49:46","date_gmt":"2021-12-23T11:49:46","guid":{"rendered":"https:\/\/droix.eu\/informativa-sui-cookie\/"},"modified":"2025-05-06T15:56:51","modified_gmt":"2025-05-06T14:56:51","slug":"informativa-sui-cookie","status":"publish","type":"page","link":"https:\/\/droix.eu\/it\/informativa-sui-cookie\/","title":{"rendered":"Informativa sui cookie"},"content":{"rendered":"\n<p>La seguente Informativa sui cookie deve essere considerata in accordo (abbinata), &#8220;come un tutt&#8217;uno&#8221; con i <a href=\"https:\/\/droix.eu\/it\/termini-e-condizioni\/\" target=\"_blank\" rel=\"noreferrer noopener\">Termini e le Condizioni<\/a> e l&#8217;<a href=\"https:\/\/droix.eu\/it\/politica-sulla-privacy\/\" target=\"_blank\" rel=\"noreferrer noopener\">Informativa sulla privacy<\/a>.<\/p>\n\n<ol class=\"wp-block-list\">\n<li>Queste condizioni di vendita si applicano a tutti i prodotti forniti da DROIX, con sede legale in 54C Expressway, N Woolwich Rd, Londra, E16 2AA, Regno Unito).\n<ol class=\"wp-block-list\">\n<li>Nel contratto stabilito, i riferimenti sono: Noi (DROIX) siamo il Fornitore, e tu (il Cliente)<\/li>\n<\/ol>\n<\/li>\n<\/ol>\n\n<ol class=\"wp-block-list\">\n<li>Il sito web del Fornitore utilizza i cookie per distinguere il cliente, cio\u00e8 Lei, dagli altri utenti del sito web. Questo aiuta il Fornitore a fornirvi una buona esperienza quando navigate sul sito web del Fornitore e permette anche al Fornitore di migliorare il nostro sito. Continuando a navigare nel sito, accetti l&#8217;uso dei cookie da parte del Fornitore.  <\/li>\n\n\n\n<li>Un cookie \u00e8 un piccolo file di lettere e numeri che il Fornitore memorizza nel suo browser o nell&#8217;hard disk del suo computer o telefono cellulare, se lei \u00e8 d&#8217;accordo. I cookie contengono informazioni che vengono trasferite sul disco rigido del tuo computer. <\/li>\n\n\n\n<li>Il Fornitore utilizza i seguenti cookie:\n<ol class=\"wp-block-list\">\n<li>Cookie strettamente necessari. Si tratta di cookie necessari per il funzionamento del sito web del Fornitore. Includono, per esempio, i cookie che consentono di accedere ad aree sicure del sito web del Fornitore e di eseguire transazioni.  <\/li>\n\n\n\n<li>Cookie analitici\/prestazionali. Permettono al Fornitore di riconoscere e contare il numero di visitatori e di vedere come i visitatori si muovono nel sito web del Fornitore quando lo usano. Questo aiuta il Fornitore a migliorare il modo in cui il sito web funziona, per esempio, assicurando che gli utenti trovino quello che stanno cercando facilmente e senza problemi.  <\/li>\n\n\n\n<li>Il Fornitore utilizza i cookie di Google Analytics. Google Analytics raccoglie informazioni in modo anonimo. Riporta le tendenze del sito web senza identificare i singoli visitatori. \u00c8 possibile rinunciare a Google Analytics senza influire sulle modalit\u00e0 di visita del sito. Per maggiori informazioni su Google Analytics, clicca qui.    <\/li>\n\n\n\n<li>Cookie di targeting. Questi cookie registrano la sua visita al sito web del Fornitore, le pagine che ha visitato e i link che ha seguito. Il Fornitore utilizza queste informazioni per rendere il sito web e la pubblicit\u00e0 visualizzata su di esso pi\u00f9 pertinente ai tuoi interessi. Il Fornitore pu\u00f2 anche condividere queste informazioni con terzi a questo scopo.   <\/li>\n<\/ol>\n<\/li>\n\n\n\n<li>Si prega di notare che terze parti (tra cui, ad esempio, reti pubblicitarie e fornitori di servizi esterni come i servizi di analisi del traffico web) possono anche utilizzare i cookie, sui quali il Fornitore non ha alcun controllo. Questi cookie sono probabilmente cookie analitici\/di performance o cookie di targeting. <\/li>\n\n\n\n<li>\u00c8 possibile bloccare i cookie attivando l&#8217;impostazione del browser che consente di rifiutare l&#8217;impostazione di tutti o di alcuni cookie. Tuttavia, se si utilizzano le impostazioni del browser per bloccare tutti i cookie (compresi i cookie essenziali) si potrebbe non essere in grado di accedere a tutto o parte del sito web del Fornitore. <\/li>\n<\/ol>\n\n<h2 class=\"wp-block-heading\" id=\"h-cookie-description\">DESCRIZIONE DEI COOKIE<\/h2>\n<p><script type=\"text\/javascript\" charset=\"UTF-8\" data-cookiescriptreport=\"report\" src=\"\/\/report.cookie-script.com\/r\/21c7c108a50ee55d6c4ed24051df0334.js\"><\/script><\/p>\n\n<p class=\"has-text-align-center\">Politica dei cookie ultimo aggiornamento: 12 ottobre 2022 &#8211; 02:29.<\/p>\n","protected":false},"excerpt":{"rendered":"<p>La seguente Informativa sui cookie deve essere considerata in accordo (abbinata), &#8220;come un tutt&#8217;uno&#8221; con i Termini e le Condizioni e l&#8217;Informativa sulla privacy. DESCRIZIONE DEI COOKIE Politica dei cookie ultimo aggiornamento: 12 ottobre 2022 &#8211; 02:29.<\/p>\n","protected":false},"author":1,"featured_media":0,"parent":0,"menu_order":0,"comment_status":"closed","ping_status":"closed","template":"","meta":{"_acf_changed":false,"footnotes":""},"class_list":["post-534501","page","type-page","status-publish","hentry"],"acf":[],"aioseo_notices":[],"aioseo_head":"\n\t\t<!-- All in One SEO Pro 4.9.6.2 - aioseo.com -->\n\t<meta name=\"description\" content=\"La seguente Informativa sui cookie deve essere considerata in accordo (abbinata), &quot;come un tutt&#039;uno&quot; con i Termini e le Condizioni e l&#039;Informativa sulla privacy. Queste condizioni di vendita si applicano a tutti i prodotti forniti da DROIX, con sede legale in 54C Expressway, N Woolwich Rd, Londra, E16 2AA, Regno Unito). Nel contratto stabilito, i\" \/>\n\t<meta name=\"robots\" content=\"max-image-preview:large\" \/>\n\t<link rel=\"canonical\" href=\"https:\/\/droix.eu\/it\/informativa-sui-cookie\/\" \/>\n\t<meta name=\"generator\" content=\"All in One SEO Pro (AIOSEO) 4.9.6.2\" \/>\n\t\t<meta property=\"og:locale\" content=\"it_IT\" \/>\n\t\t<meta property=\"og:site_name\" content=\"DROIX EU - Get the latest Mini PCs, Ultrabook, PC Gaming Handhelds and more!\" \/>\n\t\t<meta property=\"og:type\" content=\"article\" \/>\n\t\t<meta property=\"og:title\" content=\"Informativa sui cookie - DROIX EU\" \/>\n\t\t<meta property=\"og:description\" content=\"La seguente Informativa sui cookie deve essere considerata in accordo (abbinata), &quot;come un tutt&#039;uno&quot; con i Termini e le Condizioni e l&#039;Informativa sulla privacy. Queste condizioni di vendita si applicano a tutti i prodotti forniti da DROIX, con sede legale in 54C Expressway, N Woolwich Rd, Londra, E16 2AA, Regno Unito). Nel contratto stabilito, i\" \/>\n\t\t<meta property=\"og:url\" content=\"https:\/\/droix.eu\/it\/informativa-sui-cookie\/\" \/>\n\t\t<meta property=\"og:image\" content=\"https:\/\/droix.eu\/wp-content\/uploads\/2024\/06\/droix-v2-light-logo.png\" \/>\n\t\t<meta property=\"og:image:secure_url\" content=\"https:\/\/droix.eu\/wp-content\/uploads\/2024\/06\/droix-v2-light-logo.png\" \/>\n\t\t<meta property=\"og:image:width\" content=\"380\" \/>\n\t\t<meta property=\"og:image:height\" content=\"118\" \/>\n\t\t<meta property=\"article:published_time\" content=\"2021-12-23T11:49:46+00:00\" \/>\n\t\t<meta property=\"article:modified_time\" content=\"2025-05-06T14:56:51+00:00\" \/>\n\t\t<meta property=\"article:publisher\" content=\"https:\/\/www.facebook.com\/DroiX.Store\" \/>\n\t\t<meta name=\"twitter:card\" content=\"summary_large_image\" \/>\n\t\t<meta name=\"twitter:site\" content=\"@DroiX_Store\" \/>\n\t\t<meta name=\"twitter:title\" content=\"Informativa sui cookie - DROIX EU\" \/>\n\t\t<meta name=\"twitter:description\" content=\"La seguente Informativa sui cookie deve essere considerata in accordo (abbinata), &quot;come un tutt&#039;uno&quot; con i Termini e le Condizioni e l&#039;Informativa sulla privacy. Queste condizioni di vendita si applicano a tutti i prodotti forniti da DROIX, con sede legale in 54C Expressway, N Woolwich Rd, Londra, E16 2AA, Regno Unito). Nel contratto stabilito, i\" \/>\n\t\t<meta name=\"twitter:creator\" content=\"@DroiX_Store\" \/>\n\t\t<meta name=\"twitter:image\" content=\"https:\/\/droix.eu\/wp-content\/uploads\/2024\/06\/droix-v2-light-logo.png\" \/>\n\t\t<script type=\"application\/ld+json\" class=\"aioseo-schema\">\n\t\t\t{\"@context\":\"https:\\\/\\\/schema.org\",\"@graph\":[{\"@type\":\"BreadcrumbList\",\"@id\":\"https:\\\/\\\/droix.eu\\\/it\\\/informativa-sui-cookie\\\/#breadcrumblist\",\"itemListElement\":[{\"@type\":\"ListItem\",\"@id\":\"https:\\\/\\\/droix.eu\\\/it\\\/#listItem\",\"position\":1,\"name\":\"Home\",\"item\":\"https:\\\/\\\/droix.eu\\\/it\\\/\",\"nextItem\":{\"@type\":\"ListItem\",\"@id\":\"https:\\\/\\\/droix.eu\\\/it\\\/informativa-sui-cookie\\\/#listItem\",\"name\":\"Informativa sui cookie\"}},{\"@type\":\"ListItem\",\"@id\":\"https:\\\/\\\/droix.eu\\\/it\\\/informativa-sui-cookie\\\/#listItem\",\"position\":2,\"name\":\"Informativa sui cookie\",\"previousItem\":{\"@type\":\"ListItem\",\"@id\":\"https:\\\/\\\/droix.eu\\\/it\\\/#listItem\",\"name\":\"Home\"}}]},{\"@type\":\"Organization\",\"@id\":\"https:\\\/\\\/droix.eu\\\/it\\\/#organization\",\"name\":\"DroiX \\u2013 Trusted EU Tech Retailer with 12+ Years Experience\",\"description\":\"DroiX is a leading European technology retailer with over 12 years of experience, offering quality mini PCs, handheld gaming consoles, and tech accessories. We provide hassle-free EU delivery with all taxes included, ensuring a smooth and reliable shopping experience for our customers across Europe.\",\"url\":\"https:\\\/\\\/droix.eu\\\/it\\\/\",\"logo\":{\"@type\":\"ImageObject\",\"url\":\"https:\\\/\\\/droix.eu\\\/wp-content\\\/uploads\\\/2024\\\/06\\\/droix-v2-light-logo.png\",\"@id\":\"https:\\\/\\\/droix.eu\\\/it\\\/informativa-sui-cookie\\\/#organizationLogo\",\"width\":380,\"height\":118},\"image\":{\"@id\":\"https:\\\/\\\/droix.eu\\\/it\\\/informativa-sui-cookie\\\/#organizationLogo\"},\"sameAs\":[\"https:\\\/\\\/www.facebook.com\\\/DroiX.Store\",\"https:\\\/\\\/twitter.com\\\/DroiX_Store\",\"https:\\\/\\\/www.instagram.com\\\/droix.store\\\/\",\"https:\\\/\\\/www.tiktok.com\\\/@droix.store\",\"https:\\\/\\\/www.youtube.com\\\/c\\\/DroiX_Store\",\"https:\\\/\\\/uk.linkedin.com\\\/company\\\/droix\"]},{\"@type\":\"WebPage\",\"@id\":\"https:\\\/\\\/droix.eu\\\/it\\\/informativa-sui-cookie\\\/#webpage\",\"url\":\"https:\\\/\\\/droix.eu\\\/it\\\/informativa-sui-cookie\\\/\",\"name\":\"Informativa sui cookie - DROIX EU\",\"description\":\"La seguente Informativa sui cookie deve essere considerata in accordo (abbinata), \\\"come un tutt'uno\\\" con i Termini e le Condizioni e l'Informativa sulla privacy. Queste condizioni di vendita si applicano a tutti i prodotti forniti da DROIX, con sede legale in 54C Expressway, N Woolwich Rd, Londra, E16 2AA, Regno Unito). Nel contratto stabilito, i\",\"inLanguage\":\"it-IT\",\"isPartOf\":{\"@id\":\"https:\\\/\\\/droix.eu\\\/it\\\/#website\"},\"breadcrumb\":{\"@id\":\"https:\\\/\\\/droix.eu\\\/it\\\/informativa-sui-cookie\\\/#breadcrumblist\"},\"datePublished\":\"2021-12-23T11:49:46+00:00\",\"dateModified\":\"2025-05-06T15:56:51+01:00\"},{\"@type\":\"WebSite\",\"@id\":\"https:\\\/\\\/droix.eu\\\/it\\\/#website\",\"url\":\"https:\\\/\\\/droix.eu\\\/it\\\/\",\"name\":\"DROIX EU\",\"description\":\"Get the latest Mini PCs, Ultrabook, PC Gaming Handhelds and more!\",\"inLanguage\":\"it-IT\",\"publisher\":{\"@id\":\"https:\\\/\\\/droix.eu\\\/it\\\/#organization\"}}]}\n\t\t<\/script>\n\t\t<!-- All in One SEO Pro -->\r\n\t\t<title>Informativa sui cookie - DROIX EU<\/title>\n\n","aioseo_head_json":{"title":"Informativa sui cookie - DROIX EU","description":"La seguente Informativa sui cookie deve essere considerata in accordo (abbinata), \"come un tutt'uno\" con i Termini e le Condizioni e l'Informativa sulla privacy. Queste condizioni di vendita si applicano a tutti i prodotti forniti da DROIX, con sede legale in 54C Expressway, N Woolwich Rd, Londra, E16 2AA, Regno Unito). Nel contratto stabilito, i","canonical_url":"https:\/\/droix.eu\/it\/informativa-sui-cookie\/","robots":"max-image-preview:large","keywords":"","webmasterTools":{"miscellaneous":""},"schema":{"@context":"https:\/\/schema.org","@graph":[{"@type":"BreadcrumbList","@id":"https:\/\/droix.eu\/it\/informativa-sui-cookie\/#breadcrumblist","itemListElement":[{"@type":"ListItem","@id":"https:\/\/droix.eu\/it\/#listItem","position":1,"name":"Home","item":"https:\/\/droix.eu\/it\/","nextItem":{"@type":"ListItem","@id":"https:\/\/droix.eu\/it\/informativa-sui-cookie\/#listItem","name":"Informativa sui cookie"}},{"@type":"ListItem","@id":"https:\/\/droix.eu\/it\/informativa-sui-cookie\/#listItem","position":2,"name":"Informativa sui cookie","previousItem":{"@type":"ListItem","@id":"https:\/\/droix.eu\/it\/#listItem","name":"Home"}}]},{"@type":"Organization","@id":"https:\/\/droix.eu\/it\/#organization","name":"DroiX \u2013 Trusted EU Tech Retailer with 12+ Years Experience","description":"DroiX is a leading European technology retailer with over 12 years of experience, offering quality mini PCs, handheld gaming consoles, and tech accessories. We provide hassle-free EU delivery with all taxes included, ensuring a smooth and reliable shopping experience for our customers across Europe.","url":"https:\/\/droix.eu\/it\/","logo":{"@type":"ImageObject","url":"https:\/\/droix.eu\/wp-content\/uploads\/2024\/06\/droix-v2-light-logo.png","@id":"https:\/\/droix.eu\/it\/informativa-sui-cookie\/#organizationLogo","width":380,"height":118},"image":{"@id":"https:\/\/droix.eu\/it\/informativa-sui-cookie\/#organizationLogo"},"sameAs":["https:\/\/www.facebook.com\/DroiX.Store","https:\/\/twitter.com\/DroiX_Store","https:\/\/www.instagram.com\/droix.store\/","https:\/\/www.tiktok.com\/@droix.store","https:\/\/www.youtube.com\/c\/DroiX_Store","https:\/\/uk.linkedin.com\/company\/droix"]},{"@type":"WebPage","@id":"https:\/\/droix.eu\/it\/informativa-sui-cookie\/#webpage","url":"https:\/\/droix.eu\/it\/informativa-sui-cookie\/","name":"Informativa sui cookie - DROIX EU","description":"La seguente Informativa sui cookie deve essere considerata in accordo (abbinata), \"come un tutt'uno\" con i Termini e le Condizioni e l'Informativa sulla privacy. Queste condizioni di vendita si applicano a tutti i prodotti forniti da DROIX, con sede legale in 54C Expressway, N Woolwich Rd, Londra, E16 2AA, Regno Unito). Nel contratto stabilito, i","inLanguage":"it-IT","isPartOf":{"@id":"https:\/\/droix.eu\/it\/#website"},"breadcrumb":{"@id":"https:\/\/droix.eu\/it\/informativa-sui-cookie\/#breadcrumblist"},"datePublished":"2021-12-23T11:49:46+00:00","dateModified":"2025-05-06T15:56:51+01:00"},{"@type":"WebSite","@id":"https:\/\/droix.eu\/it\/#website","url":"https:\/\/droix.eu\/it\/","name":"DROIX EU","description":"Get the latest Mini PCs, Ultrabook, PC Gaming Handhelds and more!","inLanguage":"it-IT","publisher":{"@id":"https:\/\/droix.eu\/it\/#organization"}}]},"og:locale":"it_IT","og:site_name":"DROIX EU - Get the latest Mini PCs, Ultrabook, PC Gaming Handhelds and more!","og:type":"article","og:title":"Informativa sui cookie - DROIX EU","og:description":"La seguente Informativa sui cookie deve essere considerata in accordo (abbinata), &quot;come un tutt'uno&quot; con i Termini e le Condizioni e l'Informativa sulla privacy. Queste condizioni di vendita si applicano a tutti i prodotti forniti da DROIX, con sede legale in 54C Expressway, N Woolwich Rd, Londra, E16 2AA, Regno Unito). Nel contratto stabilito, i","og:url":"https:\/\/droix.eu\/it\/informativa-sui-cookie\/","og:image":"https:\/\/droix.eu\/wp-content\/uploads\/2024\/06\/droix-v2-light-logo.png","og:image:secure_url":"https:\/\/droix.eu\/wp-content\/uploads\/2024\/06\/droix-v2-light-logo.png","og:image:width":380,"og:image:height":118,"article:published_time":"2021-12-23T11:49:46+00:00","article:modified_time":"2025-05-06T14:56:51+00:00","article:publisher":"https:\/\/www.facebook.com\/DroiX.Store","twitter:card":"summary_large_image","twitter:site":"@DroiX_Store","twitter:title":"Informativa sui cookie - DROIX EU","twitter:description":"La seguente Informativa sui cookie deve essere considerata in accordo (abbinata), &quot;come un tutt'uno&quot; con i Termini e le Condizioni e l'Informativa sulla privacy. Queste condizioni di vendita si applicano a tutti i prodotti forniti da DROIX, con sede legale in 54C Expressway, N Woolwich Rd, Londra, E16 2AA, Regno Unito). Nel contratto stabilito, i","twitter:creator":"@DroiX_Store","twitter:image":"https:\/\/droix.eu\/wp-content\/uploads\/2024\/06\/droix-v2-light-logo.png"},"aioseo_meta_data":{"post_id":"534501","title":null,"description":null,"keywords":null,"keyphrases":null,"primary_term":null,"canonical_url":null,"og_title":null,"og_description":null,"og_object_type":"default","og_image_type":"default","og_image_url":null,"og_image_width":null,"og_image_height":null,"og_image_custom_url":null,"og_image_custom_fields":null,"og_video":null,"og_custom_url":null,"og_article_section":null,"og_article_tags":null,"twitter_use_og":true,"twitter_card":"default","twitter_image_type":"default","twitter_image_url":null,"twitter_image_custom_url":null,"twitter_image_custom_fields":null,"twitter_title":null,"twitter_description":null,"schema":{"blockGraphs":[],"customGraphs":[],"default":{"data":{"Article":[],"Course":[],"Dataset":[],"FAQPage":[],"Movie":[],"Person":[],"Product":[],"ProductReview":[],"Car":[],"Recipe":[],"Service":[],"SoftwareApplication":[],"WebPage":[]},"graphName":"","isEnabled":true},"graphs":[]},"schema_type":"default","schema_type_options":null,"pillar_content":false,"robots_default":true,"robots_noindex":false,"robots_noarchive":false,"robots_nosnippet":false,"robots_nofollow":false,"robots_noimageindex":false,"robots_noodp":false,"robots_notranslate":false,"robots_max_snippet":null,"robots_max_videopreview":null,"robots_max_imagepreview":"large","priority":null,"frequency":null,"local_seo":null,"seo_analyzer_scan_date":"2025-09-16 22:52:03","breadcrumb_settings":null,"limit_modified_date":false,"reviewed_by":null,"open_ai":null,"ai":null,"created":"2025-09-16 22:52:03","updated":"2025-11-27 00:06:40"},"aioseo_breadcrumb":"<div class=\"aioseo-breadcrumbs\"><span class=\"aioseo-breadcrumb\">\n\t<a href=\"https:\/\/droix.eu\/it\/\" title=\"Home\">Home<\/a>\n<\/span><span class=\"aioseo-breadcrumb-separator\">&raquo;<\/span><span class=\"aioseo-breadcrumb\">\n\tInformativa sui cookie\n<\/span><\/div>","aioseo_breadcrumb_json":[{"label":"Home","link":"https:\/\/droix.eu\/it\/"},{"label":"Informativa sui cookie","link":"https:\/\/droix.eu\/it\/informativa-sui-cookie\/"}],"_links":{"self":[{"href":"https:\/\/droix.eu\/it\/wp-json\/wp\/v2\/pages\/534501","targetHints":{"allow":["GET"]}}],"collection":[{"href":"https:\/\/droix.eu\/it\/wp-json\/wp\/v2\/pages"}],"about":[{"href":"https:\/\/droix.eu\/it\/wp-json\/wp\/v2\/types\/page"}],"author":[{"embeddable":true,"href":"https:\/\/droix.eu\/it\/wp-json\/wp\/v2\/users\/1"}],"replies":[{"embeddable":true,"href":"https:\/\/droix.eu\/it\/wp-json\/wp\/v2\/comments?post=534501"}],"version-history":[{"count":0,"href":"https:\/\/droix.eu\/it\/wp-json\/wp\/v2\/pages\/534501\/revisions"}],"wp:attachment":[{"href":"https:\/\/droix.eu\/it\/wp-json\/wp\/v2\/media?parent=534501"}],"curies":[{"name":"wp","href":"https:\/\/api.w.org\/{rel}","templated":true}]}}