{"id":719221,"date":"2026-04-29T12:06:42","date_gmt":"2026-04-29T11:06:42","guid":{"rendered":"https:\/\/droix.eu\/product\/gpd-box-mini-pc\/"},"modified":"2026-04-29T12:06:42","modified_gmt":"2026-04-29T11:06:42","slug":"gpd-box-mini-pc","status":"publish","type":"product","link":"https:\/\/droix.eu\/hu\/product\/gpd-box-mini-pc\/","title":{"rendered":"GPD BOX Mini PC"},"content":{"rendered":"","protected":false},"excerpt":{"rendered":"<ul>\n<li>Intel\u00ae <strong>Core\u2122 Ultra X7 358H \/ 7 356H<\/strong><\/li>\n<li>Intel\u00ae Arc\u2122 <strong>B390 \/ <\/strong> <strong>Intel\u00ae Graphics \/ <\/strong> 2500 Mhz \/ 2450 Mhz<\/li>\n<li>ak\u00e1r<strong> 64GB LPDDR5X @ 8533 MT\/s<\/strong><\/li>\n<li>ak\u00e1r<strong> 4 TB<\/strong> -os <strong>nagysebess\u00e9g\u0171 PCI-E<\/strong> 4.0 NVMe SSD<\/li>\n<li>WiFi <strong>6E \u00e9s<\/strong> Bluetooth 5 <strong>.3 t\u00e1mogat\u00e1s<\/strong> <\/li>\n<\/ul>\n[cg_accordion title=\"2 \u00e9v garancia minden GPD term\u00e9kre\"]<\/p>\n<p>Minden GPD term\u00e9kre 2 \u00e9v garanci\u00e1t v\u00e1llalunk, \u00e9s t\u00f6bb mint 13 \u00e9ves megb\u00edzhat\u00f3 szolg\u00e1ltat\u00e1ssal rendelkez\u00fcnk. Csatlakozzon a t\u00f6bb mint 500.000 el\u00e9gedett v\u00e1s\u00e1rl\u00f3b\u00f3l \u00e1ll\u00f3 k\u00f6z\u00f6ss\u00e9g\u00fcnkh\u00f6z, \u00e9s b\u00edzzon a v\u00e1s\u00e1rl\u00e1s\u00e1ban. [\/cg_accordion]\n[cg_accordion title=\"Min\u0151s\u00e9gbiztos\u00edt\u00e1s \u00e9s sz\u00e1ll\u00edt\u00e1s el\u0151tti tesztel\u00e9s\"]<\/p>\n<p>A legmagasabb sz\u00ednvonal\u00fa \u00fcgyf\u00e9l-el\u00e9gedetts\u00e9g biztos\u00edt\u00e1sa: Minden k\u00e9sz\u00fcl\u00e9ket szigor\u00fa tesztel\u00e9snek \u00e9s t\u00f6bbpontos min\u0151s\u00e9gbiztos\u00edt\u00e1si ellen\u0151rz\u00e9snek vetnek al\u00e1, miel\u0151tt kisz\u00e1ll\u00edt\u00e1sra ker\u00fcl. Elk\u00f6telezett csapatunk ellen\u0151rzi a teljes\u00edtm\u00e9nyt, a funkcionalit\u00e1st \u00e9s az alkatr\u00e9szek \u00e9ps\u00e9g\u00e9t, hogy garant\u00e1ljuk, hogy a GPD k\u00e9sz\u00fcl\u00e9k meg\u00e9rkez\u00e9sekor t\u00f6k\u00e9letes m\u0171k\u00f6d\u00e9si \u00e1llapotban van, \u00edgy biztos\u00edtva \u00d6nnek a bizalmat \u00e9s a nyugalmat. [\/cg_accordion]\n[cg_accordion title=\"Rugalmas \u00e9s biztons\u00e1gos fizet\u00e9si lehet\u0151s\u00e9gek\"]<\/p>\n<p>\u00c9lvezze a nyugalmat biztons\u00e1gos p\u00e9nzt\u00e1rrendszer\u00fcnkkel. T\u00e1mogatjuk az \u00f6sszes f\u0151bb fizet\u00e9si m\u00f3dot, bele\u00e9rtve a bet\u00e9ti\/hitelk\u00e1rty\u00e1kat, a PayPal-t, az Apple Pay-t, a Google Pay-t, a Klarna-t, az Afterpay-t \u00e9s az Affirmot &#8211; \u00edgy \u00d6n szabadon fizethet, ak\u00e1r el\u0151re, ak\u00e1r egyszer\u0171 r\u00e9szletekben. [\/cg_accordion]\n[cg_accordion title=\"Ad\u00f3k\"]<\/p>\n<p>Az \u00e1rak tartalmazz\u00e1k az alkalmazand\u00f3 \u00c1FA-t, amely orsz\u00e1gt\u00f3l f\u00fcgg\u0151en ak\u00e1r 25% is lehet. A pontos \u00f6sszeget a teljes \u00e1tl\u00e1that\u00f3s\u00e1g \u00e9rdek\u00e9ben a fizet\u00e9s sor\u00e1n felt\u00fcntetj\u00fck. [\/cg_accordion]\n[cg_accordion title=\"Sz\u00e1ll\u00edt\u00e1s \u00e9s visszak\u00fcld\u00e9s\"]<\/p>\n<p>T\u00f6bb mint 10 megb\u00edzhat\u00f3 sz\u00e1ll\u00edt\u00e1si partnerrel dolgozunk egy\u00fctt, hogy megrendel\u00e9se gyorsan, biztons\u00e1gosan \u00e9s megb\u00edzhat\u00f3an \u00e9rkezzen meg.<\/p>\n<p>Expressz DDP (Delivered Duty Paid) sz\u00e1ll\u00edt\u00e1st haszn\u00e1lunk. Ez azt jelenti, hogy: <\/p>\n<li>A felt\u00fcntetett term\u00e9k\u00e1r m\u00e1r tartalmazza az \u00f6sszes v\u00e1mot \u00e9s ad\u00f3t.<\/li>\n<li>A sz\u00e1ll\u00edt\u00e1skor nem kell semmilyen meglepet\u00e9sszer\u0171 k\u00f6lts\u00e9ggel szemben\u00e9znie.<\/li>\n<li>Ritka esetben, ha a v\u00e1mkezel\u00e9s k\u00e9sik, csapatunk a z\u00f6kken\u0151mentes sz\u00e1ll\u00edt\u00e1s biztos\u00edt\u00e1sa \u00e9rdek\u00e9ben kezeli az \u00d6n sz\u00e1m\u00e1ra a v\u00e1mkezel\u00e9si folyamatot.<\/li>\n<p>Fontos inform\u00e1ci\u00f3k a visszak\u00fcld\u00e9sr\u0151l:<\/p>\n<li>Ha visszak\u00fcldi megrendel\u00e9s\u00e9t vagy visszat\u00e9r\u00edt\u00e9st k\u00e9r, k\u00e9rj\u00fck, vegye figyelembe, hogy az \u00d6n nev\u00e9ben a DDP felt\u00e9telei szerint kifizetett ad\u00f3k \u00e9s v\u00e1mok nem t\u00e9r\u00edthet\u0151k vissza.<\/li>\n<p>R\u00e9szletes inform\u00e1ci\u00f3k\u00e9rt k\u00e9rj\u00fck, olvassa el a <a href=\"https:\/\/droix.eu\/terms-and-conditions\/\" target=\"_blank\" rel=\"nofollow noopener\">Felhaszn\u00e1l\u00e1si Felt\u00e9teleinket<\/a>.\n<\/ul>\n<p>[\/cg_accordion]\n[cg_accordion title=\"\u00dcgyf\u00e9lszolg\u00e1lat\"]<\/p>\n<p>K\u00e9rd\u00e9se van? Egy r\u00f6vid sz\u00f6veges \u00fczenetben megoldjuk a probl\u00e9m\u00e1j\u00e1t! [\/cg_accordion]\n[cg_accordion title=\"A csomag tartalmazza\"]<\/p>\n<ul>\n<li>1x GPD BOX Mini PC<\/li>\n<li>1x f\u00fcgg\u0151leges \u00e1llv\u00e1ny (b\u00e1zis)<\/li>\n<li>1x t\u00e1pk\u00e1bel<\/li>\n<li>1x Felhaszn\u00e1l\u00f3i k\u00e9zik\u00f6nyv<\/li>\n<\/ul>\n<p>[\/cg_accordion]\n","protected":false},"featured_media":718317,"template":"","meta":{"_acf_changed":false},"product_brand":[],"product_cat":[35425,35423],"product_tag":[],"woo-feed-brand":[2198],"key-features":[],"class_list":{"0":"post-719221","1":"product","2":"type-product","3":"status-publish","4":"has-post-thumbnail","6":"product_cat-intel-mini-pc-k","7":"product_cat-mini-pc-k","8":"product_shipping_class-premium","9":"woo-feed-brand-gpd","11":"first","12":"outofstock","13":"taxable","14":"shipping-taxable","15":"purchasable","16":"product-type-simple"},"acf":[],"aioseo_notices":[],"aioseo_head":"\n\t\t<!-- All in One SEO Pro 4.9.6.2 - aioseo.com -->\n\t<meta name=\"description\" content=\"Tapasztalja meg a GPD Box Mini PC-t. V\u00e1lasszon a Core Ultra X7 358H vagy 7 356H processzorok k\u00f6z\u00fcl. A PCIe 5.0 \u00e9s az MCIO 8i seg\u00edts\u00e9g\u00e9vel ez a 2026-os mesters\u00e9ges intelligencia munka\u00e1llom\u00e1s.\" \/>\n\t<meta name=\"robots\" content=\"max-image-preview:large\" \/>\n\t<link rel=\"canonical\" href=\"https:\/\/droix.eu\/hu\/product\/gpd-box-mini-pc\/\" \/>\n\t<meta name=\"generator\" content=\"All in One SEO Pro (AIOSEO) 4.9.6.2\" \/>\n\t\t<meta property=\"og:locale\" content=\"hu_HU\" \/>\n\t\t<meta property=\"og:site_name\" content=\"DROIX EU - Get the latest Mini PCs, Ultrabook, PC Gaming Handhelds and more!\" \/>\n\t\t<meta property=\"og:type\" content=\"article\" \/>\n\t\t<meta property=\"og:title\" content=\"GPD Box Mini PC - Intel Core Ultra X7 358H &amp; 7 356H AI NUC \ud83d\ude80 \ud83d\ude80\" \/>\n\t\t<meta property=\"og:description\" content=\"Tapasztalja meg a GPD Box Mini PC-t. V\u00e1lasszon a Core Ultra X7 358H vagy 7 356H processzorok k\u00f6z\u00fcl. A PCIe 5.0 \u00e9s az MCIO 8i seg\u00edts\u00e9g\u00e9vel ez a 2026-os mesters\u00e9ges intelligencia munka\u00e1llom\u00e1s.\" \/>\n\t\t<meta property=\"og:url\" content=\"https:\/\/droix.eu\/hu\/product\/gpd-box-mini-pc\/\" \/>\n\t\t<meta property=\"og:image\" content=\"https:\/\/droix.eu\/wp-content\/uploads\/2024\/06\/droix-v2-light-logo.png\" \/>\n\t\t<meta property=\"og:image:secure_url\" content=\"https:\/\/droix.eu\/wp-content\/uploads\/2024\/06\/droix-v2-light-logo.png\" \/>\n\t\t<meta property=\"og:image:width\" content=\"380\" \/>\n\t\t<meta property=\"og:image:height\" content=\"118\" \/>\n\t\t<meta property=\"article:published_time\" content=\"2026-04-29T11:06:42+00:00\" \/>\n\t\t<meta property=\"article:modified_time\" content=\"2026-04-29T11:06:42+00:00\" \/>\n\t\t<meta property=\"article:publisher\" content=\"https:\/\/www.facebook.com\/DroiX.Store\" \/>\n\t\t<meta name=\"twitter:card\" content=\"summary_large_image\" \/>\n\t\t<meta name=\"twitter:site\" content=\"@DroiX_Store\" \/>\n\t\t<meta name=\"twitter:title\" content=\"GPD Box Mini PC - Intel Core Ultra X7 358H &amp; 7 356H AI NUC \ud83d\ude80 \ud83d\ude80\" \/>\n\t\t<meta name=\"twitter:description\" content=\"Tapasztalja meg a GPD Box Mini PC-t. V\u00e1lasszon a Core Ultra X7 358H vagy 7 356H processzorok k\u00f6z\u00fcl. A PCIe 5.0 \u00e9s az MCIO 8i seg\u00edts\u00e9g\u00e9vel ez a 2026-os mesters\u00e9ges intelligencia munka\u00e1llom\u00e1s.\" \/>\n\t\t<meta name=\"twitter:image\" content=\"https:\/\/droix.eu\/wp-content\/uploads\/2024\/06\/droix-v2-light-logo.png\" \/>\n\t\t<script type=\"application\/ld+json\" class=\"aioseo-schema\">\n\t\t\t{\"@context\":\"https:\\\/\\\/schema.org\",\"@graph\":[{\"@type\":\"BreadcrumbList\",\"@id\":\"https:\\\/\\\/droix.eu\\\/hu\\\/product\\\/gpd-box-mini-pc\\\/#breadcrumblist\",\"itemListElement\":[{\"@type\":\"ListItem\",\"@id\":\"https:\\\/\\\/droix.eu\\\/hu\\\/#listItem\",\"position\":1,\"name\":\"Home\",\"item\":\"https:\\\/\\\/droix.eu\\\/hu\\\/\",\"nextItem\":{\"@type\":\"ListItem\",\"@id\":\"https:\\\/\\\/droix.eu\\\/hu\\\/product-category\\\/mini-pc-k\\\/#listItem\",\"name\":\"Mini PC-k\"}},{\"@type\":\"ListItem\",\"@id\":\"https:\\\/\\\/droix.eu\\\/hu\\\/product-category\\\/mini-pc-k\\\/#listItem\",\"position\":2,\"name\":\"Mini PC-k\",\"item\":\"https:\\\/\\\/droix.eu\\\/hu\\\/product-category\\\/mini-pc-k\\\/\",\"nextItem\":{\"@type\":\"ListItem\",\"@id\":\"https:\\\/\\\/droix.eu\\\/hu\\\/product-category\\\/mini-pc-k\\\/intel-mini-pc-k\\\/#listItem\",\"name\":\"Intel Mini PC-k\"},\"previousItem\":{\"@type\":\"ListItem\",\"@id\":\"https:\\\/\\\/droix.eu\\\/hu\\\/#listItem\",\"name\":\"Home\"}},{\"@type\":\"ListItem\",\"@id\":\"https:\\\/\\\/droix.eu\\\/hu\\\/product-category\\\/mini-pc-k\\\/intel-mini-pc-k\\\/#listItem\",\"position\":3,\"name\":\"Intel Mini PC-k\",\"item\":\"https:\\\/\\\/droix.eu\\\/hu\\\/product-category\\\/mini-pc-k\\\/intel-mini-pc-k\\\/\",\"nextItem\":{\"@type\":\"ListItem\",\"@id\":\"https:\\\/\\\/droix.eu\\\/hu\\\/product\\\/gpd-box-mini-pc\\\/#listItem\",\"name\":\"GPD BOX Mini PC\"},\"previousItem\":{\"@type\":\"ListItem\",\"@id\":\"https:\\\/\\\/droix.eu\\\/hu\\\/product-category\\\/mini-pc-k\\\/#listItem\",\"name\":\"Mini PC-k\"}},{\"@type\":\"ListItem\",\"@id\":\"https:\\\/\\\/droix.eu\\\/hu\\\/product\\\/gpd-box-mini-pc\\\/#listItem\",\"position\":4,\"name\":\"GPD BOX Mini PC\",\"previousItem\":{\"@type\":\"ListItem\",\"@id\":\"https:\\\/\\\/droix.eu\\\/hu\\\/product-category\\\/mini-pc-k\\\/intel-mini-pc-k\\\/#listItem\",\"name\":\"Intel Mini PC-k\"}}]},{\"@type\":\"Organization\",\"@id\":\"https:\\\/\\\/droix.eu\\\/hu\\\/#organization\",\"name\":\"DroiX \\u2013 Trusted EU Tech Retailer with 12+ Years Experience\",\"description\":\"DroiX is a leading European technology retailer with over 12 years of experience, offering quality mini PCs, handheld gaming consoles, and tech accessories. We provide hassle-free EU delivery with all taxes included, ensuring a smooth and reliable shopping experience for our customers across Europe.\",\"url\":\"https:\\\/\\\/droix.eu\\\/hu\\\/\",\"logo\":{\"@type\":\"ImageObject\",\"url\":\"https:\\\/\\\/droix.eu\\\/wp-content\\\/uploads\\\/2024\\\/06\\\/droix-v2-light-logo.png\",\"@id\":\"https:\\\/\\\/droix.eu\\\/hu\\\/product\\\/gpd-box-mini-pc\\\/#organizationLogo\",\"width\":380,\"height\":118},\"image\":{\"@id\":\"https:\\\/\\\/droix.eu\\\/hu\\\/product\\\/gpd-box-mini-pc\\\/#organizationLogo\"},\"sameAs\":[\"https:\\\/\\\/www.facebook.com\\\/DroiX.Store\",\"https:\\\/\\\/twitter.com\\\/DroiX_Store\",\"https:\\\/\\\/www.instagram.com\\\/droix.store\\\/\",\"https:\\\/\\\/www.tiktok.com\\\/@droix.store\",\"https:\\\/\\\/www.youtube.com\\\/c\\\/DroiX_Store\",\"https:\\\/\\\/uk.linkedin.com\\\/company\\\/droix\"]},{\"@type\":\"Product\",\"@id\":\"https:\\\/\\\/droix.eu\\\/hu\\\/product\\\/gpd-box-mini-pc\\\/#wooCommerceProduct\",\"name\":\"GPD BOX Mini PC\",\"description\":\"Intel\\u00ae Core\\u2122 Ultra X7 358H \\\/ 7 356H\\nIntel\\u00ae Arc\\u2122 B390 \\\/  Intel\\u00ae Graphics \\\/  2500 Mhz \\\/ 2450 Mhz\\nak\\u00e1r 64GB LPDDR5X @ 8533 MT\\\/s\\nak\\u00e1r 4 TB -os nagysebess\\u00e9g\\u0171 PCI-E 4.0 NVMe SSD\\nWiFi 6E \\u00e9s Bluetooth 5 .3 t\\u00e1mogat\\u00e1s\",\"url\":\"https:\\\/\\\/droix.eu\\\/hu\\\/product\\\/gpd-box-mini-pc\\\/\",\"image\":{\"@type\":\"ImageObject\",\"url\":\"https:\\\/\\\/droix.eu\\\/wp-content\\\/uploads\\\/2026\\\/04\\\/GPD-BOX-LISTING-DONE-01.png\",\"@id\":\"https:\\\/\\\/droix.eu\\\/hu\\\/product\\\/gpd-box-mini-pc\\\/#productImage\",\"width\":1500,\"height\":1500},\"offers\":{\"@type\":\"Offer\",\"url\":\"https:\\\/\\\/droix.eu\\\/hu\\\/product\\\/gpd-box-mini-pc\\\/#wooCommerceOffer\",\"price\":0,\"priceCurrency\":\"EUR\",\"category\":\"Intel Mini PC-k\",\"availability\":\"https:\\\/\\\/schema.org\\\/OutOfStock\",\"seller\":{\"@type\":\"Organization\",\"@id\":\"https:\\\/\\\/droix.eu\\\/hu\\\/#organization\"}}},{\"@type\":\"WebPage\",\"@id\":\"https:\\\/\\\/droix.eu\\\/hu\\\/product\\\/gpd-box-mini-pc\\\/#webpage\",\"url\":\"https:\\\/\\\/droix.eu\\\/hu\\\/product\\\/gpd-box-mini-pc\\\/\",\"name\":\"GPD Box Mini PC - Intel Core Ultra X7 358H & 7 356H AI NUC \\ud83d\\ude80 \\ud83d\\ude80\",\"description\":\"Tapasztalja meg a GPD Box Mini PC-t. V\\u00e1lasszon a Core Ultra X7 358H vagy 7 356H processzorok k\\u00f6z\\u00fcl. A PCIe 5.0 \\u00e9s az MCIO 8i seg\\u00edts\\u00e9g\\u00e9vel ez a 2026-os mesters\\u00e9ges intelligencia munka\\u00e1llom\\u00e1s.\",\"inLanguage\":\"hu-HU\",\"isPartOf\":{\"@id\":\"https:\\\/\\\/droix.eu\\\/hu\\\/#website\"},\"breadcrumb\":{\"@id\":\"https:\\\/\\\/droix.eu\\\/hu\\\/product\\\/gpd-box-mini-pc\\\/#breadcrumblist\"},\"image\":{\"@type\":\"ImageObject\",\"url\":\"https:\\\/\\\/droix.eu\\\/wp-content\\\/uploads\\\/2026\\\/04\\\/GPD-BOX-LISTING-DONE-01.png\",\"@id\":\"https:\\\/\\\/droix.eu\\\/hu\\\/product\\\/gpd-box-mini-pc\\\/#mainImage\",\"width\":1500,\"height\":1500},\"primaryImageOfPage\":{\"@id\":\"https:\\\/\\\/droix.eu\\\/hu\\\/product\\\/gpd-box-mini-pc\\\/#mainImage\"},\"datePublished\":\"2026-04-29T12:06:42+01:00\",\"dateModified\":\"2026-04-29T12:06:42+01:00\"},{\"@type\":\"WebSite\",\"@id\":\"https:\\\/\\\/droix.eu\\\/hu\\\/#website\",\"url\":\"https:\\\/\\\/droix.eu\\\/hu\\\/\",\"name\":\"DROIX EU\",\"description\":\"Get the latest Mini PCs, Ultrabook, PC Gaming Handhelds and more!\",\"inLanguage\":\"hu-HU\",\"publisher\":{\"@id\":\"https:\\\/\\\/droix.eu\\\/hu\\\/#organization\"}}]}\n\t\t<\/script>\n\t\t<!-- All in One SEO Pro -->\r\n\t\t<title>GPD Box Mini PC - Intel Core Ultra X7 358H &amp; 7 356H AI NUC \ud83d\ude80 \ud83d\ude80<\/title>\n\n","aioseo_head_json":{"title":"GPD Box Mini PC - Intel Core Ultra X7 358H & 7 356H AI NUC \ud83d\ude80 \ud83d\ude80","description":"Tapasztalja meg a GPD Box Mini PC-t. V\u00e1lasszon a Core Ultra X7 358H vagy 7 356H processzorok k\u00f6z\u00fcl. A PCIe 5.0 \u00e9s az MCIO 8i seg\u00edts\u00e9g\u00e9vel ez a 2026-os mesters\u00e9ges intelligencia munka\u00e1llom\u00e1s.","canonical_url":"https:\/\/droix.eu\/hu\/product\/gpd-box-mini-pc\/","robots":"max-image-preview:large","keywords":"","webmasterTools":{"miscellaneous":""},"schema":{"@context":"https:\/\/schema.org","@graph":[{"@type":"BreadcrumbList","@id":"https:\/\/droix.eu\/hu\/product\/gpd-box-mini-pc\/#breadcrumblist","itemListElement":[{"@type":"ListItem","@id":"https:\/\/droix.eu\/hu\/#listItem","position":1,"name":"Home","item":"https:\/\/droix.eu\/hu\/","nextItem":{"@type":"ListItem","@id":"https:\/\/droix.eu\/hu\/product-category\/mini-pc-k\/#listItem","name":"Mini PC-k"}},{"@type":"ListItem","@id":"https:\/\/droix.eu\/hu\/product-category\/mini-pc-k\/#listItem","position":2,"name":"Mini PC-k","item":"https:\/\/droix.eu\/hu\/product-category\/mini-pc-k\/","nextItem":{"@type":"ListItem","@id":"https:\/\/droix.eu\/hu\/product-category\/mini-pc-k\/intel-mini-pc-k\/#listItem","name":"Intel Mini PC-k"},"previousItem":{"@type":"ListItem","@id":"https:\/\/droix.eu\/hu\/#listItem","name":"Home"}},{"@type":"ListItem","@id":"https:\/\/droix.eu\/hu\/product-category\/mini-pc-k\/intel-mini-pc-k\/#listItem","position":3,"name":"Intel Mini PC-k","item":"https:\/\/droix.eu\/hu\/product-category\/mini-pc-k\/intel-mini-pc-k\/","nextItem":{"@type":"ListItem","@id":"https:\/\/droix.eu\/hu\/product\/gpd-box-mini-pc\/#listItem","name":"GPD BOX Mini PC"},"previousItem":{"@type":"ListItem","@id":"https:\/\/droix.eu\/hu\/product-category\/mini-pc-k\/#listItem","name":"Mini PC-k"}},{"@type":"ListItem","@id":"https:\/\/droix.eu\/hu\/product\/gpd-box-mini-pc\/#listItem","position":4,"name":"GPD BOX Mini PC","previousItem":{"@type":"ListItem","@id":"https:\/\/droix.eu\/hu\/product-category\/mini-pc-k\/intel-mini-pc-k\/#listItem","name":"Intel Mini PC-k"}}]},{"@type":"Organization","@id":"https:\/\/droix.eu\/hu\/#organization","name":"DroiX \u2013 Trusted EU Tech Retailer with 12+ Years Experience","description":"DroiX is a leading European technology retailer with over 12 years of experience, offering quality mini PCs, handheld gaming consoles, and tech accessories. We provide hassle-free EU delivery with all taxes included, ensuring a smooth and reliable shopping experience for our customers across Europe.","url":"https:\/\/droix.eu\/hu\/","logo":{"@type":"ImageObject","url":"https:\/\/droix.eu\/wp-content\/uploads\/2024\/06\/droix-v2-light-logo.png","@id":"https:\/\/droix.eu\/hu\/product\/gpd-box-mini-pc\/#organizationLogo","width":380,"height":118},"image":{"@id":"https:\/\/droix.eu\/hu\/product\/gpd-box-mini-pc\/#organizationLogo"},"sameAs":["https:\/\/www.facebook.com\/DroiX.Store","https:\/\/twitter.com\/DroiX_Store","https:\/\/www.instagram.com\/droix.store\/","https:\/\/www.tiktok.com\/@droix.store","https:\/\/www.youtube.com\/c\/DroiX_Store","https:\/\/uk.linkedin.com\/company\/droix"]},{"@type":"Product","@id":"https:\/\/droix.eu\/hu\/product\/gpd-box-mini-pc\/#wooCommerceProduct","name":"GPD BOX Mini PC","description":"Intel\u00ae Core\u2122 Ultra X7 358H \/ 7 356H\nIntel\u00ae Arc\u2122 B390 \/  Intel\u00ae Graphics \/  2500 Mhz \/ 2450 Mhz\nak\u00e1r 64GB LPDDR5X @ 8533 MT\/s\nak\u00e1r 4 TB -os nagysebess\u00e9g\u0171 PCI-E 4.0 NVMe SSD\nWiFi 6E \u00e9s Bluetooth 5 .3 t\u00e1mogat\u00e1s","url":"https:\/\/droix.eu\/hu\/product\/gpd-box-mini-pc\/","image":{"@type":"ImageObject","url":"https:\/\/droix.eu\/wp-content\/uploads\/2026\/04\/GPD-BOX-LISTING-DONE-01.png","@id":"https:\/\/droix.eu\/hu\/product\/gpd-box-mini-pc\/#productImage","width":1500,"height":1500},"offers":{"@type":"Offer","url":"https:\/\/droix.eu\/hu\/product\/gpd-box-mini-pc\/#wooCommerceOffer","price":0,"priceCurrency":"EUR","category":"Intel Mini PC-k","availability":"https:\/\/schema.org\/OutOfStock","seller":{"@type":"Organization","@id":"https:\/\/droix.eu\/hu\/#organization"}}},{"@type":"WebPage","@id":"https:\/\/droix.eu\/hu\/product\/gpd-box-mini-pc\/#webpage","url":"https:\/\/droix.eu\/hu\/product\/gpd-box-mini-pc\/","name":"GPD Box Mini PC - Intel Core Ultra X7 358H & 7 356H AI NUC \ud83d\ude80 \ud83d\ude80","description":"Tapasztalja meg a GPD Box Mini PC-t. V\u00e1lasszon a Core Ultra X7 358H vagy 7 356H processzorok k\u00f6z\u00fcl. A PCIe 5.0 \u00e9s az MCIO 8i seg\u00edts\u00e9g\u00e9vel ez a 2026-os mesters\u00e9ges intelligencia munka\u00e1llom\u00e1s.","inLanguage":"hu-HU","isPartOf":{"@id":"https:\/\/droix.eu\/hu\/#website"},"breadcrumb":{"@id":"https:\/\/droix.eu\/hu\/product\/gpd-box-mini-pc\/#breadcrumblist"},"image":{"@type":"ImageObject","url":"https:\/\/droix.eu\/wp-content\/uploads\/2026\/04\/GPD-BOX-LISTING-DONE-01.png","@id":"https:\/\/droix.eu\/hu\/product\/gpd-box-mini-pc\/#mainImage","width":1500,"height":1500},"primaryImageOfPage":{"@id":"https:\/\/droix.eu\/hu\/product\/gpd-box-mini-pc\/#mainImage"},"datePublished":"2026-04-29T12:06:42+01:00","dateModified":"2026-04-29T12:06:42+01:00"},{"@type":"WebSite","@id":"https:\/\/droix.eu\/hu\/#website","url":"https:\/\/droix.eu\/hu\/","name":"DROIX EU","description":"Get the latest Mini PCs, Ultrabook, PC Gaming Handhelds and more!","inLanguage":"hu-HU","publisher":{"@id":"https:\/\/droix.eu\/hu\/#organization"}}]},"og:locale":"hu_HU","og:site_name":"DROIX EU - Get the latest Mini PCs, Ultrabook, PC Gaming Handhelds and more!","og:type":"article","og:title":"GPD Box Mini PC - Intel Core Ultra X7 358H &amp; 7 356H AI NUC \ud83d\ude80 \ud83d\ude80","og:description":"Tapasztalja meg a GPD Box Mini PC-t. V\u00e1lasszon a Core Ultra X7 358H vagy 7 356H processzorok k\u00f6z\u00fcl. A PCIe 5.0 \u00e9s az MCIO 8i seg\u00edts\u00e9g\u00e9vel ez a 2026-os mesters\u00e9ges intelligencia munka\u00e1llom\u00e1s.","og:url":"https:\/\/droix.eu\/hu\/product\/gpd-box-mini-pc\/","og:image":"https:\/\/droix.eu\/wp-content\/uploads\/2024\/06\/droix-v2-light-logo.png","og:image:secure_url":"https:\/\/droix.eu\/wp-content\/uploads\/2024\/06\/droix-v2-light-logo.png","og:image:width":380,"og:image:height":118,"article:published_time":"2026-04-29T11:06:42+00:00","article:modified_time":"2026-04-29T11:06:42+00:00","article:publisher":"https:\/\/www.facebook.com\/DroiX.Store","twitter:card":"summary_large_image","twitter:site":"@DroiX_Store","twitter:title":"GPD Box Mini PC - Intel Core Ultra X7 358H &amp; 7 356H AI NUC \ud83d\ude80 \ud83d\ude80","twitter:description":"Tapasztalja meg a GPD Box Mini PC-t. V\u00e1lasszon a Core Ultra X7 358H vagy 7 356H processzorok k\u00f6z\u00fcl. A PCIe 5.0 \u00e9s az MCIO 8i seg\u00edts\u00e9g\u00e9vel ez a 2026-os mesters\u00e9ges intelligencia munka\u00e1llom\u00e1s.","twitter:image":"https:\/\/droix.eu\/wp-content\/uploads\/2024\/06\/droix-v2-light-logo.png"},"aioseo_meta_data":{"post_id":"719221","title":"GPD Box Mini PC - Intel Core Ultra X7 358H &amp; 7 356H AI NUC \ud83d\ude80 \ud83d\ude80","description":"Tapasztalja meg a GPD Box Mini PC-t. V\u00e1lasszon a Core Ultra X7 358H vagy 7 356H processzorok k\u00f6z\u00fcl. A PCIe 5.0 \u00e9s az MCIO 8i seg\u00edts\u00e9g\u00e9vel ez a 2026-os mesters\u00e9ges intelligencia munka\u00e1llom\u00e1s.  ","keywords":null,"keyphrases":{"focus":{"keyphrase":"","score":0,"analysis":{"keyphraseInTitle":{"score":0,"maxScore":9,"error":1}}},"additional":[]},"primary_term":{"product_cat":63},"canonical_url":null,"og_title":null,"og_description":null,"og_object_type":"default","og_image_type":"default","og_image_url":null,"og_image_width":null,"og_image_height":null,"og_image_custom_url":null,"og_image_custom_fields":null,"og_video":"","og_custom_url":null,"og_article_section":null,"og_article_tags":null,"twitter_use_og":true,"twitter_card":"default","twitter_image_type":"default","twitter_image_url":null,"twitter_image_custom_url":null,"twitter_image_custom_fields":null,"twitter_title":null,"twitter_description":null,"schema":{"blockGraphs":[],"customGraphs":[],"default":{"data":{"Article":[],"Course":[],"Dataset":[],"FAQPage":[],"Movie":[],"Person":[],"Product":[],"ProductReview":[],"Car":[],"Recipe":[],"Service":[],"SoftwareApplication":[],"WebPage":[]},"graphName":"Product","isEnabled":true},"graphs":[]},"schema_type":"default","schema_type_options":null,"pillar_content":false,"robots_default":true,"robots_noindex":false,"robots_noarchive":false,"robots_nosnippet":false,"robots_nofollow":false,"robots_noimageindex":false,"robots_noodp":false,"robots_notranslate":false,"robots_max_snippet":"-1","robots_max_videopreview":"-1","robots_max_imagepreview":"large","priority":null,"frequency":"default","local_seo":null,"seo_analyzer_scan_date":null,"breadcrumb_settings":null,"limit_modified_date":false,"reviewed_by":null,"open_ai":null,"ai":{"faqs":[],"keyPoints":[],"schemas":[],"titles":[],"descriptions":[],"socialPosts":{"email":[],"linkedin":[],"twitter":[],"facebook":[],"instagram":[]}},"created":"2026-05-07 08:59:01","updated":"2026-05-07 08:59:05"},"aioseo_breadcrumb":"<div class=\"aioseo-breadcrumbs\"><span class=\"aioseo-breadcrumb\">\n\t<a href=\"https:\/\/droix.eu\/hu\/\" title=\"Home\">Home<\/a>\n<\/span><span class=\"aioseo-breadcrumb-separator\">&raquo;<\/span><span class=\"aioseo-breadcrumb\">\n\t<a href=\"https:\/\/droix.eu\/hu\/product-category\/mini-pc-k\/\" title=\"Mini PC-k\">Mini PC-k<\/a>\n<\/span><span class=\"aioseo-breadcrumb-separator\">&raquo;<\/span><span class=\"aioseo-breadcrumb\">\n\t<a href=\"https:\/\/droix.eu\/hu\/product-category\/mini-pc-k\/intel-mini-pc-k\/\" title=\"Intel Mini PC-k\">Intel Mini PC-k<\/a>\n<\/span><span class=\"aioseo-breadcrumb-separator\">&raquo;<\/span><span class=\"aioseo-breadcrumb\">\n\tGPD BOX Mini PC\n<\/span><\/div>","aioseo_breadcrumb_json":[{"label":"Home","link":"https:\/\/droix.eu\/hu\/"},{"label":"Mini PC-k","link":"https:\/\/droix.eu\/hu\/product-category\/mini-pc-k\/"},{"label":"Intel Mini PC-k","link":"https:\/\/droix.eu\/hu\/product-category\/mini-pc-k\/intel-mini-pc-k\/"},{"label":"GPD BOX Mini PC","link":"https:\/\/droix.eu\/hu\/product\/gpd-box-mini-pc\/"}],"_links":{"self":[{"href":"https:\/\/droix.eu\/hu\/wp-json\/wp\/v2\/product\/719221","targetHints":{"allow":["GET"]}}],"collection":[{"href":"https:\/\/droix.eu\/hu\/wp-json\/wp\/v2\/product"}],"about":[{"href":"https:\/\/droix.eu\/hu\/wp-json\/wp\/v2\/types\/product"}],"version-history":[{"count":0,"href":"https:\/\/droix.eu\/hu\/wp-json\/wp\/v2\/product\/719221\/revisions"}],"wp:featuredmedia":[{"embeddable":true,"href":"https:\/\/droix.eu\/hu\/wp-json\/wp\/v2\/media\/718317"}],"wp:attachment":[{"href":"https:\/\/droix.eu\/hu\/wp-json\/wp\/v2\/media?parent=719221"}],"wp:term":[{"taxonomy":"product_brand","embeddable":true,"href":"https:\/\/droix.eu\/hu\/wp-json\/wp\/v2\/product_brand?post=719221"},{"taxonomy":"product_cat","embeddable":true,"href":"https:\/\/droix.eu\/hu\/wp-json\/wp\/v2\/product_cat?post=719221"},{"taxonomy":"product_tag","embeddable":true,"href":"https:\/\/droix.eu\/hu\/wp-json\/wp\/v2\/product_tag?post=719221"},{"taxonomy":"woo-feed-brand","embeddable":true,"href":"https:\/\/droix.eu\/hu\/wp-json\/wp\/v2\/woo-feed-brand?post=719221"},{"taxonomy":"key-features","embeddable":true,"href":"https:\/\/droix.eu\/hu\/wp-json\/wp\/v2\/key-features?post=719221"}],"curies":[{"name":"wp","href":"https:\/\/api.w.org\/{rel}","templated":true}]}}