{"id":707032,"date":"2026-02-10T11:27:40","date_gmt":"2026-02-10T11:27:40","guid":{"rendered":"https:\/\/droix.eu\/product\/onexplayer-apex-akkumulator\/"},"modified":"2026-02-12T10:11:50","modified_gmt":"2026-02-12T10:11:50","slug":"onexplayer-apex-akkumulator","status":"publish","type":"product","link":"https:\/\/droix.eu\/hu\/product\/onexplayer-apex-akkumulator\/","title":{"rendered":"ONEXPLAYER APEX akkumul\u00e1tor"},"content":{"rendered":"\n<h2 class=\"wp-block-heading\">ONEXPLAYER Apex akkumul\u00e1tor: 85Wh cser\u00e9lhet\u0151 t\u00e1pegys\u00e9ggel: Emelje j\u00e1t\u00e9k\u00e9lm\u00e9ny\u00e9t a 85Wh-s cser\u00e9lhet\u0151 t\u00e1pegys\u00e9ggel<\/h2>\n\n<p id=\"p-rc_b05a515aa78bffb9-171\">An ONEXPLAYER apex akkumul\u00e1tor egy forradalmi kieg\u00e9sz\u00edt\u0151, amelyet arra terveztek, hogy \u00e1talak\u00edtsa a k\u00e9zi sz\u00e1m\u00edt\u00f3g\u00e9pek rajong\u00f3inak energiaig\u00e9ny\u00e9t a hosszabb j\u00e1t\u00e9kmenetek sor\u00e1n. Ez a nagy kapacit\u00e1s\u00fa, 85 Wh kapacit\u00e1s\u00fa egys\u00e9g z\u00f6kken\u0151mentes \u00e1ramell\u00e1t\u00e1si megold\u00e1st biztos\u00edt a OneXFly Apex sz\u00e1m\u00e1ra, \u00edgy a felhaszn\u00e1l\u00f3knak soha nem kell a j\u00e1t\u00e9k k\u00f6zep\u00e9n konnektorhoz k\u00f6tni\u00fck magukat. Mivel a sz\u00e1ll\u00edt\u00e1sok a tervek szerint 2026 j\u00fanius\u00e1ban kezd\u0151dnek, ez a friss\u00edt\u00e9s a hordozhat\u00f3 j\u00e1t\u00e9k\u00e1ll\u00f3k\u00e9pess\u00e9g j\u00f6v\u0151j\u00e9t jelenti.  <\/p>\n\n<h2 class=\"wp-block-heading\">Mi\u00e9rt a OneXFly Apex akkumul\u00e1tor a hordozhat\u00f3s\u00e1g j\u00e1t\u00e9kv\u00e1lt\u00f3ja<\/h2>\n\n<p id=\"p-rc_b05a515aa78bffb9-172\">Az utaz\u00e1sbar\u00e1t teljes\u00edtm\u00e9ny a onexfly apex akkumul\u00e1tor alapfiloz\u00f3fi\u00e1ja. Mivel az \u00fatk\u00f6zbeni j\u00e1t\u00e9k gyakran vezet az akkumul\u00e1torral kapcsolatos aggodalomhoz, ezt a cser\u00e9lhet\u0151 rendszert \u00fagy fejlesztett\u00e9k ki, hogy azonnali megk\u00f6nnyebb\u00fcl\u00e9st ny\u00fajtson. A felpattinthat\u00f3 kialak\u00edt\u00e1s gyors \u00e9s k\u00f6nnyed csatlakoz\u00e1st tesz lehet\u0151v\u00e9, ami azt jelenti, hogy megdupl\u00e1zhatja j\u00e1t\u00e9kidej\u00e9t an\u00e9lk\u00fcl, hogy \u00fajra kellene ind\u00edtania a rendszert.  <\/p>\n\n<h2 class=\"wp-block-heading\">M\u0171szaki specifik\u00e1ci\u00f3k \u00e9s a Snap-On kialak\u00edt\u00e1s<\/h2>\n\n<p id=\"p-rc_b05a515aa78bffb9-173\">A OneXFly Apex akkumul\u00e1tor leny\u0171g\u00f6z\u0151, 85 Wh kapacit\u00e1ssal rendelkezik, \u00edgy az egyik legnagyobb energias\u0171r\u0171s\u00e9get k\u00edn\u00e1lja a k\u00e9zi perif\u00e9ri\u00e1k sz\u00e1m\u00e1ra.<sup><\/sup>  Minden egys\u00e9ghez k\u00fcl\u00f6n akkumul\u00e1tor-eszk\u00f6z csatlakoz\u00f3k\u00e1bel tartozik a stabil \u00e9s hat\u00e9kony energia\u00e1raml\u00e1s biztos\u00edt\u00e1sa \u00e9rdek\u00e9ben. K\u00f6vetkez\u00e9sk\u00e9ppen a hardver karcs\u00fa marad, mik\u00f6zben az akkumul\u00e1tor biztos\u00edtja az AAA c\u00edmekhez sz\u00fcks\u00e9ges nagy teljes\u00edtm\u00e9ny\u0171 energi\u00e1t. <\/p>\n\n<h2 class=\"wp-block-heading\">A cs\u00facsteljes\u00edtm\u00e9ny biztos\u00edt\u00e1sa a ONEXPLAYER Apex akkumul\u00e1torral<\/h2>\n\n<p>A k\u00e9zi k\u00e9sz\u00fcl\u00e9k \u00e9lm\u00e9ny\u00e9nek optimaliz\u00e1l\u00e1sa egyszer\u0171v\u00e9 v\u00e1lik ezzel az azonnali csere technol\u00f3gi\u00e1val. M\u00edg a bels\u0151 akkumul\u00e1torok id\u0151vel le\u00e9p\u00fclnek, a cser\u00e9lhet\u0151 ONEXPLAYER apex akkumul\u00e1tor biztos\u00edtja, hogy k\u00e9sz\u00fcl\u00e9ke m\u00e9g \u00e9vekig m\u0171k\u00f6d\u0151k\u00e9pes maradjon. A csatlakoz\u00e1st egy robusztus pattint\u00e1si mechanizmus biztos\u00edtja, amelyet szigor\u00faan teszteltek a tart\u00f3ss\u00e1g \u00e9s az utaz\u00e1s k\u00f6zbeni k\u00f6nny\u0171 haszn\u00e1lat \u00e9rdek\u00e9ben.  <\/p>\n\n<h2 class=\"wp-block-heading\">Biztos\u00edtsa a felszerel\u00e9s\u00e9t \u00e9s ellen\u0151rizze az Apex akkumul\u00e1tor \u00e1r\u00e1t<\/h2>\n\n<p>A nagy teljes\u00edtm\u00e9ny\u0171 kieg\u00e9sz\u00edt\u0151 ir\u00e1nt v\u00e1rhat\u00f3an jelent\u0151s lesz a kereslet, ahogy k\u00f6zeled\u00fcnk a 2026 j\u00faniusi ind\u00edt\u00e1si ablakhoz. Az aktu\u00e1lis apex akkumul\u00e1tor \u00e1r\u00e1nak ellen\u0151rz\u00e9s\u00e9vel \u00e9s az \u00e1ruh\u00e1zunkban t\u00f6rt\u00e9n\u0151 el\u0151rendel\u00e9ssel garant\u00e1lhatja, hogy az els\u0151 gy\u00e1rt\u00e1si t\u00e9telb\u0151l lefoglalj\u00e1k az \u00d6n k\u00e9sz\u00fcl\u00e9k\u00e9t. Ne kock\u00e1ztasd meg, hogy lemaradj err\u0151l a n\u00e9lk\u00fcl\u00f6zhetetlen friss\u00edt\u00e9sr\u0151l; l\u00e1togass el m\u00e9g ma a term\u00e9koldalunkra, hogy t\u00f6bbet megtudj, \u00e9s biztos\u00edtsd a OneXFly Apex akkumul\u00e1tort, hogy a j\u00e1t\u00e9k\u00fcl\u00e9seknek soha ne kelljen kor\u00e1n v\u00e9get \u00e9rni\u00fck!  <\/p>\n","protected":false},"excerpt":{"rendered":"<ul>\n<li><strong>85Wh kapacit\u00e1s:<\/strong> Hosszabb, nagy teljes\u00edtm\u00e9ny\u0171 hordozhat\u00f3 j\u00e1t\u00e9kid\u0151t biztos\u00edt.<\/li>\n<li><strong>5519mAh N\u00e9vleges kapacit\u00e1s:<\/strong> Hossz\u00fa t\u00e1v\u00fa, megb\u00edzhat\u00f3 haszn\u00e1latot biztos\u00edt \u00fatk\u00f6zben.<\/li>\n<li><strong>Modul\u00e1ris kialak\u00edt\u00e1s:<\/strong> Gyorsan r\u00f6gz\u00edthet\u0151 mechanizmus a k\u00f6nny\u0171 cser\u00e9hez \u00e9s elt\u00e1vol\u00edt\u00e1shoz.<\/li>\n<li><strong>Nagyfesz\u00fclts\u00e9g\u0171 t\u00e1p:<\/strong> Az ONEXFLY APEX nagy teljes\u00edtm\u00e9ny\u0171 APU-j\u00e1nak t\u00e1mogat\u00e1s\u00e1ra <strong>k\u00e9sz\u00fclt<\/strong>.<\/li>\n<li><strong>Hivatalos ONEXPLAYER tartoz\u00e9k:<\/strong> Garant\u00e1lja a t\u00f6k\u00e9letes illeszked\u00e9st, kompatibilit\u00e1st \u00e9s biztons\u00e1got.<\/li>\n<\/ul>\n<pre><b>T\u00e9tel el\u0151rendel\u00e9sen<\/b>\n<ul>\n<li>Megjelen\u00e9s v\u00e1rhat\u00f3 id\u0151pontja: 26th June 2026<\/li><\/pre>\n<\/ul>\n[droix_global_accordions]\n[cg_accordion title=\"A csomag tartalmazza\"]<\/p>\n<ul>\n<li>1x ONEXPLAYER APEX akkumul\u00e1tor<\/li>\n<\/ul>\n<p>[\/cg_accordion]\n","protected":false},"featured_media":707042,"template":"","meta":{"_acf_changed":false},"product_brand":[],"product_cat":[35131,35006],"product_tag":[],"woo-feed-brand":[2199],"key-features":[],"class_list":{"0":"post-707032","1":"product","2":"type-product","3":"status-publish","4":"has-post-thumbnail","6":"product_cat-jatekos-kiegeszitok","7":"product_cat-tartozekok","8":"product_shipping_class-low-end","9":"pa_accessory-type-add-ons","10":"pa_brands-onexplayer-hu","11":"pa_compatibility-onexplayer-onexfly-apex","12":"woo-feed-brand-onexplayer","14":"first","15":"onbackorder","16":"taxable","17":"shipping-taxable","18":"purchasable","19":"product-type-variable","20":"has-default-attributes"},"acf":[],"aioseo_notices":[],"_links":{"self":[{"href":"https:\/\/droix.eu\/hu\/wp-json\/wp\/v2\/product\/707032","targetHints":{"allow":["GET"]}}],"collection":[{"href":"https:\/\/droix.eu\/hu\/wp-json\/wp\/v2\/product"}],"about":[{"href":"https:\/\/droix.eu\/hu\/wp-json\/wp\/v2\/types\/product"}],"version-history":[{"count":0,"href":"https:\/\/droix.eu\/hu\/wp-json\/wp\/v2\/product\/707032\/revisions"}],"wp:featuredmedia":[{"embeddable":true,"href":"https:\/\/droix.eu\/hu\/wp-json\/wp\/v2\/media\/707042"}],"wp:attachment":[{"href":"https:\/\/droix.eu\/hu\/wp-json\/wp\/v2\/media?parent=707032"}],"wp:term":[{"taxonomy":"product_brand","embeddable":true,"href":"https:\/\/droix.eu\/hu\/wp-json\/wp\/v2\/product_brand?post=707032"},{"taxonomy":"product_cat","embeddable":true,"href":"https:\/\/droix.eu\/hu\/wp-json\/wp\/v2\/product_cat?post=707032"},{"taxonomy":"product_tag","embeddable":true,"href":"https:\/\/droix.eu\/hu\/wp-json\/wp\/v2\/product_tag?post=707032"},{"taxonomy":"woo-feed-brand","embeddable":true,"href":"https:\/\/droix.eu\/hu\/wp-json\/wp\/v2\/woo-feed-brand?post=707032"},{"taxonomy":"key-features","embeddable":true,"href":"https:\/\/droix.eu\/hu\/wp-json\/wp\/v2\/key-features?post=707032"}],"curies":[{"name":"wp","href":"https:\/\/api.w.org\/{rel}","templated":true}]}}