{"id":658358,"date":"2025-06-17T15:49:05","date_gmt":"2025-06-17T14:49:05","guid":{"rendered":"https:\/\/droix.eu\/product\/onexplayer-oculink-kabel\/"},"modified":"2026-04-23T14:20:05","modified_gmt":"2026-04-23T13:20:05","slug":"onexplayer-oculink-kabel","status":"publish","type":"product","link":"https:\/\/droix.eu\/hu\/product\/onexplayer-oculink-kabel\/","title":{"rendered":"ONEXPLAYER OCuLink k\u00e1bel"},"content":{"rendered":"\n<h3 class=\"wp-block-heading\"><strong>Bemutatjuk az ONEXPLAYER OCuLink-et: Empower Your Setup<\/strong><\/h3>\n\n<p>Az ONEXPLAYER ONEXGPU kieg\u00e9sz\u00edt\u00e9s\u00e9re k\u00e9sz\u00fclt. Az ONEXPLAYER OCuLink k\u00e1belt gondosan, pr\u00e9mium min\u0151s\u00e9g\u0171 anyagokb\u00f3l tervezt\u00e9k, \u00edgy az ONEXPLAYER OCuLink k\u00e1belt \u00fagy tervezt\u00e9k, hogy a mindennapi ig\u00e9nybev\u00e9telnek is ellen\u00e1lljon, mik\u00f6zben el\u0151nyt biztos\u00edt \u00d6nnek.<\/p>\n\n<p><\/p>\n","protected":false},"excerpt":{"rendered":"<ul>\n<li><strong>Hivatalos ONEXPLAYER<\/strong> OCuLink k\u00e1bel<\/li>\n<li>Kompatibilis az <strong>ONEXPLAYER ONEXGPU \/ X1<\/strong> k\u00e9sz\u00fcl\u00e9kkel<\/li>\n<li>Gyorsabb, mint az <strong>USB 4.0 Type-C<\/strong><\/li>\n<li>Kiv\u00e1l\u00f3 min\u0151s\u00e9g\u0171 fonott k\u00e1bel<\/li>\n<li>1M hossz\u00fa k\u00e1bel<\/li>\n<\/ul>\n[droix_global_accordions]\n[cg_accordion title=\"A csomag tartalmazza\"]<\/p>\n<ul>\n<li>1x ONEXPLAYER OCuLink k\u00e1bel<\/li>\n<\/ul>\n<p>[\/cg_accordion]\n","protected":false},"featured_media":647931,"template":"","meta":{"_acf_changed":false},"product_brand":[],"product_cat":[35131,35006],"product_tag":[],"woo-feed-brand":[2199],"key-features":[],"class_list":{"0":"post-658358","1":"product","2":"type-product","3":"status-publish","4":"has-post-thumbnail","6":"product_cat-jatekos-kiegeszitok","7":"product_cat-tartozekok","8":"product_shipping_class-low-end","9":"pa_accessory-type-cable","10":"pa_brands-onexplayer-hu","11":"woo-feed-brand-onexplayer","13":"first","14":"instock","15":"sale","16":"taxable","17":"shipping-taxable","18":"purchasable","19":"product-type-simple"},"acf":[],"aioseo_notices":[],"aioseo_head":"\n\t\t<!-- All in One SEO Pro 4.9.6.2 - aioseo.com -->\n\t<meta name=\"description\" content=\"Hivatalos ONEXPLAYER OCuLink k\u00e1bel Kompatibilis az ONEXPLAYER ONEXGPU \/ X1 k\u00e9sz\u00fcl\u00e9kkel Gyorsabb, mint az USB 4.0 Type-C Kiv\u00e1l\u00f3 min\u0151s\u00e9g\u0171 fonott k\u00e1bel 1M hossz\u00fa k\u00e1bel A csomag tartalmazza 1x ONEXPLAYER OCuLink k\u00e1bel\" \/>\n\t<meta name=\"robots\" content=\"max-image-preview:large\" \/>\n\t<link rel=\"canonical\" href=\"https:\/\/droix.eu\/hu\/product\/onexplayer-oculink-kabel\/\" \/>\n\t<meta name=\"generator\" content=\"All in One SEO Pro (AIOSEO) 4.9.6.2\" \/>\n\t\t<meta property=\"og:locale\" content=\"hu_HU\" \/>\n\t\t<meta property=\"og:site_name\" content=\"DROIX EU - Get the latest Mini PCs, Ultrabook, PC Gaming Handhelds and more!\" \/>\n\t\t<meta property=\"og:type\" content=\"article\" \/>\n\t\t<meta property=\"og:title\" content=\"ONEXPLAYER OCuLink k\u00e1bel - DROIX EU\" \/>\n\t\t<meta property=\"og:description\" content=\"Hivatalos ONEXPLAYER OCuLink k\u00e1bel Kompatibilis az ONEXPLAYER ONEXGPU \/ X1 k\u00e9sz\u00fcl\u00e9kkel Gyorsabb, mint az USB 4.0 Type-C Kiv\u00e1l\u00f3 min\u0151s\u00e9g\u0171 fonott k\u00e1bel 1M hossz\u00fa k\u00e1bel A csomag tartalmazza 1x ONEXPLAYER OCuLink k\u00e1bel\" \/>\n\t\t<meta property=\"og:url\" content=\"https:\/\/droix.eu\/hu\/product\/onexplayer-oculink-kabel\/\" \/>\n\t\t<meta property=\"og:image\" content=\"https:\/\/droix.eu\/wp-content\/uploads\/2024\/06\/droix-v2-light-logo.png\" \/>\n\t\t<meta property=\"og:image:secure_url\" content=\"https:\/\/droix.eu\/wp-content\/uploads\/2024\/06\/droix-v2-light-logo.png\" \/>\n\t\t<meta property=\"og:image:width\" content=\"380\" \/>\n\t\t<meta property=\"og:image:height\" content=\"118\" \/>\n\t\t<meta property=\"article:published_time\" content=\"2025-06-17T14:49:05+00:00\" \/>\n\t\t<meta property=\"article:modified_time\" content=\"2026-04-23T13:20:05+00:00\" \/>\n\t\t<meta property=\"article:publisher\" content=\"https:\/\/www.facebook.com\/DroiX.Store\" \/>\n\t\t<meta name=\"twitter:card\" content=\"summary_large_image\" \/>\n\t\t<meta name=\"twitter:site\" content=\"@DroiX_Store\" \/>\n\t\t<meta name=\"twitter:title\" content=\"ONEXPLAYER OCuLink k\u00e1bel - DROIX EU\" \/>\n\t\t<meta name=\"twitter:description\" content=\"Hivatalos ONEXPLAYER OCuLink k\u00e1bel Kompatibilis az ONEXPLAYER ONEXGPU \/ X1 k\u00e9sz\u00fcl\u00e9kkel Gyorsabb, mint az USB 4.0 Type-C Kiv\u00e1l\u00f3 min\u0151s\u00e9g\u0171 fonott k\u00e1bel 1M hossz\u00fa k\u00e1bel A csomag tartalmazza 1x ONEXPLAYER OCuLink k\u00e1bel\" \/>\n\t\t<meta name=\"twitter:image\" content=\"https:\/\/droix.eu\/wp-content\/uploads\/2024\/06\/droix-v2-light-logo.png\" \/>\n\t\t<script type=\"application\/ld+json\" class=\"aioseo-schema\">\n\t\t\t{\"@context\":\"https:\\\/\\\/schema.org\",\"@graph\":[{\"@type\":\"BreadcrumbList\",\"@id\":\"https:\\\/\\\/droix.eu\\\/hu\\\/product\\\/onexplayer-oculink-kabel\\\/#breadcrumblist\",\"itemListElement\":[{\"@type\":\"ListItem\",\"@id\":\"https:\\\/\\\/droix.eu\\\/hu\\\/#listItem\",\"position\":1,\"name\":\"Home\",\"item\":\"https:\\\/\\\/droix.eu\\\/hu\\\/\",\"nextItem\":{\"@type\":\"ListItem\",\"@id\":\"https:\\\/\\\/droix.eu\\\/hu\\\/product-category\\\/tartozekok\\\/#listItem\",\"name\":\"Tartoz\\u00e9kok\"}},{\"@type\":\"ListItem\",\"@id\":\"https:\\\/\\\/droix.eu\\\/hu\\\/product-category\\\/tartozekok\\\/#listItem\",\"position\":2,\"name\":\"Tartoz\\u00e9kok\",\"item\":\"https:\\\/\\\/droix.eu\\\/hu\\\/product-category\\\/tartozekok\\\/\",\"nextItem\":{\"@type\":\"ListItem\",\"@id\":\"https:\\\/\\\/droix.eu\\\/hu\\\/product-category\\\/tartozekok\\\/jatekos-kiegeszitok\\\/#listItem\",\"name\":\"J\\u00e1t\\u00e9kos kieg\\u00e9sz\\u00edt\\u0151k\"},\"previousItem\":{\"@type\":\"ListItem\",\"@id\":\"https:\\\/\\\/droix.eu\\\/hu\\\/#listItem\",\"name\":\"Home\"}},{\"@type\":\"ListItem\",\"@id\":\"https:\\\/\\\/droix.eu\\\/hu\\\/product-category\\\/tartozekok\\\/jatekos-kiegeszitok\\\/#listItem\",\"position\":3,\"name\":\"J\\u00e1t\\u00e9kos kieg\\u00e9sz\\u00edt\\u0151k\",\"item\":\"https:\\\/\\\/droix.eu\\\/hu\\\/product-category\\\/tartozekok\\\/jatekos-kiegeszitok\\\/\",\"nextItem\":{\"@type\":\"ListItem\",\"@id\":\"https:\\\/\\\/droix.eu\\\/hu\\\/product\\\/onexplayer-oculink-kabel\\\/#listItem\",\"name\":\"ONEXPLAYER OCuLink k\\u00e1bel\"},\"previousItem\":{\"@type\":\"ListItem\",\"@id\":\"https:\\\/\\\/droix.eu\\\/hu\\\/product-category\\\/tartozekok\\\/#listItem\",\"name\":\"Tartoz\\u00e9kok\"}},{\"@type\":\"ListItem\",\"@id\":\"https:\\\/\\\/droix.eu\\\/hu\\\/product\\\/onexplayer-oculink-kabel\\\/#listItem\",\"position\":4,\"name\":\"ONEXPLAYER OCuLink k\\u00e1bel\",\"previousItem\":{\"@type\":\"ListItem\",\"@id\":\"https:\\\/\\\/droix.eu\\\/hu\\\/product-category\\\/tartozekok\\\/jatekos-kiegeszitok\\\/#listItem\",\"name\":\"J\\u00e1t\\u00e9kos kieg\\u00e9sz\\u00edt\\u0151k\"}}]},{\"@type\":\"Organization\",\"@id\":\"https:\\\/\\\/droix.eu\\\/hu\\\/#organization\",\"name\":\"DroiX \\u2013 Trusted EU Tech Retailer with 12+ Years Experience\",\"description\":\"DroiX is a leading European technology retailer with over 12 years of experience, offering quality mini PCs, handheld gaming consoles, and tech accessories. We provide hassle-free EU delivery with all taxes included, ensuring a smooth and reliable shopping experience for our customers across Europe.\",\"url\":\"https:\\\/\\\/droix.eu\\\/hu\\\/\",\"logo\":{\"@type\":\"ImageObject\",\"url\":\"https:\\\/\\\/droix.eu\\\/wp-content\\\/uploads\\\/2024\\\/06\\\/droix-v2-light-logo.png\",\"@id\":\"https:\\\/\\\/droix.eu\\\/hu\\\/product\\\/onexplayer-oculink-kabel\\\/#organizationLogo\",\"width\":380,\"height\":118},\"image\":{\"@id\":\"https:\\\/\\\/droix.eu\\\/hu\\\/product\\\/onexplayer-oculink-kabel\\\/#organizationLogo\"},\"sameAs\":[\"https:\\\/\\\/www.facebook.com\\\/DroiX.Store\",\"https:\\\/\\\/twitter.com\\\/DroiX_Store\",\"https:\\\/\\\/www.instagram.com\\\/droix.store\\\/\",\"https:\\\/\\\/www.tiktok.com\\\/@droix.store\",\"https:\\\/\\\/www.youtube.com\\\/c\\\/DroiX_Store\",\"https:\\\/\\\/uk.linkedin.com\\\/company\\\/droix\"]},{\"@type\":\"Product\",\"@id\":\"https:\\\/\\\/droix.eu\\\/hu\\\/product\\\/onexplayer-oculink-kabel\\\/#wooCommerceProduct\",\"name\":\"ONEXPLAYER OCuLink k\\u00e1bel\",\"description\":\"Hivatalos ONEXPLAYER OCuLink k\\u00e1bel\\n  Kompatibilis az ONEXPLAYER ONEXGPU \\\/ X1 k\\u00e9sz\\u00fcl\\u00e9kkel\\n  Gyorsabb, mint az USB 4.0 Type-C\\n  Kiv\\u00e1l\\u00f3 min\\u0151s\\u00e9g\\u0171 fonott k\\u00e1bel\\n  1M hossz\\u00fa k\\u00e1bel\",\"url\":\"https:\\\/\\\/droix.eu\\\/hu\\\/product\\\/onexplayer-oculink-kabel\\\/\",\"sku\":\"ONEXPLAYER-OCULINK-CABLE\",\"gtin\":\"5060763678439\",\"image\":{\"@type\":\"ImageObject\",\"url\":\"https:\\\/\\\/droix.eu\\\/wp-content\\\/uploads\\\/2025\\\/06\\\/ONEXPLAYER-OCULINK-CABLE-DONE-01.png\",\"@id\":\"https:\\\/\\\/droix.eu\\\/hu\\\/product\\\/onexplayer-oculink-kabel\\\/#productImage\",\"width\":1500,\"height\":1500,\"caption\":\"Az ONEXPLAYER OCuLink k\\u00e1belt bemutat\\u00f3 k\\u00e9p tart\\u00f3s fonott kialak\\u00edt\\u00e1ssal \\u00e9s mindk\\u00e9t v\\u00e9g\\u00e9n l\\u00e9v\\u0151 csatlakoz\\u00f3kkal. Az al\\u00e1bbiakban tal\\u00e1lhat\\u00f3 egy kompatibilit\\u00e1si szakasz, amely a t\\u00e1mogatott eszk\\u00f6z\\u00f6ket mutatja be, k\\u00f6zt\\u00fck a GPD WIN 4 (2024 \\u00e9s 2025), GPD WIN MAX 2 (2024 \\u00e9s 2025), GPD DUO, ONEXPLAYER X1\\\/X1 Mini \\u00e9s MINISFORUM UM780XTX, valamint egy megjegyz\\u00e9s, amely a tov\\u00e1bbi OCuLink\\\/M.2 NVMe portokkal rendelkez\\u0151 eszk\\u00f6z\\u00f6kkel val\\u00f3 kompatibilit\\u00e1st eml\\u00edti.\"},\"offers\":{\"@type\":\"Offer\",\"url\":\"https:\\\/\\\/droix.eu\\\/hu\\\/product\\\/onexplayer-oculink-kabel\\\/#wooCommerceOffer\",\"price\":24.54,\"priceCurrency\":\"EUR\",\"category\":\"J\\u00e1t\\u00e9kos kieg\\u00e9sz\\u00edt\\u0151k\",\"availability\":\"https:\\\/\\\/schema.org\\\/InStock\",\"priceSpecification\":{\"@type\":\"PriceSpecification\",\"price\":24.54,\"priceCurrency\":\"EUR\",\"valueAddedTaxIncluded\":\"true\"},\"seller\":{\"@type\":\"Organization\",\"@id\":\"https:\\\/\\\/droix.eu\\\/hu\\\/#organization\"}}},{\"@type\":\"WebPage\",\"@id\":\"https:\\\/\\\/droix.eu\\\/hu\\\/product\\\/onexplayer-oculink-kabel\\\/#webpage\",\"url\":\"https:\\\/\\\/droix.eu\\\/hu\\\/product\\\/onexplayer-oculink-kabel\\\/\",\"name\":\"ONEXPLAYER OCuLink k\\u00e1bel - DROIX EU\",\"description\":\"Hivatalos ONEXPLAYER OCuLink k\\u00e1bel Kompatibilis az ONEXPLAYER ONEXGPU \\\/ X1 k\\u00e9sz\\u00fcl\\u00e9kkel Gyorsabb, mint az USB 4.0 Type-C Kiv\\u00e1l\\u00f3 min\\u0151s\\u00e9g\\u0171 fonott k\\u00e1bel 1M hossz\\u00fa k\\u00e1bel A csomag tartalmazza 1x ONEXPLAYER OCuLink k\\u00e1bel\",\"inLanguage\":\"hu-HU\",\"isPartOf\":{\"@id\":\"https:\\\/\\\/droix.eu\\\/hu\\\/#website\"},\"breadcrumb\":{\"@id\":\"https:\\\/\\\/droix.eu\\\/hu\\\/product\\\/onexplayer-oculink-kabel\\\/#breadcrumblist\"},\"image\":{\"@type\":\"ImageObject\",\"url\":\"https:\\\/\\\/droix.eu\\\/wp-content\\\/uploads\\\/2025\\\/06\\\/ONEXPLAYER-OCULINK-CABLE-DONE-01.png\",\"@id\":\"https:\\\/\\\/droix.eu\\\/hu\\\/product\\\/onexplayer-oculink-kabel\\\/#mainImage\",\"width\":1500,\"height\":1500,\"caption\":\"Az ONEXPLAYER OCuLink k\\u00e1belt bemutat\\u00f3 k\\u00e9p tart\\u00f3s fonott kialak\\u00edt\\u00e1ssal \\u00e9s mindk\\u00e9t v\\u00e9g\\u00e9n l\\u00e9v\\u0151 csatlakoz\\u00f3kkal. Az al\\u00e1bbiakban tal\\u00e1lhat\\u00f3 egy kompatibilit\\u00e1si szakasz, amely a t\\u00e1mogatott eszk\\u00f6z\\u00f6ket mutatja be, k\\u00f6zt\\u00fck a GPD WIN 4 (2024 \\u00e9s 2025), GPD WIN MAX 2 (2024 \\u00e9s 2025), GPD DUO, ONEXPLAYER X1\\\/X1 Mini \\u00e9s MINISFORUM UM780XTX, valamint egy megjegyz\\u00e9s, amely a tov\\u00e1bbi OCuLink\\\/M.2 NVMe portokkal rendelkez\\u0151 eszk\\u00f6z\\u00f6kkel val\\u00f3 kompatibilit\\u00e1st eml\\u00edti.\"},\"primaryImageOfPage\":{\"@id\":\"https:\\\/\\\/droix.eu\\\/hu\\\/product\\\/onexplayer-oculink-kabel\\\/#mainImage\"},\"datePublished\":\"2025-06-17T15:49:05+01:00\",\"dateModified\":\"2026-04-23T14:20:05+01:00\"},{\"@type\":\"WebSite\",\"@id\":\"https:\\\/\\\/droix.eu\\\/hu\\\/#website\",\"url\":\"https:\\\/\\\/droix.eu\\\/hu\\\/\",\"name\":\"DROIX EU\",\"description\":\"Get the latest Mini PCs, Ultrabook, PC Gaming Handhelds and more!\",\"inLanguage\":\"hu-HU\",\"publisher\":{\"@id\":\"https:\\\/\\\/droix.eu\\\/hu\\\/#organization\"}}]}\n\t\t<\/script>\n\t\t<!-- All in One SEO Pro -->\r\n\t\t<title>ONEXPLAYER OCuLink k\u00e1bel - DROIX EU<\/title>\n\n","aioseo_head_json":{"title":"ONEXPLAYER OCuLink k\u00e1bel - DROIX EU","description":"Hivatalos ONEXPLAYER OCuLink k\u00e1bel Kompatibilis az ONEXPLAYER ONEXGPU \/ X1 k\u00e9sz\u00fcl\u00e9kkel Gyorsabb, mint az USB 4.0 Type-C Kiv\u00e1l\u00f3 min\u0151s\u00e9g\u0171 fonott k\u00e1bel 1M hossz\u00fa k\u00e1bel A csomag tartalmazza 1x ONEXPLAYER OCuLink k\u00e1bel","canonical_url":"https:\/\/droix.eu\/hu\/product\/onexplayer-oculink-kabel\/","robots":"max-image-preview:large","keywords":"","webmasterTools":{"miscellaneous":""},"schema":{"@context":"https:\/\/schema.org","@graph":[{"@type":"BreadcrumbList","@id":"https:\/\/droix.eu\/hu\/product\/onexplayer-oculink-kabel\/#breadcrumblist","itemListElement":[{"@type":"ListItem","@id":"https:\/\/droix.eu\/hu\/#listItem","position":1,"name":"Home","item":"https:\/\/droix.eu\/hu\/","nextItem":{"@type":"ListItem","@id":"https:\/\/droix.eu\/hu\/product-category\/tartozekok\/#listItem","name":"Tartoz\u00e9kok"}},{"@type":"ListItem","@id":"https:\/\/droix.eu\/hu\/product-category\/tartozekok\/#listItem","position":2,"name":"Tartoz\u00e9kok","item":"https:\/\/droix.eu\/hu\/product-category\/tartozekok\/","nextItem":{"@type":"ListItem","@id":"https:\/\/droix.eu\/hu\/product-category\/tartozekok\/jatekos-kiegeszitok\/#listItem","name":"J\u00e1t\u00e9kos kieg\u00e9sz\u00edt\u0151k"},"previousItem":{"@type":"ListItem","@id":"https:\/\/droix.eu\/hu\/#listItem","name":"Home"}},{"@type":"ListItem","@id":"https:\/\/droix.eu\/hu\/product-category\/tartozekok\/jatekos-kiegeszitok\/#listItem","position":3,"name":"J\u00e1t\u00e9kos kieg\u00e9sz\u00edt\u0151k","item":"https:\/\/droix.eu\/hu\/product-category\/tartozekok\/jatekos-kiegeszitok\/","nextItem":{"@type":"ListItem","@id":"https:\/\/droix.eu\/hu\/product\/onexplayer-oculink-kabel\/#listItem","name":"ONEXPLAYER OCuLink k\u00e1bel"},"previousItem":{"@type":"ListItem","@id":"https:\/\/droix.eu\/hu\/product-category\/tartozekok\/#listItem","name":"Tartoz\u00e9kok"}},{"@type":"ListItem","@id":"https:\/\/droix.eu\/hu\/product\/onexplayer-oculink-kabel\/#listItem","position":4,"name":"ONEXPLAYER OCuLink k\u00e1bel","previousItem":{"@type":"ListItem","@id":"https:\/\/droix.eu\/hu\/product-category\/tartozekok\/jatekos-kiegeszitok\/#listItem","name":"J\u00e1t\u00e9kos kieg\u00e9sz\u00edt\u0151k"}}]},{"@type":"Organization","@id":"https:\/\/droix.eu\/hu\/#organization","name":"DroiX \u2013 Trusted EU Tech Retailer with 12+ Years Experience","description":"DroiX is a leading European technology retailer with over 12 years of experience, offering quality mini PCs, handheld gaming consoles, and tech accessories. We provide hassle-free EU delivery with all taxes included, ensuring a smooth and reliable shopping experience for our customers across Europe.","url":"https:\/\/droix.eu\/hu\/","logo":{"@type":"ImageObject","url":"https:\/\/droix.eu\/wp-content\/uploads\/2024\/06\/droix-v2-light-logo.png","@id":"https:\/\/droix.eu\/hu\/product\/onexplayer-oculink-kabel\/#organizationLogo","width":380,"height":118},"image":{"@id":"https:\/\/droix.eu\/hu\/product\/onexplayer-oculink-kabel\/#organizationLogo"},"sameAs":["https:\/\/www.facebook.com\/DroiX.Store","https:\/\/twitter.com\/DroiX_Store","https:\/\/www.instagram.com\/droix.store\/","https:\/\/www.tiktok.com\/@droix.store","https:\/\/www.youtube.com\/c\/DroiX_Store","https:\/\/uk.linkedin.com\/company\/droix"]},{"@type":"Product","@id":"https:\/\/droix.eu\/hu\/product\/onexplayer-oculink-kabel\/#wooCommerceProduct","name":"ONEXPLAYER OCuLink k\u00e1bel","description":"Hivatalos ONEXPLAYER OCuLink k\u00e1bel\n  Kompatibilis az ONEXPLAYER ONEXGPU \/ X1 k\u00e9sz\u00fcl\u00e9kkel\n  Gyorsabb, mint az USB 4.0 Type-C\n  Kiv\u00e1l\u00f3 min\u0151s\u00e9g\u0171 fonott k\u00e1bel\n  1M hossz\u00fa k\u00e1bel","url":"https:\/\/droix.eu\/hu\/product\/onexplayer-oculink-kabel\/","sku":"ONEXPLAYER-OCULINK-CABLE","gtin":"5060763678439","image":{"@type":"ImageObject","url":"https:\/\/droix.eu\/wp-content\/uploads\/2025\/06\/ONEXPLAYER-OCULINK-CABLE-DONE-01.png","@id":"https:\/\/droix.eu\/hu\/product\/onexplayer-oculink-kabel\/#productImage","width":1500,"height":1500,"caption":"Az ONEXPLAYER OCuLink k\u00e1belt bemutat\u00f3 k\u00e9p tart\u00f3s fonott kialak\u00edt\u00e1ssal \u00e9s mindk\u00e9t v\u00e9g\u00e9n l\u00e9v\u0151 csatlakoz\u00f3kkal. Az al\u00e1bbiakban tal\u00e1lhat\u00f3 egy kompatibilit\u00e1si szakasz, amely a t\u00e1mogatott eszk\u00f6z\u00f6ket mutatja be, k\u00f6zt\u00fck a GPD WIN 4 (2024 \u00e9s 2025), GPD WIN MAX 2 (2024 \u00e9s 2025), GPD DUO, ONEXPLAYER X1\/X1 Mini \u00e9s MINISFORUM UM780XTX, valamint egy megjegyz\u00e9s, amely a tov\u00e1bbi OCuLink\/M.2 NVMe portokkal rendelkez\u0151 eszk\u00f6z\u00f6kkel val\u00f3 kompatibilit\u00e1st eml\u00edti."},"offers":{"@type":"Offer","url":"https:\/\/droix.eu\/hu\/product\/onexplayer-oculink-kabel\/#wooCommerceOffer","price":24.54,"priceCurrency":"EUR","category":"J\u00e1t\u00e9kos kieg\u00e9sz\u00edt\u0151k","availability":"https:\/\/schema.org\/InStock","priceSpecification":{"@type":"PriceSpecification","price":24.54,"priceCurrency":"EUR","valueAddedTaxIncluded":"true"},"seller":{"@type":"Organization","@id":"https:\/\/droix.eu\/hu\/#organization"}}},{"@type":"WebPage","@id":"https:\/\/droix.eu\/hu\/product\/onexplayer-oculink-kabel\/#webpage","url":"https:\/\/droix.eu\/hu\/product\/onexplayer-oculink-kabel\/","name":"ONEXPLAYER OCuLink k\u00e1bel - DROIX EU","description":"Hivatalos ONEXPLAYER OCuLink k\u00e1bel Kompatibilis az ONEXPLAYER ONEXGPU \/ X1 k\u00e9sz\u00fcl\u00e9kkel Gyorsabb, mint az USB 4.0 Type-C Kiv\u00e1l\u00f3 min\u0151s\u00e9g\u0171 fonott k\u00e1bel 1M hossz\u00fa k\u00e1bel A csomag tartalmazza 1x ONEXPLAYER OCuLink k\u00e1bel","inLanguage":"hu-HU","isPartOf":{"@id":"https:\/\/droix.eu\/hu\/#website"},"breadcrumb":{"@id":"https:\/\/droix.eu\/hu\/product\/onexplayer-oculink-kabel\/#breadcrumblist"},"image":{"@type":"ImageObject","url":"https:\/\/droix.eu\/wp-content\/uploads\/2025\/06\/ONEXPLAYER-OCULINK-CABLE-DONE-01.png","@id":"https:\/\/droix.eu\/hu\/product\/onexplayer-oculink-kabel\/#mainImage","width":1500,"height":1500,"caption":"Az ONEXPLAYER OCuLink k\u00e1belt bemutat\u00f3 k\u00e9p tart\u00f3s fonott kialak\u00edt\u00e1ssal \u00e9s mindk\u00e9t v\u00e9g\u00e9n l\u00e9v\u0151 csatlakoz\u00f3kkal. Az al\u00e1bbiakban tal\u00e1lhat\u00f3 egy kompatibilit\u00e1si szakasz, amely a t\u00e1mogatott eszk\u00f6z\u00f6ket mutatja be, k\u00f6zt\u00fck a GPD WIN 4 (2024 \u00e9s 2025), GPD WIN MAX 2 (2024 \u00e9s 2025), GPD DUO, ONEXPLAYER X1\/X1 Mini \u00e9s MINISFORUM UM780XTX, valamint egy megjegyz\u00e9s, amely a tov\u00e1bbi OCuLink\/M.2 NVMe portokkal rendelkez\u0151 eszk\u00f6z\u00f6kkel val\u00f3 kompatibilit\u00e1st eml\u00edti."},"primaryImageOfPage":{"@id":"https:\/\/droix.eu\/hu\/product\/onexplayer-oculink-kabel\/#mainImage"},"datePublished":"2025-06-17T15:49:05+01:00","dateModified":"2026-04-23T14:20:05+01:00"},{"@type":"WebSite","@id":"https:\/\/droix.eu\/hu\/#website","url":"https:\/\/droix.eu\/hu\/","name":"DROIX EU","description":"Get the latest Mini PCs, Ultrabook, PC Gaming Handhelds and more!","inLanguage":"hu-HU","publisher":{"@id":"https:\/\/droix.eu\/hu\/#organization"}}]},"og:locale":"hu_HU","og:site_name":"DROIX EU - Get the latest Mini PCs, Ultrabook, PC Gaming Handhelds and more!","og:type":"article","og:title":"ONEXPLAYER OCuLink k\u00e1bel - DROIX EU","og:description":"Hivatalos ONEXPLAYER OCuLink k\u00e1bel Kompatibilis az ONEXPLAYER ONEXGPU \/ X1 k\u00e9sz\u00fcl\u00e9kkel Gyorsabb, mint az USB 4.0 Type-C Kiv\u00e1l\u00f3 min\u0151s\u00e9g\u0171 fonott k\u00e1bel 1M hossz\u00fa k\u00e1bel A csomag tartalmazza 1x ONEXPLAYER OCuLink k\u00e1bel","og:url":"https:\/\/droix.eu\/hu\/product\/onexplayer-oculink-kabel\/","og:image":"https:\/\/droix.eu\/wp-content\/uploads\/2024\/06\/droix-v2-light-logo.png","og:image:secure_url":"https:\/\/droix.eu\/wp-content\/uploads\/2024\/06\/droix-v2-light-logo.png","og:image:width":380,"og:image:height":118,"article:published_time":"2025-06-17T14:49:05+00:00","article:modified_time":"2026-04-23T13:20:05+00:00","article:publisher":"https:\/\/www.facebook.com\/DroiX.Store","twitter:card":"summary_large_image","twitter:site":"@DroiX_Store","twitter:title":"ONEXPLAYER OCuLink k\u00e1bel - DROIX EU","twitter:description":"Hivatalos ONEXPLAYER OCuLink k\u00e1bel Kompatibilis az ONEXPLAYER ONEXGPU \/ X1 k\u00e9sz\u00fcl\u00e9kkel Gyorsabb, mint az USB 4.0 Type-C Kiv\u00e1l\u00f3 min\u0151s\u00e9g\u0171 fonott k\u00e1bel 1M hossz\u00fa k\u00e1bel A csomag tartalmazza 1x ONEXPLAYER OCuLink k\u00e1bel","twitter:image":"https:\/\/droix.eu\/wp-content\/uploads\/2024\/06\/droix-v2-light-logo.png"},"aioseo_meta_data":{"post_id":"658358","title":null,"description":null,"keywords":null,"keyphrases":null,"primary_term":null,"canonical_url":null,"og_title":null,"og_description":null,"og_object_type":"default","og_image_type":"default","og_image_url":null,"og_image_width":null,"og_image_height":null,"og_image_custom_url":null,"og_image_custom_fields":null,"og_video":null,"og_custom_url":null,"og_article_section":null,"og_article_tags":null,"twitter_use_og":true,"twitter_card":"default","twitter_image_type":"default","twitter_image_url":null,"twitter_image_custom_url":null,"twitter_image_custom_fields":null,"twitter_title":null,"twitter_description":null,"schema":{"blockGraphs":[],"customGraphs":[],"default":{"data":{"Article":[],"Course":[],"Dataset":[],"FAQPage":[],"Movie":[],"Person":[],"Product":[],"ProductReview":[],"Car":[],"Recipe":[],"Service":[],"SoftwareApplication":[],"WebPage":[]},"graphName":"Product","isEnabled":true},"graphs":[]},"schema_type":"default","schema_type_options":null,"pillar_content":false,"robots_default":true,"robots_noindex":false,"robots_noarchive":false,"robots_nosnippet":false,"robots_nofollow":false,"robots_noimageindex":false,"robots_noodp":false,"robots_notranslate":false,"robots_max_snippet":null,"robots_max_videopreview":null,"robots_max_imagepreview":"large","priority":null,"frequency":null,"local_seo":null,"seo_analyzer_scan_date":null,"breadcrumb_settings":null,"limit_modified_date":false,"reviewed_by":null,"open_ai":null,"ai":null,"created":"2025-10-09 11:47:03","updated":"2026-04-23 17:25:28"},"aioseo_breadcrumb":"<div class=\"aioseo-breadcrumbs\"><span class=\"aioseo-breadcrumb\">\n\t<a href=\"https:\/\/droix.eu\/hu\/\" title=\"Home\">Home<\/a>\n<\/span><span class=\"aioseo-breadcrumb-separator\">&raquo;<\/span><span class=\"aioseo-breadcrumb\">\n\t<a href=\"https:\/\/droix.eu\/hu\/product-category\/tartozekok\/\" title=\"Tartoz\u00e9kok\">Tartoz\u00e9kok<\/a>\n<\/span><span class=\"aioseo-breadcrumb-separator\">&raquo;<\/span><span class=\"aioseo-breadcrumb\">\n\t<a href=\"https:\/\/droix.eu\/hu\/product-category\/tartozekok\/jatekos-kiegeszitok\/\" title=\"J\u00e1t\u00e9kos kieg\u00e9sz\u00edt\u0151k\">J\u00e1t\u00e9kos kieg\u00e9sz\u00edt\u0151k<\/a>\n<\/span><span class=\"aioseo-breadcrumb-separator\">&raquo;<\/span><span class=\"aioseo-breadcrumb\">\n\tONEXPLAYER OCuLink k\u00e1bel\n<\/span><\/div>","aioseo_breadcrumb_json":[{"label":"Home","link":"https:\/\/droix.eu\/hu\/"},{"label":"Tartoz\u00e9kok","link":"https:\/\/droix.eu\/hu\/product-category\/tartozekok\/"},{"label":"J\u00e1t\u00e9kos kieg\u00e9sz\u00edt\u0151k","link":"https:\/\/droix.eu\/hu\/product-category\/tartozekok\/jatekos-kiegeszitok\/"},{"label":"ONEXPLAYER OCuLink k\u00e1bel","link":"https:\/\/droix.eu\/hu\/product\/onexplayer-oculink-kabel\/"}],"_links":{"self":[{"href":"https:\/\/droix.eu\/hu\/wp-json\/wp\/v2\/product\/658358","targetHints":{"allow":["GET"]}}],"collection":[{"href":"https:\/\/droix.eu\/hu\/wp-json\/wp\/v2\/product"}],"about":[{"href":"https:\/\/droix.eu\/hu\/wp-json\/wp\/v2\/types\/product"}],"version-history":[{"count":0,"href":"https:\/\/droix.eu\/hu\/wp-json\/wp\/v2\/product\/658358\/revisions"}],"wp:featuredmedia":[{"embeddable":true,"href":"https:\/\/droix.eu\/hu\/wp-json\/wp\/v2\/media\/647931"}],"wp:attachment":[{"href":"https:\/\/droix.eu\/hu\/wp-json\/wp\/v2\/media?parent=658358"}],"wp:term":[{"taxonomy":"product_brand","embeddable":true,"href":"https:\/\/droix.eu\/hu\/wp-json\/wp\/v2\/product_brand?post=658358"},{"taxonomy":"product_cat","embeddable":true,"href":"https:\/\/droix.eu\/hu\/wp-json\/wp\/v2\/product_cat?post=658358"},{"taxonomy":"product_tag","embeddable":true,"href":"https:\/\/droix.eu\/hu\/wp-json\/wp\/v2\/product_tag?post=658358"},{"taxonomy":"woo-feed-brand","embeddable":true,"href":"https:\/\/droix.eu\/hu\/wp-json\/wp\/v2\/woo-feed-brand?post=658358"},{"taxonomy":"key-features","embeddable":true,"href":"https:\/\/droix.eu\/hu\/wp-json\/wp\/v2\/key-features?post=658358"}],"curies":[{"name":"wp","href":"https:\/\/api.w.org\/{rel}","templated":true}]}}