{"id":566818,"date":"2017-11-10T14:08:57","date_gmt":"2017-11-10T14:08:57","guid":{"rendered":"https:\/\/droix.eu\/product\/mini-hdmi-full-hdmi-kabel\/"},"modified":"2026-01-22T14:33:01","modified_gmt":"2026-01-22T14:33:01","slug":"mini-hdmi-full-hdmi-kabel","status":"publish","type":"product","link":"https:\/\/droix.eu\/hu\/product\/mini-hdmi-full-hdmi-kabel\/","title":{"rendered":"Mini HDMI -&gt; FULL HDMI k\u00e1bel"},"content":{"rendered":"<ul>\n<li>Minden Mini-HDMI k\u00e9sz\u00fcl\u00e9khez tervezve<\/li>\n<li>T\u00e1mogatja a 4K felbont\u00e1st<\/li>\n<\/ul>\n","protected":false},"excerpt":{"rendered":"<ul>\n<li>Minden Mini-HDMI k\u00e9sz\u00fcl\u00e9khez tervezve<\/li>\n<li>T\u00e1mogatja a 4K felbont\u00e1st<\/li>\n<\/ul>\n[droix_global_accordions]\n[cg_accordion title=\"Package Includes\"]<\/p>\n<ul>\n<li>1x HDMI-Mini-HDMI k\u00e1bel<\/li>\n<\/ul>\n<p>[\/cg_accordion]\n","protected":false},"featured_media":566819,"template":"","meta":{"_acf_changed":false},"product_brand":[],"product_cat":[35131,35009,35839,35006],"product_tag":[],"woo-feed-brand":[],"key-features":[],"class_list":{"0":"post-566818","1":"product","2":"type-product","3":"status-publish","4":"has-post-thumbnail","6":"product_cat-jatekos-kiegeszitok","7":"product_cat-laptop-tartozekok","8":"product_cat-szamitogepes-tartozekok","9":"product_cat-tartozekok","10":"product_shipping_class-low-end","11":"pa_accessory-type-a-v-cable","12":"pa_brands-droix-hu","14":"first","15":"instock","16":"sale","17":"taxable","18":"shipping-taxable","19":"purchasable","20":"product-type-simple"},"acf":[],"aioseo_notices":[],"aioseo_head":"\n\t\t<!-- All in One SEO Pro 4.9.6.2 - aioseo.com -->\n\t<meta name=\"description\" content=\"Minden Mini-HDMI k\u00e9sz\u00fcl\u00e9khez tervezve T\u00e1mogatja a 4K felbont\u00e1st Package Includes 1x HDMI-Mini-HDMI k\u00e1bel\" \/>\n\t<meta name=\"robots\" content=\"max-image-preview:large\" \/>\n\t<link rel=\"canonical\" href=\"https:\/\/droix.eu\/hu\/product\/mini-hdmi-full-hdmi-kabel\/\" \/>\n\t<meta name=\"generator\" content=\"All in One SEO Pro (AIOSEO) 4.9.6.2\" \/>\n\t\t<meta property=\"og:locale\" content=\"hu_HU\" \/>\n\t\t<meta property=\"og:site_name\" content=\"DROIX EU - Get the latest Mini PCs, Ultrabook, PC Gaming Handhelds and more!\" \/>\n\t\t<meta property=\"og:type\" content=\"article\" \/>\n\t\t<meta property=\"og:title\" content=\"Mini HDMI -&gt; FULL HDMI k\u00e1bel - DROIX EU\" \/>\n\t\t<meta property=\"og:description\" content=\"Minden Mini-HDMI k\u00e9sz\u00fcl\u00e9khez tervezve T\u00e1mogatja a 4K felbont\u00e1st Package Includes 1x HDMI-Mini-HDMI k\u00e1bel\" \/>\n\t\t<meta property=\"og:url\" content=\"https:\/\/droix.eu\/hu\/product\/mini-hdmi-full-hdmi-kabel\/\" \/>\n\t\t<meta property=\"og:image\" content=\"https:\/\/droix.eu\/wp-content\/uploads\/2024\/06\/droix-v2-light-logo.png\" \/>\n\t\t<meta property=\"og:image:secure_url\" content=\"https:\/\/droix.eu\/wp-content\/uploads\/2024\/06\/droix-v2-light-logo.png\" \/>\n\t\t<meta property=\"og:image:width\" content=\"380\" \/>\n\t\t<meta property=\"og:image:height\" content=\"118\" \/>\n\t\t<meta property=\"article:published_time\" content=\"2017-11-10T14:08:57+00:00\" \/>\n\t\t<meta property=\"article:modified_time\" content=\"2026-01-22T14:33:01+00:00\" \/>\n\t\t<meta property=\"article:publisher\" content=\"https:\/\/www.facebook.com\/DroiX.Store\" \/>\n\t\t<meta name=\"twitter:card\" content=\"summary_large_image\" \/>\n\t\t<meta name=\"twitter:site\" content=\"@DroiX_Store\" \/>\n\t\t<meta name=\"twitter:title\" content=\"Mini HDMI -&gt; FULL HDMI k\u00e1bel - DROIX EU\" \/>\n\t\t<meta name=\"twitter:description\" content=\"Minden Mini-HDMI k\u00e9sz\u00fcl\u00e9khez tervezve T\u00e1mogatja a 4K felbont\u00e1st Package Includes 1x HDMI-Mini-HDMI k\u00e1bel\" \/>\n\t\t<meta name=\"twitter:image\" content=\"https:\/\/droix.eu\/wp-content\/uploads\/2024\/06\/droix-v2-light-logo.png\" \/>\n\t\t<script type=\"application\/ld+json\" class=\"aioseo-schema\">\n\t\t\t{\"@context\":\"https:\\\/\\\/schema.org\",\"@graph\":[{\"@type\":\"BreadcrumbList\",\"@id\":\"https:\\\/\\\/droix.eu\\\/hu\\\/product\\\/mini-hdmi-full-hdmi-kabel\\\/#breadcrumblist\",\"itemListElement\":[{\"@type\":\"ListItem\",\"@id\":\"https:\\\/\\\/droix.eu\\\/hu\\\/#listItem\",\"position\":1,\"name\":\"Home\",\"item\":\"https:\\\/\\\/droix.eu\\\/hu\\\/\",\"nextItem\":{\"@type\":\"ListItem\",\"@id\":\"https:\\\/\\\/droix.eu\\\/hu\\\/product-category\\\/tartozekok\\\/#listItem\",\"name\":\"Tartoz\\u00e9kok\"}},{\"@type\":\"ListItem\",\"@id\":\"https:\\\/\\\/droix.eu\\\/hu\\\/product-category\\\/tartozekok\\\/#listItem\",\"position\":2,\"name\":\"Tartoz\\u00e9kok\",\"item\":\"https:\\\/\\\/droix.eu\\\/hu\\\/product-category\\\/tartozekok\\\/\",\"nextItem\":{\"@type\":\"ListItem\",\"@id\":\"https:\\\/\\\/droix.eu\\\/hu\\\/product-category\\\/tartozekok\\\/laptop-tartozekok\\\/#listItem\",\"name\":\"Laptop tartoz\\u00e9kok\"},\"previousItem\":{\"@type\":\"ListItem\",\"@id\":\"https:\\\/\\\/droix.eu\\\/hu\\\/#listItem\",\"name\":\"Home\"}},{\"@type\":\"ListItem\",\"@id\":\"https:\\\/\\\/droix.eu\\\/hu\\\/product-category\\\/tartozekok\\\/laptop-tartozekok\\\/#listItem\",\"position\":3,\"name\":\"Laptop tartoz\\u00e9kok\",\"item\":\"https:\\\/\\\/droix.eu\\\/hu\\\/product-category\\\/tartozekok\\\/laptop-tartozekok\\\/\",\"nextItem\":{\"@type\":\"ListItem\",\"@id\":\"https:\\\/\\\/droix.eu\\\/hu\\\/product\\\/mini-hdmi-full-hdmi-kabel\\\/#listItem\",\"name\":\"Mini HDMI -&gt; FULL HDMI k\\u00e1bel\"},\"previousItem\":{\"@type\":\"ListItem\",\"@id\":\"https:\\\/\\\/droix.eu\\\/hu\\\/product-category\\\/tartozekok\\\/#listItem\",\"name\":\"Tartoz\\u00e9kok\"}},{\"@type\":\"ListItem\",\"@id\":\"https:\\\/\\\/droix.eu\\\/hu\\\/product\\\/mini-hdmi-full-hdmi-kabel\\\/#listItem\",\"position\":4,\"name\":\"Mini HDMI -&gt; FULL HDMI k\\u00e1bel\",\"previousItem\":{\"@type\":\"ListItem\",\"@id\":\"https:\\\/\\\/droix.eu\\\/hu\\\/product-category\\\/tartozekok\\\/laptop-tartozekok\\\/#listItem\",\"name\":\"Laptop tartoz\\u00e9kok\"}}]},{\"@type\":\"Organization\",\"@id\":\"https:\\\/\\\/droix.eu\\\/hu\\\/#organization\",\"name\":\"DroiX \\u2013 Trusted EU Tech Retailer with 12+ Years Experience\",\"description\":\"DroiX is a leading European technology retailer with over 12 years of experience, offering quality mini PCs, handheld gaming consoles, and tech accessories. We provide hassle-free EU delivery with all taxes included, ensuring a smooth and reliable shopping experience for our customers across Europe.\",\"url\":\"https:\\\/\\\/droix.eu\\\/hu\\\/\",\"logo\":{\"@type\":\"ImageObject\",\"url\":\"https:\\\/\\\/droix.eu\\\/wp-content\\\/uploads\\\/2024\\\/06\\\/droix-v2-light-logo.png\",\"@id\":\"https:\\\/\\\/droix.eu\\\/hu\\\/product\\\/mini-hdmi-full-hdmi-kabel\\\/#organizationLogo\",\"width\":380,\"height\":118},\"image\":{\"@id\":\"https:\\\/\\\/droix.eu\\\/hu\\\/product\\\/mini-hdmi-full-hdmi-kabel\\\/#organizationLogo\"},\"sameAs\":[\"https:\\\/\\\/www.facebook.com\\\/DroiX.Store\",\"https:\\\/\\\/twitter.com\\\/DroiX_Store\",\"https:\\\/\\\/www.instagram.com\\\/droix.store\\\/\",\"https:\\\/\\\/www.tiktok.com\\\/@droix.store\",\"https:\\\/\\\/www.youtube.com\\\/c\\\/DroiX_Store\",\"https:\\\/\\\/uk.linkedin.com\\\/company\\\/droix\"]},{\"@type\":\"Product\",\"@id\":\"https:\\\/\\\/droix.eu\\\/hu\\\/product\\\/mini-hdmi-full-hdmi-kabel\\\/#wooCommerceProduct\",\"name\":\"Mini HDMI -&gt; FULL HDMI k\\u00e1bel\",\"description\":\"Minden Mini-HDMI k\\u00e9sz\\u00fcl\\u00e9khez tervezve\\n \\tT\\u00e1mogatja a 4K felbont\\u00e1st\",\"url\":\"https:\\\/\\\/droix.eu\\\/hu\\\/product\\\/mini-hdmi-full-hdmi-kabel\\\/\",\"sku\":\"MINI-2-FULL-HDMI-CABLE\",\"gtin\":\"7426845066897\",\"image\":{\"@type\":\"ImageObject\",\"url\":\"https:\\\/\\\/droix.eu\\\/wp-content\\\/uploads\\\/2021\\\/12\\\/hdmiminitohdmiconvertercableforgpdwinblack464598_1.jpg\",\"@id\":\"https:\\\/\\\/droix.eu\\\/hu\\\/product\\\/mini-hdmi-full-hdmi-kabel\\\/#productImage\",\"width\":500,\"height\":500},\"offers\":{\"@type\":\"Offer\",\"url\":\"https:\\\/\\\/droix.eu\\\/hu\\\/product\\\/mini-hdmi-full-hdmi-kabel\\\/#wooCommerceOffer\",\"price\":6.09,\"priceCurrency\":\"EUR\",\"category\":\"J\\u00e1t\\u00e9kos kieg\\u00e9sz\\u00edt\\u0151k\",\"availability\":\"https:\\\/\\\/schema.org\\\/InStock\",\"priceSpecification\":{\"@type\":\"PriceSpecification\",\"price\":6.09,\"priceCurrency\":\"EUR\",\"valueAddedTaxIncluded\":\"true\"},\"seller\":{\"@type\":\"Organization\",\"@id\":\"https:\\\/\\\/droix.eu\\\/hu\\\/#organization\"}}},{\"@type\":\"WebPage\",\"@id\":\"https:\\\/\\\/droix.eu\\\/hu\\\/product\\\/mini-hdmi-full-hdmi-kabel\\\/#webpage\",\"url\":\"https:\\\/\\\/droix.eu\\\/hu\\\/product\\\/mini-hdmi-full-hdmi-kabel\\\/\",\"name\":\"Mini HDMI -> FULL HDMI k\\u00e1bel - DROIX EU\",\"description\":\"Minden Mini-HDMI k\\u00e9sz\\u00fcl\\u00e9khez tervezve T\\u00e1mogatja a 4K felbont\\u00e1st Package Includes 1x HDMI-Mini-HDMI k\\u00e1bel\",\"inLanguage\":\"hu-HU\",\"isPartOf\":{\"@id\":\"https:\\\/\\\/droix.eu\\\/hu\\\/#website\"},\"breadcrumb\":{\"@id\":\"https:\\\/\\\/droix.eu\\\/hu\\\/product\\\/mini-hdmi-full-hdmi-kabel\\\/#breadcrumblist\"},\"image\":{\"@type\":\"ImageObject\",\"url\":\"https:\\\/\\\/droix.eu\\\/wp-content\\\/uploads\\\/2021\\\/12\\\/hdmiminitohdmiconvertercableforgpdwinblack464598_1.jpg\",\"@id\":\"https:\\\/\\\/droix.eu\\\/hu\\\/product\\\/mini-hdmi-full-hdmi-kabel\\\/#mainImage\",\"width\":500,\"height\":500},\"primaryImageOfPage\":{\"@id\":\"https:\\\/\\\/droix.eu\\\/hu\\\/product\\\/mini-hdmi-full-hdmi-kabel\\\/#mainImage\"},\"datePublished\":\"2017-11-10T14:08:57+00:00\",\"dateModified\":\"2026-01-22T14:33:01+00:00\"},{\"@type\":\"WebSite\",\"@id\":\"https:\\\/\\\/droix.eu\\\/hu\\\/#website\",\"url\":\"https:\\\/\\\/droix.eu\\\/hu\\\/\",\"name\":\"DROIX EU\",\"description\":\"Get the latest Mini PCs, Ultrabook, PC Gaming Handhelds and more!\",\"inLanguage\":\"hu-HU\",\"publisher\":{\"@id\":\"https:\\\/\\\/droix.eu\\\/hu\\\/#organization\"}}]}\n\t\t<\/script>\n\t\t<!-- All in One SEO Pro -->\r\n\t\t<title>Mini HDMI -&gt; FULL HDMI k\u00e1bel - DROIX EU<\/title>\n\n","aioseo_head_json":{"title":"Mini HDMI -> FULL HDMI k\u00e1bel - DROIX EU","description":"Minden Mini-HDMI k\u00e9sz\u00fcl\u00e9khez tervezve T\u00e1mogatja a 4K felbont\u00e1st Package Includes 1x HDMI-Mini-HDMI k\u00e1bel","canonical_url":"https:\/\/droix.eu\/hu\/product\/mini-hdmi-full-hdmi-kabel\/","robots":"max-image-preview:large","keywords":"","webmasterTools":{"miscellaneous":""},"schema":{"@context":"https:\/\/schema.org","@graph":[{"@type":"BreadcrumbList","@id":"https:\/\/droix.eu\/hu\/product\/mini-hdmi-full-hdmi-kabel\/#breadcrumblist","itemListElement":[{"@type":"ListItem","@id":"https:\/\/droix.eu\/hu\/#listItem","position":1,"name":"Home","item":"https:\/\/droix.eu\/hu\/","nextItem":{"@type":"ListItem","@id":"https:\/\/droix.eu\/hu\/product-category\/tartozekok\/#listItem","name":"Tartoz\u00e9kok"}},{"@type":"ListItem","@id":"https:\/\/droix.eu\/hu\/product-category\/tartozekok\/#listItem","position":2,"name":"Tartoz\u00e9kok","item":"https:\/\/droix.eu\/hu\/product-category\/tartozekok\/","nextItem":{"@type":"ListItem","@id":"https:\/\/droix.eu\/hu\/product-category\/tartozekok\/laptop-tartozekok\/#listItem","name":"Laptop tartoz\u00e9kok"},"previousItem":{"@type":"ListItem","@id":"https:\/\/droix.eu\/hu\/#listItem","name":"Home"}},{"@type":"ListItem","@id":"https:\/\/droix.eu\/hu\/product-category\/tartozekok\/laptop-tartozekok\/#listItem","position":3,"name":"Laptop tartoz\u00e9kok","item":"https:\/\/droix.eu\/hu\/product-category\/tartozekok\/laptop-tartozekok\/","nextItem":{"@type":"ListItem","@id":"https:\/\/droix.eu\/hu\/product\/mini-hdmi-full-hdmi-kabel\/#listItem","name":"Mini HDMI -&gt; FULL HDMI k\u00e1bel"},"previousItem":{"@type":"ListItem","@id":"https:\/\/droix.eu\/hu\/product-category\/tartozekok\/#listItem","name":"Tartoz\u00e9kok"}},{"@type":"ListItem","@id":"https:\/\/droix.eu\/hu\/product\/mini-hdmi-full-hdmi-kabel\/#listItem","position":4,"name":"Mini HDMI -&gt; FULL HDMI k\u00e1bel","previousItem":{"@type":"ListItem","@id":"https:\/\/droix.eu\/hu\/product-category\/tartozekok\/laptop-tartozekok\/#listItem","name":"Laptop tartoz\u00e9kok"}}]},{"@type":"Organization","@id":"https:\/\/droix.eu\/hu\/#organization","name":"DroiX \u2013 Trusted EU Tech Retailer with 12+ Years Experience","description":"DroiX is a leading European technology retailer with over 12 years of experience, offering quality mini PCs, handheld gaming consoles, and tech accessories. We provide hassle-free EU delivery with all taxes included, ensuring a smooth and reliable shopping experience for our customers across Europe.","url":"https:\/\/droix.eu\/hu\/","logo":{"@type":"ImageObject","url":"https:\/\/droix.eu\/wp-content\/uploads\/2024\/06\/droix-v2-light-logo.png","@id":"https:\/\/droix.eu\/hu\/product\/mini-hdmi-full-hdmi-kabel\/#organizationLogo","width":380,"height":118},"image":{"@id":"https:\/\/droix.eu\/hu\/product\/mini-hdmi-full-hdmi-kabel\/#organizationLogo"},"sameAs":["https:\/\/www.facebook.com\/DroiX.Store","https:\/\/twitter.com\/DroiX_Store","https:\/\/www.instagram.com\/droix.store\/","https:\/\/www.tiktok.com\/@droix.store","https:\/\/www.youtube.com\/c\/DroiX_Store","https:\/\/uk.linkedin.com\/company\/droix"]},{"@type":"Product","@id":"https:\/\/droix.eu\/hu\/product\/mini-hdmi-full-hdmi-kabel\/#wooCommerceProduct","name":"Mini HDMI -&gt; FULL HDMI k\u00e1bel","description":"Minden Mini-HDMI k\u00e9sz\u00fcl\u00e9khez tervezve\n \tT\u00e1mogatja a 4K felbont\u00e1st","url":"https:\/\/droix.eu\/hu\/product\/mini-hdmi-full-hdmi-kabel\/","sku":"MINI-2-FULL-HDMI-CABLE","gtin":"7426845066897","image":{"@type":"ImageObject","url":"https:\/\/droix.eu\/wp-content\/uploads\/2021\/12\/hdmiminitohdmiconvertercableforgpdwinblack464598_1.jpg","@id":"https:\/\/droix.eu\/hu\/product\/mini-hdmi-full-hdmi-kabel\/#productImage","width":500,"height":500},"offers":{"@type":"Offer","url":"https:\/\/droix.eu\/hu\/product\/mini-hdmi-full-hdmi-kabel\/#wooCommerceOffer","price":6.09,"priceCurrency":"EUR","category":"J\u00e1t\u00e9kos kieg\u00e9sz\u00edt\u0151k","availability":"https:\/\/schema.org\/InStock","priceSpecification":{"@type":"PriceSpecification","price":6.09,"priceCurrency":"EUR","valueAddedTaxIncluded":"true"},"seller":{"@type":"Organization","@id":"https:\/\/droix.eu\/hu\/#organization"}}},{"@type":"WebPage","@id":"https:\/\/droix.eu\/hu\/product\/mini-hdmi-full-hdmi-kabel\/#webpage","url":"https:\/\/droix.eu\/hu\/product\/mini-hdmi-full-hdmi-kabel\/","name":"Mini HDMI -> FULL HDMI k\u00e1bel - DROIX EU","description":"Minden Mini-HDMI k\u00e9sz\u00fcl\u00e9khez tervezve T\u00e1mogatja a 4K felbont\u00e1st Package Includes 1x HDMI-Mini-HDMI k\u00e1bel","inLanguage":"hu-HU","isPartOf":{"@id":"https:\/\/droix.eu\/hu\/#website"},"breadcrumb":{"@id":"https:\/\/droix.eu\/hu\/product\/mini-hdmi-full-hdmi-kabel\/#breadcrumblist"},"image":{"@type":"ImageObject","url":"https:\/\/droix.eu\/wp-content\/uploads\/2021\/12\/hdmiminitohdmiconvertercableforgpdwinblack464598_1.jpg","@id":"https:\/\/droix.eu\/hu\/product\/mini-hdmi-full-hdmi-kabel\/#mainImage","width":500,"height":500},"primaryImageOfPage":{"@id":"https:\/\/droix.eu\/hu\/product\/mini-hdmi-full-hdmi-kabel\/#mainImage"},"datePublished":"2017-11-10T14:08:57+00:00","dateModified":"2026-01-22T14:33:01+00:00"},{"@type":"WebSite","@id":"https:\/\/droix.eu\/hu\/#website","url":"https:\/\/droix.eu\/hu\/","name":"DROIX EU","description":"Get the latest Mini PCs, Ultrabook, PC Gaming Handhelds and more!","inLanguage":"hu-HU","publisher":{"@id":"https:\/\/droix.eu\/hu\/#organization"}}]},"og:locale":"hu_HU","og:site_name":"DROIX EU - Get the latest Mini PCs, Ultrabook, PC Gaming Handhelds and more!","og:type":"article","og:title":"Mini HDMI -&gt; FULL HDMI k\u00e1bel - DROIX EU","og:description":"Minden Mini-HDMI k\u00e9sz\u00fcl\u00e9khez tervezve T\u00e1mogatja a 4K felbont\u00e1st Package Includes 1x HDMI-Mini-HDMI k\u00e1bel","og:url":"https:\/\/droix.eu\/hu\/product\/mini-hdmi-full-hdmi-kabel\/","og:image":"https:\/\/droix.eu\/wp-content\/uploads\/2024\/06\/droix-v2-light-logo.png","og:image:secure_url":"https:\/\/droix.eu\/wp-content\/uploads\/2024\/06\/droix-v2-light-logo.png","og:image:width":380,"og:image:height":118,"article:published_time":"2017-11-10T14:08:57+00:00","article:modified_time":"2026-01-22T14:33:01+00:00","article:publisher":"https:\/\/www.facebook.com\/DroiX.Store","twitter:card":"summary_large_image","twitter:site":"@DroiX_Store","twitter:title":"Mini HDMI -&gt; FULL HDMI k\u00e1bel - DROIX EU","twitter:description":"Minden Mini-HDMI k\u00e9sz\u00fcl\u00e9khez tervezve T\u00e1mogatja a 4K felbont\u00e1st Package Includes 1x HDMI-Mini-HDMI k\u00e1bel","twitter:image":"https:\/\/droix.eu\/wp-content\/uploads\/2024\/06\/droix-v2-light-logo.png"},"aioseo_meta_data":{"post_id":"566818","title":null,"description":null,"keywords":null,"keyphrases":null,"primary_term":null,"canonical_url":null,"og_title":null,"og_description":null,"og_object_type":"default","og_image_type":"default","og_image_url":null,"og_image_width":null,"og_image_height":null,"og_image_custom_url":null,"og_image_custom_fields":null,"og_video":null,"og_custom_url":null,"og_article_section":null,"og_article_tags":null,"twitter_use_og":true,"twitter_card":"default","twitter_image_type":"default","twitter_image_url":null,"twitter_image_custom_url":null,"twitter_image_custom_fields":null,"twitter_title":null,"twitter_description":null,"schema":{"blockGraphs":[],"customGraphs":[],"default":{"data":{"Article":[],"Course":[],"Dataset":[],"FAQPage":[],"Movie":[],"Person":[],"Product":[],"ProductReview":[],"Car":[],"Recipe":[],"Service":[],"SoftwareApplication":[],"WebPage":[]},"graphName":"Product","isEnabled":true},"graphs":[]},"schema_type":"default","schema_type_options":null,"pillar_content":false,"robots_default":true,"robots_noindex":false,"robots_noarchive":false,"robots_nosnippet":false,"robots_nofollow":false,"robots_noimageindex":false,"robots_noodp":false,"robots_notranslate":false,"robots_max_snippet":null,"robots_max_videopreview":null,"robots_max_imagepreview":"large","priority":null,"frequency":null,"local_seo":null,"seo_analyzer_scan_date":"2025-10-24 07:21:31","breadcrumb_settings":null,"limit_modified_date":false,"reviewed_by":null,"open_ai":null,"ai":null,"created":"2025-10-09 03:21:30","updated":"2026-01-24 09:26:28"},"aioseo_breadcrumb":"<div class=\"aioseo-breadcrumbs\"><span class=\"aioseo-breadcrumb\">\n\t<a href=\"https:\/\/droix.eu\/hu\/\" title=\"Home\">Home<\/a>\n<\/span><span class=\"aioseo-breadcrumb-separator\">&raquo;<\/span><span class=\"aioseo-breadcrumb\">\n\t<a href=\"https:\/\/droix.eu\/hu\/product-category\/tartozekok\/\" title=\"Tartoz\u00e9kok\">Tartoz\u00e9kok<\/a>\n<\/span><span class=\"aioseo-breadcrumb-separator\">&raquo;<\/span><span class=\"aioseo-breadcrumb\">\n\t<a href=\"https:\/\/droix.eu\/hu\/product-category\/tartozekok\/laptop-tartozekok\/\" title=\"Laptop tartoz\u00e9kok\">Laptop tartoz\u00e9kok<\/a>\n<\/span><span class=\"aioseo-breadcrumb-separator\">&raquo;<\/span><span class=\"aioseo-breadcrumb\">\n\tMini HDMI -&gt; FULL HDMI k\u00e1bel\n<\/span><\/div>","aioseo_breadcrumb_json":[{"label":"Home","link":"https:\/\/droix.eu\/hu\/"},{"label":"Tartoz\u00e9kok","link":"https:\/\/droix.eu\/hu\/product-category\/tartozekok\/"},{"label":"Laptop tartoz\u00e9kok","link":"https:\/\/droix.eu\/hu\/product-category\/tartozekok\/laptop-tartozekok\/"},{"label":"Mini HDMI -&gt; FULL HDMI k\u00e1bel","link":"https:\/\/droix.eu\/hu\/product\/mini-hdmi-full-hdmi-kabel\/"}],"_links":{"self":[{"href":"https:\/\/droix.eu\/hu\/wp-json\/wp\/v2\/product\/566818","targetHints":{"allow":["GET"]}}],"collection":[{"href":"https:\/\/droix.eu\/hu\/wp-json\/wp\/v2\/product"}],"about":[{"href":"https:\/\/droix.eu\/hu\/wp-json\/wp\/v2\/types\/product"}],"version-history":[{"count":0,"href":"https:\/\/droix.eu\/hu\/wp-json\/wp\/v2\/product\/566818\/revisions"}],"wp:featuredmedia":[{"embeddable":true,"href":"https:\/\/droix.eu\/hu\/wp-json\/wp\/v2\/media\/566819"}],"wp:attachment":[{"href":"https:\/\/droix.eu\/hu\/wp-json\/wp\/v2\/media?parent=566818"}],"wp:term":[{"taxonomy":"product_brand","embeddable":true,"href":"https:\/\/droix.eu\/hu\/wp-json\/wp\/v2\/product_brand?post=566818"},{"taxonomy":"product_cat","embeddable":true,"href":"https:\/\/droix.eu\/hu\/wp-json\/wp\/v2\/product_cat?post=566818"},{"taxonomy":"product_tag","embeddable":true,"href":"https:\/\/droix.eu\/hu\/wp-json\/wp\/v2\/product_tag?post=566818"},{"taxonomy":"woo-feed-brand","embeddable":true,"href":"https:\/\/droix.eu\/hu\/wp-json\/wp\/v2\/woo-feed-brand?post=566818"},{"taxonomy":"key-features","embeddable":true,"href":"https:\/\/droix.eu\/hu\/wp-json\/wp\/v2\/key-features?post=566818"}],"curies":[{"name":"wp","href":"https:\/\/api.w.org\/{rel}","templated":true}]}}