{"id":565269,"date":"2020-11-20T10:02:39","date_gmt":"2020-11-20T10:02:39","guid":{"rendered":"https:\/\/droix.eu\/product\/fx8s-usb-type-c-hub\/"},"modified":"2025-09-05T15:11:56","modified_gmt":"2025-09-05T14:11:56","slug":"fx8s-usb-type-c-hub","status":"publish","type":"product","link":"https:\/\/droix.eu\/hu\/product\/fx8s-usb-type-c-hub\/","title":{"rendered":"FX8S USB Type-C hub"},"content":{"rendered":"<p>Az FX8s <strong>USB-C Hub 8 az 1-ben adapter<\/strong> egyetlen kompakt \u00e9s nagy teljes\u00edtm\u00e9ny\u0171 <strong>USB-C Hubban<\/strong> egyes\u00edti a gyakran sz\u00fcks\u00e9ges portokat.<\/p>\n<p>Az FX8s <strong>USB-C hub<\/strong> csatlakozik az USB Type-C porthoz, \u00e9s <a href=\"https:\/\/www.pocket-lint.com\/laptops\/news\/139323-thunderbolt-3-explained-the-one-port-to-rule-them-all\">Thunderbolt 3<\/a> kompatibilis is. Nagy sebess\u00e9g\u0171 \u00e1tj\u00e1r\u00f3t biztos\u00edt az eszk\u00f6z\u00e9r\u0151l, p\u00e9ld\u00e1ul egy PC-r\u0151l vagy laptopr\u00f3l a hubhoz, \u00e9s lehet\u0151v\u00e9 teszi a t\u00f6lt\u00e9st is haszn\u00e1lat k\u00f6zben. <\/p>\n<p>Az <strong>USB-C hub HDMI<\/strong> portja ak\u00e1r <strong>4K*2K UHD<\/strong> (3840&#215;2160) 60Hz-en t\u00e1mogatja a megjelen\u00edt\u0151 eszk\u00f6z\u00f6kh\u00f6z, p\u00e9ld\u00e1ul TV-khez, monitorokhoz vagy projektorokhoz val\u00f3 csatlakoztat\u00e1st. Egyszer\u0171en csatlakoztasson egy HDMI-k\u00e1belt a hubhoz \u00e9s a kijelz\u0151j\u00e9hez, \u00e9s m\u00e1ris k\u00e9szen \u00e1ll. <\/p>\n<p>K\u00e9t szupergyors <strong>USB 3.0 port<\/strong> tal\u00e1lhat\u00f3 az oldal\u00e1n, \u00e9s lehet\u0151v\u00e9 teszi olyan eszk\u00f6z\u00f6k, mint az eg\u00e9r vagy a billenty\u0171zet, illetve nagy sebess\u00e9g\u0171 perif\u00e9ri\u00e1k, p\u00e9ld\u00e1ul USB-mem\u00f3riak\u00e1rty\u00e1k \u00e9s k\u00fcls\u0151 merevlemezek csatlakoztat\u00e1s\u00e1t. Ezek legfeljebb 4,5 W maxim\u00e1lis teljes\u00edtm\u00e9nyt szolg\u00e1ltatnak. <\/p>\n<p>A n\u0151i <strong>USB Type-C port<\/strong> ak\u00e1r 87W-os h\u00e1l\u00f3zati adaptereket is t\u00e1mogat, \u00e9s 20V-ot is k\u00e9pes kimeneti fesz\u00fclts\u00e9ggel, 3A mellett. A kett\u0151s funkcionalit\u00e1s lehet\u0151v\u00e9 teszi, hogy a hubon kereszt\u00fcl t\u00f6ltse k\u00e9sz\u00fcl\u00e9k\u00e9t, mik\u00f6zben haszn\u00e1lja azt, ez t\u00f6k\u00e9letes megold\u00e1s, ha a k\u00e9sz\u00fcl\u00e9k\u00e9nek csak egy Type-C portja van. Ezen a porton kereszt\u00fcl kompatibilis <a href=\"https:\/\/www.computerworld.com\/article\/2488194\/usb-c-explained-how-to-get-the-most-from-it-and-why-its-great.html\">Type-C perif\u00e9ri\u00e1kat<\/a> is csatlakoztathat a hubhoz.  <\/p>\n<p>Sok hordozhat\u00f3 eszk\u00f6z ma m\u00e1r csak vezet\u00e9k n\u00e9lk\u00fcli kapcsolattal rendelkezik, \u00e9s ez gyakran nem el\u00e9g gyors vagy megb\u00edzhat\u00f3. Az <strong>USB-C hub ethernet<\/strong> RJ45 portja ak\u00e1r 100 Mbps sebess\u00e9gig t\u00e1mogatja a gyors \u00e9s stabil vezet\u00e9kes adat\u00e1tvitelt. <\/p>\n<p>Az FX8s hub SD \u00e9s Micro SD <strong>USB-C k\u00e1rtyaolvas\u00f3val<\/strong> is rendelkezik, amely megb\u00edzhat\u00f3, nagy sebess\u00e9g\u0171 \u00edr\u00e1st \u00e9s olvas\u00e1st biztos\u00edt a k\u00e1rty\u00e1kr\u00f3l \u00e9s a k\u00e1rty\u00e1kr\u00f3l az eszk\u00f6zre.<\/p>\n","protected":false},"excerpt":{"rendered":"<ul>\n<li><strong>Nagy sebess\u00e9g\u0171<\/strong> USB Type-C adapter<\/li>\n<li><strong>4K<\/strong> HDMI kimenet<\/li>\n<li>RJ45 <strong>100M\/s<\/strong> Ethernet port<\/li>\n<li>SD\/MicroSD k\u00e1rtyahely<\/li>\n<li>Kompatibilis a <strong>Windows<\/strong><strong>, Mac<\/strong> \u00e9s <strong>Android<\/strong><\/li>\n<\/ul>\n[droix_global_accordions]\n[cg_accordion title=\"Package Includes\"]<\/p>\n<ul>\n<li>1x FX8S USB Type-C hub<\/li>\n<\/ul>\n<p>[\/cg_accordion]\n","protected":false},"featured_media":565270,"template":"","meta":{"_acf_changed":false},"product_brand":[],"product_cat":[35131,35009,35839,35006],"product_tag":[],"woo-feed-brand":[],"key-features":[],"class_list":{"0":"post-565269","1":"product","2":"type-product","3":"status-publish","4":"has-post-thumbnail","6":"product_cat-jatekos-kiegeszitok","7":"product_cat-laptop-tartozekok","8":"product_cat-szamitogepes-tartozekok","9":"product_cat-tartozekok","10":"product_shipping_class-low-end","11":"pa_accessory-type-docking-station","12":"pa_brands-droix-hu","14":"first","15":"outofstock","16":"taxable","17":"shipping-taxable","18":"purchasable","19":"product-type-simple"},"acf":[],"aioseo_notices":[],"aioseo_head":"\n\t\t<!-- All in One SEO Pro 4.9.6.2 - aioseo.com -->\n\t<meta name=\"description\" content=\"Nagy sebess\u00e9g\u0171 USB Type-C adapter 4K HDMI kimenet RJ45 100M\/s Ethernet port SD\/MicroSD k\u00e1rtyahely Kompatibilis a Windows, Mac \u00e9s Android Package Includes 1x FX8S USB Type-C hub\" \/>\n\t<meta name=\"robots\" content=\"max-image-preview:large\" \/>\n\t<link rel=\"canonical\" href=\"https:\/\/droix.eu\/hu\/product\/fx8s-usb-type-c-hub\/\" \/>\n\t<meta name=\"generator\" content=\"All in One SEO Pro (AIOSEO) 4.9.6.2\" \/>\n\t\t<meta property=\"og:locale\" content=\"hu_HU\" \/>\n\t\t<meta property=\"og:site_name\" content=\"DROIX EU - Get the latest Mini PCs, Ultrabook, PC Gaming Handhelds and more!\" \/>\n\t\t<meta property=\"og:type\" content=\"article\" \/>\n\t\t<meta property=\"og:title\" content=\"FX8S USB Type-C hub - DROIX EU\" \/>\n\t\t<meta property=\"og:description\" content=\"Nagy sebess\u00e9g\u0171 USB Type-C adapter 4K HDMI kimenet RJ45 100M\/s Ethernet port SD\/MicroSD k\u00e1rtyahely Kompatibilis a Windows, Mac \u00e9s Android Package Includes 1x FX8S USB Type-C hub\" \/>\n\t\t<meta property=\"og:url\" content=\"https:\/\/droix.eu\/hu\/product\/fx8s-usb-type-c-hub\/\" \/>\n\t\t<meta property=\"og:image\" content=\"https:\/\/droix.eu\/wp-content\/uploads\/2024\/06\/droix-v2-light-logo.png\" \/>\n\t\t<meta property=\"og:image:secure_url\" content=\"https:\/\/droix.eu\/wp-content\/uploads\/2024\/06\/droix-v2-light-logo.png\" \/>\n\t\t<meta property=\"og:image:width\" content=\"380\" \/>\n\t\t<meta property=\"og:image:height\" content=\"118\" \/>\n\t\t<meta property=\"article:published_time\" content=\"2020-11-20T10:02:39+00:00\" \/>\n\t\t<meta property=\"article:modified_time\" content=\"2025-09-05T14:11:56+00:00\" \/>\n\t\t<meta property=\"article:publisher\" content=\"https:\/\/www.facebook.com\/DroiX.Store\" \/>\n\t\t<meta name=\"twitter:card\" content=\"summary_large_image\" \/>\n\t\t<meta name=\"twitter:site\" content=\"@DroiX_Store\" \/>\n\t\t<meta name=\"twitter:title\" content=\"FX8S USB Type-C hub - DROIX EU\" \/>\n\t\t<meta name=\"twitter:description\" content=\"Nagy sebess\u00e9g\u0171 USB Type-C adapter 4K HDMI kimenet RJ45 100M\/s Ethernet port SD\/MicroSD k\u00e1rtyahely Kompatibilis a Windows, Mac \u00e9s Android Package Includes 1x FX8S USB Type-C hub\" \/>\n\t\t<meta name=\"twitter:image\" content=\"https:\/\/droix.eu\/wp-content\/uploads\/2024\/06\/droix-v2-light-logo.png\" \/>\n\t\t<script type=\"application\/ld+json\" class=\"aioseo-schema\">\n\t\t\t{\"@context\":\"https:\\\/\\\/schema.org\",\"@graph\":[{\"@type\":\"BreadcrumbList\",\"@id\":\"https:\\\/\\\/droix.eu\\\/hu\\\/product\\\/fx8s-usb-type-c-hub\\\/#breadcrumblist\",\"itemListElement\":[{\"@type\":\"ListItem\",\"@id\":\"https:\\\/\\\/droix.eu\\\/hu\\\/#listItem\",\"position\":1,\"name\":\"Home\",\"item\":\"https:\\\/\\\/droix.eu\\\/hu\\\/\",\"nextItem\":{\"@type\":\"ListItem\",\"@id\":\"https:\\\/\\\/droix.eu\\\/hu\\\/product-category\\\/tartozekok\\\/#listItem\",\"name\":\"Tartoz\\u00e9kok\"}},{\"@type\":\"ListItem\",\"@id\":\"https:\\\/\\\/droix.eu\\\/hu\\\/product-category\\\/tartozekok\\\/#listItem\",\"position\":2,\"name\":\"Tartoz\\u00e9kok\",\"item\":\"https:\\\/\\\/droix.eu\\\/hu\\\/product-category\\\/tartozekok\\\/\",\"nextItem\":{\"@type\":\"ListItem\",\"@id\":\"https:\\\/\\\/droix.eu\\\/hu\\\/product-category\\\/tartozekok\\\/laptop-tartozekok\\\/#listItem\",\"name\":\"Laptop tartoz\\u00e9kok\"},\"previousItem\":{\"@type\":\"ListItem\",\"@id\":\"https:\\\/\\\/droix.eu\\\/hu\\\/#listItem\",\"name\":\"Home\"}},{\"@type\":\"ListItem\",\"@id\":\"https:\\\/\\\/droix.eu\\\/hu\\\/product-category\\\/tartozekok\\\/laptop-tartozekok\\\/#listItem\",\"position\":3,\"name\":\"Laptop tartoz\\u00e9kok\",\"item\":\"https:\\\/\\\/droix.eu\\\/hu\\\/product-category\\\/tartozekok\\\/laptop-tartozekok\\\/\",\"nextItem\":{\"@type\":\"ListItem\",\"@id\":\"https:\\\/\\\/droix.eu\\\/hu\\\/product\\\/fx8s-usb-type-c-hub\\\/#listItem\",\"name\":\"FX8S USB Type-C hub\"},\"previousItem\":{\"@type\":\"ListItem\",\"@id\":\"https:\\\/\\\/droix.eu\\\/hu\\\/product-category\\\/tartozekok\\\/#listItem\",\"name\":\"Tartoz\\u00e9kok\"}},{\"@type\":\"ListItem\",\"@id\":\"https:\\\/\\\/droix.eu\\\/hu\\\/product\\\/fx8s-usb-type-c-hub\\\/#listItem\",\"position\":4,\"name\":\"FX8S USB Type-C hub\",\"previousItem\":{\"@type\":\"ListItem\",\"@id\":\"https:\\\/\\\/droix.eu\\\/hu\\\/product-category\\\/tartozekok\\\/laptop-tartozekok\\\/#listItem\",\"name\":\"Laptop tartoz\\u00e9kok\"}}]},{\"@type\":\"Organization\",\"@id\":\"https:\\\/\\\/droix.eu\\\/hu\\\/#organization\",\"name\":\"DroiX \\u2013 Trusted EU Tech Retailer with 12+ Years Experience\",\"description\":\"DroiX is a leading European technology retailer with over 12 years of experience, offering quality mini PCs, handheld gaming consoles, and tech accessories. We provide hassle-free EU delivery with all taxes included, ensuring a smooth and reliable shopping experience for our customers across Europe.\",\"url\":\"https:\\\/\\\/droix.eu\\\/hu\\\/\",\"logo\":{\"@type\":\"ImageObject\",\"url\":\"https:\\\/\\\/droix.eu\\\/wp-content\\\/uploads\\\/2024\\\/06\\\/droix-v2-light-logo.png\",\"@id\":\"https:\\\/\\\/droix.eu\\\/hu\\\/product\\\/fx8s-usb-type-c-hub\\\/#organizationLogo\",\"width\":380,\"height\":118},\"image\":{\"@id\":\"https:\\\/\\\/droix.eu\\\/hu\\\/product\\\/fx8s-usb-type-c-hub\\\/#organizationLogo\"},\"sameAs\":[\"https:\\\/\\\/www.facebook.com\\\/DroiX.Store\",\"https:\\\/\\\/twitter.com\\\/DroiX_Store\",\"https:\\\/\\\/www.instagram.com\\\/droix.store\\\/\",\"https:\\\/\\\/www.tiktok.com\\\/@droix.store\",\"https:\\\/\\\/www.youtube.com\\\/c\\\/DroiX_Store\",\"https:\\\/\\\/uk.linkedin.com\\\/company\\\/droix\"]},{\"@type\":\"Product\",\"@id\":\"https:\\\/\\\/droix.eu\\\/hu\\\/product\\\/fx8s-usb-type-c-hub\\\/#wooCommerceProduct\",\"name\":\"FX8S USB Type-C hub\",\"description\":\"Nagy sebess\\u00e9g\\u0171 USB Type-C adapter\\n \\t4K HDMI kimenet\\n \\tRJ45 100M\\\/s Ethernet port\\n \\tSD\\\/MicroSD k\\u00e1rtyahely\\n \\tKompatibilis a Windows, Mac \\u00e9s Android\",\"url\":\"https:\\\/\\\/droix.eu\\\/hu\\\/product\\\/fx8s-usb-type-c-hub\\\/\",\"sku\":\"DX-FX8-S-USB-TYPE-C-ADAPTER\",\"image\":{\"@type\":\"ImageObject\",\"url\":\"https:\\\/\\\/droix.eu\\\/wp-content\\\/uploads\\\/2021\\\/12\\\/1-2.png\",\"@id\":\"https:\\\/\\\/droix.eu\\\/hu\\\/product\\\/fx8s-usb-type-c-hub\\\/#productImage\",\"width\":670,\"height\":840,\"caption\":\"DroiX FX8s - 2 USB Type-C csatlakoz\\u00f3, 1 HDMI, 2 USB Type-A, 1 SD k\\u00e1rtya \\u00e9s 1 MicroSD port megjelen\\u00edt\\u00e9se\"},\"offers\":{\"@type\":\"Offer\",\"url\":\"https:\\\/\\\/droix.eu\\\/hu\\\/product\\\/fx8s-usb-type-c-hub\\\/#wooCommerceOffer\",\"price\":33.2,\"priceCurrency\":\"EUR\",\"category\":\"J\\u00e1t\\u00e9kos kieg\\u00e9sz\\u00edt\\u0151k\",\"priceValidUntil\":\"2024-05-26\",\"availability\":\"https:\\\/\\\/schema.org\\\/OutOfStock\",\"priceSpecification\":{\"@type\":\"PriceSpecification\",\"price\":33.2,\"priceCurrency\":\"EUR\",\"valueAddedTaxIncluded\":\"true\"},\"seller\":{\"@type\":\"Organization\",\"@id\":\"https:\\\/\\\/droix.eu\\\/hu\\\/#organization\"}}},{\"@type\":\"WebPage\",\"@id\":\"https:\\\/\\\/droix.eu\\\/hu\\\/product\\\/fx8s-usb-type-c-hub\\\/#webpage\",\"url\":\"https:\\\/\\\/droix.eu\\\/hu\\\/product\\\/fx8s-usb-type-c-hub\\\/\",\"name\":\"FX8S USB Type-C hub - DROIX EU\",\"description\":\"Nagy sebess\\u00e9g\\u0171 USB Type-C adapter 4K HDMI kimenet RJ45 100M\\\/s Ethernet port SD\\\/MicroSD k\\u00e1rtyahely Kompatibilis a Windows, Mac \\u00e9s Android Package Includes 1x FX8S USB Type-C hub\",\"inLanguage\":\"hu-HU\",\"isPartOf\":{\"@id\":\"https:\\\/\\\/droix.eu\\\/hu\\\/#website\"},\"breadcrumb\":{\"@id\":\"https:\\\/\\\/droix.eu\\\/hu\\\/product\\\/fx8s-usb-type-c-hub\\\/#breadcrumblist\"},\"image\":{\"@type\":\"ImageObject\",\"url\":\"https:\\\/\\\/droix.eu\\\/wp-content\\\/uploads\\\/2021\\\/12\\\/1-2.png\",\"@id\":\"https:\\\/\\\/droix.eu\\\/hu\\\/product\\\/fx8s-usb-type-c-hub\\\/#mainImage\",\"width\":670,\"height\":840,\"caption\":\"DroiX FX8s - 2 USB Type-C csatlakoz\\u00f3, 1 HDMI, 2 USB Type-A, 1 SD k\\u00e1rtya \\u00e9s 1 MicroSD port megjelen\\u00edt\\u00e9se\"},\"primaryImageOfPage\":{\"@id\":\"https:\\\/\\\/droix.eu\\\/hu\\\/product\\\/fx8s-usb-type-c-hub\\\/#mainImage\"},\"datePublished\":\"2020-11-20T10:02:39+00:00\",\"dateModified\":\"2025-09-05T15:11:56+01:00\"},{\"@type\":\"WebSite\",\"@id\":\"https:\\\/\\\/droix.eu\\\/hu\\\/#website\",\"url\":\"https:\\\/\\\/droix.eu\\\/hu\\\/\",\"name\":\"DROIX EU\",\"description\":\"Get the latest Mini PCs, Ultrabook, PC Gaming Handhelds and more!\",\"inLanguage\":\"hu-HU\",\"publisher\":{\"@id\":\"https:\\\/\\\/droix.eu\\\/hu\\\/#organization\"}}]}\n\t\t<\/script>\n\t\t<!-- All in One SEO Pro -->\r\n\t\t<title>FX8S USB Type-C hub - DROIX EU<\/title>\n\n","aioseo_head_json":{"title":"FX8S USB Type-C hub - DROIX EU","description":"Nagy sebess\u00e9g\u0171 USB Type-C adapter 4K HDMI kimenet RJ45 100M\/s Ethernet port SD\/MicroSD k\u00e1rtyahely Kompatibilis a Windows, Mac \u00e9s Android Package Includes 1x FX8S USB Type-C hub","canonical_url":"https:\/\/droix.eu\/hu\/product\/fx8s-usb-type-c-hub\/","robots":"max-image-preview:large","keywords":"","webmasterTools":{"miscellaneous":""},"schema":{"@context":"https:\/\/schema.org","@graph":[{"@type":"BreadcrumbList","@id":"https:\/\/droix.eu\/hu\/product\/fx8s-usb-type-c-hub\/#breadcrumblist","itemListElement":[{"@type":"ListItem","@id":"https:\/\/droix.eu\/hu\/#listItem","position":1,"name":"Home","item":"https:\/\/droix.eu\/hu\/","nextItem":{"@type":"ListItem","@id":"https:\/\/droix.eu\/hu\/product-category\/tartozekok\/#listItem","name":"Tartoz\u00e9kok"}},{"@type":"ListItem","@id":"https:\/\/droix.eu\/hu\/product-category\/tartozekok\/#listItem","position":2,"name":"Tartoz\u00e9kok","item":"https:\/\/droix.eu\/hu\/product-category\/tartozekok\/","nextItem":{"@type":"ListItem","@id":"https:\/\/droix.eu\/hu\/product-category\/tartozekok\/laptop-tartozekok\/#listItem","name":"Laptop tartoz\u00e9kok"},"previousItem":{"@type":"ListItem","@id":"https:\/\/droix.eu\/hu\/#listItem","name":"Home"}},{"@type":"ListItem","@id":"https:\/\/droix.eu\/hu\/product-category\/tartozekok\/laptop-tartozekok\/#listItem","position":3,"name":"Laptop tartoz\u00e9kok","item":"https:\/\/droix.eu\/hu\/product-category\/tartozekok\/laptop-tartozekok\/","nextItem":{"@type":"ListItem","@id":"https:\/\/droix.eu\/hu\/product\/fx8s-usb-type-c-hub\/#listItem","name":"FX8S USB Type-C hub"},"previousItem":{"@type":"ListItem","@id":"https:\/\/droix.eu\/hu\/product-category\/tartozekok\/#listItem","name":"Tartoz\u00e9kok"}},{"@type":"ListItem","@id":"https:\/\/droix.eu\/hu\/product\/fx8s-usb-type-c-hub\/#listItem","position":4,"name":"FX8S USB Type-C hub","previousItem":{"@type":"ListItem","@id":"https:\/\/droix.eu\/hu\/product-category\/tartozekok\/laptop-tartozekok\/#listItem","name":"Laptop tartoz\u00e9kok"}}]},{"@type":"Organization","@id":"https:\/\/droix.eu\/hu\/#organization","name":"DroiX \u2013 Trusted EU Tech Retailer with 12+ Years Experience","description":"DroiX is a leading European technology retailer with over 12 years of experience, offering quality mini PCs, handheld gaming consoles, and tech accessories. We provide hassle-free EU delivery with all taxes included, ensuring a smooth and reliable shopping experience for our customers across Europe.","url":"https:\/\/droix.eu\/hu\/","logo":{"@type":"ImageObject","url":"https:\/\/droix.eu\/wp-content\/uploads\/2024\/06\/droix-v2-light-logo.png","@id":"https:\/\/droix.eu\/hu\/product\/fx8s-usb-type-c-hub\/#organizationLogo","width":380,"height":118},"image":{"@id":"https:\/\/droix.eu\/hu\/product\/fx8s-usb-type-c-hub\/#organizationLogo"},"sameAs":["https:\/\/www.facebook.com\/DroiX.Store","https:\/\/twitter.com\/DroiX_Store","https:\/\/www.instagram.com\/droix.store\/","https:\/\/www.tiktok.com\/@droix.store","https:\/\/www.youtube.com\/c\/DroiX_Store","https:\/\/uk.linkedin.com\/company\/droix"]},{"@type":"Product","@id":"https:\/\/droix.eu\/hu\/product\/fx8s-usb-type-c-hub\/#wooCommerceProduct","name":"FX8S USB Type-C hub","description":"Nagy sebess\u00e9g\u0171 USB Type-C adapter\n \t4K HDMI kimenet\n \tRJ45 100M\/s Ethernet port\n \tSD\/MicroSD k\u00e1rtyahely\n \tKompatibilis a Windows, Mac \u00e9s Android","url":"https:\/\/droix.eu\/hu\/product\/fx8s-usb-type-c-hub\/","sku":"DX-FX8-S-USB-TYPE-C-ADAPTER","image":{"@type":"ImageObject","url":"https:\/\/droix.eu\/wp-content\/uploads\/2021\/12\/1-2.png","@id":"https:\/\/droix.eu\/hu\/product\/fx8s-usb-type-c-hub\/#productImage","width":670,"height":840,"caption":"DroiX FX8s - 2 USB Type-C csatlakoz\u00f3, 1 HDMI, 2 USB Type-A, 1 SD k\u00e1rtya \u00e9s 1 MicroSD port megjelen\u00edt\u00e9se"},"offers":{"@type":"Offer","url":"https:\/\/droix.eu\/hu\/product\/fx8s-usb-type-c-hub\/#wooCommerceOffer","price":33.2,"priceCurrency":"EUR","category":"J\u00e1t\u00e9kos kieg\u00e9sz\u00edt\u0151k","priceValidUntil":"2024-05-26","availability":"https:\/\/schema.org\/OutOfStock","priceSpecification":{"@type":"PriceSpecification","price":33.2,"priceCurrency":"EUR","valueAddedTaxIncluded":"true"},"seller":{"@type":"Organization","@id":"https:\/\/droix.eu\/hu\/#organization"}}},{"@type":"WebPage","@id":"https:\/\/droix.eu\/hu\/product\/fx8s-usb-type-c-hub\/#webpage","url":"https:\/\/droix.eu\/hu\/product\/fx8s-usb-type-c-hub\/","name":"FX8S USB Type-C hub - DROIX EU","description":"Nagy sebess\u00e9g\u0171 USB Type-C adapter 4K HDMI kimenet RJ45 100M\/s Ethernet port SD\/MicroSD k\u00e1rtyahely Kompatibilis a Windows, Mac \u00e9s Android Package Includes 1x FX8S USB Type-C hub","inLanguage":"hu-HU","isPartOf":{"@id":"https:\/\/droix.eu\/hu\/#website"},"breadcrumb":{"@id":"https:\/\/droix.eu\/hu\/product\/fx8s-usb-type-c-hub\/#breadcrumblist"},"image":{"@type":"ImageObject","url":"https:\/\/droix.eu\/wp-content\/uploads\/2021\/12\/1-2.png","@id":"https:\/\/droix.eu\/hu\/product\/fx8s-usb-type-c-hub\/#mainImage","width":670,"height":840,"caption":"DroiX FX8s - 2 USB Type-C csatlakoz\u00f3, 1 HDMI, 2 USB Type-A, 1 SD k\u00e1rtya \u00e9s 1 MicroSD port megjelen\u00edt\u00e9se"},"primaryImageOfPage":{"@id":"https:\/\/droix.eu\/hu\/product\/fx8s-usb-type-c-hub\/#mainImage"},"datePublished":"2020-11-20T10:02:39+00:00","dateModified":"2025-09-05T15:11:56+01:00"},{"@type":"WebSite","@id":"https:\/\/droix.eu\/hu\/#website","url":"https:\/\/droix.eu\/hu\/","name":"DROIX EU","description":"Get the latest Mini PCs, Ultrabook, PC Gaming Handhelds and more!","inLanguage":"hu-HU","publisher":{"@id":"https:\/\/droix.eu\/hu\/#organization"}}]},"og:locale":"hu_HU","og:site_name":"DROIX EU - Get the latest Mini PCs, Ultrabook, PC Gaming Handhelds and more!","og:type":"article","og:title":"FX8S USB Type-C hub - DROIX EU","og:description":"Nagy sebess\u00e9g\u0171 USB Type-C adapter 4K HDMI kimenet RJ45 100M\/s Ethernet port SD\/MicroSD k\u00e1rtyahely Kompatibilis a Windows, Mac \u00e9s Android Package Includes 1x FX8S USB Type-C hub","og:url":"https:\/\/droix.eu\/hu\/product\/fx8s-usb-type-c-hub\/","og:image":"https:\/\/droix.eu\/wp-content\/uploads\/2024\/06\/droix-v2-light-logo.png","og:image:secure_url":"https:\/\/droix.eu\/wp-content\/uploads\/2024\/06\/droix-v2-light-logo.png","og:image:width":380,"og:image:height":118,"article:published_time":"2020-11-20T10:02:39+00:00","article:modified_time":"2025-09-05T14:11:56+00:00","article:publisher":"https:\/\/www.facebook.com\/DroiX.Store","twitter:card":"summary_large_image","twitter:site":"@DroiX_Store","twitter:title":"FX8S USB Type-C hub - DROIX EU","twitter:description":"Nagy sebess\u00e9g\u0171 USB Type-C adapter 4K HDMI kimenet RJ45 100M\/s Ethernet port SD\/MicroSD k\u00e1rtyahely Kompatibilis a Windows, Mac \u00e9s Android Package Includes 1x FX8S USB Type-C hub","twitter:image":"https:\/\/droix.eu\/wp-content\/uploads\/2024\/06\/droix-v2-light-logo.png"},"aioseo_meta_data":{"post_id":"565269","title":null,"description":null,"keywords":null,"keyphrases":null,"primary_term":null,"canonical_url":null,"og_title":null,"og_description":null,"og_object_type":"default","og_image_type":"default","og_image_url":null,"og_image_width":null,"og_image_height":null,"og_image_custom_url":null,"og_image_custom_fields":null,"og_video":null,"og_custom_url":null,"og_article_section":null,"og_article_tags":null,"twitter_use_og":true,"twitter_card":"default","twitter_image_type":"default","twitter_image_url":null,"twitter_image_custom_url":null,"twitter_image_custom_fields":null,"twitter_title":null,"twitter_description":null,"schema":{"blockGraphs":[],"customGraphs":[],"default":{"data":{"Article":[],"Course":[],"Dataset":[],"FAQPage":[],"Movie":[],"Person":[],"Product":[],"ProductReview":[],"Car":[],"Recipe":[],"Service":[],"SoftwareApplication":[],"WebPage":[]},"graphName":"","isEnabled":true},"graphs":[]},"schema_type":"default","schema_type_options":null,"pillar_content":false,"robots_default":true,"robots_noindex":false,"robots_noarchive":false,"robots_nosnippet":false,"robots_nofollow":false,"robots_noimageindex":false,"robots_noodp":false,"robots_notranslate":false,"robots_max_snippet":null,"robots_max_videopreview":null,"robots_max_imagepreview":"large","priority":null,"frequency":null,"local_seo":null,"seo_analyzer_scan_date":"2025-10-24 08:05:19","breadcrumb_settings":null,"limit_modified_date":false,"reviewed_by":null,"open_ai":null,"ai":null,"created":"2025-10-09 03:30:41","updated":"2025-11-27 01:41:47"},"aioseo_breadcrumb":"<div class=\"aioseo-breadcrumbs\"><span class=\"aioseo-breadcrumb\">\n\t<a href=\"https:\/\/droix.eu\/hu\/\" title=\"Home\">Home<\/a>\n<\/span><span class=\"aioseo-breadcrumb-separator\">&raquo;<\/span><span class=\"aioseo-breadcrumb\">\n\t<a href=\"https:\/\/droix.eu\/hu\/product-category\/tartozekok\/\" title=\"Tartoz\u00e9kok\">Tartoz\u00e9kok<\/a>\n<\/span><span class=\"aioseo-breadcrumb-separator\">&raquo;<\/span><span class=\"aioseo-breadcrumb\">\n\t<a href=\"https:\/\/droix.eu\/hu\/product-category\/tartozekok\/laptop-tartozekok\/\" title=\"Laptop tartoz\u00e9kok\">Laptop tartoz\u00e9kok<\/a>\n<\/span><span class=\"aioseo-breadcrumb-separator\">&raquo;<\/span><span class=\"aioseo-breadcrumb\">\n\tFX8S USB Type-C hub\n<\/span><\/div>","aioseo_breadcrumb_json":[{"label":"Home","link":"https:\/\/droix.eu\/hu\/"},{"label":"Tartoz\u00e9kok","link":"https:\/\/droix.eu\/hu\/product-category\/tartozekok\/"},{"label":"Laptop tartoz\u00e9kok","link":"https:\/\/droix.eu\/hu\/product-category\/tartozekok\/laptop-tartozekok\/"},{"label":"FX8S USB Type-C hub","link":"https:\/\/droix.eu\/hu\/product\/fx8s-usb-type-c-hub\/"}],"_links":{"self":[{"href":"https:\/\/droix.eu\/hu\/wp-json\/wp\/v2\/product\/565269","targetHints":{"allow":["GET"]}}],"collection":[{"href":"https:\/\/droix.eu\/hu\/wp-json\/wp\/v2\/product"}],"about":[{"href":"https:\/\/droix.eu\/hu\/wp-json\/wp\/v2\/types\/product"}],"version-history":[{"count":0,"href":"https:\/\/droix.eu\/hu\/wp-json\/wp\/v2\/product\/565269\/revisions"}],"wp:featuredmedia":[{"embeddable":true,"href":"https:\/\/droix.eu\/hu\/wp-json\/wp\/v2\/media\/565270"}],"wp:attachment":[{"href":"https:\/\/droix.eu\/hu\/wp-json\/wp\/v2\/media?parent=565269"}],"wp:term":[{"taxonomy":"product_brand","embeddable":true,"href":"https:\/\/droix.eu\/hu\/wp-json\/wp\/v2\/product_brand?post=565269"},{"taxonomy":"product_cat","embeddable":true,"href":"https:\/\/droix.eu\/hu\/wp-json\/wp\/v2\/product_cat?post=565269"},{"taxonomy":"product_tag","embeddable":true,"href":"https:\/\/droix.eu\/hu\/wp-json\/wp\/v2\/product_tag?post=565269"},{"taxonomy":"woo-feed-brand","embeddable":true,"href":"https:\/\/droix.eu\/hu\/wp-json\/wp\/v2\/woo-feed-brand?post=565269"},{"taxonomy":"key-features","embeddable":true,"href":"https:\/\/droix.eu\/hu\/wp-json\/wp\/v2\/key-features?post=565269"}],"curies":[{"name":"wp","href":"https:\/\/api.w.org\/{rel}","templated":true}]}}