{"id":565245,"date":"2020-11-17T11:23:03","date_gmt":"2020-11-17T11:23:03","guid":{"rendered":"https:\/\/droix.eu\/product\/droix-g10s-hattervilagitasu-air-mouse-hangvezerlessel\/"},"modified":"2026-01-22T14:33:39","modified_gmt":"2026-01-22T14:33:39","slug":"droix-g10s-hattervilagitasu-air-mouse-hangvezerlessel","status":"publish","type":"product","link":"https:\/\/droix.eu\/hu\/product\/droix-g10s-hattervilagitasu-air-mouse-hangvezerlessel\/","title":{"rendered":"DroiX G10S h\u00e1tt\u00e9rvil\u00e1g\u00edt\u00e1s\u00fa Air-Mouse hangvez\u00e9rl\u00e9ssel"},"content":{"rendered":"<p><span data-contrast=\"none\">A n\u00e9pszer\u0171 DroiX G10 l\u00e9geg\u00e9r visszat\u00e9r leg\u00fajabb v\u00e1ltozat\u00e1ban, a <strong>G10S-ben<\/strong>!<\/span><span data-ccp-props=\"{\">&nbsp;<\/span><\/p>\n<p><span data-contrast=\"none\">A be\u00e9p\u00edtett, kiv\u00e1l\u00f3 min\u0151s\u00e9g\u0171 <strong>giroszk\u00f3pos<\/strong> \u00e9rz\u00e9kel\u0151 seg\u00edts\u00e9g\u00e9vel m\u00e9terekr\u0151l is pontosan \u00e9s egyszer\u0171en vez\u00e9relheti az egeret a k\u00e9sz\u00fcl\u00e9k\u00e9n!<\/span><span data-ccp-props=\"{\">&nbsp;<\/span><\/p>\n<p><span data-contrast=\"none\">Nincs kedved a kezeddel hadon\u00e1szni? Nem probl\u00e9ma! A&nbsp;<\/span><strong>be\u00e9p\u00edtett<\/strong><span data-contrast=\"none\"><strong> mikrofon<\/strong>, dikt\u00e1ld le szavaidat ahelyett, hogy beg\u00e9peln\u00e9d \u0151ket a k\u00fcl\u00f6nb\u00f6z\u0151 hangalap\u00fa alkalmaz\u00e1sokon kereszt\u00fcl!<\/span><span data-ccp-props=\"{\">&nbsp;<\/span><\/p>\n<p><span data-contrast=\"none\">A G10S ugyanolyan form\u00e1j\u00fa, mint el\u0151dje, mind\u00f6ssze 143*45*29 mm-es, \u00edgy a G10S sz\u00f3 szerint elf\u00e9r a tenyer\u00e9ben!<\/span><span data-ccp-props=\"{\">&nbsp;<\/span><\/p>\n<p><span data-contrast=\"none\">A G10S kiemelked\u0151 jellemz\u0151je, hogy a gombok alatt <strong>h\u00e1tt\u00e9rvil\u00e1g\u00edt\u00e1s<\/strong> tal\u00e1lhat\u00f3, \u00edgy sokkal k\u00f6nnyebb haszn\u00e1lni gyenge f\u00e9nyviszonyok k\u00f6z\u00f6tt!<\/span><span data-ccp-props=\"{\">&nbsp;<\/span><\/p>\n","protected":false},"excerpt":{"rendered":"<ul>\n<li>2,4 GHz-es <strong>vezet\u00e9k n\u00e9lk\u00fcli<\/strong> kapcsolat<\/li>\n<li>AAA elemekkel m\u0171k\u00f6dik.<\/li>\n<li><strong>H\u00e1tt\u00e9rvil\u00e1g\u00edt\u00e1s\u00fa<\/strong> gombok<\/li>\n<li><strong>Be\u00e9p\u00edtett mikrofon<\/strong><\/li>\n<li>K\u00f6nny\u0171, ergonomikus kialak\u00edt\u00e1s.<\/li>\n<\/ul>\n[droix_global_accordions]\n[cg_accordion title=\"A csomag tartalmazza\"]<\/p>\n<ul>\n<li>1x DroiX G10S Air-Mouse\/li&gt;\n<li>1x 2.4Ghz RF USB dongle<\/li>\n<li>1x Felhaszn\u00e1l\u00f3i k\u00e9zik\u00f6nyv<\/li>\n<\/ul>\n<p>[\/cg_accordion]\n","protected":false},"featured_media":565253,"template":"","meta":{"_acf_changed":false},"product_brand":[],"product_cat":[35006,36624],"product_tag":[],"woo-feed-brand":[],"key-features":[],"class_list":{"0":"post-565245","1":"product","2":"type-product","3":"status-publish","4":"has-post-thumbnail","6":"product_cat-tartozekok","7":"product_cat-accessories-for-android-tv-boxes-hu","8":"product_shipping_class-low-end","9":"pa_brands-droix-hu","10":"pa_compatibility-android-hu","11":"pa_compatibility-windows-hu","13":"first","14":"outofstock","15":"sale","16":"taxable","17":"shipping-taxable","18":"purchasable","19":"product-type-simple"},"acf":[],"aioseo_notices":[],"aioseo_head":"\n\t\t<!-- All in One SEO Pro 4.9.6.2 - aioseo.com -->\n\t<meta name=\"description\" content=\"2,4 GHz-es vezet\u00e9k n\u00e9lk\u00fcli kapcsolat AAA elemekkel m\u0171k\u00f6dik. H\u00e1tt\u00e9rvil\u00e1g\u00edt\u00e1s\u00fa gombok Be\u00e9p\u00edtett mikrofon K\u00f6nny\u0171, ergonomikus kialak\u00edt\u00e1s. A csomag tartalmazza 1x DroiX G10S Air-Mouse\/li&gt; 1x 2.4Ghz RF USB dongle 1x Felhaszn\u00e1l\u00f3i k\u00e9zik\u00f6nyv\" \/>\n\t<meta name=\"robots\" content=\"max-image-preview:large\" \/>\n\t<link rel=\"canonical\" href=\"https:\/\/droix.eu\/hu\/product\/droix-g10s-hattervilagitasu-air-mouse-hangvezerlessel\/\" \/>\n\t<meta name=\"generator\" content=\"All in One SEO Pro (AIOSEO) 4.9.6.2\" \/>\n\t\t<meta property=\"og:locale\" content=\"hu_HU\" \/>\n\t\t<meta property=\"og:site_name\" content=\"DROIX EU - Get the latest Mini PCs, Ultrabook, PC Gaming Handhelds and more!\" \/>\n\t\t<meta property=\"og:type\" content=\"article\" \/>\n\t\t<meta property=\"og:title\" content=\"DroiX G10S h\u00e1tt\u00e9rvil\u00e1g\u00edt\u00e1s\u00fa Air-Mouse hangvez\u00e9rl\u00e9ssel - DROIX EU\" \/>\n\t\t<meta property=\"og:description\" content=\"2,4 GHz-es vezet\u00e9k n\u00e9lk\u00fcli kapcsolat AAA elemekkel m\u0171k\u00f6dik. H\u00e1tt\u00e9rvil\u00e1g\u00edt\u00e1s\u00fa gombok Be\u00e9p\u00edtett mikrofon K\u00f6nny\u0171, ergonomikus kialak\u00edt\u00e1s. A csomag tartalmazza 1x DroiX G10S Air-Mouse\/li&gt; 1x 2.4Ghz RF USB dongle 1x Felhaszn\u00e1l\u00f3i k\u00e9zik\u00f6nyv\" \/>\n\t\t<meta property=\"og:url\" content=\"https:\/\/droix.eu\/hu\/product\/droix-g10s-hattervilagitasu-air-mouse-hangvezerlessel\/\" \/>\n\t\t<meta property=\"og:image\" content=\"https:\/\/droix.eu\/wp-content\/uploads\/2024\/06\/droix-v2-light-logo.png\" \/>\n\t\t<meta property=\"og:image:secure_url\" content=\"https:\/\/droix.eu\/wp-content\/uploads\/2024\/06\/droix-v2-light-logo.png\" \/>\n\t\t<meta property=\"og:image:width\" content=\"380\" \/>\n\t\t<meta property=\"og:image:height\" content=\"118\" \/>\n\t\t<meta property=\"article:published_time\" content=\"2020-11-17T11:23:03+00:00\" \/>\n\t\t<meta property=\"article:modified_time\" content=\"2026-01-22T14:33:39+00:00\" \/>\n\t\t<meta property=\"article:publisher\" content=\"https:\/\/www.facebook.com\/DroiX.Store\" \/>\n\t\t<meta name=\"twitter:card\" content=\"summary_large_image\" \/>\n\t\t<meta name=\"twitter:site\" content=\"@DroiX_Store\" \/>\n\t\t<meta name=\"twitter:title\" content=\"DroiX G10S h\u00e1tt\u00e9rvil\u00e1g\u00edt\u00e1s\u00fa Air-Mouse hangvez\u00e9rl\u00e9ssel - DROIX EU\" \/>\n\t\t<meta name=\"twitter:description\" content=\"2,4 GHz-es vezet\u00e9k n\u00e9lk\u00fcli kapcsolat AAA elemekkel m\u0171k\u00f6dik. H\u00e1tt\u00e9rvil\u00e1g\u00edt\u00e1s\u00fa gombok Be\u00e9p\u00edtett mikrofon K\u00f6nny\u0171, ergonomikus kialak\u00edt\u00e1s. A csomag tartalmazza 1x DroiX G10S Air-Mouse\/li&gt; 1x 2.4Ghz RF USB dongle 1x Felhaszn\u00e1l\u00f3i k\u00e9zik\u00f6nyv\" \/>\n\t\t<meta name=\"twitter:image\" content=\"https:\/\/droix.eu\/wp-content\/uploads\/2024\/06\/droix-v2-light-logo.png\" \/>\n\t\t<script type=\"application\/ld+json\" class=\"aioseo-schema\">\n\t\t\t{\"@context\":\"https:\\\/\\\/schema.org\",\"@graph\":[{\"@type\":\"BreadcrumbList\",\"@id\":\"https:\\\/\\\/droix.eu\\\/hu\\\/product\\\/droix-g10s-hattervilagitasu-air-mouse-hangvezerlessel\\\/#breadcrumblist\",\"itemListElement\":[{\"@type\":\"ListItem\",\"@id\":\"https:\\\/\\\/droix.eu\\\/hu\\\/#listItem\",\"position\":1,\"name\":\"Home\",\"item\":\"https:\\\/\\\/droix.eu\\\/hu\\\/\",\"nextItem\":{\"@type\":\"ListItem\",\"@id\":\"https:\\\/\\\/droix.eu\\\/hu\\\/product-category\\\/tartozekok\\\/#listItem\",\"name\":\"Tartoz\\u00e9kok\"}},{\"@type\":\"ListItem\",\"@id\":\"https:\\\/\\\/droix.eu\\\/hu\\\/product-category\\\/tartozekok\\\/#listItem\",\"position\":2,\"name\":\"Tartoz\\u00e9kok\",\"item\":\"https:\\\/\\\/droix.eu\\\/hu\\\/product-category\\\/tartozekok\\\/\",\"nextItem\":{\"@type\":\"ListItem\",\"@id\":\"https:\\\/\\\/droix.eu\\\/hu\\\/product-category\\\/tartozekok\\\/accessories-for-android-tv-boxes-hu\\\/#listItem\",\"name\":\"Accessories for Android TV Boxes\"},\"previousItem\":{\"@type\":\"ListItem\",\"@id\":\"https:\\\/\\\/droix.eu\\\/hu\\\/#listItem\",\"name\":\"Home\"}},{\"@type\":\"ListItem\",\"@id\":\"https:\\\/\\\/droix.eu\\\/hu\\\/product-category\\\/tartozekok\\\/accessories-for-android-tv-boxes-hu\\\/#listItem\",\"position\":3,\"name\":\"Accessories for Android TV Boxes\",\"item\":\"https:\\\/\\\/droix.eu\\\/hu\\\/product-category\\\/tartozekok\\\/accessories-for-android-tv-boxes-hu\\\/\",\"nextItem\":{\"@type\":\"ListItem\",\"@id\":\"https:\\\/\\\/droix.eu\\\/hu\\\/product\\\/droix-g10s-hattervilagitasu-air-mouse-hangvezerlessel\\\/#listItem\",\"name\":\"DroiX G10S h\\u00e1tt\\u00e9rvil\\u00e1g\\u00edt\\u00e1s\\u00fa Air-Mouse hangvez\\u00e9rl\\u00e9ssel\"},\"previousItem\":{\"@type\":\"ListItem\",\"@id\":\"https:\\\/\\\/droix.eu\\\/hu\\\/product-category\\\/tartozekok\\\/#listItem\",\"name\":\"Tartoz\\u00e9kok\"}},{\"@type\":\"ListItem\",\"@id\":\"https:\\\/\\\/droix.eu\\\/hu\\\/product\\\/droix-g10s-hattervilagitasu-air-mouse-hangvezerlessel\\\/#listItem\",\"position\":4,\"name\":\"DroiX G10S h\\u00e1tt\\u00e9rvil\\u00e1g\\u00edt\\u00e1s\\u00fa Air-Mouse hangvez\\u00e9rl\\u00e9ssel\",\"previousItem\":{\"@type\":\"ListItem\",\"@id\":\"https:\\\/\\\/droix.eu\\\/hu\\\/product-category\\\/tartozekok\\\/accessories-for-android-tv-boxes-hu\\\/#listItem\",\"name\":\"Accessories for Android TV Boxes\"}}]},{\"@type\":\"Organization\",\"@id\":\"https:\\\/\\\/droix.eu\\\/hu\\\/#organization\",\"name\":\"DroiX \\u2013 Trusted EU Tech Retailer with 12+ Years Experience\",\"description\":\"DroiX is a leading European technology retailer with over 12 years of experience, offering quality mini PCs, handheld gaming consoles, and tech accessories. We provide hassle-free EU delivery with all taxes included, ensuring a smooth and reliable shopping experience for our customers across Europe.\",\"url\":\"https:\\\/\\\/droix.eu\\\/hu\\\/\",\"logo\":{\"@type\":\"ImageObject\",\"url\":\"https:\\\/\\\/droix.eu\\\/wp-content\\\/uploads\\\/2024\\\/06\\\/droix-v2-light-logo.png\",\"@id\":\"https:\\\/\\\/droix.eu\\\/hu\\\/product\\\/droix-g10s-hattervilagitasu-air-mouse-hangvezerlessel\\\/#organizationLogo\",\"width\":380,\"height\":118},\"image\":{\"@id\":\"https:\\\/\\\/droix.eu\\\/hu\\\/product\\\/droix-g10s-hattervilagitasu-air-mouse-hangvezerlessel\\\/#organizationLogo\"},\"sameAs\":[\"https:\\\/\\\/www.facebook.com\\\/DroiX.Store\",\"https:\\\/\\\/twitter.com\\\/DroiX_Store\",\"https:\\\/\\\/www.instagram.com\\\/droix.store\\\/\",\"https:\\\/\\\/www.tiktok.com\\\/@droix.store\",\"https:\\\/\\\/www.youtube.com\\\/c\\\/DroiX_Store\",\"https:\\\/\\\/uk.linkedin.com\\\/company\\\/droix\"]},{\"@type\":\"Product\",\"@id\":\"https:\\\/\\\/droix.eu\\\/hu\\\/product\\\/droix-g10s-hattervilagitasu-air-mouse-hangvezerlessel\\\/#wooCommerceProduct\",\"name\":\"DroiX G10S h\\u00e1tt\\u00e9rvil\\u00e1g\\u00edt\\u00e1s\\u00fa Air-Mouse hangvez\\u00e9rl\\u00e9ssel\",\"description\":\"2,4 GHz-es vezet\\u00e9k n\\u00e9lk\\u00fcli kapcsolat\\n \\tAAA elemekkel m\\u0171k\\u00f6dik.\\n \\tH\\u00e1tt\\u00e9rvil\\u00e1g\\u00edt\\u00e1s\\u00fa gombok\\n \\tBe\\u00e9p\\u00edtett mikrofon\\n \\tK\\u00f6nny\\u0171, ergonomikus kialak\\u00edt\\u00e1s.\",\"url\":\"https:\\\/\\\/droix.eu\\\/hu\\\/product\\\/droix-g10s-hattervilagitasu-air-mouse-hangvezerlessel\\\/\",\"sku\":\"DROIX-G10S\",\"gtin\":\"5060763670440\",\"image\":{\"@type\":\"ImageObject\",\"url\":\"https:\\\/\\\/droix.eu\\\/wp-content\\\/uploads\\\/2021\\\/12\\\/G10S-LISTING-PICTURE-1.png\",\"@id\":\"https:\\\/\\\/droix.eu\\\/hu\\\/product\\\/droix-g10s-hattervilagitasu-air-mouse-hangvezerlessel\\\/#productImage\",\"width\":1000,\"height\":1000,\"caption\":\"DroiX G10S h\\u00e1tt\\u00e9rvil\\u00e1g\\u00edt\\u00e1s\\u00fa Air-Mouse - El\\u00f6lr\\u0151l n\\u00e9zve\"},\"offers\":{\"@type\":\"Offer\",\"url\":\"https:\\\/\\\/droix.eu\\\/hu\\\/product\\\/droix-g10s-hattervilagitasu-air-mouse-hangvezerlessel\\\/#wooCommerceOffer\",\"price\":11.01,\"priceCurrency\":\"EUR\",\"category\":\"Tartoz\\u00e9kok\",\"availability\":\"https:\\\/\\\/schema.org\\\/OutOfStock\",\"priceSpecification\":{\"@type\":\"PriceSpecification\",\"price\":11.01,\"priceCurrency\":\"EUR\",\"valueAddedTaxIncluded\":\"true\"},\"seller\":{\"@type\":\"Organization\",\"@id\":\"https:\\\/\\\/droix.eu\\\/hu\\\/#organization\"}}},{\"@type\":\"WebPage\",\"@id\":\"https:\\\/\\\/droix.eu\\\/hu\\\/product\\\/droix-g10s-hattervilagitasu-air-mouse-hangvezerlessel\\\/#webpage\",\"url\":\"https:\\\/\\\/droix.eu\\\/hu\\\/product\\\/droix-g10s-hattervilagitasu-air-mouse-hangvezerlessel\\\/\",\"name\":\"DroiX G10S h\\u00e1tt\\u00e9rvil\\u00e1g\\u00edt\\u00e1s\\u00fa Air-Mouse hangvez\\u00e9rl\\u00e9ssel - DROIX EU\",\"description\":\"2,4 GHz-es vezet\\u00e9k n\\u00e9lk\\u00fcli kapcsolat AAA elemekkel m\\u0171k\\u00f6dik. H\\u00e1tt\\u00e9rvil\\u00e1g\\u00edt\\u00e1s\\u00fa gombok Be\\u00e9p\\u00edtett mikrofon K\\u00f6nny\\u0171, ergonomikus kialak\\u00edt\\u00e1s. A csomag tartalmazza 1x DroiX G10S Air-Mouse\\\/li> 1x 2.4Ghz RF USB dongle 1x Felhaszn\\u00e1l\\u00f3i k\\u00e9zik\\u00f6nyv\",\"inLanguage\":\"hu-HU\",\"isPartOf\":{\"@id\":\"https:\\\/\\\/droix.eu\\\/hu\\\/#website\"},\"breadcrumb\":{\"@id\":\"https:\\\/\\\/droix.eu\\\/hu\\\/product\\\/droix-g10s-hattervilagitasu-air-mouse-hangvezerlessel\\\/#breadcrumblist\"},\"image\":{\"@type\":\"ImageObject\",\"url\":\"https:\\\/\\\/droix.eu\\\/wp-content\\\/uploads\\\/2021\\\/12\\\/G10S-LISTING-PICTURE-1.png\",\"@id\":\"https:\\\/\\\/droix.eu\\\/hu\\\/product\\\/droix-g10s-hattervilagitasu-air-mouse-hangvezerlessel\\\/#mainImage\",\"width\":1000,\"height\":1000,\"caption\":\"DroiX G10S h\\u00e1tt\\u00e9rvil\\u00e1g\\u00edt\\u00e1s\\u00fa Air-Mouse - El\\u00f6lr\\u0151l n\\u00e9zve\"},\"primaryImageOfPage\":{\"@id\":\"https:\\\/\\\/droix.eu\\\/hu\\\/product\\\/droix-g10s-hattervilagitasu-air-mouse-hangvezerlessel\\\/#mainImage\"},\"datePublished\":\"2020-11-17T11:23:03+00:00\",\"dateModified\":\"2026-01-22T14:33:39+00:00\"},{\"@type\":\"WebSite\",\"@id\":\"https:\\\/\\\/droix.eu\\\/hu\\\/#website\",\"url\":\"https:\\\/\\\/droix.eu\\\/hu\\\/\",\"name\":\"DROIX EU\",\"description\":\"Get the latest Mini PCs, Ultrabook, PC Gaming Handhelds and more!\",\"inLanguage\":\"hu-HU\",\"publisher\":{\"@id\":\"https:\\\/\\\/droix.eu\\\/hu\\\/#organization\"}}]}\n\t\t<\/script>\n\t\t<!-- All in One SEO Pro -->\r\n\t\t<title>DroiX G10S h\u00e1tt\u00e9rvil\u00e1g\u00edt\u00e1s\u00fa Air-Mouse hangvez\u00e9rl\u00e9ssel - DROIX EU<\/title>\n\n","aioseo_head_json":{"title":"DroiX G10S h\u00e1tt\u00e9rvil\u00e1g\u00edt\u00e1s\u00fa Air-Mouse hangvez\u00e9rl\u00e9ssel - DROIX EU","description":"2,4 GHz-es vezet\u00e9k n\u00e9lk\u00fcli kapcsolat AAA elemekkel m\u0171k\u00f6dik. H\u00e1tt\u00e9rvil\u00e1g\u00edt\u00e1s\u00fa gombok Be\u00e9p\u00edtett mikrofon K\u00f6nny\u0171, ergonomikus kialak\u00edt\u00e1s. A csomag tartalmazza 1x DroiX G10S Air-Mouse\/li> 1x 2.4Ghz RF USB dongle 1x Felhaszn\u00e1l\u00f3i k\u00e9zik\u00f6nyv","canonical_url":"https:\/\/droix.eu\/hu\/product\/droix-g10s-hattervilagitasu-air-mouse-hangvezerlessel\/","robots":"max-image-preview:large","keywords":"","webmasterTools":{"miscellaneous":""},"schema":{"@context":"https:\/\/schema.org","@graph":[{"@type":"BreadcrumbList","@id":"https:\/\/droix.eu\/hu\/product\/droix-g10s-hattervilagitasu-air-mouse-hangvezerlessel\/#breadcrumblist","itemListElement":[{"@type":"ListItem","@id":"https:\/\/droix.eu\/hu\/#listItem","position":1,"name":"Home","item":"https:\/\/droix.eu\/hu\/","nextItem":{"@type":"ListItem","@id":"https:\/\/droix.eu\/hu\/product-category\/tartozekok\/#listItem","name":"Tartoz\u00e9kok"}},{"@type":"ListItem","@id":"https:\/\/droix.eu\/hu\/product-category\/tartozekok\/#listItem","position":2,"name":"Tartoz\u00e9kok","item":"https:\/\/droix.eu\/hu\/product-category\/tartozekok\/","nextItem":{"@type":"ListItem","@id":"https:\/\/droix.eu\/hu\/product-category\/tartozekok\/accessories-for-android-tv-boxes-hu\/#listItem","name":"Accessories for Android TV Boxes"},"previousItem":{"@type":"ListItem","@id":"https:\/\/droix.eu\/hu\/#listItem","name":"Home"}},{"@type":"ListItem","@id":"https:\/\/droix.eu\/hu\/product-category\/tartozekok\/accessories-for-android-tv-boxes-hu\/#listItem","position":3,"name":"Accessories for Android TV Boxes","item":"https:\/\/droix.eu\/hu\/product-category\/tartozekok\/accessories-for-android-tv-boxes-hu\/","nextItem":{"@type":"ListItem","@id":"https:\/\/droix.eu\/hu\/product\/droix-g10s-hattervilagitasu-air-mouse-hangvezerlessel\/#listItem","name":"DroiX G10S h\u00e1tt\u00e9rvil\u00e1g\u00edt\u00e1s\u00fa Air-Mouse hangvez\u00e9rl\u00e9ssel"},"previousItem":{"@type":"ListItem","@id":"https:\/\/droix.eu\/hu\/product-category\/tartozekok\/#listItem","name":"Tartoz\u00e9kok"}},{"@type":"ListItem","@id":"https:\/\/droix.eu\/hu\/product\/droix-g10s-hattervilagitasu-air-mouse-hangvezerlessel\/#listItem","position":4,"name":"DroiX G10S h\u00e1tt\u00e9rvil\u00e1g\u00edt\u00e1s\u00fa Air-Mouse hangvez\u00e9rl\u00e9ssel","previousItem":{"@type":"ListItem","@id":"https:\/\/droix.eu\/hu\/product-category\/tartozekok\/accessories-for-android-tv-boxes-hu\/#listItem","name":"Accessories for Android TV Boxes"}}]},{"@type":"Organization","@id":"https:\/\/droix.eu\/hu\/#organization","name":"DroiX \u2013 Trusted EU Tech Retailer with 12+ Years Experience","description":"DroiX is a leading European technology retailer with over 12 years of experience, offering quality mini PCs, handheld gaming consoles, and tech accessories. We provide hassle-free EU delivery with all taxes included, ensuring a smooth and reliable shopping experience for our customers across Europe.","url":"https:\/\/droix.eu\/hu\/","logo":{"@type":"ImageObject","url":"https:\/\/droix.eu\/wp-content\/uploads\/2024\/06\/droix-v2-light-logo.png","@id":"https:\/\/droix.eu\/hu\/product\/droix-g10s-hattervilagitasu-air-mouse-hangvezerlessel\/#organizationLogo","width":380,"height":118},"image":{"@id":"https:\/\/droix.eu\/hu\/product\/droix-g10s-hattervilagitasu-air-mouse-hangvezerlessel\/#organizationLogo"},"sameAs":["https:\/\/www.facebook.com\/DroiX.Store","https:\/\/twitter.com\/DroiX_Store","https:\/\/www.instagram.com\/droix.store\/","https:\/\/www.tiktok.com\/@droix.store","https:\/\/www.youtube.com\/c\/DroiX_Store","https:\/\/uk.linkedin.com\/company\/droix"]},{"@type":"Product","@id":"https:\/\/droix.eu\/hu\/product\/droix-g10s-hattervilagitasu-air-mouse-hangvezerlessel\/#wooCommerceProduct","name":"DroiX G10S h\u00e1tt\u00e9rvil\u00e1g\u00edt\u00e1s\u00fa Air-Mouse hangvez\u00e9rl\u00e9ssel","description":"2,4 GHz-es vezet\u00e9k n\u00e9lk\u00fcli kapcsolat\n \tAAA elemekkel m\u0171k\u00f6dik.\n \tH\u00e1tt\u00e9rvil\u00e1g\u00edt\u00e1s\u00fa gombok\n \tBe\u00e9p\u00edtett mikrofon\n \tK\u00f6nny\u0171, ergonomikus kialak\u00edt\u00e1s.","url":"https:\/\/droix.eu\/hu\/product\/droix-g10s-hattervilagitasu-air-mouse-hangvezerlessel\/","sku":"DROIX-G10S","gtin":"5060763670440","image":{"@type":"ImageObject","url":"https:\/\/droix.eu\/wp-content\/uploads\/2021\/12\/G10S-LISTING-PICTURE-1.png","@id":"https:\/\/droix.eu\/hu\/product\/droix-g10s-hattervilagitasu-air-mouse-hangvezerlessel\/#productImage","width":1000,"height":1000,"caption":"DroiX G10S h\u00e1tt\u00e9rvil\u00e1g\u00edt\u00e1s\u00fa Air-Mouse - El\u00f6lr\u0151l n\u00e9zve"},"offers":{"@type":"Offer","url":"https:\/\/droix.eu\/hu\/product\/droix-g10s-hattervilagitasu-air-mouse-hangvezerlessel\/#wooCommerceOffer","price":11.01,"priceCurrency":"EUR","category":"Tartoz\u00e9kok","availability":"https:\/\/schema.org\/OutOfStock","priceSpecification":{"@type":"PriceSpecification","price":11.01,"priceCurrency":"EUR","valueAddedTaxIncluded":"true"},"seller":{"@type":"Organization","@id":"https:\/\/droix.eu\/hu\/#organization"}}},{"@type":"WebPage","@id":"https:\/\/droix.eu\/hu\/product\/droix-g10s-hattervilagitasu-air-mouse-hangvezerlessel\/#webpage","url":"https:\/\/droix.eu\/hu\/product\/droix-g10s-hattervilagitasu-air-mouse-hangvezerlessel\/","name":"DroiX G10S h\u00e1tt\u00e9rvil\u00e1g\u00edt\u00e1s\u00fa Air-Mouse hangvez\u00e9rl\u00e9ssel - DROIX EU","description":"2,4 GHz-es vezet\u00e9k n\u00e9lk\u00fcli kapcsolat AAA elemekkel m\u0171k\u00f6dik. H\u00e1tt\u00e9rvil\u00e1g\u00edt\u00e1s\u00fa gombok Be\u00e9p\u00edtett mikrofon K\u00f6nny\u0171, ergonomikus kialak\u00edt\u00e1s. A csomag tartalmazza 1x DroiX G10S Air-Mouse\/li> 1x 2.4Ghz RF USB dongle 1x Felhaszn\u00e1l\u00f3i k\u00e9zik\u00f6nyv","inLanguage":"hu-HU","isPartOf":{"@id":"https:\/\/droix.eu\/hu\/#website"},"breadcrumb":{"@id":"https:\/\/droix.eu\/hu\/product\/droix-g10s-hattervilagitasu-air-mouse-hangvezerlessel\/#breadcrumblist"},"image":{"@type":"ImageObject","url":"https:\/\/droix.eu\/wp-content\/uploads\/2021\/12\/G10S-LISTING-PICTURE-1.png","@id":"https:\/\/droix.eu\/hu\/product\/droix-g10s-hattervilagitasu-air-mouse-hangvezerlessel\/#mainImage","width":1000,"height":1000,"caption":"DroiX G10S h\u00e1tt\u00e9rvil\u00e1g\u00edt\u00e1s\u00fa Air-Mouse - El\u00f6lr\u0151l n\u00e9zve"},"primaryImageOfPage":{"@id":"https:\/\/droix.eu\/hu\/product\/droix-g10s-hattervilagitasu-air-mouse-hangvezerlessel\/#mainImage"},"datePublished":"2020-11-17T11:23:03+00:00","dateModified":"2026-01-22T14:33:39+00:00"},{"@type":"WebSite","@id":"https:\/\/droix.eu\/hu\/#website","url":"https:\/\/droix.eu\/hu\/","name":"DROIX EU","description":"Get the latest Mini PCs, Ultrabook, PC Gaming Handhelds and more!","inLanguage":"hu-HU","publisher":{"@id":"https:\/\/droix.eu\/hu\/#organization"}}]},"og:locale":"hu_HU","og:site_name":"DROIX EU - Get the latest Mini PCs, Ultrabook, PC Gaming Handhelds and more!","og:type":"article","og:title":"DroiX G10S h\u00e1tt\u00e9rvil\u00e1g\u00edt\u00e1s\u00fa Air-Mouse hangvez\u00e9rl\u00e9ssel - DROIX EU","og:description":"2,4 GHz-es vezet\u00e9k n\u00e9lk\u00fcli kapcsolat AAA elemekkel m\u0171k\u00f6dik. H\u00e1tt\u00e9rvil\u00e1g\u00edt\u00e1s\u00fa gombok Be\u00e9p\u00edtett mikrofon K\u00f6nny\u0171, ergonomikus kialak\u00edt\u00e1s. A csomag tartalmazza 1x DroiX G10S Air-Mouse\/li&gt; 1x 2.4Ghz RF USB dongle 1x Felhaszn\u00e1l\u00f3i k\u00e9zik\u00f6nyv","og:url":"https:\/\/droix.eu\/hu\/product\/droix-g10s-hattervilagitasu-air-mouse-hangvezerlessel\/","og:image":"https:\/\/droix.eu\/wp-content\/uploads\/2024\/06\/droix-v2-light-logo.png","og:image:secure_url":"https:\/\/droix.eu\/wp-content\/uploads\/2024\/06\/droix-v2-light-logo.png","og:image:width":380,"og:image:height":118,"article:published_time":"2020-11-17T11:23:03+00:00","article:modified_time":"2026-01-22T14:33:39+00:00","article:publisher":"https:\/\/www.facebook.com\/DroiX.Store","twitter:card":"summary_large_image","twitter:site":"@DroiX_Store","twitter:title":"DroiX G10S h\u00e1tt\u00e9rvil\u00e1g\u00edt\u00e1s\u00fa Air-Mouse hangvez\u00e9rl\u00e9ssel - DROIX EU","twitter:description":"2,4 GHz-es vezet\u00e9k n\u00e9lk\u00fcli kapcsolat AAA elemekkel m\u0171k\u00f6dik. H\u00e1tt\u00e9rvil\u00e1g\u00edt\u00e1s\u00fa gombok Be\u00e9p\u00edtett mikrofon K\u00f6nny\u0171, ergonomikus kialak\u00edt\u00e1s. A csomag tartalmazza 1x DroiX G10S Air-Mouse\/li&gt; 1x 2.4Ghz RF USB dongle 1x Felhaszn\u00e1l\u00f3i k\u00e9zik\u00f6nyv","twitter:image":"https:\/\/droix.eu\/wp-content\/uploads\/2024\/06\/droix-v2-light-logo.png"},"aioseo_meta_data":{"post_id":"565245","title":null,"description":null,"keywords":null,"keyphrases":null,"primary_term":null,"canonical_url":null,"og_title":null,"og_description":null,"og_object_type":"default","og_image_type":"default","og_image_url":null,"og_image_width":null,"og_image_height":null,"og_image_custom_url":null,"og_image_custom_fields":null,"og_video":null,"og_custom_url":null,"og_article_section":null,"og_article_tags":null,"twitter_use_og":true,"twitter_card":"default","twitter_image_type":"default","twitter_image_url":null,"twitter_image_custom_url":null,"twitter_image_custom_fields":null,"twitter_title":null,"twitter_description":null,"schema":{"blockGraphs":[],"customGraphs":[],"default":{"data":{"Article":[],"Course":[],"Dataset":[],"FAQPage":[],"Movie":[],"Person":[],"Product":[],"ProductReview":[],"Car":[],"Recipe":[],"Service":[],"SoftwareApplication":[],"WebPage":[]},"graphName":"","isEnabled":true},"graphs":[]},"schema_type":"default","schema_type_options":null,"pillar_content":false,"robots_default":true,"robots_noindex":false,"robots_noarchive":false,"robots_nosnippet":false,"robots_nofollow":false,"robots_noimageindex":false,"robots_noodp":false,"robots_notranslate":false,"robots_max_snippet":null,"robots_max_videopreview":null,"robots_max_imagepreview":"large","priority":null,"frequency":null,"local_seo":null,"seo_analyzer_scan_date":"2025-10-24 07:50:03","breadcrumb_settings":null,"limit_modified_date":false,"reviewed_by":null,"open_ai":null,"ai":null,"created":"2025-10-09 03:28:15","updated":"2026-01-24 09:22:09"},"aioseo_breadcrumb":"<div class=\"aioseo-breadcrumbs\"><span class=\"aioseo-breadcrumb\">\n\t<a href=\"https:\/\/droix.eu\/hu\/\" title=\"Home\">Home<\/a>\n<\/span><span class=\"aioseo-breadcrumb-separator\">&raquo;<\/span><span class=\"aioseo-breadcrumb\">\n\t<a href=\"https:\/\/droix.eu\/hu\/product-category\/tartozekok\/\" title=\"Tartoz\u00e9kok\">Tartoz\u00e9kok<\/a>\n<\/span><span class=\"aioseo-breadcrumb-separator\">&raquo;<\/span><span class=\"aioseo-breadcrumb\">\n\t<a href=\"https:\/\/droix.eu\/hu\/product-category\/tartozekok\/accessories-for-android-tv-boxes-hu\/\" title=\"Accessories for Android TV Boxes\">Accessories for Android TV Boxes<\/a>\n<\/span><span class=\"aioseo-breadcrumb-separator\">&raquo;<\/span><span class=\"aioseo-breadcrumb\">\n\tDroiX G10S h\u00e1tt\u00e9rvil\u00e1g\u00edt\u00e1s\u00fa Air-Mouse hangvez\u00e9rl\u00e9ssel\n<\/span><\/div>","aioseo_breadcrumb_json":[{"label":"Home","link":"https:\/\/droix.eu\/hu\/"},{"label":"Tartoz\u00e9kok","link":"https:\/\/droix.eu\/hu\/product-category\/tartozekok\/"},{"label":"Accessories for Android TV Boxes","link":"https:\/\/droix.eu\/hu\/product-category\/tartozekok\/accessories-for-android-tv-boxes-hu\/"},{"label":"DroiX G10S h\u00e1tt\u00e9rvil\u00e1g\u00edt\u00e1s\u00fa Air-Mouse hangvez\u00e9rl\u00e9ssel","link":"https:\/\/droix.eu\/hu\/product\/droix-g10s-hattervilagitasu-air-mouse-hangvezerlessel\/"}],"_links":{"self":[{"href":"https:\/\/droix.eu\/hu\/wp-json\/wp\/v2\/product\/565245","targetHints":{"allow":["GET"]}}],"collection":[{"href":"https:\/\/droix.eu\/hu\/wp-json\/wp\/v2\/product"}],"about":[{"href":"https:\/\/droix.eu\/hu\/wp-json\/wp\/v2\/types\/product"}],"version-history":[{"count":0,"href":"https:\/\/droix.eu\/hu\/wp-json\/wp\/v2\/product\/565245\/revisions"}],"wp:featuredmedia":[{"embeddable":true,"href":"https:\/\/droix.eu\/hu\/wp-json\/wp\/v2\/media\/565253"}],"wp:attachment":[{"href":"https:\/\/droix.eu\/hu\/wp-json\/wp\/v2\/media?parent=565245"}],"wp:term":[{"taxonomy":"product_brand","embeddable":true,"href":"https:\/\/droix.eu\/hu\/wp-json\/wp\/v2\/product_brand?post=565245"},{"taxonomy":"product_cat","embeddable":true,"href":"https:\/\/droix.eu\/hu\/wp-json\/wp\/v2\/product_cat?post=565245"},{"taxonomy":"product_tag","embeddable":true,"href":"https:\/\/droix.eu\/hu\/wp-json\/wp\/v2\/product_tag?post=565245"},{"taxonomy":"woo-feed-brand","embeddable":true,"href":"https:\/\/droix.eu\/hu\/wp-json\/wp\/v2\/woo-feed-brand?post=565245"},{"taxonomy":"key-features","embeddable":true,"href":"https:\/\/droix.eu\/hu\/wp-json\/wp\/v2\/key-features?post=565245"}],"curies":[{"name":"wp","href":"https:\/\/api.w.org\/{rel}","templated":true}]}}