{"id":564071,"date":"2022-12-20T15:00:27","date_gmt":"2022-12-20T15:00:27","guid":{"rendered":"https:\/\/droix.eu\/product\/kingspec-2230-steam-deck-nvme-tarolas\/"},"modified":"2025-09-05T14:57:25","modified_gmt":"2025-09-05T13:57:25","slug":"kingspec-2230-steam-deck-nvme-tarolas","status":"publish","type":"product","link":"https:\/\/droix.eu\/hu\/product\/kingspec-2230-steam-deck-nvme-tarolas\/","title":{"rendered":"KingSpec 2230 Steam Deck NVMe t\u00e1rol\u00e1s"},"content":{"rendered":"&#13;\n<p>A <strong>KingSpec NVMe 22*30 szil\u00e1rdtest-meghajt\u00f3<\/strong>ak\u00e1r 3621,35 MB\/s olvas\u00e1si \u00e9s 2314,32 MB\/s \u00edr\u00e1si sebess\u00e9get is k\u00e9pes el\u00e9rni. Ezek a sebess\u00e9gek jelent\u0151sen gyorsabbak, mint a hagyom\u00e1nyos merevlemezek\u00e9, amelyek jellemz\u0151en 100 MB\/s k\u00f6r\u00fcli sebess\u00e9get \u00e9rnek el. Ez azt jelenti, hogy a KingSpec NVMe meghajt\u00f3 sokkal gyorsabban k\u00e9pes el\u00e9rni \u00e9s \u00e1tvinni az adatokat, ami gyorsabb ind\u00edt\u00e1si id\u0151t \u00e9s a szoftverek gyorsabb ind\u00edt\u00e1s\u00e1t eredm\u00e9nyezi.  <\/p>&#13;\n&#13;\n<p>Tegy\u00fck fel p\u00e9ld\u00e1ul, hogy van egy nagym\u00e9ret\u0171 szoftveralkalmaz\u00e1s, amelyet telep\u00edtenie kell. Egy hagyom\u00e1nyos merevlemezzel a telep\u00edt\u00e9si folyamat t\u00f6bb percig is eltarthat. A KingSpec NVMe meghajt\u00f3val azonban a telep\u00edt\u00e9si folyamat sokkal gyorsabb lenne, mivel a meghajt\u00f3 sokkal nagyobb sebess\u00e9ggel k\u00e9pes el\u00e9rni \u00e9s tov\u00e1bb\u00edtani a sz\u00fcks\u00e9ges adatokat.  <\/p>&#13;\n&#13;\n<p>\u00c1ltal\u00e1noss\u00e1gban elmondhat\u00f3, hogy a <strong>KingSpec NVMe<\/strong> meghajt\u00f3 gyorsabb olvas\u00e1si \u00e9s \u00edr\u00e1si sebess\u00e9ge miatt kiv\u00e1l\u00f3 v\u00e1laszt\u00e1s azok sz\u00e1m\u00e1ra, akik szeretn\u00e9k jav\u00edtani sz\u00e1m\u00edt\u00f3g\u00e9p\u00fck \u00e1ltal\u00e1nos teljes\u00edtm\u00e9ny\u00e9t. Ak\u00e1r j\u00e1t\u00e9kos, aki gyorsabban szeretn\u00e9 bet\u00f6lteni a szinteket, ak\u00e1r kreat\u00edv szakember, aki nagy f\u00e1jlokkal dolgozik, vagy csak valaki, aki sim\u00e1bb, gyorsabb reag\u00e1l\u00e1s\u00fa sz\u00e1m\u00edt\u00f3g\u00e9pes \u00e9lm\u00e9nyre v\u00e1gyik, ez a meghajt\u00f3 biztosan teljes\u00edti a k\u00edv\u00e1nalmakat. <\/p>&#13;\n&#13;\n<p>Ellen\u0151rizze az al\u00e1bbi eredm\u00e9nyeket <strong>Steam Deck<\/strong><strong>KingSpec 2230 NVMe 1TB<\/strong> Storage haszn\u00e1lata :<\/p>&#13;\n&#13;\n<p>Olvas\u00e1si sebess\u00e9g: <strong>3621,35 MB\/s<\/strong><br\/>\u00cdr\u00e1si sebess\u00e9g :<strong> 2314,32 MB\/s<\/strong><\/p>&#13;\n&#13;\n<p><strong>A CrystalDiskMark<\/strong> benchmark szoftver egy sor tesztet futtat le a t\u00e1rol\u00f3n, hogy megn\u00e9zze annak teljes\u00edtm\u00e9ny\u00e9t k\u00fcl\u00f6nb\u00f6z\u0151 olvas\u00e1si\/\u00edr\u00e1si mint\u00e1kban. Az eredm\u00e9nyek az els\u0151 sorban az optim\u00e1lis maxim\u00e1lis olvas\u00e1si \u00e9s \u00edr\u00e1si sebess\u00e9get mutatj\u00e1k. <\/p>&#13;\n&#13;\n<figure class=\"wp-block-image aligncenter\"><img fetchpriority=\"high\" decoding=\"async\" width=\"601\" height=\"438\" src=\"https:\/\/droix.eu\/wp-content\/uploads\/2022\/12\/r-w-speed-kigspec2230-steam-deck.png\" alt=\"SD KingSpec 2230 olvas&#xE1;si &#xE9;s &#xED;r&#xE1;si sebess&#xE9;g\" class=\"wp-image-94989\" srcset=\"https:\/\/droix.eu\/wp-content\/uploads\/2022\/12\/r-w-speed-kigspec2230-steam-deck.png 601w, https:\/\/droix.eu\/wp-content\/uploads\/2022\/12\/r-w-speed-kigspec2230-steam-deck-300x219.png 300w, https:\/\/droix.eu\/wp-content\/uploads\/2022\/12\/r-w-speed-kigspec2230-steam-deck-441x321.png 441w\" sizes=\"(max-width: 601px) 100vw, 601px\" \/><\/figure>&#13;\n&#13;\n<figure class=\"wp-block-image aligncenter\"><img decoding=\"async\" width=\"1500\" height=\"1500\" src=\"https:\/\/droix.eu\/wp-content\/uploads\/2022\/12\/SSD-EXPLINATION.png\" alt=\"ssd-explanation-tool\" class=\"wp-image-105048\" srcset=\"https:\/\/droix.eu\/wp-content\/uploads\/2022\/12\/SSD-EXPLINATION.png 1500w, https:\/\/droix.eu\/wp-content\/uploads\/2022\/12\/SSD-EXPLINATION-300x300.png 300w, https:\/\/droix.eu\/wp-content\/uploads\/2022\/12\/SSD-EXPLINATION-100x100.png 100w, https:\/\/droix.eu\/wp-content\/uploads\/2022\/12\/SSD-EXPLINATION-1000x1000.png 1000w, https:\/\/droix.eu\/wp-content\/uploads\/2022\/12\/SSD-EXPLINATION-1024x1024.png 1024w, https:\/\/droix.eu\/wp-content\/uploads\/2022\/12\/SSD-EXPLINATION-768x768.png 768w, https:\/\/droix.eu\/wp-content\/uploads\/2022\/12\/SSD-EXPLINATION-990x990.png 990w, https:\/\/droix.eu\/wp-content\/uploads\/2022\/12\/SSD-EXPLINATION-441x441.png 441w\" sizes=\"(max-width: 1500px) 100vw, 1500px\" \/><\/figure>&#13;\n","protected":false},"excerpt":{"rendered":"<ul>\n<li>Gyors NVMe sebess\u00e9gek<\/li>\n<li>Kompatibilis a SteamDeck &amp; GPD WIN Max 2 k\u00e9sz\u00fcl\u00e9kkel  <\/li>\n<li>3 \u00e9v garancia<\/li>\n<\/ul>\n[droix_global_accordions]\n[cg_accordion title=\"A csomag tartalmazza\"]<\/p>\n<ul>\n<li>1x 22*30 NVMe SSD<\/li>\n<\/ul>\n<p>[\/cg_accordion]\n","protected":false},"featured_media":564072,"template":"","meta":{"_acf_changed":false},"product_brand":[],"product_cat":[41017,41016,41015],"product_tag":[],"woo-feed-brand":[],"key-features":[],"class_list":{"0":"post-564071","1":"product","2":"type-product","3":"status-publish","4":"has-post-thumbnail","6":"product_cat-hardver-hu","7":"product_cat-laptop-hardver","8":"product_cat-szamitogepes-hardver","9":"product_shipping_class-low-end","10":"pa_brands-kingspec-hu","12":"first","13":"instock","14":"taxable","15":"shipping-taxable","16":"purchasable","17":"product-type-variable","18":"has-default-attributes"},"acf":[],"aioseo_notices":[],"aioseo_head":"\n\t\t<!-- All in One SEO Pro 4.9.6.2 - aioseo.com -->\n\t<meta name=\"description\" content=\"Gyors NVMe sebess\u00e9gek Kompatibilis a SteamDeck &amp; GPD WIN Max 2 k\u00e9sz\u00fcl\u00e9kkel 3 \u00e9v garancia A csomag tartalmazza 1x 22*30 NVMe SSD\" \/>\n\t<meta name=\"robots\" content=\"max-image-preview:large\" \/>\n\t<link rel=\"canonical\" href=\"https:\/\/droix.eu\/hu\/product\/kingspec-2230-steam-deck-nvme-tarolas\/\" \/>\n\t<meta name=\"generator\" content=\"All in One SEO Pro (AIOSEO) 4.9.6.2\" \/>\n\t\t<meta property=\"og:locale\" content=\"hu_HU\" \/>\n\t\t<meta property=\"og:site_name\" content=\"DROIX EU - Get the latest Mini PCs, Ultrabook, PC Gaming Handhelds and more!\" \/>\n\t\t<meta property=\"og:type\" content=\"article\" \/>\n\t\t<meta property=\"og:title\" content=\"KingSpec 2230 Steam Deck NVMe t\u00e1rol\u00e1s - DROIX EU\" \/>\n\t\t<meta property=\"og:description\" content=\"Gyors NVMe sebess\u00e9gek Kompatibilis a SteamDeck &amp; GPD WIN Max 2 k\u00e9sz\u00fcl\u00e9kkel 3 \u00e9v garancia A csomag tartalmazza 1x 22*30 NVMe SSD\" \/>\n\t\t<meta property=\"og:url\" content=\"https:\/\/droix.eu\/hu\/product\/kingspec-2230-steam-deck-nvme-tarolas\/\" \/>\n\t\t<meta property=\"og:image\" content=\"https:\/\/droix.eu\/wp-content\/uploads\/2024\/06\/droix-v2-light-logo.png\" \/>\n\t\t<meta property=\"og:image:secure_url\" content=\"https:\/\/droix.eu\/wp-content\/uploads\/2024\/06\/droix-v2-light-logo.png\" \/>\n\t\t<meta property=\"og:image:width\" content=\"380\" \/>\n\t\t<meta property=\"og:image:height\" content=\"118\" \/>\n\t\t<meta property=\"article:published_time\" content=\"2022-12-20T15:00:27+00:00\" \/>\n\t\t<meta property=\"article:modified_time\" content=\"2025-09-05T13:57:25+00:00\" \/>\n\t\t<meta property=\"article:publisher\" content=\"https:\/\/www.facebook.com\/DroiX.Store\" \/>\n\t\t<meta name=\"twitter:card\" content=\"summary_large_image\" \/>\n\t\t<meta name=\"twitter:site\" content=\"@DroiX_Store\" \/>\n\t\t<meta name=\"twitter:title\" content=\"KingSpec 2230 Steam Deck NVMe t\u00e1rol\u00e1s - DROIX EU\" \/>\n\t\t<meta name=\"twitter:description\" content=\"Gyors NVMe sebess\u00e9gek Kompatibilis a SteamDeck &amp; GPD WIN Max 2 k\u00e9sz\u00fcl\u00e9kkel 3 \u00e9v garancia A csomag tartalmazza 1x 22*30 NVMe SSD\" \/>\n\t\t<meta name=\"twitter:image\" content=\"https:\/\/droix.eu\/wp-content\/uploads\/2024\/06\/droix-v2-light-logo.png\" \/>\n\t\t<script type=\"application\/ld+json\" class=\"aioseo-schema\">\n\t\t\t{\"@context\":\"https:\\\/\\\/schema.org\",\"@graph\":[{\"@type\":\"BreadcrumbList\",\"@id\":\"https:\\\/\\\/droix.eu\\\/hu\\\/product\\\/kingspec-2230-steam-deck-nvme-tarolas\\\/#breadcrumblist\",\"itemListElement\":[{\"@type\":\"ListItem\",\"@id\":\"https:\\\/\\\/droix.eu\\\/hu\\\/#listItem\",\"position\":1,\"name\":\"Home\",\"item\":\"https:\\\/\\\/droix.eu\\\/hu\\\/\",\"nextItem\":{\"@type\":\"ListItem\",\"@id\":\"https:\\\/\\\/droix.eu\\\/hu\\\/product-category\\\/hardver-hu\\\/#listItem\",\"name\":\"Hardver\"}},{\"@type\":\"ListItem\",\"@id\":\"https:\\\/\\\/droix.eu\\\/hu\\\/product-category\\\/hardver-hu\\\/#listItem\",\"position\":2,\"name\":\"Hardver\",\"item\":\"https:\\\/\\\/droix.eu\\\/hu\\\/product-category\\\/hardver-hu\\\/\",\"nextItem\":{\"@type\":\"ListItem\",\"@id\":\"https:\\\/\\\/droix.eu\\\/hu\\\/product-category\\\/hardver-hu\\\/szamitogepes-hardver\\\/#listItem\",\"name\":\"Sz\\u00e1m\\u00edt\\u00f3g\\u00e9pes hardver\"},\"previousItem\":{\"@type\":\"ListItem\",\"@id\":\"https:\\\/\\\/droix.eu\\\/hu\\\/#listItem\",\"name\":\"Home\"}},{\"@type\":\"ListItem\",\"@id\":\"https:\\\/\\\/droix.eu\\\/hu\\\/product-category\\\/hardver-hu\\\/szamitogepes-hardver\\\/#listItem\",\"position\":3,\"name\":\"Sz\\u00e1m\\u00edt\\u00f3g\\u00e9pes hardver\",\"item\":\"https:\\\/\\\/droix.eu\\\/hu\\\/product-category\\\/hardver-hu\\\/szamitogepes-hardver\\\/\",\"nextItem\":{\"@type\":\"ListItem\",\"@id\":\"https:\\\/\\\/droix.eu\\\/hu\\\/product\\\/kingspec-2230-steam-deck-nvme-tarolas\\\/#listItem\",\"name\":\"KingSpec 2230 Steam Deck NVMe t\\u00e1rol\\u00e1s\"},\"previousItem\":{\"@type\":\"ListItem\",\"@id\":\"https:\\\/\\\/droix.eu\\\/hu\\\/product-category\\\/hardver-hu\\\/#listItem\",\"name\":\"Hardver\"}},{\"@type\":\"ListItem\",\"@id\":\"https:\\\/\\\/droix.eu\\\/hu\\\/product\\\/kingspec-2230-steam-deck-nvme-tarolas\\\/#listItem\",\"position\":4,\"name\":\"KingSpec 2230 Steam Deck NVMe t\\u00e1rol\\u00e1s\",\"previousItem\":{\"@type\":\"ListItem\",\"@id\":\"https:\\\/\\\/droix.eu\\\/hu\\\/product-category\\\/hardver-hu\\\/szamitogepes-hardver\\\/#listItem\",\"name\":\"Sz\\u00e1m\\u00edt\\u00f3g\\u00e9pes hardver\"}}]},{\"@type\":\"Organization\",\"@id\":\"https:\\\/\\\/droix.eu\\\/hu\\\/#organization\",\"name\":\"DroiX \\u2013 Trusted EU Tech Retailer with 12+ Years Experience\",\"description\":\"DroiX is a leading European technology retailer with over 12 years of experience, offering quality mini PCs, handheld gaming consoles, and tech accessories. We provide hassle-free EU delivery with all taxes included, ensuring a smooth and reliable shopping experience for our customers across Europe.\",\"url\":\"https:\\\/\\\/droix.eu\\\/hu\\\/\",\"logo\":{\"@type\":\"ImageObject\",\"url\":\"https:\\\/\\\/droix.eu\\\/wp-content\\\/uploads\\\/2024\\\/06\\\/droix-v2-light-logo.png\",\"@id\":\"https:\\\/\\\/droix.eu\\\/hu\\\/product\\\/kingspec-2230-steam-deck-nvme-tarolas\\\/#organizationLogo\",\"width\":380,\"height\":118},\"image\":{\"@id\":\"https:\\\/\\\/droix.eu\\\/hu\\\/product\\\/kingspec-2230-steam-deck-nvme-tarolas\\\/#organizationLogo\"},\"sameAs\":[\"https:\\\/\\\/www.facebook.com\\\/DroiX.Store\",\"https:\\\/\\\/twitter.com\\\/DroiX_Store\",\"https:\\\/\\\/www.instagram.com\\\/droix.store\\\/\",\"https:\\\/\\\/www.tiktok.com\\\/@droix.store\",\"https:\\\/\\\/www.youtube.com\\\/c\\\/DroiX_Store\",\"https:\\\/\\\/uk.linkedin.com\\\/company\\\/droix\"]},{\"@type\":\"ProductGroup\",\"@id\":\"https:\\\/\\\/droix.eu\\\/hu\\\/product\\\/kingspec-2230-steam-deck-nvme-tarolas\\\/#wooCommerceProduct\",\"name\":\"KingSpec 2230 Steam Deck NVMe t\\u00e1rol\\u00e1s\",\"description\":\"Gyors NVMe sebess\\u00e9gek\\n \\tKompatibilis a SteamDeck &amp; GPD WIN Max 2 k\\u00e9sz\\u00fcl\\u00e9kkel  \\n \\t3 \\u00e9v garancia\",\"url\":\"https:\\\/\\\/droix.eu\\\/hu\\\/product\\\/kingspec-2230-steam-deck-nvme-tarolas\\\/\",\"image\":{\"@type\":\"ImageObject\",\"url\":\"https:\\\/\\\/droix.eu\\\/wp-content\\\/uploads\\\/2022\\\/12\\\/22_30NVME-LISTING-PICTURE-1TB-1.png\",\"@id\":\"https:\\\/\\\/droix.eu\\\/hu\\\/product\\\/kingspec-2230-steam-deck-nvme-tarolas\\\/#productImage\",\"width\":1500,\"height\":1500,\"caption\":\"KingSpec 1TB NVME 2230 t\\u00e1rol\\u00f3\"},\"productGroupID\":564071,\"hasVariant\":[{\"@type\":\"Product\",\"@id\":\"https:\\\/\\\/droix.eu\\\/hu\\\/product\\\/kingspec-2230-steam-deck-nvme-tarolas\\\/#wooCommerceProduct\",\"name\":\"KingSpec 2230 Steam Deck NVMe t\\u00e1rol\\u00e1s - 512gb\",\"description\":\"Gyors NVMe sebess\\u00e9gek\\n \\tKompatibilis a SteamDeck &amp; GPD WIN Max 2 k\\u00e9sz\\u00fcl\\u00e9kkel  \\n \\t3 \\u00e9v garancia\",\"url\":\"https:\\\/\\\/droix.eu\\\/hu\\\/product\\\/kingspec-2230-steam-deck-nvme-tarolas\\\/\",\"sku\":\"KINGSPEC-NVME-2230-512GB\",\"image\":{\"@type\":\"ImageObject\",\"url\":\"https:\\\/\\\/droix.eu\\\/wp-content\\\/uploads\\\/2022\\\/12\\\/22_30NVME-LISTING-PICTURE-512GB-1.png\",\"@id\":\"https:\\\/\\\/droix.eu\\\/hu\\\/product\\\/kingspec-2230-steam-deck-nvme-tarolas\\\/#productImage\",\"width\":1500,\"height\":1500,\"caption\":\"KingSpec 512 GB NVME 2230 t\\u00e1rol\\u00f3egys\\u00e9g\"},\"offers\":{\"@type\":\"Offer\",\"url\":\"https:\\\/\\\/droix.eu\\\/hu\\\/product\\\/kingspec-2230-steam-deck-nvme-tarolas\\\/#wooCommerceOffer\",\"price\":\"59.95\",\"priceCurrency\":\"EUR\",\"category\":\"Hardver\",\"availability\":\"https:\\\/\\\/schema.org\\\/OutOfStock\",\"priceSpecification\":{\"@type\":\"PriceSpecification\",\"price\":59.95,\"priceCurrency\":\"EUR\",\"valueAddedTaxIncluded\":\"true\"}}}]},{\"@type\":\"WebPage\",\"@id\":\"https:\\\/\\\/droix.eu\\\/hu\\\/product\\\/kingspec-2230-steam-deck-nvme-tarolas\\\/#webpage\",\"url\":\"https:\\\/\\\/droix.eu\\\/hu\\\/product\\\/kingspec-2230-steam-deck-nvme-tarolas\\\/\",\"name\":\"KingSpec 2230 Steam Deck NVMe t\\u00e1rol\\u00e1s - DROIX EU\",\"description\":\"Gyors NVMe sebess\\u00e9gek Kompatibilis a SteamDeck & GPD WIN Max 2 k\\u00e9sz\\u00fcl\\u00e9kkel 3 \\u00e9v garancia A csomag tartalmazza 1x 22*30 NVMe SSD\",\"inLanguage\":\"hu-HU\",\"isPartOf\":{\"@id\":\"https:\\\/\\\/droix.eu\\\/hu\\\/#website\"},\"breadcrumb\":{\"@id\":\"https:\\\/\\\/droix.eu\\\/hu\\\/product\\\/kingspec-2230-steam-deck-nvme-tarolas\\\/#breadcrumblist\"},\"image\":{\"@type\":\"ImageObject\",\"url\":\"https:\\\/\\\/droix.eu\\\/wp-content\\\/uploads\\\/2022\\\/12\\\/22_30NVME-LISTING-PICTURE-1TB-1.png\",\"@id\":\"https:\\\/\\\/droix.eu\\\/hu\\\/product\\\/kingspec-2230-steam-deck-nvme-tarolas\\\/#mainImage\",\"width\":1500,\"height\":1500,\"caption\":\"KingSpec 1TB NVME 2230 t\\u00e1rol\\u00f3\"},\"primaryImageOfPage\":{\"@id\":\"https:\\\/\\\/droix.eu\\\/hu\\\/product\\\/kingspec-2230-steam-deck-nvme-tarolas\\\/#mainImage\"},\"datePublished\":\"2022-12-20T15:00:27+00:00\",\"dateModified\":\"2025-09-05T14:57:25+01:00\"},{\"@type\":\"WebSite\",\"@id\":\"https:\\\/\\\/droix.eu\\\/hu\\\/#website\",\"url\":\"https:\\\/\\\/droix.eu\\\/hu\\\/\",\"name\":\"DROIX EU\",\"description\":\"Get the latest Mini PCs, Ultrabook, PC Gaming Handhelds and more!\",\"inLanguage\":\"hu-HU\",\"publisher\":{\"@id\":\"https:\\\/\\\/droix.eu\\\/hu\\\/#organization\"}}]}\n\t\t<\/script>\n\t\t<!-- All in One SEO Pro -->\r\n\t\t<title>KingSpec 2230 Steam Deck NVMe t\u00e1rol\u00e1s - DROIX EU<\/title>\n\n","aioseo_head_json":{"title":"KingSpec 2230 Steam Deck NVMe t\u00e1rol\u00e1s - DROIX EU","description":"Gyors NVMe sebess\u00e9gek Kompatibilis a SteamDeck & GPD WIN Max 2 k\u00e9sz\u00fcl\u00e9kkel 3 \u00e9v garancia A csomag tartalmazza 1x 22*30 NVMe SSD","canonical_url":"https:\/\/droix.eu\/hu\/product\/kingspec-2230-steam-deck-nvme-tarolas\/","robots":"max-image-preview:large","keywords":"","webmasterTools":{"miscellaneous":""},"schema":{"@context":"https:\/\/schema.org","@graph":[{"@type":"BreadcrumbList","@id":"https:\/\/droix.eu\/hu\/product\/kingspec-2230-steam-deck-nvme-tarolas\/#breadcrumblist","itemListElement":[{"@type":"ListItem","@id":"https:\/\/droix.eu\/hu\/#listItem","position":1,"name":"Home","item":"https:\/\/droix.eu\/hu\/","nextItem":{"@type":"ListItem","@id":"https:\/\/droix.eu\/hu\/product-category\/hardver-hu\/#listItem","name":"Hardver"}},{"@type":"ListItem","@id":"https:\/\/droix.eu\/hu\/product-category\/hardver-hu\/#listItem","position":2,"name":"Hardver","item":"https:\/\/droix.eu\/hu\/product-category\/hardver-hu\/","nextItem":{"@type":"ListItem","@id":"https:\/\/droix.eu\/hu\/product-category\/hardver-hu\/szamitogepes-hardver\/#listItem","name":"Sz\u00e1m\u00edt\u00f3g\u00e9pes hardver"},"previousItem":{"@type":"ListItem","@id":"https:\/\/droix.eu\/hu\/#listItem","name":"Home"}},{"@type":"ListItem","@id":"https:\/\/droix.eu\/hu\/product-category\/hardver-hu\/szamitogepes-hardver\/#listItem","position":3,"name":"Sz\u00e1m\u00edt\u00f3g\u00e9pes hardver","item":"https:\/\/droix.eu\/hu\/product-category\/hardver-hu\/szamitogepes-hardver\/","nextItem":{"@type":"ListItem","@id":"https:\/\/droix.eu\/hu\/product\/kingspec-2230-steam-deck-nvme-tarolas\/#listItem","name":"KingSpec 2230 Steam Deck NVMe t\u00e1rol\u00e1s"},"previousItem":{"@type":"ListItem","@id":"https:\/\/droix.eu\/hu\/product-category\/hardver-hu\/#listItem","name":"Hardver"}},{"@type":"ListItem","@id":"https:\/\/droix.eu\/hu\/product\/kingspec-2230-steam-deck-nvme-tarolas\/#listItem","position":4,"name":"KingSpec 2230 Steam Deck NVMe t\u00e1rol\u00e1s","previousItem":{"@type":"ListItem","@id":"https:\/\/droix.eu\/hu\/product-category\/hardver-hu\/szamitogepes-hardver\/#listItem","name":"Sz\u00e1m\u00edt\u00f3g\u00e9pes hardver"}}]},{"@type":"Organization","@id":"https:\/\/droix.eu\/hu\/#organization","name":"DroiX \u2013 Trusted EU Tech Retailer with 12+ Years Experience","description":"DroiX is a leading European technology retailer with over 12 years of experience, offering quality mini PCs, handheld gaming consoles, and tech accessories. We provide hassle-free EU delivery with all taxes included, ensuring a smooth and reliable shopping experience for our customers across Europe.","url":"https:\/\/droix.eu\/hu\/","logo":{"@type":"ImageObject","url":"https:\/\/droix.eu\/wp-content\/uploads\/2024\/06\/droix-v2-light-logo.png","@id":"https:\/\/droix.eu\/hu\/product\/kingspec-2230-steam-deck-nvme-tarolas\/#organizationLogo","width":380,"height":118},"image":{"@id":"https:\/\/droix.eu\/hu\/product\/kingspec-2230-steam-deck-nvme-tarolas\/#organizationLogo"},"sameAs":["https:\/\/www.facebook.com\/DroiX.Store","https:\/\/twitter.com\/DroiX_Store","https:\/\/www.instagram.com\/droix.store\/","https:\/\/www.tiktok.com\/@droix.store","https:\/\/www.youtube.com\/c\/DroiX_Store","https:\/\/uk.linkedin.com\/company\/droix"]},{"@type":"ProductGroup","@id":"https:\/\/droix.eu\/hu\/product\/kingspec-2230-steam-deck-nvme-tarolas\/#wooCommerceProduct","name":"KingSpec 2230 Steam Deck NVMe t\u00e1rol\u00e1s","description":"Gyors NVMe sebess\u00e9gek\n \tKompatibilis a SteamDeck &amp; GPD WIN Max 2 k\u00e9sz\u00fcl\u00e9kkel  \n \t3 \u00e9v garancia","url":"https:\/\/droix.eu\/hu\/product\/kingspec-2230-steam-deck-nvme-tarolas\/","image":{"@type":"ImageObject","url":"https:\/\/droix.eu\/wp-content\/uploads\/2022\/12\/22_30NVME-LISTING-PICTURE-1TB-1.png","@id":"https:\/\/droix.eu\/hu\/product\/kingspec-2230-steam-deck-nvme-tarolas\/#productImage","width":1500,"height":1500,"caption":"KingSpec 1TB NVME 2230 t\u00e1rol\u00f3"},"productGroupID":564071,"hasVariant":[{"@type":"Product","@id":"https:\/\/droix.eu\/hu\/product\/kingspec-2230-steam-deck-nvme-tarolas\/#wooCommerceProduct","name":"KingSpec 2230 Steam Deck NVMe t\u00e1rol\u00e1s - 512gb","description":"Gyors NVMe sebess\u00e9gek\n \tKompatibilis a SteamDeck &amp; GPD WIN Max 2 k\u00e9sz\u00fcl\u00e9kkel  \n \t3 \u00e9v garancia","url":"https:\/\/droix.eu\/hu\/product\/kingspec-2230-steam-deck-nvme-tarolas\/","sku":"KINGSPEC-NVME-2230-512GB","image":{"@type":"ImageObject","url":"https:\/\/droix.eu\/wp-content\/uploads\/2022\/12\/22_30NVME-LISTING-PICTURE-512GB-1.png","@id":"https:\/\/droix.eu\/hu\/product\/kingspec-2230-steam-deck-nvme-tarolas\/#productImage","width":1500,"height":1500,"caption":"KingSpec 512 GB NVME 2230 t\u00e1rol\u00f3egys\u00e9g"},"offers":{"@type":"Offer","url":"https:\/\/droix.eu\/hu\/product\/kingspec-2230-steam-deck-nvme-tarolas\/#wooCommerceOffer","price":"59.95","priceCurrency":"EUR","category":"Hardver","availability":"https:\/\/schema.org\/OutOfStock","priceSpecification":{"@type":"PriceSpecification","price":59.95,"priceCurrency":"EUR","valueAddedTaxIncluded":"true"}}}]},{"@type":"WebPage","@id":"https:\/\/droix.eu\/hu\/product\/kingspec-2230-steam-deck-nvme-tarolas\/#webpage","url":"https:\/\/droix.eu\/hu\/product\/kingspec-2230-steam-deck-nvme-tarolas\/","name":"KingSpec 2230 Steam Deck NVMe t\u00e1rol\u00e1s - DROIX EU","description":"Gyors NVMe sebess\u00e9gek Kompatibilis a SteamDeck & GPD WIN Max 2 k\u00e9sz\u00fcl\u00e9kkel 3 \u00e9v garancia A csomag tartalmazza 1x 22*30 NVMe SSD","inLanguage":"hu-HU","isPartOf":{"@id":"https:\/\/droix.eu\/hu\/#website"},"breadcrumb":{"@id":"https:\/\/droix.eu\/hu\/product\/kingspec-2230-steam-deck-nvme-tarolas\/#breadcrumblist"},"image":{"@type":"ImageObject","url":"https:\/\/droix.eu\/wp-content\/uploads\/2022\/12\/22_30NVME-LISTING-PICTURE-1TB-1.png","@id":"https:\/\/droix.eu\/hu\/product\/kingspec-2230-steam-deck-nvme-tarolas\/#mainImage","width":1500,"height":1500,"caption":"KingSpec 1TB NVME 2230 t\u00e1rol\u00f3"},"primaryImageOfPage":{"@id":"https:\/\/droix.eu\/hu\/product\/kingspec-2230-steam-deck-nvme-tarolas\/#mainImage"},"datePublished":"2022-12-20T15:00:27+00:00","dateModified":"2025-09-05T14:57:25+01:00"},{"@type":"WebSite","@id":"https:\/\/droix.eu\/hu\/#website","url":"https:\/\/droix.eu\/hu\/","name":"DROIX EU","description":"Get the latest Mini PCs, Ultrabook, PC Gaming Handhelds and more!","inLanguage":"hu-HU","publisher":{"@id":"https:\/\/droix.eu\/hu\/#organization"}}]},"og:locale":"hu_HU","og:site_name":"DROIX EU - Get the latest Mini PCs, Ultrabook, PC Gaming Handhelds and more!","og:type":"article","og:title":"KingSpec 2230 Steam Deck NVMe t\u00e1rol\u00e1s - DROIX EU","og:description":"Gyors NVMe sebess\u00e9gek Kompatibilis a SteamDeck &amp; GPD WIN Max 2 k\u00e9sz\u00fcl\u00e9kkel 3 \u00e9v garancia A csomag tartalmazza 1x 22*30 NVMe SSD","og:url":"https:\/\/droix.eu\/hu\/product\/kingspec-2230-steam-deck-nvme-tarolas\/","og:image":"https:\/\/droix.eu\/wp-content\/uploads\/2024\/06\/droix-v2-light-logo.png","og:image:secure_url":"https:\/\/droix.eu\/wp-content\/uploads\/2024\/06\/droix-v2-light-logo.png","og:image:width":380,"og:image:height":118,"article:published_time":"2022-12-20T15:00:27+00:00","article:modified_time":"2025-09-05T13:57:25+00:00","article:publisher":"https:\/\/www.facebook.com\/DroiX.Store","twitter:card":"summary_large_image","twitter:site":"@DroiX_Store","twitter:title":"KingSpec 2230 Steam Deck NVMe t\u00e1rol\u00e1s - DROIX EU","twitter:description":"Gyors NVMe sebess\u00e9gek Kompatibilis a SteamDeck &amp; GPD WIN Max 2 k\u00e9sz\u00fcl\u00e9kkel 3 \u00e9v garancia A csomag tartalmazza 1x 22*30 NVMe SSD","twitter:image":"https:\/\/droix.eu\/wp-content\/uploads\/2024\/06\/droix-v2-light-logo.png"},"aioseo_meta_data":{"post_id":"564071","title":null,"description":null,"keywords":null,"keyphrases":null,"primary_term":null,"canonical_url":null,"og_title":null,"og_description":null,"og_object_type":"default","og_image_type":"default","og_image_url":null,"og_image_width":null,"og_image_height":null,"og_image_custom_url":null,"og_image_custom_fields":null,"og_video":null,"og_custom_url":null,"og_article_section":null,"og_article_tags":null,"twitter_use_og":true,"twitter_card":"default","twitter_image_type":"default","twitter_image_url":null,"twitter_image_custom_url":null,"twitter_image_custom_fields":null,"twitter_title":null,"twitter_description":null,"schema":{"blockGraphs":[],"customGraphs":[],"default":{"data":{"Article":[],"Course":[],"Dataset":[],"FAQPage":[],"Movie":[],"Person":[],"Product":[],"ProductReview":[],"Car":[],"Recipe":[],"Service":[],"SoftwareApplication":[],"WebPage":[]},"graphName":"","isEnabled":true},"graphs":[]},"schema_type":"default","schema_type_options":null,"pillar_content":false,"robots_default":true,"robots_noindex":false,"robots_noarchive":false,"robots_nosnippet":false,"robots_nofollow":false,"robots_noimageindex":false,"robots_noodp":false,"robots_notranslate":false,"robots_max_snippet":null,"robots_max_videopreview":null,"robots_max_imagepreview":"large","priority":null,"frequency":null,"local_seo":null,"seo_analyzer_scan_date":"2025-10-24 12:05:41","breadcrumb_settings":null,"limit_modified_date":false,"reviewed_by":null,"open_ai":null,"ai":null,"created":"2025-10-09 04:06:35","updated":"2025-11-27 02:13:15"},"aioseo_breadcrumb":"<div class=\"aioseo-breadcrumbs\"><span class=\"aioseo-breadcrumb\">\n\t<a href=\"https:\/\/droix.eu\/hu\/\" title=\"Home\">Home<\/a>\n<\/span><span class=\"aioseo-breadcrumb-separator\">&raquo;<\/span><span class=\"aioseo-breadcrumb\">\n\t<a href=\"https:\/\/droix.eu\/hu\/product-category\/hardver-hu\/\" title=\"Hardver\">Hardver<\/a>\n<\/span><span class=\"aioseo-breadcrumb-separator\">&raquo;<\/span><span class=\"aioseo-breadcrumb\">\n\t<a href=\"https:\/\/droix.eu\/hu\/product-category\/hardver-hu\/szamitogepes-hardver\/\" title=\"Sz\u00e1m\u00edt\u00f3g\u00e9pes hardver\">Sz\u00e1m\u00edt\u00f3g\u00e9pes hardver<\/a>\n<\/span><span class=\"aioseo-breadcrumb-separator\">&raquo;<\/span><span class=\"aioseo-breadcrumb\">\n\tKingSpec 2230 Steam Deck NVMe t\u00e1rol\u00e1s\n<\/span><\/div>","aioseo_breadcrumb_json":[{"label":"Home","link":"https:\/\/droix.eu\/hu\/"},{"label":"Hardver","link":"https:\/\/droix.eu\/hu\/product-category\/hardver-hu\/"},{"label":"Sz\u00e1m\u00edt\u00f3g\u00e9pes hardver","link":"https:\/\/droix.eu\/hu\/product-category\/hardver-hu\/szamitogepes-hardver\/"},{"label":"KingSpec 2230 Steam Deck NVMe t\u00e1rol\u00e1s","link":"https:\/\/droix.eu\/hu\/product\/kingspec-2230-steam-deck-nvme-tarolas\/"}],"_links":{"self":[{"href":"https:\/\/droix.eu\/hu\/wp-json\/wp\/v2\/product\/564071","targetHints":{"allow":["GET"]}}],"collection":[{"href":"https:\/\/droix.eu\/hu\/wp-json\/wp\/v2\/product"}],"about":[{"href":"https:\/\/droix.eu\/hu\/wp-json\/wp\/v2\/types\/product"}],"version-history":[{"count":0,"href":"https:\/\/droix.eu\/hu\/wp-json\/wp\/v2\/product\/564071\/revisions"}],"wp:featuredmedia":[{"embeddable":true,"href":"https:\/\/droix.eu\/hu\/wp-json\/wp\/v2\/media\/564072"}],"wp:attachment":[{"href":"https:\/\/droix.eu\/hu\/wp-json\/wp\/v2\/media?parent=564071"}],"wp:term":[{"taxonomy":"product_brand","embeddable":true,"href":"https:\/\/droix.eu\/hu\/wp-json\/wp\/v2\/product_brand?post=564071"},{"taxonomy":"product_cat","embeddable":true,"href":"https:\/\/droix.eu\/hu\/wp-json\/wp\/v2\/product_cat?post=564071"},{"taxonomy":"product_tag","embeddable":true,"href":"https:\/\/droix.eu\/hu\/wp-json\/wp\/v2\/product_tag?post=564071"},{"taxonomy":"woo-feed-brand","embeddable":true,"href":"https:\/\/droix.eu\/hu\/wp-json\/wp\/v2\/woo-feed-brand?post=564071"},{"taxonomy":"key-features","embeddable":true,"href":"https:\/\/droix.eu\/hu\/wp-json\/wp\/v2\/key-features?post=564071"}],"curies":[{"name":"wp","href":"https:\/\/api.w.org\/{rel}","templated":true}]}}