{"id":564050,"date":"2022-11-11T11:44:32","date_gmt":"2022-11-11T11:44:32","guid":{"rendered":"https:\/\/droix.eu\/product\/allati-tema-huvelykujj-markolat-sapkak\/"},"modified":"2026-03-28T08:30:50","modified_gmt":"2026-03-28T08:30:50","slug":"allati-tema-huvelykujj-markolat-sapkak","status":"publish","type":"product","link":"https:\/\/droix.eu\/hu\/product\/allati-tema-huvelykujj-markolat-sapkak\/","title":{"rendered":"\u00c1llati t\u00e9ma h\u00fcvelykujj markolat sapk\u00e1k"},"content":{"rendered":"&#13;\n<p>Aranyos \u00e1llati t\u00e9ma h\u00fcvelykujj markolat sapk\u00e1k, hozz\u00e1 vicces \u00e9s \u00e9leter\u0151 a k\u00e9zi konzol, hogy t\u00f6bb szemet gy\u00f6ny\u00f6rk\u00f6dtet\u0151.Puha szilikon anyagb\u00f3l k\u00e9sz\u00fclt, amely megv\u00e9di az anal\u00f3g botokat a karcol\u00e1sokt\u00f3l \u00e9s a szennyez\u0151d\u00e9sekt\u0151l, \u00e9s nagyon k\u00e9nyelmes meg\u00e9rinteni!<\/p>&#13;\n&#13;\n<h5 class=\"wp-block-heading\">\u00a0<\/h5>&#13;\n&#13;\n<h5 class=\"wp-block-heading\">NEM kompatibilis a PS4, Switch Pro vagy Xbox One kontrollerrel.<\/h5>&#13;\n","protected":false},"excerpt":{"rendered":"<ul>\n<li>Puha szilikon anyagb\u00f3l k\u00e9sz\u00fclt<\/li>\n<li>V\u00e9dje az anal\u00f3g botot<\/li>\n<li>Nagyon k\u00e9nyelmes tapint\u00e1s\u00fa<\/li>\n<li>Nem k\u00f6nny\u0171 deform\u00e1l\u00f3dni<\/li>\n<li>Nem m\u00e9rgez\u0151 \u00e9s nem k\u00f6nny\u0171 kifakulni<\/li>\n<\/ul>\n[droix_global_accordions]\n","protected":false},"featured_media":702977,"template":"","meta":{"_acf_changed":false},"product_brand":[],"product_cat":[35131,35006],"product_tag":[],"woo-feed-brand":[],"key-features":[],"class_list":{"0":"post-564050","1":"product","2":"type-product","3":"status-publish","4":"has-post-thumbnail","6":"product_cat-jatekos-kiegeszitok","7":"product_cat-tartozekok","8":"product_shipping_class-low-end","9":"pa_compatibility-ayaneo-2-hu","10":"pa_compatibility-ayaneo-2021-hu","11":"pa_compatibility-ayaneo-air-hu","12":"pa_compatibility-ayaneo-geek-hu","14":"first","15":"instock","16":"sale","17":"taxable","18":"shipping-taxable","19":"purchasable","20":"product-type-simple"},"acf":[],"aioseo_notices":[],"aioseo_head":"\n\t\t<!-- All in One SEO Pro 4.9.5.2 - aioseo.com -->\n\t<meta name=\"description\" content=\"Puha szilikon anyagb\u00f3l k\u00e9sz\u00fclt V\u00e9dje az anal\u00f3g botot Nagyon k\u00e9nyelmes tapint\u00e1s\u00fa Nem k\u00f6nny\u0171 deform\u00e1l\u00f3dni Nem m\u00e9rgez\u0151 \u00e9s nem k\u00f6nny\u0171 kifakulni\" \/>\n\t<meta name=\"robots\" content=\"max-image-preview:large\" \/>\n\t<link rel=\"canonical\" href=\"https:\/\/droix.eu\/hu\/product\/allati-tema-huvelykujj-markolat-sapkak\/\" \/>\n\t<meta name=\"generator\" content=\"All in One SEO Pro (AIOSEO) 4.9.5.2\" \/>\n\t\t<meta property=\"og:locale\" content=\"hu_HU\" \/>\n\t\t<meta property=\"og:site_name\" content=\"DROIX EU - Get the latest Mini PCs, Ultrabook, PC Gaming Handhelds and more!\" \/>\n\t\t<meta property=\"og:type\" content=\"article\" \/>\n\t\t<meta property=\"og:title\" content=\"\u00c1llati t\u00e9ma h\u00fcvelykujj markolat sapk\u00e1k - DROIX EU\" \/>\n\t\t<meta property=\"og:description\" content=\"Puha szilikon anyagb\u00f3l k\u00e9sz\u00fclt V\u00e9dje az anal\u00f3g botot Nagyon k\u00e9nyelmes tapint\u00e1s\u00fa Nem k\u00f6nny\u0171 deform\u00e1l\u00f3dni Nem m\u00e9rgez\u0151 \u00e9s nem k\u00f6nny\u0171 kifakulni\" \/>\n\t\t<meta property=\"og:url\" content=\"https:\/\/droix.eu\/hu\/product\/allati-tema-huvelykujj-markolat-sapkak\/\" \/>\n\t\t<meta property=\"og:image\" content=\"https:\/\/droix.eu\/wp-content\/uploads\/2024\/06\/droix-v2-light-logo.png\" \/>\n\t\t<meta property=\"og:image:secure_url\" content=\"https:\/\/droix.eu\/wp-content\/uploads\/2024\/06\/droix-v2-light-logo.png\" \/>\n\t\t<meta property=\"og:image:width\" content=\"380\" \/>\n\t\t<meta property=\"og:image:height\" content=\"118\" \/>\n\t\t<meta property=\"article:published_time\" content=\"2022-11-11T11:44:32+00:00\" \/>\n\t\t<meta property=\"article:modified_time\" content=\"2026-03-28T08:30:50+00:00\" \/>\n\t\t<meta property=\"article:publisher\" content=\"https:\/\/www.facebook.com\/DroiX.Store\" \/>\n\t\t<meta name=\"twitter:card\" content=\"summary_large_image\" \/>\n\t\t<meta name=\"twitter:site\" content=\"@DroiX_Store\" \/>\n\t\t<meta name=\"twitter:title\" content=\"\u00c1llati t\u00e9ma h\u00fcvelykujj markolat sapk\u00e1k - DROIX EU\" \/>\n\t\t<meta name=\"twitter:description\" content=\"Puha szilikon anyagb\u00f3l k\u00e9sz\u00fclt V\u00e9dje az anal\u00f3g botot Nagyon k\u00e9nyelmes tapint\u00e1s\u00fa Nem k\u00f6nny\u0171 deform\u00e1l\u00f3dni Nem m\u00e9rgez\u0151 \u00e9s nem k\u00f6nny\u0171 kifakulni\" \/>\n\t\t<meta name=\"twitter:image\" content=\"https:\/\/droix.eu\/wp-content\/uploads\/2024\/06\/droix-v2-light-logo.png\" \/>\n\t\t<script type=\"application\/ld+json\" class=\"aioseo-schema\">\n\t\t\t{\"@context\":\"https:\\\/\\\/schema.org\",\"@graph\":[{\"@type\":\"BreadcrumbList\",\"@id\":\"https:\\\/\\\/droix.eu\\\/hu\\\/product\\\/allati-tema-huvelykujj-markolat-sapkak\\\/#breadcrumblist\",\"itemListElement\":[{\"@type\":\"ListItem\",\"@id\":\"https:\\\/\\\/droix.eu\\\/hu\\\/#listItem\",\"position\":1,\"name\":\"Home\",\"item\":\"https:\\\/\\\/droix.eu\\\/hu\\\/\",\"nextItem\":{\"@type\":\"ListItem\",\"@id\":\"https:\\\/\\\/droix.eu\\\/hu\\\/product-category\\\/tartozekok\\\/#listItem\",\"name\":\"Tartoz\\u00e9kok\"}},{\"@type\":\"ListItem\",\"@id\":\"https:\\\/\\\/droix.eu\\\/hu\\\/product-category\\\/tartozekok\\\/#listItem\",\"position\":2,\"name\":\"Tartoz\\u00e9kok\",\"item\":\"https:\\\/\\\/droix.eu\\\/hu\\\/product-category\\\/tartozekok\\\/\",\"nextItem\":{\"@type\":\"ListItem\",\"@id\":\"https:\\\/\\\/droix.eu\\\/hu\\\/product-category\\\/tartozekok\\\/jatekos-kiegeszitok\\\/#listItem\",\"name\":\"J\\u00e1t\\u00e9kos kieg\\u00e9sz\\u00edt\\u0151k\"},\"previousItem\":{\"@type\":\"ListItem\",\"@id\":\"https:\\\/\\\/droix.eu\\\/hu\\\/#listItem\",\"name\":\"Home\"}},{\"@type\":\"ListItem\",\"@id\":\"https:\\\/\\\/droix.eu\\\/hu\\\/product-category\\\/tartozekok\\\/jatekos-kiegeszitok\\\/#listItem\",\"position\":3,\"name\":\"J\\u00e1t\\u00e9kos kieg\\u00e9sz\\u00edt\\u0151k\",\"item\":\"https:\\\/\\\/droix.eu\\\/hu\\\/product-category\\\/tartozekok\\\/jatekos-kiegeszitok\\\/\",\"nextItem\":{\"@type\":\"ListItem\",\"@id\":\"https:\\\/\\\/droix.eu\\\/hu\\\/product\\\/allati-tema-huvelykujj-markolat-sapkak\\\/#listItem\",\"name\":\"\\u00c1llati t\\u00e9ma h\\u00fcvelykujj markolat sapk\\u00e1k\"},\"previousItem\":{\"@type\":\"ListItem\",\"@id\":\"https:\\\/\\\/droix.eu\\\/hu\\\/product-category\\\/tartozekok\\\/#listItem\",\"name\":\"Tartoz\\u00e9kok\"}},{\"@type\":\"ListItem\",\"@id\":\"https:\\\/\\\/droix.eu\\\/hu\\\/product\\\/allati-tema-huvelykujj-markolat-sapkak\\\/#listItem\",\"position\":4,\"name\":\"\\u00c1llati t\\u00e9ma h\\u00fcvelykujj markolat sapk\\u00e1k\",\"previousItem\":{\"@type\":\"ListItem\",\"@id\":\"https:\\\/\\\/droix.eu\\\/hu\\\/product-category\\\/tartozekok\\\/jatekos-kiegeszitok\\\/#listItem\",\"name\":\"J\\u00e1t\\u00e9kos kieg\\u00e9sz\\u00edt\\u0151k\"}}]},{\"@type\":\"Organization\",\"@id\":\"https:\\\/\\\/droix.eu\\\/hu\\\/#organization\",\"name\":\"DroiX \\u2013 Trusted EU Tech Retailer with 12+ Years Experience\",\"description\":\"DroiX is a leading European technology retailer with over 12 years of experience, offering quality mini PCs, handheld gaming consoles, and tech accessories. We provide hassle-free EU delivery with all taxes included, ensuring a smooth and reliable shopping experience for our customers across Europe.\",\"url\":\"https:\\\/\\\/droix.eu\\\/hu\\\/\",\"logo\":{\"@type\":\"ImageObject\",\"url\":\"https:\\\/\\\/droix.eu\\\/wp-content\\\/uploads\\\/2024\\\/06\\\/droix-v2-light-logo.png\",\"@id\":\"https:\\\/\\\/droix.eu\\\/hu\\\/product\\\/allati-tema-huvelykujj-markolat-sapkak\\\/#organizationLogo\",\"width\":380,\"height\":118},\"image\":{\"@id\":\"https:\\\/\\\/droix.eu\\\/hu\\\/product\\\/allati-tema-huvelykujj-markolat-sapkak\\\/#organizationLogo\"},\"sameAs\":[\"https:\\\/\\\/www.facebook.com\\\/DroiX.Store\",\"https:\\\/\\\/twitter.com\\\/DroiX_Store\",\"https:\\\/\\\/www.instagram.com\\\/droix.store\\\/\",\"https:\\\/\\\/www.tiktok.com\\\/@droix.store\",\"https:\\\/\\\/www.youtube.com\\\/c\\\/DroiX_Store\",\"https:\\\/\\\/uk.linkedin.com\\\/company\\\/droix\"]},{\"@type\":\"Product\",\"@id\":\"https:\\\/\\\/droix.eu\\\/hu\\\/product\\\/allati-tema-huvelykujj-markolat-sapkak\\\/#wooCommerceProduct\",\"name\":\"\\u00c1llati t\\u00e9ma h\\u00fcvelykujj markolat sapk\\u00e1k\",\"description\":\"Puha szilikon anyagb\\u00f3l k\\u00e9sz\\u00fclt\\n \\tV\\u00e9dje az anal\\u00f3g botot\\n \\tNagyon k\\u00e9nyelmes tapint\\u00e1s\\u00fa\\n \\tNem k\\u00f6nny\\u0171 deform\\u00e1l\\u00f3dni\\n \\tNem m\\u00e9rgez\\u0151 \\u00e9s nem k\\u00f6nny\\u0171 kifakulni\",\"url\":\"https:\\\/\\\/droix.eu\\\/hu\\\/product\\\/allati-tema-huvelykujj-markolat-sapkak\\\/\",\"sku\":\"ANIMAL-THUMB-STICK-CAPS\",\"gtin\":\"5060763673601\",\"image\":{\"@type\":\"ImageObject\",\"url\":\"https:\\\/\\\/droix.eu\\\/wp-content\\\/uploads\\\/2022\\\/11\\\/ANIMAL-THUMB-STICK-CAPS-IMAGE-1.png\",\"@id\":\"https:\\\/\\\/droix.eu\\\/hu\\\/product\\\/allati-tema-huvelykujj-markolat-sapkak\\\/#productImage\",\"width\":900,\"height\":1200},\"offers\":{\"@type\":\"Offer\",\"url\":\"https:\\\/\\\/droix.eu\\\/hu\\\/product\\\/allati-tema-huvelykujj-markolat-sapkak\\\/#wooCommerceOffer\",\"price\":12.24,\"priceCurrency\":\"EUR\",\"category\":\"J\\u00e1t\\u00e9kos kieg\\u00e9sz\\u00edt\\u0151k\",\"availability\":\"https:\\\/\\\/schema.org\\\/InStock\",\"priceSpecification\":{\"@type\":\"PriceSpecification\",\"price\":12.24,\"priceCurrency\":\"EUR\",\"valueAddedTaxIncluded\":\"true\"},\"seller\":{\"@type\":\"Organization\",\"@id\":\"https:\\\/\\\/droix.eu\\\/hu\\\/#organization\"}}},{\"@type\":\"WebPage\",\"@id\":\"https:\\\/\\\/droix.eu\\\/hu\\\/product\\\/allati-tema-huvelykujj-markolat-sapkak\\\/#webpage\",\"url\":\"https:\\\/\\\/droix.eu\\\/hu\\\/product\\\/allati-tema-huvelykujj-markolat-sapkak\\\/\",\"name\":\"\\u00c1llati t\\u00e9ma h\\u00fcvelykujj markolat sapk\\u00e1k - DROIX EU\",\"description\":\"Puha szilikon anyagb\\u00f3l k\\u00e9sz\\u00fclt V\\u00e9dje az anal\\u00f3g botot Nagyon k\\u00e9nyelmes tapint\\u00e1s\\u00fa Nem k\\u00f6nny\\u0171 deform\\u00e1l\\u00f3dni Nem m\\u00e9rgez\\u0151 \\u00e9s nem k\\u00f6nny\\u0171 kifakulni\",\"inLanguage\":\"hu-HU\",\"isPartOf\":{\"@id\":\"https:\\\/\\\/droix.eu\\\/hu\\\/#website\"},\"breadcrumb\":{\"@id\":\"https:\\\/\\\/droix.eu\\\/hu\\\/product\\\/allati-tema-huvelykujj-markolat-sapkak\\\/#breadcrumblist\"},\"image\":{\"@type\":\"ImageObject\",\"url\":\"https:\\\/\\\/droix.eu\\\/wp-content\\\/uploads\\\/2022\\\/11\\\/ANIMAL-THUMB-STICK-CAPS-IMAGE-1.png\",\"@id\":\"https:\\\/\\\/droix.eu\\\/hu\\\/product\\\/allati-tema-huvelykujj-markolat-sapkak\\\/#mainImage\",\"width\":900,\"height\":1200},\"primaryImageOfPage\":{\"@id\":\"https:\\\/\\\/droix.eu\\\/hu\\\/product\\\/allati-tema-huvelykujj-markolat-sapkak\\\/#mainImage\"},\"datePublished\":\"2022-11-11T11:44:32+00:00\",\"dateModified\":\"2026-03-28T08:30:50+00:00\"},{\"@type\":\"WebSite\",\"@id\":\"https:\\\/\\\/droix.eu\\\/hu\\\/#website\",\"url\":\"https:\\\/\\\/droix.eu\\\/hu\\\/\",\"name\":\"DROIX EU\",\"description\":\"Get the latest Mini PCs, Ultrabook, PC Gaming Handhelds and more!\",\"inLanguage\":\"hu-HU\",\"publisher\":{\"@id\":\"https:\\\/\\\/droix.eu\\\/hu\\\/#organization\"}}]}\n\t\t<\/script>\n\t\t<!-- All in One SEO Pro -->\r\n\t\t<title>\u00c1llati t\u00e9ma h\u00fcvelykujj markolat sapk\u00e1k - DROIX EU<\/title>\n\n","aioseo_head_json":{"title":"\u00c1llati t\u00e9ma h\u00fcvelykujj markolat sapk\u00e1k - DROIX EU","description":"Puha szilikon anyagb\u00f3l k\u00e9sz\u00fclt V\u00e9dje az anal\u00f3g botot Nagyon k\u00e9nyelmes tapint\u00e1s\u00fa Nem k\u00f6nny\u0171 deform\u00e1l\u00f3dni Nem m\u00e9rgez\u0151 \u00e9s nem k\u00f6nny\u0171 kifakulni","canonical_url":"https:\/\/droix.eu\/hu\/product\/allati-tema-huvelykujj-markolat-sapkak\/","robots":"max-image-preview:large","keywords":"","webmasterTools":{"miscellaneous":""},"schema":{"@context":"https:\/\/schema.org","@graph":[{"@type":"BreadcrumbList","@id":"https:\/\/droix.eu\/hu\/product\/allati-tema-huvelykujj-markolat-sapkak\/#breadcrumblist","itemListElement":[{"@type":"ListItem","@id":"https:\/\/droix.eu\/hu\/#listItem","position":1,"name":"Home","item":"https:\/\/droix.eu\/hu\/","nextItem":{"@type":"ListItem","@id":"https:\/\/droix.eu\/hu\/product-category\/tartozekok\/#listItem","name":"Tartoz\u00e9kok"}},{"@type":"ListItem","@id":"https:\/\/droix.eu\/hu\/product-category\/tartozekok\/#listItem","position":2,"name":"Tartoz\u00e9kok","item":"https:\/\/droix.eu\/hu\/product-category\/tartozekok\/","nextItem":{"@type":"ListItem","@id":"https:\/\/droix.eu\/hu\/product-category\/tartozekok\/jatekos-kiegeszitok\/#listItem","name":"J\u00e1t\u00e9kos kieg\u00e9sz\u00edt\u0151k"},"previousItem":{"@type":"ListItem","@id":"https:\/\/droix.eu\/hu\/#listItem","name":"Home"}},{"@type":"ListItem","@id":"https:\/\/droix.eu\/hu\/product-category\/tartozekok\/jatekos-kiegeszitok\/#listItem","position":3,"name":"J\u00e1t\u00e9kos kieg\u00e9sz\u00edt\u0151k","item":"https:\/\/droix.eu\/hu\/product-category\/tartozekok\/jatekos-kiegeszitok\/","nextItem":{"@type":"ListItem","@id":"https:\/\/droix.eu\/hu\/product\/allati-tema-huvelykujj-markolat-sapkak\/#listItem","name":"\u00c1llati t\u00e9ma h\u00fcvelykujj markolat sapk\u00e1k"},"previousItem":{"@type":"ListItem","@id":"https:\/\/droix.eu\/hu\/product-category\/tartozekok\/#listItem","name":"Tartoz\u00e9kok"}},{"@type":"ListItem","@id":"https:\/\/droix.eu\/hu\/product\/allati-tema-huvelykujj-markolat-sapkak\/#listItem","position":4,"name":"\u00c1llati t\u00e9ma h\u00fcvelykujj markolat sapk\u00e1k","previousItem":{"@type":"ListItem","@id":"https:\/\/droix.eu\/hu\/product-category\/tartozekok\/jatekos-kiegeszitok\/#listItem","name":"J\u00e1t\u00e9kos kieg\u00e9sz\u00edt\u0151k"}}]},{"@type":"Organization","@id":"https:\/\/droix.eu\/hu\/#organization","name":"DroiX \u2013 Trusted EU Tech Retailer with 12+ Years Experience","description":"DroiX is a leading European technology retailer with over 12 years of experience, offering quality mini PCs, handheld gaming consoles, and tech accessories. We provide hassle-free EU delivery with all taxes included, ensuring a smooth and reliable shopping experience for our customers across Europe.","url":"https:\/\/droix.eu\/hu\/","logo":{"@type":"ImageObject","url":"https:\/\/droix.eu\/wp-content\/uploads\/2024\/06\/droix-v2-light-logo.png","@id":"https:\/\/droix.eu\/hu\/product\/allati-tema-huvelykujj-markolat-sapkak\/#organizationLogo","width":380,"height":118},"image":{"@id":"https:\/\/droix.eu\/hu\/product\/allati-tema-huvelykujj-markolat-sapkak\/#organizationLogo"},"sameAs":["https:\/\/www.facebook.com\/DroiX.Store","https:\/\/twitter.com\/DroiX_Store","https:\/\/www.instagram.com\/droix.store\/","https:\/\/www.tiktok.com\/@droix.store","https:\/\/www.youtube.com\/c\/DroiX_Store","https:\/\/uk.linkedin.com\/company\/droix"]},{"@type":"Product","@id":"https:\/\/droix.eu\/hu\/product\/allati-tema-huvelykujj-markolat-sapkak\/#wooCommerceProduct","name":"\u00c1llati t\u00e9ma h\u00fcvelykujj markolat sapk\u00e1k","description":"Puha szilikon anyagb\u00f3l k\u00e9sz\u00fclt\n \tV\u00e9dje az anal\u00f3g botot\n \tNagyon k\u00e9nyelmes tapint\u00e1s\u00fa\n \tNem k\u00f6nny\u0171 deform\u00e1l\u00f3dni\n \tNem m\u00e9rgez\u0151 \u00e9s nem k\u00f6nny\u0171 kifakulni","url":"https:\/\/droix.eu\/hu\/product\/allati-tema-huvelykujj-markolat-sapkak\/","sku":"ANIMAL-THUMB-STICK-CAPS","gtin":"5060763673601","image":{"@type":"ImageObject","url":"https:\/\/droix.eu\/wp-content\/uploads\/2022\/11\/ANIMAL-THUMB-STICK-CAPS-IMAGE-1.png","@id":"https:\/\/droix.eu\/hu\/product\/allati-tema-huvelykujj-markolat-sapkak\/#productImage","width":900,"height":1200},"offers":{"@type":"Offer","url":"https:\/\/droix.eu\/hu\/product\/allati-tema-huvelykujj-markolat-sapkak\/#wooCommerceOffer","price":12.24,"priceCurrency":"EUR","category":"J\u00e1t\u00e9kos kieg\u00e9sz\u00edt\u0151k","availability":"https:\/\/schema.org\/InStock","priceSpecification":{"@type":"PriceSpecification","price":12.24,"priceCurrency":"EUR","valueAddedTaxIncluded":"true"},"seller":{"@type":"Organization","@id":"https:\/\/droix.eu\/hu\/#organization"}}},{"@type":"WebPage","@id":"https:\/\/droix.eu\/hu\/product\/allati-tema-huvelykujj-markolat-sapkak\/#webpage","url":"https:\/\/droix.eu\/hu\/product\/allati-tema-huvelykujj-markolat-sapkak\/","name":"\u00c1llati t\u00e9ma h\u00fcvelykujj markolat sapk\u00e1k - DROIX EU","description":"Puha szilikon anyagb\u00f3l k\u00e9sz\u00fclt V\u00e9dje az anal\u00f3g botot Nagyon k\u00e9nyelmes tapint\u00e1s\u00fa Nem k\u00f6nny\u0171 deform\u00e1l\u00f3dni Nem m\u00e9rgez\u0151 \u00e9s nem k\u00f6nny\u0171 kifakulni","inLanguage":"hu-HU","isPartOf":{"@id":"https:\/\/droix.eu\/hu\/#website"},"breadcrumb":{"@id":"https:\/\/droix.eu\/hu\/product\/allati-tema-huvelykujj-markolat-sapkak\/#breadcrumblist"},"image":{"@type":"ImageObject","url":"https:\/\/droix.eu\/wp-content\/uploads\/2022\/11\/ANIMAL-THUMB-STICK-CAPS-IMAGE-1.png","@id":"https:\/\/droix.eu\/hu\/product\/allati-tema-huvelykujj-markolat-sapkak\/#mainImage","width":900,"height":1200},"primaryImageOfPage":{"@id":"https:\/\/droix.eu\/hu\/product\/allati-tema-huvelykujj-markolat-sapkak\/#mainImage"},"datePublished":"2022-11-11T11:44:32+00:00","dateModified":"2026-03-28T08:30:50+00:00"},{"@type":"WebSite","@id":"https:\/\/droix.eu\/hu\/#website","url":"https:\/\/droix.eu\/hu\/","name":"DROIX EU","description":"Get the latest Mini PCs, Ultrabook, PC Gaming Handhelds and more!","inLanguage":"hu-HU","publisher":{"@id":"https:\/\/droix.eu\/hu\/#organization"}}]},"og:locale":"hu_HU","og:site_name":"DROIX EU - Get the latest Mini PCs, Ultrabook, PC Gaming Handhelds and more!","og:type":"article","og:title":"\u00c1llati t\u00e9ma h\u00fcvelykujj markolat sapk\u00e1k - DROIX EU","og:description":"Puha szilikon anyagb\u00f3l k\u00e9sz\u00fclt V\u00e9dje az anal\u00f3g botot Nagyon k\u00e9nyelmes tapint\u00e1s\u00fa Nem k\u00f6nny\u0171 deform\u00e1l\u00f3dni Nem m\u00e9rgez\u0151 \u00e9s nem k\u00f6nny\u0171 kifakulni","og:url":"https:\/\/droix.eu\/hu\/product\/allati-tema-huvelykujj-markolat-sapkak\/","og:image":"https:\/\/droix.eu\/wp-content\/uploads\/2024\/06\/droix-v2-light-logo.png","og:image:secure_url":"https:\/\/droix.eu\/wp-content\/uploads\/2024\/06\/droix-v2-light-logo.png","og:image:width":380,"og:image:height":118,"article:published_time":"2022-11-11T11:44:32+00:00","article:modified_time":"2026-03-28T08:30:50+00:00","article:publisher":"https:\/\/www.facebook.com\/DroiX.Store","twitter:card":"summary_large_image","twitter:site":"@DroiX_Store","twitter:title":"\u00c1llati t\u00e9ma h\u00fcvelykujj markolat sapk\u00e1k - DROIX EU","twitter:description":"Puha szilikon anyagb\u00f3l k\u00e9sz\u00fclt V\u00e9dje az anal\u00f3g botot Nagyon k\u00e9nyelmes tapint\u00e1s\u00fa Nem k\u00f6nny\u0171 deform\u00e1l\u00f3dni Nem m\u00e9rgez\u0151 \u00e9s nem k\u00f6nny\u0171 kifakulni","twitter:image":"https:\/\/droix.eu\/wp-content\/uploads\/2024\/06\/droix-v2-light-logo.png"},"aioseo_meta_data":{"post_id":"564050","title":null,"description":null,"keywords":null,"keyphrases":{"focus":{"keyphrase":"","score":0,"analysis":{"keyphraseInTitle":{"score":0,"maxScore":9,"error":1}}},"additional":[]},"primary_term":null,"canonical_url":null,"og_title":null,"og_description":null,"og_object_type":"default","og_image_type":"default","og_image_url":null,"og_image_width":null,"og_image_height":null,"og_image_custom_url":null,"og_image_custom_fields":null,"og_video":"","og_custom_url":null,"og_article_section":null,"og_article_tags":null,"twitter_use_og":true,"twitter_card":"default","twitter_image_type":"default","twitter_image_url":null,"twitter_image_custom_url":null,"twitter_image_custom_fields":null,"twitter_title":null,"twitter_description":null,"schema":{"blockGraphs":[],"customGraphs":[],"default":{"data":{"Article":[],"Course":[],"Dataset":[],"FAQPage":[],"Movie":[],"Person":[],"Product":[],"ProductReview":[],"Car":[],"Recipe":[],"Service":[],"SoftwareApplication":[],"WebPage":[]},"graphName":"Product","isEnabled":true},"graphs":[]},"schema_type":"default","schema_type_options":null,"pillar_content":false,"robots_default":true,"robots_noindex":false,"robots_noarchive":false,"robots_nosnippet":false,"robots_nofollow":false,"robots_noimageindex":false,"robots_noodp":false,"robots_notranslate":false,"robots_max_snippet":"-1","robots_max_videopreview":"-1","robots_max_imagepreview":"large","priority":null,"frequency":"default","local_seo":null,"seo_analyzer_scan_date":null,"breadcrumb_settings":null,"limit_modified_date":false,"reviewed_by":null,"open_ai":null,"ai":{"faqs":[],"keyPoints":[],"titles":[],"descriptions":[],"socialPosts":{"email":[],"linkedin":[],"twitter":[],"facebook":[],"instagram":[]}},"created":"2025-10-09 04:04:14","updated":"2026-03-28 12:31:20"},"aioseo_breadcrumb":"<div class=\"aioseo-breadcrumbs\"><span class=\"aioseo-breadcrumb\">\n\t<a href=\"https:\/\/droix.eu\/hu\/\" title=\"Home\">Home<\/a>\n<\/span><span class=\"aioseo-breadcrumb-separator\">&raquo;<\/span><span class=\"aioseo-breadcrumb\">\n\t<a href=\"https:\/\/droix.eu\/hu\/product-category\/tartozekok\/\" title=\"Tartoz\u00e9kok\">Tartoz\u00e9kok<\/a>\n<\/span><span class=\"aioseo-breadcrumb-separator\">&raquo;<\/span><span class=\"aioseo-breadcrumb\">\n\t<a href=\"https:\/\/droix.eu\/hu\/product-category\/tartozekok\/jatekos-kiegeszitok\/\" title=\"J\u00e1t\u00e9kos kieg\u00e9sz\u00edt\u0151k\">J\u00e1t\u00e9kos kieg\u00e9sz\u00edt\u0151k<\/a>\n<\/span><span class=\"aioseo-breadcrumb-separator\">&raquo;<\/span><span class=\"aioseo-breadcrumb\">\n\t\u00c1llati t\u00e9ma h\u00fcvelykujj markolat sapk\u00e1k\n<\/span><\/div>","aioseo_breadcrumb_json":[{"label":"Home","link":"https:\/\/droix.eu\/hu\/"},{"label":"Tartoz\u00e9kok","link":"https:\/\/droix.eu\/hu\/product-category\/tartozekok\/"},{"label":"J\u00e1t\u00e9kos kieg\u00e9sz\u00edt\u0151k","link":"https:\/\/droix.eu\/hu\/product-category\/tartozekok\/jatekos-kiegeszitok\/"},{"label":"\u00c1llati t\u00e9ma h\u00fcvelykujj markolat sapk\u00e1k","link":"https:\/\/droix.eu\/hu\/product\/allati-tema-huvelykujj-markolat-sapkak\/"}],"_links":{"self":[{"href":"https:\/\/droix.eu\/hu\/wp-json\/wp\/v2\/product\/564050","targetHints":{"allow":["GET"]}}],"collection":[{"href":"https:\/\/droix.eu\/hu\/wp-json\/wp\/v2\/product"}],"about":[{"href":"https:\/\/droix.eu\/hu\/wp-json\/wp\/v2\/types\/product"}],"version-history":[{"count":0,"href":"https:\/\/droix.eu\/hu\/wp-json\/wp\/v2\/product\/564050\/revisions"}],"wp:featuredmedia":[{"embeddable":true,"href":"https:\/\/droix.eu\/hu\/wp-json\/wp\/v2\/media\/702977"}],"wp:attachment":[{"href":"https:\/\/droix.eu\/hu\/wp-json\/wp\/v2\/media?parent=564050"}],"wp:term":[{"taxonomy":"product_brand","embeddable":true,"href":"https:\/\/droix.eu\/hu\/wp-json\/wp\/v2\/product_brand?post=564050"},{"taxonomy":"product_cat","embeddable":true,"href":"https:\/\/droix.eu\/hu\/wp-json\/wp\/v2\/product_cat?post=564050"},{"taxonomy":"product_tag","embeddable":true,"href":"https:\/\/droix.eu\/hu\/wp-json\/wp\/v2\/product_tag?post=564050"},{"taxonomy":"woo-feed-brand","embeddable":true,"href":"https:\/\/droix.eu\/hu\/wp-json\/wp\/v2\/woo-feed-brand?post=564050"},{"taxonomy":"key-features","embeddable":true,"href":"https:\/\/droix.eu\/hu\/wp-json\/wp\/v2\/key-features?post=564050"}],"curies":[{"name":"wp","href":"https:\/\/api.w.org\/{rel}","templated":true}]}}