{"id":564034,"date":"2022-11-08T16:39:00","date_gmt":"2022-11-08T16:39:00","guid":{"rendered":"https:\/\/droix.eu\/product\/gpd-win-max-2-2024-4g-lte-kiegeszito\/"},"modified":"2025-12-15T00:03:55","modified_gmt":"2025-12-15T00:03:55","slug":"gpd-win-max-2-2024-4g-lte-kiegeszito","status":"publish","type":"product","link":"https:\/\/droix.eu\/hu\/product\/gpd-win-max-2-2024-4g-lte-kiegeszito\/","title":{"rendered":"GPD WIN MAX 2 \/ 2024 4G LTE kieg\u00e9sz\u00edt\u0151"},"content":{"rendered":"&#13;\n<p>Bemutatjuk a leg\u00fajabb 4G LTE modul kieg\u00e9sz\u00edt\u0151t a <a href=\"https:\/\/droix.eu\/hu\/product\/gpd-win-max-2\/\">GPD WIN MAX 2 \/<\/a> <a href=\"https:\/\/droix.eu\/hu\/product\/gpd-win-max-2-2024\/\">GPD WIN MAX 2 2024 k\u00e9sz\u00fcl\u00e9khez .<\/a> Ez a forradalmi kieg\u00e9sz\u00edt\u0151 lehet\u0151v\u00e9 teszi a j\u00e1t\u00e9krajong\u00f3k sz\u00e1m\u00e1ra, hogy a z\u00f6kken\u0151mentes 4G kapcsolatnak \u00e9s a szolg\u00e1ltat\u00f3i t\u00e1mogat\u00e1snak k\u00f6sz\u00f6nhet\u0151en b\u00e1rhol \u00e9s b\u00e1rmikor zavartalanul \u00e9lvezhess\u00e9k a j\u00e1t\u00e9kokat. <\/p>&#13;\n&#13;\n<p>A felhaszn\u00e1l\u00f3i ig\u00e9nyekre v\u00e1laszul kifejlesztett \u00e9s a technikai korl\u00e1tok lek\u00fczd\u00e9s\u00e9re gondosan megtervezett 4G LTE modul t\u00e1mogatja a 4G TD-LTE, FDD-LTE \u00e9s 3G CDMA h\u00e1l\u00f3zatokat, \u00e9s a mainstream laptopokhoz hasonl\u00f3 teljes\u00edtm\u00e9nyt ny\u00fajt. A WIN Max 2 2024 sorozatba val\u00f3 integr\u00e1l\u00e1sa a hordozhat\u00f3 eszk\u00f6z\u00f6k\u00f6n kor\u00e1bban el\u00e9rhetetlen komplex j\u00e1t\u00e9kforgat\u00f3k\u00f6nyvek vil\u00e1g\u00e1t nyitja meg. <\/p>&#13;\n","protected":false},"excerpt":{"rendered":"<ul>\n<li><strong>Z\u00f6kken\u0151mentes 4G-csatlakoz\u00e1s:<\/strong> B\u00e1rhol, b\u00e1rmikor j\u00e1tszhatsz.<\/li>\n<li><strong>Fejlett h\u00e1l\u00f3zati t\u00e1mogat\u00e1s:<\/strong> 4G TD-LTE, FDD-LTE, 3G CDMA.<\/li>\n<li><strong>Hivatalos:<\/strong> A GPD \u00e1ltal a Win Max 2 \u00e9s a Win Max 2 2024 sz\u00e1m\u00e1ra tervezve<\/li>\n<li><strong>Modell:<\/strong> EG25-G<\/li>\n<\/ul>\n<pre>\n<b>IMPORTANT<\/b>\nINSTALATION REQUIRES OPENING DEVICE\nCOMPONENTS ARE SMALL &amp; DELICATE\nWE ARE NOT RESPONSIBLE FOR ANY CUSTOMER DAMAGE<\/pre>\n[droix_global_accordions]\n[cg_accordion title=\"A csomag tartalmazza\"]<\/p>\n<ul>\n<li>1x GPD WIN MAX 2 4G LTE modul<\/li>\n<li>3x csavarok<\/li>\n<li>2x Antenn\u00e1k<\/li>\n<li>1x k\u00e1bel<\/li>\n<\/ul>\n<p>[\/cg_accordion]\n","protected":false},"featured_media":533154,"template":"","meta":{"_acf_changed":false},"product_brand":[],"product_cat":[35131,35009,35006],"product_tag":[],"woo-feed-brand":[],"key-features":[],"class_list":{"0":"post-564034","1":"product","2":"type-product","3":"status-publish","4":"has-post-thumbnail","6":"product_cat-jatekos-kiegeszitok","7":"product_cat-laptop-tartozekok","8":"product_cat-tartozekok","9":"product_shipping_class-low-end","10":"pa_accessory-type-add-ons","11":"pa_brands-gpd-hu","12":"pa_compatibility-gpd-win-max-2-hu","14":"first","15":"outofstock","16":"sale","17":"taxable","18":"shipping-taxable","19":"purchasable","20":"product-type-simple"},"acf":[],"aioseo_notices":[],"aioseo_head":"\n\t\t<!-- All in One SEO Pro 4.9.6.2 - aioseo.com -->\n\t<meta name=\"description\" content=\"Z\u00f6kken\u0151mentes 4G-csatlakoz\u00e1s: B\u00e1rhol, b\u00e1rmikor j\u00e1tszhatsz. Fejlett h\u00e1l\u00f3zati t\u00e1mogat\u00e1s: 4G TD-LTE, FDD-LTE, 3G CDMA. Hivatalos: A GPD \u00e1ltal a Win Max 2 \u00e9s a Win Max 2 2024 sz\u00e1m\u00e1ra tervezve Modell: EG25-G IMPORTANT INSTALATION REQUIRES OPENING DEVICE COMPONENTS ARE SMALL &amp; DELICATE WE ARE NOT RESPONSIBLE FOR ANY CUSTOMER DAMAGE A csomag tartalmazza 1x GPD WIN MAX 2 4G LTE modul 3x csavarok 2x Antenn\u00e1k 1x k\u00e1bel\" \/>\n\t<meta name=\"robots\" content=\"max-image-preview:large\" \/>\n\t<link rel=\"canonical\" href=\"https:\/\/droix.eu\/hu\/product\/gpd-win-max-2-2024-4g-lte-kiegeszito\/\" \/>\n\t<meta name=\"generator\" content=\"All in One SEO Pro (AIOSEO) 4.9.6.2\" \/>\n\t\t<meta property=\"og:locale\" content=\"hu_HU\" \/>\n\t\t<meta property=\"og:site_name\" content=\"DROIX EU - Get the latest Mini PCs, Ultrabook, PC Gaming Handhelds and more!\" \/>\n\t\t<meta property=\"og:type\" content=\"article\" \/>\n\t\t<meta property=\"og:title\" content=\"GPD WIN MAX 2 \/ 2024 4G LTE kieg\u00e9sz\u00edt\u0151 - DROIX EU\" \/>\n\t\t<meta property=\"og:description\" content=\"Z\u00f6kken\u0151mentes 4G-csatlakoz\u00e1s: B\u00e1rhol, b\u00e1rmikor j\u00e1tszhatsz. Fejlett h\u00e1l\u00f3zati t\u00e1mogat\u00e1s: 4G TD-LTE, FDD-LTE, 3G CDMA. Hivatalos: A GPD \u00e1ltal a Win Max 2 \u00e9s a Win Max 2 2024 sz\u00e1m\u00e1ra tervezve Modell: EG25-G IMPORTANT INSTALATION REQUIRES OPENING DEVICE COMPONENTS ARE SMALL &amp; DELICATE WE ARE NOT RESPONSIBLE FOR ANY CUSTOMER DAMAGE A csomag tartalmazza 1x GPD WIN MAX 2 4G LTE modul 3x csavarok 2x Antenn\u00e1k 1x k\u00e1bel\" \/>\n\t\t<meta property=\"og:url\" content=\"https:\/\/droix.eu\/hu\/product\/gpd-win-max-2-2024-4g-lte-kiegeszito\/\" \/>\n\t\t<meta property=\"og:image\" content=\"https:\/\/droix.eu\/wp-content\/uploads\/2024\/06\/droix-v2-light-logo.png\" \/>\n\t\t<meta property=\"og:image:secure_url\" content=\"https:\/\/droix.eu\/wp-content\/uploads\/2024\/06\/droix-v2-light-logo.png\" \/>\n\t\t<meta property=\"og:image:width\" content=\"380\" \/>\n\t\t<meta property=\"og:image:height\" content=\"118\" \/>\n\t\t<meta property=\"article:published_time\" content=\"2022-11-08T16:39:00+00:00\" \/>\n\t\t<meta property=\"article:modified_time\" content=\"2025-12-15T00:03:55+00:00\" \/>\n\t\t<meta property=\"article:publisher\" content=\"https:\/\/www.facebook.com\/DroiX.Store\" \/>\n\t\t<meta name=\"twitter:card\" content=\"summary_large_image\" \/>\n\t\t<meta name=\"twitter:site\" content=\"@DroiX_Store\" \/>\n\t\t<meta name=\"twitter:title\" content=\"GPD WIN MAX 2 \/ 2024 4G LTE kieg\u00e9sz\u00edt\u0151 - DROIX EU\" \/>\n\t\t<meta name=\"twitter:description\" content=\"Z\u00f6kken\u0151mentes 4G-csatlakoz\u00e1s: B\u00e1rhol, b\u00e1rmikor j\u00e1tszhatsz. Fejlett h\u00e1l\u00f3zati t\u00e1mogat\u00e1s: 4G TD-LTE, FDD-LTE, 3G CDMA. Hivatalos: A GPD \u00e1ltal a Win Max 2 \u00e9s a Win Max 2 2024 sz\u00e1m\u00e1ra tervezve Modell: EG25-G IMPORTANT INSTALATION REQUIRES OPENING DEVICE COMPONENTS ARE SMALL &amp; DELICATE WE ARE NOT RESPONSIBLE FOR ANY CUSTOMER DAMAGE A csomag tartalmazza 1x GPD WIN MAX 2 4G LTE modul 3x csavarok 2x Antenn\u00e1k 1x k\u00e1bel\" \/>\n\t\t<meta name=\"twitter:image\" content=\"https:\/\/droix.eu\/wp-content\/uploads\/2024\/06\/droix-v2-light-logo.png\" \/>\n\t\t<script type=\"application\/ld+json\" class=\"aioseo-schema\">\n\t\t\t{\"@context\":\"https:\\\/\\\/schema.org\",\"@graph\":[{\"@type\":\"BreadcrumbList\",\"@id\":\"https:\\\/\\\/droix.eu\\\/hu\\\/product\\\/gpd-win-max-2-2024-4g-lte-kiegeszito\\\/#breadcrumblist\",\"itemListElement\":[{\"@type\":\"ListItem\",\"@id\":\"https:\\\/\\\/droix.eu\\\/hu\\\/#listItem\",\"position\":1,\"name\":\"Home\",\"item\":\"https:\\\/\\\/droix.eu\\\/hu\\\/\",\"nextItem\":{\"@type\":\"ListItem\",\"@id\":\"https:\\\/\\\/droix.eu\\\/hu\\\/product-category\\\/tartozekok\\\/#listItem\",\"name\":\"Tartoz\\u00e9kok\"}},{\"@type\":\"ListItem\",\"@id\":\"https:\\\/\\\/droix.eu\\\/hu\\\/product-category\\\/tartozekok\\\/#listItem\",\"position\":2,\"name\":\"Tartoz\\u00e9kok\",\"item\":\"https:\\\/\\\/droix.eu\\\/hu\\\/product-category\\\/tartozekok\\\/\",\"nextItem\":{\"@type\":\"ListItem\",\"@id\":\"https:\\\/\\\/droix.eu\\\/hu\\\/product-category\\\/tartozekok\\\/laptop-tartozekok\\\/#listItem\",\"name\":\"Laptop tartoz\\u00e9kok\"},\"previousItem\":{\"@type\":\"ListItem\",\"@id\":\"https:\\\/\\\/droix.eu\\\/hu\\\/#listItem\",\"name\":\"Home\"}},{\"@type\":\"ListItem\",\"@id\":\"https:\\\/\\\/droix.eu\\\/hu\\\/product-category\\\/tartozekok\\\/laptop-tartozekok\\\/#listItem\",\"position\":3,\"name\":\"Laptop tartoz\\u00e9kok\",\"item\":\"https:\\\/\\\/droix.eu\\\/hu\\\/product-category\\\/tartozekok\\\/laptop-tartozekok\\\/\",\"nextItem\":{\"@type\":\"ListItem\",\"@id\":\"https:\\\/\\\/droix.eu\\\/hu\\\/product\\\/gpd-win-max-2-2024-4g-lte-kiegeszito\\\/#listItem\",\"name\":\"GPD WIN MAX 2 \\\/ 2024 4G LTE kieg\\u00e9sz\\u00edt\\u0151\"},\"previousItem\":{\"@type\":\"ListItem\",\"@id\":\"https:\\\/\\\/droix.eu\\\/hu\\\/product-category\\\/tartozekok\\\/#listItem\",\"name\":\"Tartoz\\u00e9kok\"}},{\"@type\":\"ListItem\",\"@id\":\"https:\\\/\\\/droix.eu\\\/hu\\\/product\\\/gpd-win-max-2-2024-4g-lte-kiegeszito\\\/#listItem\",\"position\":4,\"name\":\"GPD WIN MAX 2 \\\/ 2024 4G LTE kieg\\u00e9sz\\u00edt\\u0151\",\"previousItem\":{\"@type\":\"ListItem\",\"@id\":\"https:\\\/\\\/droix.eu\\\/hu\\\/product-category\\\/tartozekok\\\/laptop-tartozekok\\\/#listItem\",\"name\":\"Laptop tartoz\\u00e9kok\"}}]},{\"@type\":\"Organization\",\"@id\":\"https:\\\/\\\/droix.eu\\\/hu\\\/#organization\",\"name\":\"DroiX \\u2013 Trusted EU Tech Retailer with 12+ Years Experience\",\"description\":\"DroiX is a leading European technology retailer with over 12 years of experience, offering quality mini PCs, handheld gaming consoles, and tech accessories. We provide hassle-free EU delivery with all taxes included, ensuring a smooth and reliable shopping experience for our customers across Europe.\",\"url\":\"https:\\\/\\\/droix.eu\\\/hu\\\/\",\"logo\":{\"@type\":\"ImageObject\",\"url\":\"https:\\\/\\\/droix.eu\\\/wp-content\\\/uploads\\\/2024\\\/06\\\/droix-v2-light-logo.png\",\"@id\":\"https:\\\/\\\/droix.eu\\\/hu\\\/product\\\/gpd-win-max-2-2024-4g-lte-kiegeszito\\\/#organizationLogo\",\"width\":380,\"height\":118},\"image\":{\"@id\":\"https:\\\/\\\/droix.eu\\\/hu\\\/product\\\/gpd-win-max-2-2024-4g-lte-kiegeszito\\\/#organizationLogo\"},\"sameAs\":[\"https:\\\/\\\/www.facebook.com\\\/DroiX.Store\",\"https:\\\/\\\/twitter.com\\\/DroiX_Store\",\"https:\\\/\\\/www.instagram.com\\\/droix.store\\\/\",\"https:\\\/\\\/www.tiktok.com\\\/@droix.store\",\"https:\\\/\\\/www.youtube.com\\\/c\\\/DroiX_Store\",\"https:\\\/\\\/uk.linkedin.com\\\/company\\\/droix\"]},{\"@type\":\"Product\",\"@id\":\"https:\\\/\\\/droix.eu\\\/hu\\\/product\\\/gpd-win-max-2-2024-4g-lte-kiegeszito\\\/#wooCommerceProduct\",\"name\":\"GPD WIN MAX 2 \\\/ 2024 4G LTE kieg\\u00e9sz\\u00edt\\u0151\",\"description\":\"Z\\u00f6kken\\u0151mentes 4G-csatlakoz\\u00e1s: B\\u00e1rhol, b\\u00e1rmikor j\\u00e1tszhatsz.\\n \\tFejlett h\\u00e1l\\u00f3zati t\\u00e1mogat\\u00e1s: 4G TD-LTE, FDD-LTE, 3G CDMA.\\n \\tHivatalos: A GPD \\u00e1ltal a Win Max 2 \\u00e9s a Win Max 2 2024 sz\\u00e1m\\u00e1ra tervezve\\n \\tModell: EG25-G\\n\\n\\n\\nIMPORTANT\\nINSTALATION REQUIRES OPENING DEVICE\\nCOMPONENTS ARE SMALL &amp; DELICATE\\nWE ARE NOT RESPONSIBLE FOR ANY CUSTOMER DAMAGE\",\"url\":\"https:\\\/\\\/droix.eu\\\/hu\\\/product\\\/gpd-win-max-2-2024-4g-lte-kiegeszito\\\/\",\"sku\":\"GPD-WIN_MAX_2-4G_LTE_Module\",\"gtin\":\"5060763673656\",\"image\":{\"@type\":\"ImageObject\",\"url\":\"https:\\\/\\\/droix.eu\\\/wp-content\\\/uploads\\\/2022\\\/11\\\/GPD-WIN-MAX-2-LTE-1.png\",\"@id\":\"https:\\\/\\\/droix.eu\\\/hu\\\/product\\\/gpd-win-max-2-2024-4g-lte-kiegeszito\\\/#productImage\",\"width\":622,\"height\":622,\"caption\":\"GPD WIN MAX 2 4G LTE kieg\\u00e9sz\\u00edt\\u0151\"},\"offers\":{\"@type\":\"Offer\",\"url\":\"https:\\\/\\\/droix.eu\\\/hu\\\/product\\\/gpd-win-max-2-2024-4g-lte-kiegeszito\\\/#wooCommerceOffer\",\"price\":97.11,\"priceCurrency\":\"EUR\",\"category\":\"J\\u00e1t\\u00e9kos kieg\\u00e9sz\\u00edt\\u0151k\",\"availability\":\"https:\\\/\\\/schema.org\\\/OutOfStock\",\"priceSpecification\":{\"@type\":\"PriceSpecification\",\"price\":97.11,\"priceCurrency\":\"EUR\",\"valueAddedTaxIncluded\":\"true\"},\"seller\":{\"@type\":\"Organization\",\"@id\":\"https:\\\/\\\/droix.eu\\\/hu\\\/#organization\"}}},{\"@type\":\"WebPage\",\"@id\":\"https:\\\/\\\/droix.eu\\\/hu\\\/product\\\/gpd-win-max-2-2024-4g-lte-kiegeszito\\\/#webpage\",\"url\":\"https:\\\/\\\/droix.eu\\\/hu\\\/product\\\/gpd-win-max-2-2024-4g-lte-kiegeszito\\\/\",\"name\":\"GPD WIN MAX 2 \\\/ 2024 4G LTE kieg\\u00e9sz\\u00edt\\u0151 - DROIX EU\",\"description\":\"Z\\u00f6kken\\u0151mentes 4G-csatlakoz\\u00e1s: B\\u00e1rhol, b\\u00e1rmikor j\\u00e1tszhatsz. Fejlett h\\u00e1l\\u00f3zati t\\u00e1mogat\\u00e1s: 4G TD-LTE, FDD-LTE, 3G CDMA. Hivatalos: A GPD \\u00e1ltal a Win Max 2 \\u00e9s a Win Max 2 2024 sz\\u00e1m\\u00e1ra tervezve Modell: EG25-G IMPORTANT INSTALATION REQUIRES OPENING DEVICE COMPONENTS ARE SMALL & DELICATE WE ARE NOT RESPONSIBLE FOR ANY CUSTOMER DAMAGE A csomag tartalmazza 1x GPD WIN MAX 2 4G LTE modul 3x csavarok 2x Antenn\\u00e1k 1x k\\u00e1bel\",\"inLanguage\":\"hu-HU\",\"isPartOf\":{\"@id\":\"https:\\\/\\\/droix.eu\\\/hu\\\/#website\"},\"breadcrumb\":{\"@id\":\"https:\\\/\\\/droix.eu\\\/hu\\\/product\\\/gpd-win-max-2-2024-4g-lte-kiegeszito\\\/#breadcrumblist\"},\"image\":{\"@type\":\"ImageObject\",\"url\":\"https:\\\/\\\/droix.eu\\\/wp-content\\\/uploads\\\/2022\\\/11\\\/GPD-WIN-MAX-2-LTE-1.png\",\"@id\":\"https:\\\/\\\/droix.eu\\\/hu\\\/product\\\/gpd-win-max-2-2024-4g-lte-kiegeszito\\\/#mainImage\",\"width\":622,\"height\":622,\"caption\":\"GPD WIN MAX 2 4G LTE kieg\\u00e9sz\\u00edt\\u0151\"},\"primaryImageOfPage\":{\"@id\":\"https:\\\/\\\/droix.eu\\\/hu\\\/product\\\/gpd-win-max-2-2024-4g-lte-kiegeszito\\\/#mainImage\"},\"datePublished\":\"2022-11-08T16:39:00+00:00\",\"dateModified\":\"2025-12-15T00:03:55+00:00\"},{\"@type\":\"WebSite\",\"@id\":\"https:\\\/\\\/droix.eu\\\/hu\\\/#website\",\"url\":\"https:\\\/\\\/droix.eu\\\/hu\\\/\",\"name\":\"DROIX EU\",\"description\":\"Get the latest Mini PCs, Ultrabook, PC Gaming Handhelds and more!\",\"inLanguage\":\"hu-HU\",\"publisher\":{\"@id\":\"https:\\\/\\\/droix.eu\\\/hu\\\/#organization\"}}]}\n\t\t<\/script>\n\t\t<!-- All in One SEO Pro -->\r\n\t\t<title>GPD WIN MAX 2 \/ 2024 4G LTE kieg\u00e9sz\u00edt\u0151 - DROIX EU<\/title>\n\n","aioseo_head_json":{"title":"GPD WIN MAX 2 \/ 2024 4G LTE kieg\u00e9sz\u00edt\u0151 - DROIX EU","description":"Z\u00f6kken\u0151mentes 4G-csatlakoz\u00e1s: B\u00e1rhol, b\u00e1rmikor j\u00e1tszhatsz. Fejlett h\u00e1l\u00f3zati t\u00e1mogat\u00e1s: 4G TD-LTE, FDD-LTE, 3G CDMA. Hivatalos: A GPD \u00e1ltal a Win Max 2 \u00e9s a Win Max 2 2024 sz\u00e1m\u00e1ra tervezve Modell: EG25-G IMPORTANT INSTALATION REQUIRES OPENING DEVICE COMPONENTS ARE SMALL & DELICATE WE ARE NOT RESPONSIBLE FOR ANY CUSTOMER DAMAGE A csomag tartalmazza 1x GPD WIN MAX 2 4G LTE modul 3x csavarok 2x Antenn\u00e1k 1x k\u00e1bel","canonical_url":"https:\/\/droix.eu\/hu\/product\/gpd-win-max-2-2024-4g-lte-kiegeszito\/","robots":"max-image-preview:large","keywords":"","webmasterTools":{"miscellaneous":""},"schema":{"@context":"https:\/\/schema.org","@graph":[{"@type":"BreadcrumbList","@id":"https:\/\/droix.eu\/hu\/product\/gpd-win-max-2-2024-4g-lte-kiegeszito\/#breadcrumblist","itemListElement":[{"@type":"ListItem","@id":"https:\/\/droix.eu\/hu\/#listItem","position":1,"name":"Home","item":"https:\/\/droix.eu\/hu\/","nextItem":{"@type":"ListItem","@id":"https:\/\/droix.eu\/hu\/product-category\/tartozekok\/#listItem","name":"Tartoz\u00e9kok"}},{"@type":"ListItem","@id":"https:\/\/droix.eu\/hu\/product-category\/tartozekok\/#listItem","position":2,"name":"Tartoz\u00e9kok","item":"https:\/\/droix.eu\/hu\/product-category\/tartozekok\/","nextItem":{"@type":"ListItem","@id":"https:\/\/droix.eu\/hu\/product-category\/tartozekok\/laptop-tartozekok\/#listItem","name":"Laptop tartoz\u00e9kok"},"previousItem":{"@type":"ListItem","@id":"https:\/\/droix.eu\/hu\/#listItem","name":"Home"}},{"@type":"ListItem","@id":"https:\/\/droix.eu\/hu\/product-category\/tartozekok\/laptop-tartozekok\/#listItem","position":3,"name":"Laptop tartoz\u00e9kok","item":"https:\/\/droix.eu\/hu\/product-category\/tartozekok\/laptop-tartozekok\/","nextItem":{"@type":"ListItem","@id":"https:\/\/droix.eu\/hu\/product\/gpd-win-max-2-2024-4g-lte-kiegeszito\/#listItem","name":"GPD WIN MAX 2 \/ 2024 4G LTE kieg\u00e9sz\u00edt\u0151"},"previousItem":{"@type":"ListItem","@id":"https:\/\/droix.eu\/hu\/product-category\/tartozekok\/#listItem","name":"Tartoz\u00e9kok"}},{"@type":"ListItem","@id":"https:\/\/droix.eu\/hu\/product\/gpd-win-max-2-2024-4g-lte-kiegeszito\/#listItem","position":4,"name":"GPD WIN MAX 2 \/ 2024 4G LTE kieg\u00e9sz\u00edt\u0151","previousItem":{"@type":"ListItem","@id":"https:\/\/droix.eu\/hu\/product-category\/tartozekok\/laptop-tartozekok\/#listItem","name":"Laptop tartoz\u00e9kok"}}]},{"@type":"Organization","@id":"https:\/\/droix.eu\/hu\/#organization","name":"DroiX \u2013 Trusted EU Tech Retailer with 12+ Years Experience","description":"DroiX is a leading European technology retailer with over 12 years of experience, offering quality mini PCs, handheld gaming consoles, and tech accessories. We provide hassle-free EU delivery with all taxes included, ensuring a smooth and reliable shopping experience for our customers across Europe.","url":"https:\/\/droix.eu\/hu\/","logo":{"@type":"ImageObject","url":"https:\/\/droix.eu\/wp-content\/uploads\/2024\/06\/droix-v2-light-logo.png","@id":"https:\/\/droix.eu\/hu\/product\/gpd-win-max-2-2024-4g-lte-kiegeszito\/#organizationLogo","width":380,"height":118},"image":{"@id":"https:\/\/droix.eu\/hu\/product\/gpd-win-max-2-2024-4g-lte-kiegeszito\/#organizationLogo"},"sameAs":["https:\/\/www.facebook.com\/DroiX.Store","https:\/\/twitter.com\/DroiX_Store","https:\/\/www.instagram.com\/droix.store\/","https:\/\/www.tiktok.com\/@droix.store","https:\/\/www.youtube.com\/c\/DroiX_Store","https:\/\/uk.linkedin.com\/company\/droix"]},{"@type":"Product","@id":"https:\/\/droix.eu\/hu\/product\/gpd-win-max-2-2024-4g-lte-kiegeszito\/#wooCommerceProduct","name":"GPD WIN MAX 2 \/ 2024 4G LTE kieg\u00e9sz\u00edt\u0151","description":"Z\u00f6kken\u0151mentes 4G-csatlakoz\u00e1s: B\u00e1rhol, b\u00e1rmikor j\u00e1tszhatsz.\n \tFejlett h\u00e1l\u00f3zati t\u00e1mogat\u00e1s: 4G TD-LTE, FDD-LTE, 3G CDMA.\n \tHivatalos: A GPD \u00e1ltal a Win Max 2 \u00e9s a Win Max 2 2024 sz\u00e1m\u00e1ra tervezve\n \tModell: EG25-G\n\n\n\nIMPORTANT\nINSTALATION REQUIRES OPENING DEVICE\nCOMPONENTS ARE SMALL &amp; DELICATE\nWE ARE NOT RESPONSIBLE FOR ANY CUSTOMER DAMAGE","url":"https:\/\/droix.eu\/hu\/product\/gpd-win-max-2-2024-4g-lte-kiegeszito\/","sku":"GPD-WIN_MAX_2-4G_LTE_Module","gtin":"5060763673656","image":{"@type":"ImageObject","url":"https:\/\/droix.eu\/wp-content\/uploads\/2022\/11\/GPD-WIN-MAX-2-LTE-1.png","@id":"https:\/\/droix.eu\/hu\/product\/gpd-win-max-2-2024-4g-lte-kiegeszito\/#productImage","width":622,"height":622,"caption":"GPD WIN MAX 2 4G LTE kieg\u00e9sz\u00edt\u0151"},"offers":{"@type":"Offer","url":"https:\/\/droix.eu\/hu\/product\/gpd-win-max-2-2024-4g-lte-kiegeszito\/#wooCommerceOffer","price":97.11,"priceCurrency":"EUR","category":"J\u00e1t\u00e9kos kieg\u00e9sz\u00edt\u0151k","availability":"https:\/\/schema.org\/OutOfStock","priceSpecification":{"@type":"PriceSpecification","price":97.11,"priceCurrency":"EUR","valueAddedTaxIncluded":"true"},"seller":{"@type":"Organization","@id":"https:\/\/droix.eu\/hu\/#organization"}}},{"@type":"WebPage","@id":"https:\/\/droix.eu\/hu\/product\/gpd-win-max-2-2024-4g-lte-kiegeszito\/#webpage","url":"https:\/\/droix.eu\/hu\/product\/gpd-win-max-2-2024-4g-lte-kiegeszito\/","name":"GPD WIN MAX 2 \/ 2024 4G LTE kieg\u00e9sz\u00edt\u0151 - DROIX EU","description":"Z\u00f6kken\u0151mentes 4G-csatlakoz\u00e1s: B\u00e1rhol, b\u00e1rmikor j\u00e1tszhatsz. Fejlett h\u00e1l\u00f3zati t\u00e1mogat\u00e1s: 4G TD-LTE, FDD-LTE, 3G CDMA. Hivatalos: A GPD \u00e1ltal a Win Max 2 \u00e9s a Win Max 2 2024 sz\u00e1m\u00e1ra tervezve Modell: EG25-G IMPORTANT INSTALATION REQUIRES OPENING DEVICE COMPONENTS ARE SMALL & DELICATE WE ARE NOT RESPONSIBLE FOR ANY CUSTOMER DAMAGE A csomag tartalmazza 1x GPD WIN MAX 2 4G LTE modul 3x csavarok 2x Antenn\u00e1k 1x k\u00e1bel","inLanguage":"hu-HU","isPartOf":{"@id":"https:\/\/droix.eu\/hu\/#website"},"breadcrumb":{"@id":"https:\/\/droix.eu\/hu\/product\/gpd-win-max-2-2024-4g-lte-kiegeszito\/#breadcrumblist"},"image":{"@type":"ImageObject","url":"https:\/\/droix.eu\/wp-content\/uploads\/2022\/11\/GPD-WIN-MAX-2-LTE-1.png","@id":"https:\/\/droix.eu\/hu\/product\/gpd-win-max-2-2024-4g-lte-kiegeszito\/#mainImage","width":622,"height":622,"caption":"GPD WIN MAX 2 4G LTE kieg\u00e9sz\u00edt\u0151"},"primaryImageOfPage":{"@id":"https:\/\/droix.eu\/hu\/product\/gpd-win-max-2-2024-4g-lte-kiegeszito\/#mainImage"},"datePublished":"2022-11-08T16:39:00+00:00","dateModified":"2025-12-15T00:03:55+00:00"},{"@type":"WebSite","@id":"https:\/\/droix.eu\/hu\/#website","url":"https:\/\/droix.eu\/hu\/","name":"DROIX EU","description":"Get the latest Mini PCs, Ultrabook, PC Gaming Handhelds and more!","inLanguage":"hu-HU","publisher":{"@id":"https:\/\/droix.eu\/hu\/#organization"}}]},"og:locale":"hu_HU","og:site_name":"DROIX EU - Get the latest Mini PCs, Ultrabook, PC Gaming Handhelds and more!","og:type":"article","og:title":"GPD WIN MAX 2 \/ 2024 4G LTE kieg\u00e9sz\u00edt\u0151 - DROIX EU","og:description":"Z\u00f6kken\u0151mentes 4G-csatlakoz\u00e1s: B\u00e1rhol, b\u00e1rmikor j\u00e1tszhatsz. Fejlett h\u00e1l\u00f3zati t\u00e1mogat\u00e1s: 4G TD-LTE, FDD-LTE, 3G CDMA. Hivatalos: A GPD \u00e1ltal a Win Max 2 \u00e9s a Win Max 2 2024 sz\u00e1m\u00e1ra tervezve Modell: EG25-G IMPORTANT INSTALATION REQUIRES OPENING DEVICE COMPONENTS ARE SMALL &amp; DELICATE WE ARE NOT RESPONSIBLE FOR ANY CUSTOMER DAMAGE A csomag tartalmazza 1x GPD WIN MAX 2 4G LTE modul 3x csavarok 2x Antenn\u00e1k 1x k\u00e1bel","og:url":"https:\/\/droix.eu\/hu\/product\/gpd-win-max-2-2024-4g-lte-kiegeszito\/","og:image":"https:\/\/droix.eu\/wp-content\/uploads\/2024\/06\/droix-v2-light-logo.png","og:image:secure_url":"https:\/\/droix.eu\/wp-content\/uploads\/2024\/06\/droix-v2-light-logo.png","og:image:width":380,"og:image:height":118,"article:published_time":"2022-11-08T16:39:00+00:00","article:modified_time":"2025-12-15T00:03:55+00:00","article:publisher":"https:\/\/www.facebook.com\/DroiX.Store","twitter:card":"summary_large_image","twitter:site":"@DroiX_Store","twitter:title":"GPD WIN MAX 2 \/ 2024 4G LTE kieg\u00e9sz\u00edt\u0151 - DROIX EU","twitter:description":"Z\u00f6kken\u0151mentes 4G-csatlakoz\u00e1s: B\u00e1rhol, b\u00e1rmikor j\u00e1tszhatsz. Fejlett h\u00e1l\u00f3zati t\u00e1mogat\u00e1s: 4G TD-LTE, FDD-LTE, 3G CDMA. Hivatalos: A GPD \u00e1ltal a Win Max 2 \u00e9s a Win Max 2 2024 sz\u00e1m\u00e1ra tervezve Modell: EG25-G IMPORTANT INSTALATION REQUIRES OPENING DEVICE COMPONENTS ARE SMALL &amp; DELICATE WE ARE NOT RESPONSIBLE FOR ANY CUSTOMER DAMAGE A csomag tartalmazza 1x GPD WIN MAX 2 4G LTE modul 3x csavarok 2x Antenn\u00e1k 1x k\u00e1bel","twitter:image":"https:\/\/droix.eu\/wp-content\/uploads\/2024\/06\/droix-v2-light-logo.png"},"aioseo_meta_data":{"post_id":"564034","title":null,"description":null,"keywords":null,"keyphrases":null,"primary_term":null,"canonical_url":null,"og_title":null,"og_description":null,"og_object_type":"default","og_image_type":"default","og_image_url":null,"og_image_width":null,"og_image_height":null,"og_image_custom_url":null,"og_image_custom_fields":null,"og_video":null,"og_custom_url":null,"og_article_section":null,"og_article_tags":null,"twitter_use_og":true,"twitter_card":"default","twitter_image_type":"default","twitter_image_url":null,"twitter_image_custom_url":null,"twitter_image_custom_fields":null,"twitter_title":null,"twitter_description":null,"schema":{"blockGraphs":[],"customGraphs":[],"default":{"data":{"Article":[],"Course":[],"Dataset":[],"FAQPage":[],"Movie":[],"Person":[],"Product":[],"ProductReview":[],"Car":[],"Recipe":[],"Service":[],"SoftwareApplication":[],"WebPage":[]},"graphName":"","isEnabled":true},"graphs":[]},"schema_type":"default","schema_type_options":null,"pillar_content":false,"robots_default":true,"robots_noindex":false,"robots_noarchive":false,"robots_nosnippet":false,"robots_nofollow":false,"robots_noimageindex":false,"robots_noodp":false,"robots_notranslate":false,"robots_max_snippet":null,"robots_max_videopreview":null,"robots_max_imagepreview":"large","priority":null,"frequency":null,"local_seo":null,"seo_analyzer_scan_date":"2025-10-24 11:47:20","breadcrumb_settings":null,"limit_modified_date":false,"reviewed_by":null,"open_ai":null,"ai":null,"created":"2025-10-09 04:01:02","updated":"2026-01-24 09:18:44"},"aioseo_breadcrumb":"<div class=\"aioseo-breadcrumbs\"><span class=\"aioseo-breadcrumb\">\n\t<a href=\"https:\/\/droix.eu\/hu\/\" title=\"Home\">Home<\/a>\n<\/span><span class=\"aioseo-breadcrumb-separator\">&raquo;<\/span><span class=\"aioseo-breadcrumb\">\n\t<a href=\"https:\/\/droix.eu\/hu\/product-category\/tartozekok\/\" title=\"Tartoz\u00e9kok\">Tartoz\u00e9kok<\/a>\n<\/span><span class=\"aioseo-breadcrumb-separator\">&raquo;<\/span><span class=\"aioseo-breadcrumb\">\n\t<a href=\"https:\/\/droix.eu\/hu\/product-category\/tartozekok\/laptop-tartozekok\/\" title=\"Laptop tartoz\u00e9kok\">Laptop tartoz\u00e9kok<\/a>\n<\/span><span class=\"aioseo-breadcrumb-separator\">&raquo;<\/span><span class=\"aioseo-breadcrumb\">\n\tGPD WIN MAX 2 \/ 2024 4G LTE kieg\u00e9sz\u00edt\u0151\n<\/span><\/div>","aioseo_breadcrumb_json":[{"label":"Home","link":"https:\/\/droix.eu\/hu\/"},{"label":"Tartoz\u00e9kok","link":"https:\/\/droix.eu\/hu\/product-category\/tartozekok\/"},{"label":"Laptop tartoz\u00e9kok","link":"https:\/\/droix.eu\/hu\/product-category\/tartozekok\/laptop-tartozekok\/"},{"label":"GPD WIN MAX 2 \/ 2024 4G LTE kieg\u00e9sz\u00edt\u0151","link":"https:\/\/droix.eu\/hu\/product\/gpd-win-max-2-2024-4g-lte-kiegeszito\/"}],"_links":{"self":[{"href":"https:\/\/droix.eu\/hu\/wp-json\/wp\/v2\/product\/564034","targetHints":{"allow":["GET"]}}],"collection":[{"href":"https:\/\/droix.eu\/hu\/wp-json\/wp\/v2\/product"}],"about":[{"href":"https:\/\/droix.eu\/hu\/wp-json\/wp\/v2\/types\/product"}],"version-history":[{"count":0,"href":"https:\/\/droix.eu\/hu\/wp-json\/wp\/v2\/product\/564034\/revisions"}],"wp:featuredmedia":[{"embeddable":true,"href":"https:\/\/droix.eu\/hu\/wp-json\/wp\/v2\/media\/533154"}],"wp:attachment":[{"href":"https:\/\/droix.eu\/hu\/wp-json\/wp\/v2\/media?parent=564034"}],"wp:term":[{"taxonomy":"product_brand","embeddable":true,"href":"https:\/\/droix.eu\/hu\/wp-json\/wp\/v2\/product_brand?post=564034"},{"taxonomy":"product_cat","embeddable":true,"href":"https:\/\/droix.eu\/hu\/wp-json\/wp\/v2\/product_cat?post=564034"},{"taxonomy":"product_tag","embeddable":true,"href":"https:\/\/droix.eu\/hu\/wp-json\/wp\/v2\/product_tag?post=564034"},{"taxonomy":"woo-feed-brand","embeddable":true,"href":"https:\/\/droix.eu\/hu\/wp-json\/wp\/v2\/woo-feed-brand?post=564034"},{"taxonomy":"key-features","embeddable":true,"href":"https:\/\/droix.eu\/hu\/wp-json\/wp\/v2\/key-features?post=564034"}],"curies":[{"name":"wp","href":"https:\/\/api.w.org\/{rel}","templated":true}]}}