{"id":562855,"date":"2023-05-25T09:22:48","date_gmt":"2023-05-25T09:22:48","guid":{"rendered":"https:\/\/droix.eu\/product\/gpd-win-4-kemenyheju-tok\/"},"modified":"2026-01-22T14:38:49","modified_gmt":"2026-01-22T14:38:49","slug":"gpd-win-4-kemenyheju-tok","status":"publish","type":"product","link":"https:\/\/droix.eu\/hu\/product\/gpd-win-4-kemenyheju-tok\/","title":{"rendered":"GPD WIN 4 kem\u00e9nyh\u00e9j\u00fa tok"},"content":{"rendered":"<p><strong>A GPD WIN 4<\/strong> nagy teljes\u00edtm\u00e9ny\u0171 k\u00e9zi j\u00e1t\u00e9k PC-k, amelyeket \u00fagy terveztek, hogy \u00fatk\u00f6zben is mag\u00e1val ragad\u00f3 j\u00e1t\u00e9k\u00e9lm\u00e9nyt ny\u00fajtsanak. Hogy megv\u00e9dje ezeket a pr\u00e9mium k\u00e9sz\u00fcl\u00e9keket a karcol\u00e1sokt\u00f3l, \u00fct\u0151d\u00e9sekt\u0151l \u00e9s egy\u00e9b k\u00fcls\u0151 s\u00e9r\u00fcl\u00e9sekt\u0151l, egy  <strong>kem\u00e9nyh\u00e9j\u00fa v\u00e9d\u0151 tok<\/strong>  sz\u00fcks\u00e9ges. A GPD WIN 4 kem\u00e9nyh\u00e9j\u00fa v\u00e9d\u0151t\u00e1ska egy tart\u00f3s, k\u00f6nny\u0171 \u00e9s st\u00edlusos tok, amelyet kifejezetten ezeknek a j\u00e1t\u00e9kk\u00e9zisz\u00e1m\u00edt\u00f3g\u00e9peknek a felszerel\u00e9s\u00e9hez terveztek. A tok kiv\u00e1l\u00f3 min\u0151s\u00e9g\u0171 anyagokb\u00f3l, p\u00e9ld\u00e1ul polikarbon\u00e1tb\u00f3l \u00e9s ABS m\u0171anyagb\u00f3l k\u00e9sz\u00fclt, amelyek kiv\u00e1l\u00f3 v\u00e9delmet ny\u00fajtanak az \u00fct\u00e9sek, karcol\u00e1sok \u00e9s egy\u00e9b k\u00fcls\u0151 s\u00e9r\u00fcl\u00e9sek ellen .A tok belseje puha \u00e9s sima anyaggal van b\u00e9lelve, amely extra v\u00e9delmet ny\u00fajt a karcol\u00e1sok \u00e9s a por ellen. A tok biztons\u00e1gos cipz\u00e1rral is rendelkezik, amely biztos\u00edtja, hogy a k\u00e9zi k\u00e9sz\u00fcl\u00e9k sz\u00e1ll\u00edt\u00e1s k\u00f6zben a hely\u00e9n maradjon.<\/p>\n","protected":false},"excerpt":{"rendered":"<ul>\n<li><strong>Hivatalos GPD<\/strong> v\u00e9d\u0151 tok a GPD Win 4 k\u00e9sz\u00fcl\u00e9khez<\/li>\n<li><strong>Tart\u00f3s<\/strong> k\u00fcls\u0151 szintetikus polimer h\u00e9j<\/li>\n<li>Puha sz\u00f6vetb\u00e9l\u00e9s a <strong>tov\u00e1bbi v\u00e9delem\u00e9rt<\/strong>.<\/li>\n<li><strong>K\u00fcl\u00f6n rekesz<\/strong> a perif\u00e9ri\u00e1k sz\u00e1m\u00e1ra.<\/li>\n<li>Eleg\u00e1ns kialak\u00edt\u00e1s, biztons\u00e1gos cipz\u00e1rral.<\/li>\n<\/ul>\n<p>[droix_global_accordions]<br \/>\n[cg_accordion title=\"A csomag tartalmazza\"]<\/p>\n<ul>\n<li>1x GPD WIN 4 kem\u00e9nyh\u00e9j\u00fa tok<\/li>\n<\/ul>\n<p>[\/cg_accordion]<\/p>\n","protected":false},"featured_media":562873,"template":"","meta":{"_acf_changed":false},"product_brand":[],"product_cat":[35131,35006],"product_tag":[],"woo-feed-brand":[2198],"key-features":[],"class_list":{"0":"post-562855","1":"product","2":"type-product","3":"status-publish","4":"has-post-thumbnail","6":"product_cat-jatekos-kiegeszitok","7":"product_cat-tartozekok","8":"product_shipping_class-low-end","9":"pa_accessory-type-protective-case","10":"pa_brands-gpd-hu","11":"woo-feed-brand-gpd","13":"first","14":"outofstock","15":"sale","16":"taxable","17":"shipping-taxable","18":"purchasable","19":"product-type-simple"},"acf":[],"aioseo_notices":[],"aioseo_head":"\n\t\t<!-- All in One SEO Pro 4.9.6.2 - aioseo.com -->\n\t<meta name=\"description\" content=\"Hivatalos GPD v\u00e9d\u0151 tok a GPD Win 4 k\u00e9sz\u00fcl\u00e9khez Tart\u00f3s k\u00fcls\u0151 szintetikus polimer h\u00e9j Puha sz\u00f6vetb\u00e9l\u00e9s a tov\u00e1bbi v\u00e9delem\u00e9rt. K\u00fcl\u00f6n rekesz a perif\u00e9ri\u00e1k sz\u00e1m\u00e1ra. Eleg\u00e1ns kialak\u00edt\u00e1s, biztons\u00e1gos cipz\u00e1rral. A csomag tartalmazza 1x GPD WIN 4 kem\u00e9nyh\u00e9j\u00fa tok\" \/>\n\t<meta name=\"robots\" content=\"max-image-preview:large\" \/>\n\t<link rel=\"canonical\" href=\"https:\/\/droix.eu\/hu\/product\/gpd-win-4-kemenyheju-tok\/\" \/>\n\t<meta name=\"generator\" content=\"All in One SEO Pro (AIOSEO) 4.9.6.2\" \/>\n\t\t<meta property=\"og:locale\" content=\"hu_HU\" \/>\n\t\t<meta property=\"og:site_name\" content=\"DROIX EU - Get the latest Mini PCs, Ultrabook, PC Gaming Handhelds and more!\" \/>\n\t\t<meta property=\"og:type\" content=\"article\" \/>\n\t\t<meta property=\"og:title\" content=\"GPD WIN 4 kem\u00e9nyh\u00e9j\u00fa tok - DROIX EU\" \/>\n\t\t<meta property=\"og:description\" content=\"Hivatalos GPD v\u00e9d\u0151 tok a GPD Win 4 k\u00e9sz\u00fcl\u00e9khez Tart\u00f3s k\u00fcls\u0151 szintetikus polimer h\u00e9j Puha sz\u00f6vetb\u00e9l\u00e9s a tov\u00e1bbi v\u00e9delem\u00e9rt. K\u00fcl\u00f6n rekesz a perif\u00e9ri\u00e1k sz\u00e1m\u00e1ra. Eleg\u00e1ns kialak\u00edt\u00e1s, biztons\u00e1gos cipz\u00e1rral. A csomag tartalmazza 1x GPD WIN 4 kem\u00e9nyh\u00e9j\u00fa tok\" \/>\n\t\t<meta property=\"og:url\" content=\"https:\/\/droix.eu\/hu\/product\/gpd-win-4-kemenyheju-tok\/\" \/>\n\t\t<meta property=\"og:image\" content=\"https:\/\/droix.eu\/wp-content\/uploads\/2024\/06\/droix-v2-light-logo.png\" \/>\n\t\t<meta property=\"og:image:secure_url\" content=\"https:\/\/droix.eu\/wp-content\/uploads\/2024\/06\/droix-v2-light-logo.png\" \/>\n\t\t<meta property=\"og:image:width\" content=\"380\" \/>\n\t\t<meta property=\"og:image:height\" content=\"118\" \/>\n\t\t<meta property=\"article:published_time\" content=\"2023-05-25T09:22:48+00:00\" \/>\n\t\t<meta property=\"article:modified_time\" content=\"2026-01-22T14:38:49+00:00\" \/>\n\t\t<meta property=\"article:publisher\" content=\"https:\/\/www.facebook.com\/DroiX.Store\" \/>\n\t\t<meta name=\"twitter:card\" content=\"summary_large_image\" \/>\n\t\t<meta name=\"twitter:site\" content=\"@DroiX_Store\" \/>\n\t\t<meta name=\"twitter:title\" content=\"GPD WIN 4 kem\u00e9nyh\u00e9j\u00fa tok - DROIX EU\" \/>\n\t\t<meta name=\"twitter:description\" content=\"Hivatalos GPD v\u00e9d\u0151 tok a GPD Win 4 k\u00e9sz\u00fcl\u00e9khez Tart\u00f3s k\u00fcls\u0151 szintetikus polimer h\u00e9j Puha sz\u00f6vetb\u00e9l\u00e9s a tov\u00e1bbi v\u00e9delem\u00e9rt. K\u00fcl\u00f6n rekesz a perif\u00e9ri\u00e1k sz\u00e1m\u00e1ra. Eleg\u00e1ns kialak\u00edt\u00e1s, biztons\u00e1gos cipz\u00e1rral. A csomag tartalmazza 1x GPD WIN 4 kem\u00e9nyh\u00e9j\u00fa tok\" \/>\n\t\t<meta name=\"twitter:image\" content=\"https:\/\/droix.eu\/wp-content\/uploads\/2024\/06\/droix-v2-light-logo.png\" \/>\n\t\t<script type=\"application\/ld+json\" class=\"aioseo-schema\">\n\t\t\t{\"@context\":\"https:\\\/\\\/schema.org\",\"@graph\":[{\"@type\":\"BreadcrumbList\",\"@id\":\"https:\\\/\\\/droix.eu\\\/hu\\\/product\\\/gpd-win-4-kemenyheju-tok\\\/#breadcrumblist\",\"itemListElement\":[{\"@type\":\"ListItem\",\"@id\":\"https:\\\/\\\/droix.eu\\\/hu\\\/#listItem\",\"position\":1,\"name\":\"Home\",\"item\":\"https:\\\/\\\/droix.eu\\\/hu\\\/\",\"nextItem\":{\"@type\":\"ListItem\",\"@id\":\"https:\\\/\\\/droix.eu\\\/hu\\\/product-category\\\/tartozekok\\\/#listItem\",\"name\":\"Tartoz\\u00e9kok\"}},{\"@type\":\"ListItem\",\"@id\":\"https:\\\/\\\/droix.eu\\\/hu\\\/product-category\\\/tartozekok\\\/#listItem\",\"position\":2,\"name\":\"Tartoz\\u00e9kok\",\"item\":\"https:\\\/\\\/droix.eu\\\/hu\\\/product-category\\\/tartozekok\\\/\",\"nextItem\":{\"@type\":\"ListItem\",\"@id\":\"https:\\\/\\\/droix.eu\\\/hu\\\/product-category\\\/tartozekok\\\/jatekos-kiegeszitok\\\/#listItem\",\"name\":\"J\\u00e1t\\u00e9kos kieg\\u00e9sz\\u00edt\\u0151k\"},\"previousItem\":{\"@type\":\"ListItem\",\"@id\":\"https:\\\/\\\/droix.eu\\\/hu\\\/#listItem\",\"name\":\"Home\"}},{\"@type\":\"ListItem\",\"@id\":\"https:\\\/\\\/droix.eu\\\/hu\\\/product-category\\\/tartozekok\\\/jatekos-kiegeszitok\\\/#listItem\",\"position\":3,\"name\":\"J\\u00e1t\\u00e9kos kieg\\u00e9sz\\u00edt\\u0151k\",\"item\":\"https:\\\/\\\/droix.eu\\\/hu\\\/product-category\\\/tartozekok\\\/jatekos-kiegeszitok\\\/\",\"nextItem\":{\"@type\":\"ListItem\",\"@id\":\"https:\\\/\\\/droix.eu\\\/hu\\\/product\\\/gpd-win-4-kemenyheju-tok\\\/#listItem\",\"name\":\"GPD WIN 4 kem\\u00e9nyh\\u00e9j\\u00fa tok\"},\"previousItem\":{\"@type\":\"ListItem\",\"@id\":\"https:\\\/\\\/droix.eu\\\/hu\\\/product-category\\\/tartozekok\\\/#listItem\",\"name\":\"Tartoz\\u00e9kok\"}},{\"@type\":\"ListItem\",\"@id\":\"https:\\\/\\\/droix.eu\\\/hu\\\/product\\\/gpd-win-4-kemenyheju-tok\\\/#listItem\",\"position\":4,\"name\":\"GPD WIN 4 kem\\u00e9nyh\\u00e9j\\u00fa tok\",\"previousItem\":{\"@type\":\"ListItem\",\"@id\":\"https:\\\/\\\/droix.eu\\\/hu\\\/product-category\\\/tartozekok\\\/jatekos-kiegeszitok\\\/#listItem\",\"name\":\"J\\u00e1t\\u00e9kos kieg\\u00e9sz\\u00edt\\u0151k\"}}]},{\"@type\":\"Organization\",\"@id\":\"https:\\\/\\\/droix.eu\\\/hu\\\/#organization\",\"name\":\"DroiX \\u2013 Trusted EU Tech Retailer with 12+ Years Experience\",\"description\":\"DroiX is a leading European technology retailer with over 12 years of experience, offering quality mini PCs, handheld gaming consoles, and tech accessories. We provide hassle-free EU delivery with all taxes included, ensuring a smooth and reliable shopping experience for our customers across Europe.\",\"url\":\"https:\\\/\\\/droix.eu\\\/hu\\\/\",\"logo\":{\"@type\":\"ImageObject\",\"url\":\"https:\\\/\\\/droix.eu\\\/wp-content\\\/uploads\\\/2024\\\/06\\\/droix-v2-light-logo.png\",\"@id\":\"https:\\\/\\\/droix.eu\\\/hu\\\/product\\\/gpd-win-4-kemenyheju-tok\\\/#organizationLogo\",\"width\":380,\"height\":118},\"image\":{\"@id\":\"https:\\\/\\\/droix.eu\\\/hu\\\/product\\\/gpd-win-4-kemenyheju-tok\\\/#organizationLogo\"},\"sameAs\":[\"https:\\\/\\\/www.facebook.com\\\/DroiX.Store\",\"https:\\\/\\\/twitter.com\\\/DroiX_Store\",\"https:\\\/\\\/www.instagram.com\\\/droix.store\\\/\",\"https:\\\/\\\/www.tiktok.com\\\/@droix.store\",\"https:\\\/\\\/www.youtube.com\\\/c\\\/DroiX_Store\",\"https:\\\/\\\/uk.linkedin.com\\\/company\\\/droix\"]},{\"@type\":\"Product\",\"@id\":\"https:\\\/\\\/droix.eu\\\/hu\\\/product\\\/gpd-win-4-kemenyheju-tok\\\/#wooCommerceProduct\",\"name\":\"GPD WIN 4 kem\\u00e9nyh\\u00e9j\\u00fa tok\",\"description\":\"Hivatalos GPD v\\u00e9d\\u0151 tok a GPD Win 4 k\\u00e9sz\\u00fcl\\u00e9khez\\n \\tTart\\u00f3s k\\u00fcls\\u0151 szintetikus polimer h\\u00e9j\\n \\tPuha sz\\u00f6vetb\\u00e9l\\u00e9s a tov\\u00e1bbi v\\u00e9delem\\u00e9rt.\\n \\tK\\u00fcl\\u00f6n rekesz a perif\\u00e9ri\\u00e1k sz\\u00e1m\\u00e1ra.\\n \\tEleg\\u00e1ns kialak\\u00edt\\u00e1s, biztons\\u00e1gos cipz\\u00e1rral.\",\"url\":\"https:\\\/\\\/droix.eu\\\/hu\\\/product\\\/gpd-win-4-kemenyheju-tok\\\/\",\"sku\":\"GPD-WIN_4-CASE\",\"gtin\":\"5060763675322\",\"image\":{\"@type\":\"ImageObject\",\"url\":\"https:\\\/\\\/droix.eu\\\/wp-content\\\/uploads\\\/2023\\\/05\\\/51y5P54tgzLready-gpd-4.png\",\"@id\":\"https:\\\/\\\/droix.eu\\\/hu\\\/product\\\/gpd-win-4-kemenyheju-tok\\\/#productImage\",\"width\":1000,\"height\":1000},\"offers\":{\"@type\":\"Offer\",\"url\":\"https:\\\/\\\/droix.eu\\\/hu\\\/product\\\/gpd-win-4-kemenyheju-tok\\\/#wooCommerceOffer\",\"price\":27,\"priceCurrency\":\"EUR\",\"category\":\"J\\u00e1t\\u00e9kos kieg\\u00e9sz\\u00edt\\u0151k\",\"availability\":\"https:\\\/\\\/schema.org\\\/OutOfStock\",\"priceSpecification\":{\"@type\":\"PriceSpecification\",\"price\":27,\"priceCurrency\":\"EUR\",\"valueAddedTaxIncluded\":\"true\"},\"seller\":{\"@type\":\"Organization\",\"@id\":\"https:\\\/\\\/droix.eu\\\/hu\\\/#organization\"}}},{\"@type\":\"WebPage\",\"@id\":\"https:\\\/\\\/droix.eu\\\/hu\\\/product\\\/gpd-win-4-kemenyheju-tok\\\/#webpage\",\"url\":\"https:\\\/\\\/droix.eu\\\/hu\\\/product\\\/gpd-win-4-kemenyheju-tok\\\/\",\"name\":\"GPD WIN 4 kem\\u00e9nyh\\u00e9j\\u00fa tok - DROIX EU\",\"description\":\"Hivatalos GPD v\\u00e9d\\u0151 tok a GPD Win 4 k\\u00e9sz\\u00fcl\\u00e9khez Tart\\u00f3s k\\u00fcls\\u0151 szintetikus polimer h\\u00e9j Puha sz\\u00f6vetb\\u00e9l\\u00e9s a tov\\u00e1bbi v\\u00e9delem\\u00e9rt. K\\u00fcl\\u00f6n rekesz a perif\\u00e9ri\\u00e1k sz\\u00e1m\\u00e1ra. Eleg\\u00e1ns kialak\\u00edt\\u00e1s, biztons\\u00e1gos cipz\\u00e1rral. A csomag tartalmazza 1x GPD WIN 4 kem\\u00e9nyh\\u00e9j\\u00fa tok\",\"inLanguage\":\"hu-HU\",\"isPartOf\":{\"@id\":\"https:\\\/\\\/droix.eu\\\/hu\\\/#website\"},\"breadcrumb\":{\"@id\":\"https:\\\/\\\/droix.eu\\\/hu\\\/product\\\/gpd-win-4-kemenyheju-tok\\\/#breadcrumblist\"},\"image\":{\"@type\":\"ImageObject\",\"url\":\"https:\\\/\\\/droix.eu\\\/wp-content\\\/uploads\\\/2023\\\/05\\\/51y5P54tgzLready-gpd-4.png\",\"@id\":\"https:\\\/\\\/droix.eu\\\/hu\\\/product\\\/gpd-win-4-kemenyheju-tok\\\/#mainImage\",\"width\":1000,\"height\":1000},\"primaryImageOfPage\":{\"@id\":\"https:\\\/\\\/droix.eu\\\/hu\\\/product\\\/gpd-win-4-kemenyheju-tok\\\/#mainImage\"},\"datePublished\":\"2023-05-25T09:22:48+01:00\",\"dateModified\":\"2026-01-22T14:38:49+00:00\"},{\"@type\":\"WebSite\",\"@id\":\"https:\\\/\\\/droix.eu\\\/hu\\\/#website\",\"url\":\"https:\\\/\\\/droix.eu\\\/hu\\\/\",\"name\":\"DROIX EU\",\"description\":\"Get the latest Mini PCs, Ultrabook, PC Gaming Handhelds and more!\",\"inLanguage\":\"hu-HU\",\"publisher\":{\"@id\":\"https:\\\/\\\/droix.eu\\\/hu\\\/#organization\"}}]}\n\t\t<\/script>\n\t\t<!-- All in One SEO Pro -->\r\n\t\t<title>GPD WIN 4 kem\u00e9nyh\u00e9j\u00fa tok - DROIX EU<\/title>\n\n","aioseo_head_json":{"title":"GPD WIN 4 kem\u00e9nyh\u00e9j\u00fa tok - DROIX EU","description":"Hivatalos GPD v\u00e9d\u0151 tok a GPD Win 4 k\u00e9sz\u00fcl\u00e9khez Tart\u00f3s k\u00fcls\u0151 szintetikus polimer h\u00e9j Puha sz\u00f6vetb\u00e9l\u00e9s a tov\u00e1bbi v\u00e9delem\u00e9rt. K\u00fcl\u00f6n rekesz a perif\u00e9ri\u00e1k sz\u00e1m\u00e1ra. Eleg\u00e1ns kialak\u00edt\u00e1s, biztons\u00e1gos cipz\u00e1rral. A csomag tartalmazza 1x GPD WIN 4 kem\u00e9nyh\u00e9j\u00fa tok","canonical_url":"https:\/\/droix.eu\/hu\/product\/gpd-win-4-kemenyheju-tok\/","robots":"max-image-preview:large","keywords":"","webmasterTools":{"miscellaneous":""},"schema":{"@context":"https:\/\/schema.org","@graph":[{"@type":"BreadcrumbList","@id":"https:\/\/droix.eu\/hu\/product\/gpd-win-4-kemenyheju-tok\/#breadcrumblist","itemListElement":[{"@type":"ListItem","@id":"https:\/\/droix.eu\/hu\/#listItem","position":1,"name":"Home","item":"https:\/\/droix.eu\/hu\/","nextItem":{"@type":"ListItem","@id":"https:\/\/droix.eu\/hu\/product-category\/tartozekok\/#listItem","name":"Tartoz\u00e9kok"}},{"@type":"ListItem","@id":"https:\/\/droix.eu\/hu\/product-category\/tartozekok\/#listItem","position":2,"name":"Tartoz\u00e9kok","item":"https:\/\/droix.eu\/hu\/product-category\/tartozekok\/","nextItem":{"@type":"ListItem","@id":"https:\/\/droix.eu\/hu\/product-category\/tartozekok\/jatekos-kiegeszitok\/#listItem","name":"J\u00e1t\u00e9kos kieg\u00e9sz\u00edt\u0151k"},"previousItem":{"@type":"ListItem","@id":"https:\/\/droix.eu\/hu\/#listItem","name":"Home"}},{"@type":"ListItem","@id":"https:\/\/droix.eu\/hu\/product-category\/tartozekok\/jatekos-kiegeszitok\/#listItem","position":3,"name":"J\u00e1t\u00e9kos kieg\u00e9sz\u00edt\u0151k","item":"https:\/\/droix.eu\/hu\/product-category\/tartozekok\/jatekos-kiegeszitok\/","nextItem":{"@type":"ListItem","@id":"https:\/\/droix.eu\/hu\/product\/gpd-win-4-kemenyheju-tok\/#listItem","name":"GPD WIN 4 kem\u00e9nyh\u00e9j\u00fa tok"},"previousItem":{"@type":"ListItem","@id":"https:\/\/droix.eu\/hu\/product-category\/tartozekok\/#listItem","name":"Tartoz\u00e9kok"}},{"@type":"ListItem","@id":"https:\/\/droix.eu\/hu\/product\/gpd-win-4-kemenyheju-tok\/#listItem","position":4,"name":"GPD WIN 4 kem\u00e9nyh\u00e9j\u00fa tok","previousItem":{"@type":"ListItem","@id":"https:\/\/droix.eu\/hu\/product-category\/tartozekok\/jatekos-kiegeszitok\/#listItem","name":"J\u00e1t\u00e9kos kieg\u00e9sz\u00edt\u0151k"}}]},{"@type":"Organization","@id":"https:\/\/droix.eu\/hu\/#organization","name":"DroiX \u2013 Trusted EU Tech Retailer with 12+ Years Experience","description":"DroiX is a leading European technology retailer with over 12 years of experience, offering quality mini PCs, handheld gaming consoles, and tech accessories. We provide hassle-free EU delivery with all taxes included, ensuring a smooth and reliable shopping experience for our customers across Europe.","url":"https:\/\/droix.eu\/hu\/","logo":{"@type":"ImageObject","url":"https:\/\/droix.eu\/wp-content\/uploads\/2024\/06\/droix-v2-light-logo.png","@id":"https:\/\/droix.eu\/hu\/product\/gpd-win-4-kemenyheju-tok\/#organizationLogo","width":380,"height":118},"image":{"@id":"https:\/\/droix.eu\/hu\/product\/gpd-win-4-kemenyheju-tok\/#organizationLogo"},"sameAs":["https:\/\/www.facebook.com\/DroiX.Store","https:\/\/twitter.com\/DroiX_Store","https:\/\/www.instagram.com\/droix.store\/","https:\/\/www.tiktok.com\/@droix.store","https:\/\/www.youtube.com\/c\/DroiX_Store","https:\/\/uk.linkedin.com\/company\/droix"]},{"@type":"Product","@id":"https:\/\/droix.eu\/hu\/product\/gpd-win-4-kemenyheju-tok\/#wooCommerceProduct","name":"GPD WIN 4 kem\u00e9nyh\u00e9j\u00fa tok","description":"Hivatalos GPD v\u00e9d\u0151 tok a GPD Win 4 k\u00e9sz\u00fcl\u00e9khez\n \tTart\u00f3s k\u00fcls\u0151 szintetikus polimer h\u00e9j\n \tPuha sz\u00f6vetb\u00e9l\u00e9s a tov\u00e1bbi v\u00e9delem\u00e9rt.\n \tK\u00fcl\u00f6n rekesz a perif\u00e9ri\u00e1k sz\u00e1m\u00e1ra.\n \tEleg\u00e1ns kialak\u00edt\u00e1s, biztons\u00e1gos cipz\u00e1rral.","url":"https:\/\/droix.eu\/hu\/product\/gpd-win-4-kemenyheju-tok\/","sku":"GPD-WIN_4-CASE","gtin":"5060763675322","image":{"@type":"ImageObject","url":"https:\/\/droix.eu\/wp-content\/uploads\/2023\/05\/51y5P54tgzLready-gpd-4.png","@id":"https:\/\/droix.eu\/hu\/product\/gpd-win-4-kemenyheju-tok\/#productImage","width":1000,"height":1000},"offers":{"@type":"Offer","url":"https:\/\/droix.eu\/hu\/product\/gpd-win-4-kemenyheju-tok\/#wooCommerceOffer","price":27,"priceCurrency":"EUR","category":"J\u00e1t\u00e9kos kieg\u00e9sz\u00edt\u0151k","availability":"https:\/\/schema.org\/OutOfStock","priceSpecification":{"@type":"PriceSpecification","price":27,"priceCurrency":"EUR","valueAddedTaxIncluded":"true"},"seller":{"@type":"Organization","@id":"https:\/\/droix.eu\/hu\/#organization"}}},{"@type":"WebPage","@id":"https:\/\/droix.eu\/hu\/product\/gpd-win-4-kemenyheju-tok\/#webpage","url":"https:\/\/droix.eu\/hu\/product\/gpd-win-4-kemenyheju-tok\/","name":"GPD WIN 4 kem\u00e9nyh\u00e9j\u00fa tok - DROIX EU","description":"Hivatalos GPD v\u00e9d\u0151 tok a GPD Win 4 k\u00e9sz\u00fcl\u00e9khez Tart\u00f3s k\u00fcls\u0151 szintetikus polimer h\u00e9j Puha sz\u00f6vetb\u00e9l\u00e9s a tov\u00e1bbi v\u00e9delem\u00e9rt. K\u00fcl\u00f6n rekesz a perif\u00e9ri\u00e1k sz\u00e1m\u00e1ra. Eleg\u00e1ns kialak\u00edt\u00e1s, biztons\u00e1gos cipz\u00e1rral. A csomag tartalmazza 1x GPD WIN 4 kem\u00e9nyh\u00e9j\u00fa tok","inLanguage":"hu-HU","isPartOf":{"@id":"https:\/\/droix.eu\/hu\/#website"},"breadcrumb":{"@id":"https:\/\/droix.eu\/hu\/product\/gpd-win-4-kemenyheju-tok\/#breadcrumblist"},"image":{"@type":"ImageObject","url":"https:\/\/droix.eu\/wp-content\/uploads\/2023\/05\/51y5P54tgzLready-gpd-4.png","@id":"https:\/\/droix.eu\/hu\/product\/gpd-win-4-kemenyheju-tok\/#mainImage","width":1000,"height":1000},"primaryImageOfPage":{"@id":"https:\/\/droix.eu\/hu\/product\/gpd-win-4-kemenyheju-tok\/#mainImage"},"datePublished":"2023-05-25T09:22:48+01:00","dateModified":"2026-01-22T14:38:49+00:00"},{"@type":"WebSite","@id":"https:\/\/droix.eu\/hu\/#website","url":"https:\/\/droix.eu\/hu\/","name":"DROIX EU","description":"Get the latest Mini PCs, Ultrabook, PC Gaming Handhelds and more!","inLanguage":"hu-HU","publisher":{"@id":"https:\/\/droix.eu\/hu\/#organization"}}]},"og:locale":"hu_HU","og:site_name":"DROIX EU - Get the latest Mini PCs, Ultrabook, PC Gaming Handhelds and more!","og:type":"article","og:title":"GPD WIN 4 kem\u00e9nyh\u00e9j\u00fa tok - DROIX EU","og:description":"Hivatalos GPD v\u00e9d\u0151 tok a GPD Win 4 k\u00e9sz\u00fcl\u00e9khez Tart\u00f3s k\u00fcls\u0151 szintetikus polimer h\u00e9j Puha sz\u00f6vetb\u00e9l\u00e9s a tov\u00e1bbi v\u00e9delem\u00e9rt. K\u00fcl\u00f6n rekesz a perif\u00e9ri\u00e1k sz\u00e1m\u00e1ra. Eleg\u00e1ns kialak\u00edt\u00e1s, biztons\u00e1gos cipz\u00e1rral. A csomag tartalmazza 1x GPD WIN 4 kem\u00e9nyh\u00e9j\u00fa tok","og:url":"https:\/\/droix.eu\/hu\/product\/gpd-win-4-kemenyheju-tok\/","og:image":"https:\/\/droix.eu\/wp-content\/uploads\/2024\/06\/droix-v2-light-logo.png","og:image:secure_url":"https:\/\/droix.eu\/wp-content\/uploads\/2024\/06\/droix-v2-light-logo.png","og:image:width":380,"og:image:height":118,"article:published_time":"2023-05-25T09:22:48+00:00","article:modified_time":"2026-01-22T14:38:49+00:00","article:publisher":"https:\/\/www.facebook.com\/DroiX.Store","twitter:card":"summary_large_image","twitter:site":"@DroiX_Store","twitter:title":"GPD WIN 4 kem\u00e9nyh\u00e9j\u00fa tok - DROIX EU","twitter:description":"Hivatalos GPD v\u00e9d\u0151 tok a GPD Win 4 k\u00e9sz\u00fcl\u00e9khez Tart\u00f3s k\u00fcls\u0151 szintetikus polimer h\u00e9j Puha sz\u00f6vetb\u00e9l\u00e9s a tov\u00e1bbi v\u00e9delem\u00e9rt. K\u00fcl\u00f6n rekesz a perif\u00e9ri\u00e1k sz\u00e1m\u00e1ra. Eleg\u00e1ns kialak\u00edt\u00e1s, biztons\u00e1gos cipz\u00e1rral. A csomag tartalmazza 1x GPD WIN 4 kem\u00e9nyh\u00e9j\u00fa tok","twitter:image":"https:\/\/droix.eu\/wp-content\/uploads\/2024\/06\/droix-v2-light-logo.png"},"aioseo_meta_data":{"post_id":"562855","title":null,"description":null,"keywords":null,"keyphrases":null,"primary_term":null,"canonical_url":null,"og_title":null,"og_description":null,"og_object_type":"default","og_image_type":"default","og_image_url":null,"og_image_width":null,"og_image_height":null,"og_image_custom_url":null,"og_image_custom_fields":null,"og_video":null,"og_custom_url":null,"og_article_section":null,"og_article_tags":null,"twitter_use_og":true,"twitter_card":"default","twitter_image_type":"default","twitter_image_url":null,"twitter_image_custom_url":null,"twitter_image_custom_fields":null,"twitter_title":null,"twitter_description":null,"schema":{"blockGraphs":[],"customGraphs":[],"default":{"data":{"Article":[],"Course":[],"Dataset":[],"FAQPage":[],"Movie":[],"Person":[],"Product":[],"ProductReview":[],"Car":[],"Recipe":[],"Service":[],"SoftwareApplication":[],"WebPage":[]},"graphName":"","isEnabled":true},"graphs":[]},"schema_type":"default","schema_type_options":null,"pillar_content":false,"robots_default":true,"robots_noindex":false,"robots_noarchive":false,"robots_nosnippet":false,"robots_nofollow":false,"robots_noimageindex":false,"robots_noodp":false,"robots_notranslate":false,"robots_max_snippet":null,"robots_max_videopreview":null,"robots_max_imagepreview":"large","priority":null,"frequency":null,"local_seo":null,"seo_analyzer_scan_date":"2025-10-24 13:11:33","breadcrumb_settings":null,"limit_modified_date":false,"reviewed_by":null,"open_ai":null,"ai":null,"created":"2025-10-09 04:26:06","updated":"2026-01-24 09:18:44"},"aioseo_breadcrumb":"<div class=\"aioseo-breadcrumbs\"><span class=\"aioseo-breadcrumb\">\n\t<a href=\"https:\/\/droix.eu\/hu\/\" title=\"Home\">Home<\/a>\n<\/span><span class=\"aioseo-breadcrumb-separator\">&raquo;<\/span><span class=\"aioseo-breadcrumb\">\n\t<a href=\"https:\/\/droix.eu\/hu\/product-category\/tartozekok\/\" title=\"Tartoz\u00e9kok\">Tartoz\u00e9kok<\/a>\n<\/span><span class=\"aioseo-breadcrumb-separator\">&raquo;<\/span><span class=\"aioseo-breadcrumb\">\n\t<a href=\"https:\/\/droix.eu\/hu\/product-category\/tartozekok\/jatekos-kiegeszitok\/\" title=\"J\u00e1t\u00e9kos kieg\u00e9sz\u00edt\u0151k\">J\u00e1t\u00e9kos kieg\u00e9sz\u00edt\u0151k<\/a>\n<\/span><span class=\"aioseo-breadcrumb-separator\">&raquo;<\/span><span class=\"aioseo-breadcrumb\">\n\tGPD WIN 4 kem\u00e9nyh\u00e9j\u00fa tok\n<\/span><\/div>","aioseo_breadcrumb_json":[{"label":"Home","link":"https:\/\/droix.eu\/hu\/"},{"label":"Tartoz\u00e9kok","link":"https:\/\/droix.eu\/hu\/product-category\/tartozekok\/"},{"label":"J\u00e1t\u00e9kos kieg\u00e9sz\u00edt\u0151k","link":"https:\/\/droix.eu\/hu\/product-category\/tartozekok\/jatekos-kiegeszitok\/"},{"label":"GPD WIN 4 kem\u00e9nyh\u00e9j\u00fa tok","link":"https:\/\/droix.eu\/hu\/product\/gpd-win-4-kemenyheju-tok\/"}],"_links":{"self":[{"href":"https:\/\/droix.eu\/hu\/wp-json\/wp\/v2\/product\/562855","targetHints":{"allow":["GET"]}}],"collection":[{"href":"https:\/\/droix.eu\/hu\/wp-json\/wp\/v2\/product"}],"about":[{"href":"https:\/\/droix.eu\/hu\/wp-json\/wp\/v2\/types\/product"}],"version-history":[{"count":0,"href":"https:\/\/droix.eu\/hu\/wp-json\/wp\/v2\/product\/562855\/revisions"}],"wp:featuredmedia":[{"embeddable":true,"href":"https:\/\/droix.eu\/hu\/wp-json\/wp\/v2\/media\/562873"}],"wp:attachment":[{"href":"https:\/\/droix.eu\/hu\/wp-json\/wp\/v2\/media?parent=562855"}],"wp:term":[{"taxonomy":"product_brand","embeddable":true,"href":"https:\/\/droix.eu\/hu\/wp-json\/wp\/v2\/product_brand?post=562855"},{"taxonomy":"product_cat","embeddable":true,"href":"https:\/\/droix.eu\/hu\/wp-json\/wp\/v2\/product_cat?post=562855"},{"taxonomy":"product_tag","embeddable":true,"href":"https:\/\/droix.eu\/hu\/wp-json\/wp\/v2\/product_tag?post=562855"},{"taxonomy":"woo-feed-brand","embeddable":true,"href":"https:\/\/droix.eu\/hu\/wp-json\/wp\/v2\/woo-feed-brand?post=562855"},{"taxonomy":"key-features","embeddable":true,"href":"https:\/\/droix.eu\/hu\/wp-json\/wp\/v2\/key-features?post=562855"}],"curies":[{"name":"wp","href":"https:\/\/api.w.org\/{rel}","templated":true}]}}