{"id":562321,"date":"2024-01-19T16:43:31","date_gmt":"2024-01-19T16:43:31","guid":{"rendered":"https:\/\/droix.eu\/product\/ayn-odin-2-kepernyovedo\/"},"modified":"2026-01-20T05:42:58","modified_gmt":"2026-01-20T05:42:58","slug":"ayn-odin-2-kepernyovedo","status":"publish","type":"product","link":"https:\/\/droix.eu\/hu\/product\/ayn-odin-2-kepernyovedo\/","title":{"rendered":"AYN Odin 2 k\u00e9perny\u0151v\u00e9d\u0151"},"content":{"rendered":"<h2><strong>Bemutatjuk az AYN Odin 2 k\u00e9perny\u0151v\u00e9d\u0151t: V\u00e9gs\u0151 v\u00e9delem a k\u00e9sz\u00fcl\u00e9k\u00e9nek<\/strong><\/h2>\n<p>Fokozza k\u00e9sz\u00fcl\u00e9ke v\u00e9delm\u00e9t az AYN Odin 2 k\u00e9perny\u0151v\u00e9d\u0151vel. A modern \u00e9letm\u00f3d k\u00f6vetelm\u00e9nyeinek megfelel\u0151en tervezett k\u00e9perny\u0151v\u00e9d\u0151 a tart\u00f3ss\u00e1g \u00e9s a funkcionalit\u00e1s t\u00f6k\u00e9letes \u00f6tv\u00f6zet\u00e9t k\u00edn\u00e1lja.<\/p>\n<h2><strong>Kulcsfontoss\u00e1g\u00fa jellemz\u0151k:<\/strong><\/h2>\n<h2><strong>Pr\u00e9mium anyagok:<\/strong><\/h2>\n<p>A kiv\u00e1l\u00f3 min\u0151s\u00e9g\u0171 anyagokb\u00f3l k\u00e9sz\u00fclt AYN Odin 2 k\u00e9perny\u0151v\u00e9d\u0151 \u00fagy k\u00e9sz\u00fclt, hogy ellen\u00e1lljon a mindennapi ig\u00e9nybev\u00e9telnek.<\/p>\n<h2><strong>Pontos illeszked\u00e9s:<\/strong><\/h2>\n<p>Az AYN Odin 2 k\u00e9perny\u0151v\u00e9d\u0151 az AYN Odin 2 k\u00e9sz\u00fcl\u00e9kre szabottan k\u00e9sz\u00fclt, \u00e9s biztos\u00edtja az eleg\u00e1ns illeszked\u00e9st.<\/p>\n","protected":false},"excerpt":{"rendered":"<ul>\n<li><strong>Hivatalos<\/strong> AYN Odin 2 k\u00e9perny\u0151v\u00e9d\u0151<\/li>\n<li>Tart\u00f3s <strong> tiszta<\/strong> v\u00e9delem<\/li>\n<li>T\u00f6k\u00e9letes illeszked\u00e9s az AYN Odin 2 k\u00e9sz\u00fcl\u00e9khez<\/li>\n<\/ul>\n[droix_global_accordions]\n[cg_accordion title=\"A csomag tartalmazza\"]<\/p>\n<ul>\n<li>1x AYN Odin 2 k\u00e9perny\u0151v\u00e9d\u0151<\/li>\n<\/ul>\n<p>[\/cg_accordion]\n","protected":false},"featured_media":562322,"template":"","meta":{"_acf_changed":false},"product_brand":[],"product_cat":[35131,35006],"product_tag":[],"woo-feed-brand":[],"key-features":[],"class_list":{"0":"post-562321","1":"product","2":"type-product","3":"status-publish","4":"has-post-thumbnail","6":"product_cat-jatekos-kiegeszitok","7":"product_cat-tartozekok","8":"product_shipping_class-low-end","9":"pa_accessory-type-screen-protector","10":"pa_brands-ayn-hu","12":"first","13":"instock","14":"taxable","15":"shipping-taxable","16":"purchasable","17":"product-type-simple"},"acf":[],"aioseo_notices":[],"aioseo_head":"\n\t\t<!-- All in One SEO Pro 4.9.5.2 - aioseo.com -->\n\t<meta name=\"description\" content=\"Hivatalos AYN Odin 2 k\u00e9perny\u0151v\u00e9d\u0151 Tart\u00f3s tiszta v\u00e9delem T\u00f6k\u00e9letes illeszked\u00e9s az AYN Odin 2 k\u00e9sz\u00fcl\u00e9khez A csomag tartalmazza 1x AYN Odin 2 k\u00e9perny\u0151v\u00e9d\u0151\" \/>\n\t<meta name=\"robots\" content=\"max-image-preview:large\" \/>\n\t<link rel=\"canonical\" href=\"https:\/\/droix.eu\/hu\/product\/ayn-odin-2-kepernyovedo\/\" \/>\n\t<meta name=\"generator\" content=\"All in One SEO Pro (AIOSEO) 4.9.5.2\" \/>\n\t\t<meta property=\"og:locale\" content=\"hu_HU\" \/>\n\t\t<meta property=\"og:site_name\" content=\"DROIX EU - Get the latest Mini PCs, Ultrabook, PC Gaming Handhelds and more!\" \/>\n\t\t<meta property=\"og:type\" content=\"article\" \/>\n\t\t<meta property=\"og:title\" content=\"AYN Odin 2 k\u00e9perny\u0151v\u00e9d\u0151 - DROIX EU\" \/>\n\t\t<meta property=\"og:description\" content=\"Hivatalos AYN Odin 2 k\u00e9perny\u0151v\u00e9d\u0151 Tart\u00f3s tiszta v\u00e9delem T\u00f6k\u00e9letes illeszked\u00e9s az AYN Odin 2 k\u00e9sz\u00fcl\u00e9khez A csomag tartalmazza 1x AYN Odin 2 k\u00e9perny\u0151v\u00e9d\u0151\" \/>\n\t\t<meta property=\"og:url\" content=\"https:\/\/droix.eu\/hu\/product\/ayn-odin-2-kepernyovedo\/\" \/>\n\t\t<meta property=\"og:image\" content=\"https:\/\/droix.eu\/wp-content\/uploads\/2024\/06\/droix-v2-light-logo.png\" \/>\n\t\t<meta property=\"og:image:secure_url\" content=\"https:\/\/droix.eu\/wp-content\/uploads\/2024\/06\/droix-v2-light-logo.png\" \/>\n\t\t<meta property=\"og:image:width\" content=\"380\" \/>\n\t\t<meta property=\"og:image:height\" content=\"118\" \/>\n\t\t<meta property=\"article:published_time\" content=\"2024-01-19T16:43:31+00:00\" \/>\n\t\t<meta property=\"article:modified_time\" content=\"2026-01-20T05:42:58+00:00\" \/>\n\t\t<meta property=\"article:publisher\" content=\"https:\/\/www.facebook.com\/DroiX.Store\" \/>\n\t\t<meta name=\"twitter:card\" content=\"summary_large_image\" \/>\n\t\t<meta name=\"twitter:site\" content=\"@DroiX_Store\" \/>\n\t\t<meta name=\"twitter:title\" content=\"AYN Odin 2 k\u00e9perny\u0151v\u00e9d\u0151 - DROIX EU\" \/>\n\t\t<meta name=\"twitter:description\" content=\"Hivatalos AYN Odin 2 k\u00e9perny\u0151v\u00e9d\u0151 Tart\u00f3s tiszta v\u00e9delem T\u00f6k\u00e9letes illeszked\u00e9s az AYN Odin 2 k\u00e9sz\u00fcl\u00e9khez A csomag tartalmazza 1x AYN Odin 2 k\u00e9perny\u0151v\u00e9d\u0151\" \/>\n\t\t<meta name=\"twitter:image\" content=\"https:\/\/droix.eu\/wp-content\/uploads\/2024\/06\/droix-v2-light-logo.png\" \/>\n\t\t<script type=\"application\/ld+json\" class=\"aioseo-schema\">\n\t\t\t{\"@context\":\"https:\\\/\\\/schema.org\",\"@graph\":[{\"@type\":\"BreadcrumbList\",\"@id\":\"https:\\\/\\\/droix.eu\\\/hu\\\/product\\\/ayn-odin-2-kepernyovedo\\\/#breadcrumblist\",\"itemListElement\":[{\"@type\":\"ListItem\",\"@id\":\"https:\\\/\\\/droix.eu\\\/hu\\\/#listItem\",\"position\":1,\"name\":\"Home\",\"item\":\"https:\\\/\\\/droix.eu\\\/hu\\\/\",\"nextItem\":{\"@type\":\"ListItem\",\"@id\":\"https:\\\/\\\/droix.eu\\\/hu\\\/product-category\\\/tartozekok\\\/#listItem\",\"name\":\"Tartoz\\u00e9kok\"}},{\"@type\":\"ListItem\",\"@id\":\"https:\\\/\\\/droix.eu\\\/hu\\\/product-category\\\/tartozekok\\\/#listItem\",\"position\":2,\"name\":\"Tartoz\\u00e9kok\",\"item\":\"https:\\\/\\\/droix.eu\\\/hu\\\/product-category\\\/tartozekok\\\/\",\"nextItem\":{\"@type\":\"ListItem\",\"@id\":\"https:\\\/\\\/droix.eu\\\/hu\\\/product-category\\\/tartozekok\\\/jatekos-kiegeszitok\\\/#listItem\",\"name\":\"J\\u00e1t\\u00e9kos kieg\\u00e9sz\\u00edt\\u0151k\"},\"previousItem\":{\"@type\":\"ListItem\",\"@id\":\"https:\\\/\\\/droix.eu\\\/hu\\\/#listItem\",\"name\":\"Home\"}},{\"@type\":\"ListItem\",\"@id\":\"https:\\\/\\\/droix.eu\\\/hu\\\/product-category\\\/tartozekok\\\/jatekos-kiegeszitok\\\/#listItem\",\"position\":3,\"name\":\"J\\u00e1t\\u00e9kos kieg\\u00e9sz\\u00edt\\u0151k\",\"item\":\"https:\\\/\\\/droix.eu\\\/hu\\\/product-category\\\/tartozekok\\\/jatekos-kiegeszitok\\\/\",\"nextItem\":{\"@type\":\"ListItem\",\"@id\":\"https:\\\/\\\/droix.eu\\\/hu\\\/product\\\/ayn-odin-2-kepernyovedo\\\/#listItem\",\"name\":\"AYN Odin 2 k\\u00e9perny\\u0151v\\u00e9d\\u0151\"},\"previousItem\":{\"@type\":\"ListItem\",\"@id\":\"https:\\\/\\\/droix.eu\\\/hu\\\/product-category\\\/tartozekok\\\/#listItem\",\"name\":\"Tartoz\\u00e9kok\"}},{\"@type\":\"ListItem\",\"@id\":\"https:\\\/\\\/droix.eu\\\/hu\\\/product\\\/ayn-odin-2-kepernyovedo\\\/#listItem\",\"position\":4,\"name\":\"AYN Odin 2 k\\u00e9perny\\u0151v\\u00e9d\\u0151\",\"previousItem\":{\"@type\":\"ListItem\",\"@id\":\"https:\\\/\\\/droix.eu\\\/hu\\\/product-category\\\/tartozekok\\\/jatekos-kiegeszitok\\\/#listItem\",\"name\":\"J\\u00e1t\\u00e9kos kieg\\u00e9sz\\u00edt\\u0151k\"}}]},{\"@type\":\"Organization\",\"@id\":\"https:\\\/\\\/droix.eu\\\/hu\\\/#organization\",\"name\":\"DroiX \\u2013 Trusted EU Tech Retailer with 12+ Years Experience\",\"description\":\"DroiX is a leading European technology retailer with over 12 years of experience, offering quality mini PCs, handheld gaming consoles, and tech accessories. We provide hassle-free EU delivery with all taxes included, ensuring a smooth and reliable shopping experience for our customers across Europe.\",\"url\":\"https:\\\/\\\/droix.eu\\\/hu\\\/\",\"logo\":{\"@type\":\"ImageObject\",\"url\":\"https:\\\/\\\/droix.eu\\\/wp-content\\\/uploads\\\/2024\\\/06\\\/droix-v2-light-logo.png\",\"@id\":\"https:\\\/\\\/droix.eu\\\/hu\\\/product\\\/ayn-odin-2-kepernyovedo\\\/#organizationLogo\",\"width\":380,\"height\":118},\"image\":{\"@id\":\"https:\\\/\\\/droix.eu\\\/hu\\\/product\\\/ayn-odin-2-kepernyovedo\\\/#organizationLogo\"},\"sameAs\":[\"https:\\\/\\\/www.facebook.com\\\/DroiX.Store\",\"https:\\\/\\\/twitter.com\\\/DroiX_Store\",\"https:\\\/\\\/www.instagram.com\\\/droix.store\\\/\",\"https:\\\/\\\/www.tiktok.com\\\/@droix.store\",\"https:\\\/\\\/www.youtube.com\\\/c\\\/DroiX_Store\",\"https:\\\/\\\/uk.linkedin.com\\\/company\\\/droix\"]},{\"@type\":\"Product\",\"@id\":\"https:\\\/\\\/droix.eu\\\/hu\\\/product\\\/ayn-odin-2-kepernyovedo\\\/#wooCommerceProduct\",\"name\":\"AYN Odin 2 k\\u00e9perny\\u0151v\\u00e9d\\u0151\",\"description\":\"Hivatalos AYN Odin 2 k\\u00e9perny\\u0151v\\u00e9d\\u0151\\n \\tTart\\u00f3s  tiszta v\\u00e9delem\\n \\tT\\u00f6k\\u00e9letes illeszked\\u00e9s az AYN Odin 2 k\\u00e9sz\\u00fcl\\u00e9khez\",\"url\":\"https:\\\/\\\/droix.eu\\\/hu\\\/product\\\/ayn-odin-2-kepernyovedo\\\/\",\"sku\":\"AYN-ODIN-2-SCREEN-PROTECTOR\",\"gtin\":\"5060763677845\",\"image\":{\"@type\":\"ImageObject\",\"url\":\"https:\\\/\\\/droix.eu\\\/wp-content\\\/uploads\\\/2024\\\/01\\\/AYN-ODIN-2-SCREEN-PROTECTOR-DONE-01.png\",\"@id\":\"https:\\\/\\\/droix.eu\\\/hu\\\/product\\\/ayn-odin-2-kepernyovedo\\\/#productImage\",\"width\":1500,\"height\":1500,\"caption\":\"AYN Odin 2 k\\u00e9perny\\u0151v\\u00e9d\\u0151\"},\"offers\":{\"@type\":\"Offer\",\"url\":\"https:\\\/\\\/droix.eu\\\/hu\\\/product\\\/ayn-odin-2-kepernyovedo\\\/#wooCommerceOffer\",\"price\":3.63,\"priceCurrency\":\"EUR\",\"category\":\"J\\u00e1t\\u00e9kos kieg\\u00e9sz\\u00edt\\u0151k\",\"availability\":\"https:\\\/\\\/schema.org\\\/InStock\",\"priceSpecification\":{\"@type\":\"PriceSpecification\",\"price\":3.63,\"priceCurrency\":\"EUR\",\"valueAddedTaxIncluded\":\"true\"},\"seller\":{\"@type\":\"Organization\",\"@id\":\"https:\\\/\\\/droix.eu\\\/hu\\\/#organization\"}}},{\"@type\":\"WebPage\",\"@id\":\"https:\\\/\\\/droix.eu\\\/hu\\\/product\\\/ayn-odin-2-kepernyovedo\\\/#webpage\",\"url\":\"https:\\\/\\\/droix.eu\\\/hu\\\/product\\\/ayn-odin-2-kepernyovedo\\\/\",\"name\":\"AYN Odin 2 k\\u00e9perny\\u0151v\\u00e9d\\u0151 - DROIX EU\",\"description\":\"Hivatalos AYN Odin 2 k\\u00e9perny\\u0151v\\u00e9d\\u0151 Tart\\u00f3s tiszta v\\u00e9delem T\\u00f6k\\u00e9letes illeszked\\u00e9s az AYN Odin 2 k\\u00e9sz\\u00fcl\\u00e9khez A csomag tartalmazza 1x AYN Odin 2 k\\u00e9perny\\u0151v\\u00e9d\\u0151\",\"inLanguage\":\"hu-HU\",\"isPartOf\":{\"@id\":\"https:\\\/\\\/droix.eu\\\/hu\\\/#website\"},\"breadcrumb\":{\"@id\":\"https:\\\/\\\/droix.eu\\\/hu\\\/product\\\/ayn-odin-2-kepernyovedo\\\/#breadcrumblist\"},\"image\":{\"@type\":\"ImageObject\",\"url\":\"https:\\\/\\\/droix.eu\\\/wp-content\\\/uploads\\\/2024\\\/01\\\/AYN-ODIN-2-SCREEN-PROTECTOR-DONE-01.png\",\"@id\":\"https:\\\/\\\/droix.eu\\\/hu\\\/product\\\/ayn-odin-2-kepernyovedo\\\/#mainImage\",\"width\":1500,\"height\":1500,\"caption\":\"AYN Odin 2 k\\u00e9perny\\u0151v\\u00e9d\\u0151\"},\"primaryImageOfPage\":{\"@id\":\"https:\\\/\\\/droix.eu\\\/hu\\\/product\\\/ayn-odin-2-kepernyovedo\\\/#mainImage\"},\"datePublished\":\"2024-01-19T16:43:31+00:00\",\"dateModified\":\"2026-01-20T05:42:58+00:00\"},{\"@type\":\"WebSite\",\"@id\":\"https:\\\/\\\/droix.eu\\\/hu\\\/#website\",\"url\":\"https:\\\/\\\/droix.eu\\\/hu\\\/\",\"name\":\"DROIX EU\",\"description\":\"Get the latest Mini PCs, Ultrabook, PC Gaming Handhelds and more!\",\"inLanguage\":\"hu-HU\",\"publisher\":{\"@id\":\"https:\\\/\\\/droix.eu\\\/hu\\\/#organization\"}}]}\n\t\t<\/script>\n\t\t<!-- All in One SEO Pro -->\r\n\t\t<title>AYN Odin 2 k\u00e9perny\u0151v\u00e9d\u0151 - DROIX EU<\/title>\n\n","aioseo_head_json":{"title":"AYN Odin 2 k\u00e9perny\u0151v\u00e9d\u0151 - DROIX EU","description":"Hivatalos AYN Odin 2 k\u00e9perny\u0151v\u00e9d\u0151 Tart\u00f3s tiszta v\u00e9delem T\u00f6k\u00e9letes illeszked\u00e9s az AYN Odin 2 k\u00e9sz\u00fcl\u00e9khez A csomag tartalmazza 1x AYN Odin 2 k\u00e9perny\u0151v\u00e9d\u0151","canonical_url":"https:\/\/droix.eu\/hu\/product\/ayn-odin-2-kepernyovedo\/","robots":"max-image-preview:large","keywords":"","webmasterTools":{"miscellaneous":""},"schema":{"@context":"https:\/\/schema.org","@graph":[{"@type":"BreadcrumbList","@id":"https:\/\/droix.eu\/hu\/product\/ayn-odin-2-kepernyovedo\/#breadcrumblist","itemListElement":[{"@type":"ListItem","@id":"https:\/\/droix.eu\/hu\/#listItem","position":1,"name":"Home","item":"https:\/\/droix.eu\/hu\/","nextItem":{"@type":"ListItem","@id":"https:\/\/droix.eu\/hu\/product-category\/tartozekok\/#listItem","name":"Tartoz\u00e9kok"}},{"@type":"ListItem","@id":"https:\/\/droix.eu\/hu\/product-category\/tartozekok\/#listItem","position":2,"name":"Tartoz\u00e9kok","item":"https:\/\/droix.eu\/hu\/product-category\/tartozekok\/","nextItem":{"@type":"ListItem","@id":"https:\/\/droix.eu\/hu\/product-category\/tartozekok\/jatekos-kiegeszitok\/#listItem","name":"J\u00e1t\u00e9kos kieg\u00e9sz\u00edt\u0151k"},"previousItem":{"@type":"ListItem","@id":"https:\/\/droix.eu\/hu\/#listItem","name":"Home"}},{"@type":"ListItem","@id":"https:\/\/droix.eu\/hu\/product-category\/tartozekok\/jatekos-kiegeszitok\/#listItem","position":3,"name":"J\u00e1t\u00e9kos kieg\u00e9sz\u00edt\u0151k","item":"https:\/\/droix.eu\/hu\/product-category\/tartozekok\/jatekos-kiegeszitok\/","nextItem":{"@type":"ListItem","@id":"https:\/\/droix.eu\/hu\/product\/ayn-odin-2-kepernyovedo\/#listItem","name":"AYN Odin 2 k\u00e9perny\u0151v\u00e9d\u0151"},"previousItem":{"@type":"ListItem","@id":"https:\/\/droix.eu\/hu\/product-category\/tartozekok\/#listItem","name":"Tartoz\u00e9kok"}},{"@type":"ListItem","@id":"https:\/\/droix.eu\/hu\/product\/ayn-odin-2-kepernyovedo\/#listItem","position":4,"name":"AYN Odin 2 k\u00e9perny\u0151v\u00e9d\u0151","previousItem":{"@type":"ListItem","@id":"https:\/\/droix.eu\/hu\/product-category\/tartozekok\/jatekos-kiegeszitok\/#listItem","name":"J\u00e1t\u00e9kos kieg\u00e9sz\u00edt\u0151k"}}]},{"@type":"Organization","@id":"https:\/\/droix.eu\/hu\/#organization","name":"DroiX \u2013 Trusted EU Tech Retailer with 12+ Years Experience","description":"DroiX is a leading European technology retailer with over 12 years of experience, offering quality mini PCs, handheld gaming consoles, and tech accessories. We provide hassle-free EU delivery with all taxes included, ensuring a smooth and reliable shopping experience for our customers across Europe.","url":"https:\/\/droix.eu\/hu\/","logo":{"@type":"ImageObject","url":"https:\/\/droix.eu\/wp-content\/uploads\/2024\/06\/droix-v2-light-logo.png","@id":"https:\/\/droix.eu\/hu\/product\/ayn-odin-2-kepernyovedo\/#organizationLogo","width":380,"height":118},"image":{"@id":"https:\/\/droix.eu\/hu\/product\/ayn-odin-2-kepernyovedo\/#organizationLogo"},"sameAs":["https:\/\/www.facebook.com\/DroiX.Store","https:\/\/twitter.com\/DroiX_Store","https:\/\/www.instagram.com\/droix.store\/","https:\/\/www.tiktok.com\/@droix.store","https:\/\/www.youtube.com\/c\/DroiX_Store","https:\/\/uk.linkedin.com\/company\/droix"]},{"@type":"Product","@id":"https:\/\/droix.eu\/hu\/product\/ayn-odin-2-kepernyovedo\/#wooCommerceProduct","name":"AYN Odin 2 k\u00e9perny\u0151v\u00e9d\u0151","description":"Hivatalos AYN Odin 2 k\u00e9perny\u0151v\u00e9d\u0151\n \tTart\u00f3s  tiszta v\u00e9delem\n \tT\u00f6k\u00e9letes illeszked\u00e9s az AYN Odin 2 k\u00e9sz\u00fcl\u00e9khez","url":"https:\/\/droix.eu\/hu\/product\/ayn-odin-2-kepernyovedo\/","sku":"AYN-ODIN-2-SCREEN-PROTECTOR","gtin":"5060763677845","image":{"@type":"ImageObject","url":"https:\/\/droix.eu\/wp-content\/uploads\/2024\/01\/AYN-ODIN-2-SCREEN-PROTECTOR-DONE-01.png","@id":"https:\/\/droix.eu\/hu\/product\/ayn-odin-2-kepernyovedo\/#productImage","width":1500,"height":1500,"caption":"AYN Odin 2 k\u00e9perny\u0151v\u00e9d\u0151"},"offers":{"@type":"Offer","url":"https:\/\/droix.eu\/hu\/product\/ayn-odin-2-kepernyovedo\/#wooCommerceOffer","price":3.63,"priceCurrency":"EUR","category":"J\u00e1t\u00e9kos kieg\u00e9sz\u00edt\u0151k","availability":"https:\/\/schema.org\/InStock","priceSpecification":{"@type":"PriceSpecification","price":3.63,"priceCurrency":"EUR","valueAddedTaxIncluded":"true"},"seller":{"@type":"Organization","@id":"https:\/\/droix.eu\/hu\/#organization"}}},{"@type":"WebPage","@id":"https:\/\/droix.eu\/hu\/product\/ayn-odin-2-kepernyovedo\/#webpage","url":"https:\/\/droix.eu\/hu\/product\/ayn-odin-2-kepernyovedo\/","name":"AYN Odin 2 k\u00e9perny\u0151v\u00e9d\u0151 - DROIX EU","description":"Hivatalos AYN Odin 2 k\u00e9perny\u0151v\u00e9d\u0151 Tart\u00f3s tiszta v\u00e9delem T\u00f6k\u00e9letes illeszked\u00e9s az AYN Odin 2 k\u00e9sz\u00fcl\u00e9khez A csomag tartalmazza 1x AYN Odin 2 k\u00e9perny\u0151v\u00e9d\u0151","inLanguage":"hu-HU","isPartOf":{"@id":"https:\/\/droix.eu\/hu\/#website"},"breadcrumb":{"@id":"https:\/\/droix.eu\/hu\/product\/ayn-odin-2-kepernyovedo\/#breadcrumblist"},"image":{"@type":"ImageObject","url":"https:\/\/droix.eu\/wp-content\/uploads\/2024\/01\/AYN-ODIN-2-SCREEN-PROTECTOR-DONE-01.png","@id":"https:\/\/droix.eu\/hu\/product\/ayn-odin-2-kepernyovedo\/#mainImage","width":1500,"height":1500,"caption":"AYN Odin 2 k\u00e9perny\u0151v\u00e9d\u0151"},"primaryImageOfPage":{"@id":"https:\/\/droix.eu\/hu\/product\/ayn-odin-2-kepernyovedo\/#mainImage"},"datePublished":"2024-01-19T16:43:31+00:00","dateModified":"2026-01-20T05:42:58+00:00"},{"@type":"WebSite","@id":"https:\/\/droix.eu\/hu\/#website","url":"https:\/\/droix.eu\/hu\/","name":"DROIX EU","description":"Get the latest Mini PCs, Ultrabook, PC Gaming Handhelds and more!","inLanguage":"hu-HU","publisher":{"@id":"https:\/\/droix.eu\/hu\/#organization"}}]},"og:locale":"hu_HU","og:site_name":"DROIX EU - Get the latest Mini PCs, Ultrabook, PC Gaming Handhelds and more!","og:type":"article","og:title":"AYN Odin 2 k\u00e9perny\u0151v\u00e9d\u0151 - DROIX EU","og:description":"Hivatalos AYN Odin 2 k\u00e9perny\u0151v\u00e9d\u0151 Tart\u00f3s tiszta v\u00e9delem T\u00f6k\u00e9letes illeszked\u00e9s az AYN Odin 2 k\u00e9sz\u00fcl\u00e9khez A csomag tartalmazza 1x AYN Odin 2 k\u00e9perny\u0151v\u00e9d\u0151","og:url":"https:\/\/droix.eu\/hu\/product\/ayn-odin-2-kepernyovedo\/","og:image":"https:\/\/droix.eu\/wp-content\/uploads\/2024\/06\/droix-v2-light-logo.png","og:image:secure_url":"https:\/\/droix.eu\/wp-content\/uploads\/2024\/06\/droix-v2-light-logo.png","og:image:width":380,"og:image:height":118,"article:published_time":"2024-01-19T16:43:31+00:00","article:modified_time":"2026-01-20T05:42:58+00:00","article:publisher":"https:\/\/www.facebook.com\/DroiX.Store","twitter:card":"summary_large_image","twitter:site":"@DroiX_Store","twitter:title":"AYN Odin 2 k\u00e9perny\u0151v\u00e9d\u0151 - DROIX EU","twitter:description":"Hivatalos AYN Odin 2 k\u00e9perny\u0151v\u00e9d\u0151 Tart\u00f3s tiszta v\u00e9delem T\u00f6k\u00e9letes illeszked\u00e9s az AYN Odin 2 k\u00e9sz\u00fcl\u00e9khez A csomag tartalmazza 1x AYN Odin 2 k\u00e9perny\u0151v\u00e9d\u0151","twitter:image":"https:\/\/droix.eu\/wp-content\/uploads\/2024\/06\/droix-v2-light-logo.png"},"aioseo_meta_data":{"post_id":"562321","title":null,"description":null,"keywords":null,"keyphrases":null,"primary_term":null,"canonical_url":null,"og_title":null,"og_description":null,"og_object_type":"default","og_image_type":"default","og_image_url":null,"og_image_width":null,"og_image_height":null,"og_image_custom_url":null,"og_image_custom_fields":null,"og_video":null,"og_custom_url":null,"og_article_section":null,"og_article_tags":null,"twitter_use_og":true,"twitter_card":"default","twitter_image_type":"default","twitter_image_url":null,"twitter_image_custom_url":null,"twitter_image_custom_fields":null,"twitter_title":null,"twitter_description":null,"schema":{"blockGraphs":[],"customGraphs":[],"default":{"data":{"Article":[],"Course":[],"Dataset":[],"FAQPage":[],"Movie":[],"Person":[],"Product":[],"ProductReview":[],"Car":[],"Recipe":[],"Service":[],"SoftwareApplication":[],"WebPage":[]},"graphName":"Product","isEnabled":true},"graphs":[]},"schema_type":"default","schema_type_options":null,"pillar_content":false,"robots_default":true,"robots_noindex":false,"robots_noarchive":false,"robots_nosnippet":false,"robots_nofollow":false,"robots_noimageindex":false,"robots_noodp":false,"robots_notranslate":false,"robots_max_snippet":null,"robots_max_videopreview":null,"robots_max_imagepreview":"large","priority":null,"frequency":null,"local_seo":null,"seo_analyzer_scan_date":"2025-10-24 16:32:35","breadcrumb_settings":null,"limit_modified_date":false,"reviewed_by":null,"open_ai":null,"ai":null,"created":"2025-10-09 05:12:53","updated":"2026-01-24 09:18:44"},"aioseo_breadcrumb":"<div class=\"aioseo-breadcrumbs\"><span class=\"aioseo-breadcrumb\">\n\t<a href=\"https:\/\/droix.eu\/hu\/\" title=\"Home\">Home<\/a>\n<\/span><span class=\"aioseo-breadcrumb-separator\">&raquo;<\/span><span class=\"aioseo-breadcrumb\">\n\t<a href=\"https:\/\/droix.eu\/hu\/product-category\/tartozekok\/\" title=\"Tartoz\u00e9kok\">Tartoz\u00e9kok<\/a>\n<\/span><span class=\"aioseo-breadcrumb-separator\">&raquo;<\/span><span class=\"aioseo-breadcrumb\">\n\t<a href=\"https:\/\/droix.eu\/hu\/product-category\/tartozekok\/jatekos-kiegeszitok\/\" title=\"J\u00e1t\u00e9kos kieg\u00e9sz\u00edt\u0151k\">J\u00e1t\u00e9kos kieg\u00e9sz\u00edt\u0151k<\/a>\n<\/span><span class=\"aioseo-breadcrumb-separator\">&raquo;<\/span><span class=\"aioseo-breadcrumb\">\n\tAYN Odin 2 k\u00e9perny\u0151v\u00e9d\u0151\n<\/span><\/div>","aioseo_breadcrumb_json":[{"label":"Home","link":"https:\/\/droix.eu\/hu\/"},{"label":"Tartoz\u00e9kok","link":"https:\/\/droix.eu\/hu\/product-category\/tartozekok\/"},{"label":"J\u00e1t\u00e9kos kieg\u00e9sz\u00edt\u0151k","link":"https:\/\/droix.eu\/hu\/product-category\/tartozekok\/jatekos-kiegeszitok\/"},{"label":"AYN Odin 2 k\u00e9perny\u0151v\u00e9d\u0151","link":"https:\/\/droix.eu\/hu\/product\/ayn-odin-2-kepernyovedo\/"}],"_links":{"self":[{"href":"https:\/\/droix.eu\/hu\/wp-json\/wp\/v2\/product\/562321","targetHints":{"allow":["GET"]}}],"collection":[{"href":"https:\/\/droix.eu\/hu\/wp-json\/wp\/v2\/product"}],"about":[{"href":"https:\/\/droix.eu\/hu\/wp-json\/wp\/v2\/types\/product"}],"version-history":[{"count":0,"href":"https:\/\/droix.eu\/hu\/wp-json\/wp\/v2\/product\/562321\/revisions"}],"wp:featuredmedia":[{"embeddable":true,"href":"https:\/\/droix.eu\/hu\/wp-json\/wp\/v2\/media\/562322"}],"wp:attachment":[{"href":"https:\/\/droix.eu\/hu\/wp-json\/wp\/v2\/media?parent=562321"}],"wp:term":[{"taxonomy":"product_brand","embeddable":true,"href":"https:\/\/droix.eu\/hu\/wp-json\/wp\/v2\/product_brand?post=562321"},{"taxonomy":"product_cat","embeddable":true,"href":"https:\/\/droix.eu\/hu\/wp-json\/wp\/v2\/product_cat?post=562321"},{"taxonomy":"product_tag","embeddable":true,"href":"https:\/\/droix.eu\/hu\/wp-json\/wp\/v2\/product_tag?post=562321"},{"taxonomy":"woo-feed-brand","embeddable":true,"href":"https:\/\/droix.eu\/hu\/wp-json\/wp\/v2\/woo-feed-brand?post=562321"},{"taxonomy":"key-features","embeddable":true,"href":"https:\/\/droix.eu\/hu\/wp-json\/wp\/v2\/key-features?post=562321"}],"curies":[{"name":"wp","href":"https:\/\/api.w.org\/{rel}","templated":true}]}}