{"id":532813,"date":"2024-11-28T09:28:43","date_gmt":"2024-11-28T09:28:43","guid":{"rendered":"https:\/\/droix.eu\/product\/gpd-pocket-4-rs-232-modul\/"},"modified":"2026-03-28T07:57:42","modified_gmt":"2026-03-28T07:57:42","slug":"gpd-pocket-4-rs-232-modul","status":"publish","type":"product","link":"https:\/\/droix.eu\/hu\/product\/gpd-pocket-4-rs-232-modul\/","title":{"rendered":"GPD Pocket 4 RS-232 modul"},"content":{"rendered":"\n<p>A GPD POCKET 4 opcion\u00e1lis funkci\u00f3k\u00e9nt exkluz\u00edv RS-232 modult k\u00edn\u00e1l, amely lehet\u0151v\u00e9 teszi a felhaszn\u00e1l\u00f3k sz\u00e1m\u00e1ra a soros eszk\u00f6z\u00f6k sz\u00e9les k\u00f6r\u00e9hez val\u00f3 csatlakoz\u00e1st.<\/p>\n\n<p><\/p>\n","protected":false},"excerpt":{"rendered":"<ul>\n<li><strong>Hivatalos GPD tartoz\u00e9k<\/strong><\/li>\n<li><strong>RS-232<\/strong> b\u0151v\u00edt\u0151 modul<\/li>\n<li>Csatlakoz\u00e1s <strong>soros<\/strong> eszk\u00f6z\u00f6kh\u00f6z<\/li>\n<li>K\u00f6nnyen telep\u00edthet\u0151 a<strong> GPD Pocket 4<\/strong> k\u00e9sz\u00fcl\u00e9kbe<\/li>\n<\/ul>\n[cg_accordion title=\"2 \u00e9v garancia minden GPD term\u00e9kre\"]<\/p>\n<p>Minden GPD term\u00e9kre 2 \u00e9v garanci\u00e1t v\u00e1llalunk, \u00e9s t\u00f6bb mint 13 \u00e9ves megb\u00edzhat\u00f3 szolg\u00e1ltat\u00e1ssal rendelkez\u00fcnk. Csatlakozzon a t\u00f6bb mint 500.000 el\u00e9gedett v\u00e1s\u00e1rl\u00f3b\u00f3l \u00e1ll\u00f3 k\u00f6z\u00f6ss\u00e9g\u00fcnkh\u00f6z, \u00e9s b\u00edzzon a v\u00e1s\u00e1rl\u00e1s\u00e1ban. [\/cg_accordion]\n[cg_accordion title=\"Min\u0151s\u00e9gbiztos\u00edt\u00e1s \u00e9s sz\u00e1ll\u00edt\u00e1s el\u0151tti tesztel\u00e9s\"]<\/p>\n<p>A legmagasabb sz\u00ednvonal\u00fa \u00fcgyf\u00e9l-el\u00e9gedetts\u00e9g biztos\u00edt\u00e1sa: Minden k\u00e9sz\u00fcl\u00e9ket szigor\u00fa tesztel\u00e9snek \u00e9s t\u00f6bbpontos min\u0151s\u00e9gbiztos\u00edt\u00e1si ellen\u0151rz\u00e9snek vetnek al\u00e1, miel\u0151tt kisz\u00e1ll\u00edt\u00e1sra ker\u00fcl. Elk\u00f6telezett csapatunk ellen\u0151rzi a teljes\u00edtm\u00e9nyt, a funkcionalit\u00e1st \u00e9s az alkatr\u00e9szek \u00e9ps\u00e9g\u00e9t, hogy garant\u00e1ljuk, hogy a GPD k\u00e9sz\u00fcl\u00e9k meg\u00e9rkez\u00e9sekor t\u00f6k\u00e9letes m\u0171k\u00f6d\u00e9si \u00e1llapotban van, \u00edgy biztos\u00edtva \u00d6nnek a bizalmat \u00e9s a nyugalmat. [\/cg_accordion]\n[cg_accordion title=\"Rugalmas \u00e9s biztons\u00e1gos fizet\u00e9si lehet\u0151s\u00e9gek\"]<\/p>\n<p>\u00c9lvezze a nyugalmat biztons\u00e1gos p\u00e9nzt\u00e1rrendszer\u00fcnkkel. T\u00e1mogatjuk az \u00f6sszes f\u0151bb fizet\u00e9si m\u00f3dot, bele\u00e9rtve a bet\u00e9ti\/hitelk\u00e1rty\u00e1kat, a PayPal-t, az Apple Pay-t, a Google Pay-t, a Klarna-t, az Afterpay-t \u00e9s az Affirmot &#8211; \u00edgy \u00d6n szabadon fizethet, ak\u00e1r el\u0151re, ak\u00e1r egyszer\u0171 r\u00e9szletekben. [\/cg_accordion]\n[cg_accordion title=\"Ad\u00f3k\"]<\/p>\n<p>Az \u00e1rak tartalmazz\u00e1k az alkalmazand\u00f3 \u00c1FA-t, amely orsz\u00e1gt\u00f3l f\u00fcgg\u0151en ak\u00e1r 25% is lehet. A pontos \u00f6sszeget a teljes \u00e1tl\u00e1that\u00f3s\u00e1g \u00e9rdek\u00e9ben a fizet\u00e9s sor\u00e1n felt\u00fcntetj\u00fck. [\/cg_accordion]\n[cg_accordion title=\"Sz\u00e1ll\u00edt\u00e1s \u00e9s visszak\u00fcld\u00e9s\"]<\/p>\n<p>T\u00f6bb mint 10 megb\u00edzhat\u00f3 sz\u00e1ll\u00edt\u00e1si partnerrel dolgozunk egy\u00fctt, hogy megrendel\u00e9se gyorsan, biztons\u00e1gosan \u00e9s megb\u00edzhat\u00f3an \u00e9rkezzen meg.<\/p>\n<p>Expressz DDP (Delivered Duty Paid) sz\u00e1ll\u00edt\u00e1st haszn\u00e1lunk. Ez azt jelenti, hogy: <\/p>\n<li>A felt\u00fcntetett term\u00e9k\u00e1r m\u00e1r tartalmazza az \u00f6sszes v\u00e1mot \u00e9s ad\u00f3t.<\/li>\n<li>A sz\u00e1ll\u00edt\u00e1skor nem kell semmilyen meglepet\u00e9sszer\u0171 k\u00f6lts\u00e9ggel szemben\u00e9znie.<\/li>\n<li>Ritka esetben, ha a v\u00e1mkezel\u00e9s k\u00e9sik, csapatunk a z\u00f6kken\u0151mentes sz\u00e1ll\u00edt\u00e1s biztos\u00edt\u00e1sa \u00e9rdek\u00e9ben kezeli az \u00d6n sz\u00e1m\u00e1ra a v\u00e1mkezel\u00e9si folyamatot.<\/li>\n<p>Fontos inform\u00e1ci\u00f3k a visszak\u00fcld\u00e9sr\u0151l:<\/p>\n<li>Ha visszak\u00fcldi megrendel\u00e9s\u00e9t vagy visszat\u00e9r\u00edt\u00e9st k\u00e9r, k\u00e9rj\u00fck, vegye figyelembe, hogy az \u00d6n nev\u00e9ben a DDP felt\u00e9telei szerint kifizetett ad\u00f3k \u00e9s v\u00e1mok nem t\u00e9r\u00edthet\u0151k vissza.<\/li>\n<p>R\u00e9szletes inform\u00e1ci\u00f3k\u00e9rt k\u00e9rj\u00fck, olvassa el a <a href=\"https:\/\/droix.eu\/hu\/feltetelek-es-feltetelek\/\" target=\"_blank\" rel=\"nofollow noopener\">Felhaszn\u00e1l\u00e1si Felt\u00e9teleinket<\/a>.\n<\/ul>\n<p>[\/cg_accordion]\n[cg_accordion title=\"\u00dcgyf\u00e9lszolg\u00e1lat\"]<\/p>\n<p>K\u00e9rd\u00e9se van? Egy r\u00f6vid sz\u00f6veges \u00fczenetben megoldjuk a probl\u00e9m\u00e1j\u00e1t! [\/cg_accordion]\n[cg_accordion title=\"A csomag tartalmazza\"]<\/p>\n<ul>\n<li>1x RS-232 modul<\/li>\n<\/ul>\n<p>[\/cg_accordion]\n","protected":false},"featured_media":532814,"template":"","meta":{"_acf_changed":false},"product_brand":[],"product_cat":[35009,35006],"product_tag":[],"woo-feed-brand":[],"key-features":[],"class_list":{"0":"post-532813","1":"product","2":"type-product","3":"status-publish","4":"has-post-thumbnail","6":"product_cat-laptop-tartozekok","7":"product_cat-tartozekok","8":"product_shipping_class-low-end","9":"pa_accessory-type-add-ons","10":"pa_brands-gpd-hu","11":"pa_compatibility-gpd-pocket-4-hu","13":"first","14":"instock","15":"sale","16":"taxable","17":"shipping-taxable","18":"purchasable","19":"product-type-simple"},"acf":[],"aioseo_notices":[],"aioseo_head":"\n\t\t<!-- All in One SEO Pro 4.9.5.2 - aioseo.com -->\n\t<meta name=\"description\" content=\"Hivatalos GPD tartoz\u00e9k RS-232 b\u0151v\u00edt\u0151 modul Csatlakoz\u00e1s soros eszk\u00f6z\u00f6kh\u00f6z K\u00f6nnyen telep\u00edthet\u0151 a GPD Pocket 4 k\u00e9sz\u00fcl\u00e9kbe\" \/>\n\t<meta name=\"robots\" content=\"max-image-preview:large\" \/>\n\t<link rel=\"canonical\" href=\"https:\/\/droix.eu\/hu\/product\/gpd-pocket-4-rs-232-modul\/\" \/>\n\t<meta name=\"generator\" content=\"All in One SEO Pro (AIOSEO) 4.9.5.2\" \/>\n\t\t<meta property=\"og:locale\" content=\"hu_HU\" \/>\n\t\t<meta property=\"og:site_name\" content=\"DROIX EU - Get the latest Mini PCs, Ultrabook, PC Gaming Handhelds and more!\" \/>\n\t\t<meta property=\"og:type\" content=\"article\" \/>\n\t\t<meta property=\"og:title\" content=\"GPD Pocket 4 RS-232 modul - DROIX EU\" \/>\n\t\t<meta property=\"og:description\" content=\"Hivatalos GPD tartoz\u00e9k RS-232 b\u0151v\u00edt\u0151 modul Csatlakoz\u00e1s soros eszk\u00f6z\u00f6kh\u00f6z K\u00f6nnyen telep\u00edthet\u0151 a GPD Pocket 4 k\u00e9sz\u00fcl\u00e9kbe\" \/>\n\t\t<meta property=\"og:url\" content=\"https:\/\/droix.eu\/hu\/product\/gpd-pocket-4-rs-232-modul\/\" \/>\n\t\t<meta property=\"og:image\" content=\"https:\/\/droix.eu\/wp-content\/uploads\/2024\/06\/droix-v2-light-logo.png\" \/>\n\t\t<meta property=\"og:image:secure_url\" content=\"https:\/\/droix.eu\/wp-content\/uploads\/2024\/06\/droix-v2-light-logo.png\" \/>\n\t\t<meta property=\"og:image:width\" content=\"380\" \/>\n\t\t<meta property=\"og:image:height\" content=\"118\" \/>\n\t\t<meta property=\"article:published_time\" content=\"2024-11-28T09:28:43+00:00\" \/>\n\t\t<meta property=\"article:modified_time\" content=\"2026-03-28T07:57:42+00:00\" \/>\n\t\t<meta property=\"article:publisher\" content=\"https:\/\/www.facebook.com\/DroiX.Store\" \/>\n\t\t<meta name=\"twitter:card\" content=\"summary_large_image\" \/>\n\t\t<meta name=\"twitter:site\" content=\"@DroiX_Store\" \/>\n\t\t<meta name=\"twitter:title\" content=\"GPD Pocket 4 RS-232 modul - DROIX EU\" \/>\n\t\t<meta name=\"twitter:description\" content=\"Hivatalos GPD tartoz\u00e9k RS-232 b\u0151v\u00edt\u0151 modul Csatlakoz\u00e1s soros eszk\u00f6z\u00f6kh\u00f6z K\u00f6nnyen telep\u00edthet\u0151 a GPD Pocket 4 k\u00e9sz\u00fcl\u00e9kbe\" \/>\n\t\t<meta name=\"twitter:image\" content=\"https:\/\/droix.eu\/wp-content\/uploads\/2024\/06\/droix-v2-light-logo.png\" \/>\n\t\t<script type=\"application\/ld+json\" class=\"aioseo-schema\">\n\t\t\t{\"@context\":\"https:\\\/\\\/schema.org\",\"@graph\":[{\"@type\":\"BreadcrumbList\",\"@id\":\"https:\\\/\\\/droix.eu\\\/hu\\\/product\\\/gpd-pocket-4-rs-232-modul\\\/#breadcrumblist\",\"itemListElement\":[{\"@type\":\"ListItem\",\"@id\":\"https:\\\/\\\/droix.eu\\\/hu\\\/#listItem\",\"position\":1,\"name\":\"Home\",\"item\":\"https:\\\/\\\/droix.eu\\\/hu\\\/\",\"nextItem\":{\"@type\":\"ListItem\",\"@id\":\"https:\\\/\\\/droix.eu\\\/hu\\\/product-category\\\/tartozekok\\\/#listItem\",\"name\":\"Tartoz\\u00e9kok\"}},{\"@type\":\"ListItem\",\"@id\":\"https:\\\/\\\/droix.eu\\\/hu\\\/product-category\\\/tartozekok\\\/#listItem\",\"position\":2,\"name\":\"Tartoz\\u00e9kok\",\"item\":\"https:\\\/\\\/droix.eu\\\/hu\\\/product-category\\\/tartozekok\\\/\",\"nextItem\":{\"@type\":\"ListItem\",\"@id\":\"https:\\\/\\\/droix.eu\\\/hu\\\/product-category\\\/tartozekok\\\/laptop-tartozekok\\\/#listItem\",\"name\":\"Laptop tartoz\\u00e9kok\"},\"previousItem\":{\"@type\":\"ListItem\",\"@id\":\"https:\\\/\\\/droix.eu\\\/hu\\\/#listItem\",\"name\":\"Home\"}},{\"@type\":\"ListItem\",\"@id\":\"https:\\\/\\\/droix.eu\\\/hu\\\/product-category\\\/tartozekok\\\/laptop-tartozekok\\\/#listItem\",\"position\":3,\"name\":\"Laptop tartoz\\u00e9kok\",\"item\":\"https:\\\/\\\/droix.eu\\\/hu\\\/product-category\\\/tartozekok\\\/laptop-tartozekok\\\/\",\"nextItem\":{\"@type\":\"ListItem\",\"@id\":\"https:\\\/\\\/droix.eu\\\/hu\\\/product\\\/gpd-pocket-4-rs-232-modul\\\/#listItem\",\"name\":\"GPD Pocket 4 RS-232 modul\"},\"previousItem\":{\"@type\":\"ListItem\",\"@id\":\"https:\\\/\\\/droix.eu\\\/hu\\\/product-category\\\/tartozekok\\\/#listItem\",\"name\":\"Tartoz\\u00e9kok\"}},{\"@type\":\"ListItem\",\"@id\":\"https:\\\/\\\/droix.eu\\\/hu\\\/product\\\/gpd-pocket-4-rs-232-modul\\\/#listItem\",\"position\":4,\"name\":\"GPD Pocket 4 RS-232 modul\",\"previousItem\":{\"@type\":\"ListItem\",\"@id\":\"https:\\\/\\\/droix.eu\\\/hu\\\/product-category\\\/tartozekok\\\/laptop-tartozekok\\\/#listItem\",\"name\":\"Laptop tartoz\\u00e9kok\"}}]},{\"@type\":\"Organization\",\"@id\":\"https:\\\/\\\/droix.eu\\\/hu\\\/#organization\",\"name\":\"DroiX \\u2013 Trusted EU Tech Retailer with 12+ Years Experience\",\"description\":\"DroiX is a leading European technology retailer with over 12 years of experience, offering quality mini PCs, handheld gaming consoles, and tech accessories. We provide hassle-free EU delivery with all taxes included, ensuring a smooth and reliable shopping experience for our customers across Europe.\",\"url\":\"https:\\\/\\\/droix.eu\\\/hu\\\/\",\"logo\":{\"@type\":\"ImageObject\",\"url\":\"https:\\\/\\\/droix.eu\\\/wp-content\\\/uploads\\\/2024\\\/06\\\/droix-v2-light-logo.png\",\"@id\":\"https:\\\/\\\/droix.eu\\\/hu\\\/product\\\/gpd-pocket-4-rs-232-modul\\\/#organizationLogo\",\"width\":380,\"height\":118},\"image\":{\"@id\":\"https:\\\/\\\/droix.eu\\\/hu\\\/product\\\/gpd-pocket-4-rs-232-modul\\\/#organizationLogo\"},\"sameAs\":[\"https:\\\/\\\/www.facebook.com\\\/DroiX.Store\",\"https:\\\/\\\/twitter.com\\\/DroiX_Store\",\"https:\\\/\\\/www.instagram.com\\\/droix.store\\\/\",\"https:\\\/\\\/www.tiktok.com\\\/@droix.store\",\"https:\\\/\\\/www.youtube.com\\\/c\\\/DroiX_Store\",\"https:\\\/\\\/uk.linkedin.com\\\/company\\\/droix\"]},{\"@type\":\"Product\",\"@id\":\"https:\\\/\\\/droix.eu\\\/hu\\\/product\\\/gpd-pocket-4-rs-232-modul\\\/#wooCommerceProduct\",\"name\":\"GPD Pocket 4 RS-232 modul\",\"description\":\"Hivatalos GPD tartoz\\u00e9k\\n \\tRS-232 b\\u0151v\\u00edt\\u0151 modul\\n \\tCsatlakoz\\u00e1s soros eszk\\u00f6z\\u00f6kh\\u00f6z\\n \\tK\\u00f6nnyen telep\\u00edthet\\u0151 a GPD Pocket 4 k\\u00e9sz\\u00fcl\\u00e9kbe\",\"url\":\"https:\\\/\\\/droix.eu\\\/hu\\\/product\\\/gpd-pocket-4-rs-232-modul\\\/\",\"sku\":\"GPD-POCKET-4-RS_232-MODULE\",\"gtin\":\"5061077630410\",\"image\":{\"@type\":\"ImageObject\",\"url\":\"https:\\\/\\\/droix.eu\\\/wp-content\\\/uploads\\\/2024\\\/11\\\/GPD-POCKET-4-MODULE-RS-232-DONE-01.png\",\"@id\":\"https:\\\/\\\/droix.eu\\\/hu\\\/product\\\/gpd-pocket-4-rs-232-modul\\\/#productImage\",\"width\":1500,\"height\":1500,\"caption\":\"GPD POCKET 4 KVM modul, amely lehet\\u0151v\\u00e9 teszi, hogy a GPD POCKET 4 Mini Laptop \\u00e9s Tablet 2 az 1-ben k\\u00e9sz\\u00fcl\\u00e9ket sz\\u00e1mos soros eszk\\u00f6zh\\u00f6z csatlakoztassa.\"},\"offers\":{\"@type\":\"Offer\",\"url\":\"https:\\\/\\\/droix.eu\\\/hu\\\/product\\\/gpd-pocket-4-rs-232-modul\\\/#wooCommerceOffer\",\"price\":15.93,\"priceCurrency\":\"EUR\",\"category\":\"Laptop tartoz\\u00e9kok\",\"availability\":\"https:\\\/\\\/schema.org\\\/InStock\",\"priceSpecification\":{\"@type\":\"PriceSpecification\",\"price\":15.93,\"priceCurrency\":\"EUR\",\"valueAddedTaxIncluded\":\"true\"},\"seller\":{\"@type\":\"Organization\",\"@id\":\"https:\\\/\\\/droix.eu\\\/hu\\\/#organization\"}}},{\"@type\":\"WebPage\",\"@id\":\"https:\\\/\\\/droix.eu\\\/hu\\\/product\\\/gpd-pocket-4-rs-232-modul\\\/#webpage\",\"url\":\"https:\\\/\\\/droix.eu\\\/hu\\\/product\\\/gpd-pocket-4-rs-232-modul\\\/\",\"name\":\"GPD Pocket 4 RS-232 modul - DROIX EU\",\"description\":\"Hivatalos GPD tartoz\\u00e9k RS-232 b\\u0151v\\u00edt\\u0151 modul Csatlakoz\\u00e1s soros eszk\\u00f6z\\u00f6kh\\u00f6z K\\u00f6nnyen telep\\u00edthet\\u0151 a GPD Pocket 4 k\\u00e9sz\\u00fcl\\u00e9kbe\",\"inLanguage\":\"hu-HU\",\"isPartOf\":{\"@id\":\"https:\\\/\\\/droix.eu\\\/hu\\\/#website\"},\"breadcrumb\":{\"@id\":\"https:\\\/\\\/droix.eu\\\/hu\\\/product\\\/gpd-pocket-4-rs-232-modul\\\/#breadcrumblist\"},\"image\":{\"@type\":\"ImageObject\",\"url\":\"https:\\\/\\\/droix.eu\\\/wp-content\\\/uploads\\\/2024\\\/11\\\/GPD-POCKET-4-MODULE-RS-232-DONE-01.png\",\"@id\":\"https:\\\/\\\/droix.eu\\\/hu\\\/product\\\/gpd-pocket-4-rs-232-modul\\\/#mainImage\",\"width\":1500,\"height\":1500,\"caption\":\"GPD POCKET 4 KVM modul, amely lehet\\u0151v\\u00e9 teszi, hogy a GPD POCKET 4 Mini Laptop \\u00e9s Tablet 2 az 1-ben k\\u00e9sz\\u00fcl\\u00e9ket sz\\u00e1mos soros eszk\\u00f6zh\\u00f6z csatlakoztassa.\"},\"primaryImageOfPage\":{\"@id\":\"https:\\\/\\\/droix.eu\\\/hu\\\/product\\\/gpd-pocket-4-rs-232-modul\\\/#mainImage\"},\"datePublished\":\"2024-11-28T09:28:43+00:00\",\"dateModified\":\"2026-03-28T07:57:42+00:00\"},{\"@type\":\"WebSite\",\"@id\":\"https:\\\/\\\/droix.eu\\\/hu\\\/#website\",\"url\":\"https:\\\/\\\/droix.eu\\\/hu\\\/\",\"name\":\"DROIX EU\",\"description\":\"Get the latest Mini PCs, Ultrabook, PC Gaming Handhelds and more!\",\"inLanguage\":\"hu-HU\",\"publisher\":{\"@id\":\"https:\\\/\\\/droix.eu\\\/hu\\\/#organization\"}}]}\n\t\t<\/script>\n\t\t<!-- All in One SEO Pro -->\r\n\t\t<title>GPD Pocket 4 RS-232 modul - DROIX EU<\/title>\n\n","aioseo_head_json":{"title":"GPD Pocket 4 RS-232 modul - DROIX EU","description":"Hivatalos GPD tartoz\u00e9k RS-232 b\u0151v\u00edt\u0151 modul Csatlakoz\u00e1s soros eszk\u00f6z\u00f6kh\u00f6z K\u00f6nnyen telep\u00edthet\u0151 a GPD Pocket 4 k\u00e9sz\u00fcl\u00e9kbe","canonical_url":"https:\/\/droix.eu\/hu\/product\/gpd-pocket-4-rs-232-modul\/","robots":"max-image-preview:large","keywords":"","webmasterTools":{"miscellaneous":""},"schema":{"@context":"https:\/\/schema.org","@graph":[{"@type":"BreadcrumbList","@id":"https:\/\/droix.eu\/hu\/product\/gpd-pocket-4-rs-232-modul\/#breadcrumblist","itemListElement":[{"@type":"ListItem","@id":"https:\/\/droix.eu\/hu\/#listItem","position":1,"name":"Home","item":"https:\/\/droix.eu\/hu\/","nextItem":{"@type":"ListItem","@id":"https:\/\/droix.eu\/hu\/product-category\/tartozekok\/#listItem","name":"Tartoz\u00e9kok"}},{"@type":"ListItem","@id":"https:\/\/droix.eu\/hu\/product-category\/tartozekok\/#listItem","position":2,"name":"Tartoz\u00e9kok","item":"https:\/\/droix.eu\/hu\/product-category\/tartozekok\/","nextItem":{"@type":"ListItem","@id":"https:\/\/droix.eu\/hu\/product-category\/tartozekok\/laptop-tartozekok\/#listItem","name":"Laptop tartoz\u00e9kok"},"previousItem":{"@type":"ListItem","@id":"https:\/\/droix.eu\/hu\/#listItem","name":"Home"}},{"@type":"ListItem","@id":"https:\/\/droix.eu\/hu\/product-category\/tartozekok\/laptop-tartozekok\/#listItem","position":3,"name":"Laptop tartoz\u00e9kok","item":"https:\/\/droix.eu\/hu\/product-category\/tartozekok\/laptop-tartozekok\/","nextItem":{"@type":"ListItem","@id":"https:\/\/droix.eu\/hu\/product\/gpd-pocket-4-rs-232-modul\/#listItem","name":"GPD Pocket 4 RS-232 modul"},"previousItem":{"@type":"ListItem","@id":"https:\/\/droix.eu\/hu\/product-category\/tartozekok\/#listItem","name":"Tartoz\u00e9kok"}},{"@type":"ListItem","@id":"https:\/\/droix.eu\/hu\/product\/gpd-pocket-4-rs-232-modul\/#listItem","position":4,"name":"GPD Pocket 4 RS-232 modul","previousItem":{"@type":"ListItem","@id":"https:\/\/droix.eu\/hu\/product-category\/tartozekok\/laptop-tartozekok\/#listItem","name":"Laptop tartoz\u00e9kok"}}]},{"@type":"Organization","@id":"https:\/\/droix.eu\/hu\/#organization","name":"DroiX \u2013 Trusted EU Tech Retailer with 12+ Years Experience","description":"DroiX is a leading European technology retailer with over 12 years of experience, offering quality mini PCs, handheld gaming consoles, and tech accessories. We provide hassle-free EU delivery with all taxes included, ensuring a smooth and reliable shopping experience for our customers across Europe.","url":"https:\/\/droix.eu\/hu\/","logo":{"@type":"ImageObject","url":"https:\/\/droix.eu\/wp-content\/uploads\/2024\/06\/droix-v2-light-logo.png","@id":"https:\/\/droix.eu\/hu\/product\/gpd-pocket-4-rs-232-modul\/#organizationLogo","width":380,"height":118},"image":{"@id":"https:\/\/droix.eu\/hu\/product\/gpd-pocket-4-rs-232-modul\/#organizationLogo"},"sameAs":["https:\/\/www.facebook.com\/DroiX.Store","https:\/\/twitter.com\/DroiX_Store","https:\/\/www.instagram.com\/droix.store\/","https:\/\/www.tiktok.com\/@droix.store","https:\/\/www.youtube.com\/c\/DroiX_Store","https:\/\/uk.linkedin.com\/company\/droix"]},{"@type":"Product","@id":"https:\/\/droix.eu\/hu\/product\/gpd-pocket-4-rs-232-modul\/#wooCommerceProduct","name":"GPD Pocket 4 RS-232 modul","description":"Hivatalos GPD tartoz\u00e9k\n \tRS-232 b\u0151v\u00edt\u0151 modul\n \tCsatlakoz\u00e1s soros eszk\u00f6z\u00f6kh\u00f6z\n \tK\u00f6nnyen telep\u00edthet\u0151 a GPD Pocket 4 k\u00e9sz\u00fcl\u00e9kbe","url":"https:\/\/droix.eu\/hu\/product\/gpd-pocket-4-rs-232-modul\/","sku":"GPD-POCKET-4-RS_232-MODULE","gtin":"5061077630410","image":{"@type":"ImageObject","url":"https:\/\/droix.eu\/wp-content\/uploads\/2024\/11\/GPD-POCKET-4-MODULE-RS-232-DONE-01.png","@id":"https:\/\/droix.eu\/hu\/product\/gpd-pocket-4-rs-232-modul\/#productImage","width":1500,"height":1500,"caption":"GPD POCKET 4 KVM modul, amely lehet\u0151v\u00e9 teszi, hogy a GPD POCKET 4 Mini Laptop \u00e9s Tablet 2 az 1-ben k\u00e9sz\u00fcl\u00e9ket sz\u00e1mos soros eszk\u00f6zh\u00f6z csatlakoztassa."},"offers":{"@type":"Offer","url":"https:\/\/droix.eu\/hu\/product\/gpd-pocket-4-rs-232-modul\/#wooCommerceOffer","price":15.93,"priceCurrency":"EUR","category":"Laptop tartoz\u00e9kok","availability":"https:\/\/schema.org\/InStock","priceSpecification":{"@type":"PriceSpecification","price":15.93,"priceCurrency":"EUR","valueAddedTaxIncluded":"true"},"seller":{"@type":"Organization","@id":"https:\/\/droix.eu\/hu\/#organization"}}},{"@type":"WebPage","@id":"https:\/\/droix.eu\/hu\/product\/gpd-pocket-4-rs-232-modul\/#webpage","url":"https:\/\/droix.eu\/hu\/product\/gpd-pocket-4-rs-232-modul\/","name":"GPD Pocket 4 RS-232 modul - DROIX EU","description":"Hivatalos GPD tartoz\u00e9k RS-232 b\u0151v\u00edt\u0151 modul Csatlakoz\u00e1s soros eszk\u00f6z\u00f6kh\u00f6z K\u00f6nnyen telep\u00edthet\u0151 a GPD Pocket 4 k\u00e9sz\u00fcl\u00e9kbe","inLanguage":"hu-HU","isPartOf":{"@id":"https:\/\/droix.eu\/hu\/#website"},"breadcrumb":{"@id":"https:\/\/droix.eu\/hu\/product\/gpd-pocket-4-rs-232-modul\/#breadcrumblist"},"image":{"@type":"ImageObject","url":"https:\/\/droix.eu\/wp-content\/uploads\/2024\/11\/GPD-POCKET-4-MODULE-RS-232-DONE-01.png","@id":"https:\/\/droix.eu\/hu\/product\/gpd-pocket-4-rs-232-modul\/#mainImage","width":1500,"height":1500,"caption":"GPD POCKET 4 KVM modul, amely lehet\u0151v\u00e9 teszi, hogy a GPD POCKET 4 Mini Laptop \u00e9s Tablet 2 az 1-ben k\u00e9sz\u00fcl\u00e9ket sz\u00e1mos soros eszk\u00f6zh\u00f6z csatlakoztassa."},"primaryImageOfPage":{"@id":"https:\/\/droix.eu\/hu\/product\/gpd-pocket-4-rs-232-modul\/#mainImage"},"datePublished":"2024-11-28T09:28:43+00:00","dateModified":"2026-03-28T07:57:42+00:00"},{"@type":"WebSite","@id":"https:\/\/droix.eu\/hu\/#website","url":"https:\/\/droix.eu\/hu\/","name":"DROIX EU","description":"Get the latest Mini PCs, Ultrabook, PC Gaming Handhelds and more!","inLanguage":"hu-HU","publisher":{"@id":"https:\/\/droix.eu\/hu\/#organization"}}]},"og:locale":"hu_HU","og:site_name":"DROIX EU - Get the latest Mini PCs, Ultrabook, PC Gaming Handhelds and more!","og:type":"article","og:title":"GPD Pocket 4 RS-232 modul - DROIX EU","og:description":"Hivatalos GPD tartoz\u00e9k RS-232 b\u0151v\u00edt\u0151 modul Csatlakoz\u00e1s soros eszk\u00f6z\u00f6kh\u00f6z K\u00f6nnyen telep\u00edthet\u0151 a GPD Pocket 4 k\u00e9sz\u00fcl\u00e9kbe","og:url":"https:\/\/droix.eu\/hu\/product\/gpd-pocket-4-rs-232-modul\/","og:image":"https:\/\/droix.eu\/wp-content\/uploads\/2024\/06\/droix-v2-light-logo.png","og:image:secure_url":"https:\/\/droix.eu\/wp-content\/uploads\/2024\/06\/droix-v2-light-logo.png","og:image:width":380,"og:image:height":118,"article:published_time":"2024-11-28T09:28:43+00:00","article:modified_time":"2026-03-28T07:57:42+00:00","article:publisher":"https:\/\/www.facebook.com\/DroiX.Store","twitter:card":"summary_large_image","twitter:site":"@DroiX_Store","twitter:title":"GPD Pocket 4 RS-232 modul - DROIX EU","twitter:description":"Hivatalos GPD tartoz\u00e9k RS-232 b\u0151v\u00edt\u0151 modul Csatlakoz\u00e1s soros eszk\u00f6z\u00f6kh\u00f6z K\u00f6nnyen telep\u00edthet\u0151 a GPD Pocket 4 k\u00e9sz\u00fcl\u00e9kbe","twitter:image":"https:\/\/droix.eu\/wp-content\/uploads\/2024\/06\/droix-v2-light-logo.png"},"aioseo_meta_data":{"post_id":"532813","title":null,"description":null,"keywords":null,"keyphrases":{"focus":{"keyphrase":"","score":0,"analysis":{"keyphraseInTitle":{"score":0,"maxScore":9,"error":1}}},"additional":[]},"primary_term":null,"canonical_url":null,"og_title":null,"og_description":null,"og_object_type":"default","og_image_type":"default","og_image_url":null,"og_image_width":null,"og_image_height":null,"og_image_custom_url":null,"og_image_custom_fields":null,"og_video":"","og_custom_url":null,"og_article_section":null,"og_article_tags":null,"twitter_use_og":true,"twitter_card":"default","twitter_image_type":"default","twitter_image_url":null,"twitter_image_custom_url":null,"twitter_image_custom_fields":null,"twitter_title":null,"twitter_description":null,"schema":{"blockGraphs":[],"customGraphs":[],"default":{"data":{"Article":[],"Course":[],"Dataset":[],"FAQPage":[],"Movie":[],"Person":[],"Product":[],"ProductReview":[],"Car":[],"Recipe":[],"Service":[],"SoftwareApplication":[],"WebPage":[]},"graphName":"Product","isEnabled":true},"graphs":[]},"schema_type":"default","schema_type_options":null,"pillar_content":false,"robots_default":true,"robots_noindex":false,"robots_noarchive":false,"robots_nosnippet":false,"robots_nofollow":false,"robots_noimageindex":false,"robots_noodp":false,"robots_notranslate":false,"robots_max_snippet":"-1","robots_max_videopreview":"-1","robots_max_imagepreview":"large","priority":null,"frequency":"default","local_seo":null,"seo_analyzer_scan_date":null,"breadcrumb_settings":null,"limit_modified_date":false,"reviewed_by":null,"open_ai":null,"ai":{"faqs":[],"keyPoints":[],"titles":[],"descriptions":[],"socialPosts":{"email":[],"linkedin":[],"twitter":[],"facebook":[],"instagram":[]}},"created":"2025-10-09 06:44:21","updated":"2026-03-28 11:36:51"},"aioseo_breadcrumb":"<div class=\"aioseo-breadcrumbs\"><span class=\"aioseo-breadcrumb\">\n\t<a href=\"https:\/\/droix.eu\/hu\/\" title=\"Home\">Home<\/a>\n<\/span><span class=\"aioseo-breadcrumb-separator\">&raquo;<\/span><span class=\"aioseo-breadcrumb\">\n\t<a href=\"https:\/\/droix.eu\/hu\/product-category\/tartozekok\/\" title=\"Tartoz\u00e9kok\">Tartoz\u00e9kok<\/a>\n<\/span><span class=\"aioseo-breadcrumb-separator\">&raquo;<\/span><span class=\"aioseo-breadcrumb\">\n\t<a href=\"https:\/\/droix.eu\/hu\/product-category\/tartozekok\/laptop-tartozekok\/\" title=\"Laptop tartoz\u00e9kok\">Laptop tartoz\u00e9kok<\/a>\n<\/span><span class=\"aioseo-breadcrumb-separator\">&raquo;<\/span><span class=\"aioseo-breadcrumb\">\n\tGPD Pocket 4 RS-232 modul\n<\/span><\/div>","aioseo_breadcrumb_json":[{"label":"Home","link":"https:\/\/droix.eu\/hu\/"},{"label":"Tartoz\u00e9kok","link":"https:\/\/droix.eu\/hu\/product-category\/tartozekok\/"},{"label":"Laptop tartoz\u00e9kok","link":"https:\/\/droix.eu\/hu\/product-category\/tartozekok\/laptop-tartozekok\/"},{"label":"GPD Pocket 4 RS-232 modul","link":"https:\/\/droix.eu\/hu\/product\/gpd-pocket-4-rs-232-modul\/"}],"_links":{"self":[{"href":"https:\/\/droix.eu\/hu\/wp-json\/wp\/v2\/product\/532813","targetHints":{"allow":["GET"]}}],"collection":[{"href":"https:\/\/droix.eu\/hu\/wp-json\/wp\/v2\/product"}],"about":[{"href":"https:\/\/droix.eu\/hu\/wp-json\/wp\/v2\/types\/product"}],"version-history":[{"count":0,"href":"https:\/\/droix.eu\/hu\/wp-json\/wp\/v2\/product\/532813\/revisions"}],"wp:featuredmedia":[{"embeddable":true,"href":"https:\/\/droix.eu\/hu\/wp-json\/wp\/v2\/media\/532814"}],"wp:attachment":[{"href":"https:\/\/droix.eu\/hu\/wp-json\/wp\/v2\/media?parent=532813"}],"wp:term":[{"taxonomy":"product_brand","embeddable":true,"href":"https:\/\/droix.eu\/hu\/wp-json\/wp\/v2\/product_brand?post=532813"},{"taxonomy":"product_cat","embeddable":true,"href":"https:\/\/droix.eu\/hu\/wp-json\/wp\/v2\/product_cat?post=532813"},{"taxonomy":"product_tag","embeddable":true,"href":"https:\/\/droix.eu\/hu\/wp-json\/wp\/v2\/product_tag?post=532813"},{"taxonomy":"woo-feed-brand","embeddable":true,"href":"https:\/\/droix.eu\/hu\/wp-json\/wp\/v2\/woo-feed-brand?post=532813"},{"taxonomy":"key-features","embeddable":true,"href":"https:\/\/droix.eu\/hu\/wp-json\/wp\/v2\/key-features?post=532813"}],"curies":[{"name":"wp","href":"https:\/\/api.w.org\/{rel}","templated":true}]}}