{"id":534507,"date":"2021-12-23T11:49:46","date_gmt":"2021-12-23T11:49:46","guid":{"rendered":"https:\/\/droix.eu\/cookie-szabalyzat\/"},"modified":"2025-05-27T14:09:50","modified_gmt":"2025-05-27T13:09:50","slug":"cookie-szabalyzat","status":"publish","type":"page","link":"https:\/\/droix.eu\/hu\/cookie-szabalyzat\/","title":{"rendered":"Cookie szab\u00e1lyzat"},"content":{"rendered":"\n<p>Az al\u00e1bbi Cookie-szab\u00e1lyzatot a <a href=\"https:\/\/droix.eu\/hu\/feltetelek-es-feltetelek\/\" target=\"_blank\" rel=\"noreferrer noopener\">Felhaszn\u00e1l\u00e1si felt\u00e9telekkel<\/a> \u00e9s az <a href=\"https:\/\/droix.eu\/hu\/adatvedelmi-iranyelvek\/\" target=\"_blank\" rel=\"noreferrer noopener\">Adatv\u00e9delmi ir\u00e1nyelvekkel<\/a> \u00f6sszhangban (p\u00e1ros\u00edtva), &#8220;egyk\u00e9nt&#8221; kell \u00e9rtelmezni.<\/p>\n\n<ol class=\"wp-block-list\">\n<li>Ezek az \u00e9rt\u00e9kes\u00edt\u00e9si felt\u00e9telek a DROIX \u00e1ltal sz\u00e1ll\u00edtott \u00f6sszes \u00e1rura vonatkoznak (sz\u00e9khelye: 54C Expressway, N Woolwich Rd, London, E16 2AA, Egyes\u00fclt Kir\u00e1lys\u00e1g).\n<ol class=\"wp-block-list\">\n<li>Az al\u00e1bbi szerz\u0151d\u00e9sben a hivatkoz\u00e1sok a k\u00f6vetkez\u0151kre vonatkoznak: Mi (DROIX) vagyunk a Sz\u00e1ll\u00edt\u00f3, \u00e9s \u00d6n (a Vev\u0151).<\/li>\n<\/ol>\n<\/li>\n<\/ol>\n\n<ol class=\"wp-block-list\">\n<li>A Sz\u00e1ll\u00edt\u00f3 weboldala s\u00fctiket haszn\u00e1l, hogy megk\u00fcl\u00f6nb\u00f6ztesse az \u00fcgyfelet, azaz \u00d6nt a weboldal m\u00e1s felhaszn\u00e1l\u00f3it\u00f3l. Ez seg\u00edt a Sz\u00e1ll\u00edt\u00f3nak abban, hogy j\u00f3 \u00e9lm\u00e9nyt ny\u00fajtson \u00d6nnek, amikor a Sz\u00e1ll\u00edt\u00f3 weboldal\u00e1n b\u00f6ng\u00e9szik, \u00e9s lehet\u0151v\u00e9 teszi a Sz\u00e1ll\u00edt\u00f3 sz\u00e1m\u00e1ra, hogy jav\u00edtsa weboldalunkat. A weboldal tov\u00e1bbi b\u00f6ng\u00e9sz\u00e9s\u00e9vel \u00d6n elfogadja, hogy a Sz\u00e1ll\u00edt\u00f3 cookie-kat haszn\u00e1l.  <\/li>\n\n\n\n<li>A s\u00fcti egy kis bet\u0171kb\u0151l \u00e9s sz\u00e1mokb\u00f3l \u00e1ll\u00f3 f\u00e1jl, amelyet a Sz\u00e1ll\u00edt\u00f3 az \u00d6n b\u00f6ng\u00e9sz\u0151j\u00e9ben, illetve sz\u00e1m\u00edt\u00f3g\u00e9p\u00e9nek vagy mobiltelefonj\u00e1nak merevlemez\u00e9n t\u00e1rol, ha \u00d6n ehhez hozz\u00e1j\u00e1rul. A s\u00fctik olyan inform\u00e1ci\u00f3kat tartalmaznak, amelyek az \u00d6n sz\u00e1m\u00edt\u00f3g\u00e9p\u00e9nek merevlemez\u00e9re ker\u00fclnek. <\/li>\n\n\n\n<li>A Sz\u00e1ll\u00edt\u00f3 a k\u00f6vetkez\u0151 s\u00fctiket haszn\u00e1lja:\n<ol class=\"wp-block-list\">\n<li>Szigor\u00faan sz\u00fcks\u00e9ges s\u00fctik. Ezek olyan s\u00fctik, amelyek a Sz\u00e1ll\u00edt\u00f3 weboldal\u00e1nak m\u0171k\u00f6d\u00e9s\u00e9hez sz\u00fcks\u00e9gesek. Ide tartoznak p\u00e9ld\u00e1ul azok a s\u00fctik, amelyek lehet\u0151v\u00e9 teszik, hogy \u00d6n bejelentkezzen a Sz\u00e1ll\u00edt\u00f3 weboldal\u00e1nak biztons\u00e1gos ter\u00fcleteire \u00e9s tranzakci\u00f3kat hajtson v\u00e9gre.  <\/li>\n\n\n\n<li>Analitikai\/teljes\u00edtm\u00e9nys\u00fctik. Ezek lehet\u0151v\u00e9 teszik a Sz\u00e1ll\u00edt\u00f3 sz\u00e1m\u00e1ra, hogy felismerje \u00e9s megsz\u00e1molja a l\u00e1togat\u00f3k sz\u00e1m\u00e1t, \u00e9s hogy l\u00e1ssa, hogyan mozognak a l\u00e1togat\u00f3k a Sz\u00e1ll\u00edt\u00f3 weboldal\u00e1n, amikor azt haszn\u00e1lj\u00e1k. Ez seg\u00edt a Sz\u00e1ll\u00edt\u00f3nak a weboldal m\u0171k\u00f6d\u00e9s\u00e9nek jav\u00edt\u00e1s\u00e1ban, p\u00e9ld\u00e1ul annak biztos\u00edt\u00e1s\u00e1val, hogy a felhaszn\u00e1l\u00f3k k\u00f6nnyen \u00e9s gond n\u00e9lk\u00fcl megtal\u00e1lj\u00e1k, amit keresnek.  <\/li>\n\n\n\n<li>A Sz\u00e1ll\u00edt\u00f3 a Google Analytics cookie-kat haszn\u00e1lja. A Google Analytics n\u00e9vtelen\u00fcl gy\u0171jti az inform\u00e1ci\u00f3kat. A weboldal trendjeit az egyes l\u00e1togat\u00f3k azonos\u00edt\u00e1sa n\u00e9lk\u00fcl jelenti. A Google Analytics szolg\u00e1ltat\u00e1sr\u00f3l le lehet mondani an\u00e9lk\u00fcl, hogy ez befoly\u00e1soln\u00e1 a webhely l\u00e1togat\u00e1s\u00e1t. A Google Analyticsr\u0151l tov\u00e1bbi inform\u00e1ci\u00f3kat itt tal\u00e1l.    <\/li>\n\n\n\n<li>C\u00e9lzott s\u00fctik. Ezek a cookie-k r\u00f6gz\u00edtik a Sz\u00e1ll\u00edt\u00f3 weboldal\u00e1n tett l\u00e1togat\u00e1s\u00e1t, a megl\u00e1togatott oldalakat \u00e9s a k\u00f6vetett linkeket. A Sz\u00e1ll\u00edt\u00f3 ezeket az inform\u00e1ci\u00f3kat arra haszn\u00e1lja fel, hogy a honlapot \u00e9s az azon megjelen\u0151 hirdet\u00e9seket az \u00d6n \u00e9rdekl\u0151d\u00e9si k\u00f6r\u00e9nek megfelel\u0151bb\u00e9 tegye. A Sz\u00e1ll\u00edt\u00f3 ezeket az inform\u00e1ci\u00f3kat e c\u00e9lb\u00f3l harmadik felekkel is megoszthatja.   <\/li>\n<\/ol>\n<\/li>\n\n\n\n<li>Felh\u00edvjuk figyelm\u00e9t, hogy harmadik felek (bele\u00e9rtve p\u00e9ld\u00e1ul a hirdet\u00e9si h\u00e1l\u00f3zatokat \u00e9s k\u00fcls\u0151 szolg\u00e1ltat\u00f3kat, p\u00e9ld\u00e1ul webes forgalomelemz\u0151 szolg\u00e1ltat\u00e1sokat) szint\u00e9n haszn\u00e1lhatnak s\u00fctiket, amelyekre a Sz\u00e1ll\u00edt\u00f3nak nincs r\u00e1hat\u00e1sa. Ezek a s\u00fctik val\u00f3sz\u00edn\u0171leg analitikai\/teljes\u00edtm\u00e9nys\u00fctik vagy c\u00e9lz\u00e1si s\u00fctik. <\/li>\n\n\n\n<li>A cookie-kat blokkolhatja a b\u00f6ng\u00e9sz\u0151je azon be\u00e1ll\u00edt\u00e1s\u00e1nak aktiv\u00e1l\u00e1s\u00e1val, amely lehet\u0151v\u00e9 teszi az \u00f6sszes vagy egyes cookie-k be\u00e1ll\u00edt\u00e1s\u00e1nak elutas\u00edt\u00e1s\u00e1t. Ha azonban b\u00f6ng\u00e9sz\u0151je be\u00e1ll\u00edt\u00e1sait \u00fagy haszn\u00e1lja, hogy blokkolja az \u00f6sszes s\u00fctit (bele\u00e9rtve az alapvet\u0151 s\u00fctiket is), el\u0151fordulhat, hogy nem tud hozz\u00e1f\u00e9rni a Sz\u00e1ll\u00edt\u00f3 weboldal\u00e1nak eg\u00e9sz\u00e9hez vagy egyes r\u00e9szeihez. <\/li>\n<\/ol>\n\n<h2 class=\"wp-block-heading\" id=\"h-cookie-description\">COOKIE LE\u00cdR\u00c1S<\/h2>\n<p><script type=\"text\/javascript\" charset=\"UTF-8\" data-cookiescriptreport=\"report\" src=\"\/\/report.cookie-script.com\/r\/21c7c108a50ee55d6c4ed24051df0334.js\"><\/script><\/p>\n\n<p class=\"has-text-align-center\">Cookie szab\u00e1lyzat utolj\u00e1ra friss\u00edtve: okt\u00f3ber 12, 2022 &#8211; 02:29AM.<\/p>\n","protected":false},"excerpt":{"rendered":"<p>Az al\u00e1bbi Cookie-szab\u00e1lyzatot a Felhaszn\u00e1l\u00e1si felt\u00e9telekkel \u00e9s az Adatv\u00e9delmi ir\u00e1nyelvekkel \u00f6sszhangban (p\u00e1ros\u00edtva), &#8220;egyk\u00e9nt&#8221; kell \u00e9rtelmezni. COOKIE LE\u00cdR\u00c1S Cookie szab\u00e1lyzat utolj\u00e1ra friss\u00edtve: okt\u00f3ber 12, 2022 &#8211; 02:29AM.<\/p>\n","protected":false},"author":1,"featured_media":0,"parent":0,"menu_order":0,"comment_status":"closed","ping_status":"closed","template":"","meta":{"_acf_changed":false,"footnotes":""},"class_list":["post-534507","page","type-page","status-publish","hentry"],"acf":[],"aioseo_notices":[],"aioseo_head":"\n\t\t<!-- All in One SEO Pro 4.9.5.2 - aioseo.com -->\n\t<meta name=\"description\" content=\"Az al\u00e1bbi Cookie-szab\u00e1lyzatot a Felhaszn\u00e1l\u00e1si felt\u00e9telekkel \u00e9s az Adatv\u00e9delmi ir\u00e1nyelvekkel \u00f6sszhangban (p\u00e1ros\u00edtva), &quot;egyk\u00e9nt&quot; kell \u00e9rtelmezni. Ezek az \u00e9rt\u00e9kes\u00edt\u00e9si felt\u00e9telek a DROIX \u00e1ltal sz\u00e1ll\u00edtott \u00f6sszes \u00e1rura vonatkoznak (sz\u00e9khelye: 54C Expressway, N Woolwich Rd, London, E16 2AA, Egyes\u00fclt Kir\u00e1lys\u00e1g). Az al\u00e1bbi szerz\u0151d\u00e9sben a hivatkoz\u00e1sok a k\u00f6vetkez\u0151kre vonatkoznak: Mi (DROIX) vagyunk a Sz\u00e1ll\u00edt\u00f3, \u00e9s \u00d6n (a Vev\u0151). A\" \/>\n\t<meta name=\"robots\" content=\"max-image-preview:large\" \/>\n\t<link rel=\"canonical\" href=\"https:\/\/droix.eu\/hu\/cookie-szabalyzat\/\" \/>\n\t<meta name=\"generator\" content=\"All in One SEO Pro (AIOSEO) 4.9.5.2\" \/>\n\t\t<meta property=\"og:locale\" content=\"hu_HU\" \/>\n\t\t<meta property=\"og:site_name\" content=\"DROIX EU - Get the latest Mini PCs, Ultrabook, PC Gaming Handhelds and more!\" \/>\n\t\t<meta property=\"og:type\" content=\"article\" \/>\n\t\t<meta property=\"og:title\" content=\"Cookie szab\u00e1lyzat - DROIX EU\" \/>\n\t\t<meta property=\"og:description\" content=\"Az al\u00e1bbi Cookie-szab\u00e1lyzatot a Felhaszn\u00e1l\u00e1si felt\u00e9telekkel \u00e9s az Adatv\u00e9delmi ir\u00e1nyelvekkel \u00f6sszhangban (p\u00e1ros\u00edtva), &quot;egyk\u00e9nt&quot; kell \u00e9rtelmezni. Ezek az \u00e9rt\u00e9kes\u00edt\u00e9si felt\u00e9telek a DROIX \u00e1ltal sz\u00e1ll\u00edtott \u00f6sszes \u00e1rura vonatkoznak (sz\u00e9khelye: 54C Expressway, N Woolwich Rd, London, E16 2AA, Egyes\u00fclt Kir\u00e1lys\u00e1g). Az al\u00e1bbi szerz\u0151d\u00e9sben a hivatkoz\u00e1sok a k\u00f6vetkez\u0151kre vonatkoznak: Mi (DROIX) vagyunk a Sz\u00e1ll\u00edt\u00f3, \u00e9s \u00d6n (a Vev\u0151). A\" \/>\n\t\t<meta property=\"og:url\" content=\"https:\/\/droix.eu\/hu\/cookie-szabalyzat\/\" \/>\n\t\t<meta property=\"og:image\" content=\"https:\/\/droix.eu\/wp-content\/uploads\/2024\/06\/droix-v2-light-logo.png\" \/>\n\t\t<meta property=\"og:image:secure_url\" content=\"https:\/\/droix.eu\/wp-content\/uploads\/2024\/06\/droix-v2-light-logo.png\" \/>\n\t\t<meta property=\"og:image:width\" content=\"380\" \/>\n\t\t<meta property=\"og:image:height\" content=\"118\" \/>\n\t\t<meta property=\"article:published_time\" content=\"2021-12-23T11:49:46+00:00\" \/>\n\t\t<meta property=\"article:modified_time\" content=\"2025-05-27T13:09:50+00:00\" \/>\n\t\t<meta property=\"article:publisher\" content=\"https:\/\/www.facebook.com\/DroiX.Store\" \/>\n\t\t<meta name=\"twitter:card\" content=\"summary_large_image\" \/>\n\t\t<meta name=\"twitter:site\" content=\"@DroiX_Store\" \/>\n\t\t<meta name=\"twitter:title\" content=\"Cookie szab\u00e1lyzat - DROIX EU\" \/>\n\t\t<meta name=\"twitter:description\" content=\"Az al\u00e1bbi Cookie-szab\u00e1lyzatot a Felhaszn\u00e1l\u00e1si felt\u00e9telekkel \u00e9s az Adatv\u00e9delmi ir\u00e1nyelvekkel \u00f6sszhangban (p\u00e1ros\u00edtva), &quot;egyk\u00e9nt&quot; kell \u00e9rtelmezni. Ezek az \u00e9rt\u00e9kes\u00edt\u00e9si felt\u00e9telek a DROIX \u00e1ltal sz\u00e1ll\u00edtott \u00f6sszes \u00e1rura vonatkoznak (sz\u00e9khelye: 54C Expressway, N Woolwich Rd, London, E16 2AA, Egyes\u00fclt Kir\u00e1lys\u00e1g). Az al\u00e1bbi szerz\u0151d\u00e9sben a hivatkoz\u00e1sok a k\u00f6vetkez\u0151kre vonatkoznak: Mi (DROIX) vagyunk a Sz\u00e1ll\u00edt\u00f3, \u00e9s \u00d6n (a Vev\u0151). A\" \/>\n\t\t<meta name=\"twitter:creator\" content=\"@DroiX_Store\" \/>\n\t\t<meta name=\"twitter:image\" content=\"https:\/\/droix.eu\/wp-content\/uploads\/2024\/06\/droix-v2-light-logo.png\" \/>\n\t\t<script type=\"application\/ld+json\" class=\"aioseo-schema\">\n\t\t\t{\"@context\":\"https:\\\/\\\/schema.org\",\"@graph\":[{\"@type\":\"BreadcrumbList\",\"@id\":\"https:\\\/\\\/droix.eu\\\/hu\\\/cookie-szabalyzat\\\/#breadcrumblist\",\"itemListElement\":[{\"@type\":\"ListItem\",\"@id\":\"https:\\\/\\\/droix.eu\\\/hu\\\/#listItem\",\"position\":1,\"name\":\"Home\",\"item\":\"https:\\\/\\\/droix.eu\\\/hu\\\/\",\"nextItem\":{\"@type\":\"ListItem\",\"@id\":\"https:\\\/\\\/droix.eu\\\/hu\\\/cookie-szabalyzat\\\/#listItem\",\"name\":\"Cookie szab\\u00e1lyzat\"}},{\"@type\":\"ListItem\",\"@id\":\"https:\\\/\\\/droix.eu\\\/hu\\\/cookie-szabalyzat\\\/#listItem\",\"position\":2,\"name\":\"Cookie szab\\u00e1lyzat\",\"previousItem\":{\"@type\":\"ListItem\",\"@id\":\"https:\\\/\\\/droix.eu\\\/hu\\\/#listItem\",\"name\":\"Home\"}}]},{\"@type\":\"Organization\",\"@id\":\"https:\\\/\\\/droix.eu\\\/hu\\\/#organization\",\"name\":\"DroiX \\u2013 Trusted EU Tech Retailer with 12+ Years Experience\",\"description\":\"DroiX is a leading European technology retailer with over 12 years of experience, offering quality mini PCs, handheld gaming consoles, and tech accessories. We provide hassle-free EU delivery with all taxes included, ensuring a smooth and reliable shopping experience for our customers across Europe.\",\"url\":\"https:\\\/\\\/droix.eu\\\/hu\\\/\",\"logo\":{\"@type\":\"ImageObject\",\"url\":\"https:\\\/\\\/droix.eu\\\/wp-content\\\/uploads\\\/2024\\\/06\\\/droix-v2-light-logo.png\",\"@id\":\"https:\\\/\\\/droix.eu\\\/hu\\\/cookie-szabalyzat\\\/#organizationLogo\",\"width\":380,\"height\":118},\"image\":{\"@id\":\"https:\\\/\\\/droix.eu\\\/hu\\\/cookie-szabalyzat\\\/#organizationLogo\"},\"sameAs\":[\"https:\\\/\\\/www.facebook.com\\\/DroiX.Store\",\"https:\\\/\\\/twitter.com\\\/DroiX_Store\",\"https:\\\/\\\/www.instagram.com\\\/droix.store\\\/\",\"https:\\\/\\\/www.tiktok.com\\\/@droix.store\",\"https:\\\/\\\/www.youtube.com\\\/c\\\/DroiX_Store\",\"https:\\\/\\\/uk.linkedin.com\\\/company\\\/droix\"]},{\"@type\":\"WebPage\",\"@id\":\"https:\\\/\\\/droix.eu\\\/hu\\\/cookie-szabalyzat\\\/#webpage\",\"url\":\"https:\\\/\\\/droix.eu\\\/hu\\\/cookie-szabalyzat\\\/\",\"name\":\"Cookie szab\\u00e1lyzat - DROIX EU\",\"description\":\"Az al\\u00e1bbi Cookie-szab\\u00e1lyzatot a Felhaszn\\u00e1l\\u00e1si felt\\u00e9telekkel \\u00e9s az Adatv\\u00e9delmi ir\\u00e1nyelvekkel \\u00f6sszhangban (p\\u00e1ros\\u00edtva), \\\"egyk\\u00e9nt\\\" kell \\u00e9rtelmezni. Ezek az \\u00e9rt\\u00e9kes\\u00edt\\u00e9si felt\\u00e9telek a DROIX \\u00e1ltal sz\\u00e1ll\\u00edtott \\u00f6sszes \\u00e1rura vonatkoznak (sz\\u00e9khelye: 54C Expressway, N Woolwich Rd, London, E16 2AA, Egyes\\u00fclt Kir\\u00e1lys\\u00e1g). Az al\\u00e1bbi szerz\\u0151d\\u00e9sben a hivatkoz\\u00e1sok a k\\u00f6vetkez\\u0151kre vonatkoznak: Mi (DROIX) vagyunk a Sz\\u00e1ll\\u00edt\\u00f3, \\u00e9s \\u00d6n (a Vev\\u0151). A\",\"inLanguage\":\"hu-HU\",\"isPartOf\":{\"@id\":\"https:\\\/\\\/droix.eu\\\/hu\\\/#website\"},\"breadcrumb\":{\"@id\":\"https:\\\/\\\/droix.eu\\\/hu\\\/cookie-szabalyzat\\\/#breadcrumblist\"},\"datePublished\":\"2021-12-23T11:49:46+00:00\",\"dateModified\":\"2025-05-27T14:09:50+01:00\"},{\"@type\":\"WebSite\",\"@id\":\"https:\\\/\\\/droix.eu\\\/hu\\\/#website\",\"url\":\"https:\\\/\\\/droix.eu\\\/hu\\\/\",\"name\":\"DROIX EU\",\"description\":\"Get the latest Mini PCs, Ultrabook, PC Gaming Handhelds and more!\",\"inLanguage\":\"hu-HU\",\"publisher\":{\"@id\":\"https:\\\/\\\/droix.eu\\\/hu\\\/#organization\"}}]}\n\t\t<\/script>\n\t\t<!-- All in One SEO Pro -->\r\n\t\t<title>Cookie szab\u00e1lyzat - DROIX EU<\/title>\n\n","aioseo_head_json":{"title":"Cookie szab\u00e1lyzat - DROIX EU","description":"Az al\u00e1bbi Cookie-szab\u00e1lyzatot a Felhaszn\u00e1l\u00e1si felt\u00e9telekkel \u00e9s az Adatv\u00e9delmi ir\u00e1nyelvekkel \u00f6sszhangban (p\u00e1ros\u00edtva), \"egyk\u00e9nt\" kell \u00e9rtelmezni. Ezek az \u00e9rt\u00e9kes\u00edt\u00e9si felt\u00e9telek a DROIX \u00e1ltal sz\u00e1ll\u00edtott \u00f6sszes \u00e1rura vonatkoznak (sz\u00e9khelye: 54C Expressway, N Woolwich Rd, London, E16 2AA, Egyes\u00fclt Kir\u00e1lys\u00e1g). Az al\u00e1bbi szerz\u0151d\u00e9sben a hivatkoz\u00e1sok a k\u00f6vetkez\u0151kre vonatkoznak: Mi (DROIX) vagyunk a Sz\u00e1ll\u00edt\u00f3, \u00e9s \u00d6n (a Vev\u0151). A","canonical_url":"https:\/\/droix.eu\/hu\/cookie-szabalyzat\/","robots":"max-image-preview:large","keywords":"","webmasterTools":{"miscellaneous":""},"schema":{"@context":"https:\/\/schema.org","@graph":[{"@type":"BreadcrumbList","@id":"https:\/\/droix.eu\/hu\/cookie-szabalyzat\/#breadcrumblist","itemListElement":[{"@type":"ListItem","@id":"https:\/\/droix.eu\/hu\/#listItem","position":1,"name":"Home","item":"https:\/\/droix.eu\/hu\/","nextItem":{"@type":"ListItem","@id":"https:\/\/droix.eu\/hu\/cookie-szabalyzat\/#listItem","name":"Cookie szab\u00e1lyzat"}},{"@type":"ListItem","@id":"https:\/\/droix.eu\/hu\/cookie-szabalyzat\/#listItem","position":2,"name":"Cookie szab\u00e1lyzat","previousItem":{"@type":"ListItem","@id":"https:\/\/droix.eu\/hu\/#listItem","name":"Home"}}]},{"@type":"Organization","@id":"https:\/\/droix.eu\/hu\/#organization","name":"DroiX \u2013 Trusted EU Tech Retailer with 12+ Years Experience","description":"DroiX is a leading European technology retailer with over 12 years of experience, offering quality mini PCs, handheld gaming consoles, and tech accessories. We provide hassle-free EU delivery with all taxes included, ensuring a smooth and reliable shopping experience for our customers across Europe.","url":"https:\/\/droix.eu\/hu\/","logo":{"@type":"ImageObject","url":"https:\/\/droix.eu\/wp-content\/uploads\/2024\/06\/droix-v2-light-logo.png","@id":"https:\/\/droix.eu\/hu\/cookie-szabalyzat\/#organizationLogo","width":380,"height":118},"image":{"@id":"https:\/\/droix.eu\/hu\/cookie-szabalyzat\/#organizationLogo"},"sameAs":["https:\/\/www.facebook.com\/DroiX.Store","https:\/\/twitter.com\/DroiX_Store","https:\/\/www.instagram.com\/droix.store\/","https:\/\/www.tiktok.com\/@droix.store","https:\/\/www.youtube.com\/c\/DroiX_Store","https:\/\/uk.linkedin.com\/company\/droix"]},{"@type":"WebPage","@id":"https:\/\/droix.eu\/hu\/cookie-szabalyzat\/#webpage","url":"https:\/\/droix.eu\/hu\/cookie-szabalyzat\/","name":"Cookie szab\u00e1lyzat - DROIX EU","description":"Az al\u00e1bbi Cookie-szab\u00e1lyzatot a Felhaszn\u00e1l\u00e1si felt\u00e9telekkel \u00e9s az Adatv\u00e9delmi ir\u00e1nyelvekkel \u00f6sszhangban (p\u00e1ros\u00edtva), \"egyk\u00e9nt\" kell \u00e9rtelmezni. Ezek az \u00e9rt\u00e9kes\u00edt\u00e9si felt\u00e9telek a DROIX \u00e1ltal sz\u00e1ll\u00edtott \u00f6sszes \u00e1rura vonatkoznak (sz\u00e9khelye: 54C Expressway, N Woolwich Rd, London, E16 2AA, Egyes\u00fclt Kir\u00e1lys\u00e1g). Az al\u00e1bbi szerz\u0151d\u00e9sben a hivatkoz\u00e1sok a k\u00f6vetkez\u0151kre vonatkoznak: Mi (DROIX) vagyunk a Sz\u00e1ll\u00edt\u00f3, \u00e9s \u00d6n (a Vev\u0151). A","inLanguage":"hu-HU","isPartOf":{"@id":"https:\/\/droix.eu\/hu\/#website"},"breadcrumb":{"@id":"https:\/\/droix.eu\/hu\/cookie-szabalyzat\/#breadcrumblist"},"datePublished":"2021-12-23T11:49:46+00:00","dateModified":"2025-05-27T14:09:50+01:00"},{"@type":"WebSite","@id":"https:\/\/droix.eu\/hu\/#website","url":"https:\/\/droix.eu\/hu\/","name":"DROIX EU","description":"Get the latest Mini PCs, Ultrabook, PC Gaming Handhelds and more!","inLanguage":"hu-HU","publisher":{"@id":"https:\/\/droix.eu\/hu\/#organization"}}]},"og:locale":"hu_HU","og:site_name":"DROIX EU - Get the latest Mini PCs, Ultrabook, PC Gaming Handhelds and more!","og:type":"article","og:title":"Cookie szab\u00e1lyzat - DROIX EU","og:description":"Az al\u00e1bbi Cookie-szab\u00e1lyzatot a Felhaszn\u00e1l\u00e1si felt\u00e9telekkel \u00e9s az Adatv\u00e9delmi ir\u00e1nyelvekkel \u00f6sszhangban (p\u00e1ros\u00edtva), &quot;egyk\u00e9nt&quot; kell \u00e9rtelmezni. Ezek az \u00e9rt\u00e9kes\u00edt\u00e9si felt\u00e9telek a DROIX \u00e1ltal sz\u00e1ll\u00edtott \u00f6sszes \u00e1rura vonatkoznak (sz\u00e9khelye: 54C Expressway, N Woolwich Rd, London, E16 2AA, Egyes\u00fclt Kir\u00e1lys\u00e1g). Az al\u00e1bbi szerz\u0151d\u00e9sben a hivatkoz\u00e1sok a k\u00f6vetkez\u0151kre vonatkoznak: Mi (DROIX) vagyunk a Sz\u00e1ll\u00edt\u00f3, \u00e9s \u00d6n (a Vev\u0151). A","og:url":"https:\/\/droix.eu\/hu\/cookie-szabalyzat\/","og:image":"https:\/\/droix.eu\/wp-content\/uploads\/2024\/06\/droix-v2-light-logo.png","og:image:secure_url":"https:\/\/droix.eu\/wp-content\/uploads\/2024\/06\/droix-v2-light-logo.png","og:image:width":380,"og:image:height":118,"article:published_time":"2021-12-23T11:49:46+00:00","article:modified_time":"2025-05-27T13:09:50+00:00","article:publisher":"https:\/\/www.facebook.com\/DroiX.Store","twitter:card":"summary_large_image","twitter:site":"@DroiX_Store","twitter:title":"Cookie szab\u00e1lyzat - DROIX EU","twitter:description":"Az al\u00e1bbi Cookie-szab\u00e1lyzatot a Felhaszn\u00e1l\u00e1si felt\u00e9telekkel \u00e9s az Adatv\u00e9delmi ir\u00e1nyelvekkel \u00f6sszhangban (p\u00e1ros\u00edtva), &quot;egyk\u00e9nt&quot; kell \u00e9rtelmezni. Ezek az \u00e9rt\u00e9kes\u00edt\u00e9si felt\u00e9telek a DROIX \u00e1ltal sz\u00e1ll\u00edtott \u00f6sszes \u00e1rura vonatkoznak (sz\u00e9khelye: 54C Expressway, N Woolwich Rd, London, E16 2AA, Egyes\u00fclt Kir\u00e1lys\u00e1g). Az al\u00e1bbi szerz\u0151d\u00e9sben a hivatkoz\u00e1sok a k\u00f6vetkez\u0151kre vonatkoznak: Mi (DROIX) vagyunk a Sz\u00e1ll\u00edt\u00f3, \u00e9s \u00d6n (a Vev\u0151). A","twitter:creator":"@DroiX_Store","twitter:image":"https:\/\/droix.eu\/wp-content\/uploads\/2024\/06\/droix-v2-light-logo.png"},"aioseo_meta_data":{"post_id":"534507","title":null,"description":null,"keywords":null,"keyphrases":null,"primary_term":null,"canonical_url":null,"og_title":null,"og_description":null,"og_object_type":"default","og_image_type":"default","og_image_url":null,"og_image_width":null,"og_image_height":null,"og_image_custom_url":null,"og_image_custom_fields":null,"og_video":null,"og_custom_url":null,"og_article_section":null,"og_article_tags":null,"twitter_use_og":true,"twitter_card":"default","twitter_image_type":"default","twitter_image_url":null,"twitter_image_custom_url":null,"twitter_image_custom_fields":null,"twitter_title":null,"twitter_description":null,"schema":{"blockGraphs":[],"customGraphs":[],"default":{"data":{"Article":[],"Course":[],"Dataset":[],"FAQPage":[],"Movie":[],"Person":[],"Product":[],"ProductReview":[],"Car":[],"Recipe":[],"Service":[],"SoftwareApplication":[],"WebPage":[]},"graphName":"","isEnabled":true},"graphs":[]},"schema_type":"default","schema_type_options":null,"pillar_content":false,"robots_default":true,"robots_noindex":false,"robots_noarchive":false,"robots_nosnippet":false,"robots_nofollow":false,"robots_noimageindex":false,"robots_noodp":false,"robots_notranslate":false,"robots_max_snippet":null,"robots_max_videopreview":null,"robots_max_imagepreview":"large","priority":null,"frequency":null,"local_seo":null,"seo_analyzer_scan_date":"2025-09-16 22:52:03","breadcrumb_settings":null,"limit_modified_date":false,"reviewed_by":null,"open_ai":null,"ai":null,"created":"2025-09-16 22:52:03","updated":"2025-11-27 00:06:40"},"aioseo_breadcrumb":"<div class=\"aioseo-breadcrumbs\"><span class=\"aioseo-breadcrumb\">\n\t<a href=\"https:\/\/droix.eu\/hu\/\" title=\"Home\">Home<\/a>\n<\/span><span class=\"aioseo-breadcrumb-separator\">&raquo;<\/span><span class=\"aioseo-breadcrumb\">\n\tCookie szab\u00e1lyzat\n<\/span><\/div>","aioseo_breadcrumb_json":[{"label":"Home","link":"https:\/\/droix.eu\/hu\/"},{"label":"Cookie szab\u00e1lyzat","link":"https:\/\/droix.eu\/hu\/cookie-szabalyzat\/"}],"_links":{"self":[{"href":"https:\/\/droix.eu\/hu\/wp-json\/wp\/v2\/pages\/534507","targetHints":{"allow":["GET"]}}],"collection":[{"href":"https:\/\/droix.eu\/hu\/wp-json\/wp\/v2\/pages"}],"about":[{"href":"https:\/\/droix.eu\/hu\/wp-json\/wp\/v2\/types\/page"}],"author":[{"embeddable":true,"href":"https:\/\/droix.eu\/hu\/wp-json\/wp\/v2\/users\/1"}],"replies":[{"embeddable":true,"href":"https:\/\/droix.eu\/hu\/wp-json\/wp\/v2\/comments?post=534507"}],"version-history":[{"count":0,"href":"https:\/\/droix.eu\/hu\/wp-json\/wp\/v2\/pages\/534507\/revisions"}],"wp:attachment":[{"href":"https:\/\/droix.eu\/hu\/wp-json\/wp\/v2\/media?parent=534507"}],"curies":[{"name":"wp","href":"https:\/\/api.w.org\/{rel}","templated":true}]}}