{"id":709691,"date":"2026-02-12T12:16:13","date_gmt":"2026-02-12T12:16:13","guid":{"rendered":"https:\/\/droix.eu\/product\/onexplayer-apex-baterijski-kabel\/"},"modified":"2026-02-12T12:16:13","modified_gmt":"2026-02-12T12:16:13","slug":"onexplayer-apex-baterijski-kabel","status":"publish","type":"product","link":"https:\/\/droix.eu\/hr\/product\/onexplayer-apex-baterijski-kabel\/","title":{"rendered":"ONEXPLAYER APEX baterijski kabel"},"content":{"rendered":"","protected":false},"excerpt":{"rendered":"<ul>\n<li><strong>OneXPlayer Apex Power Link<\/strong> \u2013 Klju\u010dni kabel za povezivanje baterije s ure\u0111ajem.<\/li>\n<li><strong>Vlasni\u010dki vi\u0161epinski su\u010delje<\/strong> \u2013 Sigurna veza s niskim otporom za module od 85Wh.<\/li>\n<li><strong>100W+ Power Delivery<\/strong> \u2013 Podr\u017eava zahtjeve za velikom snagom Apex serije.<\/li>\n<li><strong>Modularni gaming dizajn<\/strong> \u2013 Omogu\u0107uje kori\u0161tenje vanjske baterije za pobolj\u0161anu ergonomiju.<\/li>\n<li><strong>Oja\u010dana izdr\u017eljivost<\/strong> \u2013 Izdr\u017eljiva za\u0161tita dizajnirana za \u010desto za\u010depljivanje i putovanja.<\/li>\n<\/ul>\n[droix_global_accordions]\n[cg_accordion title=\"Paket uklju\u010duje\"]<\/p>\n<ul>\n<li>1x ONEXPLAYER APEX baterijski kabel<\/li>\n<\/ul>\n<p>[\/cg_accordion]\n","protected":false},"featured_media":709706,"template":"","meta":{"_acf_changed":false},"product_brand":[],"product_cat":[45890,45880],"product_tag":[],"woo-feed-brand":[],"key-features":[],"class_list":{"0":"post-709691","1":"product","2":"type-product","3":"status-publish","4":"has-post-thumbnail","6":"product_cat-dodaci-za-igre","7":"product_cat-pribor","8":"product_shipping_class-low-end","9":"pa_accessory-type-cable","10":"pa_brands-onexplayer","11":"pa_compatibility-onexplayer-onexfly-apex","13":"first","14":"instock","15":"sale","16":"taxable","17":"shipping-taxable","18":"purchasable","19":"product-type-variable","20":"has-default-attributes"},"acf":[],"aioseo_notices":[],"aioseo_head":"\n\t\t<!-- All in One SEO Pro 4.9.6.2 - aioseo.com -->\n\t<meta name=\"description\" content=\"Otklju\u010daj beskona\u010dnu mo\u0107! \ud83c\udfae Nabavite ONEXPLAYER OneXFly Apex posve\u0107eni kabel za povezivanje baterije i ure\u0111aja za igranje s visokim TDP-om od 100W+. Izdr\u017eljiv, brz i spreman za putovanja. \ud83d\ude80 Kupujte odmah! \ud83d\uded2\" \/>\n\t<meta name=\"robots\" content=\"max-image-preview:large\" \/>\n\t<link rel=\"canonical\" href=\"https:\/\/droix.eu\/hr\/product\/onexplayer-apex-baterijski-kabel\/\" \/>\n\t<meta name=\"generator\" content=\"All in One SEO Pro (AIOSEO) 4.9.6.2\" \/>\n\t\t<meta property=\"og:locale\" content=\"hr_HR\" \/>\n\t\t<meta property=\"og:site_name\" content=\"DROIX EU - Get the latest Mini PCs, Ultrabook, PC Gaming Handhelds and more!\" \/>\n\t\t<meta property=\"og:type\" content=\"article\" \/>\n\t\t<meta property=\"og:title\" content=\"\u26a1 ONEXPLAYER OneXFly Apex namjenski kabel \ud83d\udd0b za povezivanje baterije i ure\u0111aja\" \/>\n\t\t<meta property=\"og:description\" content=\"Otklju\u010daj beskona\u010dnu mo\u0107! \ud83c\udfae Nabavite ONEXPLAYER OneXFly Apex posve\u0107eni kabel za povezivanje baterije i ure\u0111aja za igranje s visokim TDP-om od 100W+. Izdr\u017eljiv, brz i spreman za putovanja. \ud83d\ude80 Kupujte odmah! \ud83d\uded2\" \/>\n\t\t<meta property=\"og:url\" content=\"https:\/\/droix.eu\/hr\/product\/onexplayer-apex-baterijski-kabel\/\" \/>\n\t\t<meta property=\"og:image\" content=\"https:\/\/droix.eu\/wp-content\/uploads\/2024\/06\/droix-v2-light-logo.png\" \/>\n\t\t<meta property=\"og:image:secure_url\" content=\"https:\/\/droix.eu\/wp-content\/uploads\/2024\/06\/droix-v2-light-logo.png\" \/>\n\t\t<meta property=\"og:image:width\" content=\"380\" \/>\n\t\t<meta property=\"og:image:height\" content=\"118\" \/>\n\t\t<meta property=\"article:published_time\" content=\"2026-02-12T12:16:13+00:00\" \/>\n\t\t<meta property=\"article:modified_time\" content=\"2026-02-12T12:16:13+00:00\" \/>\n\t\t<meta property=\"article:publisher\" content=\"https:\/\/www.facebook.com\/DroiX.Store\" \/>\n\t\t<meta name=\"twitter:card\" content=\"summary_large_image\" \/>\n\t\t<meta name=\"twitter:site\" content=\"@DroiX_Store\" \/>\n\t\t<meta name=\"twitter:title\" content=\"\u26a1 ONEXPLAYER OneXFly Apex namjenski kabel \ud83d\udd0b za povezivanje baterije i ure\u0111aja\" \/>\n\t\t<meta name=\"twitter:description\" content=\"Otklju\u010daj beskona\u010dnu mo\u0107! \ud83c\udfae Nabavite ONEXPLAYER OneXFly Apex posve\u0107eni kabel za povezivanje baterije i ure\u0111aja za igranje s visokim TDP-om od 100W+. Izdr\u017eljiv, brz i spreman za putovanja. \ud83d\ude80 Kupujte odmah! \ud83d\uded2\" \/>\n\t\t<meta name=\"twitter:image\" content=\"https:\/\/droix.eu\/wp-content\/uploads\/2024\/06\/droix-v2-light-logo.png\" \/>\n\t\t<script type=\"application\/ld+json\" class=\"aioseo-schema\">\n\t\t\t{\"@context\":\"https:\\\/\\\/schema.org\",\"@graph\":[{\"@type\":\"BreadcrumbList\",\"@id\":\"https:\\\/\\\/droix.eu\\\/hr\\\/product\\\/onexplayer-apex-baterijski-kabel\\\/#breadcrumblist\",\"itemListElement\":[{\"@type\":\"ListItem\",\"@id\":\"https:\\\/\\\/droix.eu\\\/hr\\\/#listItem\",\"position\":1,\"name\":\"Home\",\"item\":\"https:\\\/\\\/droix.eu\\\/hr\\\/\",\"nextItem\":{\"@type\":\"ListItem\",\"@id\":\"https:\\\/\\\/droix.eu\\\/hr\\\/product-category\\\/pribor\\\/#listItem\",\"name\":\"Pribor\"}},{\"@type\":\"ListItem\",\"@id\":\"https:\\\/\\\/droix.eu\\\/hr\\\/product-category\\\/pribor\\\/#listItem\",\"position\":2,\"name\":\"Pribor\",\"item\":\"https:\\\/\\\/droix.eu\\\/hr\\\/product-category\\\/pribor\\\/\",\"nextItem\":{\"@type\":\"ListItem\",\"@id\":\"https:\\\/\\\/droix.eu\\\/hr\\\/product-category\\\/pribor\\\/dodaci-za-igre\\\/#listItem\",\"name\":\"Dodaci za igre\"},\"previousItem\":{\"@type\":\"ListItem\",\"@id\":\"https:\\\/\\\/droix.eu\\\/hr\\\/#listItem\",\"name\":\"Home\"}},{\"@type\":\"ListItem\",\"@id\":\"https:\\\/\\\/droix.eu\\\/hr\\\/product-category\\\/pribor\\\/dodaci-za-igre\\\/#listItem\",\"position\":3,\"name\":\"Dodaci za igre\",\"item\":\"https:\\\/\\\/droix.eu\\\/hr\\\/product-category\\\/pribor\\\/dodaci-za-igre\\\/\",\"nextItem\":{\"@type\":\"ListItem\",\"@id\":\"https:\\\/\\\/droix.eu\\\/hr\\\/product\\\/onexplayer-apex-baterijski-kabel\\\/#listItem\",\"name\":\"ONEXPLAYER APEX baterijski kabel\"},\"previousItem\":{\"@type\":\"ListItem\",\"@id\":\"https:\\\/\\\/droix.eu\\\/hr\\\/product-category\\\/pribor\\\/#listItem\",\"name\":\"Pribor\"}},{\"@type\":\"ListItem\",\"@id\":\"https:\\\/\\\/droix.eu\\\/hr\\\/product\\\/onexplayer-apex-baterijski-kabel\\\/#listItem\",\"position\":4,\"name\":\"ONEXPLAYER APEX baterijski kabel\",\"previousItem\":{\"@type\":\"ListItem\",\"@id\":\"https:\\\/\\\/droix.eu\\\/hr\\\/product-category\\\/pribor\\\/dodaci-za-igre\\\/#listItem\",\"name\":\"Dodaci za igre\"}}]},{\"@type\":\"Organization\",\"@id\":\"https:\\\/\\\/droix.eu\\\/hr\\\/#organization\",\"name\":\"DroiX \\u2013 Trusted EU Tech Retailer with 12+ Years Experience\",\"description\":\"DroiX is a leading European technology retailer with over 12 years of experience, offering quality mini PCs, handheld gaming consoles, and tech accessories. We provide hassle-free EU delivery with all taxes included, ensuring a smooth and reliable shopping experience for our customers across Europe.\",\"url\":\"https:\\\/\\\/droix.eu\\\/hr\\\/\",\"logo\":{\"@type\":\"ImageObject\",\"url\":\"https:\\\/\\\/droix.eu\\\/wp-content\\\/uploads\\\/2024\\\/06\\\/droix-v2-light-logo.png\",\"@id\":\"https:\\\/\\\/droix.eu\\\/hr\\\/product\\\/onexplayer-apex-baterijski-kabel\\\/#organizationLogo\",\"width\":380,\"height\":118},\"image\":{\"@id\":\"https:\\\/\\\/droix.eu\\\/hr\\\/product\\\/onexplayer-apex-baterijski-kabel\\\/#organizationLogo\"},\"sameAs\":[\"https:\\\/\\\/www.facebook.com\\\/DroiX.Store\",\"https:\\\/\\\/twitter.com\\\/DroiX_Store\",\"https:\\\/\\\/www.instagram.com\\\/droix.store\\\/\",\"https:\\\/\\\/www.tiktok.com\\\/@droix.store\",\"https:\\\/\\\/www.youtube.com\\\/c\\\/DroiX_Store\",\"https:\\\/\\\/uk.linkedin.com\\\/company\\\/droix\"]},{\"@type\":\"ProductGroup\",\"@id\":\"https:\\\/\\\/droix.eu\\\/hr\\\/product\\\/onexplayer-apex-baterijski-kabel\\\/#wooCommerceProduct\",\"name\":\"ONEXPLAYER APEX baterijski kabel\",\"description\":\"OneXPlayer Apex Power Link \\u2013 Klju\\u010dni kabel za povezivanje baterije s ure\\u0111ajem.\\n  Vlasni\\u010dki vi\\u0161epinski su\\u010delje \\u2013 Sigurna veza s niskim otporom za module od 85Wh.\\n  100W+ Power Delivery \\u2013 Podr\\u017eava zahtjeve za velikom snagom Apex serije.\\n  Modularni gaming dizajn \\u2013 Omogu\\u0107uje kori\\u0161tenje vanjske baterije za pobolj\\u0161anu ergonomiju.\\n  Oja\\u010dana izdr\\u017eljivost \\u2013 Izdr\\u017eljiva za\\u0161tita dizajnirana za \\u010desto za\\u010depljivanje i putovanja.\",\"url\":\"https:\\\/\\\/droix.eu\\\/hr\\\/product\\\/onexplayer-apex-baterijski-kabel\\\/\",\"image\":{\"@type\":\"ImageObject\",\"url\":\"https:\\\/\\\/droix.eu\\\/wp-content\\\/uploads\\\/2026\\\/02\\\/ONEXPLAYER-APEX-BATTERY-CABLE-LISTING-DONE-01.png\",\"@id\":\"https:\\\/\\\/droix.eu\\\/hr\\\/product\\\/onexplayer-apex-baterijski-kabel\\\/#productImage\",\"width\":2048,\"height\":2048},\"productGroupID\":709691,\"hasVariant\":[{\"@type\":\"Product\",\"@id\":\"https:\\\/\\\/droix.eu\\\/hr\\\/product\\\/onexplayer-apex-baterijski-kabel\\\/#wooCommerceProduct\",\"name\":\"ONEXPLAYER APEX baterijski kabel - new\",\"description\":\"OneXPlayer Apex Power Link \\u2013 Klju\\u010dni kabel za povezivanje baterije s ure\\u0111ajem.\\n  Vlasni\\u010dki vi\\u0161epinski su\\u010delje \\u2013 Sigurna veza s niskim otporom za module od 85Wh.\\n  100W+ Power Delivery \\u2013 Podr\\u017eava zahtjeve za velikom snagom Apex serije.\\n  Modularni gaming dizajn \\u2013 Omogu\\u0107uje kori\\u0161tenje vanjske baterije za pobolj\\u0161anu ergonomiju.\\n  Oja\\u010dana izdr\\u017eljivost \\u2013 Izdr\\u017eljiva za\\u0161tita dizajnirana za \\u010desto za\\u010depljivanje i putovanja.\",\"url\":\"https:\\\/\\\/droix.eu\\\/hr\\\/product\\\/onexplayer-apex-baterijski-kabel\\\/\",\"sku\":\"ONEXPLAYER-APEX-BATTERY-CABLE\",\"gtin\":\"5061077633534\",\"image\":{\"@type\":\"ImageObject\",\"url\":\"https:\\\/\\\/droix.eu\\\/wp-content\\\/uploads\\\/2026\\\/02\\\/ONEXPLAYER-APEX-BATTERY-CABLE-LISTING-DONE-01.png\",\"@id\":\"https:\\\/\\\/droix.eu\\\/hr\\\/product\\\/onexplayer-apex-baterijski-kabel\\\/#productImage\",\"width\":2048,\"height\":2048},\"offers\":{\"@type\":\"Offer\",\"url\":\"https:\\\/\\\/droix.eu\\\/hr\\\/product\\\/onexplayer-apex-baterijski-kabel\\\/#wooCommerceOffer\",\"price\":\"21.95\",\"priceCurrency\":\"EUR\",\"category\":\"Dodaci za igre\",\"availability\":\"https:\\\/\\\/schema.org\\\/InStock\",\"priceSpecification\":{\"@type\":\"PriceSpecification\",\"price\":21.95,\"priceCurrency\":\"EUR\",\"valueAddedTaxIncluded\":\"true\"}}}]},{\"@type\":\"WebPage\",\"@id\":\"https:\\\/\\\/droix.eu\\\/hr\\\/product\\\/onexplayer-apex-baterijski-kabel\\\/#webpage\",\"url\":\"https:\\\/\\\/droix.eu\\\/hr\\\/product\\\/onexplayer-apex-baterijski-kabel\\\/\",\"name\":\"\\u26a1 ONEXPLAYER OneXFly Apex namjenski kabel \\ud83d\\udd0b za povezivanje baterije i ure\\u0111aja\",\"description\":\"Otklju\\u010daj beskona\\u010dnu mo\\u0107! \\ud83c\\udfae Nabavite ONEXPLAYER OneXFly Apex posve\\u0107eni kabel za povezivanje baterije i ure\\u0111aja za igranje s visokim TDP-om od 100W+. Izdr\\u017eljiv, brz i spreman za putovanja. \\ud83d\\ude80 Kupujte odmah! \\ud83d\\uded2\",\"inLanguage\":\"hr\",\"isPartOf\":{\"@id\":\"https:\\\/\\\/droix.eu\\\/hr\\\/#website\"},\"breadcrumb\":{\"@id\":\"https:\\\/\\\/droix.eu\\\/hr\\\/product\\\/onexplayer-apex-baterijski-kabel\\\/#breadcrumblist\"},\"image\":{\"@type\":\"ImageObject\",\"url\":\"https:\\\/\\\/droix.eu\\\/wp-content\\\/uploads\\\/2026\\\/02\\\/ONEXPLAYER-APEX-BATTERY-CABLE-LISTING-DONE-01.png\",\"@id\":\"https:\\\/\\\/droix.eu\\\/hr\\\/product\\\/onexplayer-apex-baterijski-kabel\\\/#mainImage\",\"width\":2048,\"height\":2048},\"primaryImageOfPage\":{\"@id\":\"https:\\\/\\\/droix.eu\\\/hr\\\/product\\\/onexplayer-apex-baterijski-kabel\\\/#mainImage\"},\"datePublished\":\"2026-02-12T12:16:13+00:00\",\"dateModified\":\"2026-02-12T12:16:13+00:00\"},{\"@type\":\"WebSite\",\"@id\":\"https:\\\/\\\/droix.eu\\\/hr\\\/#website\",\"url\":\"https:\\\/\\\/droix.eu\\\/hr\\\/\",\"name\":\"DROIX EU\",\"description\":\"Get the latest Mini PCs, Ultrabook, PC Gaming Handhelds and more!\",\"inLanguage\":\"hr\",\"publisher\":{\"@id\":\"https:\\\/\\\/droix.eu\\\/hr\\\/#organization\"}}]}\n\t\t<\/script>\n\t\t<!-- All in One SEO Pro -->\r\n\t\t<title>\u26a1 ONEXPLAYER OneXFly Apex namjenski kabel \ud83d\udd0b za povezivanje baterije i ure\u0111aja<\/title>\n\n","aioseo_head_json":{"title":"\u26a1 ONEXPLAYER OneXFly Apex namjenski kabel \ud83d\udd0b za povezivanje baterije i ure\u0111aja","description":"Otklju\u010daj beskona\u010dnu mo\u0107! \ud83c\udfae Nabavite ONEXPLAYER OneXFly Apex posve\u0107eni kabel za povezivanje baterije i ure\u0111aja za igranje s visokim TDP-om od 100W+. Izdr\u017eljiv, brz i spreman za putovanja. \ud83d\ude80 Kupujte odmah! \ud83d\uded2","canonical_url":"https:\/\/droix.eu\/hr\/product\/onexplayer-apex-baterijski-kabel\/","robots":"max-image-preview:large","keywords":"","webmasterTools":{"miscellaneous":""},"schema":{"@context":"https:\/\/schema.org","@graph":[{"@type":"BreadcrumbList","@id":"https:\/\/droix.eu\/hr\/product\/onexplayer-apex-baterijski-kabel\/#breadcrumblist","itemListElement":[{"@type":"ListItem","@id":"https:\/\/droix.eu\/hr\/#listItem","position":1,"name":"Home","item":"https:\/\/droix.eu\/hr\/","nextItem":{"@type":"ListItem","@id":"https:\/\/droix.eu\/hr\/product-category\/pribor\/#listItem","name":"Pribor"}},{"@type":"ListItem","@id":"https:\/\/droix.eu\/hr\/product-category\/pribor\/#listItem","position":2,"name":"Pribor","item":"https:\/\/droix.eu\/hr\/product-category\/pribor\/","nextItem":{"@type":"ListItem","@id":"https:\/\/droix.eu\/hr\/product-category\/pribor\/dodaci-za-igre\/#listItem","name":"Dodaci za igre"},"previousItem":{"@type":"ListItem","@id":"https:\/\/droix.eu\/hr\/#listItem","name":"Home"}},{"@type":"ListItem","@id":"https:\/\/droix.eu\/hr\/product-category\/pribor\/dodaci-za-igre\/#listItem","position":3,"name":"Dodaci za igre","item":"https:\/\/droix.eu\/hr\/product-category\/pribor\/dodaci-za-igre\/","nextItem":{"@type":"ListItem","@id":"https:\/\/droix.eu\/hr\/product\/onexplayer-apex-baterijski-kabel\/#listItem","name":"ONEXPLAYER APEX baterijski kabel"},"previousItem":{"@type":"ListItem","@id":"https:\/\/droix.eu\/hr\/product-category\/pribor\/#listItem","name":"Pribor"}},{"@type":"ListItem","@id":"https:\/\/droix.eu\/hr\/product\/onexplayer-apex-baterijski-kabel\/#listItem","position":4,"name":"ONEXPLAYER APEX baterijski kabel","previousItem":{"@type":"ListItem","@id":"https:\/\/droix.eu\/hr\/product-category\/pribor\/dodaci-za-igre\/#listItem","name":"Dodaci za igre"}}]},{"@type":"Organization","@id":"https:\/\/droix.eu\/hr\/#organization","name":"DroiX \u2013 Trusted EU Tech Retailer with 12+ Years Experience","description":"DroiX is a leading European technology retailer with over 12 years of experience, offering quality mini PCs, handheld gaming consoles, and tech accessories. We provide hassle-free EU delivery with all taxes included, ensuring a smooth and reliable shopping experience for our customers across Europe.","url":"https:\/\/droix.eu\/hr\/","logo":{"@type":"ImageObject","url":"https:\/\/droix.eu\/wp-content\/uploads\/2024\/06\/droix-v2-light-logo.png","@id":"https:\/\/droix.eu\/hr\/product\/onexplayer-apex-baterijski-kabel\/#organizationLogo","width":380,"height":118},"image":{"@id":"https:\/\/droix.eu\/hr\/product\/onexplayer-apex-baterijski-kabel\/#organizationLogo"},"sameAs":["https:\/\/www.facebook.com\/DroiX.Store","https:\/\/twitter.com\/DroiX_Store","https:\/\/www.instagram.com\/droix.store\/","https:\/\/www.tiktok.com\/@droix.store","https:\/\/www.youtube.com\/c\/DroiX_Store","https:\/\/uk.linkedin.com\/company\/droix"]},{"@type":"ProductGroup","@id":"https:\/\/droix.eu\/hr\/product\/onexplayer-apex-baterijski-kabel\/#wooCommerceProduct","name":"ONEXPLAYER APEX baterijski kabel","description":"OneXPlayer Apex Power Link \u2013 Klju\u010dni kabel za povezivanje baterije s ure\u0111ajem.\n  Vlasni\u010dki vi\u0161epinski su\u010delje \u2013 Sigurna veza s niskim otporom za module od 85Wh.\n  100W+ Power Delivery \u2013 Podr\u017eava zahtjeve za velikom snagom Apex serije.\n  Modularni gaming dizajn \u2013 Omogu\u0107uje kori\u0161tenje vanjske baterije za pobolj\u0161anu ergonomiju.\n  Oja\u010dana izdr\u017eljivost \u2013 Izdr\u017eljiva za\u0161tita dizajnirana za \u010desto za\u010depljivanje i putovanja.","url":"https:\/\/droix.eu\/hr\/product\/onexplayer-apex-baterijski-kabel\/","image":{"@type":"ImageObject","url":"https:\/\/droix.eu\/wp-content\/uploads\/2026\/02\/ONEXPLAYER-APEX-BATTERY-CABLE-LISTING-DONE-01.png","@id":"https:\/\/droix.eu\/hr\/product\/onexplayer-apex-baterijski-kabel\/#productImage","width":2048,"height":2048},"productGroupID":709691,"hasVariant":[{"@type":"Product","@id":"https:\/\/droix.eu\/hr\/product\/onexplayer-apex-baterijski-kabel\/#wooCommerceProduct","name":"ONEXPLAYER APEX baterijski kabel - new","description":"OneXPlayer Apex Power Link \u2013 Klju\u010dni kabel za povezivanje baterije s ure\u0111ajem.\n  Vlasni\u010dki vi\u0161epinski su\u010delje \u2013 Sigurna veza s niskim otporom za module od 85Wh.\n  100W+ Power Delivery \u2013 Podr\u017eava zahtjeve za velikom snagom Apex serije.\n  Modularni gaming dizajn \u2013 Omogu\u0107uje kori\u0161tenje vanjske baterije za pobolj\u0161anu ergonomiju.\n  Oja\u010dana izdr\u017eljivost \u2013 Izdr\u017eljiva za\u0161tita dizajnirana za \u010desto za\u010depljivanje i putovanja.","url":"https:\/\/droix.eu\/hr\/product\/onexplayer-apex-baterijski-kabel\/","sku":"ONEXPLAYER-APEX-BATTERY-CABLE","gtin":"5061077633534","image":{"@type":"ImageObject","url":"https:\/\/droix.eu\/wp-content\/uploads\/2026\/02\/ONEXPLAYER-APEX-BATTERY-CABLE-LISTING-DONE-01.png","@id":"https:\/\/droix.eu\/hr\/product\/onexplayer-apex-baterijski-kabel\/#productImage","width":2048,"height":2048},"offers":{"@type":"Offer","url":"https:\/\/droix.eu\/hr\/product\/onexplayer-apex-baterijski-kabel\/#wooCommerceOffer","price":"21.95","priceCurrency":"EUR","category":"Dodaci za igre","availability":"https:\/\/schema.org\/InStock","priceSpecification":{"@type":"PriceSpecification","price":21.95,"priceCurrency":"EUR","valueAddedTaxIncluded":"true"}}}]},{"@type":"WebPage","@id":"https:\/\/droix.eu\/hr\/product\/onexplayer-apex-baterijski-kabel\/#webpage","url":"https:\/\/droix.eu\/hr\/product\/onexplayer-apex-baterijski-kabel\/","name":"\u26a1 ONEXPLAYER OneXFly Apex namjenski kabel \ud83d\udd0b za povezivanje baterije i ure\u0111aja","description":"Otklju\u010daj beskona\u010dnu mo\u0107! \ud83c\udfae Nabavite ONEXPLAYER OneXFly Apex posve\u0107eni kabel za povezivanje baterije i ure\u0111aja za igranje s visokim TDP-om od 100W+. Izdr\u017eljiv, brz i spreman za putovanja. \ud83d\ude80 Kupujte odmah! \ud83d\uded2","inLanguage":"hr","isPartOf":{"@id":"https:\/\/droix.eu\/hr\/#website"},"breadcrumb":{"@id":"https:\/\/droix.eu\/hr\/product\/onexplayer-apex-baterijski-kabel\/#breadcrumblist"},"image":{"@type":"ImageObject","url":"https:\/\/droix.eu\/wp-content\/uploads\/2026\/02\/ONEXPLAYER-APEX-BATTERY-CABLE-LISTING-DONE-01.png","@id":"https:\/\/droix.eu\/hr\/product\/onexplayer-apex-baterijski-kabel\/#mainImage","width":2048,"height":2048},"primaryImageOfPage":{"@id":"https:\/\/droix.eu\/hr\/product\/onexplayer-apex-baterijski-kabel\/#mainImage"},"datePublished":"2026-02-12T12:16:13+00:00","dateModified":"2026-02-12T12:16:13+00:00"},{"@type":"WebSite","@id":"https:\/\/droix.eu\/hr\/#website","url":"https:\/\/droix.eu\/hr\/","name":"DROIX EU","description":"Get the latest Mini PCs, Ultrabook, PC Gaming Handhelds and more!","inLanguage":"hr","publisher":{"@id":"https:\/\/droix.eu\/hr\/#organization"}}]},"og:locale":"hr_HR","og:site_name":"DROIX EU - Get the latest Mini PCs, Ultrabook, PC Gaming Handhelds and more!","og:type":"article","og:title":"\u26a1 ONEXPLAYER OneXFly Apex namjenski kabel \ud83d\udd0b za povezivanje baterije i ure\u0111aja","og:description":"Otklju\u010daj beskona\u010dnu mo\u0107! \ud83c\udfae Nabavite ONEXPLAYER OneXFly Apex posve\u0107eni kabel za povezivanje baterije i ure\u0111aja za igranje s visokim TDP-om od 100W+. Izdr\u017eljiv, brz i spreman za putovanja. \ud83d\ude80 Kupujte odmah! \ud83d\uded2","og:url":"https:\/\/droix.eu\/hr\/product\/onexplayer-apex-baterijski-kabel\/","og:image":"https:\/\/droix.eu\/wp-content\/uploads\/2024\/06\/droix-v2-light-logo.png","og:image:secure_url":"https:\/\/droix.eu\/wp-content\/uploads\/2024\/06\/droix-v2-light-logo.png","og:image:width":380,"og:image:height":118,"article:published_time":"2026-02-12T12:16:13+00:00","article:modified_time":"2026-02-12T12:16:13+00:00","article:publisher":"https:\/\/www.facebook.com\/DroiX.Store","twitter:card":"summary_large_image","twitter:site":"@DroiX_Store","twitter:title":"\u26a1 ONEXPLAYER OneXFly Apex namjenski kabel \ud83d\udd0b za povezivanje baterije i ure\u0111aja","twitter:description":"Otklju\u010daj beskona\u010dnu mo\u0107! \ud83c\udfae Nabavite ONEXPLAYER OneXFly Apex posve\u0107eni kabel za povezivanje baterije i ure\u0111aja za igranje s visokim TDP-om od 100W+. Izdr\u017eljiv, brz i spreman za putovanja. \ud83d\ude80 Kupujte odmah! \ud83d\uded2","twitter:image":"https:\/\/droix.eu\/wp-content\/uploads\/2024\/06\/droix-v2-light-logo.png"},"aioseo_meta_data":{"post_id":"709691","title":"\u26a1 ONEXPLAYER OneXFly Apex namjenski kabel \ud83d\udd0b za povezivanje baterije i ure\u0111aja","description":"Otklju\u010daj beskona\u010dnu mo\u0107! \ud83c\udfae Nabavite ONEXPLAYER OneXFly Apex posve\u0107eni kabel za povezivanje baterije i ure\u0111aja za igranje s visokim TDP-om od 100W+. Izdr\u017eljiv, brz i spreman za putovanja. \ud83d\ude80 Kupujte odmah! \ud83d\uded2","keywords":null,"keyphrases":{"focus":{"keyphrase":"ONEXPLAYER APEX Battery Cable","score":44,"analysis":{"keyphraseInTitle":{"score":3,"maxScore":9,"error":1},"keyphraseInDescription":{"score":3,"maxScore":9,"error":1},"keyphraseLength":{"score":9,"maxScore":9,"error":0,"length":4},"keyphraseInURL":{"score":5,"maxScore":5,"error":0},"keyphraseInIntroduction":{"score":3,"maxScore":9,"error":1},"keyphraseInSubHeadings":{"score":3,"maxScore":9,"error":1},"keyphraseInImageAlt":[],"keywordDensity":{"score":0,"type":"low","maxScore":9,"error":1}}},"additional":[]},"primary_term":{"product_cat":32},"canonical_url":null,"og_title":null,"og_description":null,"og_object_type":"default","og_image_type":"default","og_image_url":null,"og_image_width":null,"og_image_height":null,"og_image_custom_url":null,"og_image_custom_fields":null,"og_video":"","og_custom_url":null,"og_article_section":null,"og_article_tags":null,"twitter_use_og":true,"twitter_card":"default","twitter_image_type":"default","twitter_image_url":null,"twitter_image_custom_url":null,"twitter_image_custom_fields":null,"twitter_title":null,"twitter_description":null,"schema":{"blockGraphs":[],"customGraphs":[],"default":{"data":{"Article":[],"Course":[],"Dataset":[],"FAQPage":[],"Movie":[],"Person":[],"Product":[],"ProductReview":[],"Car":[],"Recipe":[],"Service":[],"SoftwareApplication":[],"WebPage":[]},"graphName":"Product","isEnabled":true},"graphs":[]},"schema_type":"default","schema_type_options":null,"pillar_content":false,"robots_default":true,"robots_noindex":false,"robots_noarchive":false,"robots_nosnippet":false,"robots_nofollow":false,"robots_noimageindex":false,"robots_noodp":false,"robots_notranslate":false,"robots_max_snippet":"-1","robots_max_videopreview":"-1","robots_max_imagepreview":"large","priority":null,"frequency":"default","local_seo":null,"seo_analyzer_scan_date":null,"breadcrumb_settings":null,"limit_modified_date":false,"reviewed_by":null,"open_ai":null,"ai":{"faqs":[],"keyPoints":[],"titles":[],"descriptions":[],"socialPosts":{"email":[],"linkedin":[],"twitter":[],"facebook":[],"instagram":[]}},"created":"2026-03-10 11:09:54","updated":"2026-03-10 11:09:57"},"aioseo_breadcrumb":"<div class=\"aioseo-breadcrumbs\"><span class=\"aioseo-breadcrumb\">\n\t<a href=\"https:\/\/droix.eu\/hr\/\" title=\"Home\">Home<\/a>\n<\/span><span class=\"aioseo-breadcrumb-separator\">&raquo;<\/span><span class=\"aioseo-breadcrumb\">\n\t<a href=\"https:\/\/droix.eu\/hr\/product-category\/pribor\/\" title=\"Pribor\">Pribor<\/a>\n<\/span><span class=\"aioseo-breadcrumb-separator\">&raquo;<\/span><span class=\"aioseo-breadcrumb\">\n\t<a href=\"https:\/\/droix.eu\/hr\/product-category\/pribor\/dodaci-za-igre\/\" title=\"Dodaci za igre\">Dodaci za igre<\/a>\n<\/span><span class=\"aioseo-breadcrumb-separator\">&raquo;<\/span><span class=\"aioseo-breadcrumb\">\n\tONEXPLAYER APEX baterijski kabel\n<\/span><\/div>","aioseo_breadcrumb_json":[{"label":"Home","link":"https:\/\/droix.eu\/hr\/"},{"label":"Pribor","link":"https:\/\/droix.eu\/hr\/product-category\/pribor\/"},{"label":"Dodaci za igre","link":"https:\/\/droix.eu\/hr\/product-category\/pribor\/dodaci-za-igre\/"},{"label":"ONEXPLAYER APEX baterijski kabel","link":"https:\/\/droix.eu\/hr\/product\/onexplayer-apex-baterijski-kabel\/"}],"_links":{"self":[{"href":"https:\/\/droix.eu\/hr\/wp-json\/wp\/v2\/product\/709691","targetHints":{"allow":["GET"]}}],"collection":[{"href":"https:\/\/droix.eu\/hr\/wp-json\/wp\/v2\/product"}],"about":[{"href":"https:\/\/droix.eu\/hr\/wp-json\/wp\/v2\/types\/product"}],"version-history":[{"count":0,"href":"https:\/\/droix.eu\/hr\/wp-json\/wp\/v2\/product\/709691\/revisions"}],"wp:featuredmedia":[{"embeddable":true,"href":"https:\/\/droix.eu\/hr\/wp-json\/wp\/v2\/media\/709706"}],"wp:attachment":[{"href":"https:\/\/droix.eu\/hr\/wp-json\/wp\/v2\/media?parent=709691"}],"wp:term":[{"taxonomy":"product_brand","embeddable":true,"href":"https:\/\/droix.eu\/hr\/wp-json\/wp\/v2\/product_brand?post=709691"},{"taxonomy":"product_cat","embeddable":true,"href":"https:\/\/droix.eu\/hr\/wp-json\/wp\/v2\/product_cat?post=709691"},{"taxonomy":"product_tag","embeddable":true,"href":"https:\/\/droix.eu\/hr\/wp-json\/wp\/v2\/product_tag?post=709691"},{"taxonomy":"woo-feed-brand","embeddable":true,"href":"https:\/\/droix.eu\/hr\/wp-json\/wp\/v2\/woo-feed-brand?post=709691"},{"taxonomy":"key-features","embeddable":true,"href":"https:\/\/droix.eu\/hr\/wp-json\/wp\/v2\/key-features?post=709691"}],"curies":[{"name":"wp","href":"https:\/\/api.w.org\/{rel}","templated":true}]}}