{"id":707123,"date":"2026-01-22T10:05:02","date_gmt":"2026-01-22T10:05:02","guid":{"rendered":"https:\/\/droix.eu\/product\/biwin-rd510-mini-ssd-citac\/"},"modified":"2026-04-09T23:30:22","modified_gmt":"2026-04-09T22:30:22","slug":"biwin-rd510-mini-ssd-citac","status":"publish","type":"product","link":"https:\/\/droix.eu\/hr\/product\/biwin-rd510-mini-ssd-citac\/","title":{"rendered":"Biwin RD510 Mini SSD \u010dita\u010d"},"content":{"rendered":"\n<h2 class=\"wp-block-heading\">Biwin Mini SSD \u010dita\u010d: Ultimativno USB 4.0 rje\u0161enje za pohranu za profesionalce<\/h2>\n\n<p><strong>Biwin RD510 Mini SSD Reader<\/strong> predstavlja proboj u tehnologiji prijenosne pohrane. Ovaj visokoperformansni \u010dita\u010d prvi je takve vrste, posebno dizajniran za ultra-kompaktni &#8220;Mini SSD&#8221; format. Ovi mali diskovi, dimenzija samo 15,0 mm \u00d7 17,0 mm \u00d7 1,4 mm, zahtijevaju precizno ku\u0107i\u0161te da bi funkcionirali na vrhuncu. <sup>2<\/sup> Budu\u0107i da je ovo <strong>biwin<\/strong> SSD rje\u0161enje prilago\u0111eno za tako male dimenzije, nudi razinu prenosivosti koja do sada nije vi\u0111ena na tr\u017ei\u0161tu profesionalnog hardvera.  <\/p>\n\n<h2 class=\"wp-block-heading\">Izuzetno brze brzine s Biwin RD510 Mini SSD \u010dita\u010dem<\/h2>\n\n<p>Performanse su ono gdje ovaj <strong>biwinn mini SSD \u010dita\u010d<\/strong> zaista blista. Koristi napredni USB 4.0 protokol za postizanje zapanjuju\u0107ih brzina prijenosa podataka do 40 Gbps<sup>.<\/sup> Posljedi\u010dno, <strong>Biwin RD510 Mini SSD \u010dita\u010d<\/strong> posti\u017ee sekvencijalne brzine \u010ditanja od 3300 MB\/s i brzinu pisanja od 3000 MB\/<sup>s. Ove<\/sup> brojke savr\u0161eno odgovaraju korisnicima koji \u010desto rukuju 8K video datotekama ili velikim softverskim repozitorijima. <\/p>\n\n<p>Nadalje, <strong>Biwin SSD upravlja\u010dka<\/strong> arhitektura optimizirana je za moderne operativne sustave kako bi se osigurala jednostavnost plug-and-playa. Vidjet \u0107ete da se velike sigurnosne kopije podataka obavljaju u sekundama, a ne minutama. Budu\u0107i da je su\u010delje vrlo u\u010dinkovito, latencija se odr\u017eava na apsolutnom minimumu tijekom intenzivnih profesionalnih primjena.  <\/p>\n\n<h2 class=\"wp-block-heading\">Aktivno hla\u0111enje za odr\u017eive performanse Biwin SSD-a<\/h2>\n\n<p>Odr\u017eavanje visokih brzina \u010desto dovodi do termalnih izazova. Stoga je <strong>Biwin RD510 Mini SSD Reader<\/strong> opremljen ugra\u0111enim ventilatorom za hla\u0111enje za aktivno upravljanje toplinom. Ovo termalno rje\u0161enje sprje\u010dava padove performansi povezane s pregrijavanjem. Posljedi\u010dno, va\u0161 <strong>biwin SSD<\/strong> \u0107e zadr\u017eati maksimalnu brzinu \u010dak i tijekom jednosatnih migracija podataka.   <\/p>\n\n<p>Robusna konstrukcija <strong>Biwin RD510 Mini SSD \u010dita\u010da<\/strong> osigurava da mo\u017ee pre\u017eivjeti svakodnevna putovanja. Iako vanjski izgled izgleda elegantno i profesionalno, unutarnje komponente su za\u0161ti\u0107ene od fizi\u010dkih udaraca. Prioritet je stabilan i neprekidan rad, \u0161to na kraju poma\u017ee produ\u017eiti vijek trajanja va\u0161eg medija za pohranu.  <\/p>\n\n<h2 class=\"wp-block-heading\">Vi\u0161eplatformska povezanost za Biwinn Mini SSD \u010dita\u010d<\/h2>\n\n<p>Svestranost je temeljna snaga ovog <strong>biwinn mini ssd \u010dita\u010da<\/strong>. Dolazi s visokokvalitetnim USB 4.0 Type-C na Type-C kabelom koji otklju\u010dava puni potencijal va\u0161eg hardvera. <sup>5<\/sup> To osigurava da <strong>je Biwin RD510 Mini SSD \u010dita\u010d<\/strong> kompatibilan s velikim brojem suvremenih ekosustava. <\/p>\n\n<figure class=\"wp-block-table\"><table class=\"has-fixed-layout\"><thead><tr><td><strong>Kategorija sustava<\/strong><\/td><td><strong>Podr\u017eane platforme<\/strong><\/td><\/tr><\/thead><tbody><tr><td><strong>Ra\u010dunala<\/strong><\/td><td>Windows 10\/11, macOS 11.0+<\/td><\/tr><tr><td><strong>Mobilni<\/strong><\/td><td>iOS 17.0+, Android 11.0+<\/td><\/tr><tr><td><strong>Igre<\/strong><\/td><td>PlayStation 5 (System 08+)<\/td><\/tr><tr><td><strong>Operativni sustavi<\/strong><\/td><td>HyperOS 1.0+, HarmonyOS 3.0+<\/td><\/tr><\/tbody><\/table><\/figure>\n","protected":false},"excerpt":{"rendered":"<ul>\n<li><strong>Biwin RD510<\/strong> USB 4.0 Mini SSD \u010dita\u010d<\/li>\n<li><strong>USB 4.0 su\u010delje<\/strong> \u2013 Brzi prijenos podataka do 40Gbps<\/li>\n<li><strong>3300MB\/s \u010ditanja i 3000MB\/s pisanja<\/strong> \u2013 optimizirano za 8K video i velike datoteke<\/li>\n<li><strong>Aktivni sustav hla\u0111enja<\/strong> \u2013 Ugra\u0111eni ventilator za odr\u017eive vrhunske performanse<\/li>\n<li><strong>Ultra-prijenosni dizajn<\/strong> \u2013 Posebno dizajniran za Mini SSD format<\/li>\n<\/ul>\n[droix_global_accordions]\n[cg_accordion title=\"Paket uklju\u010duje\"]<\/p>\n<ul>\n<li>1x Biwin RD510 Mini SSD \u010dita\u010d<\/li>\n<\/ul>\n<p>[\/cg_accordion]\n","protected":false},"featured_media":707156,"template":"","meta":{"_acf_changed":false},"product_brand":[],"product_cat":[45890,45880,45888,45889],"product_tag":[],"woo-feed-brand":[],"key-features":[],"class_list":{"0":"post-707123","1":"product","2":"type-product","3":"status-publish","4":"has-post-thumbnail","6":"product_cat-dodaci-za-igre","7":"product_cat-pribor","8":"product_cat-pribor-za-prijenosna-racunala","9":"product_cat-racunalni-pribor","10":"product_shipping_class-low-end","11":"pa_brands-biwin","12":"pa_i-o-usb-1x-usb-4-0-type-c-40-gb-s-hr","13":"pa_operating-system-macos","14":"pa_operating-system-windows-10-home","15":"pa_operating-system-windows-11-hr","16":"pa_storage-expansion-1x-mini-ssd-utor-za-karticu-prazan","18":"first","19":"outofstock","20":"sale","21":"taxable","22":"shipping-taxable","23":"purchasable","24":"product-type-simple"},"acf":[],"aioseo_notices":[],"aioseo_head":"\n\t\t<!-- All in One SEO Pro 4.9.6.2 - aioseo.com -->\n\t<meta name=\"description\" content=\"Pobolj\u0161ajte svoj radni tijek s Biwin RD510! \ud83d\ude80 Iskusite brzine od 3300MB\/s i USB 4.0 napajanje. Ima ugra\u0111eni ventilator za hla\u0111enje za maksimalnu stabilnost. Kupujte odmah! \ud83d\udcbb\" \/>\n\t<meta name=\"robots\" content=\"max-image-preview:large\" \/>\n\t<link rel=\"canonical\" href=\"https:\/\/droix.eu\/hr\/product\/biwin-rd510-mini-ssd-citac\/\" \/>\n\t<meta name=\"generator\" content=\"All in One SEO Pro (AIOSEO) 4.9.6.2\" \/>\n\t\t<meta property=\"og:locale\" content=\"hr_HR\" \/>\n\t\t<meta property=\"og:site_name\" content=\"DROIX EU - Get the latest Mini PCs, Ultrabook, PC Gaming Handhelds and more!\" \/>\n\t\t<meta property=\"og:type\" content=\"article\" \/>\n\t\t<meta property=\"og:title\" content=\"Biwin RD510 Mini SSD \u010dita\u010d | 40Gbps USB 4.0 \u26a1\" \/>\n\t\t<meta property=\"og:description\" content=\"Pobolj\u0161ajte svoj radni tijek s Biwin RD510! \ud83d\ude80 Iskusite brzine od 3300MB\/s i USB 4.0 napajanje. Ima ugra\u0111eni ventilator za hla\u0111enje za maksimalnu stabilnost. Kupujte odmah! \ud83d\udcbb\" \/>\n\t\t<meta property=\"og:url\" content=\"https:\/\/droix.eu\/hr\/product\/biwin-rd510-mini-ssd-citac\/\" \/>\n\t\t<meta property=\"og:image\" content=\"https:\/\/droix.eu\/wp-content\/uploads\/2024\/06\/droix-v2-light-logo.png\" \/>\n\t\t<meta property=\"og:image:secure_url\" content=\"https:\/\/droix.eu\/wp-content\/uploads\/2024\/06\/droix-v2-light-logo.png\" \/>\n\t\t<meta property=\"og:image:width\" content=\"380\" \/>\n\t\t<meta property=\"og:image:height\" content=\"118\" \/>\n\t\t<meta property=\"article:published_time\" content=\"2026-01-22T10:05:02+00:00\" \/>\n\t\t<meta property=\"article:modified_time\" content=\"2026-04-09T22:30:22+00:00\" \/>\n\t\t<meta property=\"article:publisher\" content=\"https:\/\/www.facebook.com\/DroiX.Store\" \/>\n\t\t<meta name=\"twitter:card\" content=\"summary_large_image\" \/>\n\t\t<meta name=\"twitter:site\" content=\"@DroiX_Store\" \/>\n\t\t<meta name=\"twitter:title\" content=\"Biwin RD510 Mini SSD \u010dita\u010d | 40Gbps USB 4.0 \u26a1\" \/>\n\t\t<meta name=\"twitter:description\" content=\"Pobolj\u0161ajte svoj radni tijek s Biwin RD510! \ud83d\ude80 Iskusite brzine od 3300MB\/s i USB 4.0 napajanje. Ima ugra\u0111eni ventilator za hla\u0111enje za maksimalnu stabilnost. Kupujte odmah! \ud83d\udcbb\" \/>\n\t\t<meta name=\"twitter:image\" content=\"https:\/\/droix.eu\/wp-content\/uploads\/2024\/06\/droix-v2-light-logo.png\" \/>\n\t\t<script type=\"application\/ld+json\" class=\"aioseo-schema\">\n\t\t\t{\"@context\":\"https:\\\/\\\/schema.org\",\"@graph\":[{\"@type\":\"BreadcrumbList\",\"@id\":\"https:\\\/\\\/droix.eu\\\/hr\\\/product\\\/biwin-rd510-mini-ssd-citac\\\/#breadcrumblist\",\"itemListElement\":[{\"@type\":\"ListItem\",\"@id\":\"https:\\\/\\\/droix.eu\\\/hr\\\/#listItem\",\"position\":1,\"name\":\"Home\",\"item\":\"https:\\\/\\\/droix.eu\\\/hr\\\/\",\"nextItem\":{\"@type\":\"ListItem\",\"@id\":\"https:\\\/\\\/droix.eu\\\/hr\\\/product-category\\\/pribor\\\/#listItem\",\"name\":\"Pribor\"}},{\"@type\":\"ListItem\",\"@id\":\"https:\\\/\\\/droix.eu\\\/hr\\\/product-category\\\/pribor\\\/#listItem\",\"position\":2,\"name\":\"Pribor\",\"item\":\"https:\\\/\\\/droix.eu\\\/hr\\\/product-category\\\/pribor\\\/\",\"nextItem\":{\"@type\":\"ListItem\",\"@id\":\"https:\\\/\\\/droix.eu\\\/hr\\\/product-category\\\/pribor\\\/pribor-za-prijenosna-racunala\\\/#listItem\",\"name\":\"Pribor za prijenosna ra\\u010dunala\"},\"previousItem\":{\"@type\":\"ListItem\",\"@id\":\"https:\\\/\\\/droix.eu\\\/hr\\\/#listItem\",\"name\":\"Home\"}},{\"@type\":\"ListItem\",\"@id\":\"https:\\\/\\\/droix.eu\\\/hr\\\/product-category\\\/pribor\\\/pribor-za-prijenosna-racunala\\\/#listItem\",\"position\":3,\"name\":\"Pribor za prijenosna ra\\u010dunala\",\"item\":\"https:\\\/\\\/droix.eu\\\/hr\\\/product-category\\\/pribor\\\/pribor-za-prijenosna-racunala\\\/\",\"nextItem\":{\"@type\":\"ListItem\",\"@id\":\"https:\\\/\\\/droix.eu\\\/hr\\\/product\\\/biwin-rd510-mini-ssd-citac\\\/#listItem\",\"name\":\"Biwin RD510 Mini SSD \\u010dita\\u010d\"},\"previousItem\":{\"@type\":\"ListItem\",\"@id\":\"https:\\\/\\\/droix.eu\\\/hr\\\/product-category\\\/pribor\\\/#listItem\",\"name\":\"Pribor\"}},{\"@type\":\"ListItem\",\"@id\":\"https:\\\/\\\/droix.eu\\\/hr\\\/product\\\/biwin-rd510-mini-ssd-citac\\\/#listItem\",\"position\":4,\"name\":\"Biwin RD510 Mini SSD \\u010dita\\u010d\",\"previousItem\":{\"@type\":\"ListItem\",\"@id\":\"https:\\\/\\\/droix.eu\\\/hr\\\/product-category\\\/pribor\\\/pribor-za-prijenosna-racunala\\\/#listItem\",\"name\":\"Pribor za prijenosna ra\\u010dunala\"}}]},{\"@type\":\"Organization\",\"@id\":\"https:\\\/\\\/droix.eu\\\/hr\\\/#organization\",\"name\":\"DroiX \\u2013 Trusted EU Tech Retailer with 12+ Years Experience\",\"description\":\"DroiX is a leading European technology retailer with over 12 years of experience, offering quality mini PCs, handheld gaming consoles, and tech accessories. We provide hassle-free EU delivery with all taxes included, ensuring a smooth and reliable shopping experience for our customers across Europe.\",\"url\":\"https:\\\/\\\/droix.eu\\\/hr\\\/\",\"logo\":{\"@type\":\"ImageObject\",\"url\":\"https:\\\/\\\/droix.eu\\\/wp-content\\\/uploads\\\/2024\\\/06\\\/droix-v2-light-logo.png\",\"@id\":\"https:\\\/\\\/droix.eu\\\/hr\\\/product\\\/biwin-rd510-mini-ssd-citac\\\/#organizationLogo\",\"width\":380,\"height\":118},\"image\":{\"@id\":\"https:\\\/\\\/droix.eu\\\/hr\\\/product\\\/biwin-rd510-mini-ssd-citac\\\/#organizationLogo\"},\"sameAs\":[\"https:\\\/\\\/www.facebook.com\\\/DroiX.Store\",\"https:\\\/\\\/twitter.com\\\/DroiX_Store\",\"https:\\\/\\\/www.instagram.com\\\/droix.store\\\/\",\"https:\\\/\\\/www.tiktok.com\\\/@droix.store\",\"https:\\\/\\\/www.youtube.com\\\/c\\\/DroiX_Store\",\"https:\\\/\\\/uk.linkedin.com\\\/company\\\/droix\"]},{\"@type\":\"Product\",\"@id\":\"https:\\\/\\\/droix.eu\\\/hr\\\/product\\\/biwin-rd510-mini-ssd-citac\\\/#wooCommerceProduct\",\"name\":\"Biwin RD510 Mini SSD \\u010dita\\u010d\",\"description\":\"Biwin RD510 USB 4.0 Mini SSD \\u010dita\\u010d\\n\\tUSB 4.0 su\\u010delje \\u2013 Brzi prijenos podataka do 40Gbps\\n\\t3300MB\\\/s \\u010ditanja i 3000MB\\\/s pisanja \\u2013 optimizirano za 8K video i velike datoteke\\n\\tAktivni sustav hla\\u0111enja \\u2013 Ugra\\u0111eni ventilator za odr\\u017eive vrhunske performanse\\n\\tUltra-prijenosni dizajn \\u2013 Posebno dizajniran za Mini SSD format\",\"url\":\"https:\\\/\\\/droix.eu\\\/hr\\\/product\\\/biwin-rd510-mini-ssd-citac\\\/\",\"sku\":\"BIWIN-MINI-SSD-READER\",\"gtin\":\"5061077633268\",\"image\":{\"@type\":\"ImageObject\",\"url\":\"https:\\\/\\\/droix.eu\\\/wp-content\\\/uploads\\\/2026\\\/01\\\/BIWIN-MINI-SSD-LISTING-DONE-01.png\",\"@id\":\"https:\\\/\\\/droix.eu\\\/hr\\\/product\\\/biwin-rd510-mini-ssd-citac\\\/#productImage\",\"width\":1500,\"height\":1500},\"offers\":{\"@type\":\"Offer\",\"url\":\"https:\\\/\\\/droix.eu\\\/hr\\\/product\\\/biwin-rd510-mini-ssd-citac\\\/#wooCommerceOffer\",\"price\":58.98,\"priceCurrency\":\"EUR\",\"category\":\"Dodaci za igre\",\"availability\":\"https:\\\/\\\/schema.org\\\/OutOfStock\",\"priceSpecification\":{\"@type\":\"PriceSpecification\",\"price\":58.98,\"priceCurrency\":\"EUR\",\"valueAddedTaxIncluded\":\"true\"},\"seller\":{\"@type\":\"Organization\",\"@id\":\"https:\\\/\\\/droix.eu\\\/hr\\\/#organization\"}}},{\"@type\":\"WebPage\",\"@id\":\"https:\\\/\\\/droix.eu\\\/hr\\\/product\\\/biwin-rd510-mini-ssd-citac\\\/#webpage\",\"url\":\"https:\\\/\\\/droix.eu\\\/hr\\\/product\\\/biwin-rd510-mini-ssd-citac\\\/\",\"name\":\"Biwin RD510 Mini SSD \\u010dita\\u010d | 40Gbps USB 4.0 \\u26a1\",\"description\":\"Pobolj\\u0161ajte svoj radni tijek s Biwin RD510! \\ud83d\\ude80 Iskusite brzine od 3300MB\\\/s i USB 4.0 napajanje. Ima ugra\\u0111eni ventilator za hla\\u0111enje za maksimalnu stabilnost. Kupujte odmah! \\ud83d\\udcbb\",\"inLanguage\":\"hr\",\"isPartOf\":{\"@id\":\"https:\\\/\\\/droix.eu\\\/hr\\\/#website\"},\"breadcrumb\":{\"@id\":\"https:\\\/\\\/droix.eu\\\/hr\\\/product\\\/biwin-rd510-mini-ssd-citac\\\/#breadcrumblist\"},\"image\":{\"@type\":\"ImageObject\",\"url\":\"https:\\\/\\\/droix.eu\\\/wp-content\\\/uploads\\\/2026\\\/01\\\/BIWIN-MINI-SSD-LISTING-DONE-01.png\",\"@id\":\"https:\\\/\\\/droix.eu\\\/hr\\\/product\\\/biwin-rd510-mini-ssd-citac\\\/#mainImage\",\"width\":1500,\"height\":1500},\"primaryImageOfPage\":{\"@id\":\"https:\\\/\\\/droix.eu\\\/hr\\\/product\\\/biwin-rd510-mini-ssd-citac\\\/#mainImage\"},\"datePublished\":\"2026-01-22T10:05:02+00:00\",\"dateModified\":\"2026-04-09T23:30:22+01:00\"},{\"@type\":\"WebSite\",\"@id\":\"https:\\\/\\\/droix.eu\\\/hr\\\/#website\",\"url\":\"https:\\\/\\\/droix.eu\\\/hr\\\/\",\"name\":\"DROIX EU\",\"description\":\"Get the latest Mini PCs, Ultrabook, PC Gaming Handhelds and more!\",\"inLanguage\":\"hr\",\"publisher\":{\"@id\":\"https:\\\/\\\/droix.eu\\\/hr\\\/#organization\"}}]}\n\t\t<\/script>\n\t\t<!-- All in One SEO Pro -->\r\n\t\t<title>Biwin RD510 Mini SSD \u010dita\u010d | 40Gbps USB 4.0 \u26a1<\/title>\n\n","aioseo_head_json":{"title":"Biwin RD510 Mini SSD \u010dita\u010d | 40Gbps USB 4.0 \u26a1","description":"Pobolj\u0161ajte svoj radni tijek s Biwin RD510! \ud83d\ude80 Iskusite brzine od 3300MB\/s i USB 4.0 napajanje. Ima ugra\u0111eni ventilator za hla\u0111enje za maksimalnu stabilnost. Kupujte odmah! \ud83d\udcbb","canonical_url":"https:\/\/droix.eu\/hr\/product\/biwin-rd510-mini-ssd-citac\/","robots":"max-image-preview:large","keywords":"","webmasterTools":{"miscellaneous":""},"schema":{"@context":"https:\/\/schema.org","@graph":[{"@type":"BreadcrumbList","@id":"https:\/\/droix.eu\/hr\/product\/biwin-rd510-mini-ssd-citac\/#breadcrumblist","itemListElement":[{"@type":"ListItem","@id":"https:\/\/droix.eu\/hr\/#listItem","position":1,"name":"Home","item":"https:\/\/droix.eu\/hr\/","nextItem":{"@type":"ListItem","@id":"https:\/\/droix.eu\/hr\/product-category\/pribor\/#listItem","name":"Pribor"}},{"@type":"ListItem","@id":"https:\/\/droix.eu\/hr\/product-category\/pribor\/#listItem","position":2,"name":"Pribor","item":"https:\/\/droix.eu\/hr\/product-category\/pribor\/","nextItem":{"@type":"ListItem","@id":"https:\/\/droix.eu\/hr\/product-category\/pribor\/pribor-za-prijenosna-racunala\/#listItem","name":"Pribor za prijenosna ra\u010dunala"},"previousItem":{"@type":"ListItem","@id":"https:\/\/droix.eu\/hr\/#listItem","name":"Home"}},{"@type":"ListItem","@id":"https:\/\/droix.eu\/hr\/product-category\/pribor\/pribor-za-prijenosna-racunala\/#listItem","position":3,"name":"Pribor za prijenosna ra\u010dunala","item":"https:\/\/droix.eu\/hr\/product-category\/pribor\/pribor-za-prijenosna-racunala\/","nextItem":{"@type":"ListItem","@id":"https:\/\/droix.eu\/hr\/product\/biwin-rd510-mini-ssd-citac\/#listItem","name":"Biwin RD510 Mini SSD \u010dita\u010d"},"previousItem":{"@type":"ListItem","@id":"https:\/\/droix.eu\/hr\/product-category\/pribor\/#listItem","name":"Pribor"}},{"@type":"ListItem","@id":"https:\/\/droix.eu\/hr\/product\/biwin-rd510-mini-ssd-citac\/#listItem","position":4,"name":"Biwin RD510 Mini SSD \u010dita\u010d","previousItem":{"@type":"ListItem","@id":"https:\/\/droix.eu\/hr\/product-category\/pribor\/pribor-za-prijenosna-racunala\/#listItem","name":"Pribor za prijenosna ra\u010dunala"}}]},{"@type":"Organization","@id":"https:\/\/droix.eu\/hr\/#organization","name":"DroiX \u2013 Trusted EU Tech Retailer with 12+ Years Experience","description":"DroiX is a leading European technology retailer with over 12 years of experience, offering quality mini PCs, handheld gaming consoles, and tech accessories. We provide hassle-free EU delivery with all taxes included, ensuring a smooth and reliable shopping experience for our customers across Europe.","url":"https:\/\/droix.eu\/hr\/","logo":{"@type":"ImageObject","url":"https:\/\/droix.eu\/wp-content\/uploads\/2024\/06\/droix-v2-light-logo.png","@id":"https:\/\/droix.eu\/hr\/product\/biwin-rd510-mini-ssd-citac\/#organizationLogo","width":380,"height":118},"image":{"@id":"https:\/\/droix.eu\/hr\/product\/biwin-rd510-mini-ssd-citac\/#organizationLogo"},"sameAs":["https:\/\/www.facebook.com\/DroiX.Store","https:\/\/twitter.com\/DroiX_Store","https:\/\/www.instagram.com\/droix.store\/","https:\/\/www.tiktok.com\/@droix.store","https:\/\/www.youtube.com\/c\/DroiX_Store","https:\/\/uk.linkedin.com\/company\/droix"]},{"@type":"Product","@id":"https:\/\/droix.eu\/hr\/product\/biwin-rd510-mini-ssd-citac\/#wooCommerceProduct","name":"Biwin RD510 Mini SSD \u010dita\u010d","description":"Biwin RD510 USB 4.0 Mini SSD \u010dita\u010d\n\tUSB 4.0 su\u010delje \u2013 Brzi prijenos podataka do 40Gbps\n\t3300MB\/s \u010ditanja i 3000MB\/s pisanja \u2013 optimizirano za 8K video i velike datoteke\n\tAktivni sustav hla\u0111enja \u2013 Ugra\u0111eni ventilator za odr\u017eive vrhunske performanse\n\tUltra-prijenosni dizajn \u2013 Posebno dizajniran za Mini SSD format","url":"https:\/\/droix.eu\/hr\/product\/biwin-rd510-mini-ssd-citac\/","sku":"BIWIN-MINI-SSD-READER","gtin":"5061077633268","image":{"@type":"ImageObject","url":"https:\/\/droix.eu\/wp-content\/uploads\/2026\/01\/BIWIN-MINI-SSD-LISTING-DONE-01.png","@id":"https:\/\/droix.eu\/hr\/product\/biwin-rd510-mini-ssd-citac\/#productImage","width":1500,"height":1500},"offers":{"@type":"Offer","url":"https:\/\/droix.eu\/hr\/product\/biwin-rd510-mini-ssd-citac\/#wooCommerceOffer","price":58.98,"priceCurrency":"EUR","category":"Dodaci za igre","availability":"https:\/\/schema.org\/OutOfStock","priceSpecification":{"@type":"PriceSpecification","price":58.98,"priceCurrency":"EUR","valueAddedTaxIncluded":"true"},"seller":{"@type":"Organization","@id":"https:\/\/droix.eu\/hr\/#organization"}}},{"@type":"WebPage","@id":"https:\/\/droix.eu\/hr\/product\/biwin-rd510-mini-ssd-citac\/#webpage","url":"https:\/\/droix.eu\/hr\/product\/biwin-rd510-mini-ssd-citac\/","name":"Biwin RD510 Mini SSD \u010dita\u010d | 40Gbps USB 4.0 \u26a1","description":"Pobolj\u0161ajte svoj radni tijek s Biwin RD510! \ud83d\ude80 Iskusite brzine od 3300MB\/s i USB 4.0 napajanje. Ima ugra\u0111eni ventilator za hla\u0111enje za maksimalnu stabilnost. Kupujte odmah! \ud83d\udcbb","inLanguage":"hr","isPartOf":{"@id":"https:\/\/droix.eu\/hr\/#website"},"breadcrumb":{"@id":"https:\/\/droix.eu\/hr\/product\/biwin-rd510-mini-ssd-citac\/#breadcrumblist"},"image":{"@type":"ImageObject","url":"https:\/\/droix.eu\/wp-content\/uploads\/2026\/01\/BIWIN-MINI-SSD-LISTING-DONE-01.png","@id":"https:\/\/droix.eu\/hr\/product\/biwin-rd510-mini-ssd-citac\/#mainImage","width":1500,"height":1500},"primaryImageOfPage":{"@id":"https:\/\/droix.eu\/hr\/product\/biwin-rd510-mini-ssd-citac\/#mainImage"},"datePublished":"2026-01-22T10:05:02+00:00","dateModified":"2026-04-09T23:30:22+01:00"},{"@type":"WebSite","@id":"https:\/\/droix.eu\/hr\/#website","url":"https:\/\/droix.eu\/hr\/","name":"DROIX EU","description":"Get the latest Mini PCs, Ultrabook, PC Gaming Handhelds and more!","inLanguage":"hr","publisher":{"@id":"https:\/\/droix.eu\/hr\/#organization"}}]},"og:locale":"hr_HR","og:site_name":"DROIX EU - Get the latest Mini PCs, Ultrabook, PC Gaming Handhelds and more!","og:type":"article","og:title":"Biwin RD510 Mini SSD \u010dita\u010d | 40Gbps USB 4.0 \u26a1","og:description":"Pobolj\u0161ajte svoj radni tijek s Biwin RD510! \ud83d\ude80 Iskusite brzine od 3300MB\/s i USB 4.0 napajanje. Ima ugra\u0111eni ventilator za hla\u0111enje za maksimalnu stabilnost. Kupujte odmah! \ud83d\udcbb","og:url":"https:\/\/droix.eu\/hr\/product\/biwin-rd510-mini-ssd-citac\/","og:image":"https:\/\/droix.eu\/wp-content\/uploads\/2024\/06\/droix-v2-light-logo.png","og:image:secure_url":"https:\/\/droix.eu\/wp-content\/uploads\/2024\/06\/droix-v2-light-logo.png","og:image:width":380,"og:image:height":118,"article:published_time":"2026-01-22T10:05:02+00:00","article:modified_time":"2026-04-09T22:30:22+00:00","article:publisher":"https:\/\/www.facebook.com\/DroiX.Store","twitter:card":"summary_large_image","twitter:site":"@DroiX_Store","twitter:title":"Biwin RD510 Mini SSD \u010dita\u010d | 40Gbps USB 4.0 \u26a1","twitter:description":"Pobolj\u0161ajte svoj radni tijek s Biwin RD510! \ud83d\ude80 Iskusite brzine od 3300MB\/s i USB 4.0 napajanje. Ima ugra\u0111eni ventilator za hla\u0111enje za maksimalnu stabilnost. Kupujte odmah! \ud83d\udcbb","twitter:image":"https:\/\/droix.eu\/wp-content\/uploads\/2024\/06\/droix-v2-light-logo.png"},"aioseo_meta_data":{"post_id":"707123","title":"Biwin RD510 Mini SSD \u010dita\u010d | 40Gbps USB 4.0 \u26a1","description":"Pobolj\u0161ajte svoj radni tijek s Biwin RD510! \ud83d\ude80 Iskusite brzine od 3300MB\/s i USB 4.0 napajanje. Ima ugra\u0111eni ventilator za hla\u0111enje za maksimalnu stabilnost. Kupujte odmah! \ud83d\udcbb","keywords":null,"keyphrases":{"focus":{"keyphrase":"Biwin RD510 Mini SSD Reader","score":75,"analysis":{"keyphraseInTitle":{"score":9,"maxScore":9,"error":0},"keyphraseInDescription":{"score":3,"maxScore":9,"error":1},"keyphraseLength":{"score":6,"maxScore":9,"error":1,"length":5},"keyphraseInURL":{"score":5,"maxScore":5,"error":0},"keyphraseInIntroduction":{"score":9,"maxScore":9,"error":0},"keyphraseInSubHeadings":{"score":3,"maxScore":9,"error":1},"keyphraseInImageAlt":[],"keywordDensity":{"type":"best","score":9,"maxScore":9,"error":0}}},"additional":[]},"primary_term":{"product_cat":32},"canonical_url":null,"og_title":null,"og_description":null,"og_object_type":"default","og_image_type":"default","og_image_url":null,"og_image_width":null,"og_image_height":null,"og_image_custom_url":null,"og_image_custom_fields":null,"og_video":"","og_custom_url":null,"og_article_section":null,"og_article_tags":null,"twitter_use_og":true,"twitter_card":"default","twitter_image_type":"default","twitter_image_url":null,"twitter_image_custom_url":null,"twitter_image_custom_fields":null,"twitter_title":null,"twitter_description":null,"schema":{"blockGraphs":[],"customGraphs":[],"default":{"data":{"Article":[],"Course":[],"Dataset":[],"FAQPage":[],"Movie":[],"Person":[],"Product":[],"ProductReview":[],"Car":[],"Recipe":[],"Service":[],"SoftwareApplication":[],"WebPage":[]},"graphName":"Product","isEnabled":true},"graphs":[]},"schema_type":"default","schema_type_options":null,"pillar_content":false,"robots_default":true,"robots_noindex":false,"robots_noarchive":false,"robots_nosnippet":false,"robots_nofollow":false,"robots_noimageindex":false,"robots_noodp":false,"robots_notranslate":false,"robots_max_snippet":"-1","robots_max_videopreview":"-1","robots_max_imagepreview":"large","priority":null,"frequency":"default","local_seo":null,"seo_analyzer_scan_date":"2026-04-09 23:10:24","breadcrumb_settings":null,"limit_modified_date":false,"reviewed_by":null,"open_ai":null,"ai":{"faqs":[],"keyPoints":[],"titles":[],"descriptions":[],"socialPosts":{"email":[],"linkedin":[],"twitter":[],"facebook":[],"instagram":[]}},"created":"2026-02-12 10:12:08","updated":"2026-04-10 01:35:29"},"aioseo_breadcrumb":"<div class=\"aioseo-breadcrumbs\"><span class=\"aioseo-breadcrumb\">\n\t<a href=\"https:\/\/droix.eu\/hr\/\" title=\"Home\">Home<\/a>\n<\/span><span class=\"aioseo-breadcrumb-separator\">&raquo;<\/span><span class=\"aioseo-breadcrumb\">\n\t<a href=\"https:\/\/droix.eu\/hr\/product-category\/pribor\/\" title=\"Pribor\">Pribor<\/a>\n<\/span><span class=\"aioseo-breadcrumb-separator\">&raquo;<\/span><span class=\"aioseo-breadcrumb\">\n\t<a href=\"https:\/\/droix.eu\/hr\/product-category\/pribor\/pribor-za-prijenosna-racunala\/\" title=\"Pribor za prijenosna ra\u010dunala\">Pribor za prijenosna ra\u010dunala<\/a>\n<\/span><span class=\"aioseo-breadcrumb-separator\">&raquo;<\/span><span class=\"aioseo-breadcrumb\">\n\tBiwin RD510 Mini SSD \u010dita\u010d\n<\/span><\/div>","aioseo_breadcrumb_json":[{"label":"Home","link":"https:\/\/droix.eu\/hr\/"},{"label":"Pribor","link":"https:\/\/droix.eu\/hr\/product-category\/pribor\/"},{"label":"Pribor za prijenosna ra\u010dunala","link":"https:\/\/droix.eu\/hr\/product-category\/pribor\/pribor-za-prijenosna-racunala\/"},{"label":"Biwin RD510 Mini SSD \u010dita\u010d","link":"https:\/\/droix.eu\/hr\/product\/biwin-rd510-mini-ssd-citac\/"}],"_links":{"self":[{"href":"https:\/\/droix.eu\/hr\/wp-json\/wp\/v2\/product\/707123","targetHints":{"allow":["GET"]}}],"collection":[{"href":"https:\/\/droix.eu\/hr\/wp-json\/wp\/v2\/product"}],"about":[{"href":"https:\/\/droix.eu\/hr\/wp-json\/wp\/v2\/types\/product"}],"version-history":[{"count":0,"href":"https:\/\/droix.eu\/hr\/wp-json\/wp\/v2\/product\/707123\/revisions"}],"wp:featuredmedia":[{"embeddable":true,"href":"https:\/\/droix.eu\/hr\/wp-json\/wp\/v2\/media\/707156"}],"wp:attachment":[{"href":"https:\/\/droix.eu\/hr\/wp-json\/wp\/v2\/media?parent=707123"}],"wp:term":[{"taxonomy":"product_brand","embeddable":true,"href":"https:\/\/droix.eu\/hr\/wp-json\/wp\/v2\/product_brand?post=707123"},{"taxonomy":"product_cat","embeddable":true,"href":"https:\/\/droix.eu\/hr\/wp-json\/wp\/v2\/product_cat?post=707123"},{"taxonomy":"product_tag","embeddable":true,"href":"https:\/\/droix.eu\/hr\/wp-json\/wp\/v2\/product_tag?post=707123"},{"taxonomy":"woo-feed-brand","embeddable":true,"href":"https:\/\/droix.eu\/hr\/wp-json\/wp\/v2\/woo-feed-brand?post=707123"},{"taxonomy":"key-features","embeddable":true,"href":"https:\/\/droix.eu\/hr\/wp-json\/wp\/v2\/key-features?post=707123"}],"curies":[{"name":"wp","href":"https:\/\/api.w.org\/{rel}","templated":true}]}}