{"id":658243,"date":"2025-06-17T15:49:05","date_gmt":"2025-06-17T14:49:05","guid":{"rendered":"https:\/\/droix.eu\/product\/onexplayer-oculink-kabel\/"},"modified":"2026-04-23T14:20:04","modified_gmt":"2026-04-23T13:20:04","slug":"onexplayer-oculink-kabel","status":"publish","type":"product","link":"https:\/\/droix.eu\/hr\/product\/onexplayer-oculink-kabel\/","title":{"rendered":"ONEXPLAYER OCuLink kabel"},"content":{"rendered":"\n<h3 class=\"wp-block-heading\"><strong>Predstavljamo ONEXPLAYER OCuLink: Osna\u017eite svoj setup<\/strong><\/h3>\n\n<p>Izra\u0111eno kao dopuna ONEXPLAYER ONEXGPU-u. Pa\u017eljivo dizajniran od vrhunskih materijala, ONEXPLAYER OCuLink kabel je dizajniran da izdr\u017ei svakodnevno tro\u0161enje, a pritom vam daje prednost.<\/p>\n\n<p><\/p>\n","protected":false},"excerpt":{"rendered":"<ul>\n<li><strong>Slu\u017ebeno<\/strong> ONEXPLAYER OCuLink kabel<\/li>\n<li>Kompatibilno s <strong>ONEXPLAYER ONEXGPU \/ X1<\/strong><\/li>\n<li>Br\u017ei od <strong>USB 4.0 Type-C<\/strong><\/li>\n<li>Visokokvalitetni pleteni kabel<\/li>\n<li>1M duga\u010dak kabel<\/li>\n<\/ul>\n[droix_global_accordions]\n[cg_accordion title=\"Paket uklju\u010duje\"]<\/p>\n<ul>\n<li>1x ONEXPLAYER OCuLink kabel<\/li>\n<\/ul>\n<p>[\/cg_accordion]\n","protected":false},"featured_media":647922,"template":"","meta":{"_acf_changed":false},"product_brand":[],"product_cat":[45890,45880],"product_tag":[],"woo-feed-brand":[2199],"key-features":[],"class_list":{"0":"post-658243","1":"product","2":"type-product","3":"status-publish","4":"has-post-thumbnail","6":"product_cat-dodaci-za-igre","7":"product_cat-pribor","8":"product_shipping_class-low-end","9":"pa_accessory-type-cable","10":"pa_brands-onexplayer","11":"woo-feed-brand-onexplayer","13":"first","14":"instock","15":"sale","16":"taxable","17":"shipping-taxable","18":"purchasable","19":"product-type-simple"},"acf":[],"aioseo_notices":[],"aioseo_head":"\n\t\t<!-- All in One SEO Pro 4.9.6.2 - aioseo.com -->\n\t<meta name=\"description\" content=\"Slu\u017ebeno ONEXPLAYER OCuLink kabel Kompatibilno s ONEXPLAYER ONEXGPU \/ X1 Br\u017ei od USB 4.0 Type-C Visokokvalitetni pleteni kabel 1M duga\u010dak kabel Paket uklju\u010duje 1x ONEXPLAYER OCuLink kabel\" \/>\n\t<meta name=\"robots\" content=\"max-image-preview:large\" \/>\n\t<link rel=\"canonical\" href=\"https:\/\/droix.eu\/hr\/product\/onexplayer-oculink-kabel\/\" \/>\n\t<meta name=\"generator\" content=\"All in One SEO Pro (AIOSEO) 4.9.6.2\" \/>\n\t\t<meta property=\"og:locale\" content=\"hr_HR\" \/>\n\t\t<meta property=\"og:site_name\" content=\"DROIX EU - Get the latest Mini PCs, Ultrabook, PC Gaming Handhelds and more!\" \/>\n\t\t<meta property=\"og:type\" content=\"article\" \/>\n\t\t<meta property=\"og:title\" content=\"ONEXPLAYER OCuLink kabel - DROIX EU\" \/>\n\t\t<meta property=\"og:description\" content=\"Slu\u017ebeno ONEXPLAYER OCuLink kabel Kompatibilno s ONEXPLAYER ONEXGPU \/ X1 Br\u017ei od USB 4.0 Type-C Visokokvalitetni pleteni kabel 1M duga\u010dak kabel Paket uklju\u010duje 1x ONEXPLAYER OCuLink kabel\" \/>\n\t\t<meta property=\"og:url\" content=\"https:\/\/droix.eu\/hr\/product\/onexplayer-oculink-kabel\/\" \/>\n\t\t<meta property=\"og:image\" content=\"https:\/\/droix.eu\/wp-content\/uploads\/2024\/06\/droix-v2-light-logo.png\" \/>\n\t\t<meta property=\"og:image:secure_url\" content=\"https:\/\/droix.eu\/wp-content\/uploads\/2024\/06\/droix-v2-light-logo.png\" \/>\n\t\t<meta property=\"og:image:width\" content=\"380\" \/>\n\t\t<meta property=\"og:image:height\" content=\"118\" \/>\n\t\t<meta property=\"article:published_time\" content=\"2025-06-17T14:49:05+00:00\" \/>\n\t\t<meta property=\"article:modified_time\" content=\"2026-04-23T13:20:04+00:00\" \/>\n\t\t<meta property=\"article:publisher\" content=\"https:\/\/www.facebook.com\/DroiX.Store\" \/>\n\t\t<meta name=\"twitter:card\" content=\"summary_large_image\" \/>\n\t\t<meta name=\"twitter:site\" content=\"@DroiX_Store\" \/>\n\t\t<meta name=\"twitter:title\" content=\"ONEXPLAYER OCuLink kabel - DROIX EU\" \/>\n\t\t<meta name=\"twitter:description\" content=\"Slu\u017ebeno ONEXPLAYER OCuLink kabel Kompatibilno s ONEXPLAYER ONEXGPU \/ X1 Br\u017ei od USB 4.0 Type-C Visokokvalitetni pleteni kabel 1M duga\u010dak kabel Paket uklju\u010duje 1x ONEXPLAYER OCuLink kabel\" \/>\n\t\t<meta name=\"twitter:image\" content=\"https:\/\/droix.eu\/wp-content\/uploads\/2024\/06\/droix-v2-light-logo.png\" \/>\n\t\t<script type=\"application\/ld+json\" class=\"aioseo-schema\">\n\t\t\t{\"@context\":\"https:\\\/\\\/schema.org\",\"@graph\":[{\"@type\":\"BreadcrumbList\",\"@id\":\"https:\\\/\\\/droix.eu\\\/hr\\\/product\\\/onexplayer-oculink-kabel\\\/#breadcrumblist\",\"itemListElement\":[{\"@type\":\"ListItem\",\"@id\":\"https:\\\/\\\/droix.eu\\\/hr\\\/#listItem\",\"position\":1,\"name\":\"Home\",\"item\":\"https:\\\/\\\/droix.eu\\\/hr\\\/\",\"nextItem\":{\"@type\":\"ListItem\",\"@id\":\"https:\\\/\\\/droix.eu\\\/hr\\\/product-category\\\/pribor\\\/#listItem\",\"name\":\"Pribor\"}},{\"@type\":\"ListItem\",\"@id\":\"https:\\\/\\\/droix.eu\\\/hr\\\/product-category\\\/pribor\\\/#listItem\",\"position\":2,\"name\":\"Pribor\",\"item\":\"https:\\\/\\\/droix.eu\\\/hr\\\/product-category\\\/pribor\\\/\",\"nextItem\":{\"@type\":\"ListItem\",\"@id\":\"https:\\\/\\\/droix.eu\\\/hr\\\/product-category\\\/pribor\\\/dodaci-za-igre\\\/#listItem\",\"name\":\"Dodaci za igre\"},\"previousItem\":{\"@type\":\"ListItem\",\"@id\":\"https:\\\/\\\/droix.eu\\\/hr\\\/#listItem\",\"name\":\"Home\"}},{\"@type\":\"ListItem\",\"@id\":\"https:\\\/\\\/droix.eu\\\/hr\\\/product-category\\\/pribor\\\/dodaci-za-igre\\\/#listItem\",\"position\":3,\"name\":\"Dodaci za igre\",\"item\":\"https:\\\/\\\/droix.eu\\\/hr\\\/product-category\\\/pribor\\\/dodaci-za-igre\\\/\",\"nextItem\":{\"@type\":\"ListItem\",\"@id\":\"https:\\\/\\\/droix.eu\\\/hr\\\/product\\\/onexplayer-oculink-kabel\\\/#listItem\",\"name\":\"ONEXPLAYER OCuLink kabel\"},\"previousItem\":{\"@type\":\"ListItem\",\"@id\":\"https:\\\/\\\/droix.eu\\\/hr\\\/product-category\\\/pribor\\\/#listItem\",\"name\":\"Pribor\"}},{\"@type\":\"ListItem\",\"@id\":\"https:\\\/\\\/droix.eu\\\/hr\\\/product\\\/onexplayer-oculink-kabel\\\/#listItem\",\"position\":4,\"name\":\"ONEXPLAYER OCuLink kabel\",\"previousItem\":{\"@type\":\"ListItem\",\"@id\":\"https:\\\/\\\/droix.eu\\\/hr\\\/product-category\\\/pribor\\\/dodaci-za-igre\\\/#listItem\",\"name\":\"Dodaci za igre\"}}]},{\"@type\":\"Organization\",\"@id\":\"https:\\\/\\\/droix.eu\\\/hr\\\/#organization\",\"name\":\"DroiX \\u2013 Trusted EU Tech Retailer with 12+ Years Experience\",\"description\":\"DroiX is a leading European technology retailer with over 12 years of experience, offering quality mini PCs, handheld gaming consoles, and tech accessories. We provide hassle-free EU delivery with all taxes included, ensuring a smooth and reliable shopping experience for our customers across Europe.\",\"url\":\"https:\\\/\\\/droix.eu\\\/hr\\\/\",\"logo\":{\"@type\":\"ImageObject\",\"url\":\"https:\\\/\\\/droix.eu\\\/wp-content\\\/uploads\\\/2024\\\/06\\\/droix-v2-light-logo.png\",\"@id\":\"https:\\\/\\\/droix.eu\\\/hr\\\/product\\\/onexplayer-oculink-kabel\\\/#organizationLogo\",\"width\":380,\"height\":118},\"image\":{\"@id\":\"https:\\\/\\\/droix.eu\\\/hr\\\/product\\\/onexplayer-oculink-kabel\\\/#organizationLogo\"},\"sameAs\":[\"https:\\\/\\\/www.facebook.com\\\/DroiX.Store\",\"https:\\\/\\\/twitter.com\\\/DroiX_Store\",\"https:\\\/\\\/www.instagram.com\\\/droix.store\\\/\",\"https:\\\/\\\/www.tiktok.com\\\/@droix.store\",\"https:\\\/\\\/www.youtube.com\\\/c\\\/DroiX_Store\",\"https:\\\/\\\/uk.linkedin.com\\\/company\\\/droix\"]},{\"@type\":\"Product\",\"@id\":\"https:\\\/\\\/droix.eu\\\/hr\\\/product\\\/onexplayer-oculink-kabel\\\/#wooCommerceProduct\",\"name\":\"ONEXPLAYER OCuLink kabel\",\"description\":\"Slu\\u017ebeno ONEXPLAYER OCuLink kabel\\n  Kompatibilno s ONEXPLAYER ONEXGPU \\\/ X1\\n  Br\\u017ei od USB 4.0 Type-C\\n  Visokokvalitetni pleteni kabel\\n  1M duga\\u010dak kabel\",\"url\":\"https:\\\/\\\/droix.eu\\\/hr\\\/product\\\/onexplayer-oculink-kabel\\\/\",\"sku\":\"ONEXPLAYER-OCULINK-CABLE\",\"gtin\":\"5060763678439\",\"image\":{\"@type\":\"ImageObject\",\"url\":\"https:\\\/\\\/droix.eu\\\/wp-content\\\/uploads\\\/2025\\\/06\\\/ONEXPLAYER-OCULINK-CABLE-DONE-01.png\",\"@id\":\"https:\\\/\\\/droix.eu\\\/hr\\\/product\\\/onexplayer-oculink-kabel\\\/#productImage\",\"width\":1500,\"height\":1500,\"caption\":\"Slika prikazuje ONEXPLAYER OCuLink kabel s izdr\\u017eljivim pletenim dizajnom i konektorima na oba kraja. Ispod se nalazi odjeljak o kompatibilnosti koji prikazuje podr\\u017eane ure\\u0111aje, uklju\\u010duju\\u0107i GPD WIN 4 (2024. i 2025.), GPD WIN MAX 2 (2024. i 2025.), GPD DUO, ONEXPLAYER X1\\\/X1 Mini i MINISFORUM UM780XTX, uz napomenu o kompatibilnosti s dodatnim ure\\u0111ajima s OCuLink\\\/M.2 NVMe portovima\"},\"offers\":{\"@type\":\"Offer\",\"url\":\"https:\\\/\\\/droix.eu\\\/hr\\\/product\\\/onexplayer-oculink-kabel\\\/#wooCommerceOffer\",\"price\":24.54,\"priceCurrency\":\"EUR\",\"category\":\"Dodaci za igre\",\"availability\":\"https:\\\/\\\/schema.org\\\/InStock\",\"priceSpecification\":{\"@type\":\"PriceSpecification\",\"price\":24.54,\"priceCurrency\":\"EUR\",\"valueAddedTaxIncluded\":\"true\"},\"seller\":{\"@type\":\"Organization\",\"@id\":\"https:\\\/\\\/droix.eu\\\/hr\\\/#organization\"}}},{\"@type\":\"WebPage\",\"@id\":\"https:\\\/\\\/droix.eu\\\/hr\\\/product\\\/onexplayer-oculink-kabel\\\/#webpage\",\"url\":\"https:\\\/\\\/droix.eu\\\/hr\\\/product\\\/onexplayer-oculink-kabel\\\/\",\"name\":\"ONEXPLAYER OCuLink kabel - DROIX EU\",\"description\":\"Slu\\u017ebeno ONEXPLAYER OCuLink kabel Kompatibilno s ONEXPLAYER ONEXGPU \\\/ X1 Br\\u017ei od USB 4.0 Type-C Visokokvalitetni pleteni kabel 1M duga\\u010dak kabel Paket uklju\\u010duje 1x ONEXPLAYER OCuLink kabel\",\"inLanguage\":\"hr\",\"isPartOf\":{\"@id\":\"https:\\\/\\\/droix.eu\\\/hr\\\/#website\"},\"breadcrumb\":{\"@id\":\"https:\\\/\\\/droix.eu\\\/hr\\\/product\\\/onexplayer-oculink-kabel\\\/#breadcrumblist\"},\"image\":{\"@type\":\"ImageObject\",\"url\":\"https:\\\/\\\/droix.eu\\\/wp-content\\\/uploads\\\/2025\\\/06\\\/ONEXPLAYER-OCULINK-CABLE-DONE-01.png\",\"@id\":\"https:\\\/\\\/droix.eu\\\/hr\\\/product\\\/onexplayer-oculink-kabel\\\/#mainImage\",\"width\":1500,\"height\":1500,\"caption\":\"Slika prikazuje ONEXPLAYER OCuLink kabel s izdr\\u017eljivim pletenim dizajnom i konektorima na oba kraja. Ispod se nalazi odjeljak o kompatibilnosti koji prikazuje podr\\u017eane ure\\u0111aje, uklju\\u010duju\\u0107i GPD WIN 4 (2024. i 2025.), GPD WIN MAX 2 (2024. i 2025.), GPD DUO, ONEXPLAYER X1\\\/X1 Mini i MINISFORUM UM780XTX, uz napomenu o kompatibilnosti s dodatnim ure\\u0111ajima s OCuLink\\\/M.2 NVMe portovima\"},\"primaryImageOfPage\":{\"@id\":\"https:\\\/\\\/droix.eu\\\/hr\\\/product\\\/onexplayer-oculink-kabel\\\/#mainImage\"},\"datePublished\":\"2025-06-17T15:49:05+01:00\",\"dateModified\":\"2026-04-23T14:20:04+01:00\"},{\"@type\":\"WebSite\",\"@id\":\"https:\\\/\\\/droix.eu\\\/hr\\\/#website\",\"url\":\"https:\\\/\\\/droix.eu\\\/hr\\\/\",\"name\":\"DROIX EU\",\"description\":\"Get the latest Mini PCs, Ultrabook, PC Gaming Handhelds and more!\",\"inLanguage\":\"hr\",\"publisher\":{\"@id\":\"https:\\\/\\\/droix.eu\\\/hr\\\/#organization\"}}]}\n\t\t<\/script>\n\t\t<!-- All in One SEO Pro -->\r\n\t\t<title>ONEXPLAYER OCuLink kabel - DROIX EU<\/title>\n\n","aioseo_head_json":{"title":"ONEXPLAYER OCuLink kabel - DROIX EU","description":"Slu\u017ebeno ONEXPLAYER OCuLink kabel Kompatibilno s ONEXPLAYER ONEXGPU \/ X1 Br\u017ei od USB 4.0 Type-C Visokokvalitetni pleteni kabel 1M duga\u010dak kabel Paket uklju\u010duje 1x ONEXPLAYER OCuLink kabel","canonical_url":"https:\/\/droix.eu\/hr\/product\/onexplayer-oculink-kabel\/","robots":"max-image-preview:large","keywords":"","webmasterTools":{"miscellaneous":""},"schema":{"@context":"https:\/\/schema.org","@graph":[{"@type":"BreadcrumbList","@id":"https:\/\/droix.eu\/hr\/product\/onexplayer-oculink-kabel\/#breadcrumblist","itemListElement":[{"@type":"ListItem","@id":"https:\/\/droix.eu\/hr\/#listItem","position":1,"name":"Home","item":"https:\/\/droix.eu\/hr\/","nextItem":{"@type":"ListItem","@id":"https:\/\/droix.eu\/hr\/product-category\/pribor\/#listItem","name":"Pribor"}},{"@type":"ListItem","@id":"https:\/\/droix.eu\/hr\/product-category\/pribor\/#listItem","position":2,"name":"Pribor","item":"https:\/\/droix.eu\/hr\/product-category\/pribor\/","nextItem":{"@type":"ListItem","@id":"https:\/\/droix.eu\/hr\/product-category\/pribor\/dodaci-za-igre\/#listItem","name":"Dodaci za igre"},"previousItem":{"@type":"ListItem","@id":"https:\/\/droix.eu\/hr\/#listItem","name":"Home"}},{"@type":"ListItem","@id":"https:\/\/droix.eu\/hr\/product-category\/pribor\/dodaci-za-igre\/#listItem","position":3,"name":"Dodaci za igre","item":"https:\/\/droix.eu\/hr\/product-category\/pribor\/dodaci-za-igre\/","nextItem":{"@type":"ListItem","@id":"https:\/\/droix.eu\/hr\/product\/onexplayer-oculink-kabel\/#listItem","name":"ONEXPLAYER OCuLink kabel"},"previousItem":{"@type":"ListItem","@id":"https:\/\/droix.eu\/hr\/product-category\/pribor\/#listItem","name":"Pribor"}},{"@type":"ListItem","@id":"https:\/\/droix.eu\/hr\/product\/onexplayer-oculink-kabel\/#listItem","position":4,"name":"ONEXPLAYER OCuLink kabel","previousItem":{"@type":"ListItem","@id":"https:\/\/droix.eu\/hr\/product-category\/pribor\/dodaci-za-igre\/#listItem","name":"Dodaci za igre"}}]},{"@type":"Organization","@id":"https:\/\/droix.eu\/hr\/#organization","name":"DroiX \u2013 Trusted EU Tech Retailer with 12+ Years Experience","description":"DroiX is a leading European technology retailer with over 12 years of experience, offering quality mini PCs, handheld gaming consoles, and tech accessories. We provide hassle-free EU delivery with all taxes included, ensuring a smooth and reliable shopping experience for our customers across Europe.","url":"https:\/\/droix.eu\/hr\/","logo":{"@type":"ImageObject","url":"https:\/\/droix.eu\/wp-content\/uploads\/2024\/06\/droix-v2-light-logo.png","@id":"https:\/\/droix.eu\/hr\/product\/onexplayer-oculink-kabel\/#organizationLogo","width":380,"height":118},"image":{"@id":"https:\/\/droix.eu\/hr\/product\/onexplayer-oculink-kabel\/#organizationLogo"},"sameAs":["https:\/\/www.facebook.com\/DroiX.Store","https:\/\/twitter.com\/DroiX_Store","https:\/\/www.instagram.com\/droix.store\/","https:\/\/www.tiktok.com\/@droix.store","https:\/\/www.youtube.com\/c\/DroiX_Store","https:\/\/uk.linkedin.com\/company\/droix"]},{"@type":"Product","@id":"https:\/\/droix.eu\/hr\/product\/onexplayer-oculink-kabel\/#wooCommerceProduct","name":"ONEXPLAYER OCuLink kabel","description":"Slu\u017ebeno ONEXPLAYER OCuLink kabel\n  Kompatibilno s ONEXPLAYER ONEXGPU \/ X1\n  Br\u017ei od USB 4.0 Type-C\n  Visokokvalitetni pleteni kabel\n  1M duga\u010dak kabel","url":"https:\/\/droix.eu\/hr\/product\/onexplayer-oculink-kabel\/","sku":"ONEXPLAYER-OCULINK-CABLE","gtin":"5060763678439","image":{"@type":"ImageObject","url":"https:\/\/droix.eu\/wp-content\/uploads\/2025\/06\/ONEXPLAYER-OCULINK-CABLE-DONE-01.png","@id":"https:\/\/droix.eu\/hr\/product\/onexplayer-oculink-kabel\/#productImage","width":1500,"height":1500,"caption":"Slika prikazuje ONEXPLAYER OCuLink kabel s izdr\u017eljivim pletenim dizajnom i konektorima na oba kraja. Ispod se nalazi odjeljak o kompatibilnosti koji prikazuje podr\u017eane ure\u0111aje, uklju\u010duju\u0107i GPD WIN 4 (2024. i 2025.), GPD WIN MAX 2 (2024. i 2025.), GPD DUO, ONEXPLAYER X1\/X1 Mini i MINISFORUM UM780XTX, uz napomenu o kompatibilnosti s dodatnim ure\u0111ajima s OCuLink\/M.2 NVMe portovima"},"offers":{"@type":"Offer","url":"https:\/\/droix.eu\/hr\/product\/onexplayer-oculink-kabel\/#wooCommerceOffer","price":24.54,"priceCurrency":"EUR","category":"Dodaci za igre","availability":"https:\/\/schema.org\/InStock","priceSpecification":{"@type":"PriceSpecification","price":24.54,"priceCurrency":"EUR","valueAddedTaxIncluded":"true"},"seller":{"@type":"Organization","@id":"https:\/\/droix.eu\/hr\/#organization"}}},{"@type":"WebPage","@id":"https:\/\/droix.eu\/hr\/product\/onexplayer-oculink-kabel\/#webpage","url":"https:\/\/droix.eu\/hr\/product\/onexplayer-oculink-kabel\/","name":"ONEXPLAYER OCuLink kabel - DROIX EU","description":"Slu\u017ebeno ONEXPLAYER OCuLink kabel Kompatibilno s ONEXPLAYER ONEXGPU \/ X1 Br\u017ei od USB 4.0 Type-C Visokokvalitetni pleteni kabel 1M duga\u010dak kabel Paket uklju\u010duje 1x ONEXPLAYER OCuLink kabel","inLanguage":"hr","isPartOf":{"@id":"https:\/\/droix.eu\/hr\/#website"},"breadcrumb":{"@id":"https:\/\/droix.eu\/hr\/product\/onexplayer-oculink-kabel\/#breadcrumblist"},"image":{"@type":"ImageObject","url":"https:\/\/droix.eu\/wp-content\/uploads\/2025\/06\/ONEXPLAYER-OCULINK-CABLE-DONE-01.png","@id":"https:\/\/droix.eu\/hr\/product\/onexplayer-oculink-kabel\/#mainImage","width":1500,"height":1500,"caption":"Slika prikazuje ONEXPLAYER OCuLink kabel s izdr\u017eljivim pletenim dizajnom i konektorima na oba kraja. Ispod se nalazi odjeljak o kompatibilnosti koji prikazuje podr\u017eane ure\u0111aje, uklju\u010duju\u0107i GPD WIN 4 (2024. i 2025.), GPD WIN MAX 2 (2024. i 2025.), GPD DUO, ONEXPLAYER X1\/X1 Mini i MINISFORUM UM780XTX, uz napomenu o kompatibilnosti s dodatnim ure\u0111ajima s OCuLink\/M.2 NVMe portovima"},"primaryImageOfPage":{"@id":"https:\/\/droix.eu\/hr\/product\/onexplayer-oculink-kabel\/#mainImage"},"datePublished":"2025-06-17T15:49:05+01:00","dateModified":"2026-04-23T14:20:04+01:00"},{"@type":"WebSite","@id":"https:\/\/droix.eu\/hr\/#website","url":"https:\/\/droix.eu\/hr\/","name":"DROIX EU","description":"Get the latest Mini PCs, Ultrabook, PC Gaming Handhelds and more!","inLanguage":"hr","publisher":{"@id":"https:\/\/droix.eu\/hr\/#organization"}}]},"og:locale":"hr_HR","og:site_name":"DROIX EU - Get the latest Mini PCs, Ultrabook, PC Gaming Handhelds and more!","og:type":"article","og:title":"ONEXPLAYER OCuLink kabel - DROIX EU","og:description":"Slu\u017ebeno ONEXPLAYER OCuLink kabel Kompatibilno s ONEXPLAYER ONEXGPU \/ X1 Br\u017ei od USB 4.0 Type-C Visokokvalitetni pleteni kabel 1M duga\u010dak kabel Paket uklju\u010duje 1x ONEXPLAYER OCuLink kabel","og:url":"https:\/\/droix.eu\/hr\/product\/onexplayer-oculink-kabel\/","og:image":"https:\/\/droix.eu\/wp-content\/uploads\/2024\/06\/droix-v2-light-logo.png","og:image:secure_url":"https:\/\/droix.eu\/wp-content\/uploads\/2024\/06\/droix-v2-light-logo.png","og:image:width":380,"og:image:height":118,"article:published_time":"2025-06-17T14:49:05+00:00","article:modified_time":"2026-04-23T13:20:04+00:00","article:publisher":"https:\/\/www.facebook.com\/DroiX.Store","twitter:card":"summary_large_image","twitter:site":"@DroiX_Store","twitter:title":"ONEXPLAYER OCuLink kabel - DROIX EU","twitter:description":"Slu\u017ebeno ONEXPLAYER OCuLink kabel Kompatibilno s ONEXPLAYER ONEXGPU \/ X1 Br\u017ei od USB 4.0 Type-C Visokokvalitetni pleteni kabel 1M duga\u010dak kabel Paket uklju\u010duje 1x ONEXPLAYER OCuLink kabel","twitter:image":"https:\/\/droix.eu\/wp-content\/uploads\/2024\/06\/droix-v2-light-logo.png"},"aioseo_meta_data":{"post_id":"658243","title":null,"description":null,"keywords":null,"keyphrases":null,"primary_term":null,"canonical_url":null,"og_title":null,"og_description":null,"og_object_type":"default","og_image_type":"default","og_image_url":null,"og_image_width":null,"og_image_height":null,"og_image_custom_url":null,"og_image_custom_fields":null,"og_video":null,"og_custom_url":null,"og_article_section":null,"og_article_tags":null,"twitter_use_og":true,"twitter_card":"default","twitter_image_type":"default","twitter_image_url":null,"twitter_image_custom_url":null,"twitter_image_custom_fields":null,"twitter_title":null,"twitter_description":null,"schema":{"blockGraphs":[],"customGraphs":[],"default":{"data":{"Article":[],"Course":[],"Dataset":[],"FAQPage":[],"Movie":[],"Person":[],"Product":[],"ProductReview":[],"Car":[],"Recipe":[],"Service":[],"SoftwareApplication":[],"WebPage":[]},"graphName":"Product","isEnabled":true},"graphs":[]},"schema_type":"default","schema_type_options":null,"pillar_content":false,"robots_default":true,"robots_noindex":false,"robots_noarchive":false,"robots_nosnippet":false,"robots_nofollow":false,"robots_noimageindex":false,"robots_noodp":false,"robots_notranslate":false,"robots_max_snippet":null,"robots_max_videopreview":null,"robots_max_imagepreview":"large","priority":null,"frequency":null,"local_seo":null,"seo_analyzer_scan_date":null,"breadcrumb_settings":null,"limit_modified_date":false,"reviewed_by":null,"open_ai":null,"ai":null,"created":"2025-10-09 11:11:00","updated":"2026-04-23 17:00:19"},"aioseo_breadcrumb":"<div class=\"aioseo-breadcrumbs\"><span class=\"aioseo-breadcrumb\">\n\t<a href=\"https:\/\/droix.eu\/hr\/\" title=\"Home\">Home<\/a>\n<\/span><span class=\"aioseo-breadcrumb-separator\">&raquo;<\/span><span class=\"aioseo-breadcrumb\">\n\t<a href=\"https:\/\/droix.eu\/hr\/product-category\/pribor\/\" title=\"Pribor\">Pribor<\/a>\n<\/span><span class=\"aioseo-breadcrumb-separator\">&raquo;<\/span><span class=\"aioseo-breadcrumb\">\n\t<a href=\"https:\/\/droix.eu\/hr\/product-category\/pribor\/dodaci-za-igre\/\" title=\"Dodaci za igre\">Dodaci za igre<\/a>\n<\/span><span class=\"aioseo-breadcrumb-separator\">&raquo;<\/span><span class=\"aioseo-breadcrumb\">\n\tONEXPLAYER OCuLink kabel\n<\/span><\/div>","aioseo_breadcrumb_json":[{"label":"Home","link":"https:\/\/droix.eu\/hr\/"},{"label":"Pribor","link":"https:\/\/droix.eu\/hr\/product-category\/pribor\/"},{"label":"Dodaci za igre","link":"https:\/\/droix.eu\/hr\/product-category\/pribor\/dodaci-za-igre\/"},{"label":"ONEXPLAYER OCuLink kabel","link":"https:\/\/droix.eu\/hr\/product\/onexplayer-oculink-kabel\/"}],"_links":{"self":[{"href":"https:\/\/droix.eu\/hr\/wp-json\/wp\/v2\/product\/658243","targetHints":{"allow":["GET"]}}],"collection":[{"href":"https:\/\/droix.eu\/hr\/wp-json\/wp\/v2\/product"}],"about":[{"href":"https:\/\/droix.eu\/hr\/wp-json\/wp\/v2\/types\/product"}],"version-history":[{"count":0,"href":"https:\/\/droix.eu\/hr\/wp-json\/wp\/v2\/product\/658243\/revisions"}],"wp:featuredmedia":[{"embeddable":true,"href":"https:\/\/droix.eu\/hr\/wp-json\/wp\/v2\/media\/647922"}],"wp:attachment":[{"href":"https:\/\/droix.eu\/hr\/wp-json\/wp\/v2\/media?parent=658243"}],"wp:term":[{"taxonomy":"product_brand","embeddable":true,"href":"https:\/\/droix.eu\/hr\/wp-json\/wp\/v2\/product_brand?post=658243"},{"taxonomy":"product_cat","embeddable":true,"href":"https:\/\/droix.eu\/hr\/wp-json\/wp\/v2\/product_cat?post=658243"},{"taxonomy":"product_tag","embeddable":true,"href":"https:\/\/droix.eu\/hr\/wp-json\/wp\/v2\/product_tag?post=658243"},{"taxonomy":"woo-feed-brand","embeddable":true,"href":"https:\/\/droix.eu\/hr\/wp-json\/wp\/v2\/woo-feed-brand?post=658243"},{"taxonomy":"key-features","embeddable":true,"href":"https:\/\/droix.eu\/hr\/wp-json\/wp\/v2\/key-features?post=658243"}],"curies":[{"name":"wp","href":"https:\/\/api.w.org\/{rel}","templated":true}]}}