{"id":634951,"date":"2024-09-19T12:02:29","date_gmt":"2024-09-19T11:02:29","guid":{"rendered":"https:\/\/droix.eu\/product\/ayaneo-pocket-s-pribor\/"},"modified":"2026-04-08T10:13:49","modified_gmt":"2026-04-08T09:13:49","slug":"ayaneo-pocket-s-pribor","status":"publish","type":"product","link":"https:\/\/droix.eu\/hr\/product\/ayaneo-pocket-s-pribor\/","title":{"rendered":"AYANEO Pocket S dodaci"},"content":{"rendered":"\n<p>Podignite svoje iskustvo igranja AYANEO Pocket S s ovim paketom dodatne opreme koji morate imati, dizajniranim za za\u0161titu, udobnost i pobolj\u0161ano igranje.<\/p>\n\n<ul class=\"wp-block-list\">\n<li><strong><strong>Ergonomska za\u0161titna \u0161koljka Comfort Grip<\/strong><\/strong>: Izra\u0111ena s inovativnim ergonomskim dizajnom, ova za\u0161titna \u0161koljka dramati\u010dno pove\u0107ava udobnost i funkcionalnost va\u0161eg AYANEO Pocket S. Protuklizna tekstura osigurava \u010dvrsto i sigurno dr\u017eanje, a velika, oblikovana ru\u010dka nudi potpuno i udobno dr\u017eanje, omogu\u0107uju\u0107i dugotrajne sesije igranja bez umora. Ova izdr\u017eljiva \u0161koljka sigurno omotava va\u0161 ure\u0111aj, pru\u017eaju\u0107i sveobuhvatnu za\u0161titu za za\u0161titu va\u0161eg AYANEO Pocket S od svakodnevnih udaraca, ogrebotina i habanja. <\/li>\n\n\n\n<li><strong>Za\u0161tita zaslona<\/strong>: Za\u0161titite svoj zaslon visokokvalitetnom, ultra prozirnom za\u0161titom zaslona. Dizajniran da se odupre ogrebotinama, mrljama i otiscima prstiju, osigurava da va\u0161 zaslon ostane \u017eivahan i responzivan kao i uvijek. Njegov dizajn koji se lako nanosi jam\u010di instalaciju bez mjehuri\u0107a, odr\u017eavaju\u0107i va\u0161 zaslon netaknutim uz zadr\u017eavanje osjetljivosti na dodir za glatko i nesmetano igranje.  <\/li>\n\n\n\n<li><strong>Ru\u010dke za palac<\/strong>: Pobolj\u0161ajte svoju kontrolu s vrhunskim rukohvatima za palac. Ove silikonske navlake za analogne palice nude vrhunsko prianjanje i preciznost, poma\u017eu\u0107i vam da zadr\u017eite kontrolu \u010dak i u najintenzivnijim trenucima igranja. Dizajnirani da smanje umor i pobolj\u0161aju udobnost, ovi ru\u010dki za palac omogu\u0107uju preciznije pokrete, daju\u0107i vam konkurentsku prednost koja vam je potrebna.  <\/li>\n<\/ul>\n\n<p>Ovaj komplet dodatne opreme osigurava da va\u0161 AYANEO Pocket S ostane za\u0161ti\u0107en i spreman za akciju, a sve to uz pobolj\u0161anje iskustva igranja ergonomskim pobolj\u0161anjima.<\/p>\n","protected":false},"excerpt":{"rendered":"<ul>\n<li><strong>Du\u017enosnik<\/strong> AYANEO d\u017eepna S torbica<\/li>\n<li>Podstava od mekane tkanine za <strong>dodatnu za\u0161titu<\/strong>.<\/li>\n<li>Protuklizna tekstura i velika ru\u010dka za sigurno dr\u017eanje.<\/li>\n<li>Visokokvalitetna, ultra prozirna za\u0161tita za sprje\u010davanje ogrebotina i mrlja.<\/li>\n<li>Odr\u017eava osjetljivost na dodir za glatko igranje.<\/li>\n<\/ul>\n[cg_accordion title=\"1-godi\u0161nje jamstvo, potkrijepljeno iskustvom\"]<\/p>\n<p>Va\u0161a kupnja za\u0161ti\u0107ena je na\u0161im 1-godi\u0161njim jamstvom i 13+ godina pouzdane usluge. S vi\u0161e od 500.000 zadovoljnih kupaca, u sigurnim ste rukama. [\/cg_accordion]\n[cg_accordion title=\"Osiguranje kvalitete i ispitivanje prije otpreme\"]<\/p>\n<p>Osiguravanje zadovoljstva kupaca na najvi\u0161oj razini: Svaki ure\u0111aj prolazi rigorozno testiranje i provjeru kvalitete u vi\u0161e to\u010daka prije isporuke. Na\u0161 posve\u0107eni tim provjerava performanse, funkcionalnost i integritet komponenti kako bi zajam\u010dio da je va\u0161 AYANEO ure\u0111aj u savr\u0161enom radnom stanju po dolasku, pru\u017eaju\u0107i vam povjerenje i bezbri\u017enost. [\/cg_accordion]\n[cg_accordion title=\"Fleksibilne i sigurne opcije pla\u0107anja\"]<\/p>\n<p>U\u017eivajte u bezbri\u017enosti uz na\u0161 siguran sustav naplate. Podr\u017eavamo sve glavne na\u010dine pla\u0107anja, uklju\u010duju\u0107i debitne\/kreditne kartice, PayPal, Apple Pay, Google Pay, Klarna, Afterpay i Affirm, daju\u0107i vam slobodu pla\u0107anja, bilo unaprijed ili u jednostavnim ratama. [\/cg_accordion]\n[cg_accordion title=\"Porezi\"]<\/p>\n<p>Cijene uklju\u010duju primjenjivi PDV, koji mo\u017ee iznositi do 25%, ovisno o va\u0161oj zemlji. To\u010dan iznos prikazan je tijekom naplate kako bi se osigurala potpuna transparentnost. [\/cg_accordion]\n[cg_accordion title=\"Dostava i povrat\"]<\/p>\n<p>Sura\u0111ujemo s vi\u0161e od 10 pouzdanih partnera za dostavu kako bismo osigurali da va\u0161a narud\u017eba stigne brzo, sigurno i pouzdano.<\/p>\n<p>Koristimo ekspresnu DDP (Delivered Duty Paid) dostavu. To zna\u010di: <\/p>\n<li>Sve carine i porezi ve\u0107 su uklju\u010deni u prikazanu cijenu proizvoda.<\/li>\n<li>Ne\u0107ete se suo\u010diti s nikakvim iznenadnim tro\u0161kovima po isporuci.<\/li>\n<li>U rijetkim slu\u010dajevima carinskih ka\u0161njenja, na\u0161 tim \u0107e upravljati postupkom carinjenja umjesto vas kako bi osigurao nesmetanu isporuku.<\/li>\n<p>Va\u017ene informacije o povratu:<\/p>\n<li>Ako vratite narud\u017ebu ili zatra\u017eite povrat novca, imajte na umu da se svi porezi i carine pla\u0107eni u va\u0161e ime prema DDP uvjetima ne vra\u0107aju.<\/li>\n<p>Za detaljne informacije pogledajte <a href=\"https:\/\/droix.eu\/hr\/uvjeti-i-odredbe\/\" target=\"_blank\" rel=\"nofollow noopener\">na\u0161e Uvjete i odredbe<\/a> .\n<\/ul>\n<p>[\/cg_accordion]\n[cg_accordion title=\"Korisni\u010dka podr\u0161ka\"]<\/p>\n<p>Imate pitanje? Kratak tekst dijeli nas od rje\u0161avanja va\u0161eg problema! [\/cg_accordion]\n[cg_accordion title=\"Paket uklju\u010duje\"]<\/p>\n<ul>\n<li>1x AYANEO d\u017eepna S torbica<\/li>\n<li>1x AYANEO d\u017eepna S za\u0161tita zaslona<\/li>\n<li>1x AYANEO d\u017eepne S ru\u010dke<\/li>\n<\/ul>\n<p>[\/cg_accordion]\n","protected":false},"featured_media":491250,"template":"","meta":{"_acf_changed":false},"product_brand":[],"product_cat":[46386],"product_tag":[],"woo-feed-brand":[],"key-features":[],"class_list":{"0":"post-634951","1":"product","2":"type-product","3":"status-publish","4":"has-post-thumbnail","6":"product_cat-nekategorizirane-hr","7":"product_shipping_class-low-end","8":"pa_accessory-type-grip","9":"pa_accessory-type-protective-case","10":"pa_accessory-type-screen-protector","11":"pa_brands-ayaneo","13":"first","14":"instock","15":"sale","16":"taxable","17":"shipping-taxable","18":"purchasable","19":"product-type-simple"},"acf":[],"aioseo_notices":[],"aioseo_head":"\n\t\t<!-- All in One SEO Pro 4.9.6.2 - aioseo.com -->\n\t<meta name=\"description\" content=\"Du\u017enosnik AYANEO d\u017eepna S torbica Podstava od mekane tkanine za dodatnu za\u0161titu. Protuklizna tekstura i velika ru\u010dka za sigurno dr\u017eanje. Visokokvalitetna, ultra prozirna za\u0161tita za sprje\u010davanje ogrebotina i mrlja. Odr\u017eava osjetljivost na dodir za glatko igranje.\" \/>\n\t<meta name=\"robots\" content=\"max-image-preview:large\" \/>\n\t<link rel=\"canonical\" href=\"https:\/\/droix.eu\/hr\/product\/ayaneo-pocket-s-pribor\/\" \/>\n\t<meta name=\"generator\" content=\"All in One SEO Pro (AIOSEO) 4.9.6.2\" \/>\n\t\t<meta property=\"og:locale\" content=\"hr_HR\" \/>\n\t\t<meta property=\"og:site_name\" content=\"DROIX EU - Get the latest Mini PCs, Ultrabook, PC Gaming Handhelds and more!\" \/>\n\t\t<meta property=\"og:type\" content=\"article\" \/>\n\t\t<meta property=\"og:title\" content=\"AYANEO Pocket S dodaci - DROIX EU\" \/>\n\t\t<meta property=\"og:description\" content=\"Du\u017enosnik AYANEO d\u017eepna S torbica Podstava od mekane tkanine za dodatnu za\u0161titu. Protuklizna tekstura i velika ru\u010dka za sigurno dr\u017eanje. Visokokvalitetna, ultra prozirna za\u0161tita za sprje\u010davanje ogrebotina i mrlja. Odr\u017eava osjetljivost na dodir za glatko igranje.\" \/>\n\t\t<meta property=\"og:url\" content=\"https:\/\/droix.eu\/hr\/product\/ayaneo-pocket-s-pribor\/\" \/>\n\t\t<meta property=\"og:image\" content=\"https:\/\/droix.eu\/wp-content\/uploads\/2024\/06\/droix-v2-light-logo.png\" \/>\n\t\t<meta property=\"og:image:secure_url\" content=\"https:\/\/droix.eu\/wp-content\/uploads\/2024\/06\/droix-v2-light-logo.png\" \/>\n\t\t<meta property=\"og:image:width\" content=\"380\" \/>\n\t\t<meta property=\"og:image:height\" content=\"118\" \/>\n\t\t<meta property=\"article:published_time\" content=\"2024-09-19T11:02:29+00:00\" \/>\n\t\t<meta property=\"article:modified_time\" content=\"2026-04-08T09:13:49+00:00\" \/>\n\t\t<meta property=\"article:publisher\" content=\"https:\/\/www.facebook.com\/DroiX.Store\" \/>\n\t\t<meta name=\"twitter:card\" content=\"summary_large_image\" \/>\n\t\t<meta name=\"twitter:site\" content=\"@DroiX_Store\" \/>\n\t\t<meta name=\"twitter:title\" content=\"AYANEO Pocket S dodaci - DROIX EU\" \/>\n\t\t<meta name=\"twitter:description\" content=\"Du\u017enosnik AYANEO d\u017eepna S torbica Podstava od mekane tkanine za dodatnu za\u0161titu. Protuklizna tekstura i velika ru\u010dka za sigurno dr\u017eanje. Visokokvalitetna, ultra prozirna za\u0161tita za sprje\u010davanje ogrebotina i mrlja. Odr\u017eava osjetljivost na dodir za glatko igranje.\" \/>\n\t\t<meta name=\"twitter:image\" content=\"https:\/\/droix.eu\/wp-content\/uploads\/2024\/06\/droix-v2-light-logo.png\" \/>\n\t\t<script type=\"application\/ld+json\" class=\"aioseo-schema\">\n\t\t\t{\"@context\":\"https:\\\/\\\/schema.org\",\"@graph\":[{\"@type\":\"BreadcrumbList\",\"@id\":\"https:\\\/\\\/droix.eu\\\/hr\\\/product\\\/ayaneo-pocket-s-pribor\\\/#breadcrumblist\",\"itemListElement\":[{\"@type\":\"ListItem\",\"@id\":\"https:\\\/\\\/droix.eu\\\/hr\\\/#listItem\",\"position\":1,\"name\":\"Home\",\"item\":\"https:\\\/\\\/droix.eu\\\/hr\\\/\",\"nextItem\":{\"@type\":\"ListItem\",\"@id\":\"https:\\\/\\\/droix.eu\\\/hr\\\/product-category\\\/nekategorizirane-hr\\\/#listItem\",\"name\":\"Nekategorizirane\"}},{\"@type\":\"ListItem\",\"@id\":\"https:\\\/\\\/droix.eu\\\/hr\\\/product-category\\\/nekategorizirane-hr\\\/#listItem\",\"position\":2,\"name\":\"Nekategorizirane\",\"item\":\"https:\\\/\\\/droix.eu\\\/hr\\\/product-category\\\/nekategorizirane-hr\\\/\",\"nextItem\":{\"@type\":\"ListItem\",\"@id\":\"https:\\\/\\\/droix.eu\\\/hr\\\/product\\\/ayaneo-pocket-s-pribor\\\/#listItem\",\"name\":\"AYANEO Pocket S dodaci\"},\"previousItem\":{\"@type\":\"ListItem\",\"@id\":\"https:\\\/\\\/droix.eu\\\/hr\\\/#listItem\",\"name\":\"Home\"}},{\"@type\":\"ListItem\",\"@id\":\"https:\\\/\\\/droix.eu\\\/hr\\\/product\\\/ayaneo-pocket-s-pribor\\\/#listItem\",\"position\":3,\"name\":\"AYANEO Pocket S dodaci\",\"previousItem\":{\"@type\":\"ListItem\",\"@id\":\"https:\\\/\\\/droix.eu\\\/hr\\\/product-category\\\/nekategorizirane-hr\\\/#listItem\",\"name\":\"Nekategorizirane\"}}]},{\"@type\":\"Organization\",\"@id\":\"https:\\\/\\\/droix.eu\\\/hr\\\/#organization\",\"name\":\"DroiX \\u2013 Trusted EU Tech Retailer with 12+ Years Experience\",\"description\":\"DroiX is a leading European technology retailer with over 12 years of experience, offering quality mini PCs, handheld gaming consoles, and tech accessories. We provide hassle-free EU delivery with all taxes included, ensuring a smooth and reliable shopping experience for our customers across Europe.\",\"url\":\"https:\\\/\\\/droix.eu\\\/hr\\\/\",\"logo\":{\"@type\":\"ImageObject\",\"url\":\"https:\\\/\\\/droix.eu\\\/wp-content\\\/uploads\\\/2024\\\/06\\\/droix-v2-light-logo.png\",\"@id\":\"https:\\\/\\\/droix.eu\\\/hr\\\/product\\\/ayaneo-pocket-s-pribor\\\/#organizationLogo\",\"width\":380,\"height\":118},\"image\":{\"@id\":\"https:\\\/\\\/droix.eu\\\/hr\\\/product\\\/ayaneo-pocket-s-pribor\\\/#organizationLogo\"},\"sameAs\":[\"https:\\\/\\\/www.facebook.com\\\/DroiX.Store\",\"https:\\\/\\\/twitter.com\\\/DroiX_Store\",\"https:\\\/\\\/www.instagram.com\\\/droix.store\\\/\",\"https:\\\/\\\/www.tiktok.com\\\/@droix.store\",\"https:\\\/\\\/www.youtube.com\\\/c\\\/DroiX_Store\",\"https:\\\/\\\/uk.linkedin.com\\\/company\\\/droix\"]},{\"@type\":\"Product\",\"@id\":\"https:\\\/\\\/droix.eu\\\/hr\\\/product\\\/ayaneo-pocket-s-pribor\\\/#wooCommerceProduct\",\"name\":\"AYANEO Pocket S dodaci\",\"description\":\"Du\\u017enosnik AYANEO d\\u017eepna S torbica\\n \\tPodstava od mekane tkanine za dodatnu za\\u0161titu.\\n \\tProtuklizna tekstura i velika ru\\u010dka za sigurno dr\\u017eanje.\\n \\tVisokokvalitetna, ultra prozirna za\\u0161tita za sprje\\u010davanje ogrebotina i mrlja.\\n \\tOdr\\u017eava osjetljivost na dodir za glatko igranje.\",\"url\":\"https:\\\/\\\/droix.eu\\\/hr\\\/product\\\/ayaneo-pocket-s-pribor\\\/\",\"sku\":\"AYANEO-POCKET-S-FREEBIES\",\"image\":{\"@type\":\"ImageObject\",\"url\":\"https:\\\/\\\/droix.eu\\\/wp-content\\\/uploads\\\/2024\\\/09\\\/AYANEO-POCKET-S-ACCESSORIES-LISTING-DONE-01.png\",\"@id\":\"https:\\\/\\\/droix.eu\\\/hr\\\/product\\\/ayaneo-pocket-s-pribor\\\/#productImage\",\"width\":1500,\"height\":1500,\"caption\":\"Besplatni dodaci za AYANEO Pocket S (za\\u0161titna torbica + ru\\u010dke + za\\u0161tita za zaslon)\"},\"offers\":{\"@type\":\"Offer\",\"url\":\"https:\\\/\\\/droix.eu\\\/hr\\\/product\\\/ayaneo-pocket-s-pribor\\\/#wooCommerceOffer\",\"price\":11.01,\"priceCurrency\":\"EUR\",\"category\":\"Nekategorizirane\",\"availability\":\"https:\\\/\\\/schema.org\\\/InStock\",\"priceSpecification\":{\"@type\":\"PriceSpecification\",\"price\":11.01,\"priceCurrency\":\"EUR\",\"valueAddedTaxIncluded\":\"true\"},\"seller\":{\"@type\":\"Organization\",\"@id\":\"https:\\\/\\\/droix.eu\\\/hr\\\/#organization\"}}},{\"@type\":\"WebPage\",\"@id\":\"https:\\\/\\\/droix.eu\\\/hr\\\/product\\\/ayaneo-pocket-s-pribor\\\/#webpage\",\"url\":\"https:\\\/\\\/droix.eu\\\/hr\\\/product\\\/ayaneo-pocket-s-pribor\\\/\",\"name\":\"AYANEO Pocket S dodaci - DROIX EU\",\"description\":\"Du\\u017enosnik AYANEO d\\u017eepna S torbica Podstava od mekane tkanine za dodatnu za\\u0161titu. Protuklizna tekstura i velika ru\\u010dka za sigurno dr\\u017eanje. Visokokvalitetna, ultra prozirna za\\u0161tita za sprje\\u010davanje ogrebotina i mrlja. Odr\\u017eava osjetljivost na dodir za glatko igranje.\",\"inLanguage\":\"hr\",\"isPartOf\":{\"@id\":\"https:\\\/\\\/droix.eu\\\/hr\\\/#website\"},\"breadcrumb\":{\"@id\":\"https:\\\/\\\/droix.eu\\\/hr\\\/product\\\/ayaneo-pocket-s-pribor\\\/#breadcrumblist\"},\"image\":{\"@type\":\"ImageObject\",\"url\":\"https:\\\/\\\/droix.eu\\\/wp-content\\\/uploads\\\/2024\\\/09\\\/AYANEO-POCKET-S-ACCESSORIES-LISTING-DONE-01.png\",\"@id\":\"https:\\\/\\\/droix.eu\\\/hr\\\/product\\\/ayaneo-pocket-s-pribor\\\/#mainImage\",\"width\":1500,\"height\":1500,\"caption\":\"Besplatni dodaci za AYANEO Pocket S (za\\u0161titna torbica + ru\\u010dke + za\\u0161tita za zaslon)\"},\"primaryImageOfPage\":{\"@id\":\"https:\\\/\\\/droix.eu\\\/hr\\\/product\\\/ayaneo-pocket-s-pribor\\\/#mainImage\"},\"datePublished\":\"2024-09-19T12:02:29+01:00\",\"dateModified\":\"2026-04-08T10:13:49+01:00\"},{\"@type\":\"WebSite\",\"@id\":\"https:\\\/\\\/droix.eu\\\/hr\\\/#website\",\"url\":\"https:\\\/\\\/droix.eu\\\/hr\\\/\",\"name\":\"DROIX EU\",\"description\":\"Get the latest Mini PCs, Ultrabook, PC Gaming Handhelds and more!\",\"inLanguage\":\"hr\",\"publisher\":{\"@id\":\"https:\\\/\\\/droix.eu\\\/hr\\\/#organization\"}}]}\n\t\t<\/script>\n\t\t<!-- All in One SEO Pro -->\r\n\t\t<title>AYANEO Pocket S dodaci - DROIX EU<\/title>\n\n","aioseo_head_json":{"title":"AYANEO Pocket S dodaci - DROIX EU","description":"Du\u017enosnik AYANEO d\u017eepna S torbica Podstava od mekane tkanine za dodatnu za\u0161titu. Protuklizna tekstura i velika ru\u010dka za sigurno dr\u017eanje. Visokokvalitetna, ultra prozirna za\u0161tita za sprje\u010davanje ogrebotina i mrlja. Odr\u017eava osjetljivost na dodir za glatko igranje.","canonical_url":"https:\/\/droix.eu\/hr\/product\/ayaneo-pocket-s-pribor\/","robots":"max-image-preview:large","keywords":"","webmasterTools":{"miscellaneous":""},"schema":{"@context":"https:\/\/schema.org","@graph":[{"@type":"BreadcrumbList","@id":"https:\/\/droix.eu\/hr\/product\/ayaneo-pocket-s-pribor\/#breadcrumblist","itemListElement":[{"@type":"ListItem","@id":"https:\/\/droix.eu\/hr\/#listItem","position":1,"name":"Home","item":"https:\/\/droix.eu\/hr\/","nextItem":{"@type":"ListItem","@id":"https:\/\/droix.eu\/hr\/product-category\/nekategorizirane-hr\/#listItem","name":"Nekategorizirane"}},{"@type":"ListItem","@id":"https:\/\/droix.eu\/hr\/product-category\/nekategorizirane-hr\/#listItem","position":2,"name":"Nekategorizirane","item":"https:\/\/droix.eu\/hr\/product-category\/nekategorizirane-hr\/","nextItem":{"@type":"ListItem","@id":"https:\/\/droix.eu\/hr\/product\/ayaneo-pocket-s-pribor\/#listItem","name":"AYANEO Pocket S dodaci"},"previousItem":{"@type":"ListItem","@id":"https:\/\/droix.eu\/hr\/#listItem","name":"Home"}},{"@type":"ListItem","@id":"https:\/\/droix.eu\/hr\/product\/ayaneo-pocket-s-pribor\/#listItem","position":3,"name":"AYANEO Pocket S dodaci","previousItem":{"@type":"ListItem","@id":"https:\/\/droix.eu\/hr\/product-category\/nekategorizirane-hr\/#listItem","name":"Nekategorizirane"}}]},{"@type":"Organization","@id":"https:\/\/droix.eu\/hr\/#organization","name":"DroiX \u2013 Trusted EU Tech Retailer with 12+ Years Experience","description":"DroiX is a leading European technology retailer with over 12 years of experience, offering quality mini PCs, handheld gaming consoles, and tech accessories. We provide hassle-free EU delivery with all taxes included, ensuring a smooth and reliable shopping experience for our customers across Europe.","url":"https:\/\/droix.eu\/hr\/","logo":{"@type":"ImageObject","url":"https:\/\/droix.eu\/wp-content\/uploads\/2024\/06\/droix-v2-light-logo.png","@id":"https:\/\/droix.eu\/hr\/product\/ayaneo-pocket-s-pribor\/#organizationLogo","width":380,"height":118},"image":{"@id":"https:\/\/droix.eu\/hr\/product\/ayaneo-pocket-s-pribor\/#organizationLogo"},"sameAs":["https:\/\/www.facebook.com\/DroiX.Store","https:\/\/twitter.com\/DroiX_Store","https:\/\/www.instagram.com\/droix.store\/","https:\/\/www.tiktok.com\/@droix.store","https:\/\/www.youtube.com\/c\/DroiX_Store","https:\/\/uk.linkedin.com\/company\/droix"]},{"@type":"Product","@id":"https:\/\/droix.eu\/hr\/product\/ayaneo-pocket-s-pribor\/#wooCommerceProduct","name":"AYANEO Pocket S dodaci","description":"Du\u017enosnik AYANEO d\u017eepna S torbica\n \tPodstava od mekane tkanine za dodatnu za\u0161titu.\n \tProtuklizna tekstura i velika ru\u010dka za sigurno dr\u017eanje.\n \tVisokokvalitetna, ultra prozirna za\u0161tita za sprje\u010davanje ogrebotina i mrlja.\n \tOdr\u017eava osjetljivost na dodir za glatko igranje.","url":"https:\/\/droix.eu\/hr\/product\/ayaneo-pocket-s-pribor\/","sku":"AYANEO-POCKET-S-FREEBIES","image":{"@type":"ImageObject","url":"https:\/\/droix.eu\/wp-content\/uploads\/2024\/09\/AYANEO-POCKET-S-ACCESSORIES-LISTING-DONE-01.png","@id":"https:\/\/droix.eu\/hr\/product\/ayaneo-pocket-s-pribor\/#productImage","width":1500,"height":1500,"caption":"Besplatni dodaci za AYANEO Pocket S (za\u0161titna torbica + ru\u010dke + za\u0161tita za zaslon)"},"offers":{"@type":"Offer","url":"https:\/\/droix.eu\/hr\/product\/ayaneo-pocket-s-pribor\/#wooCommerceOffer","price":11.01,"priceCurrency":"EUR","category":"Nekategorizirane","availability":"https:\/\/schema.org\/InStock","priceSpecification":{"@type":"PriceSpecification","price":11.01,"priceCurrency":"EUR","valueAddedTaxIncluded":"true"},"seller":{"@type":"Organization","@id":"https:\/\/droix.eu\/hr\/#organization"}}},{"@type":"WebPage","@id":"https:\/\/droix.eu\/hr\/product\/ayaneo-pocket-s-pribor\/#webpage","url":"https:\/\/droix.eu\/hr\/product\/ayaneo-pocket-s-pribor\/","name":"AYANEO Pocket S dodaci - DROIX EU","description":"Du\u017enosnik AYANEO d\u017eepna S torbica Podstava od mekane tkanine za dodatnu za\u0161titu. Protuklizna tekstura i velika ru\u010dka za sigurno dr\u017eanje. Visokokvalitetna, ultra prozirna za\u0161tita za sprje\u010davanje ogrebotina i mrlja. Odr\u017eava osjetljivost na dodir za glatko igranje.","inLanguage":"hr","isPartOf":{"@id":"https:\/\/droix.eu\/hr\/#website"},"breadcrumb":{"@id":"https:\/\/droix.eu\/hr\/product\/ayaneo-pocket-s-pribor\/#breadcrumblist"},"image":{"@type":"ImageObject","url":"https:\/\/droix.eu\/wp-content\/uploads\/2024\/09\/AYANEO-POCKET-S-ACCESSORIES-LISTING-DONE-01.png","@id":"https:\/\/droix.eu\/hr\/product\/ayaneo-pocket-s-pribor\/#mainImage","width":1500,"height":1500,"caption":"Besplatni dodaci za AYANEO Pocket S (za\u0161titna torbica + ru\u010dke + za\u0161tita za zaslon)"},"primaryImageOfPage":{"@id":"https:\/\/droix.eu\/hr\/product\/ayaneo-pocket-s-pribor\/#mainImage"},"datePublished":"2024-09-19T12:02:29+01:00","dateModified":"2026-04-08T10:13:49+01:00"},{"@type":"WebSite","@id":"https:\/\/droix.eu\/hr\/#website","url":"https:\/\/droix.eu\/hr\/","name":"DROIX EU","description":"Get the latest Mini PCs, Ultrabook, PC Gaming Handhelds and more!","inLanguage":"hr","publisher":{"@id":"https:\/\/droix.eu\/hr\/#organization"}}]},"og:locale":"hr_HR","og:site_name":"DROIX EU - Get the latest Mini PCs, Ultrabook, PC Gaming Handhelds and more!","og:type":"article","og:title":"AYANEO Pocket S dodaci - DROIX EU","og:description":"Du\u017enosnik AYANEO d\u017eepna S torbica Podstava od mekane tkanine za dodatnu za\u0161titu. Protuklizna tekstura i velika ru\u010dka za sigurno dr\u017eanje. Visokokvalitetna, ultra prozirna za\u0161tita za sprje\u010davanje ogrebotina i mrlja. Odr\u017eava osjetljivost na dodir za glatko igranje.","og:url":"https:\/\/droix.eu\/hr\/product\/ayaneo-pocket-s-pribor\/","og:image":"https:\/\/droix.eu\/wp-content\/uploads\/2024\/06\/droix-v2-light-logo.png","og:image:secure_url":"https:\/\/droix.eu\/wp-content\/uploads\/2024\/06\/droix-v2-light-logo.png","og:image:width":380,"og:image:height":118,"article:published_time":"2024-09-19T11:02:29+00:00","article:modified_time":"2026-04-08T09:13:49+00:00","article:publisher":"https:\/\/www.facebook.com\/DroiX.Store","twitter:card":"summary_large_image","twitter:site":"@DroiX_Store","twitter:title":"AYANEO Pocket S dodaci - DROIX EU","twitter:description":"Du\u017enosnik AYANEO d\u017eepna S torbica Podstava od mekane tkanine za dodatnu za\u0161titu. Protuklizna tekstura i velika ru\u010dka za sigurno dr\u017eanje. Visokokvalitetna, ultra prozirna za\u0161tita za sprje\u010davanje ogrebotina i mrlja. Odr\u017eava osjetljivost na dodir za glatko igranje.","twitter:image":"https:\/\/droix.eu\/wp-content\/uploads\/2024\/06\/droix-v2-light-logo.png"},"aioseo_meta_data":{"post_id":"634951","title":null,"description":null,"keywords":null,"keyphrases":{"focus":{"keyphrase":"","score":0,"analysis":{"keyphraseInTitle":{"score":0,"maxScore":9,"error":1}}},"additional":[]},"primary_term":null,"canonical_url":null,"og_title":null,"og_description":null,"og_object_type":"default","og_image_type":"default","og_image_url":null,"og_image_width":null,"og_image_height":null,"og_image_custom_url":null,"og_image_custom_fields":null,"og_video":"","og_custom_url":null,"og_article_section":null,"og_article_tags":null,"twitter_use_og":true,"twitter_card":"default","twitter_image_type":"default","twitter_image_url":null,"twitter_image_custom_url":null,"twitter_image_custom_fields":null,"twitter_title":null,"twitter_description":null,"schema":{"blockGraphs":[],"customGraphs":[],"default":{"data":{"Article":[],"Course":[],"Dataset":[],"FAQPage":[],"Movie":[],"Person":[],"Product":[],"ProductReview":[],"Car":[],"Recipe":[],"Service":[],"SoftwareApplication":[],"WebPage":[]},"graphName":"Product","isEnabled":true},"graphs":[]},"schema_type":"default","schema_type_options":null,"pillar_content":false,"robots_default":true,"robots_noindex":false,"robots_noarchive":false,"robots_nosnippet":false,"robots_nofollow":false,"robots_noimageindex":false,"robots_noodp":false,"robots_notranslate":false,"robots_max_snippet":"-1","robots_max_videopreview":"-1","robots_max_imagepreview":"large","priority":null,"frequency":"default","local_seo":null,"seo_analyzer_scan_date":"2026-04-24 13:25:09","breadcrumb_settings":null,"limit_modified_date":false,"reviewed_by":null,"open_ai":null,"ai":{"faqs":[],"keyPoints":[],"titles":[],"descriptions":[],"socialPosts":{"email":[],"linkedin":[],"twitter":[],"facebook":[],"instagram":[]}},"created":"2025-09-30 12:16:46","updated":"2026-04-24 13:25:09"},"aioseo_breadcrumb":"<div class=\"aioseo-breadcrumbs\"><span class=\"aioseo-breadcrumb\">\n\t<a href=\"https:\/\/droix.eu\/hr\/\" title=\"Home\">Home<\/a>\n<\/span><span class=\"aioseo-breadcrumb-separator\">&raquo;<\/span><span class=\"aioseo-breadcrumb\">\n\t<a href=\"https:\/\/droix.eu\/hr\/product-category\/nekategorizirane-hr\/\" title=\"Nekategorizirane\">Nekategorizirane<\/a>\n<\/span><span class=\"aioseo-breadcrumb-separator\">&raquo;<\/span><span class=\"aioseo-breadcrumb\">\n\tAYANEO Pocket S dodaci\n<\/span><\/div>","aioseo_breadcrumb_json":[{"label":"Home","link":"https:\/\/droix.eu\/hr\/"},{"label":"Nekategorizirane","link":"https:\/\/droix.eu\/hr\/product-category\/nekategorizirane-hr\/"},{"label":"AYANEO Pocket S dodaci","link":"https:\/\/droix.eu\/hr\/product\/ayaneo-pocket-s-pribor\/"}],"_links":{"self":[{"href":"https:\/\/droix.eu\/hr\/wp-json\/wp\/v2\/product\/634951","targetHints":{"allow":["GET"]}}],"collection":[{"href":"https:\/\/droix.eu\/hr\/wp-json\/wp\/v2\/product"}],"about":[{"href":"https:\/\/droix.eu\/hr\/wp-json\/wp\/v2\/types\/product"}],"version-history":[{"count":0,"href":"https:\/\/droix.eu\/hr\/wp-json\/wp\/v2\/product\/634951\/revisions"}],"wp:featuredmedia":[{"embeddable":true,"href":"https:\/\/droix.eu\/hr\/wp-json\/wp\/v2\/media\/491250"}],"wp:attachment":[{"href":"https:\/\/droix.eu\/hr\/wp-json\/wp\/v2\/media?parent=634951"}],"wp:term":[{"taxonomy":"product_brand","embeddable":true,"href":"https:\/\/droix.eu\/hr\/wp-json\/wp\/v2\/product_brand?post=634951"},{"taxonomy":"product_cat","embeddable":true,"href":"https:\/\/droix.eu\/hr\/wp-json\/wp\/v2\/product_cat?post=634951"},{"taxonomy":"product_tag","embeddable":true,"href":"https:\/\/droix.eu\/hr\/wp-json\/wp\/v2\/product_tag?post=634951"},{"taxonomy":"woo-feed-brand","embeddable":true,"href":"https:\/\/droix.eu\/hr\/wp-json\/wp\/v2\/woo-feed-brand?post=634951"},{"taxonomy":"key-features","embeddable":true,"href":"https:\/\/droix.eu\/hr\/wp-json\/wp\/v2\/key-features?post=634951"}],"curies":[{"name":"wp","href":"https:\/\/api.w.org\/{rel}","templated":true}]}}