{"id":634944,"date":"2024-08-27T09:11:28","date_gmt":"2024-08-27T08:11:28","guid":{"rendered":"https:\/\/droix.eu\/product\/ayn-odin-2-mini-torbica\/"},"modified":"2026-01-20T05:49:08","modified_gmt":"2026-01-20T05:49:08","slug":"ayn-odin-2-mini-torbica","status":"publish","type":"product","link":"https:\/\/droix.eu\/hr\/product\/ayn-odin-2-mini-torbica\/","title":{"rendered":"AYN Odin 2 Mini torbica"},"content":{"rendered":"<h2><strong>Predstavljamo AYN Odin 2 Mini torbicu: vrhunsku za\u0161titu i stil za va\u0161 ure\u0111aj<\/strong><\/h2>\n<p>Podignite za\u0161titu i stil svog ure\u0111aja uz AYN Odin 2 ku\u0107i\u0161te. Dizajnirana da zadovolji zahtjeve modernih stilova \u017eivota, ova kutija nudi savr\u0161enu kombinaciju izdr\u017eljivosti, funkcionalnosti i estetike.<\/p>\n<h2><strong>Klju\u010dne zna\u010dajke:<\/strong><\/h2>\n<h2><strong>Vrhunski materijali:<\/strong><\/h2>\n<p>Izra\u0111ena od visokokvalitetnih materijala, AYN Odin 2 Mini torbica napravljena je da izdr\u017ei svakodnevno tro\u0161enje, a istovremeno zadr\u017eava elegantan i elegantan izgled.<\/p>\n<h2><strong>360\u00b0 za\u0161tita:<\/strong><\/h2>\n<p>AYN Odin 2 Mini maska pru\u017ea sveobuhvatnu za\u0161titu va\u0161em ure\u0111aju. Pokriva sve rubove i kutove, \u0161tite\u0107i od pada, udaraca i ogrebotina.<\/p>\n<h2><strong>Tanak i lagan:<\/strong><\/h2>\n<p>Unato\u010d robusnoj za\u0161titi, ova torbica ostaje tanka i lagana, \u010duvaju\u0107i tanak profil va\u0161eg ure\u0111aja bez dodavanja nepotrebne mase.<\/p>\n<h2><strong>Precizno pristajanje:<\/strong><\/h2>\n<p>Izra\u0111ena po mjeri za AYN Odin 2 Mini, torbica AYN Odin 2 Mini osigurava \u010dvrsto i sigurno prianjanje.<\/p>\n","protected":false},"excerpt":{"rendered":"<ul>\n<li><strong>Du\u017enosnik<\/strong> AYN Odin 2 Mini torbica<\/li>\n<li>Podstava od mekane tkanine za <strong>dodatnu za\u0161titu<\/strong>.<\/li>\n<li>Elegantan dizajn sa sigurnim zatvaranjem patentnim zatvara\u010dem.<\/li>\n<\/ul>\n[droix_global_accordions]\n[cg_accordion title=\"Paket uklju\u010duje\"]<\/p>\n<ul>\n<li>1x AYN Odin 2 Mini torbica<\/li>\n<\/ul>\n<p>[\/cg_accordion]\n","protected":false},"featured_media":489788,"template":"","meta":{"_acf_changed":false},"product_brand":[],"product_cat":[45890,45880],"product_tag":[],"woo-feed-brand":[],"key-features":[],"class_list":{"0":"post-634944","1":"product","2":"type-product","3":"status-publish","4":"has-post-thumbnail","6":"product_cat-dodaci-za-igre","7":"product_cat-pribor","8":"product_shipping_class-low-end","9":"pa_accessory-type-protective-case","10":"pa_brands-ayn","12":"first","13":"outofstock","14":"sale","15":"taxable","16":"shipping-taxable","17":"purchasable","18":"product-type-simple"},"acf":[],"aioseo_notices":[],"_links":{"self":[{"href":"https:\/\/droix.eu\/hr\/wp-json\/wp\/v2\/product\/634944","targetHints":{"allow":["GET"]}}],"collection":[{"href":"https:\/\/droix.eu\/hr\/wp-json\/wp\/v2\/product"}],"about":[{"href":"https:\/\/droix.eu\/hr\/wp-json\/wp\/v2\/types\/product"}],"version-history":[{"count":0,"href":"https:\/\/droix.eu\/hr\/wp-json\/wp\/v2\/product\/634944\/revisions"}],"wp:featuredmedia":[{"embeddable":true,"href":"https:\/\/droix.eu\/hr\/wp-json\/wp\/v2\/media\/489788"}],"wp:attachment":[{"href":"https:\/\/droix.eu\/hr\/wp-json\/wp\/v2\/media?parent=634944"}],"wp:term":[{"taxonomy":"product_brand","embeddable":true,"href":"https:\/\/droix.eu\/hr\/wp-json\/wp\/v2\/product_brand?post=634944"},{"taxonomy":"product_cat","embeddable":true,"href":"https:\/\/droix.eu\/hr\/wp-json\/wp\/v2\/product_cat?post=634944"},{"taxonomy":"product_tag","embeddable":true,"href":"https:\/\/droix.eu\/hr\/wp-json\/wp\/v2\/product_tag?post=634944"},{"taxonomy":"woo-feed-brand","embeddable":true,"href":"https:\/\/droix.eu\/hr\/wp-json\/wp\/v2\/woo-feed-brand?post=634944"},{"taxonomy":"key-features","embeddable":true,"href":"https:\/\/droix.eu\/hr\/wp-json\/wp\/v2\/key-features?post=634944"}],"curies":[{"name":"wp","href":"https:\/\/api.w.org\/{rel}","templated":true}]}}