{"id":634759,"date":"2024-04-03T15:59:47","date_gmt":"2024-04-03T14:59:47","guid":{"rendered":"https:\/\/droix.eu\/product\/onexplayer-onexgpu-egpu-prikljucna-stanica-zastitna-torbica\/"},"modified":"2025-11-13T22:42:32","modified_gmt":"2025-11-13T22:42:32","slug":"onexplayer-onexgpu-egpu-prikljucna-stanica-zastitna-torbica","status":"publish","type":"product","link":"https:\/\/droix.eu\/hr\/product\/onexplayer-onexgpu-egpu-prikljucna-stanica-zastitna-torbica\/","title":{"rendered":"ONEXPLAYER ONEXGPU eGPU priklju\u010dna stanica &#8211; za\u0161titna torbica"},"content":{"rendered":"<h2><strong>Predstavljamo za\u0161titnu torbicu ONEXPLAYER ONEXGPU: stil i sigurnost za va\u0161u eGPU priklju\u010dnu stanicu<\/strong><\/h2>\n<h2><strong>Podignite za\u0161titu i eleganciju svoje ONEXPLAYER ONEXGPU eGPU priklju\u010dne stanice uz ONEXPLAYER ONEXGPU za\u0161titnu torbicu.<\/strong><\/h2>\n<p>Izra\u0111ena da zadovolji zahtjeve suvremenog na\u010dina \u017eivota, ova torbica besprijekorno kombinira izdr\u017eljivost, funkcionalnost i estetiku.<\/p>\n<h2><strong>Klju\u010dne zna\u010dajke:<\/strong><\/h2>\n<h2><strong>Vrhunski dizajn:<\/strong><\/h2>\n<p>Pa\u017eljivo dizajnirana od vrhunskih materijala, za\u0161titna torbica ONEXPLAYER ONEXGPU dizajnirana je da izdr\u017ei svakodnevno tro\u0161enje, a istovremeno odi\u0161e sofisticiranom i elegantnom crnom ko\u017enom zavr\u0161nom obradom.<\/p>\n<h2><strong>Sveobuhvatna za\u0161tita:<\/strong><\/h2>\n<p>ONEXPLAYER ONEXGPU za\u0161titna torbica pru\u017ea potpunu pokrivenost za va\u0161u eGPU priklju\u010dnu stanicu. Obavija svaki rub i kut, nude\u0107i robusnu za\u0161titu od padova, udaraca i ogrebotina. <\/p>\n<h2><strong>Elegantan i lagan:<\/strong><\/h2>\n<p>Unato\u010d svojim robusnim za\u0161titnim mogu\u0107nostima, ova torbica ostaje elegantna i lagana, \u010duvaju\u0107i tanak oblik va\u0161eg ONEXPLAYER ONEXGPU-a bez nepotrebne mase.<\/p>\n<h2><strong>Prilago\u0111eno pristajanje:<\/strong><\/h2>\n<p>Izra\u0111ena posebno za priklju\u010dnu stanicu ONEXPLAYER ONEXGPU, za\u0161titna torbica ONEXPLAYER ONEXGPU jam\u010di \u010dvrsto i sigurno prianjanje, osiguravaju\u0107i za\u0161titu va\u0161eg vrijednog ure\u0111aja.<\/p>\n","protected":false},"excerpt":{"rendered":"<ul>\n<li><strong>Du\u017enosnik<\/strong> Ku\u0107i\u0161te ONEXPLAYER ONEXGPU  <\/li>\n<li>Mekana podstava za <strong>dodatnu za\u0161titu<\/strong>.<\/li>\n<li>Ugra\u0111ena ru\u010dka za <strong> sigurno dr\u017eanje<\/strong>.<\/li>\n<li>Elegantan dizajn s robnom markom ONEXGPU<\/li>\n<\/ul>\n<p>[droix_global_accordions]<br \/>\n[cg_accordion title=\"Paket uklju\u010duje\"]<\/p>\n<ul>\n<li>1x ONEXPLAYER ONEXGPU futrola<\/li>\n<\/ul>\n<p>[\/cg_accordion]<\/p>\n","protected":false},"featured_media":464921,"template":"","meta":{"_acf_changed":false},"product_brand":[],"product_cat":[45890,45880],"product_tag":[],"woo-feed-brand":[],"key-features":[],"class_list":{"0":"post-634759","1":"product","2":"type-product","3":"status-publish","4":"has-post-thumbnail","6":"product_cat-dodaci-za-igre","7":"product_cat-pribor","8":"product_shipping_class-low-end","9":"pa_accessory-type-protective-case","10":"pa_brands-onexplayer","12":"first","13":"outofstock","14":"sale","15":"taxable","16":"shipping-taxable","17":"purchasable","18":"product-type-variable","19":"has-default-attributes"},"acf":[],"aioseo_notices":[],"_links":{"self":[{"href":"https:\/\/droix.eu\/hr\/wp-json\/wp\/v2\/product\/634759","targetHints":{"allow":["GET"]}}],"collection":[{"href":"https:\/\/droix.eu\/hr\/wp-json\/wp\/v2\/product"}],"about":[{"href":"https:\/\/droix.eu\/hr\/wp-json\/wp\/v2\/types\/product"}],"version-history":[{"count":0,"href":"https:\/\/droix.eu\/hr\/wp-json\/wp\/v2\/product\/634759\/revisions"}],"wp:featuredmedia":[{"embeddable":true,"href":"https:\/\/droix.eu\/hr\/wp-json\/wp\/v2\/media\/464921"}],"wp:attachment":[{"href":"https:\/\/droix.eu\/hr\/wp-json\/wp\/v2\/media?parent=634759"}],"wp:term":[{"taxonomy":"product_brand","embeddable":true,"href":"https:\/\/droix.eu\/hr\/wp-json\/wp\/v2\/product_brand?post=634759"},{"taxonomy":"product_cat","embeddable":true,"href":"https:\/\/droix.eu\/hr\/wp-json\/wp\/v2\/product_cat?post=634759"},{"taxonomy":"product_tag","embeddable":true,"href":"https:\/\/droix.eu\/hr\/wp-json\/wp\/v2\/product_tag?post=634759"},{"taxonomy":"woo-feed-brand","embeddable":true,"href":"https:\/\/droix.eu\/hr\/wp-json\/wp\/v2\/woo-feed-brand?post=634759"},{"taxonomy":"key-features","embeddable":true,"href":"https:\/\/droix.eu\/hr\/wp-json\/wp\/v2\/key-features?post=634759"}],"curies":[{"name":"wp","href":"https:\/\/api.w.org\/{rel}","templated":true}]}}