{"id":634630,"date":"2025-06-03T09:42:31","date_gmt":"2025-06-03T08:42:31","guid":{"rendered":"https:\/\/droix.eu\/product\/onexplayer-onexgpu-2-egpu-prikljucna-stanica-zastitna-torbica\/"},"modified":"2025-08-01T13:30:53","modified_gmt":"2025-08-01T12:30:53","slug":"onexplayer-onexgpu-2-egpu-prikljucna-stanica-zastitna-torbica","status":"publish","type":"product","link":"https:\/\/droix.eu\/hr\/product\/onexplayer-onexgpu-2-egpu-prikljucna-stanica-zastitna-torbica\/","title":{"rendered":"ONEXPLAYER ONEXGPU 2 eGPU priklju\u010dna stanica &#8211; za\u0161titna torbica"},"content":{"rendered":"\n<h2 class=\"wp-block-heading\"><strong>Predstavljamo za\u0161titnu torbicu ONEXPLAYER ONEXGPU 2: stil i sigurnost za va\u0161u eGPU priklju\u010dnu stanicu<\/strong><\/h2>\n\n<h2 class=\"wp-block-heading\"><strong>Podignite za\u0161titu i eleganciju svoje ONEXPLAYER ONEXGPU 2 eGPU priklju\u010dne stanice sa za\u0161titnom torbicom ONEXPLAYER ONEXGPU 2.<\/strong><\/h2>\n\n<p>Izra\u0111ena da zadovolji zahtjeve suvremenog na\u010dina \u017eivota, ova torbica besprijekorno kombinira izdr\u017eljivost, funkcionalnost i estetiku.<\/p>\n\n<h2 class=\"wp-block-heading\"><strong>Klju\u010dne zna\u010dajke:<\/strong><\/h2>\n\n<h2 class=\"wp-block-heading\"><strong>Vrhunski dizajn:<\/strong><\/h2>\n\n<p>Pomno dizajnirana od vrhunskih materijala, za\u0161titna torbica ONEXPLAYER ONEXGPU 2 dizajnirana je da izdr\u017ei svakodnevno no\u0161enje, a istovremeno odi\u0161e sofisticiranom i elegantnom zavr\u0161nom obradom od crne ko\u017ee.<\/p>\n\n<h2 class=\"wp-block-heading\"><strong>Sveobuhvatna za\u0161tita:<\/strong><\/h2>\n\n<p>Za\u0161titna torbica ONEXPLAYER ONEXGPU 2 pru\u017ea potpunu pokrivenost za va\u0161u eGPU priklju\u010dnu stanicu. Obavija svaki rub i kut, nude\u0107i robusnu za\u0161titu od padova, udaraca i ogrebotina. <\/p>\n\n<h2 class=\"wp-block-heading\"><strong>Elegantan i lagan:<\/strong><\/h2>\n\n<p>Unato\u010d svojim robusnim za\u0161titnim mogu\u0107nostima, ova torbica ostaje elegantna i lagana, \u010duvaju\u0107i tanak oblik va\u0161eg ONEXPLAYER ONEXGPU 2 bez nepotrebne mase.<\/p>\n\n<h2 class=\"wp-block-heading\"><strong>Prilago\u0111eno pristajanje:<\/strong><\/h2>\n\n<p>Izra\u0111ena posebno za priklju\u010dnu stanicu ONEXPLAYER ONEXGPU 2, za\u0161titna torbica ONEXPLAYER ONEXGPU 2 jam\u010di \u010dvrsto i sigurno prianjanje, osiguravaju\u0107i za\u0161titu va\u0161eg vrijednog ure\u0111aja.<\/p>\n","protected":false},"excerpt":{"rendered":"<ul>\n<li><strong>Slu\u017ebeni<\/strong> ONEXPLAYER ONEXGPU 2 slu\u010daj<\/li>\n<li>Mekana podstava za <strong>dodatnu za\u0161titu<\/strong>.<\/li>\n<li>Ugra\u0111ena ru\u010dka za <strong> sigurno dr\u017eanje<\/strong>.<\/li>\n<li>Elegantan dizajn s robnom markom ONEXGPU<\/li>\n<\/ul>\n[droix_global_accordions]\n[cg_accordion title=\"Paket uklju\u010duje\"]<\/p>\n<ul>\n<li>1x ONEXPLAYER ONEXGPU 2 futrola<\/li>\n<\/ul>\n<p>[\/cg_accordion]\n","protected":false},"featured_media":570456,"template":"","meta":{"_acf_changed":false},"product_brand":[],"product_cat":[45890,45880],"product_tag":[],"woo-feed-brand":[],"key-features":[],"class_list":{"0":"post-634630","1":"product","2":"type-product","3":"status-publish","4":"has-post-thumbnail","6":"product_cat-dodaci-za-igre","7":"product_cat-pribor","8":"product_shipping_class-low-end","9":"pa_accessory-type-protective-case","10":"pa_brands-onexplayer","12":"first","13":"outofstock","14":"sale","15":"taxable","16":"shipping-taxable","17":"purchasable","18":"product-type-variable","19":"has-default-attributes"},"acf":[],"aioseo_notices":[],"_links":{"self":[{"href":"https:\/\/droix.eu\/hr\/wp-json\/wp\/v2\/product\/634630","targetHints":{"allow":["GET"]}}],"collection":[{"href":"https:\/\/droix.eu\/hr\/wp-json\/wp\/v2\/product"}],"about":[{"href":"https:\/\/droix.eu\/hr\/wp-json\/wp\/v2\/types\/product"}],"version-history":[{"count":0,"href":"https:\/\/droix.eu\/hr\/wp-json\/wp\/v2\/product\/634630\/revisions"}],"wp:featuredmedia":[{"embeddable":true,"href":"https:\/\/droix.eu\/hr\/wp-json\/wp\/v2\/media\/570456"}],"wp:attachment":[{"href":"https:\/\/droix.eu\/hr\/wp-json\/wp\/v2\/media?parent=634630"}],"wp:term":[{"taxonomy":"product_brand","embeddable":true,"href":"https:\/\/droix.eu\/hr\/wp-json\/wp\/v2\/product_brand?post=634630"},{"taxonomy":"product_cat","embeddable":true,"href":"https:\/\/droix.eu\/hr\/wp-json\/wp\/v2\/product_cat?post=634630"},{"taxonomy":"product_tag","embeddable":true,"href":"https:\/\/droix.eu\/hr\/wp-json\/wp\/v2\/product_tag?post=634630"},{"taxonomy":"woo-feed-brand","embeddable":true,"href":"https:\/\/droix.eu\/hr\/wp-json\/wp\/v2\/woo-feed-brand?post=634630"},{"taxonomy":"key-features","embeddable":true,"href":"https:\/\/droix.eu\/hr\/wp-json\/wp\/v2\/key-features?post=634630"}],"curies":[{"name":"wp","href":"https:\/\/api.w.org\/{rel}","templated":true}]}}