{"id":634606,"date":"2024-01-19T16:43:31","date_gmt":"2024-01-19T16:43:31","guid":{"rendered":"https:\/\/droix.eu\/product\/ayn-odin-2-zastitnik-zaslona\/"},"modified":"2026-01-20T04:32:16","modified_gmt":"2026-01-20T04:32:16","slug":"ayn-odin-2-zastitnik-zaslona","status":"publish","type":"product","link":"https:\/\/droix.eu\/hr\/product\/ayn-odin-2-zastitnik-zaslona\/","title":{"rendered":"AYN Odin 2 za\u0161titnik zaslona"},"content":{"rendered":"<h2><strong>Predstavljamo AYN Odin 2 za\u0161titnik zaslona: vrhunska za\u0161tita za va\u0161 ure\u0111aj<\/strong><\/h2>\n<p>Podignite za\u0161titu svog ure\u0111aja s AYN Odin 2 za\u0161titnim \u0161titom za ekran. Dizajnirana da zadovolji zahtjeve modernog na\u010dina \u017eivota, ova za\u0161tita za ekran nudi savr\u0161en spoj izdr\u017eljivosti i funkcionalnosti.<\/p>\n<h2><strong>Klju\u010dne zna\u010dajke:<\/strong><\/h2>\n<h2><strong>Vrhunski materijali:<\/strong><\/h2>\n<p>Izra\u0111en od visokokvalitetnih materijala, AYN Odin 2 za\u0161titnik zaslona napravljen je da izdr\u017ei svakodnevno tro\u0161enje.<\/p>\n<h2><strong>Precizno pristajanje:<\/strong><\/h2>\n<p>Izra\u0111en po mjeri za AYN Odin 2, AYN Odin 2 za\u0161titnik zaslona osigurava elegantno pristajanje.<\/p>\n","protected":false},"excerpt":{"rendered":"<ul>\n<li><strong>Du\u017enosnik<\/strong> AYN Odin 2 za\u0161titnik zaslona<\/li>\n<li>Trajna <strong> prozirna<\/strong> za\u0161tita<\/li>\n<li>Savr\u0161eno pristaje za AYN Odin 2<\/li>\n<\/ul>\n[droix_global_accordions]\n[cg_accordion title=\"Paket uklju\u010duje\"]<\/p>\n<ul>\n<li>1x AYN Odin 2 za\u0161titnik za zaslon<\/li>\n<\/ul>\n<p>[\/cg_accordion]\n","protected":false},"featured_media":456580,"template":"","meta":{"_acf_changed":false},"product_brand":[],"product_cat":[45890,45880],"product_tag":[],"woo-feed-brand":[],"key-features":[],"class_list":{"0":"post-634606","1":"product","2":"type-product","3":"status-publish","4":"has-post-thumbnail","6":"product_cat-dodaci-za-igre","7":"product_cat-pribor","8":"product_shipping_class-low-end","9":"pa_accessory-type-screen-protector","10":"pa_brands-ayn","12":"first","13":"instock","14":"taxable","15":"shipping-taxable","16":"purchasable","17":"product-type-simple"},"acf":[],"aioseo_notices":[],"_links":{"self":[{"href":"https:\/\/droix.eu\/hr\/wp-json\/wp\/v2\/product\/634606","targetHints":{"allow":["GET"]}}],"collection":[{"href":"https:\/\/droix.eu\/hr\/wp-json\/wp\/v2\/product"}],"about":[{"href":"https:\/\/droix.eu\/hr\/wp-json\/wp\/v2\/types\/product"}],"version-history":[{"count":0,"href":"https:\/\/droix.eu\/hr\/wp-json\/wp\/v2\/product\/634606\/revisions"}],"wp:featuredmedia":[{"embeddable":true,"href":"https:\/\/droix.eu\/hr\/wp-json\/wp\/v2\/media\/456580"}],"wp:attachment":[{"href":"https:\/\/droix.eu\/hr\/wp-json\/wp\/v2\/media?parent=634606"}],"wp:term":[{"taxonomy":"product_brand","embeddable":true,"href":"https:\/\/droix.eu\/hr\/wp-json\/wp\/v2\/product_brand?post=634606"},{"taxonomy":"product_cat","embeddable":true,"href":"https:\/\/droix.eu\/hr\/wp-json\/wp\/v2\/product_cat?post=634606"},{"taxonomy":"product_tag","embeddable":true,"href":"https:\/\/droix.eu\/hr\/wp-json\/wp\/v2\/product_tag?post=634606"},{"taxonomy":"woo-feed-brand","embeddable":true,"href":"https:\/\/droix.eu\/hr\/wp-json\/wp\/v2\/woo-feed-brand?post=634606"},{"taxonomy":"key-features","embeddable":true,"href":"https:\/\/droix.eu\/hr\/wp-json\/wp\/v2\/key-features?post=634606"}],"curies":[{"name":"wp","href":"https:\/\/api.w.org\/{rel}","templated":true}]}}