{"id":634508,"date":"2023-05-25T09:22:48","date_gmt":"2023-05-25T08:22:48","guid":{"rendered":"https:\/\/droix.eu\/product\/gpd-win-4-tvrda-futrola\/"},"modified":"2026-01-20T04:27:57","modified_gmt":"2026-01-20T04:27:57","slug":"gpd-win-4-tvrda-futrola","status":"publish","type":"product","link":"https:\/\/droix.eu\/hr\/product\/gpd-win-4-tvrda-futrola\/","title":{"rendered":"GPD WIN 4 Hardshell ku\u0107i\u0161te"},"content":{"rendered":"<p><strong>GPD Win 4<\/strong> su sna\u017ena prijenosna gaming ra\u010dunala dizajnirana da pru\u017ee uranjaju\u0107e iskustvo igranja u pokretu. Kako bi za\u0161titili ove premium ure\u0111aje od ogrebotina, udaraca i drugih vanjskih o\u0161te\u0107enja,  <strong>tvrda za\u0161titna torbica<\/strong>  je neophodno. GPD Win 4 hardshell za\u0161titna torbica je izdr\u017eljiva, lagana i elegantna torbica koja je posebno dizajnirana da odgovara ovim igra\u0107im ru\u010dnim ure\u0111ajima. Ku\u0107i\u0161te je izra\u0111eno od visokokvalitetnih materijala poput polikarbonata i ABS plastike, koji pru\u017eaju vrhunsku za\u0161titu od udaraca, ogrebotina i drugih vanjskih o\u0161te\u0107enja. Unutra\u0161njost ku\u0107i\u0161ta oblo\u017eena je mekom i glatkom tkaninom koja pru\u017ea dodatnu za\u0161titu od ogrebotina i pra\u0161ine. Torbica tako\u0111er ima sigurno zatvaranje patentnim zatvara\u010dem koje osigurava da ru\u010dni ure\u0111aj ostane na mjestu tijekom transporta.<\/p>\n","protected":false},"excerpt":{"rendered":"<ul>\n<li><strong>Du\u017enosnik<\/strong> GPD Za\u0161titna torbica za GPD Win 4<\/li>\n<li><strong>Izdr\u017eljiva<\/strong> vanjska ljuska od sinteti\u010dkog polimera<\/li>\n<li>Podstava od mekane tkanine za <strong>dodatnu za\u0161titu<\/strong>.<\/li>\n<li><strong>Odvojeni pretinac<\/strong> za periferne ure\u0111aje.<\/li>\n<li>Elegantan dizajn sa sigurnim zatvaranjem patentnim zatvara\u010dem.<\/li>\n<\/ul>\n<p>[droix_global_accordions]<br \/>\n[cg_accordion title=\"Paket uklju\u010duje\"]<\/p>\n<ul>\n<li>1x GPD WIN 4 Hard-shell ku\u0107i\u0161te<\/li>\n<\/ul>\n<p>[\/cg_accordion]<\/p>\n","protected":false},"featured_media":409279,"template":"","meta":{"_acf_changed":false},"product_brand":[],"product_cat":[45890,45880],"product_tag":[],"woo-feed-brand":[2198],"key-features":[],"class_list":{"0":"post-634508","1":"product","2":"type-product","3":"status-publish","4":"has-post-thumbnail","6":"product_cat-dodaci-za-igre","7":"product_cat-pribor","8":"product_shipping_class-low-end","9":"pa_accessory-type-protective-case","10":"pa_brands-gpd","11":"woo-feed-brand-gpd","13":"first","14":"outofstock","15":"sale","16":"taxable","17":"shipping-taxable","18":"purchasable","19":"product-type-simple"},"acf":[],"aioseo_notices":[],"aioseo_head":"\n\t\t<!-- All in One SEO Pro 4.9.6.2 - aioseo.com -->\n\t<meta name=\"description\" content=\"Du\u017enosnik GPD Za\u0161titna torbica za GPD Win 4 Izdr\u017eljiva vanjska ljuska od sinteti\u010dkog polimera Podstava od mekane tkanine za dodatnu za\u0161titu. Odvojeni pretinac za periferne ure\u0111aje. Elegantan dizajn sa sigurnim zatvaranjem patentnim zatvara\u010dem. Paket uklju\u010duje 1x GPD WIN 4 Hard-shell ku\u0107i\u0161te\" \/>\n\t<meta name=\"robots\" content=\"max-image-preview:large\" \/>\n\t<link rel=\"canonical\" href=\"https:\/\/droix.eu\/hr\/product\/gpd-win-4-tvrda-futrola\/\" \/>\n\t<meta name=\"generator\" content=\"All in One SEO Pro (AIOSEO) 4.9.6.2\" \/>\n\t\t<meta property=\"og:locale\" content=\"hr_HR\" \/>\n\t\t<meta property=\"og:site_name\" content=\"DROIX EU - Get the latest Mini PCs, Ultrabook, PC Gaming Handhelds and more!\" \/>\n\t\t<meta property=\"og:type\" content=\"article\" \/>\n\t\t<meta property=\"og:title\" content=\"GPD WIN 4 Hardshell ku\u0107i\u0161te - DROIX EU\" \/>\n\t\t<meta property=\"og:description\" content=\"Du\u017enosnik GPD Za\u0161titna torbica za GPD Win 4 Izdr\u017eljiva vanjska ljuska od sinteti\u010dkog polimera Podstava od mekane tkanine za dodatnu za\u0161titu. Odvojeni pretinac za periferne ure\u0111aje. Elegantan dizajn sa sigurnim zatvaranjem patentnim zatvara\u010dem. Paket uklju\u010duje 1x GPD WIN 4 Hard-shell ku\u0107i\u0161te\" \/>\n\t\t<meta property=\"og:url\" content=\"https:\/\/droix.eu\/hr\/product\/gpd-win-4-tvrda-futrola\/\" \/>\n\t\t<meta property=\"og:image\" content=\"https:\/\/droix.eu\/wp-content\/uploads\/2024\/06\/droix-v2-light-logo.png\" \/>\n\t\t<meta property=\"og:image:secure_url\" content=\"https:\/\/droix.eu\/wp-content\/uploads\/2024\/06\/droix-v2-light-logo.png\" \/>\n\t\t<meta property=\"og:image:width\" content=\"380\" \/>\n\t\t<meta property=\"og:image:height\" content=\"118\" \/>\n\t\t<meta property=\"article:published_time\" content=\"2023-05-25T08:22:48+00:00\" \/>\n\t\t<meta property=\"article:modified_time\" content=\"2026-01-20T04:27:57+00:00\" \/>\n\t\t<meta property=\"article:publisher\" content=\"https:\/\/www.facebook.com\/DroiX.Store\" \/>\n\t\t<meta name=\"twitter:card\" content=\"summary_large_image\" \/>\n\t\t<meta name=\"twitter:site\" content=\"@DroiX_Store\" \/>\n\t\t<meta name=\"twitter:title\" content=\"GPD WIN 4 Hardshell ku\u0107i\u0161te - DROIX EU\" \/>\n\t\t<meta name=\"twitter:description\" content=\"Du\u017enosnik GPD Za\u0161titna torbica za GPD Win 4 Izdr\u017eljiva vanjska ljuska od sinteti\u010dkog polimera Podstava od mekane tkanine za dodatnu za\u0161titu. Odvojeni pretinac za periferne ure\u0111aje. Elegantan dizajn sa sigurnim zatvaranjem patentnim zatvara\u010dem. Paket uklju\u010duje 1x GPD WIN 4 Hard-shell ku\u0107i\u0161te\" \/>\n\t\t<meta name=\"twitter:image\" content=\"https:\/\/droix.eu\/wp-content\/uploads\/2024\/06\/droix-v2-light-logo.png\" \/>\n\t\t<script type=\"application\/ld+json\" class=\"aioseo-schema\">\n\t\t\t{\"@context\":\"https:\\\/\\\/schema.org\",\"@graph\":[{\"@type\":\"BreadcrumbList\",\"@id\":\"https:\\\/\\\/droix.eu\\\/hr\\\/product\\\/gpd-win-4-tvrda-futrola\\\/#breadcrumblist\",\"itemListElement\":[{\"@type\":\"ListItem\",\"@id\":\"https:\\\/\\\/droix.eu\\\/hr\\\/#listItem\",\"position\":1,\"name\":\"Home\",\"item\":\"https:\\\/\\\/droix.eu\\\/hr\\\/\",\"nextItem\":{\"@type\":\"ListItem\",\"@id\":\"https:\\\/\\\/droix.eu\\\/hr\\\/product-category\\\/pribor\\\/#listItem\",\"name\":\"Pribor\"}},{\"@type\":\"ListItem\",\"@id\":\"https:\\\/\\\/droix.eu\\\/hr\\\/product-category\\\/pribor\\\/#listItem\",\"position\":2,\"name\":\"Pribor\",\"item\":\"https:\\\/\\\/droix.eu\\\/hr\\\/product-category\\\/pribor\\\/\",\"nextItem\":{\"@type\":\"ListItem\",\"@id\":\"https:\\\/\\\/droix.eu\\\/hr\\\/product-category\\\/pribor\\\/dodaci-za-igre\\\/#listItem\",\"name\":\"Dodaci za igre\"},\"previousItem\":{\"@type\":\"ListItem\",\"@id\":\"https:\\\/\\\/droix.eu\\\/hr\\\/#listItem\",\"name\":\"Home\"}},{\"@type\":\"ListItem\",\"@id\":\"https:\\\/\\\/droix.eu\\\/hr\\\/product-category\\\/pribor\\\/dodaci-za-igre\\\/#listItem\",\"position\":3,\"name\":\"Dodaci za igre\",\"item\":\"https:\\\/\\\/droix.eu\\\/hr\\\/product-category\\\/pribor\\\/dodaci-za-igre\\\/\",\"nextItem\":{\"@type\":\"ListItem\",\"@id\":\"https:\\\/\\\/droix.eu\\\/hr\\\/product\\\/gpd-win-4-tvrda-futrola\\\/#listItem\",\"name\":\"GPD WIN 4 Hardshell ku\\u0107i\\u0161te\"},\"previousItem\":{\"@type\":\"ListItem\",\"@id\":\"https:\\\/\\\/droix.eu\\\/hr\\\/product-category\\\/pribor\\\/#listItem\",\"name\":\"Pribor\"}},{\"@type\":\"ListItem\",\"@id\":\"https:\\\/\\\/droix.eu\\\/hr\\\/product\\\/gpd-win-4-tvrda-futrola\\\/#listItem\",\"position\":4,\"name\":\"GPD WIN 4 Hardshell ku\\u0107i\\u0161te\",\"previousItem\":{\"@type\":\"ListItem\",\"@id\":\"https:\\\/\\\/droix.eu\\\/hr\\\/product-category\\\/pribor\\\/dodaci-za-igre\\\/#listItem\",\"name\":\"Dodaci za igre\"}}]},{\"@type\":\"Organization\",\"@id\":\"https:\\\/\\\/droix.eu\\\/hr\\\/#organization\",\"name\":\"DroiX \\u2013 Trusted EU Tech Retailer with 12+ Years Experience\",\"description\":\"DroiX is a leading European technology retailer with over 12 years of experience, offering quality mini PCs, handheld gaming consoles, and tech accessories. We provide hassle-free EU delivery with all taxes included, ensuring a smooth and reliable shopping experience for our customers across Europe.\",\"url\":\"https:\\\/\\\/droix.eu\\\/hr\\\/\",\"logo\":{\"@type\":\"ImageObject\",\"url\":\"https:\\\/\\\/droix.eu\\\/wp-content\\\/uploads\\\/2024\\\/06\\\/droix-v2-light-logo.png\",\"@id\":\"https:\\\/\\\/droix.eu\\\/hr\\\/product\\\/gpd-win-4-tvrda-futrola\\\/#organizationLogo\",\"width\":380,\"height\":118},\"image\":{\"@id\":\"https:\\\/\\\/droix.eu\\\/hr\\\/product\\\/gpd-win-4-tvrda-futrola\\\/#organizationLogo\"},\"sameAs\":[\"https:\\\/\\\/www.facebook.com\\\/DroiX.Store\",\"https:\\\/\\\/twitter.com\\\/DroiX_Store\",\"https:\\\/\\\/www.instagram.com\\\/droix.store\\\/\",\"https:\\\/\\\/www.tiktok.com\\\/@droix.store\",\"https:\\\/\\\/www.youtube.com\\\/c\\\/DroiX_Store\",\"https:\\\/\\\/uk.linkedin.com\\\/company\\\/droix\"]},{\"@type\":\"Product\",\"@id\":\"https:\\\/\\\/droix.eu\\\/hr\\\/product\\\/gpd-win-4-tvrda-futrola\\\/#wooCommerceProduct\",\"name\":\"GPD WIN 4 Hardshell ku\\u0107i\\u0161te\",\"description\":\"Du\\u017enosnik GPD Za\\u0161titna torbica za GPD Win 4\\n \\tIzdr\\u017eljiva vanjska ljuska od sinteti\\u010dkog polimera\\n \\tPodstava od mekane tkanine za dodatnu za\\u0161titu.\\n \\tOdvojeni pretinac za periferne ure\\u0111aje.\\n \\tElegantan dizajn sa sigurnim zatvaranjem patentnim zatvara\\u010dem.\",\"url\":\"https:\\\/\\\/droix.eu\\\/hr\\\/product\\\/gpd-win-4-tvrda-futrola\\\/\",\"sku\":\"GPD-WIN_4-CASE\",\"gtin\":\"5060763675322\",\"image\":{\"@type\":\"ImageObject\",\"url\":\"https:\\\/\\\/droix.eu\\\/wp-content\\\/uploads\\\/2023\\\/05\\\/51y5P54tgzLready-gpd-4.png\",\"@id\":\"https:\\\/\\\/droix.eu\\\/hr\\\/product\\\/gpd-win-4-tvrda-futrola\\\/#productImage\",\"width\":1000,\"height\":1000},\"offers\":{\"@type\":\"Offer\",\"url\":\"https:\\\/\\\/droix.eu\\\/hr\\\/product\\\/gpd-win-4-tvrda-futrola\\\/#wooCommerceOffer\",\"price\":27,\"priceCurrency\":\"EUR\",\"category\":\"Dodaci za igre\",\"availability\":\"https:\\\/\\\/schema.org\\\/OutOfStock\",\"priceSpecification\":{\"@type\":\"PriceSpecification\",\"price\":27,\"priceCurrency\":\"EUR\",\"valueAddedTaxIncluded\":\"true\"},\"seller\":{\"@type\":\"Organization\",\"@id\":\"https:\\\/\\\/droix.eu\\\/hr\\\/#organization\"}}},{\"@type\":\"WebPage\",\"@id\":\"https:\\\/\\\/droix.eu\\\/hr\\\/product\\\/gpd-win-4-tvrda-futrola\\\/#webpage\",\"url\":\"https:\\\/\\\/droix.eu\\\/hr\\\/product\\\/gpd-win-4-tvrda-futrola\\\/\",\"name\":\"GPD WIN 4 Hardshell ku\\u0107i\\u0161te - DROIX EU\",\"description\":\"Du\\u017enosnik GPD Za\\u0161titna torbica za GPD Win 4 Izdr\\u017eljiva vanjska ljuska od sinteti\\u010dkog polimera Podstava od mekane tkanine za dodatnu za\\u0161titu. Odvojeni pretinac za periferne ure\\u0111aje. Elegantan dizajn sa sigurnim zatvaranjem patentnim zatvara\\u010dem. Paket uklju\\u010duje 1x GPD WIN 4 Hard-shell ku\\u0107i\\u0161te\",\"inLanguage\":\"hr\",\"isPartOf\":{\"@id\":\"https:\\\/\\\/droix.eu\\\/hr\\\/#website\"},\"breadcrumb\":{\"@id\":\"https:\\\/\\\/droix.eu\\\/hr\\\/product\\\/gpd-win-4-tvrda-futrola\\\/#breadcrumblist\"},\"image\":{\"@type\":\"ImageObject\",\"url\":\"https:\\\/\\\/droix.eu\\\/wp-content\\\/uploads\\\/2023\\\/05\\\/51y5P54tgzLready-gpd-4.png\",\"@id\":\"https:\\\/\\\/droix.eu\\\/hr\\\/product\\\/gpd-win-4-tvrda-futrola\\\/#mainImage\",\"width\":1000,\"height\":1000},\"primaryImageOfPage\":{\"@id\":\"https:\\\/\\\/droix.eu\\\/hr\\\/product\\\/gpd-win-4-tvrda-futrola\\\/#mainImage\"},\"datePublished\":\"2023-05-25T09:22:48+01:00\",\"dateModified\":\"2026-01-20T04:27:57+00:00\"},{\"@type\":\"WebSite\",\"@id\":\"https:\\\/\\\/droix.eu\\\/hr\\\/#website\",\"url\":\"https:\\\/\\\/droix.eu\\\/hr\\\/\",\"name\":\"DROIX EU\",\"description\":\"Get the latest Mini PCs, Ultrabook, PC Gaming Handhelds and more!\",\"inLanguage\":\"hr\",\"publisher\":{\"@id\":\"https:\\\/\\\/droix.eu\\\/hr\\\/#organization\"}}]}\n\t\t<\/script>\n\t\t<!-- All in One SEO Pro -->\r\n\t\t<title>GPD WIN 4 Hardshell ku\u0107i\u0161te - DROIX EU<\/title>\n\n","aioseo_head_json":{"title":"GPD WIN 4 Hardshell ku\u0107i\u0161te - DROIX EU","description":"Du\u017enosnik GPD Za\u0161titna torbica za GPD Win 4 Izdr\u017eljiva vanjska ljuska od sinteti\u010dkog polimera Podstava od mekane tkanine za dodatnu za\u0161titu. Odvojeni pretinac za periferne ure\u0111aje. Elegantan dizajn sa sigurnim zatvaranjem patentnim zatvara\u010dem. Paket uklju\u010duje 1x GPD WIN 4 Hard-shell ku\u0107i\u0161te","canonical_url":"https:\/\/droix.eu\/hr\/product\/gpd-win-4-tvrda-futrola\/","robots":"max-image-preview:large","keywords":"","webmasterTools":{"miscellaneous":""},"schema":{"@context":"https:\/\/schema.org","@graph":[{"@type":"BreadcrumbList","@id":"https:\/\/droix.eu\/hr\/product\/gpd-win-4-tvrda-futrola\/#breadcrumblist","itemListElement":[{"@type":"ListItem","@id":"https:\/\/droix.eu\/hr\/#listItem","position":1,"name":"Home","item":"https:\/\/droix.eu\/hr\/","nextItem":{"@type":"ListItem","@id":"https:\/\/droix.eu\/hr\/product-category\/pribor\/#listItem","name":"Pribor"}},{"@type":"ListItem","@id":"https:\/\/droix.eu\/hr\/product-category\/pribor\/#listItem","position":2,"name":"Pribor","item":"https:\/\/droix.eu\/hr\/product-category\/pribor\/","nextItem":{"@type":"ListItem","@id":"https:\/\/droix.eu\/hr\/product-category\/pribor\/dodaci-za-igre\/#listItem","name":"Dodaci za igre"},"previousItem":{"@type":"ListItem","@id":"https:\/\/droix.eu\/hr\/#listItem","name":"Home"}},{"@type":"ListItem","@id":"https:\/\/droix.eu\/hr\/product-category\/pribor\/dodaci-za-igre\/#listItem","position":3,"name":"Dodaci za igre","item":"https:\/\/droix.eu\/hr\/product-category\/pribor\/dodaci-za-igre\/","nextItem":{"@type":"ListItem","@id":"https:\/\/droix.eu\/hr\/product\/gpd-win-4-tvrda-futrola\/#listItem","name":"GPD WIN 4 Hardshell ku\u0107i\u0161te"},"previousItem":{"@type":"ListItem","@id":"https:\/\/droix.eu\/hr\/product-category\/pribor\/#listItem","name":"Pribor"}},{"@type":"ListItem","@id":"https:\/\/droix.eu\/hr\/product\/gpd-win-4-tvrda-futrola\/#listItem","position":4,"name":"GPD WIN 4 Hardshell ku\u0107i\u0161te","previousItem":{"@type":"ListItem","@id":"https:\/\/droix.eu\/hr\/product-category\/pribor\/dodaci-za-igre\/#listItem","name":"Dodaci za igre"}}]},{"@type":"Organization","@id":"https:\/\/droix.eu\/hr\/#organization","name":"DroiX \u2013 Trusted EU Tech Retailer with 12+ Years Experience","description":"DroiX is a leading European technology retailer with over 12 years of experience, offering quality mini PCs, handheld gaming consoles, and tech accessories. We provide hassle-free EU delivery with all taxes included, ensuring a smooth and reliable shopping experience for our customers across Europe.","url":"https:\/\/droix.eu\/hr\/","logo":{"@type":"ImageObject","url":"https:\/\/droix.eu\/wp-content\/uploads\/2024\/06\/droix-v2-light-logo.png","@id":"https:\/\/droix.eu\/hr\/product\/gpd-win-4-tvrda-futrola\/#organizationLogo","width":380,"height":118},"image":{"@id":"https:\/\/droix.eu\/hr\/product\/gpd-win-4-tvrda-futrola\/#organizationLogo"},"sameAs":["https:\/\/www.facebook.com\/DroiX.Store","https:\/\/twitter.com\/DroiX_Store","https:\/\/www.instagram.com\/droix.store\/","https:\/\/www.tiktok.com\/@droix.store","https:\/\/www.youtube.com\/c\/DroiX_Store","https:\/\/uk.linkedin.com\/company\/droix"]},{"@type":"Product","@id":"https:\/\/droix.eu\/hr\/product\/gpd-win-4-tvrda-futrola\/#wooCommerceProduct","name":"GPD WIN 4 Hardshell ku\u0107i\u0161te","description":"Du\u017enosnik GPD Za\u0161titna torbica za GPD Win 4\n \tIzdr\u017eljiva vanjska ljuska od sinteti\u010dkog polimera\n \tPodstava od mekane tkanine za dodatnu za\u0161titu.\n \tOdvojeni pretinac za periferne ure\u0111aje.\n \tElegantan dizajn sa sigurnim zatvaranjem patentnim zatvara\u010dem.","url":"https:\/\/droix.eu\/hr\/product\/gpd-win-4-tvrda-futrola\/","sku":"GPD-WIN_4-CASE","gtin":"5060763675322","image":{"@type":"ImageObject","url":"https:\/\/droix.eu\/wp-content\/uploads\/2023\/05\/51y5P54tgzLready-gpd-4.png","@id":"https:\/\/droix.eu\/hr\/product\/gpd-win-4-tvrda-futrola\/#productImage","width":1000,"height":1000},"offers":{"@type":"Offer","url":"https:\/\/droix.eu\/hr\/product\/gpd-win-4-tvrda-futrola\/#wooCommerceOffer","price":27,"priceCurrency":"EUR","category":"Dodaci za igre","availability":"https:\/\/schema.org\/OutOfStock","priceSpecification":{"@type":"PriceSpecification","price":27,"priceCurrency":"EUR","valueAddedTaxIncluded":"true"},"seller":{"@type":"Organization","@id":"https:\/\/droix.eu\/hr\/#organization"}}},{"@type":"WebPage","@id":"https:\/\/droix.eu\/hr\/product\/gpd-win-4-tvrda-futrola\/#webpage","url":"https:\/\/droix.eu\/hr\/product\/gpd-win-4-tvrda-futrola\/","name":"GPD WIN 4 Hardshell ku\u0107i\u0161te - DROIX EU","description":"Du\u017enosnik GPD Za\u0161titna torbica za GPD Win 4 Izdr\u017eljiva vanjska ljuska od sinteti\u010dkog polimera Podstava od mekane tkanine za dodatnu za\u0161titu. Odvojeni pretinac za periferne ure\u0111aje. Elegantan dizajn sa sigurnim zatvaranjem patentnim zatvara\u010dem. Paket uklju\u010duje 1x GPD WIN 4 Hard-shell ku\u0107i\u0161te","inLanguage":"hr","isPartOf":{"@id":"https:\/\/droix.eu\/hr\/#website"},"breadcrumb":{"@id":"https:\/\/droix.eu\/hr\/product\/gpd-win-4-tvrda-futrola\/#breadcrumblist"},"image":{"@type":"ImageObject","url":"https:\/\/droix.eu\/wp-content\/uploads\/2023\/05\/51y5P54tgzLready-gpd-4.png","@id":"https:\/\/droix.eu\/hr\/product\/gpd-win-4-tvrda-futrola\/#mainImage","width":1000,"height":1000},"primaryImageOfPage":{"@id":"https:\/\/droix.eu\/hr\/product\/gpd-win-4-tvrda-futrola\/#mainImage"},"datePublished":"2023-05-25T09:22:48+01:00","dateModified":"2026-01-20T04:27:57+00:00"},{"@type":"WebSite","@id":"https:\/\/droix.eu\/hr\/#website","url":"https:\/\/droix.eu\/hr\/","name":"DROIX EU","description":"Get the latest Mini PCs, Ultrabook, PC Gaming Handhelds and more!","inLanguage":"hr","publisher":{"@id":"https:\/\/droix.eu\/hr\/#organization"}}]},"og:locale":"hr_HR","og:site_name":"DROIX EU - Get the latest Mini PCs, Ultrabook, PC Gaming Handhelds and more!","og:type":"article","og:title":"GPD WIN 4 Hardshell ku\u0107i\u0161te - DROIX EU","og:description":"Du\u017enosnik GPD Za\u0161titna torbica za GPD Win 4 Izdr\u017eljiva vanjska ljuska od sinteti\u010dkog polimera Podstava od mekane tkanine za dodatnu za\u0161titu. Odvojeni pretinac za periferne ure\u0111aje. Elegantan dizajn sa sigurnim zatvaranjem patentnim zatvara\u010dem. Paket uklju\u010duje 1x GPD WIN 4 Hard-shell ku\u0107i\u0161te","og:url":"https:\/\/droix.eu\/hr\/product\/gpd-win-4-tvrda-futrola\/","og:image":"https:\/\/droix.eu\/wp-content\/uploads\/2024\/06\/droix-v2-light-logo.png","og:image:secure_url":"https:\/\/droix.eu\/wp-content\/uploads\/2024\/06\/droix-v2-light-logo.png","og:image:width":380,"og:image:height":118,"article:published_time":"2023-05-25T08:22:48+00:00","article:modified_time":"2026-01-20T04:27:57+00:00","article:publisher":"https:\/\/www.facebook.com\/DroiX.Store","twitter:card":"summary_large_image","twitter:site":"@DroiX_Store","twitter:title":"GPD WIN 4 Hardshell ku\u0107i\u0161te - DROIX EU","twitter:description":"Du\u017enosnik GPD Za\u0161titna torbica za GPD Win 4 Izdr\u017eljiva vanjska ljuska od sinteti\u010dkog polimera Podstava od mekane tkanine za dodatnu za\u0161titu. Odvojeni pretinac za periferne ure\u0111aje. Elegantan dizajn sa sigurnim zatvaranjem patentnim zatvara\u010dem. Paket uklju\u010duje 1x GPD WIN 4 Hard-shell ku\u0107i\u0161te","twitter:image":"https:\/\/droix.eu\/wp-content\/uploads\/2024\/06\/droix-v2-light-logo.png"},"aioseo_meta_data":{"post_id":"634508","title":null,"description":null,"keywords":null,"keyphrases":null,"primary_term":null,"canonical_url":null,"og_title":null,"og_description":null,"og_object_type":"default","og_image_type":"default","og_image_url":null,"og_image_width":null,"og_image_height":null,"og_image_custom_url":null,"og_image_custom_fields":null,"og_video":null,"og_custom_url":null,"og_article_section":null,"og_article_tags":null,"twitter_use_og":true,"twitter_card":"default","twitter_image_type":"default","twitter_image_url":null,"twitter_image_custom_url":null,"twitter_image_custom_fields":null,"twitter_title":null,"twitter_description":null,"schema":{"blockGraphs":[],"customGraphs":[],"default":{"data":{"Article":[],"Course":[],"Dataset":[],"FAQPage":[],"Movie":[],"Person":[],"Product":[],"ProductReview":[],"Car":[],"Recipe":[],"Service":[],"SoftwareApplication":[],"WebPage":[]},"graphName":"","isEnabled":true},"graphs":[]},"schema_type":"default","schema_type_options":null,"pillar_content":false,"robots_default":true,"robots_noindex":false,"robots_noarchive":false,"robots_nosnippet":false,"robots_nofollow":false,"robots_noimageindex":false,"robots_noodp":false,"robots_notranslate":false,"robots_max_snippet":null,"robots_max_videopreview":null,"robots_max_imagepreview":"large","priority":null,"frequency":null,"local_seo":null,"seo_analyzer_scan_date":"2025-10-24 13:11:33","breadcrumb_settings":null,"limit_modified_date":false,"reviewed_by":null,"open_ai":null,"ai":null,"created":"2025-10-09 04:26:38","updated":"2026-01-24 09:29:15"},"aioseo_breadcrumb":"<div class=\"aioseo-breadcrumbs\"><span class=\"aioseo-breadcrumb\">\n\t<a href=\"https:\/\/droix.eu\/hr\/\" title=\"Home\">Home<\/a>\n<\/span><span class=\"aioseo-breadcrumb-separator\">&raquo;<\/span><span class=\"aioseo-breadcrumb\">\n\t<a href=\"https:\/\/droix.eu\/hr\/product-category\/pribor\/\" title=\"Pribor\">Pribor<\/a>\n<\/span><span class=\"aioseo-breadcrumb-separator\">&raquo;<\/span><span class=\"aioseo-breadcrumb\">\n\t<a href=\"https:\/\/droix.eu\/hr\/product-category\/pribor\/dodaci-za-igre\/\" title=\"Dodaci za igre\">Dodaci za igre<\/a>\n<\/span><span class=\"aioseo-breadcrumb-separator\">&raquo;<\/span><span class=\"aioseo-breadcrumb\">\n\tGPD WIN 4 Hardshell ku\u0107i\u0161te\n<\/span><\/div>","aioseo_breadcrumb_json":[{"label":"Home","link":"https:\/\/droix.eu\/hr\/"},{"label":"Pribor","link":"https:\/\/droix.eu\/hr\/product-category\/pribor\/"},{"label":"Dodaci za igre","link":"https:\/\/droix.eu\/hr\/product-category\/pribor\/dodaci-za-igre\/"},{"label":"GPD WIN 4 Hardshell ku\u0107i\u0161te","link":"https:\/\/droix.eu\/hr\/product\/gpd-win-4-tvrda-futrola\/"}],"_links":{"self":[{"href":"https:\/\/droix.eu\/hr\/wp-json\/wp\/v2\/product\/634508","targetHints":{"allow":["GET"]}}],"collection":[{"href":"https:\/\/droix.eu\/hr\/wp-json\/wp\/v2\/product"}],"about":[{"href":"https:\/\/droix.eu\/hr\/wp-json\/wp\/v2\/types\/product"}],"version-history":[{"count":0,"href":"https:\/\/droix.eu\/hr\/wp-json\/wp\/v2\/product\/634508\/revisions"}],"wp:featuredmedia":[{"embeddable":true,"href":"https:\/\/droix.eu\/hr\/wp-json\/wp\/v2\/media\/409279"}],"wp:attachment":[{"href":"https:\/\/droix.eu\/hr\/wp-json\/wp\/v2\/media?parent=634508"}],"wp:term":[{"taxonomy":"product_brand","embeddable":true,"href":"https:\/\/droix.eu\/hr\/wp-json\/wp\/v2\/product_brand?post=634508"},{"taxonomy":"product_cat","embeddable":true,"href":"https:\/\/droix.eu\/hr\/wp-json\/wp\/v2\/product_cat?post=634508"},{"taxonomy":"product_tag","embeddable":true,"href":"https:\/\/droix.eu\/hr\/wp-json\/wp\/v2\/product_tag?post=634508"},{"taxonomy":"woo-feed-brand","embeddable":true,"href":"https:\/\/droix.eu\/hr\/wp-json\/wp\/v2\/woo-feed-brand?post=634508"},{"taxonomy":"key-features","embeddable":true,"href":"https:\/\/droix.eu\/hr\/wp-json\/wp\/v2\/key-features?post=634508"}],"curies":[{"name":"wp","href":"https:\/\/api.w.org\/{rel}","templated":true}]}}