{"id":634467,"date":"2023-04-24T12:53:34","date_gmt":"2023-04-24T11:53:34","guid":{"rendered":"https:\/\/droix.eu\/product\/gpd-win-4-prikljucna-stanica\/"},"modified":"2026-04-23T14:18:10","modified_gmt":"2026-04-23T13:18:10","slug":"gpd-win-4-prikljucna-stanica","status":"publish","type":"product","link":"https:\/\/droix.eu\/hr\/product\/gpd-win-4-prikljucna-stanica\/","title":{"rendered":"GPD WIN 4 pristani\u0161te"},"content":{"rendered":"&#13;\n<p><span data-contrast=\"none\"><strong>Slu\u017ebena GPD WIN 4 docking stanica<\/strong> pretvara va\u0161 prijenosni gaming PC u stolno ra\u010dunalo s prakti\u010dnim dockom i mno\u0161tvom korisni\u010dkih portova.<\/span><span data-ccp-props=\"{\"> <\/span><\/p>&#13;\n&#13;\n<h2 class=\"wp-block-heading\"><b><span data-contrast=\"none\">USB povezivanje velike brzine<\/span><\/b><span data-ccp-props=\"{\"> <\/span><\/h2>&#13;\n&#13;\n<p><span data-contrast=\"none\">GPD WIN 4 docking stanica ima tri <\/span><a href=\"https:\/\/www.kingston.com\/unitedkingdom\/en\/usb-flash-drives\/usb-30\"><span data-contrast=\"none\">USB 3.2 Gen 2<\/span><\/a><span data-contrast=\"none\"> Type-A priklju\u010dka do 10Gbps koji se mogu koristiti za povezivanje raznih perifernih ure\u0111aja uklju\u010duju\u0107i tipkovnicu i mi\u0161, te brze vanjske tvrde diskove ili USB stickove.<\/span><span data-ccp-props=\"{\"> <\/span><\/p>&#13;\n&#13;\n<p><span data-contrast=\"none\">USB 3.2 Gen 2 <\/span><a href=\"https:\/\/en.wikipedia.org\/wiki\/USB-C\"><span data-contrast=\"none\">Type-C<\/span><\/a><span data-contrast=\"none\"> priklju\u010dak koristi se za punjenje i podr\u017eava punja\u010de velike snage za brzo punjenje.<\/span><span data-ccp-props=\"{\"> <\/span><\/p>&#13;\n&#13;\n<h2 class=\"wp-block-heading\"><b><span data-contrast=\"none\">Visoka razlu\u010divost na monitoru ili velikom TV-u<\/span><\/b><span data-ccp-props=\"{\"> <\/span><\/h2>&#13;\n&#13;\n<p><span data-contrast=\"none\"> <\/span><a href=\"https:\/\/en.wikipedia.org\/wiki\/HDMI\"><span data-contrast=\"none\">HDMI 2.0<\/span><\/a><span data-contrast=\"none\">  port omogu\u0107uje video izlaz na monitor ili TV. Mo\u017eete nastaviti koristiti GPD WIN 4 zaslon kao zrcalni ili drugi zaslon.<\/span><span data-ccp-props=\"{\"> <\/span><\/p>&#13;\n&#13;\n<h2 class=\"wp-block-heading\"><b><span data-contrast=\"none\">Brz i siguran \u017ei\u010dani prijenos podataka<\/span><\/b><span data-ccp-props=\"{\"> <\/span><\/h2>&#13;\n&#13;\n<p><span data-contrast=\"none\">1Gbps <\/span><a href=\"https:\/\/community.fs.com\/blog\/introduction-of-the-rj45-interface.html\"><span data-contrast=\"none\">RJ45 Ethernet<\/span><\/a><span data-contrast=\"none\"> priklju\u010dak omogu\u0107uje brzi i siguran prijenos podataka do i od GPD WIN 4 docking stanice.<\/span><span data-ccp-props=\"{\"> <\/span><\/p>&#13;\n&#13;\n<h2 class=\"wp-block-heading\"><b><span data-contrast=\"none\">Mali faktor oblika i prenosivost<\/span><\/b><span data-ccp-props=\"{\"> <\/span><\/h2>&#13;\n&#13;\n<p><span data-contrast=\"none\">GPD WIN 4 docking stanica, dimenzija oko 3,4 x 5,6 x 3,2 in\u010da (8,7 x 14,2 x 8,2 cm), mala je i nenametljiva na va\u0161em desktopu. <strong>GPD WIN 4<\/strong> se lako spaja na dock i podr\u017eava ga odvojivi stra\u017enji dio \u0161to ga \u010dini prakti\u010dnim pri no\u0161enju. Sa samo 224g, dock je vrlo lagan i prenosiv, lako stane u malu torbu.<\/span><span data-ccp-props=\"{\"> <\/span><\/p>&#13;\n&#13;\n<p><span data-contrast=\"none\">GPD WIN 4 dock ostavlja drugi USB Type-C smje\u0161ten na vrhu <\/span><a href=\"https:\/\/droix.eu\/hr\/product\/gpd-win-4\/\"><span data-contrast=\"none\">GPD WIN 4<\/span><\/a><span data-contrast=\"none\"> slobodnim, mo\u017ee se nastaviti koristiti za povezivanje s visokou\u010dinkovitim perifernim ure\u0111ajima poput eGPU-a, na primjer. <\/span> <\/p>&#13;\n&#13;\n<p><span data-ccp-props=\"{\"> <\/span><\/p>&#13;\n&#13;\n<h2 class=\"wp-block-heading\"><b><span data-contrast=\"none\">Prednosti i nedostaci GPD WIN 4 docking stanice<\/span><\/b><span data-ccp-props=\"{\"> <\/span><\/h2>&#13;\n&#13;\n<p><span data-contrast=\"none\">Pro:<\/span><span data-ccp-props=\"{\"> <\/span><\/p>&#13;\n\r\n<ul class=\"wp-block-list\">&#13;\n<li><span data-contrast=\"none\">Mno\u0161tvo USB 3.2 Gen 2 Type-A priklju\u010daka za periferne ure\u0111aje<\/span><span data-ccp-props=\"{\"> <\/span><\/li>&#13;\n\r\n\r\n&#13;\n<li><span data-contrast=\"none\">HDMI 2.0 izlaz na TV\/monitor<\/span><span data-ccp-props=\"{\"> <\/span><\/li>&#13;\n\r\n\r\n&#13;\n<li><span data-contrast=\"none\">Ethernet velike brzine od 1 Gbps<\/span><span data-ccp-props=\"{\"> <\/span><\/li>&#13;\n\r\n\r\n&#13;\n<li><span data-contrast=\"none\">USB Type-C priklju\u010dak za punjenje<\/span><span data-ccp-props=\"{\"> <\/span><\/li>&#13;\n<\/ul>\r\n&#13;\n<p><span data-contrast=\"none\">Kontra:<\/span><span data-ccp-props=\"{\"> <\/span><\/p>&#13;\n\r\n<ul class=\"wp-block-list\">&#13;\n<li><span data-contrast=\"none\">Nema USB Type-C za povezivanje perifernih ure\u0111aja.  <\/span><span data-ccp-props=\"{\"> <\/span><\/li>&#13;\n<\/ul>\r\n&#13;\n<p><span data-ccp-props=\"{\"> <\/span><\/p>&#13;\n&#13;\n<h2 class=\"wp-block-heading\"><b><span data-contrast=\"none\">Za\u0161to biste trebali koristiti priklju\u010dnu stanicu?<\/span><\/b><span data-ccp-props=\"{\"> <\/span><\/h2>&#13;\n&#13;\n<p><span data-contrast=\"none\">Docking stanica je ure\u0111aj koji vam omogu\u0107uje povezivanje prijenosnog ra\u010dunala s vi\u0161e perifernih ure\u0111aja poput monitora, tipkovnice, mi\u0161a i drugih ure\u0111aja samo jednim kabelom. Mo\u017ee vam pomo\u0107i da ra\u0161\u010distite svoj radni prostor smanjenjem broja kabela koje trebate spojiti na svoj GPD WIN 4. Tako\u0111er vam mo\u017ee pomo\u0107i pove\u0107ati produktivnost jer vam omogu\u0107uje kori\u0161tenje dva zaslona istovremeno, \u0161to vam mo\u017ee pomo\u0107i u u\u010dinkovitijem multitaskingu. Osim toga, mo\u017ee vam pomo\u0107i produ\u017eiti vijek trajanja va\u0161eg GPD WIN 4 smanjenjem tro\u0161enja portova jer svaki put trebate spojiti i isklju\u010diti samo jedan kabel umjesto vi\u0161e njih.<\/span><\/p>&#13;\n","protected":false},"excerpt":{"rendered":"<ul>\n<li>Spremite i napunite <strong>svoj GPD WIN 4<\/strong><\/li>\n<li>Omogu\u0107uje vam pretvaranje <strong>Handhelda u punu radnu povr\u0161inu<\/strong><\/li>\n<li>Pove\u017eite sve svoje periferne ure\u0111aje.<\/li>\n<li><strong>Slu\u017ebeni GPD<\/strong> Proizvod dizajniran za <strong>GPD WIN 4<\/strong><\/li>\n<li><strong><span class=\"TextRun SCXW166342175 BCX8\" lang=\"EN-GB\" data-contrast=\"none\"><span class=\"NormalTextRun SCXW166342175 BCX8\">Malen, lagan i prenosiv.<\/span><\/span><\/strong><\/li>\n<\/ul>\n[droix_global_accordions]\n[cg_accordion title=\"Paket uklju\u010duje\"]<\/p>\n<ul>\n<li>1x slu\u017ebena GPD WIN 4 docking stanica<\/li>\n<\/ul>\n<p>[\/cg_accordion]\n","protected":false},"featured_media":364508,"template":"","meta":{"_acf_changed":false},"product_brand":[],"product_cat":[45890,45880],"product_tag":[],"woo-feed-brand":[],"key-features":[],"class_list":{"0":"post-634467","1":"product","2":"type-product","3":"status-publish","4":"has-post-thumbnail","6":"product_cat-dodaci-za-igre","7":"product_cat-pribor","8":"product_shipping_class-low-end","9":"pa_accessory-type-docking-station","10":"pa_brands-gpd","11":"pa_compatibility-gpd-win-4-hr","13":"first","14":"outofstock","15":"sale","16":"purchasable","17":"product-type-simple"},"acf":[],"aioseo_notices":[],"aioseo_head":"\n\t\t<!-- All in One SEO Pro 4.9.6.2 - aioseo.com -->\n\t<meta name=\"description\" content=\"Spremite i napunite svoj GPD WIN 4 Omogu\u0107uje vam pretvaranje Handhelda u punu radnu povr\u0161inu Pove\u017eite sve svoje periferne ure\u0111aje. Slu\u017ebeni GPD Proizvod dizajniran za GPD WIN 4 Malen, lagan i prenosiv. Paket uklju\u010duje 1x slu\u017ebena GPD WIN 4 docking stanica\" \/>\n\t<meta name=\"robots\" content=\"max-image-preview:large\" \/>\n\t<link rel=\"canonical\" href=\"https:\/\/droix.eu\/hr\/product\/gpd-win-4-prikljucna-stanica\/\" \/>\n\t<meta name=\"generator\" content=\"All in One SEO Pro (AIOSEO) 4.9.6.2\" \/>\n\t\t<meta property=\"og:locale\" content=\"hr_HR\" \/>\n\t\t<meta property=\"og:site_name\" content=\"DROIX EU - Get the latest Mini PCs, Ultrabook, PC Gaming Handhelds and more!\" \/>\n\t\t<meta property=\"og:type\" content=\"article\" \/>\n\t\t<meta property=\"og:title\" content=\"GPD WIN 4 pristani\u0161te - DROIX EU\" \/>\n\t\t<meta property=\"og:description\" content=\"Spremite i napunite svoj GPD WIN 4 Omogu\u0107uje vam pretvaranje Handhelda u punu radnu povr\u0161inu Pove\u017eite sve svoje periferne ure\u0111aje. Slu\u017ebeni GPD Proizvod dizajniran za GPD WIN 4 Malen, lagan i prenosiv. Paket uklju\u010duje 1x slu\u017ebena GPD WIN 4 docking stanica\" \/>\n\t\t<meta property=\"og:url\" content=\"https:\/\/droix.eu\/hr\/product\/gpd-win-4-prikljucna-stanica\/\" \/>\n\t\t<meta property=\"og:image\" content=\"https:\/\/droix.eu\/wp-content\/uploads\/2024\/06\/droix-v2-light-logo.png\" \/>\n\t\t<meta property=\"og:image:secure_url\" content=\"https:\/\/droix.eu\/wp-content\/uploads\/2024\/06\/droix-v2-light-logo.png\" \/>\n\t\t<meta property=\"og:image:width\" content=\"380\" \/>\n\t\t<meta property=\"og:image:height\" content=\"118\" \/>\n\t\t<meta property=\"article:published_time\" content=\"2023-04-24T11:53:34+00:00\" \/>\n\t\t<meta property=\"article:modified_time\" content=\"2026-04-23T13:18:10+00:00\" \/>\n\t\t<meta property=\"article:publisher\" content=\"https:\/\/www.facebook.com\/DroiX.Store\" \/>\n\t\t<meta name=\"twitter:card\" content=\"summary_large_image\" \/>\n\t\t<meta name=\"twitter:site\" content=\"@DroiX_Store\" \/>\n\t\t<meta name=\"twitter:title\" content=\"GPD WIN 4 pristani\u0161te - DROIX EU\" \/>\n\t\t<meta name=\"twitter:description\" content=\"Spremite i napunite svoj GPD WIN 4 Omogu\u0107uje vam pretvaranje Handhelda u punu radnu povr\u0161inu Pove\u017eite sve svoje periferne ure\u0111aje. Slu\u017ebeni GPD Proizvod dizajniran za GPD WIN 4 Malen, lagan i prenosiv. Paket uklju\u010duje 1x slu\u017ebena GPD WIN 4 docking stanica\" \/>\n\t\t<meta name=\"twitter:image\" content=\"https:\/\/droix.eu\/wp-content\/uploads\/2024\/06\/droix-v2-light-logo.png\" \/>\n\t\t<script type=\"application\/ld+json\" class=\"aioseo-schema\">\n\t\t\t{\"@context\":\"https:\\\/\\\/schema.org\",\"@graph\":[{\"@type\":\"BreadcrumbList\",\"@id\":\"https:\\\/\\\/droix.eu\\\/hr\\\/product\\\/gpd-win-4-prikljucna-stanica\\\/#breadcrumblist\",\"itemListElement\":[{\"@type\":\"ListItem\",\"@id\":\"https:\\\/\\\/droix.eu\\\/hr\\\/#listItem\",\"position\":1,\"name\":\"Home\",\"item\":\"https:\\\/\\\/droix.eu\\\/hr\\\/\",\"nextItem\":{\"@type\":\"ListItem\",\"@id\":\"https:\\\/\\\/droix.eu\\\/hr\\\/product-category\\\/pribor\\\/#listItem\",\"name\":\"Pribor\"}},{\"@type\":\"ListItem\",\"@id\":\"https:\\\/\\\/droix.eu\\\/hr\\\/product-category\\\/pribor\\\/#listItem\",\"position\":2,\"name\":\"Pribor\",\"item\":\"https:\\\/\\\/droix.eu\\\/hr\\\/product-category\\\/pribor\\\/\",\"nextItem\":{\"@type\":\"ListItem\",\"@id\":\"https:\\\/\\\/droix.eu\\\/hr\\\/product-category\\\/pribor\\\/dodaci-za-igre\\\/#listItem\",\"name\":\"Dodaci za igre\"},\"previousItem\":{\"@type\":\"ListItem\",\"@id\":\"https:\\\/\\\/droix.eu\\\/hr\\\/#listItem\",\"name\":\"Home\"}},{\"@type\":\"ListItem\",\"@id\":\"https:\\\/\\\/droix.eu\\\/hr\\\/product-category\\\/pribor\\\/dodaci-za-igre\\\/#listItem\",\"position\":3,\"name\":\"Dodaci za igre\",\"item\":\"https:\\\/\\\/droix.eu\\\/hr\\\/product-category\\\/pribor\\\/dodaci-za-igre\\\/\",\"nextItem\":{\"@type\":\"ListItem\",\"@id\":\"https:\\\/\\\/droix.eu\\\/hr\\\/product\\\/gpd-win-4-prikljucna-stanica\\\/#listItem\",\"name\":\"GPD WIN 4 pristani\\u0161te\"},\"previousItem\":{\"@type\":\"ListItem\",\"@id\":\"https:\\\/\\\/droix.eu\\\/hr\\\/product-category\\\/pribor\\\/#listItem\",\"name\":\"Pribor\"}},{\"@type\":\"ListItem\",\"@id\":\"https:\\\/\\\/droix.eu\\\/hr\\\/product\\\/gpd-win-4-prikljucna-stanica\\\/#listItem\",\"position\":4,\"name\":\"GPD WIN 4 pristani\\u0161te\",\"previousItem\":{\"@type\":\"ListItem\",\"@id\":\"https:\\\/\\\/droix.eu\\\/hr\\\/product-category\\\/pribor\\\/dodaci-za-igre\\\/#listItem\",\"name\":\"Dodaci za igre\"}}]},{\"@type\":\"Organization\",\"@id\":\"https:\\\/\\\/droix.eu\\\/hr\\\/#organization\",\"name\":\"DroiX \\u2013 Trusted EU Tech Retailer with 12+ Years Experience\",\"description\":\"DroiX is a leading European technology retailer with over 12 years of experience, offering quality mini PCs, handheld gaming consoles, and tech accessories. We provide hassle-free EU delivery with all taxes included, ensuring a smooth and reliable shopping experience for our customers across Europe.\",\"url\":\"https:\\\/\\\/droix.eu\\\/hr\\\/\",\"logo\":{\"@type\":\"ImageObject\",\"url\":\"https:\\\/\\\/droix.eu\\\/wp-content\\\/uploads\\\/2024\\\/06\\\/droix-v2-light-logo.png\",\"@id\":\"https:\\\/\\\/droix.eu\\\/hr\\\/product\\\/gpd-win-4-prikljucna-stanica\\\/#organizationLogo\",\"width\":380,\"height\":118},\"image\":{\"@id\":\"https:\\\/\\\/droix.eu\\\/hr\\\/product\\\/gpd-win-4-prikljucna-stanica\\\/#organizationLogo\"},\"sameAs\":[\"https:\\\/\\\/www.facebook.com\\\/DroiX.Store\",\"https:\\\/\\\/twitter.com\\\/DroiX_Store\",\"https:\\\/\\\/www.instagram.com\\\/droix.store\\\/\",\"https:\\\/\\\/www.tiktok.com\\\/@droix.store\",\"https:\\\/\\\/www.youtube.com\\\/c\\\/DroiX_Store\",\"https:\\\/\\\/uk.linkedin.com\\\/company\\\/droix\"]},{\"@type\":\"Product\",\"@id\":\"https:\\\/\\\/droix.eu\\\/hr\\\/product\\\/gpd-win-4-prikljucna-stanica\\\/#wooCommerceProduct\",\"name\":\"GPD WIN 4 pristani\\u0161te\",\"description\":\"Spremite i napunite svoj GPD WIN 4\\nOmogu\\u0107uje vam pretvaranje Handhelda u punu radnu povr\\u0161inu\\nPove\\u017eite sve svoje periferne ure\\u0111aje.\\nSlu\\u017ebeni GPD Proizvod dizajniran za GPD WIN 4\\nMalen, lagan i prenosiv.\",\"url\":\"https:\\\/\\\/droix.eu\\\/hr\\\/product\\\/gpd-win-4-prikljucna-stanica\\\/\",\"sku\":\"GPD-WIN_4-DOCKING-STATION\",\"gtin\":\"5060763674660\",\"image\":{\"@type\":\"ImageObject\",\"url\":\"https:\\\/\\\/droix.eu\\\/wp-content\\\/uploads\\\/2023\\\/04\\\/6664315main-win4-docking.png\",\"@id\":\"https:\\\/\\\/droix.eu\\\/hr\\\/product\\\/gpd-win-4-prikljucna-stanica\\\/#productImage\",\"width\":1000,\"height\":1000},\"offers\":{\"@type\":\"Offer\",\"url\":\"https:\\\/\\\/droix.eu\\\/hr\\\/product\\\/gpd-win-4-prikljucna-stanica\\\/#wooCommerceOffer\",\"price\":52.95,\"priceCurrency\":\"EUR\",\"category\":\"Dodaci za igre\",\"availability\":\"https:\\\/\\\/schema.org\\\/OutOfStock\",\"priceSpecification\":{\"@type\":\"PriceSpecification\",\"price\":52.95,\"priceCurrency\":\"EUR\",\"valueAddedTaxIncluded\":\"true\"},\"seller\":{\"@type\":\"Organization\",\"@id\":\"https:\\\/\\\/droix.eu\\\/hr\\\/#organization\"}}},{\"@type\":\"WebPage\",\"@id\":\"https:\\\/\\\/droix.eu\\\/hr\\\/product\\\/gpd-win-4-prikljucna-stanica\\\/#webpage\",\"url\":\"https:\\\/\\\/droix.eu\\\/hr\\\/product\\\/gpd-win-4-prikljucna-stanica\\\/\",\"name\":\"GPD WIN 4 pristani\\u0161te - DROIX EU\",\"description\":\"Spremite i napunite svoj GPD WIN 4 Omogu\\u0107uje vam pretvaranje Handhelda u punu radnu povr\\u0161inu Pove\\u017eite sve svoje periferne ure\\u0111aje. Slu\\u017ebeni GPD Proizvod dizajniran za GPD WIN 4 Malen, lagan i prenosiv. Paket uklju\\u010duje 1x slu\\u017ebena GPD WIN 4 docking stanica\",\"inLanguage\":\"hr\",\"isPartOf\":{\"@id\":\"https:\\\/\\\/droix.eu\\\/hr\\\/#website\"},\"breadcrumb\":{\"@id\":\"https:\\\/\\\/droix.eu\\\/hr\\\/product\\\/gpd-win-4-prikljucna-stanica\\\/#breadcrumblist\"},\"image\":{\"@type\":\"ImageObject\",\"url\":\"https:\\\/\\\/droix.eu\\\/wp-content\\\/uploads\\\/2023\\\/04\\\/6664315main-win4-docking.png\",\"@id\":\"https:\\\/\\\/droix.eu\\\/hr\\\/product\\\/gpd-win-4-prikljucna-stanica\\\/#mainImage\",\"width\":1000,\"height\":1000},\"primaryImageOfPage\":{\"@id\":\"https:\\\/\\\/droix.eu\\\/hr\\\/product\\\/gpd-win-4-prikljucna-stanica\\\/#mainImage\"},\"datePublished\":\"2023-04-24T12:53:34+01:00\",\"dateModified\":\"2026-04-23T14:18:10+01:00\"},{\"@type\":\"WebSite\",\"@id\":\"https:\\\/\\\/droix.eu\\\/hr\\\/#website\",\"url\":\"https:\\\/\\\/droix.eu\\\/hr\\\/\",\"name\":\"DROIX EU\",\"description\":\"Get the latest Mini PCs, Ultrabook, PC Gaming Handhelds and more!\",\"inLanguage\":\"hr\",\"publisher\":{\"@id\":\"https:\\\/\\\/droix.eu\\\/hr\\\/#organization\"}}]}\n\t\t<\/script>\n\t\t<!-- All in One SEO Pro -->\r\n\t\t<title>GPD WIN 4 pristani\u0161te - DROIX EU<\/title>\n\n","aioseo_head_json":{"title":"GPD WIN 4 pristani\u0161te - DROIX EU","description":"Spremite i napunite svoj GPD WIN 4 Omogu\u0107uje vam pretvaranje Handhelda u punu radnu povr\u0161inu Pove\u017eite sve svoje periferne ure\u0111aje. Slu\u017ebeni GPD Proizvod dizajniran za GPD WIN 4 Malen, lagan i prenosiv. Paket uklju\u010duje 1x slu\u017ebena GPD WIN 4 docking stanica","canonical_url":"https:\/\/droix.eu\/hr\/product\/gpd-win-4-prikljucna-stanica\/","robots":"max-image-preview:large","keywords":"","webmasterTools":{"miscellaneous":""},"schema":{"@context":"https:\/\/schema.org","@graph":[{"@type":"BreadcrumbList","@id":"https:\/\/droix.eu\/hr\/product\/gpd-win-4-prikljucna-stanica\/#breadcrumblist","itemListElement":[{"@type":"ListItem","@id":"https:\/\/droix.eu\/hr\/#listItem","position":1,"name":"Home","item":"https:\/\/droix.eu\/hr\/","nextItem":{"@type":"ListItem","@id":"https:\/\/droix.eu\/hr\/product-category\/pribor\/#listItem","name":"Pribor"}},{"@type":"ListItem","@id":"https:\/\/droix.eu\/hr\/product-category\/pribor\/#listItem","position":2,"name":"Pribor","item":"https:\/\/droix.eu\/hr\/product-category\/pribor\/","nextItem":{"@type":"ListItem","@id":"https:\/\/droix.eu\/hr\/product-category\/pribor\/dodaci-za-igre\/#listItem","name":"Dodaci za igre"},"previousItem":{"@type":"ListItem","@id":"https:\/\/droix.eu\/hr\/#listItem","name":"Home"}},{"@type":"ListItem","@id":"https:\/\/droix.eu\/hr\/product-category\/pribor\/dodaci-za-igre\/#listItem","position":3,"name":"Dodaci za igre","item":"https:\/\/droix.eu\/hr\/product-category\/pribor\/dodaci-za-igre\/","nextItem":{"@type":"ListItem","@id":"https:\/\/droix.eu\/hr\/product\/gpd-win-4-prikljucna-stanica\/#listItem","name":"GPD WIN 4 pristani\u0161te"},"previousItem":{"@type":"ListItem","@id":"https:\/\/droix.eu\/hr\/product-category\/pribor\/#listItem","name":"Pribor"}},{"@type":"ListItem","@id":"https:\/\/droix.eu\/hr\/product\/gpd-win-4-prikljucna-stanica\/#listItem","position":4,"name":"GPD WIN 4 pristani\u0161te","previousItem":{"@type":"ListItem","@id":"https:\/\/droix.eu\/hr\/product-category\/pribor\/dodaci-za-igre\/#listItem","name":"Dodaci za igre"}}]},{"@type":"Organization","@id":"https:\/\/droix.eu\/hr\/#organization","name":"DroiX \u2013 Trusted EU Tech Retailer with 12+ Years Experience","description":"DroiX is a leading European technology retailer with over 12 years of experience, offering quality mini PCs, handheld gaming consoles, and tech accessories. We provide hassle-free EU delivery with all taxes included, ensuring a smooth and reliable shopping experience for our customers across Europe.","url":"https:\/\/droix.eu\/hr\/","logo":{"@type":"ImageObject","url":"https:\/\/droix.eu\/wp-content\/uploads\/2024\/06\/droix-v2-light-logo.png","@id":"https:\/\/droix.eu\/hr\/product\/gpd-win-4-prikljucna-stanica\/#organizationLogo","width":380,"height":118},"image":{"@id":"https:\/\/droix.eu\/hr\/product\/gpd-win-4-prikljucna-stanica\/#organizationLogo"},"sameAs":["https:\/\/www.facebook.com\/DroiX.Store","https:\/\/twitter.com\/DroiX_Store","https:\/\/www.instagram.com\/droix.store\/","https:\/\/www.tiktok.com\/@droix.store","https:\/\/www.youtube.com\/c\/DroiX_Store","https:\/\/uk.linkedin.com\/company\/droix"]},{"@type":"Product","@id":"https:\/\/droix.eu\/hr\/product\/gpd-win-4-prikljucna-stanica\/#wooCommerceProduct","name":"GPD WIN 4 pristani\u0161te","description":"Spremite i napunite svoj GPD WIN 4\nOmogu\u0107uje vam pretvaranje Handhelda u punu radnu povr\u0161inu\nPove\u017eite sve svoje periferne ure\u0111aje.\nSlu\u017ebeni GPD Proizvod dizajniran za GPD WIN 4\nMalen, lagan i prenosiv.","url":"https:\/\/droix.eu\/hr\/product\/gpd-win-4-prikljucna-stanica\/","sku":"GPD-WIN_4-DOCKING-STATION","gtin":"5060763674660","image":{"@type":"ImageObject","url":"https:\/\/droix.eu\/wp-content\/uploads\/2023\/04\/6664315main-win4-docking.png","@id":"https:\/\/droix.eu\/hr\/product\/gpd-win-4-prikljucna-stanica\/#productImage","width":1000,"height":1000},"offers":{"@type":"Offer","url":"https:\/\/droix.eu\/hr\/product\/gpd-win-4-prikljucna-stanica\/#wooCommerceOffer","price":52.95,"priceCurrency":"EUR","category":"Dodaci za igre","availability":"https:\/\/schema.org\/OutOfStock","priceSpecification":{"@type":"PriceSpecification","price":52.95,"priceCurrency":"EUR","valueAddedTaxIncluded":"true"},"seller":{"@type":"Organization","@id":"https:\/\/droix.eu\/hr\/#organization"}}},{"@type":"WebPage","@id":"https:\/\/droix.eu\/hr\/product\/gpd-win-4-prikljucna-stanica\/#webpage","url":"https:\/\/droix.eu\/hr\/product\/gpd-win-4-prikljucna-stanica\/","name":"GPD WIN 4 pristani\u0161te - DROIX EU","description":"Spremite i napunite svoj GPD WIN 4 Omogu\u0107uje vam pretvaranje Handhelda u punu radnu povr\u0161inu Pove\u017eite sve svoje periferne ure\u0111aje. Slu\u017ebeni GPD Proizvod dizajniran za GPD WIN 4 Malen, lagan i prenosiv. Paket uklju\u010duje 1x slu\u017ebena GPD WIN 4 docking stanica","inLanguage":"hr","isPartOf":{"@id":"https:\/\/droix.eu\/hr\/#website"},"breadcrumb":{"@id":"https:\/\/droix.eu\/hr\/product\/gpd-win-4-prikljucna-stanica\/#breadcrumblist"},"image":{"@type":"ImageObject","url":"https:\/\/droix.eu\/wp-content\/uploads\/2023\/04\/6664315main-win4-docking.png","@id":"https:\/\/droix.eu\/hr\/product\/gpd-win-4-prikljucna-stanica\/#mainImage","width":1000,"height":1000},"primaryImageOfPage":{"@id":"https:\/\/droix.eu\/hr\/product\/gpd-win-4-prikljucna-stanica\/#mainImage"},"datePublished":"2023-04-24T12:53:34+01:00","dateModified":"2026-04-23T14:18:10+01:00"},{"@type":"WebSite","@id":"https:\/\/droix.eu\/hr\/#website","url":"https:\/\/droix.eu\/hr\/","name":"DROIX EU","description":"Get the latest Mini PCs, Ultrabook, PC Gaming Handhelds and more!","inLanguage":"hr","publisher":{"@id":"https:\/\/droix.eu\/hr\/#organization"}}]},"og:locale":"hr_HR","og:site_name":"DROIX EU - Get the latest Mini PCs, Ultrabook, PC Gaming Handhelds and more!","og:type":"article","og:title":"GPD WIN 4 pristani\u0161te - DROIX EU","og:description":"Spremite i napunite svoj GPD WIN 4 Omogu\u0107uje vam pretvaranje Handhelda u punu radnu povr\u0161inu Pove\u017eite sve svoje periferne ure\u0111aje. Slu\u017ebeni GPD Proizvod dizajniran za GPD WIN 4 Malen, lagan i prenosiv. Paket uklju\u010duje 1x slu\u017ebena GPD WIN 4 docking stanica","og:url":"https:\/\/droix.eu\/hr\/product\/gpd-win-4-prikljucna-stanica\/","og:image":"https:\/\/droix.eu\/wp-content\/uploads\/2024\/06\/droix-v2-light-logo.png","og:image:secure_url":"https:\/\/droix.eu\/wp-content\/uploads\/2024\/06\/droix-v2-light-logo.png","og:image:width":380,"og:image:height":118,"article:published_time":"2023-04-24T11:53:34+00:00","article:modified_time":"2026-04-23T13:18:10+00:00","article:publisher":"https:\/\/www.facebook.com\/DroiX.Store","twitter:card":"summary_large_image","twitter:site":"@DroiX_Store","twitter:title":"GPD WIN 4 pristani\u0161te - DROIX EU","twitter:description":"Spremite i napunite svoj GPD WIN 4 Omogu\u0107uje vam pretvaranje Handhelda u punu radnu povr\u0161inu Pove\u017eite sve svoje periferne ure\u0111aje. Slu\u017ebeni GPD Proizvod dizajniran za GPD WIN 4 Malen, lagan i prenosiv. Paket uklju\u010duje 1x slu\u017ebena GPD WIN 4 docking stanica","twitter:image":"https:\/\/droix.eu\/wp-content\/uploads\/2024\/06\/droix-v2-light-logo.png"},"aioseo_meta_data":{"post_id":"634467","title":null,"description":null,"keywords":null,"keyphrases":null,"primary_term":null,"canonical_url":null,"og_title":null,"og_description":null,"og_object_type":"default","og_image_type":"default","og_image_url":null,"og_image_width":null,"og_image_height":null,"og_image_custom_url":null,"og_image_custom_fields":null,"og_video":null,"og_custom_url":null,"og_article_section":null,"og_article_tags":null,"twitter_use_og":true,"twitter_card":"default","twitter_image_type":"default","twitter_image_url":null,"twitter_image_custom_url":null,"twitter_image_custom_fields":null,"twitter_title":null,"twitter_description":null,"schema":{"blockGraphs":[],"customGraphs":[],"default":{"data":{"Article":[],"Course":[],"Dataset":[],"FAQPage":[],"Movie":[],"Person":[],"Product":[],"ProductReview":[],"Car":[],"Recipe":[],"Service":[],"SoftwareApplication":[],"WebPage":[]},"graphName":"Product","isEnabled":true},"graphs":[]},"schema_type":"default","schema_type_options":null,"pillar_content":false,"robots_default":true,"robots_noindex":false,"robots_noarchive":false,"robots_nosnippet":false,"robots_nofollow":false,"robots_noimageindex":false,"robots_noodp":false,"robots_notranslate":false,"robots_max_snippet":null,"robots_max_videopreview":null,"robots_max_imagepreview":"large","priority":null,"frequency":null,"local_seo":null,"seo_analyzer_scan_date":"2026-04-23 14:41:00","breadcrumb_settings":null,"limit_modified_date":false,"reviewed_by":null,"open_ai":null,"ai":null,"created":"2025-10-09 04:15:53","updated":"2026-04-23 16:49:27"},"aioseo_breadcrumb":"<div class=\"aioseo-breadcrumbs\"><span class=\"aioseo-breadcrumb\">\n\t<a href=\"https:\/\/droix.eu\/hr\/\" title=\"Home\">Home<\/a>\n<\/span><span class=\"aioseo-breadcrumb-separator\">&raquo;<\/span><span class=\"aioseo-breadcrumb\">\n\t<a href=\"https:\/\/droix.eu\/hr\/product-category\/pribor\/\" title=\"Pribor\">Pribor<\/a>\n<\/span><span class=\"aioseo-breadcrumb-separator\">&raquo;<\/span><span class=\"aioseo-breadcrumb\">\n\t<a href=\"https:\/\/droix.eu\/hr\/product-category\/pribor\/dodaci-za-igre\/\" title=\"Dodaci za igre\">Dodaci za igre<\/a>\n<\/span><span class=\"aioseo-breadcrumb-separator\">&raquo;<\/span><span class=\"aioseo-breadcrumb\">\n\tGPD WIN 4 pristani\u0161te\n<\/span><\/div>","aioseo_breadcrumb_json":[{"label":"Home","link":"https:\/\/droix.eu\/hr\/"},{"label":"Pribor","link":"https:\/\/droix.eu\/hr\/product-category\/pribor\/"},{"label":"Dodaci za igre","link":"https:\/\/droix.eu\/hr\/product-category\/pribor\/dodaci-za-igre\/"},{"label":"GPD WIN 4 pristani\u0161te","link":"https:\/\/droix.eu\/hr\/product\/gpd-win-4-prikljucna-stanica\/"}],"_links":{"self":[{"href":"https:\/\/droix.eu\/hr\/wp-json\/wp\/v2\/product\/634467","targetHints":{"allow":["GET"]}}],"collection":[{"href":"https:\/\/droix.eu\/hr\/wp-json\/wp\/v2\/product"}],"about":[{"href":"https:\/\/droix.eu\/hr\/wp-json\/wp\/v2\/types\/product"}],"version-history":[{"count":0,"href":"https:\/\/droix.eu\/hr\/wp-json\/wp\/v2\/product\/634467\/revisions"}],"wp:featuredmedia":[{"embeddable":true,"href":"https:\/\/droix.eu\/hr\/wp-json\/wp\/v2\/media\/364508"}],"wp:attachment":[{"href":"https:\/\/droix.eu\/hr\/wp-json\/wp\/v2\/media?parent=634467"}],"wp:term":[{"taxonomy":"product_brand","embeddable":true,"href":"https:\/\/droix.eu\/hr\/wp-json\/wp\/v2\/product_brand?post=634467"},{"taxonomy":"product_cat","embeddable":true,"href":"https:\/\/droix.eu\/hr\/wp-json\/wp\/v2\/product_cat?post=634467"},{"taxonomy":"product_tag","embeddable":true,"href":"https:\/\/droix.eu\/hr\/wp-json\/wp\/v2\/product_tag?post=634467"},{"taxonomy":"woo-feed-brand","embeddable":true,"href":"https:\/\/droix.eu\/hr\/wp-json\/wp\/v2\/woo-feed-brand?post=634467"},{"taxonomy":"key-features","embeddable":true,"href":"https:\/\/droix.eu\/hr\/wp-json\/wp\/v2\/key-features?post=634467"}],"curies":[{"name":"wp","href":"https:\/\/api.w.org\/{rel}","templated":true}]}}